{"id":8914,"date":"2024-08-18T07:58:43","date_gmt":"2024-08-18T07:58:43","guid":{"rendered":"https:\/\/dekkal-quincaillerie.dz\/fr\/?post_type=product&#038;p=8914"},"modified":"2025-07-01T10:50:30","modified_gmt":"2025-07-01T10:50:30","slug":"pompe-a-eau-apm37-leo-prix-reduit","status":"publish","type":"product","link":"https:\/\/dekkal-quincaillerie.dz\/fr\/produit\/pompe-a-eau-apm37-leo-prix-reduit\/","title":{"rendered":"POMPE A EAU APM37 LEO"},"content":{"rendered":"<h1><strong data-start=\"272\" data-end=\"299\"><em data-start=\"274\" data-end=\"297\">Pompe a eau LEO APM37<\/em><\/strong> \u2013 Performante, fiable et pens\u00e9e pour durer<\/h1>\n<p>La <em><strong>Pompe a eau LEO APM37\u00a0<\/strong><\/em>est un mod\u00e8le \u00e9lectrique monophas\u00e9 de 370 w, con\u00e7u pour le transfert et la <em><strong>distribution d&rsquo;eau propre<\/strong><\/em> dans les usages domestiques. Gr\u00e2ce \u00e0 sa conception compacte et sa motorisation performante, elle convient parfaitement \u00e0 l&rsquo;alimentation de syst\u00e8mes d&rsquo;arrosage, de r\u00e9servoirs, ou de petites installations agricoles.<\/p>\n<p>Id\u00e9al pour puiser de l&rsquo;eau \u00e0 partir de puits peu profond ou citernes, la LEO APM37 assure un d\u00e9bit r\u00e9gulier et une pression constante, tout en r\u00e9duisant, tout en r\u00e9duisant la consommation d&rsquo;\u00e9nergie.<\/p>\n<h2 data-start=\"1009\" data-end=\"1073\"><strong data-start=\"1012\" data-end=\"1073\"><em data-start=\"1014\" data-end=\"1071\">Caract\u00e9ristiques techniques de la pompe \u00e0 eau LEO APM37<\/em><\/strong><\/h2>\n<p>Cet pompe embarque une s\u00e9rie de sp\u00e9cification techniques pens\u00e9es pour optimiser le performance et la long\u00e9vit\u00e9 :<\/p>\n<ul>\n<li>Tension : 220V-50Hz<\/li>\n<li>Puissance : 370w (0.5Hp)<\/li>\n<li>D\u00e9bit max : 35 l\/min<\/li>\n<li>Hauteur max de refoulement : 35 m<\/li>\n<li>Hauteur d&rsquo;aspiration : jusqu&rsquo;\u00e0 8 m<\/li>\n<li>Type de liquide : propre, clair, sans particule abrasives<\/li>\n<li>Corps de pompe : En fonte r\u00e9sistante \u00e0 la corrosion<\/li>\n<li>Temp\u00e9rature du liquide : Max 40<\/li>\n<li>Protection moteur : IPX4<\/li>\n<\/ul>\n<h2 data-start=\"1009\" data-end=\"1073\">Installation facile de votre <strong>\u00e9lectropompe<\/strong> LEO APM37<\/h2>\n<p data-start=\"1075\" data-end=\"1203\">Installez cette unit\u00e9 de pompage, dans un endroit sec, bien ventil\u00e9, \u00e0 l&rsquo;abri des intemp\u00e9ries. Fixez-la sur une surface plane et rigide \u00e0 l&rsquo;aide de boulon pour limiter les vibrations.<\/p>\n<p data-start=\"1075\" data-end=\"1203\">Pour optimiser les performance :<\/p>\n<ul>\n<li data-start=\"1075\" data-end=\"1203\">Positionnez la pompe horizontalement pour garantir le bon alignement des roulements.<\/li>\n<li data-start=\"1075\" data-end=\"1203\">Utilisez un tuyau d&rsquo;aspiration au diam\u00e8tre \u00e9gal ou sup\u00e9rieur \u00e0 celui de l&rsquo;orifice.<\/li>\n<li data-start=\"1075\" data-end=\"1203\">Maintenez une l\u00e9g\u00e8re pente ascendante vers l&rsquo;entr\u00e9e de la pompe pour \u00e9viter les poches d&rsquo;aire.<\/li>\n<\/ul>\n<h3 data-start=\"1009\" data-end=\"1073\">Mise en marche et entretient<\/h3>\n<p>Avant la premier utilisation, remplissez la<em><strong> pompe<\/strong><\/em> avec de l&rsquo;eau propre\u00a0 pour un amor\u00e7age efficace. Ne jamais le faire tourner \u00e0 sec, cela pourrait endommager le moteur.<\/p>\n<p data-start=\"2641\" data-end=\"2666\">\ud83d\udd27 <strong data-start=\"2644\" data-end=\"2664\">Entretien simple<\/strong> :<\/p>\n<ul>\n<li data-start=\"2641\" data-end=\"2666\">V\u00e9rifiez r\u00e9guli\u00e8rement l&rsquo;\u00e9tat des raccords et du filtre.<\/li>\n<li data-start=\"2641\" data-end=\"2666\">Nettoyer l&rsquo;int\u00e9rieur si la pompe reste inutilis\u00e9e pendant une longue p\u00e9riode.<\/li>\n<li data-start=\"2641\" data-end=\"2666\">Prot\u00e9gez-la du gel en hiver.<\/li>\n<\/ul>\n<p>Gr\u00e2ce \u00e0 son design accessible et ses composantes r\u00e9sistants, La <em><strong>LEO APM37<\/strong>\u00a0<\/em>exige peu de maintenance et assure une longue dur\u00e9e de vie.<\/p>\n","protected":false},"excerpt":{"rendered":"<p>Pompe a eau LEO APM37 \u2013 Performante, fiable et pens\u00e9e pour durer La Pompe a eau LEO APM37\u00a0est un mod\u00e8le \u00e9lectrique monophas\u00e9 de 370 w, con\u00e7u pour le transfert et la distribution d&rsquo;eau propre dans les usages domestiques. Gr\u00e2ce \u00e0 sa conception compacte et sa motorisation performante, elle convient parfaitement \u00e0 l&rsquo;alimentation de syst\u00e8mes d&rsquo;arrosage, [&hellip;]<\/p>\n","protected":false},"featured_media":12441,"template":"","meta":[],"product_brand":[1227],"product_cat":[1144,251,455],"product_tag":[1061,1145],"class_list":{"0":"post-8914","1":"product","2":"type-product","3":"status-publish","4":"has-post-thumbnail","6":"product_brand-leo","7":"product_cat-citerne","8":"product_cat-plomberie","9":"product_cat-pompe-a-eau","10":"product_tag-leo","11":"product_tag-pompe-a-eau","13":"first","14":"instock","15":"taxable","16":"shipping-taxable","17":"purchasable","18":"product-type-simple"},"yoast_head":"<!-- This site is optimized with the Yoast SEO Premium plugin v20.0 (Yoast SEO v27.4) - https:\/\/yoast.com\/product\/yoast-seo-premium-wordpress\/ -->\n<title>Pompe a eau LEO APM37 en Alg\u00e9rie<\/title>\n<meta name=\"description\" content=\"Optez pour la pompe a eau leo APM37 fiable, silencieuse et facile \u00e0 installez chez vous. commandez-d\u00e8s maintenant ou contactez-nous au 0561792859.\" \/>\n<meta name=\"robots\" content=\"index, follow, max-snippet:-1, max-image-preview:large, max-video-preview:-1\" \/>\n<link rel=\"canonical\" href=\"https:\/\/dekkal-quincaillerie.dz\/fr\/produit\/pompe-a-eau-apm37-leo-prix-reduit\/\" \/>\n<script type=\"application\/ld+json\" class=\"yoast-schema-graph\">{\"@context\":\"https:\\\/\\\/schema.org\",\"@graph\":[{\"@type\":\"WebPage\",\"@id\":\"https:\\\/\\\/dekkal-quincaillerie.dz\\\/fr\\\/produit\\\/pompe-a-eau-apm37-leo-prix-reduit\\\/\",\"url\":\"https:\\\/\\\/dekkal-quincaillerie.dz\\\/fr\\\/produit\\\/pompe-a-eau-apm37-leo-prix-reduit\\\/\",\"name\":\"Pompe a eau LEO APM37 en Alg\u00e9rie\",\"isPartOf\":{\"@id\":\"https:\\\/\\\/dekkal-quincaillerie.dz\\\/fr\\\/#website\"},\"primaryImageOfPage\":{\"@id\":\"https:\\\/\\\/dekkal-quincaillerie.dz\\\/fr\\\/produit\\\/pompe-a-eau-apm37-leo-prix-reduit\\\/#primaryimage\"},\"image\":{\"@id\":\"https:\\\/\\\/dekkal-quincaillerie.dz\\\/fr\\\/produit\\\/pompe-a-eau-apm37-leo-prix-reduit\\\/#primaryimage\"},\"thumbnailUrl\":\"https:\\\/\\\/dekkal-quincaillerie.dz\\\/fr\\\/wp-content\\\/uploads\\\/2024\\\/08\\\/1000035089.avif\",\"datePublished\":\"2024-08-18T07:58:43+00:00\",\"dateModified\":\"2025-07-01T10:50:30+00:00\",\"description\":\"Optez pour la pompe a eau leo APM37 fiable, silencieuse et facile \u00e0 installez chez vous. commandez-d\u00e8s maintenant ou contactez-nous au 0561792859.\",\"breadcrumb\":{\"@id\":\"https:\\\/\\\/dekkal-quincaillerie.dz\\\/fr\\\/produit\\\/pompe-a-eau-apm37-leo-prix-reduit\\\/#breadcrumb\"},\"inLanguage\":\"fr-FR\",\"potentialAction\":[{\"@type\":\"ReadAction\",\"target\":[\"https:\\\/\\\/dekkal-quincaillerie.dz\\\/fr\\\/produit\\\/pompe-a-eau-apm37-leo-prix-reduit\\\/\"]}]},{\"@type\":\"ImageObject\",\"inLanguage\":\"fr-FR\",\"@id\":\"https:\\\/\\\/dekkal-quincaillerie.dz\\\/fr\\\/produit\\\/pompe-a-eau-apm37-leo-prix-reduit\\\/#primaryimage\",\"url\":\"https:\\\/\\\/dekkal-quincaillerie.dz\\\/fr\\\/wp-content\\\/uploads\\\/2024\\\/08\\\/1000035089.avif\",\"contentUrl\":\"https:\\\/\\\/dekkal-quincaillerie.dz\\\/fr\\\/wp-content\\\/uploads\\\/2024\\\/08\\\/1000035089.avif\",\"width\":470,\"height\":470,\"caption\":\"Pompe \u00e0 eau LEO APM37 \u2013 Id\u00e9ale pour installations domestiques, agricoles et d\u2019arrosage.\"},{\"@type\":\"BreadcrumbList\",\"@id\":\"https:\\\/\\\/dekkal-quincaillerie.dz\\\/fr\\\/produit\\\/pompe-a-eau-apm37-leo-prix-reduit\\\/#breadcrumb\",\"itemListElement\":[{\"@type\":\"ListItem\",\"position\":1,\"name\":\"Accueil\",\"item\":\"https:\\\/\\\/dekkal-quincaillerie.dz\\\/fr\\\/\"},{\"@type\":\"ListItem\",\"position\":2,\"name\":\"Boutique\",\"item\":\"https:\\\/\\\/dekkal-quincaillerie.dz\\\/fr\\\/boutique\\\/\"},{\"@type\":\"ListItem\",\"position\":3,\"name\":\"POMPE A EAU APM37 LEO\"}]},{\"@type\":\"WebSite\",\"@id\":\"https:\\\/\\\/dekkal-quincaillerie.dz\\\/fr\\\/#website\",\"url\":\"https:\\\/\\\/dekkal-quincaillerie.dz\\\/fr\\\/\",\"name\":\"DEKKAL\",\"description\":\"\",\"publisher\":{\"@id\":\"https:\\\/\\\/dekkal-quincaillerie.dz\\\/fr\\\/#organization\"},\"potentialAction\":[{\"@type\":\"SearchAction\",\"target\":{\"@type\":\"EntryPoint\",\"urlTemplate\":\"https:\\\/\\\/dekkal-quincaillerie.dz\\\/fr\\\/?s={search_term_string}\"},\"query-input\":{\"@type\":\"PropertyValueSpecification\",\"valueRequired\":true,\"valueName\":\"search_term_string\"}}],\"inLanguage\":\"fr-FR\"},{\"@type\":\"Organization\",\"@id\":\"https:\\\/\\\/dekkal-quincaillerie.dz\\\/fr\\\/#organization\",\"name\":\"DEKKAL QUINCAILLERIE\",\"url\":\"https:\\\/\\\/dekkal-quincaillerie.dz\\\/fr\\\/\",\"logo\":{\"@type\":\"ImageObject\",\"inLanguage\":\"fr-FR\",\"@id\":\"https:\\\/\\\/dekkal-quincaillerie.dz\\\/fr\\\/#\\\/schema\\\/logo\\\/image\\\/\",\"url\":\"https:\\\/\\\/dekkal-quincaillerie.dz\\\/fr\\\/wp-content\\\/uploads\\\/2022\\\/03\\\/image_2022-03-19_172411.png\",\"contentUrl\":\"https:\\\/\\\/dekkal-quincaillerie.dz\\\/fr\\\/wp-content\\\/uploads\\\/2022\\\/03\\\/image_2022-03-19_172411.png\",\"width\":851,\"height\":315,\"caption\":\"DEKKAL QUINCAILLERIE\"},\"image\":{\"@id\":\"https:\\\/\\\/dekkal-quincaillerie.dz\\\/fr\\\/#\\\/schema\\\/logo\\\/image\\\/\"},\"sameAs\":[\"https:\\\/\\\/www.facebook.com\\\/ets.dekkal.1\",\"https:\\\/\\\/www.instagram.com\\\/ets.dekkal\\\/\"]}]}<\/script>\n<!-- \/ Yoast SEO Premium plugin. -->","yoast_head_json":{"title":"Pompe a eau LEO APM37 en Alg\u00e9rie","description":"Optez pour la pompe a eau leo APM37 fiable, silencieuse et facile \u00e0 installez chez vous. commandez-d\u00e8s maintenant ou contactez-nous au 0561792859.","robots":{"index":"index","follow":"follow","max-snippet":"max-snippet:-1","max-image-preview":"max-image-preview:large","max-video-preview":"max-video-preview:-1"},"canonical":"https:\/\/dekkal-quincaillerie.dz\/fr\/produit\/pompe-a-eau-apm37-leo-prix-reduit\/","schema":{"@context":"https:\/\/schema.org","@graph":[{"@type":"WebPage","@id":"https:\/\/dekkal-quincaillerie.dz\/fr\/produit\/pompe-a-eau-apm37-leo-prix-reduit\/","url":"https:\/\/dekkal-quincaillerie.dz\/fr\/produit\/pompe-a-eau-apm37-leo-prix-reduit\/","name":"Pompe a eau LEO APM37 en Alg\u00e9rie","isPartOf":{"@id":"https:\/\/dekkal-quincaillerie.dz\/fr\/#website"},"primaryImageOfPage":{"@id":"https:\/\/dekkal-quincaillerie.dz\/fr\/produit\/pompe-a-eau-apm37-leo-prix-reduit\/#primaryimage"},"image":{"@id":"https:\/\/dekkal-quincaillerie.dz\/fr\/produit\/pompe-a-eau-apm37-leo-prix-reduit\/#primaryimage"},"thumbnailUrl":"https:\/\/dekkal-quincaillerie.dz\/fr\/wp-content\/uploads\/2024\/08\/1000035089.avif","datePublished":"2024-08-18T07:58:43+00:00","dateModified":"2025-07-01T10:50:30+00:00","description":"Optez pour la pompe a eau leo APM37 fiable, silencieuse et facile \u00e0 installez chez vous. commandez-d\u00e8s maintenant ou contactez-nous au 0561792859.","breadcrumb":{"@id":"https:\/\/dekkal-quincaillerie.dz\/fr\/produit\/pompe-a-eau-apm37-leo-prix-reduit\/#breadcrumb"},"inLanguage":"fr-FR","potentialAction":[{"@type":"ReadAction","target":["https:\/\/dekkal-quincaillerie.dz\/fr\/produit\/pompe-a-eau-apm37-leo-prix-reduit\/"]}]},{"@type":"ImageObject","inLanguage":"fr-FR","@id":"https:\/\/dekkal-quincaillerie.dz\/fr\/produit\/pompe-a-eau-apm37-leo-prix-reduit\/#primaryimage","url":"https:\/\/dekkal-quincaillerie.dz\/fr\/wp-content\/uploads\/2024\/08\/1000035089.avif","contentUrl":"https:\/\/dekkal-quincaillerie.dz\/fr\/wp-content\/uploads\/2024\/08\/1000035089.avif","width":470,"height":470,"caption":"Pompe \u00e0 eau LEO APM37 \u2013 Id\u00e9ale pour installations domestiques, agricoles et d\u2019arrosage."},{"@type":"BreadcrumbList","@id":"https:\/\/dekkal-quincaillerie.dz\/fr\/produit\/pompe-a-eau-apm37-leo-prix-reduit\/#breadcrumb","itemListElement":[{"@type":"ListItem","position":1,"name":"Accueil","item":"https:\/\/dekkal-quincaillerie.dz\/fr\/"},{"@type":"ListItem","position":2,"name":"Boutique","item":"https:\/\/dekkal-quincaillerie.dz\/fr\/boutique\/"},{"@type":"ListItem","position":3,"name":"POMPE A EAU APM37 LEO"}]},{"@type":"WebSite","@id":"https:\/\/dekkal-quincaillerie.dz\/fr\/#website","url":"https:\/\/dekkal-quincaillerie.dz\/fr\/","name":"DEKKAL","description":"","publisher":{"@id":"https:\/\/dekkal-quincaillerie.dz\/fr\/#organization"},"potentialAction":[{"@type":"SearchAction","target":{"@type":"EntryPoint","urlTemplate":"https:\/\/dekkal-quincaillerie.dz\/fr\/?s={search_term_string}"},"query-input":{"@type":"PropertyValueSpecification","valueRequired":true,"valueName":"search_term_string"}}],"inLanguage":"fr-FR"},{"@type":"Organization","@id":"https:\/\/dekkal-quincaillerie.dz\/fr\/#organization","name":"DEKKAL QUINCAILLERIE","url":"https:\/\/dekkal-quincaillerie.dz\/fr\/","logo":{"@type":"ImageObject","inLanguage":"fr-FR","@id":"https:\/\/dekkal-quincaillerie.dz\/fr\/#\/schema\/logo\/image\/","url":"https:\/\/dekkal-quincaillerie.dz\/fr\/wp-content\/uploads\/2022\/03\/image_2022-03-19_172411.png","contentUrl":"https:\/\/dekkal-quincaillerie.dz\/fr\/wp-content\/uploads\/2022\/03\/image_2022-03-19_172411.png","width":851,"height":315,"caption":"DEKKAL QUINCAILLERIE"},"image":{"@id":"https:\/\/dekkal-quincaillerie.dz\/fr\/#\/schema\/logo\/image\/"},"sameAs":["https:\/\/www.facebook.com\/ets.dekkal.1","https:\/\/www.instagram.com\/ets.dekkal\/"]}]}},"_links":{"self":[{"href":"https:\/\/dekkal-quincaillerie.dz\/fr\/wp-json\/wp\/v2\/product\/8914","targetHints":{"allow":["GET"]}}],"collection":[{"href":"https:\/\/dekkal-quincaillerie.dz\/fr\/wp-json\/wp\/v2\/product"}],"about":[{"href":"https:\/\/dekkal-quincaillerie.dz\/fr\/wp-json\/wp\/v2\/types\/product"}],"wp:featuredmedia":[{"embeddable":true,"href":"https:\/\/dekkal-quincaillerie.dz\/fr\/wp-json\/wp\/v2\/media\/12441"}],"wp:attachment":[{"href":"https:\/\/dekkal-quincaillerie.dz\/fr\/wp-json\/wp\/v2\/media?parent=8914"}],"wp:term":[{"taxonomy":"product_brand","embeddable":true,"href":"https:\/\/dekkal-quincaillerie.dz\/fr\/wp-json\/wp\/v2\/product_brand?post=8914"},{"taxonomy":"product_cat","embeddable":true,"href":"https:\/\/dekkal-quincaillerie.dz\/fr\/wp-json\/wp\/v2\/product_cat?post=8914"},{"taxonomy":"product_tag","embeddable":true,"href":"https:\/\/dekkal-quincaillerie.dz\/fr\/wp-json\/wp\/v2\/product_tag?post=8914"}],"curies":[{"name":"wp","href":"https:\/\/api.w.org\/{rel}","templated":true}]}}