{"id":8692,"date":"2024-06-29T15:31:11","date_gmt":"2024-06-29T15:31:11","guid":{"rendered":"https:\/\/dekkal-quincaillerie.dz\/fr\/?post_type=product&#038;p=8692"},"modified":"2025-03-22T07:18:40","modified_gmt":"2025-03-22T07:18:40","slug":"pince-a-sertir-pex-o-16-20-hd-10205-gshonda","status":"publish","type":"product","link":"https:\/\/dekkal-quincaillerie.dz\/fr\/produit\/pince-a-sertir-pex-o-16-20-hd-10205-gshonda\/","title":{"rendered":"PINCE A SERTIR PEX \u00d8 16-20 HD-10205 GSHONDA"},"content":{"rendered":"<h4><\/h4>\n<h4>PINCE A SERTIR PEX\u00a0 16-20 HD-10205 GSHONDA<\/h4>\n<p>&nbsp;<\/p>\n<h4><\/h4>\n<h4><\/h4>\n<p><strong>PINCE A SERTIR\u00a0PEX 16-20 HD-10205 GSHONDA<\/strong>\u00a0est un outil incontournable pour les professionnels de la plomberie et de l\u2019installation de tuyaux. Voici pourquoi vous devriez l\u2019ajouter \u00e0 votre \u00e9quipement :<\/p>\n<p><strong>Mat\u00e9riau de qualit\u00e9 sup\u00e9rieure<\/strong>\u00a0: Cette pince est fabriqu\u00e9e en acier 40CR, avec un processus de poin\u00e7onnage et de forgeage qui garantit sa robustesse et sa durabilit\u00e9.<\/p>\n<p><strong>Force de compression de 6 tonnes<\/strong>\u00a0: Gr\u00e2ce \u00e0 sa conception hydraulique, elle peut sertir les tubes en quelques secondes, ce qui r\u00e9duit les co\u00fbts de main-d\u2019\u0153uvre et acc\u00e9l\u00e8re les installations.<\/p>\n<p><strong>Design ergonomique<\/strong>\u00a0: La poign\u00e9e antid\u00e9rapante et isol\u00e9e assure une utilisation confortable,<\/p>\n<p>m\u00eame lors d\u2019une utilisation prolong\u00e9e. Vous pouvez travailler efficacement sans fatigue excessive.<\/p>\n<p><strong>Polyvalence<\/strong>\u00a0: Cette pince convient aux tuyaux PEX, PB et autres mat\u00e9riaux similaires.<\/p>\n<p>Elle vous permet de r\u00e9aliser des raccordements solides et fiables.<\/p>\n<p><strong>Fiabilit\u00e9 des raccordements<\/strong>\u00a0: Gr\u00e2ce \u00e0 sa force de compression de 6 tonnes, cette pince assure des raccordements solides et durables. Vous pouvez avoir confiance dans la qualit\u00e9 de vos installations.<\/p>\n<p><strong>Compatibilit\u00e9 avec diff\u00e9rents mat\u00e9riaux<\/strong>\u00a0: Outre les tuyaux PEX et PB, elle peut \u00e9galement \u00eatre utilis\u00e9e avec d\u2019autres mat\u00e9riaux similaires. Cela en fait un outil polyvalent pour diverses applications.<\/p>\n<p><strong>Gain de temps<\/strong>\u00a0: La conception hydraulique permet de sertir rapidement les tubes, ce qui acc\u00e9l\u00e8re le processus d\u2019installation. Vous \u00e9conomisez ainsi du temps et de l\u2019\u00e9nergie.<\/p>\n<p>En somme, la pince \u00e0 sertir PEX 16-20 HD-10205 GSHONDA est un investissement judicieux pour les professionnels qui cherchent \u00e0 optimiser leur travail de plomberie. Elle allie qualit\u00e9, performance et confort d\u2019utilisation.<\/p>\n","protected":false},"excerpt":{"rendered":"<p>PINCE A SERTIR PEX\u00a0 16-20 HD-10205 GSHONDA &nbsp; PINCE A SERTIR\u00a0PEX 16-20 HD-10205 GSHONDA\u00a0est un outil incontournable pour les professionnels de la plomberie et de l\u2019installation de tuyaux. Voici pourquoi vous devriez l\u2019ajouter \u00e0 votre \u00e9quipement : Mat\u00e9riau de qualit\u00e9 sup\u00e9rieure\u00a0: Cette pince est fabriqu\u00e9e en acier 40CR, avec un processus de poin\u00e7onnage et de [&hellip;]<\/p>\n","protected":false},"featured_media":8741,"template":"","meta":[],"product_brand":[],"product_cat":[1118],"product_tag":[1377,1376,1126],"class_list":{"0":"post-8692","1":"product","2":"type-product","3":"status-publish","4":"has-post-thumbnail","6":"product_cat-outillage","7":"product_tag-outil-de-plomberie","8":"product_tag-pex","9":"product_tag-pince-a-sertir","11":"first","12":"instock","13":"purchasable","14":"product-type-simple"},"yoast_head":"<!-- This site is optimized with the Yoast SEO Premium plugin v20.0 (Yoast SEO v27.4) - https:\/\/yoast.com\/product\/yoast-seo-premium-wordpress\/ -->\n<title>PINCE A SERTIR PEX\u00a0 16-20 HD-10205 GSHONDA DEKKAL<\/title>\n<meta name=\"description\" content=\"La pince \u00e0 sertir PEX \u00d8 16-20 HD-10205 GSHONDA est un outil professionnel de haute qualit ,Contactez-nous au T\u00e9l.: 0561.79.28.59.\" \/>\n<meta name=\"robots\" content=\"index, follow, max-snippet:-1, max-image-preview:large, max-video-preview:-1\" \/>\n<link rel=\"canonical\" href=\"https:\/\/dekkal-quincaillerie.dz\/fr\/produit\/pince-a-sertir-pex-o-16-20-hd-10205-gshonda\/\" \/>\n<script type=\"application\/ld+json\" class=\"yoast-schema-graph\">{\"@context\":\"https:\\\/\\\/schema.org\",\"@graph\":[{\"@type\":\"WebPage\",\"@id\":\"https:\\\/\\\/dekkal-quincaillerie.dz\\\/fr\\\/produit\\\/pince-a-sertir-pex-o-16-20-hd-10205-gshonda\\\/\",\"url\":\"https:\\\/\\\/dekkal-quincaillerie.dz\\\/fr\\\/produit\\\/pince-a-sertir-pex-o-16-20-hd-10205-gshonda\\\/\",\"name\":\"PINCE A SERTIR PEX\u00a0 16-20 HD-10205 GSHONDA DEKKAL\",\"isPartOf\":{\"@id\":\"https:\\\/\\\/dekkal-quincaillerie.dz\\\/fr\\\/#website\"},\"primaryImageOfPage\":{\"@id\":\"https:\\\/\\\/dekkal-quincaillerie.dz\\\/fr\\\/produit\\\/pince-a-sertir-pex-o-16-20-hd-10205-gshonda\\\/#primaryimage\"},\"image\":{\"@id\":\"https:\\\/\\\/dekkal-quincaillerie.dz\\\/fr\\\/produit\\\/pince-a-sertir-pex-o-16-20-hd-10205-gshonda\\\/#primaryimage\"},\"thumbnailUrl\":\"https:\\\/\\\/dekkal-quincaillerie.dz\\\/fr\\\/wp-content\\\/uploads\\\/2024\\\/06\\\/image_viber_2024-06-27_15-45-42-904.avif\",\"datePublished\":\"2024-06-29T15:31:11+00:00\",\"dateModified\":\"2025-03-22T07:18:40+00:00\",\"description\":\"La pince \u00e0 sertir PEX \u00d8 16-20 HD-10205 GSHONDA est un outil professionnel de haute qualit ,Contactez-nous au T\u00e9l.: 0561.79.28.59.\",\"breadcrumb\":{\"@id\":\"https:\\\/\\\/dekkal-quincaillerie.dz\\\/fr\\\/produit\\\/pince-a-sertir-pex-o-16-20-hd-10205-gshonda\\\/#breadcrumb\"},\"inLanguage\":\"fr-FR\",\"potentialAction\":[{\"@type\":\"ReadAction\",\"target\":[\"https:\\\/\\\/dekkal-quincaillerie.dz\\\/fr\\\/produit\\\/pince-a-sertir-pex-o-16-20-hd-10205-gshonda\\\/\"]}]},{\"@type\":\"ImageObject\",\"inLanguage\":\"fr-FR\",\"@id\":\"https:\\\/\\\/dekkal-quincaillerie.dz\\\/fr\\\/produit\\\/pince-a-sertir-pex-o-16-20-hd-10205-gshonda\\\/#primaryimage\",\"url\":\"https:\\\/\\\/dekkal-quincaillerie.dz\\\/fr\\\/wp-content\\\/uploads\\\/2024\\\/06\\\/image_viber_2024-06-27_15-45-42-904.avif\",\"contentUrl\":\"https:\\\/\\\/dekkal-quincaillerie.dz\\\/fr\\\/wp-content\\\/uploads\\\/2024\\\/06\\\/image_viber_2024-06-27_15-45-42-904.avif\",\"width\":1200,\"height\":1600,\"caption\":\"PINCE A SERTIR PEX \u00d8 16-20 HD-10205 GSHONDA\"},{\"@type\":\"BreadcrumbList\",\"@id\":\"https:\\\/\\\/dekkal-quincaillerie.dz\\\/fr\\\/produit\\\/pince-a-sertir-pex-o-16-20-hd-10205-gshonda\\\/#breadcrumb\",\"itemListElement\":[{\"@type\":\"ListItem\",\"position\":1,\"name\":\"Accueil\",\"item\":\"https:\\\/\\\/dekkal-quincaillerie.dz\\\/fr\\\/\"},{\"@type\":\"ListItem\",\"position\":2,\"name\":\"Boutique\",\"item\":\"https:\\\/\\\/dekkal-quincaillerie.dz\\\/fr\\\/boutique\\\/\"},{\"@type\":\"ListItem\",\"position\":3,\"name\":\"PINCE A SERTIR PEX \u00d8 16-20 HD-10205 GSHONDA\"}]},{\"@type\":\"WebSite\",\"@id\":\"https:\\\/\\\/dekkal-quincaillerie.dz\\\/fr\\\/#website\",\"url\":\"https:\\\/\\\/dekkal-quincaillerie.dz\\\/fr\\\/\",\"name\":\"DEKKAL\",\"description\":\"\",\"publisher\":{\"@id\":\"https:\\\/\\\/dekkal-quincaillerie.dz\\\/fr\\\/#organization\"},\"potentialAction\":[{\"@type\":\"SearchAction\",\"target\":{\"@type\":\"EntryPoint\",\"urlTemplate\":\"https:\\\/\\\/dekkal-quincaillerie.dz\\\/fr\\\/?s={search_term_string}\"},\"query-input\":{\"@type\":\"PropertyValueSpecification\",\"valueRequired\":true,\"valueName\":\"search_term_string\"}}],\"inLanguage\":\"fr-FR\"},{\"@type\":\"Organization\",\"@id\":\"https:\\\/\\\/dekkal-quincaillerie.dz\\\/fr\\\/#organization\",\"name\":\"DEKKAL QUINCAILLERIE\",\"url\":\"https:\\\/\\\/dekkal-quincaillerie.dz\\\/fr\\\/\",\"logo\":{\"@type\":\"ImageObject\",\"inLanguage\":\"fr-FR\",\"@id\":\"https:\\\/\\\/dekkal-quincaillerie.dz\\\/fr\\\/#\\\/schema\\\/logo\\\/image\\\/\",\"url\":\"https:\\\/\\\/dekkal-quincaillerie.dz\\\/fr\\\/wp-content\\\/uploads\\\/2022\\\/03\\\/image_2022-03-19_172411.png\",\"contentUrl\":\"https:\\\/\\\/dekkal-quincaillerie.dz\\\/fr\\\/wp-content\\\/uploads\\\/2022\\\/03\\\/image_2022-03-19_172411.png\",\"width\":851,\"height\":315,\"caption\":\"DEKKAL QUINCAILLERIE\"},\"image\":{\"@id\":\"https:\\\/\\\/dekkal-quincaillerie.dz\\\/fr\\\/#\\\/schema\\\/logo\\\/image\\\/\"},\"sameAs\":[\"https:\\\/\\\/www.facebook.com\\\/ets.dekkal.1\",\"https:\\\/\\\/www.instagram.com\\\/ets.dekkal\\\/\"]}]}<\/script>\n<!-- \/ Yoast SEO Premium plugin. -->","yoast_head_json":{"title":"PINCE A SERTIR PEX\u00a0 16-20 HD-10205 GSHONDA DEKKAL","description":"La pince \u00e0 sertir PEX \u00d8 16-20 HD-10205 GSHONDA est un outil professionnel de haute qualit ,Contactez-nous au T\u00e9l.: 0561.79.28.59.","robots":{"index":"index","follow":"follow","max-snippet":"max-snippet:-1","max-image-preview":"max-image-preview:large","max-video-preview":"max-video-preview:-1"},"canonical":"https:\/\/dekkal-quincaillerie.dz\/fr\/produit\/pince-a-sertir-pex-o-16-20-hd-10205-gshonda\/","schema":{"@context":"https:\/\/schema.org","@graph":[{"@type":"WebPage","@id":"https:\/\/dekkal-quincaillerie.dz\/fr\/produit\/pince-a-sertir-pex-o-16-20-hd-10205-gshonda\/","url":"https:\/\/dekkal-quincaillerie.dz\/fr\/produit\/pince-a-sertir-pex-o-16-20-hd-10205-gshonda\/","name":"PINCE A SERTIR PEX\u00a0 16-20 HD-10205 GSHONDA DEKKAL","isPartOf":{"@id":"https:\/\/dekkal-quincaillerie.dz\/fr\/#website"},"primaryImageOfPage":{"@id":"https:\/\/dekkal-quincaillerie.dz\/fr\/produit\/pince-a-sertir-pex-o-16-20-hd-10205-gshonda\/#primaryimage"},"image":{"@id":"https:\/\/dekkal-quincaillerie.dz\/fr\/produit\/pince-a-sertir-pex-o-16-20-hd-10205-gshonda\/#primaryimage"},"thumbnailUrl":"https:\/\/dekkal-quincaillerie.dz\/fr\/wp-content\/uploads\/2024\/06\/image_viber_2024-06-27_15-45-42-904.avif","datePublished":"2024-06-29T15:31:11+00:00","dateModified":"2025-03-22T07:18:40+00:00","description":"La pince \u00e0 sertir PEX \u00d8 16-20 HD-10205 GSHONDA est un outil professionnel de haute qualit ,Contactez-nous au T\u00e9l.: 0561.79.28.59.","breadcrumb":{"@id":"https:\/\/dekkal-quincaillerie.dz\/fr\/produit\/pince-a-sertir-pex-o-16-20-hd-10205-gshonda\/#breadcrumb"},"inLanguage":"fr-FR","potentialAction":[{"@type":"ReadAction","target":["https:\/\/dekkal-quincaillerie.dz\/fr\/produit\/pince-a-sertir-pex-o-16-20-hd-10205-gshonda\/"]}]},{"@type":"ImageObject","inLanguage":"fr-FR","@id":"https:\/\/dekkal-quincaillerie.dz\/fr\/produit\/pince-a-sertir-pex-o-16-20-hd-10205-gshonda\/#primaryimage","url":"https:\/\/dekkal-quincaillerie.dz\/fr\/wp-content\/uploads\/2024\/06\/image_viber_2024-06-27_15-45-42-904.avif","contentUrl":"https:\/\/dekkal-quincaillerie.dz\/fr\/wp-content\/uploads\/2024\/06\/image_viber_2024-06-27_15-45-42-904.avif","width":1200,"height":1600,"caption":"PINCE A SERTIR PEX \u00d8 16-20 HD-10205 GSHONDA"},{"@type":"BreadcrumbList","@id":"https:\/\/dekkal-quincaillerie.dz\/fr\/produit\/pince-a-sertir-pex-o-16-20-hd-10205-gshonda\/#breadcrumb","itemListElement":[{"@type":"ListItem","position":1,"name":"Accueil","item":"https:\/\/dekkal-quincaillerie.dz\/fr\/"},{"@type":"ListItem","position":2,"name":"Boutique","item":"https:\/\/dekkal-quincaillerie.dz\/fr\/boutique\/"},{"@type":"ListItem","position":3,"name":"PINCE A SERTIR PEX \u00d8 16-20 HD-10205 GSHONDA"}]},{"@type":"WebSite","@id":"https:\/\/dekkal-quincaillerie.dz\/fr\/#website","url":"https:\/\/dekkal-quincaillerie.dz\/fr\/","name":"DEKKAL","description":"","publisher":{"@id":"https:\/\/dekkal-quincaillerie.dz\/fr\/#organization"},"potentialAction":[{"@type":"SearchAction","target":{"@type":"EntryPoint","urlTemplate":"https:\/\/dekkal-quincaillerie.dz\/fr\/?s={search_term_string}"},"query-input":{"@type":"PropertyValueSpecification","valueRequired":true,"valueName":"search_term_string"}}],"inLanguage":"fr-FR"},{"@type":"Organization","@id":"https:\/\/dekkal-quincaillerie.dz\/fr\/#organization","name":"DEKKAL QUINCAILLERIE","url":"https:\/\/dekkal-quincaillerie.dz\/fr\/","logo":{"@type":"ImageObject","inLanguage":"fr-FR","@id":"https:\/\/dekkal-quincaillerie.dz\/fr\/#\/schema\/logo\/image\/","url":"https:\/\/dekkal-quincaillerie.dz\/fr\/wp-content\/uploads\/2022\/03\/image_2022-03-19_172411.png","contentUrl":"https:\/\/dekkal-quincaillerie.dz\/fr\/wp-content\/uploads\/2022\/03\/image_2022-03-19_172411.png","width":851,"height":315,"caption":"DEKKAL QUINCAILLERIE"},"image":{"@id":"https:\/\/dekkal-quincaillerie.dz\/fr\/#\/schema\/logo\/image\/"},"sameAs":["https:\/\/www.facebook.com\/ets.dekkal.1","https:\/\/www.instagram.com\/ets.dekkal\/"]}]}},"_links":{"self":[{"href":"https:\/\/dekkal-quincaillerie.dz\/fr\/wp-json\/wp\/v2\/product\/8692","targetHints":{"allow":["GET"]}}],"collection":[{"href":"https:\/\/dekkal-quincaillerie.dz\/fr\/wp-json\/wp\/v2\/product"}],"about":[{"href":"https:\/\/dekkal-quincaillerie.dz\/fr\/wp-json\/wp\/v2\/types\/product"}],"wp:featuredmedia":[{"embeddable":true,"href":"https:\/\/dekkal-quincaillerie.dz\/fr\/wp-json\/wp\/v2\/media\/8741"}],"wp:attachment":[{"href":"https:\/\/dekkal-quincaillerie.dz\/fr\/wp-json\/wp\/v2\/media?parent=8692"}],"wp:term":[{"taxonomy":"product_brand","embeddable":true,"href":"https:\/\/dekkal-quincaillerie.dz\/fr\/wp-json\/wp\/v2\/product_brand?post=8692"},{"taxonomy":"product_cat","embeddable":true,"href":"https:\/\/dekkal-quincaillerie.dz\/fr\/wp-json\/wp\/v2\/product_cat?post=8692"},{"taxonomy":"product_tag","embeddable":true,"href":"https:\/\/dekkal-quincaillerie.dz\/fr\/wp-json\/wp\/v2\/product_tag?post=8692"}],"curies":[{"name":"wp","href":"https:\/\/api.w.org\/{rel}","templated":true}]}}