{"id":8680,"date":"2024-06-29T13:57:49","date_gmt":"2024-06-29T13:57:49","guid":{"rendered":"https:\/\/dekkal-quincaillerie.dz\/fr\/?post_type=product&#038;p=8680"},"modified":"2025-03-22T07:18:39","modified_gmt":"2025-03-22T07:18:39","slug":"marteau-piqueur-gshonda","status":"publish","type":"product","link":"https:\/\/dekkal-quincaillerie.dz\/fr\/produit\/marteau-piqueur-gshonda\/","title":{"rendered":"MARTEAU PIQUEUR 1600W HD-S13201 GSHONDA"},"content":{"rendered":"<h4>MARTEAU PIQUEUR 1600W HD-S13201 GSHONDA<\/h4>\n<p>&nbsp;<\/p>\n<p><strong>MARTEAU PIQUEUR GSHONDA 1600W HD-S13201 <\/strong>\u00a0est un outil puissant con\u00e7u pour les travaux de r\u00e9novation et de construction. Voici ses caract\u00e9ristiques cl\u00e9s :<\/p>\n<ul>\n<li><strong>Puissance<\/strong>\u00a0: Avec une puissance de\u00a0<strong>13 joules<\/strong>, ce marteau perforateur est id\u00e9al pour percer le b\u00e9ton et la ma\u00e7onnerie.<\/li>\n<li><strong>Confort d\u2019utilisation<\/strong>\u00a0: Son design ergonomique offre un excellent confort d\u2019utilisation, et sa poign\u00e9e antid\u00e9rapante permet une prise en main s\u00fbre.<\/li>\n<li><strong>S\u00e9curit\u00e9<\/strong>\u00a0: Le d\u00e9brayage int\u00e9gr\u00e9 garantit un travail en toute s\u00e9curit\u00e9.<\/li>\n<li><strong>Emmanchement SDS MAX<\/strong>\u00a0: Pour une efficacit\u00e9 maximale et une s\u00e9curit\u00e9 accrue.<\/li>\n<li><strong>Fonctions<\/strong>\u00a0: Le s\u00e9lecteur de fonction permet de basculer entre le burinage et la perforation.<\/li>\n<li><strong>Accessoires inclus<\/strong> : Vendu en mallette, 1 burin et 1 burin pointe.<\/li>\n<li><strong>Polyvalence<\/strong>\u00a0: Ce marteau-piqueur est adapt\u00e9 \u00e0 une vari\u00e9t\u00e9 de t\u00e2ches, telles que la d\u00e9molition, le per\u00e7age de trous pour les c\u00e2bles \u00e9lectriques, et m\u00eame le retrait de carrelage.<\/li>\n<li><strong>Vitesse r\u00e9glable<\/strong>\u00a0: Vous pouvez ajuster la vitesse de frappe en fonction du mat\u00e9riau que vous travaillez, ce qui vous permet d\u2019obtenir des r\u00e9sultats pr\u00e9cis et efficaces.<\/li>\n<li><strong>Robustesse<\/strong>\u00a0: La construction solide et durable garantit une longue dur\u00e9e de vie, m\u00eame lors d\u2019une utilisation intensive sur les chantiers.<\/li>\n<li><\/li>\n<li>Que vous soyez professionnel ou bricoleur, le marteau-piqueur GSHONDA 1600W HD-S13201 est un alli\u00e9 puissant pour vos travaux les plus exigeants \ud83d\udee0\ufe0f\ud83d\udcaa<\/li>\n<\/ul>\n","protected":false},"excerpt":{"rendered":"<p><strong>MARTEAU PIQUEUR GSHONDA 1600W HD-S13201 <\/strong>\u00a0est un outil puissant con\u00e7u pour les travaux de r\u00e9novation et de construction.<\/p>\n","protected":false},"featured_media":8743,"template":"","meta":[],"product_brand":[1333],"product_cat":[15],"product_tag":[1374,1373,1205,1193],"class_list":{"0":"post-8680","1":"product","2":"type-product","3":"status-publish","4":"has-post-thumbnail","6":"product_brand-gshonda","7":"product_cat-non-classe","8":"product_tag-construction","9":"product_tag-electroportatif","10":"product_tag-marteau-perforateur","11":"product_tag-outillage","13":"first","14":"instock","15":"purchasable","16":"product-type-simple"},"yoast_head":"<!-- This site is optimized with the Yoast SEO Premium plugin v20.0 (Yoast SEO v27.4) - https:\/\/yoast.com\/product\/yoast-seo-premium-wordpress\/ -->\n<title>MARTEAU PIQUEUR GSHONDA - DEKKAL<\/title>\n<meta name=\"description\" content=\"MARTEAU PIQUEUR GSHONDA 1600W HD-S13201 chez DEKKAL QUINCAILLERIE \u00e0 Tizi-Ouzou. Contactez-nous au T\u00e9l.: 0561.79.28.59 pour plus d\u2019informations.\" \/>\n<meta name=\"robots\" content=\"index, follow, max-snippet:-1, max-image-preview:large, max-video-preview:-1\" \/>\n<link rel=\"canonical\" href=\"https:\/\/dekkal-quincaillerie.dz\/fr\/produit\/marteau-piqueur-gshonda\/\" \/>\n<script type=\"application\/ld+json\" class=\"yoast-schema-graph\">{\"@context\":\"https:\\\/\\\/schema.org\",\"@graph\":[{\"@type\":\"WebPage\",\"@id\":\"https:\\\/\\\/dekkal-quincaillerie.dz\\\/fr\\\/produit\\\/marteau-piqueur-gshonda\\\/\",\"url\":\"https:\\\/\\\/dekkal-quincaillerie.dz\\\/fr\\\/produit\\\/marteau-piqueur-gshonda\\\/\",\"name\":\"MARTEAU PIQUEUR GSHONDA - DEKKAL\",\"isPartOf\":{\"@id\":\"https:\\\/\\\/dekkal-quincaillerie.dz\\\/fr\\\/#website\"},\"primaryImageOfPage\":{\"@id\":\"https:\\\/\\\/dekkal-quincaillerie.dz\\\/fr\\\/produit\\\/marteau-piqueur-gshonda\\\/#primaryimage\"},\"image\":{\"@id\":\"https:\\\/\\\/dekkal-quincaillerie.dz\\\/fr\\\/produit\\\/marteau-piqueur-gshonda\\\/#primaryimage\"},\"thumbnailUrl\":\"https:\\\/\\\/dekkal-quincaillerie.dz\\\/fr\\\/wp-content\\\/uploads\\\/2024\\\/06\\\/DQSDQSD.avif\",\"datePublished\":\"2024-06-29T13:57:49+00:00\",\"dateModified\":\"2025-03-22T07:18:39+00:00\",\"description\":\"MARTEAU PIQUEUR GSHONDA 1600W HD-S13201 chez DEKKAL QUINCAILLERIE \u00e0 Tizi-Ouzou. Contactez-nous au T\u00e9l.: 0561.79.28.59 pour plus d\u2019informations.\",\"breadcrumb\":{\"@id\":\"https:\\\/\\\/dekkal-quincaillerie.dz\\\/fr\\\/produit\\\/marteau-piqueur-gshonda\\\/#breadcrumb\"},\"inLanguage\":\"fr-FR\",\"potentialAction\":[{\"@type\":\"ReadAction\",\"target\":[\"https:\\\/\\\/dekkal-quincaillerie.dz\\\/fr\\\/produit\\\/marteau-piqueur-gshonda\\\/\"]}]},{\"@type\":\"ImageObject\",\"inLanguage\":\"fr-FR\",\"@id\":\"https:\\\/\\\/dekkal-quincaillerie.dz\\\/fr\\\/produit\\\/marteau-piqueur-gshonda\\\/#primaryimage\",\"url\":\"https:\\\/\\\/dekkal-quincaillerie.dz\\\/fr\\\/wp-content\\\/uploads\\\/2024\\\/06\\\/DQSDQSD.avif\",\"contentUrl\":\"https:\\\/\\\/dekkal-quincaillerie.dz\\\/fr\\\/wp-content\\\/uploads\\\/2024\\\/06\\\/DQSDQSD.avif\",\"width\":1600,\"height\":1200,\"caption\":\"MARTEAU PERFORATEUR 220V 850W HD-S13301 GSHONDA\"},{\"@type\":\"BreadcrumbList\",\"@id\":\"https:\\\/\\\/dekkal-quincaillerie.dz\\\/fr\\\/produit\\\/marteau-piqueur-gshonda\\\/#breadcrumb\",\"itemListElement\":[{\"@type\":\"ListItem\",\"position\":1,\"name\":\"Accueil\",\"item\":\"https:\\\/\\\/dekkal-quincaillerie.dz\\\/fr\\\/\"},{\"@type\":\"ListItem\",\"position\":2,\"name\":\"Boutique\",\"item\":\"https:\\\/\\\/dekkal-quincaillerie.dz\\\/fr\\\/boutique\\\/\"},{\"@type\":\"ListItem\",\"position\":3,\"name\":\"MARTEAU PIQUEUR 1600W HD-S13201 GSHONDA\"}]},{\"@type\":\"WebSite\",\"@id\":\"https:\\\/\\\/dekkal-quincaillerie.dz\\\/fr\\\/#website\",\"url\":\"https:\\\/\\\/dekkal-quincaillerie.dz\\\/fr\\\/\",\"name\":\"DEKKAL\",\"description\":\"\",\"publisher\":{\"@id\":\"https:\\\/\\\/dekkal-quincaillerie.dz\\\/fr\\\/#organization\"},\"potentialAction\":[{\"@type\":\"SearchAction\",\"target\":{\"@type\":\"EntryPoint\",\"urlTemplate\":\"https:\\\/\\\/dekkal-quincaillerie.dz\\\/fr\\\/?s={search_term_string}\"},\"query-input\":{\"@type\":\"PropertyValueSpecification\",\"valueRequired\":true,\"valueName\":\"search_term_string\"}}],\"inLanguage\":\"fr-FR\"},{\"@type\":\"Organization\",\"@id\":\"https:\\\/\\\/dekkal-quincaillerie.dz\\\/fr\\\/#organization\",\"name\":\"DEKKAL QUINCAILLERIE\",\"url\":\"https:\\\/\\\/dekkal-quincaillerie.dz\\\/fr\\\/\",\"logo\":{\"@type\":\"ImageObject\",\"inLanguage\":\"fr-FR\",\"@id\":\"https:\\\/\\\/dekkal-quincaillerie.dz\\\/fr\\\/#\\\/schema\\\/logo\\\/image\\\/\",\"url\":\"https:\\\/\\\/dekkal-quincaillerie.dz\\\/fr\\\/wp-content\\\/uploads\\\/2022\\\/03\\\/image_2022-03-19_172411.png\",\"contentUrl\":\"https:\\\/\\\/dekkal-quincaillerie.dz\\\/fr\\\/wp-content\\\/uploads\\\/2022\\\/03\\\/image_2022-03-19_172411.png\",\"width\":851,\"height\":315,\"caption\":\"DEKKAL QUINCAILLERIE\"},\"image\":{\"@id\":\"https:\\\/\\\/dekkal-quincaillerie.dz\\\/fr\\\/#\\\/schema\\\/logo\\\/image\\\/\"},\"sameAs\":[\"https:\\\/\\\/www.facebook.com\\\/ets.dekkal.1\",\"https:\\\/\\\/www.instagram.com\\\/ets.dekkal\\\/\"]}]}<\/script>\n<!-- \/ Yoast SEO Premium plugin. -->","yoast_head_json":{"title":"MARTEAU PIQUEUR GSHONDA - DEKKAL","description":"MARTEAU PIQUEUR GSHONDA 1600W HD-S13201 chez DEKKAL QUINCAILLERIE \u00e0 Tizi-Ouzou. Contactez-nous au T\u00e9l.: 0561.79.28.59 pour plus d\u2019informations.","robots":{"index":"index","follow":"follow","max-snippet":"max-snippet:-1","max-image-preview":"max-image-preview:large","max-video-preview":"max-video-preview:-1"},"canonical":"https:\/\/dekkal-quincaillerie.dz\/fr\/produit\/marteau-piqueur-gshonda\/","schema":{"@context":"https:\/\/schema.org","@graph":[{"@type":"WebPage","@id":"https:\/\/dekkal-quincaillerie.dz\/fr\/produit\/marteau-piqueur-gshonda\/","url":"https:\/\/dekkal-quincaillerie.dz\/fr\/produit\/marteau-piqueur-gshonda\/","name":"MARTEAU PIQUEUR GSHONDA - DEKKAL","isPartOf":{"@id":"https:\/\/dekkal-quincaillerie.dz\/fr\/#website"},"primaryImageOfPage":{"@id":"https:\/\/dekkal-quincaillerie.dz\/fr\/produit\/marteau-piqueur-gshonda\/#primaryimage"},"image":{"@id":"https:\/\/dekkal-quincaillerie.dz\/fr\/produit\/marteau-piqueur-gshonda\/#primaryimage"},"thumbnailUrl":"https:\/\/dekkal-quincaillerie.dz\/fr\/wp-content\/uploads\/2024\/06\/DQSDQSD.avif","datePublished":"2024-06-29T13:57:49+00:00","dateModified":"2025-03-22T07:18:39+00:00","description":"MARTEAU PIQUEUR GSHONDA 1600W HD-S13201 chez DEKKAL QUINCAILLERIE \u00e0 Tizi-Ouzou. Contactez-nous au T\u00e9l.: 0561.79.28.59 pour plus d\u2019informations.","breadcrumb":{"@id":"https:\/\/dekkal-quincaillerie.dz\/fr\/produit\/marteau-piqueur-gshonda\/#breadcrumb"},"inLanguage":"fr-FR","potentialAction":[{"@type":"ReadAction","target":["https:\/\/dekkal-quincaillerie.dz\/fr\/produit\/marteau-piqueur-gshonda\/"]}]},{"@type":"ImageObject","inLanguage":"fr-FR","@id":"https:\/\/dekkal-quincaillerie.dz\/fr\/produit\/marteau-piqueur-gshonda\/#primaryimage","url":"https:\/\/dekkal-quincaillerie.dz\/fr\/wp-content\/uploads\/2024\/06\/DQSDQSD.avif","contentUrl":"https:\/\/dekkal-quincaillerie.dz\/fr\/wp-content\/uploads\/2024\/06\/DQSDQSD.avif","width":1600,"height":1200,"caption":"MARTEAU PERFORATEUR 220V 850W HD-S13301 GSHONDA"},{"@type":"BreadcrumbList","@id":"https:\/\/dekkal-quincaillerie.dz\/fr\/produit\/marteau-piqueur-gshonda\/#breadcrumb","itemListElement":[{"@type":"ListItem","position":1,"name":"Accueil","item":"https:\/\/dekkal-quincaillerie.dz\/fr\/"},{"@type":"ListItem","position":2,"name":"Boutique","item":"https:\/\/dekkal-quincaillerie.dz\/fr\/boutique\/"},{"@type":"ListItem","position":3,"name":"MARTEAU PIQUEUR 1600W HD-S13201 GSHONDA"}]},{"@type":"WebSite","@id":"https:\/\/dekkal-quincaillerie.dz\/fr\/#website","url":"https:\/\/dekkal-quincaillerie.dz\/fr\/","name":"DEKKAL","description":"","publisher":{"@id":"https:\/\/dekkal-quincaillerie.dz\/fr\/#organization"},"potentialAction":[{"@type":"SearchAction","target":{"@type":"EntryPoint","urlTemplate":"https:\/\/dekkal-quincaillerie.dz\/fr\/?s={search_term_string}"},"query-input":{"@type":"PropertyValueSpecification","valueRequired":true,"valueName":"search_term_string"}}],"inLanguage":"fr-FR"},{"@type":"Organization","@id":"https:\/\/dekkal-quincaillerie.dz\/fr\/#organization","name":"DEKKAL QUINCAILLERIE","url":"https:\/\/dekkal-quincaillerie.dz\/fr\/","logo":{"@type":"ImageObject","inLanguage":"fr-FR","@id":"https:\/\/dekkal-quincaillerie.dz\/fr\/#\/schema\/logo\/image\/","url":"https:\/\/dekkal-quincaillerie.dz\/fr\/wp-content\/uploads\/2022\/03\/image_2022-03-19_172411.png","contentUrl":"https:\/\/dekkal-quincaillerie.dz\/fr\/wp-content\/uploads\/2022\/03\/image_2022-03-19_172411.png","width":851,"height":315,"caption":"DEKKAL QUINCAILLERIE"},"image":{"@id":"https:\/\/dekkal-quincaillerie.dz\/fr\/#\/schema\/logo\/image\/"},"sameAs":["https:\/\/www.facebook.com\/ets.dekkal.1","https:\/\/www.instagram.com\/ets.dekkal\/"]}]}},"_links":{"self":[{"href":"https:\/\/dekkal-quincaillerie.dz\/fr\/wp-json\/wp\/v2\/product\/8680","targetHints":{"allow":["GET"]}}],"collection":[{"href":"https:\/\/dekkal-quincaillerie.dz\/fr\/wp-json\/wp\/v2\/product"}],"about":[{"href":"https:\/\/dekkal-quincaillerie.dz\/fr\/wp-json\/wp\/v2\/types\/product"}],"wp:featuredmedia":[{"embeddable":true,"href":"https:\/\/dekkal-quincaillerie.dz\/fr\/wp-json\/wp\/v2\/media\/8743"}],"wp:attachment":[{"href":"https:\/\/dekkal-quincaillerie.dz\/fr\/wp-json\/wp\/v2\/media?parent=8680"}],"wp:term":[{"taxonomy":"product_brand","embeddable":true,"href":"https:\/\/dekkal-quincaillerie.dz\/fr\/wp-json\/wp\/v2\/product_brand?post=8680"},{"taxonomy":"product_cat","embeddable":true,"href":"https:\/\/dekkal-quincaillerie.dz\/fr\/wp-json\/wp\/v2\/product_cat?post=8680"},{"taxonomy":"product_tag","embeddable":true,"href":"https:\/\/dekkal-quincaillerie.dz\/fr\/wp-json\/wp\/v2\/product_tag?post=8680"}],"curies":[{"name":"wp","href":"https:\/\/api.w.org\/{rel}","templated":true}]}}