{"id":8507,"date":"2024-05-30T14:38:36","date_gmt":"2024-05-30T14:38:36","guid":{"rendered":"https:\/\/dekkal-quincaillerie.dz\/fr\/?post_type=product&#038;p=8507"},"modified":"2025-03-22T07:18:39","modified_gmt":"2025-03-22T07:18:39","slug":"piquet-de-cloture-1-5-m-x-30-mm","status":"publish","type":"product","link":"https:\/\/dekkal-quincaillerie.dz\/fr\/produit\/piquet-de-cloture-1-5-m-x-30-mm\/","title":{"rendered":"Piquet de cl\u00f4ture 1.5 M X 30 MM"},"content":{"rendered":"<h3>Piquet de cl\u00f4ture\u00a01.5 M X 30 MM<\/h3>\n<h4>Piquet de cl\u00f4ture<\/h4>\n<p>&nbsp;<\/p>\n<ul>\n<li><strong>Utilisation<\/strong>\u00a0: Id\u00e9al pour fixer des grillages, des treillis ou des panneaux de cl\u00f4ture.<\/li>\n<li><strong>Installation<\/strong>\u00a0: Facile \u00e0 planter dans le sol gr\u00e2ce \u00e0 sa pointe effil\u00e9e.<\/li>\n<\/ul>\n<p>Ce piquet de cl\u00f4ture est \u00e0 la fois fonctionnel et esth\u00e9tique. Il vous permettra de d\u00e9limiter votre jardin, de prot\u00e9ger vos plantations et d\u2019ajouter une barri\u00e8re visuelle. Que ce soit pour une cl\u00f4ture de jardin, une cl\u00f4ture de ferme ou une cl\u00f4ture ornementale, ce piquet r\u00e9pondra \u00e0 vos besoins.<\/p>\n<h4><strong>Caract\u00e9ristiques <\/strong>Piquet de cl\u00f4ture :<\/h4>\n<ul>\n<li>Hauteur: 1.5 M<\/li>\n<li>Epaisseur: 30 MM<\/li>\n<li>Poids: 1.2 KG<\/li>\n<\/ul>\n","protected":false},"excerpt":{"rendered":"<h4><strong>Caract\u00e9ristiques <\/strong>Piquet de cl\u00f4ture :<\/h4>\n<ul>\n<li>Hauteur: 1.5 M<\/li>\n<li>Epaisseur: 30 MM<\/li>\n<li>Poids: 1.2 KG<\/li>\n<\/ul>\n","protected":false},"featured_media":4882,"template":"","meta":[],"product_brand":[],"product_cat":[347],"product_tag":[619,1328,631],"class_list":{"0":"post-8507","1":"product","2":"type-product","3":"status-publish","4":"has-post-thumbnail","6":"product_cat-jardinage","7":"product_tag-cloture","8":"product_tag-corniere","9":"product_tag-piquet","11":"first","12":"instock","13":"purchasable","14":"product-type-simple"},"yoast_head":"<!-- This site is optimized with the Yoast SEO Premium plugin v20.0 (Yoast SEO v27.4) - https:\/\/yoast.com\/product\/yoast-seo-premium-wordpress\/ -->\n<title>Piquet de cl\u00f4ture 1.5 M X 30 MM - DEKKAL<\/title>\n<meta name=\"description\" content=\"D\u00e9couvrez notre Piquet de cl\u00f4ture 1.5 M X 30 MM chez DEKKAL QUINCAILLERIE \u00e0 TIZI-OUZOU. Contactez-nous au TEL.: 0561.79.28.59 pour plus d\u2019informations.\" \/>\n<meta name=\"robots\" content=\"index, follow, max-snippet:-1, max-image-preview:large, max-video-preview:-1\" \/>\n<link rel=\"canonical\" href=\"https:\/\/dekkal-quincaillerie.dz\/fr\/produit\/piquet-de-cloture-1-5-m-x-30-mm\/\" \/>\n<script type=\"application\/ld+json\" class=\"yoast-schema-graph\">{\"@context\":\"https:\\\/\\\/schema.org\",\"@graph\":[{\"@type\":\"WebPage\",\"@id\":\"https:\\\/\\\/dekkal-quincaillerie.dz\\\/fr\\\/produit\\\/piquet-de-cloture-1-5-m-x-30-mm\\\/\",\"url\":\"https:\\\/\\\/dekkal-quincaillerie.dz\\\/fr\\\/produit\\\/piquet-de-cloture-1-5-m-x-30-mm\\\/\",\"name\":\"Piquet de cl\u00f4ture 1.5 M X 30 MM - DEKKAL\",\"isPartOf\":{\"@id\":\"https:\\\/\\\/dekkal-quincaillerie.dz\\\/fr\\\/#website\"},\"primaryImageOfPage\":{\"@id\":\"https:\\\/\\\/dekkal-quincaillerie.dz\\\/fr\\\/produit\\\/piquet-de-cloture-1-5-m-x-30-mm\\\/#primaryimage\"},\"image\":{\"@id\":\"https:\\\/\\\/dekkal-quincaillerie.dz\\\/fr\\\/produit\\\/piquet-de-cloture-1-5-m-x-30-mm\\\/#primaryimage\"},\"thumbnailUrl\":\"https:\\\/\\\/dekkal-quincaillerie.dz\\\/fr\\\/wp-content\\\/uploads\\\/2022\\\/03\\\/piquets-acier-l50x50x5-h2m-5-trous-par-50-1.avif\",\"datePublished\":\"2024-05-30T14:38:36+00:00\",\"dateModified\":\"2025-03-22T07:18:39+00:00\",\"description\":\"D\u00e9couvrez notre Piquet de cl\u00f4ture 1.5 M X 30 MM chez DEKKAL QUINCAILLERIE \u00e0 TIZI-OUZOU. Contactez-nous au TEL.: 0561.79.28.59 pour plus d\u2019informations.\",\"breadcrumb\":{\"@id\":\"https:\\\/\\\/dekkal-quincaillerie.dz\\\/fr\\\/produit\\\/piquet-de-cloture-1-5-m-x-30-mm\\\/#breadcrumb\"},\"inLanguage\":\"fr-FR\",\"potentialAction\":[{\"@type\":\"ReadAction\",\"target\":[\"https:\\\/\\\/dekkal-quincaillerie.dz\\\/fr\\\/produit\\\/piquet-de-cloture-1-5-m-x-30-mm\\\/\"]}]},{\"@type\":\"ImageObject\",\"inLanguage\":\"fr-FR\",\"@id\":\"https:\\\/\\\/dekkal-quincaillerie.dz\\\/fr\\\/produit\\\/piquet-de-cloture-1-5-m-x-30-mm\\\/#primaryimage\",\"url\":\"https:\\\/\\\/dekkal-quincaillerie.dz\\\/fr\\\/wp-content\\\/uploads\\\/2022\\\/03\\\/piquets-acier-l50x50x5-h2m-5-trous-par-50-1.avif\",\"contentUrl\":\"https:\\\/\\\/dekkal-quincaillerie.dz\\\/fr\\\/wp-content\\\/uploads\\\/2022\\\/03\\\/piquets-acier-l50x50x5-h2m-5-trous-par-50-1.avif\",\"width\":800,\"height\":800},{\"@type\":\"BreadcrumbList\",\"@id\":\"https:\\\/\\\/dekkal-quincaillerie.dz\\\/fr\\\/produit\\\/piquet-de-cloture-1-5-m-x-30-mm\\\/#breadcrumb\",\"itemListElement\":[{\"@type\":\"ListItem\",\"position\":1,\"name\":\"Accueil\",\"item\":\"https:\\\/\\\/dekkal-quincaillerie.dz\\\/fr\\\/\"},{\"@type\":\"ListItem\",\"position\":2,\"name\":\"Boutique\",\"item\":\"https:\\\/\\\/dekkal-quincaillerie.dz\\\/fr\\\/boutique\\\/\"},{\"@type\":\"ListItem\",\"position\":3,\"name\":\"Piquet de cl\u00f4ture 1.5 M X 30 MM\"}]},{\"@type\":\"WebSite\",\"@id\":\"https:\\\/\\\/dekkal-quincaillerie.dz\\\/fr\\\/#website\",\"url\":\"https:\\\/\\\/dekkal-quincaillerie.dz\\\/fr\\\/\",\"name\":\"DEKKAL\",\"description\":\"\",\"publisher\":{\"@id\":\"https:\\\/\\\/dekkal-quincaillerie.dz\\\/fr\\\/#organization\"},\"potentialAction\":[{\"@type\":\"SearchAction\",\"target\":{\"@type\":\"EntryPoint\",\"urlTemplate\":\"https:\\\/\\\/dekkal-quincaillerie.dz\\\/fr\\\/?s={search_term_string}\"},\"query-input\":{\"@type\":\"PropertyValueSpecification\",\"valueRequired\":true,\"valueName\":\"search_term_string\"}}],\"inLanguage\":\"fr-FR\"},{\"@type\":\"Organization\",\"@id\":\"https:\\\/\\\/dekkal-quincaillerie.dz\\\/fr\\\/#organization\",\"name\":\"DEKKAL QUINCAILLERIE\",\"url\":\"https:\\\/\\\/dekkal-quincaillerie.dz\\\/fr\\\/\",\"logo\":{\"@type\":\"ImageObject\",\"inLanguage\":\"fr-FR\",\"@id\":\"https:\\\/\\\/dekkal-quincaillerie.dz\\\/fr\\\/#\\\/schema\\\/logo\\\/image\\\/\",\"url\":\"https:\\\/\\\/dekkal-quincaillerie.dz\\\/fr\\\/wp-content\\\/uploads\\\/2022\\\/03\\\/image_2022-03-19_172411.png\",\"contentUrl\":\"https:\\\/\\\/dekkal-quincaillerie.dz\\\/fr\\\/wp-content\\\/uploads\\\/2022\\\/03\\\/image_2022-03-19_172411.png\",\"width\":851,\"height\":315,\"caption\":\"DEKKAL QUINCAILLERIE\"},\"image\":{\"@id\":\"https:\\\/\\\/dekkal-quincaillerie.dz\\\/fr\\\/#\\\/schema\\\/logo\\\/image\\\/\"},\"sameAs\":[\"https:\\\/\\\/www.facebook.com\\\/ets.dekkal.1\",\"https:\\\/\\\/www.instagram.com\\\/ets.dekkal\\\/\"]}]}<\/script>\n<!-- \/ Yoast SEO Premium plugin. -->","yoast_head_json":{"title":"Piquet de cl\u00f4ture 1.5 M X 30 MM - DEKKAL","description":"D\u00e9couvrez notre Piquet de cl\u00f4ture 1.5 M X 30 MM chez DEKKAL QUINCAILLERIE \u00e0 TIZI-OUZOU. Contactez-nous au TEL.: 0561.79.28.59 pour plus d\u2019informations.","robots":{"index":"index","follow":"follow","max-snippet":"max-snippet:-1","max-image-preview":"max-image-preview:large","max-video-preview":"max-video-preview:-1"},"canonical":"https:\/\/dekkal-quincaillerie.dz\/fr\/produit\/piquet-de-cloture-1-5-m-x-30-mm\/","schema":{"@context":"https:\/\/schema.org","@graph":[{"@type":"WebPage","@id":"https:\/\/dekkal-quincaillerie.dz\/fr\/produit\/piquet-de-cloture-1-5-m-x-30-mm\/","url":"https:\/\/dekkal-quincaillerie.dz\/fr\/produit\/piquet-de-cloture-1-5-m-x-30-mm\/","name":"Piquet de cl\u00f4ture 1.5 M X 30 MM - DEKKAL","isPartOf":{"@id":"https:\/\/dekkal-quincaillerie.dz\/fr\/#website"},"primaryImageOfPage":{"@id":"https:\/\/dekkal-quincaillerie.dz\/fr\/produit\/piquet-de-cloture-1-5-m-x-30-mm\/#primaryimage"},"image":{"@id":"https:\/\/dekkal-quincaillerie.dz\/fr\/produit\/piquet-de-cloture-1-5-m-x-30-mm\/#primaryimage"},"thumbnailUrl":"https:\/\/dekkal-quincaillerie.dz\/fr\/wp-content\/uploads\/2022\/03\/piquets-acier-l50x50x5-h2m-5-trous-par-50-1.avif","datePublished":"2024-05-30T14:38:36+00:00","dateModified":"2025-03-22T07:18:39+00:00","description":"D\u00e9couvrez notre Piquet de cl\u00f4ture 1.5 M X 30 MM chez DEKKAL QUINCAILLERIE \u00e0 TIZI-OUZOU. Contactez-nous au TEL.: 0561.79.28.59 pour plus d\u2019informations.","breadcrumb":{"@id":"https:\/\/dekkal-quincaillerie.dz\/fr\/produit\/piquet-de-cloture-1-5-m-x-30-mm\/#breadcrumb"},"inLanguage":"fr-FR","potentialAction":[{"@type":"ReadAction","target":["https:\/\/dekkal-quincaillerie.dz\/fr\/produit\/piquet-de-cloture-1-5-m-x-30-mm\/"]}]},{"@type":"ImageObject","inLanguage":"fr-FR","@id":"https:\/\/dekkal-quincaillerie.dz\/fr\/produit\/piquet-de-cloture-1-5-m-x-30-mm\/#primaryimage","url":"https:\/\/dekkal-quincaillerie.dz\/fr\/wp-content\/uploads\/2022\/03\/piquets-acier-l50x50x5-h2m-5-trous-par-50-1.avif","contentUrl":"https:\/\/dekkal-quincaillerie.dz\/fr\/wp-content\/uploads\/2022\/03\/piquets-acier-l50x50x5-h2m-5-trous-par-50-1.avif","width":800,"height":800},{"@type":"BreadcrumbList","@id":"https:\/\/dekkal-quincaillerie.dz\/fr\/produit\/piquet-de-cloture-1-5-m-x-30-mm\/#breadcrumb","itemListElement":[{"@type":"ListItem","position":1,"name":"Accueil","item":"https:\/\/dekkal-quincaillerie.dz\/fr\/"},{"@type":"ListItem","position":2,"name":"Boutique","item":"https:\/\/dekkal-quincaillerie.dz\/fr\/boutique\/"},{"@type":"ListItem","position":3,"name":"Piquet de cl\u00f4ture 1.5 M X 30 MM"}]},{"@type":"WebSite","@id":"https:\/\/dekkal-quincaillerie.dz\/fr\/#website","url":"https:\/\/dekkal-quincaillerie.dz\/fr\/","name":"DEKKAL","description":"","publisher":{"@id":"https:\/\/dekkal-quincaillerie.dz\/fr\/#organization"},"potentialAction":[{"@type":"SearchAction","target":{"@type":"EntryPoint","urlTemplate":"https:\/\/dekkal-quincaillerie.dz\/fr\/?s={search_term_string}"},"query-input":{"@type":"PropertyValueSpecification","valueRequired":true,"valueName":"search_term_string"}}],"inLanguage":"fr-FR"},{"@type":"Organization","@id":"https:\/\/dekkal-quincaillerie.dz\/fr\/#organization","name":"DEKKAL QUINCAILLERIE","url":"https:\/\/dekkal-quincaillerie.dz\/fr\/","logo":{"@type":"ImageObject","inLanguage":"fr-FR","@id":"https:\/\/dekkal-quincaillerie.dz\/fr\/#\/schema\/logo\/image\/","url":"https:\/\/dekkal-quincaillerie.dz\/fr\/wp-content\/uploads\/2022\/03\/image_2022-03-19_172411.png","contentUrl":"https:\/\/dekkal-quincaillerie.dz\/fr\/wp-content\/uploads\/2022\/03\/image_2022-03-19_172411.png","width":851,"height":315,"caption":"DEKKAL QUINCAILLERIE"},"image":{"@id":"https:\/\/dekkal-quincaillerie.dz\/fr\/#\/schema\/logo\/image\/"},"sameAs":["https:\/\/www.facebook.com\/ets.dekkal.1","https:\/\/www.instagram.com\/ets.dekkal\/"]}]}},"_links":{"self":[{"href":"https:\/\/dekkal-quincaillerie.dz\/fr\/wp-json\/wp\/v2\/product\/8507","targetHints":{"allow":["GET"]}}],"collection":[{"href":"https:\/\/dekkal-quincaillerie.dz\/fr\/wp-json\/wp\/v2\/product"}],"about":[{"href":"https:\/\/dekkal-quincaillerie.dz\/fr\/wp-json\/wp\/v2\/types\/product"}],"wp:featuredmedia":[{"embeddable":true,"href":"https:\/\/dekkal-quincaillerie.dz\/fr\/wp-json\/wp\/v2\/media\/4882"}],"wp:attachment":[{"href":"https:\/\/dekkal-quincaillerie.dz\/fr\/wp-json\/wp\/v2\/media?parent=8507"}],"wp:term":[{"taxonomy":"product_brand","embeddable":true,"href":"https:\/\/dekkal-quincaillerie.dz\/fr\/wp-json\/wp\/v2\/product_brand?post=8507"},{"taxonomy":"product_cat","embeddable":true,"href":"https:\/\/dekkal-quincaillerie.dz\/fr\/wp-json\/wp\/v2\/product_cat?post=8507"},{"taxonomy":"product_tag","embeddable":true,"href":"https:\/\/dekkal-quincaillerie.dz\/fr\/wp-json\/wp\/v2\/product_tag?post=8507"}],"curies":[{"name":"wp","href":"https:\/\/api.w.org\/{rel}","templated":true}]}}