{"id":8413,"date":"2024-05-22T14:39:10","date_gmt":"2024-05-22T14:39:10","guid":{"rendered":"https:\/\/dekkal-quincaillerie.dz\/fr\/?post_type=product&#038;p=8413"},"modified":"2025-07-19T08:01:13","modified_gmt":"2025-07-19T08:01:13","slug":"chauffe-bain-11l-gaz-butane-junkers","status":"publish","type":"product","link":"https:\/\/dekkal-quincaillerie.dz\/fr\/produit\/chauffe-bain-11l-gaz-butane-junkers\/","title":{"rendered":"CHAUFFE BAIN 11L GAZ BUTANE JUNKERS"},"content":{"rendered":"<h4>CHAUFFE BAIN 11L GAZ BUTANE JUNKERS<\/h4>\n<p>&nbsp;<\/p>\n<p>Le <em><strong>CHAUFFE BAIN 11L GAZ BUTANE JUNKERS<\/strong><\/em> est caract\u00e9ris\u00e9 par:<\/p>\n<ul>\n<li>Fonctionnement \u00e9conomique.<\/li>\n<li>Confort d\u2019utilisation gr\u00e2ce \u00e0 son syst\u00e8me d\u2019allumage hydro-g\u00e9n\u00e9rateur (Force de l\u2019eau).<\/li>\n<li>Dispositif de s\u00e9curit\u00e9 \u00e0 l\u2019allumage avec contr\u00f4le des gaz br\u00fbl\u00e9s.<\/li>\n<li>R\u00e9glage de la temp\u00e9rature et du d\u00e9bit d\u2019eau chaude sanitaire.<\/li>\n<li>Disponible en 11 Lit\/min.<\/li>\n<\/ul>\n","protected":false},"excerpt":{"rendered":"<p>CHAUFFE BAIN 11L GAZ BUTANE JUNKERS &nbsp; Le CHAUFFE BAIN 11L GAZ BUTANE JUNKERS est caract\u00e9ris\u00e9 par: Fonctionnement \u00e9conomique. Confort d\u2019utilisation gr\u00e2ce \u00e0 son syst\u00e8me d\u2019allumage hydro-g\u00e9n\u00e9rateur (Force de l\u2019eau). Dispositif de s\u00e9curit\u00e9 \u00e0 l\u2019allumage avec contr\u00f4le des gaz br\u00fbl\u00e9s. R\u00e9glage de la temp\u00e9rature et du d\u00e9bit d\u2019eau chaude sanitaire. Disponible en 11 Lit\/min.<\/p>\n","protected":false},"featured_media":8415,"template":"","meta":[],"product_brand":[1293],"product_cat":[251],"product_tag":[],"class_list":{"0":"post-8413","1":"product","2":"type-product","3":"status-publish","4":"has-post-thumbnail","6":"product_brand-junkers","7":"product_cat-plomberie","9":"first","10":"outofstock","11":"taxable","12":"shipping-taxable","13":"purchasable","14":"product-type-simple"},"yoast_head":"<!-- This site is optimized with the Yoast SEO Premium plugin v20.0 (Yoast SEO v27.4) - https:\/\/yoast.com\/product\/yoast-seo-premium-wordpress\/ -->\n<title>CHAUFFE BAIN 11L GAZ BUTANE JUNKERS - DEKKAL<\/title>\n<meta name=\"description\" content=\"CHAUFFE BAIN 11L GAZ BUTANE JUNKERS\" \/>\n<meta name=\"robots\" content=\"index, follow, max-snippet:-1, max-image-preview:large, max-video-preview:-1\" \/>\n<link rel=\"canonical\" href=\"https:\/\/dekkal-quincaillerie.dz\/fr\/produit\/chauffe-bain-11l-gaz-butane-junkers\/\" \/>\n<script type=\"application\/ld+json\" class=\"yoast-schema-graph\">{\"@context\":\"https:\\\/\\\/schema.org\",\"@graph\":[{\"@type\":\"WebPage\",\"@id\":\"https:\\\/\\\/dekkal-quincaillerie.dz\\\/fr\\\/produit\\\/chauffe-bain-11l-gaz-butane-junkers\\\/\",\"url\":\"https:\\\/\\\/dekkal-quincaillerie.dz\\\/fr\\\/produit\\\/chauffe-bain-11l-gaz-butane-junkers\\\/\",\"name\":\"CHAUFFE BAIN 11L GAZ BUTANE JUNKERS - DEKKAL\",\"isPartOf\":{\"@id\":\"https:\\\/\\\/dekkal-quincaillerie.dz\\\/fr\\\/#website\"},\"primaryImageOfPage\":{\"@id\":\"https:\\\/\\\/dekkal-quincaillerie.dz\\\/fr\\\/produit\\\/chauffe-bain-11l-gaz-butane-junkers\\\/#primaryimage\"},\"image\":{\"@id\":\"https:\\\/\\\/dekkal-quincaillerie.dz\\\/fr\\\/produit\\\/chauffe-bain-11l-gaz-butane-junkers\\\/#primaryimage\"},\"thumbnailUrl\":\"https:\\\/\\\/dekkal-quincaillerie.dz\\\/fr\\\/wp-content\\\/uploads\\\/2024\\\/05\\\/Chauffe-bain-JUNKERS-11-Litres.avif\",\"datePublished\":\"2024-05-22T14:39:10+00:00\",\"dateModified\":\"2025-07-19T08:01:13+00:00\",\"description\":\"CHAUFFE BAIN 11L GAZ BUTANE JUNKERS\",\"breadcrumb\":{\"@id\":\"https:\\\/\\\/dekkal-quincaillerie.dz\\\/fr\\\/produit\\\/chauffe-bain-11l-gaz-butane-junkers\\\/#breadcrumb\"},\"inLanguage\":\"fr-FR\",\"potentialAction\":[{\"@type\":\"ReadAction\",\"target\":[\"https:\\\/\\\/dekkal-quincaillerie.dz\\\/fr\\\/produit\\\/chauffe-bain-11l-gaz-butane-junkers\\\/\"]}]},{\"@type\":\"ImageObject\",\"inLanguage\":\"fr-FR\",\"@id\":\"https:\\\/\\\/dekkal-quincaillerie.dz\\\/fr\\\/produit\\\/chauffe-bain-11l-gaz-butane-junkers\\\/#primaryimage\",\"url\":\"https:\\\/\\\/dekkal-quincaillerie.dz\\\/fr\\\/wp-content\\\/uploads\\\/2024\\\/05\\\/Chauffe-bain-JUNKERS-11-Litres.avif\",\"contentUrl\":\"https:\\\/\\\/dekkal-quincaillerie.dz\\\/fr\\\/wp-content\\\/uploads\\\/2024\\\/05\\\/Chauffe-bain-JUNKERS-11-Litres.avif\",\"width\":800,\"height\":450,\"caption\":\"CHAUFFE BAIN 11L GAZ BUTANE JUNKERS\"},{\"@type\":\"BreadcrumbList\",\"@id\":\"https:\\\/\\\/dekkal-quincaillerie.dz\\\/fr\\\/produit\\\/chauffe-bain-11l-gaz-butane-junkers\\\/#breadcrumb\",\"itemListElement\":[{\"@type\":\"ListItem\",\"position\":1,\"name\":\"Accueil\",\"item\":\"https:\\\/\\\/dekkal-quincaillerie.dz\\\/fr\\\/\"},{\"@type\":\"ListItem\",\"position\":2,\"name\":\"Boutique\",\"item\":\"https:\\\/\\\/dekkal-quincaillerie.dz\\\/fr\\\/boutique\\\/\"},{\"@type\":\"ListItem\",\"position\":3,\"name\":\"CHAUFFE BAIN 11L GAZ BUTANE JUNKERS\"}]},{\"@type\":\"WebSite\",\"@id\":\"https:\\\/\\\/dekkal-quincaillerie.dz\\\/fr\\\/#website\",\"url\":\"https:\\\/\\\/dekkal-quincaillerie.dz\\\/fr\\\/\",\"name\":\"DEKKAL\",\"description\":\"\",\"publisher\":{\"@id\":\"https:\\\/\\\/dekkal-quincaillerie.dz\\\/fr\\\/#organization\"},\"potentialAction\":[{\"@type\":\"SearchAction\",\"target\":{\"@type\":\"EntryPoint\",\"urlTemplate\":\"https:\\\/\\\/dekkal-quincaillerie.dz\\\/fr\\\/?s={search_term_string}\"},\"query-input\":{\"@type\":\"PropertyValueSpecification\",\"valueRequired\":true,\"valueName\":\"search_term_string\"}}],\"inLanguage\":\"fr-FR\"},{\"@type\":\"Organization\",\"@id\":\"https:\\\/\\\/dekkal-quincaillerie.dz\\\/fr\\\/#organization\",\"name\":\"DEKKAL QUINCAILLERIE\",\"url\":\"https:\\\/\\\/dekkal-quincaillerie.dz\\\/fr\\\/\",\"logo\":{\"@type\":\"ImageObject\",\"inLanguage\":\"fr-FR\",\"@id\":\"https:\\\/\\\/dekkal-quincaillerie.dz\\\/fr\\\/#\\\/schema\\\/logo\\\/image\\\/\",\"url\":\"https:\\\/\\\/dekkal-quincaillerie.dz\\\/fr\\\/wp-content\\\/uploads\\\/2022\\\/03\\\/image_2022-03-19_172411.png\",\"contentUrl\":\"https:\\\/\\\/dekkal-quincaillerie.dz\\\/fr\\\/wp-content\\\/uploads\\\/2022\\\/03\\\/image_2022-03-19_172411.png\",\"width\":851,\"height\":315,\"caption\":\"DEKKAL QUINCAILLERIE\"},\"image\":{\"@id\":\"https:\\\/\\\/dekkal-quincaillerie.dz\\\/fr\\\/#\\\/schema\\\/logo\\\/image\\\/\"},\"sameAs\":[\"https:\\\/\\\/www.facebook.com\\\/ets.dekkal.1\",\"https:\\\/\\\/www.instagram.com\\\/ets.dekkal\\\/\"]}]}<\/script>\n<!-- \/ Yoast SEO Premium plugin. -->","yoast_head_json":{"title":"CHAUFFE BAIN 11L GAZ BUTANE JUNKERS - DEKKAL","description":"CHAUFFE BAIN 11L GAZ BUTANE JUNKERS","robots":{"index":"index","follow":"follow","max-snippet":"max-snippet:-1","max-image-preview":"max-image-preview:large","max-video-preview":"max-video-preview:-1"},"canonical":"https:\/\/dekkal-quincaillerie.dz\/fr\/produit\/chauffe-bain-11l-gaz-butane-junkers\/","schema":{"@context":"https:\/\/schema.org","@graph":[{"@type":"WebPage","@id":"https:\/\/dekkal-quincaillerie.dz\/fr\/produit\/chauffe-bain-11l-gaz-butane-junkers\/","url":"https:\/\/dekkal-quincaillerie.dz\/fr\/produit\/chauffe-bain-11l-gaz-butane-junkers\/","name":"CHAUFFE BAIN 11L GAZ BUTANE JUNKERS - DEKKAL","isPartOf":{"@id":"https:\/\/dekkal-quincaillerie.dz\/fr\/#website"},"primaryImageOfPage":{"@id":"https:\/\/dekkal-quincaillerie.dz\/fr\/produit\/chauffe-bain-11l-gaz-butane-junkers\/#primaryimage"},"image":{"@id":"https:\/\/dekkal-quincaillerie.dz\/fr\/produit\/chauffe-bain-11l-gaz-butane-junkers\/#primaryimage"},"thumbnailUrl":"https:\/\/dekkal-quincaillerie.dz\/fr\/wp-content\/uploads\/2024\/05\/Chauffe-bain-JUNKERS-11-Litres.avif","datePublished":"2024-05-22T14:39:10+00:00","dateModified":"2025-07-19T08:01:13+00:00","description":"CHAUFFE BAIN 11L GAZ BUTANE JUNKERS","breadcrumb":{"@id":"https:\/\/dekkal-quincaillerie.dz\/fr\/produit\/chauffe-bain-11l-gaz-butane-junkers\/#breadcrumb"},"inLanguage":"fr-FR","potentialAction":[{"@type":"ReadAction","target":["https:\/\/dekkal-quincaillerie.dz\/fr\/produit\/chauffe-bain-11l-gaz-butane-junkers\/"]}]},{"@type":"ImageObject","inLanguage":"fr-FR","@id":"https:\/\/dekkal-quincaillerie.dz\/fr\/produit\/chauffe-bain-11l-gaz-butane-junkers\/#primaryimage","url":"https:\/\/dekkal-quincaillerie.dz\/fr\/wp-content\/uploads\/2024\/05\/Chauffe-bain-JUNKERS-11-Litres.avif","contentUrl":"https:\/\/dekkal-quincaillerie.dz\/fr\/wp-content\/uploads\/2024\/05\/Chauffe-bain-JUNKERS-11-Litres.avif","width":800,"height":450,"caption":"CHAUFFE BAIN 11L GAZ BUTANE JUNKERS"},{"@type":"BreadcrumbList","@id":"https:\/\/dekkal-quincaillerie.dz\/fr\/produit\/chauffe-bain-11l-gaz-butane-junkers\/#breadcrumb","itemListElement":[{"@type":"ListItem","position":1,"name":"Accueil","item":"https:\/\/dekkal-quincaillerie.dz\/fr\/"},{"@type":"ListItem","position":2,"name":"Boutique","item":"https:\/\/dekkal-quincaillerie.dz\/fr\/boutique\/"},{"@type":"ListItem","position":3,"name":"CHAUFFE BAIN 11L GAZ BUTANE JUNKERS"}]},{"@type":"WebSite","@id":"https:\/\/dekkal-quincaillerie.dz\/fr\/#website","url":"https:\/\/dekkal-quincaillerie.dz\/fr\/","name":"DEKKAL","description":"","publisher":{"@id":"https:\/\/dekkal-quincaillerie.dz\/fr\/#organization"},"potentialAction":[{"@type":"SearchAction","target":{"@type":"EntryPoint","urlTemplate":"https:\/\/dekkal-quincaillerie.dz\/fr\/?s={search_term_string}"},"query-input":{"@type":"PropertyValueSpecification","valueRequired":true,"valueName":"search_term_string"}}],"inLanguage":"fr-FR"},{"@type":"Organization","@id":"https:\/\/dekkal-quincaillerie.dz\/fr\/#organization","name":"DEKKAL QUINCAILLERIE","url":"https:\/\/dekkal-quincaillerie.dz\/fr\/","logo":{"@type":"ImageObject","inLanguage":"fr-FR","@id":"https:\/\/dekkal-quincaillerie.dz\/fr\/#\/schema\/logo\/image\/","url":"https:\/\/dekkal-quincaillerie.dz\/fr\/wp-content\/uploads\/2022\/03\/image_2022-03-19_172411.png","contentUrl":"https:\/\/dekkal-quincaillerie.dz\/fr\/wp-content\/uploads\/2022\/03\/image_2022-03-19_172411.png","width":851,"height":315,"caption":"DEKKAL QUINCAILLERIE"},"image":{"@id":"https:\/\/dekkal-quincaillerie.dz\/fr\/#\/schema\/logo\/image\/"},"sameAs":["https:\/\/www.facebook.com\/ets.dekkal.1","https:\/\/www.instagram.com\/ets.dekkal\/"]}]}},"_links":{"self":[{"href":"https:\/\/dekkal-quincaillerie.dz\/fr\/wp-json\/wp\/v2\/product\/8413","targetHints":{"allow":["GET"]}}],"collection":[{"href":"https:\/\/dekkal-quincaillerie.dz\/fr\/wp-json\/wp\/v2\/product"}],"about":[{"href":"https:\/\/dekkal-quincaillerie.dz\/fr\/wp-json\/wp\/v2\/types\/product"}],"wp:featuredmedia":[{"embeddable":true,"href":"https:\/\/dekkal-quincaillerie.dz\/fr\/wp-json\/wp\/v2\/media\/8415"}],"wp:attachment":[{"href":"https:\/\/dekkal-quincaillerie.dz\/fr\/wp-json\/wp\/v2\/media?parent=8413"}],"wp:term":[{"taxonomy":"product_brand","embeddable":true,"href":"https:\/\/dekkal-quincaillerie.dz\/fr\/wp-json\/wp\/v2\/product_brand?post=8413"},{"taxonomy":"product_cat","embeddable":true,"href":"https:\/\/dekkal-quincaillerie.dz\/fr\/wp-json\/wp\/v2\/product_cat?post=8413"},{"taxonomy":"product_tag","embeddable":true,"href":"https:\/\/dekkal-quincaillerie.dz\/fr\/wp-json\/wp\/v2\/product_tag?post=8413"}],"curies":[{"name":"wp","href":"https:\/\/api.w.org\/{rel}","templated":true}]}}