{"id":8404,"date":"2024-05-20T12:14:38","date_gmt":"2024-05-20T12:14:38","guid":{"rendered":"https:\/\/dekkal-quincaillerie.dz\/fr\/?post_type=product&#038;p=8404"},"modified":"2025-03-22T07:17:02","modified_gmt":"2025-03-22T07:17:02","slug":"pompe-surpresseur-u3-120-6-pentax","status":"publish","type":"product","link":"https:\/\/dekkal-quincaillerie.dz\/fr\/produit\/pompe-surpresseur-u3-120-6-pentax\/","title":{"rendered":"POMPE SURPRESSEUR U3-120\/6 PENTAX"},"content":{"rendered":"<h4>POMPE SURPRESSEUR U3-120\/6 PENTAX<\/h4>\n<p>&nbsp;<\/p>\n<p>La <em><strong>POMPE SURPRESSEUR U3-120\/6 PENTAX<\/strong><\/em> fait partie des pompes multicellulaires \u00e0 axe horizontal en acier inox. Pour les fluides propres non charg\u00e9s : syst\u00e8me de pressurisation, irrigation, eau potable et glycol\u00e9e, traitement de l\u2019eau, chauffage et climatisation, syst\u00e8me de lavage.<\/p>\n<h5>CARACTERISTIQUES DE LA POMPE<\/h5>\n<ul>\n<li>Puissance: 1.2Hp \/ 0.9Kw<\/li>\n<li>Voltage: 220V<\/li>\n<li>Fr\u00e9quence: 50Hz<\/li>\n<li>D\u00e9bit max: 80l\/min<\/li>\n<li>Hauteur max: 58.7m<\/li>\n<\/ul>\n","protected":false},"excerpt":{"rendered":"<p>POMPE SURPRESSEUR U3-120\/6 PENTAX &nbsp; La POMPE SURPRESSEUR U3-120\/6 PENTAX fait partie des pompes multicellulaires \u00e0 axe horizontal en acier inox. Pour les fluides propres non charg\u00e9s : syst\u00e8me de pressurisation, irrigation, eau potable et glycol\u00e9e, traitement de l\u2019eau, chauffage et climatisation, syst\u00e8me de lavage. CARACTERISTIQUES DE LA POMPE Puissance: 1.2Hp \/ 0.9Kw Voltage: 220V [&hellip;]<\/p>\n","protected":false},"featured_media":8405,"template":"","meta":[],"product_brand":[1226],"product_cat":[251,455],"product_tag":[458,1145,1286,1285],"class_list":{"0":"post-8404","1":"product","2":"type-product","3":"status-publish","4":"has-post-thumbnail","6":"product_brand-pentax","7":"product_cat-plomberie","8":"product_cat-pompe-a-eau","9":"product_tag-pentax","10":"product_tag-pompe-a-eau","11":"product_tag-pompe-horizontale","12":"product_tag-pompe-surpresseur","14":"first","15":"outofstock","16":"taxable","17":"shipping-taxable","18":"purchasable","19":"product-type-simple"},"yoast_head":"<!-- This site is optimized with the Yoast SEO Premium plugin v20.0 (Yoast SEO v27.4) - https:\/\/yoast.com\/product\/yoast-seo-premium-wordpress\/ -->\n<title>POMPE SURPRESSEUR U3-120\/6 PENTAX - DEKKAL<\/title>\n<meta name=\"description\" content=\"POMPE SURPRESSEUR U3-120\/6 PENTAX - TENSION: 220V - PUISSANCE: 1.2HP - DEBIT MAX: 80L\/MIN - HAUTEUR MAX: 58.7M - DEKKAL QUINCAILLERIE - 0561.79.28.59\" \/>\n<meta name=\"robots\" content=\"index, follow, max-snippet:-1, max-image-preview:large, max-video-preview:-1\" \/>\n<link rel=\"canonical\" href=\"https:\/\/dekkal-quincaillerie.dz\/fr\/produit\/pompe-surpresseur-u3-120-6-pentax\/\" \/>\n<script type=\"application\/ld+json\" class=\"yoast-schema-graph\">{\"@context\":\"https:\\\/\\\/schema.org\",\"@graph\":[{\"@type\":\"WebPage\",\"@id\":\"https:\\\/\\\/dekkal-quincaillerie.dz\\\/fr\\\/produit\\\/pompe-surpresseur-u3-120-6-pentax\\\/\",\"url\":\"https:\\\/\\\/dekkal-quincaillerie.dz\\\/fr\\\/produit\\\/pompe-surpresseur-u3-120-6-pentax\\\/\",\"name\":\"POMPE SURPRESSEUR U3-120\\\/6 PENTAX - DEKKAL\",\"isPartOf\":{\"@id\":\"https:\\\/\\\/dekkal-quincaillerie.dz\\\/fr\\\/#website\"},\"primaryImageOfPage\":{\"@id\":\"https:\\\/\\\/dekkal-quincaillerie.dz\\\/fr\\\/produit\\\/pompe-surpresseur-u3-120-6-pentax\\\/#primaryimage\"},\"image\":{\"@id\":\"https:\\\/\\\/dekkal-quincaillerie.dz\\\/fr\\\/produit\\\/pompe-surpresseur-u3-120-6-pentax\\\/#primaryimage\"},\"thumbnailUrl\":\"https:\\\/\\\/dekkal-quincaillerie.dz\\\/fr\\\/wp-content\\\/uploads\\\/2024\\\/05\\\/U3-120-6.avif\",\"datePublished\":\"2024-05-20T12:14:38+00:00\",\"dateModified\":\"2025-03-22T07:17:02+00:00\",\"description\":\"POMPE SURPRESSEUR U3-120\\\/6 PENTAX - TENSION: 220V - PUISSANCE: 1.2HP - DEBIT MAX: 80L\\\/MIN - HAUTEUR MAX: 58.7M - DEKKAL QUINCAILLERIE - 0561.79.28.59\",\"breadcrumb\":{\"@id\":\"https:\\\/\\\/dekkal-quincaillerie.dz\\\/fr\\\/produit\\\/pompe-surpresseur-u3-120-6-pentax\\\/#breadcrumb\"},\"inLanguage\":\"fr-FR\",\"potentialAction\":[{\"@type\":\"ReadAction\",\"target\":[\"https:\\\/\\\/dekkal-quincaillerie.dz\\\/fr\\\/produit\\\/pompe-surpresseur-u3-120-6-pentax\\\/\"]}]},{\"@type\":\"ImageObject\",\"inLanguage\":\"fr-FR\",\"@id\":\"https:\\\/\\\/dekkal-quincaillerie.dz\\\/fr\\\/produit\\\/pompe-surpresseur-u3-120-6-pentax\\\/#primaryimage\",\"url\":\"https:\\\/\\\/dekkal-quincaillerie.dz\\\/fr\\\/wp-content\\\/uploads\\\/2024\\\/05\\\/U3-120-6.avif\",\"contentUrl\":\"https:\\\/\\\/dekkal-quincaillerie.dz\\\/fr\\\/wp-content\\\/uploads\\\/2024\\\/05\\\/U3-120-6.avif\",\"caption\":\"POMPE SURPRESSEUR U3-120\\\/6 PENTAX\"},{\"@type\":\"BreadcrumbList\",\"@id\":\"https:\\\/\\\/dekkal-quincaillerie.dz\\\/fr\\\/produit\\\/pompe-surpresseur-u3-120-6-pentax\\\/#breadcrumb\",\"itemListElement\":[{\"@type\":\"ListItem\",\"position\":1,\"name\":\"Accueil\",\"item\":\"https:\\\/\\\/dekkal-quincaillerie.dz\\\/fr\\\/\"},{\"@type\":\"ListItem\",\"position\":2,\"name\":\"Boutique\",\"item\":\"https:\\\/\\\/dekkal-quincaillerie.dz\\\/fr\\\/boutique\\\/\"},{\"@type\":\"ListItem\",\"position\":3,\"name\":\"POMPE SURPRESSEUR U3-120\\\/6 PENTAX\"}]},{\"@type\":\"WebSite\",\"@id\":\"https:\\\/\\\/dekkal-quincaillerie.dz\\\/fr\\\/#website\",\"url\":\"https:\\\/\\\/dekkal-quincaillerie.dz\\\/fr\\\/\",\"name\":\"DEKKAL\",\"description\":\"\",\"publisher\":{\"@id\":\"https:\\\/\\\/dekkal-quincaillerie.dz\\\/fr\\\/#organization\"},\"potentialAction\":[{\"@type\":\"SearchAction\",\"target\":{\"@type\":\"EntryPoint\",\"urlTemplate\":\"https:\\\/\\\/dekkal-quincaillerie.dz\\\/fr\\\/?s={search_term_string}\"},\"query-input\":{\"@type\":\"PropertyValueSpecification\",\"valueRequired\":true,\"valueName\":\"search_term_string\"}}],\"inLanguage\":\"fr-FR\"},{\"@type\":\"Organization\",\"@id\":\"https:\\\/\\\/dekkal-quincaillerie.dz\\\/fr\\\/#organization\",\"name\":\"DEKKAL QUINCAILLERIE\",\"url\":\"https:\\\/\\\/dekkal-quincaillerie.dz\\\/fr\\\/\",\"logo\":{\"@type\":\"ImageObject\",\"inLanguage\":\"fr-FR\",\"@id\":\"https:\\\/\\\/dekkal-quincaillerie.dz\\\/fr\\\/#\\\/schema\\\/logo\\\/image\\\/\",\"url\":\"https:\\\/\\\/dekkal-quincaillerie.dz\\\/fr\\\/wp-content\\\/uploads\\\/2022\\\/03\\\/image_2022-03-19_172411.png\",\"contentUrl\":\"https:\\\/\\\/dekkal-quincaillerie.dz\\\/fr\\\/wp-content\\\/uploads\\\/2022\\\/03\\\/image_2022-03-19_172411.png\",\"width\":851,\"height\":315,\"caption\":\"DEKKAL QUINCAILLERIE\"},\"image\":{\"@id\":\"https:\\\/\\\/dekkal-quincaillerie.dz\\\/fr\\\/#\\\/schema\\\/logo\\\/image\\\/\"},\"sameAs\":[\"https:\\\/\\\/www.facebook.com\\\/ets.dekkal.1\",\"https:\\\/\\\/www.instagram.com\\\/ets.dekkal\\\/\"]}]}<\/script>\n<!-- \/ Yoast SEO Premium plugin. -->","yoast_head_json":{"title":"POMPE SURPRESSEUR U3-120\/6 PENTAX - DEKKAL","description":"POMPE SURPRESSEUR U3-120\/6 PENTAX - TENSION: 220V - PUISSANCE: 1.2HP - DEBIT MAX: 80L\/MIN - HAUTEUR MAX: 58.7M - DEKKAL QUINCAILLERIE - 0561.79.28.59","robots":{"index":"index","follow":"follow","max-snippet":"max-snippet:-1","max-image-preview":"max-image-preview:large","max-video-preview":"max-video-preview:-1"},"canonical":"https:\/\/dekkal-quincaillerie.dz\/fr\/produit\/pompe-surpresseur-u3-120-6-pentax\/","schema":{"@context":"https:\/\/schema.org","@graph":[{"@type":"WebPage","@id":"https:\/\/dekkal-quincaillerie.dz\/fr\/produit\/pompe-surpresseur-u3-120-6-pentax\/","url":"https:\/\/dekkal-quincaillerie.dz\/fr\/produit\/pompe-surpresseur-u3-120-6-pentax\/","name":"POMPE SURPRESSEUR U3-120\/6 PENTAX - DEKKAL","isPartOf":{"@id":"https:\/\/dekkal-quincaillerie.dz\/fr\/#website"},"primaryImageOfPage":{"@id":"https:\/\/dekkal-quincaillerie.dz\/fr\/produit\/pompe-surpresseur-u3-120-6-pentax\/#primaryimage"},"image":{"@id":"https:\/\/dekkal-quincaillerie.dz\/fr\/produit\/pompe-surpresseur-u3-120-6-pentax\/#primaryimage"},"thumbnailUrl":"https:\/\/dekkal-quincaillerie.dz\/fr\/wp-content\/uploads\/2024\/05\/U3-120-6.avif","datePublished":"2024-05-20T12:14:38+00:00","dateModified":"2025-03-22T07:17:02+00:00","description":"POMPE SURPRESSEUR U3-120\/6 PENTAX - TENSION: 220V - PUISSANCE: 1.2HP - DEBIT MAX: 80L\/MIN - HAUTEUR MAX: 58.7M - DEKKAL QUINCAILLERIE - 0561.79.28.59","breadcrumb":{"@id":"https:\/\/dekkal-quincaillerie.dz\/fr\/produit\/pompe-surpresseur-u3-120-6-pentax\/#breadcrumb"},"inLanguage":"fr-FR","potentialAction":[{"@type":"ReadAction","target":["https:\/\/dekkal-quincaillerie.dz\/fr\/produit\/pompe-surpresseur-u3-120-6-pentax\/"]}]},{"@type":"ImageObject","inLanguage":"fr-FR","@id":"https:\/\/dekkal-quincaillerie.dz\/fr\/produit\/pompe-surpresseur-u3-120-6-pentax\/#primaryimage","url":"https:\/\/dekkal-quincaillerie.dz\/fr\/wp-content\/uploads\/2024\/05\/U3-120-6.avif","contentUrl":"https:\/\/dekkal-quincaillerie.dz\/fr\/wp-content\/uploads\/2024\/05\/U3-120-6.avif","caption":"POMPE SURPRESSEUR U3-120\/6 PENTAX"},{"@type":"BreadcrumbList","@id":"https:\/\/dekkal-quincaillerie.dz\/fr\/produit\/pompe-surpresseur-u3-120-6-pentax\/#breadcrumb","itemListElement":[{"@type":"ListItem","position":1,"name":"Accueil","item":"https:\/\/dekkal-quincaillerie.dz\/fr\/"},{"@type":"ListItem","position":2,"name":"Boutique","item":"https:\/\/dekkal-quincaillerie.dz\/fr\/boutique\/"},{"@type":"ListItem","position":3,"name":"POMPE SURPRESSEUR U3-120\/6 PENTAX"}]},{"@type":"WebSite","@id":"https:\/\/dekkal-quincaillerie.dz\/fr\/#website","url":"https:\/\/dekkal-quincaillerie.dz\/fr\/","name":"DEKKAL","description":"","publisher":{"@id":"https:\/\/dekkal-quincaillerie.dz\/fr\/#organization"},"potentialAction":[{"@type":"SearchAction","target":{"@type":"EntryPoint","urlTemplate":"https:\/\/dekkal-quincaillerie.dz\/fr\/?s={search_term_string}"},"query-input":{"@type":"PropertyValueSpecification","valueRequired":true,"valueName":"search_term_string"}}],"inLanguage":"fr-FR"},{"@type":"Organization","@id":"https:\/\/dekkal-quincaillerie.dz\/fr\/#organization","name":"DEKKAL QUINCAILLERIE","url":"https:\/\/dekkal-quincaillerie.dz\/fr\/","logo":{"@type":"ImageObject","inLanguage":"fr-FR","@id":"https:\/\/dekkal-quincaillerie.dz\/fr\/#\/schema\/logo\/image\/","url":"https:\/\/dekkal-quincaillerie.dz\/fr\/wp-content\/uploads\/2022\/03\/image_2022-03-19_172411.png","contentUrl":"https:\/\/dekkal-quincaillerie.dz\/fr\/wp-content\/uploads\/2022\/03\/image_2022-03-19_172411.png","width":851,"height":315,"caption":"DEKKAL QUINCAILLERIE"},"image":{"@id":"https:\/\/dekkal-quincaillerie.dz\/fr\/#\/schema\/logo\/image\/"},"sameAs":["https:\/\/www.facebook.com\/ets.dekkal.1","https:\/\/www.instagram.com\/ets.dekkal\/"]}]}},"_links":{"self":[{"href":"https:\/\/dekkal-quincaillerie.dz\/fr\/wp-json\/wp\/v2\/product\/8404","targetHints":{"allow":["GET"]}}],"collection":[{"href":"https:\/\/dekkal-quincaillerie.dz\/fr\/wp-json\/wp\/v2\/product"}],"about":[{"href":"https:\/\/dekkal-quincaillerie.dz\/fr\/wp-json\/wp\/v2\/types\/product"}],"wp:featuredmedia":[{"embeddable":true,"href":"https:\/\/dekkal-quincaillerie.dz\/fr\/wp-json\/wp\/v2\/media\/8405"}],"wp:attachment":[{"href":"https:\/\/dekkal-quincaillerie.dz\/fr\/wp-json\/wp\/v2\/media?parent=8404"}],"wp:term":[{"taxonomy":"product_brand","embeddable":true,"href":"https:\/\/dekkal-quincaillerie.dz\/fr\/wp-json\/wp\/v2\/product_brand?post=8404"},{"taxonomy":"product_cat","embeddable":true,"href":"https:\/\/dekkal-quincaillerie.dz\/fr\/wp-json\/wp\/v2\/product_cat?post=8404"},{"taxonomy":"product_tag","embeddable":true,"href":"https:\/\/dekkal-quincaillerie.dz\/fr\/wp-json\/wp\/v2\/product_tag?post=8404"}],"curies":[{"name":"wp","href":"https:\/\/api.w.org\/{rel}","templated":true}]}}