{"id":8368,"date":"2024-05-15T08:43:40","date_gmt":"2024-05-15T08:43:40","guid":{"rendered":"https:\/\/dekkal-quincaillerie.dz\/fr\/?post_type=product&#038;p=8368"},"modified":"2025-03-22T07:17:02","modified_gmt":"2025-03-22T07:17:02","slug":"marteau-perforateur-rh1500-32-soficlef","status":"publish","type":"product","link":"https:\/\/dekkal-quincaillerie.dz\/fr\/produit\/marteau-perforateur-rh1500-32-soficlef\/","title":{"rendered":"MARTEAU PERFORATEUR RH1500-32 SOFICLEF"},"content":{"rendered":"<h4>MARTEAU PERFORATEUR RH1500-32 SOFICLEF<\/h4>\n<p>&nbsp;<\/p>\n<p>Le <em><strong>MARTEAU PERFORATEUR RH1500-32 SOFICLEF<\/strong><\/em> est un outil puissant qui a trois modes de fonction: per\u00e7age, burinage et per\u00e7age avec percussion. C&rsquo;est un appareil avec une conception compacte et robuste. Son mandrin de type SDS assure une rapidit\u00e9 de remplacement de l\u2019outil et une s\u00e9curit\u00e9 de travail.<\/p>\n<p>Il poss\u00e8de une poign\u00e9e auxiliaire multi-positions.<\/p>\n<h5>CARACTERISTIQUES:<\/h5>\n<ul>\n<li>Puissance: 500W<\/li>\n<li>Tension: 230V<\/li>\n<li>Fr\u00e9quence: 50Hz<\/li>\n<li>Capacit\u00e9 de per\u00e7age :<br \/>\nB\u00e9ton : 32mm<br \/>\nBois\u00a0 \u00a0:\u00a0 40mm<br \/>\nAcier\u00a0 :\u00a0 13mm<\/li>\n<li>Vitesse \u00e0 vide : 0-930 tr\/min<\/li>\n<li>Taux de percussion : 0-4300 cps\/mi<\/li>\n<\/ul>\n","protected":false},"excerpt":{"rendered":"<p>MARTEAU PERFORATEUR RH1500-32 SOFICLEF &nbsp; Le MARTEAU PERFORATEUR RH1500-32 SOFICLEF est un outil puissant qui a trois modes de fonction: per\u00e7age, burinage et per\u00e7age avec percussion. C&rsquo;est un appareil avec une conception compacte et robuste. Son mandrin de type SDS assure une rapidit\u00e9 de remplacement de l\u2019outil et une s\u00e9curit\u00e9 de travail. Il poss\u00e8de une [&hellip;]<\/p>\n","protected":false},"featured_media":8372,"template":"","meta":[],"product_brand":[1102],"product_cat":[204],"product_tag":[1190,1269,1189,1271,1270,294],"class_list":{"0":"post-8368","1":"product","2":"type-product","3":"status-publish","4":"has-post-thumbnail","6":"product_brand-soficlef","7":"product_cat-batiment","8":"product_tag-burinage","9":"product_tag-merteau-perforateur","10":"product_tag-percage","11":"product_tag-percage-a-percussion","12":"product_tag-rh1500-32","13":"product_tag-soficlef","15":"first","16":"outofstock","17":"taxable","18":"shipping-taxable","19":"purchasable","20":"product-type-simple"},"yoast_head":"<!-- This site is optimized with the Yoast SEO Premium plugin v20.0 (Yoast SEO v27.4) - https:\/\/yoast.com\/product\/yoast-seo-premium-wordpress\/ -->\n<title>MARTEAU PERFORATEUR RH1500-32 SOFICLEF - DEKKAL<\/title>\n<meta name=\"description\" content=\"MARTEAU PERFORATEUR RH1500-32 SOFICLEF - 230V - PUISSANCE: 1500W - PERCAGE \/ BURINAGE \/ PERCAGE A PERCUSSION - DEKKAL QUINCAILLERIE - T-O - 0561.79.28.59\" \/>\n<meta name=\"robots\" content=\"index, follow, max-snippet:-1, max-image-preview:large, max-video-preview:-1\" \/>\n<link rel=\"canonical\" href=\"https:\/\/dekkal-quincaillerie.dz\/fr\/produit\/marteau-perforateur-rh1500-32-soficlef\/\" \/>\n<script type=\"application\/ld+json\" class=\"yoast-schema-graph\">{\"@context\":\"https:\\\/\\\/schema.org\",\"@graph\":[{\"@type\":\"WebPage\",\"@id\":\"https:\\\/\\\/dekkal-quincaillerie.dz\\\/fr\\\/produit\\\/marteau-perforateur-rh1500-32-soficlef\\\/\",\"url\":\"https:\\\/\\\/dekkal-quincaillerie.dz\\\/fr\\\/produit\\\/marteau-perforateur-rh1500-32-soficlef\\\/\",\"name\":\"MARTEAU PERFORATEUR RH1500-32 SOFICLEF - DEKKAL\",\"isPartOf\":{\"@id\":\"https:\\\/\\\/dekkal-quincaillerie.dz\\\/fr\\\/#website\"},\"primaryImageOfPage\":{\"@id\":\"https:\\\/\\\/dekkal-quincaillerie.dz\\\/fr\\\/produit\\\/marteau-perforateur-rh1500-32-soficlef\\\/#primaryimage\"},\"image\":{\"@id\":\"https:\\\/\\\/dekkal-quincaillerie.dz\\\/fr\\\/produit\\\/marteau-perforateur-rh1500-32-soficlef\\\/#primaryimage\"},\"thumbnailUrl\":\"https:\\\/\\\/dekkal-quincaillerie.dz\\\/fr\\\/wp-content\\\/uploads\\\/2024\\\/05\\\/RH1500-32.avif\",\"datePublished\":\"2024-05-15T08:43:40+00:00\",\"dateModified\":\"2025-03-22T07:17:02+00:00\",\"description\":\"MARTEAU PERFORATEUR RH1500-32 SOFICLEF - 230V - PUISSANCE: 1500W - PERCAGE \\\/ BURINAGE \\\/ PERCAGE A PERCUSSION - DEKKAL QUINCAILLERIE - T-O - 0561.79.28.59\",\"breadcrumb\":{\"@id\":\"https:\\\/\\\/dekkal-quincaillerie.dz\\\/fr\\\/produit\\\/marteau-perforateur-rh1500-32-soficlef\\\/#breadcrumb\"},\"inLanguage\":\"fr-FR\",\"potentialAction\":[{\"@type\":\"ReadAction\",\"target\":[\"https:\\\/\\\/dekkal-quincaillerie.dz\\\/fr\\\/produit\\\/marteau-perforateur-rh1500-32-soficlef\\\/\"]}]},{\"@type\":\"ImageObject\",\"inLanguage\":\"fr-FR\",\"@id\":\"https:\\\/\\\/dekkal-quincaillerie.dz\\\/fr\\\/produit\\\/marteau-perforateur-rh1500-32-soficlef\\\/#primaryimage\",\"url\":\"https:\\\/\\\/dekkal-quincaillerie.dz\\\/fr\\\/wp-content\\\/uploads\\\/2024\\\/05\\\/RH1500-32.avif\",\"contentUrl\":\"https:\\\/\\\/dekkal-quincaillerie.dz\\\/fr\\\/wp-content\\\/uploads\\\/2024\\\/05\\\/RH1500-32.avif\",\"width\":1000,\"height\":800,\"caption\":\"MARTEAU PERFORATEUR RH1500-32 SOFICLEF\"},{\"@type\":\"BreadcrumbList\",\"@id\":\"https:\\\/\\\/dekkal-quincaillerie.dz\\\/fr\\\/produit\\\/marteau-perforateur-rh1500-32-soficlef\\\/#breadcrumb\",\"itemListElement\":[{\"@type\":\"ListItem\",\"position\":1,\"name\":\"Accueil\",\"item\":\"https:\\\/\\\/dekkal-quincaillerie.dz\\\/fr\\\/\"},{\"@type\":\"ListItem\",\"position\":2,\"name\":\"Boutique\",\"item\":\"https:\\\/\\\/dekkal-quincaillerie.dz\\\/fr\\\/boutique\\\/\"},{\"@type\":\"ListItem\",\"position\":3,\"name\":\"MARTEAU PERFORATEUR RH1500-32 SOFICLEF\"}]},{\"@type\":\"WebSite\",\"@id\":\"https:\\\/\\\/dekkal-quincaillerie.dz\\\/fr\\\/#website\",\"url\":\"https:\\\/\\\/dekkal-quincaillerie.dz\\\/fr\\\/\",\"name\":\"DEKKAL\",\"description\":\"\",\"publisher\":{\"@id\":\"https:\\\/\\\/dekkal-quincaillerie.dz\\\/fr\\\/#organization\"},\"potentialAction\":[{\"@type\":\"SearchAction\",\"target\":{\"@type\":\"EntryPoint\",\"urlTemplate\":\"https:\\\/\\\/dekkal-quincaillerie.dz\\\/fr\\\/?s={search_term_string}\"},\"query-input\":{\"@type\":\"PropertyValueSpecification\",\"valueRequired\":true,\"valueName\":\"search_term_string\"}}],\"inLanguage\":\"fr-FR\"},{\"@type\":\"Organization\",\"@id\":\"https:\\\/\\\/dekkal-quincaillerie.dz\\\/fr\\\/#organization\",\"name\":\"DEKKAL QUINCAILLERIE\",\"url\":\"https:\\\/\\\/dekkal-quincaillerie.dz\\\/fr\\\/\",\"logo\":{\"@type\":\"ImageObject\",\"inLanguage\":\"fr-FR\",\"@id\":\"https:\\\/\\\/dekkal-quincaillerie.dz\\\/fr\\\/#\\\/schema\\\/logo\\\/image\\\/\",\"url\":\"https:\\\/\\\/dekkal-quincaillerie.dz\\\/fr\\\/wp-content\\\/uploads\\\/2022\\\/03\\\/image_2022-03-19_172411.png\",\"contentUrl\":\"https:\\\/\\\/dekkal-quincaillerie.dz\\\/fr\\\/wp-content\\\/uploads\\\/2022\\\/03\\\/image_2022-03-19_172411.png\",\"width\":851,\"height\":315,\"caption\":\"DEKKAL QUINCAILLERIE\"},\"image\":{\"@id\":\"https:\\\/\\\/dekkal-quincaillerie.dz\\\/fr\\\/#\\\/schema\\\/logo\\\/image\\\/\"},\"sameAs\":[\"https:\\\/\\\/www.facebook.com\\\/ets.dekkal.1\",\"https:\\\/\\\/www.instagram.com\\\/ets.dekkal\\\/\"]}]}<\/script>\n<!-- \/ Yoast SEO Premium plugin. -->","yoast_head_json":{"title":"MARTEAU PERFORATEUR RH1500-32 SOFICLEF - DEKKAL","description":"MARTEAU PERFORATEUR RH1500-32 SOFICLEF - 230V - PUISSANCE: 1500W - PERCAGE \/ BURINAGE \/ PERCAGE A PERCUSSION - DEKKAL QUINCAILLERIE - T-O - 0561.79.28.59","robots":{"index":"index","follow":"follow","max-snippet":"max-snippet:-1","max-image-preview":"max-image-preview:large","max-video-preview":"max-video-preview:-1"},"canonical":"https:\/\/dekkal-quincaillerie.dz\/fr\/produit\/marteau-perforateur-rh1500-32-soficlef\/","schema":{"@context":"https:\/\/schema.org","@graph":[{"@type":"WebPage","@id":"https:\/\/dekkal-quincaillerie.dz\/fr\/produit\/marteau-perforateur-rh1500-32-soficlef\/","url":"https:\/\/dekkal-quincaillerie.dz\/fr\/produit\/marteau-perforateur-rh1500-32-soficlef\/","name":"MARTEAU PERFORATEUR RH1500-32 SOFICLEF - DEKKAL","isPartOf":{"@id":"https:\/\/dekkal-quincaillerie.dz\/fr\/#website"},"primaryImageOfPage":{"@id":"https:\/\/dekkal-quincaillerie.dz\/fr\/produit\/marteau-perforateur-rh1500-32-soficlef\/#primaryimage"},"image":{"@id":"https:\/\/dekkal-quincaillerie.dz\/fr\/produit\/marteau-perforateur-rh1500-32-soficlef\/#primaryimage"},"thumbnailUrl":"https:\/\/dekkal-quincaillerie.dz\/fr\/wp-content\/uploads\/2024\/05\/RH1500-32.avif","datePublished":"2024-05-15T08:43:40+00:00","dateModified":"2025-03-22T07:17:02+00:00","description":"MARTEAU PERFORATEUR RH1500-32 SOFICLEF - 230V - PUISSANCE: 1500W - PERCAGE \/ BURINAGE \/ PERCAGE A PERCUSSION - DEKKAL QUINCAILLERIE - T-O - 0561.79.28.59","breadcrumb":{"@id":"https:\/\/dekkal-quincaillerie.dz\/fr\/produit\/marteau-perforateur-rh1500-32-soficlef\/#breadcrumb"},"inLanguage":"fr-FR","potentialAction":[{"@type":"ReadAction","target":["https:\/\/dekkal-quincaillerie.dz\/fr\/produit\/marteau-perforateur-rh1500-32-soficlef\/"]}]},{"@type":"ImageObject","inLanguage":"fr-FR","@id":"https:\/\/dekkal-quincaillerie.dz\/fr\/produit\/marteau-perforateur-rh1500-32-soficlef\/#primaryimage","url":"https:\/\/dekkal-quincaillerie.dz\/fr\/wp-content\/uploads\/2024\/05\/RH1500-32.avif","contentUrl":"https:\/\/dekkal-quincaillerie.dz\/fr\/wp-content\/uploads\/2024\/05\/RH1500-32.avif","width":1000,"height":800,"caption":"MARTEAU PERFORATEUR RH1500-32 SOFICLEF"},{"@type":"BreadcrumbList","@id":"https:\/\/dekkal-quincaillerie.dz\/fr\/produit\/marteau-perforateur-rh1500-32-soficlef\/#breadcrumb","itemListElement":[{"@type":"ListItem","position":1,"name":"Accueil","item":"https:\/\/dekkal-quincaillerie.dz\/fr\/"},{"@type":"ListItem","position":2,"name":"Boutique","item":"https:\/\/dekkal-quincaillerie.dz\/fr\/boutique\/"},{"@type":"ListItem","position":3,"name":"MARTEAU PERFORATEUR RH1500-32 SOFICLEF"}]},{"@type":"WebSite","@id":"https:\/\/dekkal-quincaillerie.dz\/fr\/#website","url":"https:\/\/dekkal-quincaillerie.dz\/fr\/","name":"DEKKAL","description":"","publisher":{"@id":"https:\/\/dekkal-quincaillerie.dz\/fr\/#organization"},"potentialAction":[{"@type":"SearchAction","target":{"@type":"EntryPoint","urlTemplate":"https:\/\/dekkal-quincaillerie.dz\/fr\/?s={search_term_string}"},"query-input":{"@type":"PropertyValueSpecification","valueRequired":true,"valueName":"search_term_string"}}],"inLanguage":"fr-FR"},{"@type":"Organization","@id":"https:\/\/dekkal-quincaillerie.dz\/fr\/#organization","name":"DEKKAL QUINCAILLERIE","url":"https:\/\/dekkal-quincaillerie.dz\/fr\/","logo":{"@type":"ImageObject","inLanguage":"fr-FR","@id":"https:\/\/dekkal-quincaillerie.dz\/fr\/#\/schema\/logo\/image\/","url":"https:\/\/dekkal-quincaillerie.dz\/fr\/wp-content\/uploads\/2022\/03\/image_2022-03-19_172411.png","contentUrl":"https:\/\/dekkal-quincaillerie.dz\/fr\/wp-content\/uploads\/2022\/03\/image_2022-03-19_172411.png","width":851,"height":315,"caption":"DEKKAL QUINCAILLERIE"},"image":{"@id":"https:\/\/dekkal-quincaillerie.dz\/fr\/#\/schema\/logo\/image\/"},"sameAs":["https:\/\/www.facebook.com\/ets.dekkal.1","https:\/\/www.instagram.com\/ets.dekkal\/"]}]}},"_links":{"self":[{"href":"https:\/\/dekkal-quincaillerie.dz\/fr\/wp-json\/wp\/v2\/product\/8368","targetHints":{"allow":["GET"]}}],"collection":[{"href":"https:\/\/dekkal-quincaillerie.dz\/fr\/wp-json\/wp\/v2\/product"}],"about":[{"href":"https:\/\/dekkal-quincaillerie.dz\/fr\/wp-json\/wp\/v2\/types\/product"}],"wp:featuredmedia":[{"embeddable":true,"href":"https:\/\/dekkal-quincaillerie.dz\/fr\/wp-json\/wp\/v2\/media\/8372"}],"wp:attachment":[{"href":"https:\/\/dekkal-quincaillerie.dz\/fr\/wp-json\/wp\/v2\/media?parent=8368"}],"wp:term":[{"taxonomy":"product_brand","embeddable":true,"href":"https:\/\/dekkal-quincaillerie.dz\/fr\/wp-json\/wp\/v2\/product_brand?post=8368"},{"taxonomy":"product_cat","embeddable":true,"href":"https:\/\/dekkal-quincaillerie.dz\/fr\/wp-json\/wp\/v2\/product_cat?post=8368"},{"taxonomy":"product_tag","embeddable":true,"href":"https:\/\/dekkal-quincaillerie.dz\/fr\/wp-json\/wp\/v2\/product_tag?post=8368"}],"curies":[{"name":"wp","href":"https:\/\/api.w.org\/{rel}","templated":true}]}}