{"id":8347,"date":"2024-05-12T09:13:49","date_gmt":"2024-05-12T09:13:49","guid":{"rendered":"https:\/\/dekkal-quincaillerie.dz\/fr\/?post_type=product&#038;p=8347"},"modified":"2025-03-22T07:17:02","modified_gmt":"2025-03-22T07:17:02","slug":"pistolet-a-colle-tc-gg-30-einhell","status":"publish","type":"product","link":"https:\/\/dekkal-quincaillerie.dz\/fr\/produit\/pistolet-a-colle-tc-gg-30-einhell\/","title":{"rendered":"PISTOLET A COLLE TC-GG 30 EINHELL"},"content":{"rendered":"<h4><strong>PISTOLET A COLLE TC-GG 30 EINHELL<\/strong><\/h4>\n<p>&nbsp;<\/p>\n<p>Le <em><strong>PISTOLET A COLLE TC-GG 30 EINHELL <\/strong><\/em>a une fonction m\u00e9canique simple, parfait pour une utilisation occasionnelle mais fonctionnelle pour les\u00a0 bricoleur, les artisans et les cr\u00e9ations artistiques.<\/p>\n<p>La chauffe de la colle prend 3 \u00e0 5 minutes, et le niveau de temp\u00e9rature reste stable jusqu&rsquo;\u00e0 l&rsquo;extinction de l&rsquo;appareil. Les colles chaudes conviennent pour tous types de mat\u00e9riaux tel que: le bois, le m\u00e9tal, les tissus et textiles, m\u00eame pour les c\u00e9ramique.<\/p>\n<p>Ce pistolet \u00e0 colle est \u00e9quip\u00e9 d&rsquo;un support m\u00e9tallique int\u00e9gr\u00e9, permettant de le poser\u00a0 apr\u00e8s chaque utilisation en toute s\u00e9curit\u00e9 et sans aucun risque de br\u00fblure.<\/p>\n<p>Le <strong><em>PISTOLET TC-GG 30<\/em><\/strong> est dot\u00e9 d&rsquo;une buse standard et une autre plate et aussi d&rsquo;une buse \u00e0 prolongation, trois b\u00e2tons de colles sont inclus.<\/p>\n<h5><strong>CARACTERISTIQUES<\/strong><\/h5>\n<ul>\n<li>Puissance: 30W<\/li>\n<li>Tension: 220-240V \/ 50Hz<\/li>\n<li>Diam\u00e8tre du b\u00e2tonnet de colle: 11.2mm<\/li>\n<li>Longueur du c\u00e2ble alimentation: 1.9m<\/li>\n<li>Temps de pr\u00e9chauffage: 300s<\/li>\n<li>Temp\u00e9rature max: 195\u00b0C<\/li>\n<li>Poids: 200gr<\/li>\n<\/ul>\n<p>Voici comment l\u2019utiliser :<\/p>\n<ol>\n<li><strong>Branchement et chauffage<\/strong>\u00a0:\n<ul>\n<li>Branchez le pistolet \u00e0 colle \u00e0 une prise \u00e9lectrique.<\/li>\n<li>Ins\u00e9rez un b\u00e2ton de colle dans le compartiment pr\u00e9vu \u00e0 cet effet.<\/li>\n<li>Attendez environ 3 \u00e0 4 minutes pour que le pistolet chauffe.<\/li>\n<\/ul>\n<\/li>\n<li><strong>Application de la colle<\/strong>\u00a0:\n<ul>\n<li>Une fois chauff\u00e9, le pistolet est pr\u00eat \u00e0 l\u2019emploi.<\/li>\n<li>Appuyez sur la g\u00e2chette pour faire sortir la colle fondue par la buse.<\/li>\n<li>Appliquez la colle sur la surface que vous souhaitez coller.<\/li>\n<\/ul>\n<\/li>\n<li><strong>S\u00e9curit\u00e9<\/strong>\u00a0:\n<ul>\n<li>Faites attention \u00e0 la buse chaude et \u00e0 la colle fondue.<\/li>\n<li>\u00c9vitez tout contact direct avec la colle chaude.<\/li>\n<\/ul>\n<\/li>\n<\/ol>\n","protected":false},"excerpt":{"rendered":"<p>Le <em><strong>PISTOLET A COLLE TC-GG 30 EINHELL <\/strong><\/em>a une fonction m\u00e9canique simple, parfait pour une utilisation occasionnelle mais fonctionnelle pour les\u00a0 bricoleur, les artisans et les cr\u00e9ations artistiques.<\/p>\n","protected":false},"featured_media":8349,"template":"","meta":[],"product_brand":[1094],"product_cat":[639],"product_tag":[],"class_list":{"0":"post-8347","1":"product","2":"type-product","3":"status-publish","4":"has-post-thumbnail","6":"product_brand-einhell","7":"product_cat-divers","9":"first","10":"instock","11":"taxable","12":"shipping-taxable","13":"purchasable","14":"product-type-simple"},"yoast_head":"<!-- This site is optimized with the Yoast SEO Premium plugin v20.0 (Yoast SEO v27.4) - https:\/\/yoast.com\/product\/yoast-seo-premium-wordpress\/ -->\n<title>PISTOLET A COLLE TC-GG 30 EINHELL - DEKKAL<\/title>\n<meta name=\"description\" content=\"PISTOLET A COLLE TC-GG 30 EINHELL-PUISSANCE:30W-ALIMENTATION:220-240V\/50H-puissance de chauffage:200W-DEKKAL QUINCAILLERIE TIZI OUZOU 0561.79.28.59\" \/>\n<meta name=\"robots\" content=\"index, follow, max-snippet:-1, max-image-preview:large, max-video-preview:-1\" \/>\n<link rel=\"canonical\" href=\"https:\/\/dekkal-quincaillerie.dz\/fr\/produit\/pistolet-a-colle-tc-gg-30-einhell\/\" \/>\n<script type=\"application\/ld+json\" class=\"yoast-schema-graph\">{\"@context\":\"https:\\\/\\\/schema.org\",\"@graph\":[{\"@type\":\"WebPage\",\"@id\":\"https:\\\/\\\/dekkal-quincaillerie.dz\\\/fr\\\/produit\\\/pistolet-a-colle-tc-gg-30-einhell\\\/\",\"url\":\"https:\\\/\\\/dekkal-quincaillerie.dz\\\/fr\\\/produit\\\/pistolet-a-colle-tc-gg-30-einhell\\\/\",\"name\":\"PISTOLET A COLLE TC-GG 30 EINHELL - DEKKAL\",\"isPartOf\":{\"@id\":\"https:\\\/\\\/dekkal-quincaillerie.dz\\\/fr\\\/#website\"},\"primaryImageOfPage\":{\"@id\":\"https:\\\/\\\/dekkal-quincaillerie.dz\\\/fr\\\/produit\\\/pistolet-a-colle-tc-gg-30-einhell\\\/#primaryimage\"},\"image\":{\"@id\":\"https:\\\/\\\/dekkal-quincaillerie.dz\\\/fr\\\/produit\\\/pistolet-a-colle-tc-gg-30-einhell\\\/#primaryimage\"},\"thumbnailUrl\":\"https:\\\/\\\/dekkal-quincaillerie.dz\\\/fr\\\/wp-content\\\/uploads\\\/2024\\\/05\\\/productimage-1-1.avif\",\"datePublished\":\"2024-05-12T09:13:49+00:00\",\"dateModified\":\"2025-03-22T07:17:02+00:00\",\"description\":\"PISTOLET A COLLE TC-GG 30 EINHELL-PUISSANCE:30W-ALIMENTATION:220-240V\\\/50H-puissance de chauffage:200W-DEKKAL QUINCAILLERIE TIZI OUZOU 0561.79.28.59\",\"breadcrumb\":{\"@id\":\"https:\\\/\\\/dekkal-quincaillerie.dz\\\/fr\\\/produit\\\/pistolet-a-colle-tc-gg-30-einhell\\\/#breadcrumb\"},\"inLanguage\":\"fr-FR\",\"potentialAction\":[{\"@type\":\"ReadAction\",\"target\":[\"https:\\\/\\\/dekkal-quincaillerie.dz\\\/fr\\\/produit\\\/pistolet-a-colle-tc-gg-30-einhell\\\/\"]}]},{\"@type\":\"ImageObject\",\"inLanguage\":\"fr-FR\",\"@id\":\"https:\\\/\\\/dekkal-quincaillerie.dz\\\/fr\\\/produit\\\/pistolet-a-colle-tc-gg-30-einhell\\\/#primaryimage\",\"url\":\"https:\\\/\\\/dekkal-quincaillerie.dz\\\/fr\\\/wp-content\\\/uploads\\\/2024\\\/05\\\/productimage-1-1.avif\",\"contentUrl\":\"https:\\\/\\\/dekkal-quincaillerie.dz\\\/fr\\\/wp-content\\\/uploads\\\/2024\\\/05\\\/productimage-1-1.avif\",\"width\":439,\"height\":400,\"caption\":\"PISTOLET A COLLE TC-GG 30 EINHELL\"},{\"@type\":\"BreadcrumbList\",\"@id\":\"https:\\\/\\\/dekkal-quincaillerie.dz\\\/fr\\\/produit\\\/pistolet-a-colle-tc-gg-30-einhell\\\/#breadcrumb\",\"itemListElement\":[{\"@type\":\"ListItem\",\"position\":1,\"name\":\"Accueil\",\"item\":\"https:\\\/\\\/dekkal-quincaillerie.dz\\\/fr\\\/\"},{\"@type\":\"ListItem\",\"position\":2,\"name\":\"Boutique\",\"item\":\"https:\\\/\\\/dekkal-quincaillerie.dz\\\/fr\\\/boutique\\\/\"},{\"@type\":\"ListItem\",\"position\":3,\"name\":\"PISTOLET A COLLE TC-GG 30 EINHELL\"}]},{\"@type\":\"WebSite\",\"@id\":\"https:\\\/\\\/dekkal-quincaillerie.dz\\\/fr\\\/#website\",\"url\":\"https:\\\/\\\/dekkal-quincaillerie.dz\\\/fr\\\/\",\"name\":\"DEKKAL\",\"description\":\"\",\"publisher\":{\"@id\":\"https:\\\/\\\/dekkal-quincaillerie.dz\\\/fr\\\/#organization\"},\"potentialAction\":[{\"@type\":\"SearchAction\",\"target\":{\"@type\":\"EntryPoint\",\"urlTemplate\":\"https:\\\/\\\/dekkal-quincaillerie.dz\\\/fr\\\/?s={search_term_string}\"},\"query-input\":{\"@type\":\"PropertyValueSpecification\",\"valueRequired\":true,\"valueName\":\"search_term_string\"}}],\"inLanguage\":\"fr-FR\"},{\"@type\":\"Organization\",\"@id\":\"https:\\\/\\\/dekkal-quincaillerie.dz\\\/fr\\\/#organization\",\"name\":\"DEKKAL QUINCAILLERIE\",\"url\":\"https:\\\/\\\/dekkal-quincaillerie.dz\\\/fr\\\/\",\"logo\":{\"@type\":\"ImageObject\",\"inLanguage\":\"fr-FR\",\"@id\":\"https:\\\/\\\/dekkal-quincaillerie.dz\\\/fr\\\/#\\\/schema\\\/logo\\\/image\\\/\",\"url\":\"https:\\\/\\\/dekkal-quincaillerie.dz\\\/fr\\\/wp-content\\\/uploads\\\/2022\\\/03\\\/image_2022-03-19_172411.png\",\"contentUrl\":\"https:\\\/\\\/dekkal-quincaillerie.dz\\\/fr\\\/wp-content\\\/uploads\\\/2022\\\/03\\\/image_2022-03-19_172411.png\",\"width\":851,\"height\":315,\"caption\":\"DEKKAL QUINCAILLERIE\"},\"image\":{\"@id\":\"https:\\\/\\\/dekkal-quincaillerie.dz\\\/fr\\\/#\\\/schema\\\/logo\\\/image\\\/\"},\"sameAs\":[\"https:\\\/\\\/www.facebook.com\\\/ets.dekkal.1\",\"https:\\\/\\\/www.instagram.com\\\/ets.dekkal\\\/\"]}]}<\/script>\n<!-- \/ Yoast SEO Premium plugin. -->","yoast_head_json":{"title":"PISTOLET A COLLE TC-GG 30 EINHELL - DEKKAL","description":"PISTOLET A COLLE TC-GG 30 EINHELL-PUISSANCE:30W-ALIMENTATION:220-240V\/50H-puissance de chauffage:200W-DEKKAL QUINCAILLERIE TIZI OUZOU 0561.79.28.59","robots":{"index":"index","follow":"follow","max-snippet":"max-snippet:-1","max-image-preview":"max-image-preview:large","max-video-preview":"max-video-preview:-1"},"canonical":"https:\/\/dekkal-quincaillerie.dz\/fr\/produit\/pistolet-a-colle-tc-gg-30-einhell\/","schema":{"@context":"https:\/\/schema.org","@graph":[{"@type":"WebPage","@id":"https:\/\/dekkal-quincaillerie.dz\/fr\/produit\/pistolet-a-colle-tc-gg-30-einhell\/","url":"https:\/\/dekkal-quincaillerie.dz\/fr\/produit\/pistolet-a-colle-tc-gg-30-einhell\/","name":"PISTOLET A COLLE TC-GG 30 EINHELL - DEKKAL","isPartOf":{"@id":"https:\/\/dekkal-quincaillerie.dz\/fr\/#website"},"primaryImageOfPage":{"@id":"https:\/\/dekkal-quincaillerie.dz\/fr\/produit\/pistolet-a-colle-tc-gg-30-einhell\/#primaryimage"},"image":{"@id":"https:\/\/dekkal-quincaillerie.dz\/fr\/produit\/pistolet-a-colle-tc-gg-30-einhell\/#primaryimage"},"thumbnailUrl":"https:\/\/dekkal-quincaillerie.dz\/fr\/wp-content\/uploads\/2024\/05\/productimage-1-1.avif","datePublished":"2024-05-12T09:13:49+00:00","dateModified":"2025-03-22T07:17:02+00:00","description":"PISTOLET A COLLE TC-GG 30 EINHELL-PUISSANCE:30W-ALIMENTATION:220-240V\/50H-puissance de chauffage:200W-DEKKAL QUINCAILLERIE TIZI OUZOU 0561.79.28.59","breadcrumb":{"@id":"https:\/\/dekkal-quincaillerie.dz\/fr\/produit\/pistolet-a-colle-tc-gg-30-einhell\/#breadcrumb"},"inLanguage":"fr-FR","potentialAction":[{"@type":"ReadAction","target":["https:\/\/dekkal-quincaillerie.dz\/fr\/produit\/pistolet-a-colle-tc-gg-30-einhell\/"]}]},{"@type":"ImageObject","inLanguage":"fr-FR","@id":"https:\/\/dekkal-quincaillerie.dz\/fr\/produit\/pistolet-a-colle-tc-gg-30-einhell\/#primaryimage","url":"https:\/\/dekkal-quincaillerie.dz\/fr\/wp-content\/uploads\/2024\/05\/productimage-1-1.avif","contentUrl":"https:\/\/dekkal-quincaillerie.dz\/fr\/wp-content\/uploads\/2024\/05\/productimage-1-1.avif","width":439,"height":400,"caption":"PISTOLET A COLLE TC-GG 30 EINHELL"},{"@type":"BreadcrumbList","@id":"https:\/\/dekkal-quincaillerie.dz\/fr\/produit\/pistolet-a-colle-tc-gg-30-einhell\/#breadcrumb","itemListElement":[{"@type":"ListItem","position":1,"name":"Accueil","item":"https:\/\/dekkal-quincaillerie.dz\/fr\/"},{"@type":"ListItem","position":2,"name":"Boutique","item":"https:\/\/dekkal-quincaillerie.dz\/fr\/boutique\/"},{"@type":"ListItem","position":3,"name":"PISTOLET A COLLE TC-GG 30 EINHELL"}]},{"@type":"WebSite","@id":"https:\/\/dekkal-quincaillerie.dz\/fr\/#website","url":"https:\/\/dekkal-quincaillerie.dz\/fr\/","name":"DEKKAL","description":"","publisher":{"@id":"https:\/\/dekkal-quincaillerie.dz\/fr\/#organization"},"potentialAction":[{"@type":"SearchAction","target":{"@type":"EntryPoint","urlTemplate":"https:\/\/dekkal-quincaillerie.dz\/fr\/?s={search_term_string}"},"query-input":{"@type":"PropertyValueSpecification","valueRequired":true,"valueName":"search_term_string"}}],"inLanguage":"fr-FR"},{"@type":"Organization","@id":"https:\/\/dekkal-quincaillerie.dz\/fr\/#organization","name":"DEKKAL QUINCAILLERIE","url":"https:\/\/dekkal-quincaillerie.dz\/fr\/","logo":{"@type":"ImageObject","inLanguage":"fr-FR","@id":"https:\/\/dekkal-quincaillerie.dz\/fr\/#\/schema\/logo\/image\/","url":"https:\/\/dekkal-quincaillerie.dz\/fr\/wp-content\/uploads\/2022\/03\/image_2022-03-19_172411.png","contentUrl":"https:\/\/dekkal-quincaillerie.dz\/fr\/wp-content\/uploads\/2022\/03\/image_2022-03-19_172411.png","width":851,"height":315,"caption":"DEKKAL QUINCAILLERIE"},"image":{"@id":"https:\/\/dekkal-quincaillerie.dz\/fr\/#\/schema\/logo\/image\/"},"sameAs":["https:\/\/www.facebook.com\/ets.dekkal.1","https:\/\/www.instagram.com\/ets.dekkal\/"]}]}},"_links":{"self":[{"href":"https:\/\/dekkal-quincaillerie.dz\/fr\/wp-json\/wp\/v2\/product\/8347","targetHints":{"allow":["GET"]}}],"collection":[{"href":"https:\/\/dekkal-quincaillerie.dz\/fr\/wp-json\/wp\/v2\/product"}],"about":[{"href":"https:\/\/dekkal-quincaillerie.dz\/fr\/wp-json\/wp\/v2\/types\/product"}],"wp:featuredmedia":[{"embeddable":true,"href":"https:\/\/dekkal-quincaillerie.dz\/fr\/wp-json\/wp\/v2\/media\/8349"}],"wp:attachment":[{"href":"https:\/\/dekkal-quincaillerie.dz\/fr\/wp-json\/wp\/v2\/media?parent=8347"}],"wp:term":[{"taxonomy":"product_brand","embeddable":true,"href":"https:\/\/dekkal-quincaillerie.dz\/fr\/wp-json\/wp\/v2\/product_brand?post=8347"},{"taxonomy":"product_cat","embeddable":true,"href":"https:\/\/dekkal-quincaillerie.dz\/fr\/wp-json\/wp\/v2\/product_cat?post=8347"},{"taxonomy":"product_tag","embeddable":true,"href":"https:\/\/dekkal-quincaillerie.dz\/fr\/wp-json\/wp\/v2\/product_tag?post=8347"}],"curies":[{"name":"wp","href":"https:\/\/api.w.org\/{rel}","templated":true}]}}