{"id":8334,"date":"2024-05-11T13:47:53","date_gmt":"2024-05-11T13:47:53","guid":{"rendered":"https:\/\/dekkal-quincaillerie.dz\/fr\/?post_type=product&#038;p=8334"},"modified":"2025-03-22T07:17:02","modified_gmt":"2025-03-22T07:17:02","slug":"meuleuse-angulaire-bt-ag-2350-einhell","status":"publish","type":"product","link":"https:\/\/dekkal-quincaillerie.dz\/fr\/produit\/meuleuse-angulaire-bt-ag-2350-einhell\/","title":{"rendered":"MEULEUSE ANGULAIRE BT-AG 2350 EINHELL"},"content":{"rendered":"<h4>MEULEUSE ANGULAIRE BT-AG 2350 EINHELL<\/h4>\n<p>&nbsp;<\/p>\n<p>La <em><strong>MEULEUSE ANGULAIRE BT-AG 2350 EINHELL<\/strong><\/em> est une meuleuse \u00e9lectrique grand angle \u00d8 230mm, avec un d\u00e9marrage progressif. Cet outil est dot\u00e9 d&rsquo;un capot de protection \u00e0 r\u00e9glage facile, et des poign\u00e9es pivotantes qui facilitent la prise en main et le travail. Sans oublier sa fonction sp\u00e9ciale Anti-\u00e9claboussure.<\/p>\n<h5><span style=\"color: #000000;\"><strong>CARACTERISTIQUES<\/strong><\/span><\/h5>\n<ul>\n<li>Puissance: 2350W<\/li>\n<li>Tension: 230V<\/li>\n<li>Diam\u00e8tre de coupe: 230mm<\/li>\n<li>Longueur du c\u00e2ble: 3m<\/li>\n<li>Vitesse \u00e0 vide: 6000 TR\/MIN<\/li>\n<li>Poids: 2kg<\/li>\n<\/ul>\n","protected":false},"excerpt":{"rendered":"<p>MEULEUSE ANGULAIRE BT-AG 2350 EINHELL &nbsp; La MEULEUSE ANGULAIRE BT-AG 2350 EINHELL est une meuleuse \u00e9lectrique grand angle \u00d8 230mm, avec un d\u00e9marrage progressif. Cet outil est dot\u00e9 d&rsquo;un capot de protection \u00e0 r\u00e9glage facile, et des poign\u00e9es pivotantes qui facilitent la prise en main et le travail. Sans oublier sa fonction sp\u00e9ciale Anti-\u00e9claboussure. CARACTERISTIQUES [&hellip;]<\/p>\n","protected":false},"featured_media":8336,"template":"","meta":{"jetpack_post_was_ever_published":false,"jetpack_publicize_message":"","jetpack_publicize_feature_enabled":true,"jetpack_social_post_already_shared":false,"jetpack_social_options":{"image_generator_settings":{"template":"highway","default_image_id":0,"font":"","enabled":false},"version":2}},"product_brand":[1094],"product_cat":[204],"product_tag":[1257,730,1198,960,726],"class_list":{"0":"post-8334","1":"product","2":"type-product","3":"status-publish","4":"has-post-thumbnail","6":"product_brand-einhell","7":"product_cat-batiment","8":"product_tag-2350w","9":"product_tag-einhell","10":"product_tag-meuleuse-angulaire","11":"product_tag-o230","12":"product_tag-tronconneuse","14":"first","15":"instock","16":"taxable","17":"shipping-taxable","18":"purchasable","19":"product-type-simple"},"yoast_head":"<!-- This site is optimized with the Yoast SEO Premium plugin v20.0 (Yoast SEO v27.4) - https:\/\/yoast.com\/product\/yoast-seo-premium-wordpress\/ -->\n<title>MEULEUSE ANGULAIRE BT-AG 2350 EINHELL - DEKKAL<\/title>\n<meta name=\"description\" content=\"MEULEUSE ANGULAIRE BT-AG 2350 EINHELL - PUISSANCE: 2350W - TENSION: 230 - DIAMETRE: 230MM - DEKKAL QUINCAILLERIE - TIZI OUZOU - TEL.: 0561.79.28.59\" \/>\n<meta name=\"robots\" content=\"index, follow, max-snippet:-1, max-image-preview:large, max-video-preview:-1\" \/>\n<link rel=\"canonical\" href=\"https:\/\/dekkal-quincaillerie.dz\/fr\/produit\/meuleuse-angulaire-bt-ag-2350-einhell\/\" \/>\n<script type=\"application\/ld+json\" class=\"yoast-schema-graph\">{\"@context\":\"https:\\\/\\\/schema.org\",\"@graph\":[{\"@type\":\"WebPage\",\"@id\":\"https:\\\/\\\/dekkal-quincaillerie.dz\\\/fr\\\/produit\\\/meuleuse-angulaire-bt-ag-2350-einhell\\\/\",\"url\":\"https:\\\/\\\/dekkal-quincaillerie.dz\\\/fr\\\/produit\\\/meuleuse-angulaire-bt-ag-2350-einhell\\\/\",\"name\":\"MEULEUSE ANGULAIRE BT-AG 2350 EINHELL - DEKKAL\",\"isPartOf\":{\"@id\":\"https:\\\/\\\/dekkal-quincaillerie.dz\\\/fr\\\/#website\"},\"primaryImageOfPage\":{\"@id\":\"https:\\\/\\\/dekkal-quincaillerie.dz\\\/fr\\\/produit\\\/meuleuse-angulaire-bt-ag-2350-einhell\\\/#primaryimage\"},\"image\":{\"@id\":\"https:\\\/\\\/dekkal-quincaillerie.dz\\\/fr\\\/produit\\\/meuleuse-angulaire-bt-ag-2350-einhell\\\/#primaryimage\"},\"thumbnailUrl\":\"https:\\\/\\\/dekkal-quincaillerie.dz\\\/fr\\\/wp-content\\\/uploads\\\/2024\\\/05\\\/41_otBHL3EL.avif\",\"datePublished\":\"2024-05-11T13:47:53+00:00\",\"dateModified\":\"2025-03-22T07:17:02+00:00\",\"description\":\"MEULEUSE ANGULAIRE BT-AG 2350 EINHELL - PUISSANCE: 2350W - TENSION: 230 - DIAMETRE: 230MM - DEKKAL QUINCAILLERIE - TIZI OUZOU - TEL.: 0561.79.28.59\",\"breadcrumb\":{\"@id\":\"https:\\\/\\\/dekkal-quincaillerie.dz\\\/fr\\\/produit\\\/meuleuse-angulaire-bt-ag-2350-einhell\\\/#breadcrumb\"},\"inLanguage\":\"fr-FR\",\"potentialAction\":[{\"@type\":\"ReadAction\",\"target\":[\"https:\\\/\\\/dekkal-quincaillerie.dz\\\/fr\\\/produit\\\/meuleuse-angulaire-bt-ag-2350-einhell\\\/\"]}]},{\"@type\":\"ImageObject\",\"inLanguage\":\"fr-FR\",\"@id\":\"https:\\\/\\\/dekkal-quincaillerie.dz\\\/fr\\\/produit\\\/meuleuse-angulaire-bt-ag-2350-einhell\\\/#primaryimage\",\"url\":\"https:\\\/\\\/dekkal-quincaillerie.dz\\\/fr\\\/wp-content\\\/uploads\\\/2024\\\/05\\\/41_otBHL3EL.avif\",\"contentUrl\":\"https:\\\/\\\/dekkal-quincaillerie.dz\\\/fr\\\/wp-content\\\/uploads\\\/2024\\\/05\\\/41_otBHL3EL.avif\",\"width\":550,\"height\":450,\"caption\":\"MEULEUSE ANGULAIRE BT-AG 2350 EINHELL\"},{\"@type\":\"BreadcrumbList\",\"@id\":\"https:\\\/\\\/dekkal-quincaillerie.dz\\\/fr\\\/produit\\\/meuleuse-angulaire-bt-ag-2350-einhell\\\/#breadcrumb\",\"itemListElement\":[{\"@type\":\"ListItem\",\"position\":1,\"name\":\"Accueil\",\"item\":\"https:\\\/\\\/dekkal-quincaillerie.dz\\\/fr\\\/\"},{\"@type\":\"ListItem\",\"position\":2,\"name\":\"Boutique\",\"item\":\"https:\\\/\\\/dekkal-quincaillerie.dz\\\/fr\\\/boutique\\\/\"},{\"@type\":\"ListItem\",\"position\":3,\"name\":\"MEULEUSE ANGULAIRE BT-AG 2350 EINHELL\"}]},{\"@type\":\"WebSite\",\"@id\":\"https:\\\/\\\/dekkal-quincaillerie.dz\\\/fr\\\/#website\",\"url\":\"https:\\\/\\\/dekkal-quincaillerie.dz\\\/fr\\\/\",\"name\":\"DEKKAL\",\"description\":\"\",\"publisher\":{\"@id\":\"https:\\\/\\\/dekkal-quincaillerie.dz\\\/fr\\\/#organization\"},\"potentialAction\":[{\"@type\":\"SearchAction\",\"target\":{\"@type\":\"EntryPoint\",\"urlTemplate\":\"https:\\\/\\\/dekkal-quincaillerie.dz\\\/fr\\\/?s={search_term_string}\"},\"query-input\":{\"@type\":\"PropertyValueSpecification\",\"valueRequired\":true,\"valueName\":\"search_term_string\"}}],\"inLanguage\":\"fr-FR\"},{\"@type\":\"Organization\",\"@id\":\"https:\\\/\\\/dekkal-quincaillerie.dz\\\/fr\\\/#organization\",\"name\":\"DEKKAL QUINCAILLERIE\",\"url\":\"https:\\\/\\\/dekkal-quincaillerie.dz\\\/fr\\\/\",\"logo\":{\"@type\":\"ImageObject\",\"inLanguage\":\"fr-FR\",\"@id\":\"https:\\\/\\\/dekkal-quincaillerie.dz\\\/fr\\\/#\\\/schema\\\/logo\\\/image\\\/\",\"url\":\"https:\\\/\\\/dekkal-quincaillerie.dz\\\/fr\\\/wp-content\\\/uploads\\\/2022\\\/03\\\/image_2022-03-19_172411.png\",\"contentUrl\":\"https:\\\/\\\/dekkal-quincaillerie.dz\\\/fr\\\/wp-content\\\/uploads\\\/2022\\\/03\\\/image_2022-03-19_172411.png\",\"width\":851,\"height\":315,\"caption\":\"DEKKAL QUINCAILLERIE\"},\"image\":{\"@id\":\"https:\\\/\\\/dekkal-quincaillerie.dz\\\/fr\\\/#\\\/schema\\\/logo\\\/image\\\/\"},\"sameAs\":[\"https:\\\/\\\/www.facebook.com\\\/ets.dekkal.1\",\"https:\\\/\\\/www.instagram.com\\\/ets.dekkal\\\/\"]}]}<\/script>\n<!-- \/ Yoast SEO Premium plugin. -->","yoast_head_json":{"title":"MEULEUSE ANGULAIRE BT-AG 2350 EINHELL - DEKKAL","description":"MEULEUSE ANGULAIRE BT-AG 2350 EINHELL - PUISSANCE: 2350W - TENSION: 230 - DIAMETRE: 230MM - DEKKAL QUINCAILLERIE - TIZI OUZOU - TEL.: 0561.79.28.59","robots":{"index":"index","follow":"follow","max-snippet":"max-snippet:-1","max-image-preview":"max-image-preview:large","max-video-preview":"max-video-preview:-1"},"canonical":"https:\/\/dekkal-quincaillerie.dz\/fr\/produit\/meuleuse-angulaire-bt-ag-2350-einhell\/","schema":{"@context":"https:\/\/schema.org","@graph":[{"@type":"WebPage","@id":"https:\/\/dekkal-quincaillerie.dz\/fr\/produit\/meuleuse-angulaire-bt-ag-2350-einhell\/","url":"https:\/\/dekkal-quincaillerie.dz\/fr\/produit\/meuleuse-angulaire-bt-ag-2350-einhell\/","name":"MEULEUSE ANGULAIRE BT-AG 2350 EINHELL - DEKKAL","isPartOf":{"@id":"https:\/\/dekkal-quincaillerie.dz\/fr\/#website"},"primaryImageOfPage":{"@id":"https:\/\/dekkal-quincaillerie.dz\/fr\/produit\/meuleuse-angulaire-bt-ag-2350-einhell\/#primaryimage"},"image":{"@id":"https:\/\/dekkal-quincaillerie.dz\/fr\/produit\/meuleuse-angulaire-bt-ag-2350-einhell\/#primaryimage"},"thumbnailUrl":"https:\/\/dekkal-quincaillerie.dz\/fr\/wp-content\/uploads\/2024\/05\/41_otBHL3EL.avif","datePublished":"2024-05-11T13:47:53+00:00","dateModified":"2025-03-22T07:17:02+00:00","description":"MEULEUSE ANGULAIRE BT-AG 2350 EINHELL - PUISSANCE: 2350W - TENSION: 230 - DIAMETRE: 230MM - DEKKAL QUINCAILLERIE - TIZI OUZOU - TEL.: 0561.79.28.59","breadcrumb":{"@id":"https:\/\/dekkal-quincaillerie.dz\/fr\/produit\/meuleuse-angulaire-bt-ag-2350-einhell\/#breadcrumb"},"inLanguage":"fr-FR","potentialAction":[{"@type":"ReadAction","target":["https:\/\/dekkal-quincaillerie.dz\/fr\/produit\/meuleuse-angulaire-bt-ag-2350-einhell\/"]}]},{"@type":"ImageObject","inLanguage":"fr-FR","@id":"https:\/\/dekkal-quincaillerie.dz\/fr\/produit\/meuleuse-angulaire-bt-ag-2350-einhell\/#primaryimage","url":"https:\/\/dekkal-quincaillerie.dz\/fr\/wp-content\/uploads\/2024\/05\/41_otBHL3EL.avif","contentUrl":"https:\/\/dekkal-quincaillerie.dz\/fr\/wp-content\/uploads\/2024\/05\/41_otBHL3EL.avif","width":550,"height":450,"caption":"MEULEUSE ANGULAIRE BT-AG 2350 EINHELL"},{"@type":"BreadcrumbList","@id":"https:\/\/dekkal-quincaillerie.dz\/fr\/produit\/meuleuse-angulaire-bt-ag-2350-einhell\/#breadcrumb","itemListElement":[{"@type":"ListItem","position":1,"name":"Accueil","item":"https:\/\/dekkal-quincaillerie.dz\/fr\/"},{"@type":"ListItem","position":2,"name":"Boutique","item":"https:\/\/dekkal-quincaillerie.dz\/fr\/boutique\/"},{"@type":"ListItem","position":3,"name":"MEULEUSE ANGULAIRE BT-AG 2350 EINHELL"}]},{"@type":"WebSite","@id":"https:\/\/dekkal-quincaillerie.dz\/fr\/#website","url":"https:\/\/dekkal-quincaillerie.dz\/fr\/","name":"DEKKAL","description":"","publisher":{"@id":"https:\/\/dekkal-quincaillerie.dz\/fr\/#organization"},"potentialAction":[{"@type":"SearchAction","target":{"@type":"EntryPoint","urlTemplate":"https:\/\/dekkal-quincaillerie.dz\/fr\/?s={search_term_string}"},"query-input":{"@type":"PropertyValueSpecification","valueRequired":true,"valueName":"search_term_string"}}],"inLanguage":"fr-FR"},{"@type":"Organization","@id":"https:\/\/dekkal-quincaillerie.dz\/fr\/#organization","name":"DEKKAL QUINCAILLERIE","url":"https:\/\/dekkal-quincaillerie.dz\/fr\/","logo":{"@type":"ImageObject","inLanguage":"fr-FR","@id":"https:\/\/dekkal-quincaillerie.dz\/fr\/#\/schema\/logo\/image\/","url":"https:\/\/dekkal-quincaillerie.dz\/fr\/wp-content\/uploads\/2022\/03\/image_2022-03-19_172411.png","contentUrl":"https:\/\/dekkal-quincaillerie.dz\/fr\/wp-content\/uploads\/2022\/03\/image_2022-03-19_172411.png","width":851,"height":315,"caption":"DEKKAL QUINCAILLERIE"},"image":{"@id":"https:\/\/dekkal-quincaillerie.dz\/fr\/#\/schema\/logo\/image\/"},"sameAs":["https:\/\/www.facebook.com\/ets.dekkal.1","https:\/\/www.instagram.com\/ets.dekkal\/"]}]}},"jetpack_publicize_connections":[],"jetpack-related-posts":[{"id":6734,"url":"https:\/\/dekkal-quincaillerie.dz\/fr\/produit\/meuleuse-angulaire-o-230mm-2600w-m2600-230-soficlef\/","url_meta":{"origin":8334,"position":0},"title":"MEULEUSE ANGULAIRE \u00d8 230MM 2600W M2600-230 SOFICLEF","author":"webmaster","date":"d\u00e9cembre 5, 2022","format":false,"excerpt":"La meuleuse d'angle M2600-230 de la marque SOFICLEF est un outil pour couper, meuler, tron\u00e7onner et de brosser les m\u00e9taux et les diff\u00e9rents types de pierre. Fiche technique: -Puissance nominale: 2600W -Tention: 220V -Vitesse \u00e0 vide: 6600 tr\/min -Diam\u00e8tre du disque: 230mm","rel":"","context":"Article similaire","block_context":{"text":"Article similaire","link":""},"img":{"alt_text":"","src":"https:\/\/dekkal-quincaillerie.dz\/fr\/wp-content\/uploads\/2022\/12\/PhotoRoom-20221205_162921.avif","width":350,"height":200,"srcset":"https:\/\/dekkal-quincaillerie.dz\/fr\/wp-content\/uploads\/2022\/12\/PhotoRoom-20221205_162921.avif 1x, https:\/\/dekkal-quincaillerie.dz\/fr\/wp-content\/uploads\/2022\/12\/PhotoRoom-20221205_162921.avif 1.5x, https:\/\/dekkal-quincaillerie.dz\/fr\/wp-content\/uploads\/2022\/12\/PhotoRoom-20221205_162921.avif 2x, https:\/\/dekkal-quincaillerie.dz\/fr\/wp-content\/uploads\/2022\/12\/PhotoRoom-20221205_162921.avif 3x"},"classes":[]},{"id":6732,"url":"https:\/\/dekkal-quincaillerie.dz\/fr\/produit\/meuleuse-angulaire-o-230mm-2800w-m2800-230-soficlef\/","url_meta":{"origin":8334,"position":1},"title":"MEULEUSE ANGULAIRE \u00d8 230MM 2800W M2800-230 SOFICLEF","author":"webmaster","date":"d\u00e9cembre 5, 2022","format":false,"excerpt":"La meuleuse d'angle M2800-230 de la marque SOFICLEF est un outil pour couper, meuler, tron\u00e7onner et brosser les m\u00e9taux et les diff\u00e9rents types de pierre. Fiche technique: -Puissance nominale: 2800W -Tention: 220V -Vitesse \u00e0 vide: 6600 tr\/min -Diam\u00e8tre du disque: 230mm \u00a0","rel":"","context":"Article similaire","block_context":{"text":"Article similaire","link":""},"img":{"alt_text":"","src":"https:\/\/dekkal-quincaillerie.dz\/fr\/wp-content\/uploads\/2022\/12\/PhotoRoom-20221205_154839.avif","width":350,"height":200},"classes":[]},{"id":7657,"url":"https:\/\/dekkal-quincaillerie.dz\/fr\/produit\/meuleuse-angulaire-o230-m2300-230-soficlef\/","url_meta":{"origin":8334,"position":2},"title":"MEULEUSE ANGULAIRE \u00d8230 M2300-230 SOFICLEF","author":"dekkal","date":"septembre 9, 2023","format":false,"excerpt":"MEULEUSE ANGULAIRE \u00d8230 M2300-230 SOFICLEF \u00a0 La meuleuse angulaire \u00d8230 M2300-230 SOFICLEF, est caract\u00e9ris\u00e9e par: Tension: 230V Frequence: 50Hz Puissance: 2300W Vitesse \u00e0 vide: 6000 Tr\/min Diam\u00e8tre du disque: 230mm \u00a0","rel":"","context":"Article similaire","block_context":{"text":"Article similaire","link":""},"img":{"alt_text":"MEULEUSE ANGULAIRE \u00d8230 2300W M2300-230 SOFICLEF","src":"https:\/\/dekkal-quincaillerie.dz\/fr\/wp-content\/uploads\/2023\/09\/m2300.avif","width":350,"height":200,"srcset":"https:\/\/dekkal-quincaillerie.dz\/fr\/wp-content\/uploads\/2023\/09\/m2300.avif 1x, https:\/\/dekkal-quincaillerie.dz\/fr\/wp-content\/uploads\/2023\/09\/m2300.avif 1.5x"},"classes":[]},{"id":7715,"url":"https:\/\/dekkal-quincaillerie.dz\/fr\/produit\/support-meuleuse-230mm-ctstp0005-crown\/","url_meta":{"origin":8334,"position":3},"title":"SUPPORT MEULEUSE 230MM CTSTP0005 CROWN","author":"dekkal","date":"septembre 21, 2023","format":false,"excerpt":"SUPPORT MEULEUSE 230MM CTSTP0005 CROWN \u00a0 Le support meuleuse 230mm CTSTP0005 CROWN, est un dispositif m\u00e9tallique, qui sert \u00e0 supporter une meuleuse angulaire lors de vos travaux de coupe. Cet outil est pratique pour la coupe de pr\u00e9cision de l'acier, du m\u00e9tal, de la pi\u00e8rre et .... Il est muni\u2026","rel":"","context":"Article similaire","block_context":{"text":"Article similaire","link":""},"img":{"alt_text":"SUPPORT MEULEUSE 230MM CTSTP0005 CROWN","src":"https:\/\/dekkal-quincaillerie.dz\/fr\/wp-content\/uploads\/2023\/09\/CTSTP0005.avif","width":350,"height":200,"srcset":"https:\/\/dekkal-quincaillerie.dz\/fr\/wp-content\/uploads\/2023\/09\/CTSTP0005.avif 1x, https:\/\/dekkal-quincaillerie.dz\/fr\/wp-content\/uploads\/2023\/09\/CTSTP0005.avif 1.5x, https:\/\/dekkal-quincaillerie.dz\/fr\/wp-content\/uploads\/2023\/09\/CTSTP0005.avif 2x"},"classes":[]},{"id":8699,"url":"https:\/\/dekkal-quincaillerie.dz\/fr\/produit\/meuleuse-angulaire-gshonda\/","url_meta":{"origin":8334,"position":4},"title":"MEULEUSE ANGULAIRE \u00d8 230MM 2300W HD-S13002 GSHONDA","author":"webmaster","date":"juillet 2, 2024","format":false,"excerpt":"MEULEUSE ANGULAIRE \u00d8 230MM 2300W HD-S13002 GSHONDA \u00a0 La MEULEUSE ANGULAIRE HD-S13002 GSHONDA est un outil puissant con\u00e7u pour les travaux de d\u00e9coupe et de meulage. Gr\u00e2ce \u00e0 sa puissance de 2300W,\u00a0 lui permet de g\u00e9rer des t\u00e2ches exigeantes. Son design ergonomique offre une prise en main confortable, tandis que\u2026","rel":"","context":"Article similaire","block_context":{"text":"Article similaire","link":""},"img":{"alt_text":"MEULEUSE ANGULAIRE \u00d8 230MM 2300W HD-S13002 GSHONDA","src":"https:\/\/dekkal-quincaillerie.dz\/fr\/wp-content\/uploads\/2024\/06\/image_viber_2024-06-27_16-21-22-803.avif","width":350,"height":200,"srcset":"https:\/\/dekkal-quincaillerie.dz\/fr\/wp-content\/uploads\/2024\/06\/image_viber_2024-06-27_16-21-22-803.avif 1x, https:\/\/dekkal-quincaillerie.dz\/fr\/wp-content\/uploads\/2024\/06\/image_viber_2024-06-27_16-21-22-803.avif 1.5x, https:\/\/dekkal-quincaillerie.dz\/fr\/wp-content\/uploads\/2024\/06\/image_viber_2024-06-27_16-21-22-803.avif 2x, https:\/\/dekkal-quincaillerie.dz\/fr\/wp-content\/uploads\/2024\/06\/image_viber_2024-06-27_16-21-22-803.avif 3x"},"classes":[]},{"id":7660,"url":"https:\/\/dekkal-quincaillerie.dz\/fr\/produit\/meuleuse-angulaire-o230-m2000-230-soficlef\/","url_meta":{"origin":8334,"position":5},"title":"MEULEUSE ANGULAIRE \u00d8230 M2000-230 SOFICLEF","author":"dekkal","date":"septembre 16, 2023","format":false,"excerpt":"MEULEUSE ANGULAIRE \u00d8230 M2000-230 SOFICLEF \u00a0 La meuleuse angulaire \u00d8230 M2000-230 SOFICLEF, se caratct\u00e9rise par: Tension: 230V, Fr\u00e9quence: 50Hz, Puissance: 2000W, Vitesse \u00e0 vide: 6500 Tr\/min, Diam\u00e8tre du disque: 230mm.","rel":"","context":"Article similaire","block_context":{"text":"Article similaire","link":""},"img":{"alt_text":"","src":"","width":0,"height":0},"classes":[]}],"jetpack_likes_enabled":true,"jetpack_sharing_enabled":true,"_links":{"self":[{"href":"https:\/\/dekkal-quincaillerie.dz\/fr\/wp-json\/wp\/v2\/product\/8334","targetHints":{"allow":["GET"]}}],"collection":[{"href":"https:\/\/dekkal-quincaillerie.dz\/fr\/wp-json\/wp\/v2\/product"}],"about":[{"href":"https:\/\/dekkal-quincaillerie.dz\/fr\/wp-json\/wp\/v2\/types\/product"}],"wp:featuredmedia":[{"embeddable":true,"href":"https:\/\/dekkal-quincaillerie.dz\/fr\/wp-json\/wp\/v2\/media\/8336"}],"wp:attachment":[{"href":"https:\/\/dekkal-quincaillerie.dz\/fr\/wp-json\/wp\/v2\/media?parent=8334"}],"wp:term":[{"taxonomy":"product_brand","embeddable":true,"href":"https:\/\/dekkal-quincaillerie.dz\/fr\/wp-json\/wp\/v2\/product_brand?post=8334"},{"taxonomy":"product_cat","embeddable":true,"href":"https:\/\/dekkal-quincaillerie.dz\/fr\/wp-json\/wp\/v2\/product_cat?post=8334"},{"taxonomy":"product_tag","embeddable":true,"href":"https:\/\/dekkal-quincaillerie.dz\/fr\/wp-json\/wp\/v2\/product_tag?post=8334"}],"curies":[{"name":"wp","href":"https:\/\/api.w.org\/{rel}","templated":true}]}}