{"id":8327,"date":"2024-05-11T12:42:51","date_gmt":"2024-05-11T12:42:51","guid":{"rendered":"https:\/\/dekkal-quincaillerie.dz\/fr\/?post_type=product&#038;p=8327"},"modified":"2025-03-22T07:17:02","modified_gmt":"2025-03-22T07:17:02","slug":"visseuse-th-dy-500-e","status":"publish","type":"product","link":"https:\/\/dekkal-quincaillerie.dz\/fr\/produit\/visseuse-th-dy-500-e\/","title":{"rendered":"VISSEUSE TH-DY 500 E EINHELL"},"content":{"rendered":"<h4><strong>VISSEUSE TH-DY 500 E EINHELL<\/strong><\/h4>\n<p>&nbsp;<\/p>\n<p style=\"text-align: left\">La <strong>VISSEUSE TH-DY 500 E EINHELL<\/strong> est un outil puissant, qui permet un gain de temps dans l&rsquo;ex\u00e9cution des diff\u00e9rentes t\u00e2ches. Une conception compacte et l\u00e9g\u00e8re. Gr\u00e2ce \u00e0 l&rsquo;entrainement avec d\u00e9marrage et l&rsquo;arr\u00eat automatis\u00e9, la broche ne tourne pas tant que la vis n&rsquo;est pas positionn\u00e9e pour des vissages en s\u00e9rie. La <em><strong>TH-DY 500 E<\/strong><\/em> a un bouton de verrouillage, utile lors d&rsquo;une utilisation en continu.<\/p>\n<p style=\"text-align: left\">En plus de son variateur \u00e9lectronique, cette visseuse poss\u00e8de \u00e9galement une but\u00e9e de profondeur r\u00e9glable, de ce fait, vous obtenez un travail professionnel et efficace.<\/p>\n<p style=\"text-align: left\">Pour garder les mains libres cet outil est dot\u00e9 d&rsquo;un crochet pour ceinture.<\/p>\n<h5><strong>CARACTERISTIQUES<\/strong><\/h5>\n<ul>\n<li>Puissance: 500W<\/li>\n<li>Tension: 220V &#8211; 230V \/ 50Hz<\/li>\n<li>Vitesse \u00e0 vide:\u00a0 2200 tr\/min<\/li>\n<li>Porte outil 6.35 mm \/ 1\/4&Prime; six pans creux<\/li>\n<li>Rotation \u00e0 droite \/ \u00e0 gauche pour le vissage et le d\u00e9vissage<\/li>\n<li>Poids: 1.9 kg<\/li>\n<\/ul>\n","protected":false},"excerpt":{"rendered":"<p>VISSEUSE TH-DY 500 E EINHELL &nbsp; La VISSEUSE TH-DY 500 E EINHELL est un outil puissant, qui permet un gain de temps dans l&rsquo;ex\u00e9cution des diff\u00e9rentes t\u00e2ches. Une conception compacte et l\u00e9g\u00e8re. Gr\u00e2ce \u00e0 l&rsquo;entrainement avec d\u00e9marrage et l&rsquo;arr\u00eat automatis\u00e9, la broche ne tourne pas tant que la vis n&rsquo;est pas positionn\u00e9e pour des vissages [&hellip;]<\/p>\n","protected":false},"featured_media":8330,"template":"","meta":[],"product_brand":[1094],"product_cat":[204],"product_tag":[730,209],"class_list":{"0":"post-8327","1":"product","2":"type-product","3":"status-publish","4":"has-post-thumbnail","6":"product_brand-einhell","7":"product_cat-batiment","8":"product_tag-einhell","9":"product_tag-visseuse","11":"first","12":"instock","13":"taxable","14":"shipping-taxable","15":"purchasable","16":"product-type-simple"},"yoast_head":"<!-- This site is optimized with the Yoast SEO Premium plugin v20.0 (Yoast SEO v27.4) - https:\/\/yoast.com\/product\/yoast-seo-premium-wordpress\/ -->\n<title>VISSEUSE TH-DY 500 E EINHELL - DEKKAL<\/title>\n<meta name=\"description\" content=\"VISSEUSE TH-DY 500 E EINHELL - PUISSANCE: 500W - TENSION: 220V - 230V - VITESSE A VIDE: 2200 TR\/MIN - DEKKAL QUINCAILLERIE - TIZI OUZOU - TEL.:0561.79.28.59\" \/>\n<meta name=\"robots\" content=\"index, follow, max-snippet:-1, max-image-preview:large, max-video-preview:-1\" \/>\n<link rel=\"canonical\" href=\"https:\/\/dekkal-quincaillerie.dz\/fr\/produit\/visseuse-th-dy-500-e\/\" \/>\n<script type=\"application\/ld+json\" class=\"yoast-schema-graph\">{\"@context\":\"https:\\\/\\\/schema.org\",\"@graph\":[{\"@type\":\"WebPage\",\"@id\":\"https:\\\/\\\/dekkal-quincaillerie.dz\\\/fr\\\/produit\\\/visseuse-th-dy-500-e\\\/\",\"url\":\"https:\\\/\\\/dekkal-quincaillerie.dz\\\/fr\\\/produit\\\/visseuse-th-dy-500-e\\\/\",\"name\":\"VISSEUSE TH-DY 500 E EINHELL - DEKKAL\",\"isPartOf\":{\"@id\":\"https:\\\/\\\/dekkal-quincaillerie.dz\\\/fr\\\/#website\"},\"primaryImageOfPage\":{\"@id\":\"https:\\\/\\\/dekkal-quincaillerie.dz\\\/fr\\\/produit\\\/visseuse-th-dy-500-e\\\/#primaryimage\"},\"image\":{\"@id\":\"https:\\\/\\\/dekkal-quincaillerie.dz\\\/fr\\\/produit\\\/visseuse-th-dy-500-e\\\/#primaryimage\"},\"thumbnailUrl\":\"https:\\\/\\\/dekkal-quincaillerie.dz\\\/fr\\\/wp-content\\\/uploads\\\/2024\\\/05\\\/productimage-1.avif\",\"datePublished\":\"2024-05-11T12:42:51+00:00\",\"dateModified\":\"2025-03-22T07:17:02+00:00\",\"description\":\"VISSEUSE TH-DY 500 E EINHELL - PUISSANCE: 500W - TENSION: 220V - 230V - VITESSE A VIDE: 2200 TR\\\/MIN - DEKKAL QUINCAILLERIE - TIZI OUZOU - TEL.:0561.79.28.59\",\"breadcrumb\":{\"@id\":\"https:\\\/\\\/dekkal-quincaillerie.dz\\\/fr\\\/produit\\\/visseuse-th-dy-500-e\\\/#breadcrumb\"},\"inLanguage\":\"fr-FR\",\"potentialAction\":[{\"@type\":\"ReadAction\",\"target\":[\"https:\\\/\\\/dekkal-quincaillerie.dz\\\/fr\\\/produit\\\/visseuse-th-dy-500-e\\\/\"]}]},{\"@type\":\"ImageObject\",\"inLanguage\":\"fr-FR\",\"@id\":\"https:\\\/\\\/dekkal-quincaillerie.dz\\\/fr\\\/produit\\\/visseuse-th-dy-500-e\\\/#primaryimage\",\"url\":\"https:\\\/\\\/dekkal-quincaillerie.dz\\\/fr\\\/wp-content\\\/uploads\\\/2024\\\/05\\\/productimage-1.avif\",\"contentUrl\":\"https:\\\/\\\/dekkal-quincaillerie.dz\\\/fr\\\/wp-content\\\/uploads\\\/2024\\\/05\\\/productimage-1.avif\",\"width\":531,\"height\":400,\"caption\":\"VISSEUSE TH-DY 500 E EINHELL\"},{\"@type\":\"BreadcrumbList\",\"@id\":\"https:\\\/\\\/dekkal-quincaillerie.dz\\\/fr\\\/produit\\\/visseuse-th-dy-500-e\\\/#breadcrumb\",\"itemListElement\":[{\"@type\":\"ListItem\",\"position\":1,\"name\":\"Accueil\",\"item\":\"https:\\\/\\\/dekkal-quincaillerie.dz\\\/fr\\\/\"},{\"@type\":\"ListItem\",\"position\":2,\"name\":\"Boutique\",\"item\":\"https:\\\/\\\/dekkal-quincaillerie.dz\\\/fr\\\/boutique\\\/\"},{\"@type\":\"ListItem\",\"position\":3,\"name\":\"VISSEUSE TH-DY 500 E EINHELL\"}]},{\"@type\":\"WebSite\",\"@id\":\"https:\\\/\\\/dekkal-quincaillerie.dz\\\/fr\\\/#website\",\"url\":\"https:\\\/\\\/dekkal-quincaillerie.dz\\\/fr\\\/\",\"name\":\"DEKKAL\",\"description\":\"\",\"publisher\":{\"@id\":\"https:\\\/\\\/dekkal-quincaillerie.dz\\\/fr\\\/#organization\"},\"potentialAction\":[{\"@type\":\"SearchAction\",\"target\":{\"@type\":\"EntryPoint\",\"urlTemplate\":\"https:\\\/\\\/dekkal-quincaillerie.dz\\\/fr\\\/?s={search_term_string}\"},\"query-input\":{\"@type\":\"PropertyValueSpecification\",\"valueRequired\":true,\"valueName\":\"search_term_string\"}}],\"inLanguage\":\"fr-FR\"},{\"@type\":\"Organization\",\"@id\":\"https:\\\/\\\/dekkal-quincaillerie.dz\\\/fr\\\/#organization\",\"name\":\"DEKKAL QUINCAILLERIE\",\"url\":\"https:\\\/\\\/dekkal-quincaillerie.dz\\\/fr\\\/\",\"logo\":{\"@type\":\"ImageObject\",\"inLanguage\":\"fr-FR\",\"@id\":\"https:\\\/\\\/dekkal-quincaillerie.dz\\\/fr\\\/#\\\/schema\\\/logo\\\/image\\\/\",\"url\":\"https:\\\/\\\/dekkal-quincaillerie.dz\\\/fr\\\/wp-content\\\/uploads\\\/2022\\\/03\\\/image_2022-03-19_172411.png\",\"contentUrl\":\"https:\\\/\\\/dekkal-quincaillerie.dz\\\/fr\\\/wp-content\\\/uploads\\\/2022\\\/03\\\/image_2022-03-19_172411.png\",\"width\":851,\"height\":315,\"caption\":\"DEKKAL QUINCAILLERIE\"},\"image\":{\"@id\":\"https:\\\/\\\/dekkal-quincaillerie.dz\\\/fr\\\/#\\\/schema\\\/logo\\\/image\\\/\"},\"sameAs\":[\"https:\\\/\\\/www.facebook.com\\\/ets.dekkal.1\",\"https:\\\/\\\/www.instagram.com\\\/ets.dekkal\\\/\"]}]}<\/script>\n<!-- \/ Yoast SEO Premium plugin. -->","yoast_head_json":{"title":"VISSEUSE TH-DY 500 E EINHELL - DEKKAL","description":"VISSEUSE TH-DY 500 E EINHELL - PUISSANCE: 500W - TENSION: 220V - 230V - VITESSE A VIDE: 2200 TR\/MIN - DEKKAL QUINCAILLERIE - TIZI OUZOU - TEL.:0561.79.28.59","robots":{"index":"index","follow":"follow","max-snippet":"max-snippet:-1","max-image-preview":"max-image-preview:large","max-video-preview":"max-video-preview:-1"},"canonical":"https:\/\/dekkal-quincaillerie.dz\/fr\/produit\/visseuse-th-dy-500-e\/","schema":{"@context":"https:\/\/schema.org","@graph":[{"@type":"WebPage","@id":"https:\/\/dekkal-quincaillerie.dz\/fr\/produit\/visseuse-th-dy-500-e\/","url":"https:\/\/dekkal-quincaillerie.dz\/fr\/produit\/visseuse-th-dy-500-e\/","name":"VISSEUSE TH-DY 500 E EINHELL - DEKKAL","isPartOf":{"@id":"https:\/\/dekkal-quincaillerie.dz\/fr\/#website"},"primaryImageOfPage":{"@id":"https:\/\/dekkal-quincaillerie.dz\/fr\/produit\/visseuse-th-dy-500-e\/#primaryimage"},"image":{"@id":"https:\/\/dekkal-quincaillerie.dz\/fr\/produit\/visseuse-th-dy-500-e\/#primaryimage"},"thumbnailUrl":"https:\/\/dekkal-quincaillerie.dz\/fr\/wp-content\/uploads\/2024\/05\/productimage-1.avif","datePublished":"2024-05-11T12:42:51+00:00","dateModified":"2025-03-22T07:17:02+00:00","description":"VISSEUSE TH-DY 500 E EINHELL - PUISSANCE: 500W - TENSION: 220V - 230V - VITESSE A VIDE: 2200 TR\/MIN - DEKKAL QUINCAILLERIE - TIZI OUZOU - TEL.:0561.79.28.59","breadcrumb":{"@id":"https:\/\/dekkal-quincaillerie.dz\/fr\/produit\/visseuse-th-dy-500-e\/#breadcrumb"},"inLanguage":"fr-FR","potentialAction":[{"@type":"ReadAction","target":["https:\/\/dekkal-quincaillerie.dz\/fr\/produit\/visseuse-th-dy-500-e\/"]}]},{"@type":"ImageObject","inLanguage":"fr-FR","@id":"https:\/\/dekkal-quincaillerie.dz\/fr\/produit\/visseuse-th-dy-500-e\/#primaryimage","url":"https:\/\/dekkal-quincaillerie.dz\/fr\/wp-content\/uploads\/2024\/05\/productimage-1.avif","contentUrl":"https:\/\/dekkal-quincaillerie.dz\/fr\/wp-content\/uploads\/2024\/05\/productimage-1.avif","width":531,"height":400,"caption":"VISSEUSE TH-DY 500 E EINHELL"},{"@type":"BreadcrumbList","@id":"https:\/\/dekkal-quincaillerie.dz\/fr\/produit\/visseuse-th-dy-500-e\/#breadcrumb","itemListElement":[{"@type":"ListItem","position":1,"name":"Accueil","item":"https:\/\/dekkal-quincaillerie.dz\/fr\/"},{"@type":"ListItem","position":2,"name":"Boutique","item":"https:\/\/dekkal-quincaillerie.dz\/fr\/boutique\/"},{"@type":"ListItem","position":3,"name":"VISSEUSE TH-DY 500 E EINHELL"}]},{"@type":"WebSite","@id":"https:\/\/dekkal-quincaillerie.dz\/fr\/#website","url":"https:\/\/dekkal-quincaillerie.dz\/fr\/","name":"DEKKAL","description":"","publisher":{"@id":"https:\/\/dekkal-quincaillerie.dz\/fr\/#organization"},"potentialAction":[{"@type":"SearchAction","target":{"@type":"EntryPoint","urlTemplate":"https:\/\/dekkal-quincaillerie.dz\/fr\/?s={search_term_string}"},"query-input":{"@type":"PropertyValueSpecification","valueRequired":true,"valueName":"search_term_string"}}],"inLanguage":"fr-FR"},{"@type":"Organization","@id":"https:\/\/dekkal-quincaillerie.dz\/fr\/#organization","name":"DEKKAL QUINCAILLERIE","url":"https:\/\/dekkal-quincaillerie.dz\/fr\/","logo":{"@type":"ImageObject","inLanguage":"fr-FR","@id":"https:\/\/dekkal-quincaillerie.dz\/fr\/#\/schema\/logo\/image\/","url":"https:\/\/dekkal-quincaillerie.dz\/fr\/wp-content\/uploads\/2022\/03\/image_2022-03-19_172411.png","contentUrl":"https:\/\/dekkal-quincaillerie.dz\/fr\/wp-content\/uploads\/2022\/03\/image_2022-03-19_172411.png","width":851,"height":315,"caption":"DEKKAL QUINCAILLERIE"},"image":{"@id":"https:\/\/dekkal-quincaillerie.dz\/fr\/#\/schema\/logo\/image\/"},"sameAs":["https:\/\/www.facebook.com\/ets.dekkal.1","https:\/\/www.instagram.com\/ets.dekkal\/"]}]}},"_links":{"self":[{"href":"https:\/\/dekkal-quincaillerie.dz\/fr\/wp-json\/wp\/v2\/product\/8327","targetHints":{"allow":["GET"]}}],"collection":[{"href":"https:\/\/dekkal-quincaillerie.dz\/fr\/wp-json\/wp\/v2\/product"}],"about":[{"href":"https:\/\/dekkal-quincaillerie.dz\/fr\/wp-json\/wp\/v2\/types\/product"}],"wp:featuredmedia":[{"embeddable":true,"href":"https:\/\/dekkal-quincaillerie.dz\/fr\/wp-json\/wp\/v2\/media\/8330"}],"wp:attachment":[{"href":"https:\/\/dekkal-quincaillerie.dz\/fr\/wp-json\/wp\/v2\/media?parent=8327"}],"wp:term":[{"taxonomy":"product_brand","embeddable":true,"href":"https:\/\/dekkal-quincaillerie.dz\/fr\/wp-json\/wp\/v2\/product_brand?post=8327"},{"taxonomy":"product_cat","embeddable":true,"href":"https:\/\/dekkal-quincaillerie.dz\/fr\/wp-json\/wp\/v2\/product_cat?post=8327"},{"taxonomy":"product_tag","embeddable":true,"href":"https:\/\/dekkal-quincaillerie.dz\/fr\/wp-json\/wp\/v2\/product_tag?post=8327"}],"curies":[{"name":"wp","href":"https:\/\/api.w.org\/{rel}","templated":true}]}}