{"id":8315,"date":"2024-05-09T08:05:02","date_gmt":"2024-05-09T08:05:02","guid":{"rendered":"https:\/\/dekkal-quincaillerie.dz\/fr\/?post_type=product&#038;p=8315"},"modified":"2025-03-22T07:17:02","modified_gmt":"2025-03-22T07:17:02","slug":"marteau-perforateur-a-batterie-te-hd-18-li-einhell","status":"publish","type":"product","link":"https:\/\/dekkal-quincaillerie.dz\/fr\/produit\/marteau-perforateur-a-batterie-te-hd-18-li-einhell\/","title":{"rendered":"MARTEAU PERFORATEUR A BATTERIE TE-HD 18 LI EINHELL"},"content":{"rendered":"<h4>MARTEAU PERFORATEUR A BATTERIE TE-HD 18 LI EINHELL<\/h4>\n<p>&nbsp;<\/p>\n<p>Le <em><strong>MARTEAU PERFORATEUR A BATTERIE TE-HD 18 LI EINHELL\u00a0<\/strong><\/em>fait partie de la gamme <strong><em>POWER X-CHANGE<\/em><\/strong>. Ce marteau est un outil robuste et polyvalent \u00e0 3 fonctions: vissage, per\u00e7age et perforage. Il est dot\u00e9 d&rsquo;un moteur puissant et d&rsquo;un m\u00e9canisme de frappe pneumatique pour un per\u00e7age ultre facile.<\/p>\n<p>Le marteau TE-HD 18 LI EINHELL poss\u00e8de un variateur \u00e9lectronique \u00e0 r\u00e9glage pr\u00e9cis pour travailler en finesse.<\/p>\n<h5>CARACTERISTIQUES<\/h5>\n<ul>\n<li>Tension du moteur: 18V<\/li>\n<li>Force de frappe: 1.2J<\/li>\n<li>Mandrin SDS PLUS<\/li>\n<li>Moteur \u00e0 charbon<\/li>\n<li>Performance de per\u00e7age dans le bois: 14mm<\/li>\n<li>Performance de per\u00e7age dans le b\u00e9ton: 12mm<\/li>\n<li>performance de per\u00e7age dans le m\u00e9tal: 8mm<\/li>\n<li>Lampe LED pour l&rsquo;\u00e9clairage de le zone de travail<\/li>\n<li>Batterie 2.5 Ah Power X-Change<\/li>\n<li>Chargeur de batterie<\/li>\n<li>5 forets (\u00d8 5, 6, 8, 10 et 12 mm)<\/li>\n<\/ul>\n","protected":false},"excerpt":{"rendered":"<p>MARTEAU PERFORATEUR A BATTERIE TE-HD 18 LI EINHELL &nbsp; Le MARTEAU PERFORATEUR A BATTERIE TE-HD 18 LI EINHELL\u00a0fait partie de la gamme POWER X-CHANGE. Ce marteau est un outil robuste et polyvalent \u00e0 3 fonctions: vissage, per\u00e7age et perforage. Il est dot\u00e9 d&rsquo;un moteur puissant et d&rsquo;un m\u00e9canisme de frappe pneumatique pour un per\u00e7age ultre [&hellip;]<\/p>\n","protected":false},"featured_media":8317,"template":"","meta":[],"product_brand":[1094],"product_cat":[204],"product_tag":[],"class_list":{"0":"post-8315","1":"product","2":"type-product","3":"status-publish","4":"has-post-thumbnail","6":"product_brand-einhell","7":"product_cat-batiment","9":"first","10":"instock","11":"taxable","12":"shipping-taxable","13":"purchasable","14":"product-type-simple"},"yoast_head":"<!-- This site is optimized with the Yoast SEO Premium plugin v20.0 (Yoast SEO v27.4) - https:\/\/yoast.com\/product\/yoast-seo-premium-wordpress\/ -->\n<title>MARTEAU PERFORATEUR A BATTERIE TE-HD 18 LI EINHELL - DEKKAL<\/title>\n<meta name=\"description\" content=\"MARTEAU PERFORATEUR A BATTERIE TE-HD 18 LI EINHELL - POWER X-CHANGE - SDS PLUS - BOIS \/ BETON \/ METAL - DEKKAL QUINCAILLERIE - TIZI-OUZOU - 0561.79.28.59\" \/>\n<meta name=\"robots\" content=\"index, follow, max-snippet:-1, max-image-preview:large, max-video-preview:-1\" \/>\n<link rel=\"canonical\" href=\"https:\/\/dekkal-quincaillerie.dz\/fr\/produit\/marteau-perforateur-a-batterie-te-hd-18-li-einhell\/\" \/>\n<script type=\"application\/ld+json\" class=\"yoast-schema-graph\">{\"@context\":\"https:\\\/\\\/schema.org\",\"@graph\":[{\"@type\":\"WebPage\",\"@id\":\"https:\\\/\\\/dekkal-quincaillerie.dz\\\/fr\\\/produit\\\/marteau-perforateur-a-batterie-te-hd-18-li-einhell\\\/\",\"url\":\"https:\\\/\\\/dekkal-quincaillerie.dz\\\/fr\\\/produit\\\/marteau-perforateur-a-batterie-te-hd-18-li-einhell\\\/\",\"name\":\"MARTEAU PERFORATEUR A BATTERIE TE-HD 18 LI EINHELL - DEKKAL\",\"isPartOf\":{\"@id\":\"https:\\\/\\\/dekkal-quincaillerie.dz\\\/fr\\\/#website\"},\"primaryImageOfPage\":{\"@id\":\"https:\\\/\\\/dekkal-quincaillerie.dz\\\/fr\\\/produit\\\/marteau-perforateur-a-batterie-te-hd-18-li-einhell\\\/#primaryimage\"},\"image\":{\"@id\":\"https:\\\/\\\/dekkal-quincaillerie.dz\\\/fr\\\/produit\\\/marteau-perforateur-a-batterie-te-hd-18-li-einhell\\\/#primaryimage\"},\"thumbnailUrl\":\"https:\\\/\\\/dekkal-quincaillerie.dz\\\/fr\\\/wp-content\\\/uploads\\\/2024\\\/05\\\/TE-HD-18-LI.avif\",\"datePublished\":\"2024-05-09T08:05:02+00:00\",\"dateModified\":\"2025-03-22T07:17:02+00:00\",\"description\":\"MARTEAU PERFORATEUR A BATTERIE TE-HD 18 LI EINHELL - POWER X-CHANGE - SDS PLUS - BOIS \\\/ BETON \\\/ METAL - DEKKAL QUINCAILLERIE - TIZI-OUZOU - 0561.79.28.59\",\"breadcrumb\":{\"@id\":\"https:\\\/\\\/dekkal-quincaillerie.dz\\\/fr\\\/produit\\\/marteau-perforateur-a-batterie-te-hd-18-li-einhell\\\/#breadcrumb\"},\"inLanguage\":\"fr-FR\",\"potentialAction\":[{\"@type\":\"ReadAction\",\"target\":[\"https:\\\/\\\/dekkal-quincaillerie.dz\\\/fr\\\/produit\\\/marteau-perforateur-a-batterie-te-hd-18-li-einhell\\\/\"]}]},{\"@type\":\"ImageObject\",\"inLanguage\":\"fr-FR\",\"@id\":\"https:\\\/\\\/dekkal-quincaillerie.dz\\\/fr\\\/produit\\\/marteau-perforateur-a-batterie-te-hd-18-li-einhell\\\/#primaryimage\",\"url\":\"https:\\\/\\\/dekkal-quincaillerie.dz\\\/fr\\\/wp-content\\\/uploads\\\/2024\\\/05\\\/TE-HD-18-LI.avif\",\"contentUrl\":\"https:\\\/\\\/dekkal-quincaillerie.dz\\\/fr\\\/wp-content\\\/uploads\\\/2024\\\/05\\\/TE-HD-18-LI.avif\",\"caption\":\"MARTEAU PERFORATEUR A BATTERIE TE-HD 18 LI EINHELL\"},{\"@type\":\"BreadcrumbList\",\"@id\":\"https:\\\/\\\/dekkal-quincaillerie.dz\\\/fr\\\/produit\\\/marteau-perforateur-a-batterie-te-hd-18-li-einhell\\\/#breadcrumb\",\"itemListElement\":[{\"@type\":\"ListItem\",\"position\":1,\"name\":\"Accueil\",\"item\":\"https:\\\/\\\/dekkal-quincaillerie.dz\\\/fr\\\/\"},{\"@type\":\"ListItem\",\"position\":2,\"name\":\"Boutique\",\"item\":\"https:\\\/\\\/dekkal-quincaillerie.dz\\\/fr\\\/boutique\\\/\"},{\"@type\":\"ListItem\",\"position\":3,\"name\":\"MARTEAU PERFORATEUR A BATTERIE TE-HD 18 LI EINHELL\"}]},{\"@type\":\"WebSite\",\"@id\":\"https:\\\/\\\/dekkal-quincaillerie.dz\\\/fr\\\/#website\",\"url\":\"https:\\\/\\\/dekkal-quincaillerie.dz\\\/fr\\\/\",\"name\":\"DEKKAL\",\"description\":\"\",\"publisher\":{\"@id\":\"https:\\\/\\\/dekkal-quincaillerie.dz\\\/fr\\\/#organization\"},\"potentialAction\":[{\"@type\":\"SearchAction\",\"target\":{\"@type\":\"EntryPoint\",\"urlTemplate\":\"https:\\\/\\\/dekkal-quincaillerie.dz\\\/fr\\\/?s={search_term_string}\"},\"query-input\":{\"@type\":\"PropertyValueSpecification\",\"valueRequired\":true,\"valueName\":\"search_term_string\"}}],\"inLanguage\":\"fr-FR\"},{\"@type\":\"Organization\",\"@id\":\"https:\\\/\\\/dekkal-quincaillerie.dz\\\/fr\\\/#organization\",\"name\":\"DEKKAL QUINCAILLERIE\",\"url\":\"https:\\\/\\\/dekkal-quincaillerie.dz\\\/fr\\\/\",\"logo\":{\"@type\":\"ImageObject\",\"inLanguage\":\"fr-FR\",\"@id\":\"https:\\\/\\\/dekkal-quincaillerie.dz\\\/fr\\\/#\\\/schema\\\/logo\\\/image\\\/\",\"url\":\"https:\\\/\\\/dekkal-quincaillerie.dz\\\/fr\\\/wp-content\\\/uploads\\\/2022\\\/03\\\/image_2022-03-19_172411.png\",\"contentUrl\":\"https:\\\/\\\/dekkal-quincaillerie.dz\\\/fr\\\/wp-content\\\/uploads\\\/2022\\\/03\\\/image_2022-03-19_172411.png\",\"width\":851,\"height\":315,\"caption\":\"DEKKAL QUINCAILLERIE\"},\"image\":{\"@id\":\"https:\\\/\\\/dekkal-quincaillerie.dz\\\/fr\\\/#\\\/schema\\\/logo\\\/image\\\/\"},\"sameAs\":[\"https:\\\/\\\/www.facebook.com\\\/ets.dekkal.1\",\"https:\\\/\\\/www.instagram.com\\\/ets.dekkal\\\/\"]}]}<\/script>\n<!-- \/ Yoast SEO Premium plugin. -->","yoast_head_json":{"title":"MARTEAU PERFORATEUR A BATTERIE TE-HD 18 LI EINHELL - DEKKAL","description":"MARTEAU PERFORATEUR A BATTERIE TE-HD 18 LI EINHELL - POWER X-CHANGE - SDS PLUS - BOIS \/ BETON \/ METAL - DEKKAL QUINCAILLERIE - TIZI-OUZOU - 0561.79.28.59","robots":{"index":"index","follow":"follow","max-snippet":"max-snippet:-1","max-image-preview":"max-image-preview:large","max-video-preview":"max-video-preview:-1"},"canonical":"https:\/\/dekkal-quincaillerie.dz\/fr\/produit\/marteau-perforateur-a-batterie-te-hd-18-li-einhell\/","schema":{"@context":"https:\/\/schema.org","@graph":[{"@type":"WebPage","@id":"https:\/\/dekkal-quincaillerie.dz\/fr\/produit\/marteau-perforateur-a-batterie-te-hd-18-li-einhell\/","url":"https:\/\/dekkal-quincaillerie.dz\/fr\/produit\/marteau-perforateur-a-batterie-te-hd-18-li-einhell\/","name":"MARTEAU PERFORATEUR A BATTERIE TE-HD 18 LI EINHELL - DEKKAL","isPartOf":{"@id":"https:\/\/dekkal-quincaillerie.dz\/fr\/#website"},"primaryImageOfPage":{"@id":"https:\/\/dekkal-quincaillerie.dz\/fr\/produit\/marteau-perforateur-a-batterie-te-hd-18-li-einhell\/#primaryimage"},"image":{"@id":"https:\/\/dekkal-quincaillerie.dz\/fr\/produit\/marteau-perforateur-a-batterie-te-hd-18-li-einhell\/#primaryimage"},"thumbnailUrl":"https:\/\/dekkal-quincaillerie.dz\/fr\/wp-content\/uploads\/2024\/05\/TE-HD-18-LI.avif","datePublished":"2024-05-09T08:05:02+00:00","dateModified":"2025-03-22T07:17:02+00:00","description":"MARTEAU PERFORATEUR A BATTERIE TE-HD 18 LI EINHELL - POWER X-CHANGE - SDS PLUS - BOIS \/ BETON \/ METAL - DEKKAL QUINCAILLERIE - TIZI-OUZOU - 0561.79.28.59","breadcrumb":{"@id":"https:\/\/dekkal-quincaillerie.dz\/fr\/produit\/marteau-perforateur-a-batterie-te-hd-18-li-einhell\/#breadcrumb"},"inLanguage":"fr-FR","potentialAction":[{"@type":"ReadAction","target":["https:\/\/dekkal-quincaillerie.dz\/fr\/produit\/marteau-perforateur-a-batterie-te-hd-18-li-einhell\/"]}]},{"@type":"ImageObject","inLanguage":"fr-FR","@id":"https:\/\/dekkal-quincaillerie.dz\/fr\/produit\/marteau-perforateur-a-batterie-te-hd-18-li-einhell\/#primaryimage","url":"https:\/\/dekkal-quincaillerie.dz\/fr\/wp-content\/uploads\/2024\/05\/TE-HD-18-LI.avif","contentUrl":"https:\/\/dekkal-quincaillerie.dz\/fr\/wp-content\/uploads\/2024\/05\/TE-HD-18-LI.avif","caption":"MARTEAU PERFORATEUR A BATTERIE TE-HD 18 LI EINHELL"},{"@type":"BreadcrumbList","@id":"https:\/\/dekkal-quincaillerie.dz\/fr\/produit\/marteau-perforateur-a-batterie-te-hd-18-li-einhell\/#breadcrumb","itemListElement":[{"@type":"ListItem","position":1,"name":"Accueil","item":"https:\/\/dekkal-quincaillerie.dz\/fr\/"},{"@type":"ListItem","position":2,"name":"Boutique","item":"https:\/\/dekkal-quincaillerie.dz\/fr\/boutique\/"},{"@type":"ListItem","position":3,"name":"MARTEAU PERFORATEUR A BATTERIE TE-HD 18 LI EINHELL"}]},{"@type":"WebSite","@id":"https:\/\/dekkal-quincaillerie.dz\/fr\/#website","url":"https:\/\/dekkal-quincaillerie.dz\/fr\/","name":"DEKKAL","description":"","publisher":{"@id":"https:\/\/dekkal-quincaillerie.dz\/fr\/#organization"},"potentialAction":[{"@type":"SearchAction","target":{"@type":"EntryPoint","urlTemplate":"https:\/\/dekkal-quincaillerie.dz\/fr\/?s={search_term_string}"},"query-input":{"@type":"PropertyValueSpecification","valueRequired":true,"valueName":"search_term_string"}}],"inLanguage":"fr-FR"},{"@type":"Organization","@id":"https:\/\/dekkal-quincaillerie.dz\/fr\/#organization","name":"DEKKAL QUINCAILLERIE","url":"https:\/\/dekkal-quincaillerie.dz\/fr\/","logo":{"@type":"ImageObject","inLanguage":"fr-FR","@id":"https:\/\/dekkal-quincaillerie.dz\/fr\/#\/schema\/logo\/image\/","url":"https:\/\/dekkal-quincaillerie.dz\/fr\/wp-content\/uploads\/2022\/03\/image_2022-03-19_172411.png","contentUrl":"https:\/\/dekkal-quincaillerie.dz\/fr\/wp-content\/uploads\/2022\/03\/image_2022-03-19_172411.png","width":851,"height":315,"caption":"DEKKAL QUINCAILLERIE"},"image":{"@id":"https:\/\/dekkal-quincaillerie.dz\/fr\/#\/schema\/logo\/image\/"},"sameAs":["https:\/\/www.facebook.com\/ets.dekkal.1","https:\/\/www.instagram.com\/ets.dekkal\/"]}]}},"_links":{"self":[{"href":"https:\/\/dekkal-quincaillerie.dz\/fr\/wp-json\/wp\/v2\/product\/8315","targetHints":{"allow":["GET"]}}],"collection":[{"href":"https:\/\/dekkal-quincaillerie.dz\/fr\/wp-json\/wp\/v2\/product"}],"about":[{"href":"https:\/\/dekkal-quincaillerie.dz\/fr\/wp-json\/wp\/v2\/types\/product"}],"wp:featuredmedia":[{"embeddable":true,"href":"https:\/\/dekkal-quincaillerie.dz\/fr\/wp-json\/wp\/v2\/media\/8317"}],"wp:attachment":[{"href":"https:\/\/dekkal-quincaillerie.dz\/fr\/wp-json\/wp\/v2\/media?parent=8315"}],"wp:term":[{"taxonomy":"product_brand","embeddable":true,"href":"https:\/\/dekkal-quincaillerie.dz\/fr\/wp-json\/wp\/v2\/product_brand?post=8315"},{"taxonomy":"product_cat","embeddable":true,"href":"https:\/\/dekkal-quincaillerie.dz\/fr\/wp-json\/wp\/v2\/product_cat?post=8315"},{"taxonomy":"product_tag","embeddable":true,"href":"https:\/\/dekkal-quincaillerie.dz\/fr\/wp-json\/wp\/v2\/product_tag?post=8315"}],"curies":[{"name":"wp","href":"https:\/\/api.w.org\/{rel}","templated":true}]}}