{"id":8303,"date":"2024-05-08T08:43:04","date_gmt":"2024-05-08T08:43:04","guid":{"rendered":"https:\/\/dekkal-quincaillerie.dz\/fr\/?post_type=product&#038;p=8303"},"modified":"2025-03-22T07:17:02","modified_gmt":"2025-03-22T07:17:02","slug":"pompe-fontaine-220v-xkf-20p-leo","status":"publish","type":"product","link":"https:\/\/dekkal-quincaillerie.dz\/fr\/produit\/pompe-fontaine-220v-xkf-20p-leo\/","title":{"rendered":"POMPE FONTAINE 220V XKF-20P LEO"},"content":{"rendered":"<h4>POMPE FONTAINE 220V XKF-20P LEO<\/h4>\n<p>&nbsp;<\/p>\n<p>La\u00a0<strong>POMPE FONTAINE 220V XKF-20P LEO<\/strong> permet de brasser efficacement l&rsquo;eau de votre bassin d&rsquo;ext\u00e9rieur tout en lui donnant une touche d&rsquo;originalit\u00e9. La pompe <strong><em>XKF-20P<\/em><\/strong> permet de filtrer l&rsquo;eau du bassin et ainsi l&rsquo;enrichir en oxyg\u00e8ne. Elle a comme autre fonctionnalit\u00e9, de donner un bel ornement pour le bassin.<\/p>\n<h5>CARACTERISTIQUES DE LA POMPE<\/h5>\n<p>&#8211; Corps de pompe en plastique.<br \/>\n&#8211; Petit, l\u00e9g\u00e8re, durable et fiable.<br \/>\n&#8211; Diff\u00e9rentes t\u00eates disponibles pour les effets d&rsquo;eau.<\/p>\n<h5>CARACTERISTIQUES TECHNIQUES<\/h5>\n<ul>\n<li>Tension: 220V &#8211; 240V \/ 50Hz<\/li>\n<li>Puissance \u00e0 l&rsquo;entr\u00e9e: 20W<\/li>\n<li>Hauteur max.: 1.1m<\/li>\n<li>Sortie: 13mm<\/li>\n<li>D\u00e9bit: 1100 l\/h<\/li>\n<li>Temp\u00e9rature max. du liquide: +35\u00b0C<\/li>\n<li>Temp\u00e9rature max. ambiante: +40\u00b0C<\/li>\n<\/ul>\n","protected":false},"excerpt":{"rendered":"<p>POMPE FONTAINE 220V XKF-20P LEO &nbsp; La\u00a0POMPE FONTAINE 220V XKF-20P LEO permet de brasser efficacement l&rsquo;eau de votre bassin d&rsquo;ext\u00e9rieur tout en lui donnant une touche d&rsquo;originalit\u00e9. La pompe XKF-20P permet de filtrer l&rsquo;eau du bassin et ainsi l&rsquo;enrichir en oxyg\u00e8ne. Elle a comme autre fonctionnalit\u00e9, de donner un bel ornement pour le bassin. CARACTERISTIQUES [&hellip;]<\/p>\n","protected":false},"featured_media":8304,"template":"","meta":[],"product_brand":[1227],"product_cat":[251,455],"product_tag":[1061,1145,1238],"class_list":{"0":"post-8303","1":"product","2":"type-product","3":"status-publish","4":"has-post-thumbnail","6":"product_brand-leo","7":"product_cat-plomberie","8":"product_cat-pompe-a-eau","9":"product_tag-leo","10":"product_tag-pompe-a-eau","11":"product_tag-pompe-fontaine","13":"first","14":"instock","15":"taxable","16":"shipping-taxable","17":"purchasable","18":"product-type-simple"},"yoast_head":"<!-- This site is optimized with the Yoast SEO Premium plugin v20.0 (Yoast SEO v27.4) - https:\/\/yoast.com\/product\/yoast-seo-premium-wordpress\/ -->\n<title>POMPE FONTAINE 220V XKF-20P LEO - DEKKAL<\/title>\n<meta name=\"description\" content=\"POMPE FONTAINE 220V XKF-20P LEO - HAUTEUR MAX.: 1.1M - DEBIT: 1100 L\/H - PUISSANCE A L&#039;ENTREE : 20W - DEKKAL QUINCAILLERIE - TIZI-OUZOU - TEL: 0561.79.28.59\" \/>\n<meta name=\"robots\" content=\"index, follow, max-snippet:-1, max-image-preview:large, max-video-preview:-1\" \/>\n<link rel=\"canonical\" href=\"https:\/\/dekkal-quincaillerie.dz\/fr\/produit\/pompe-fontaine-220v-xkf-20p-leo\/\" \/>\n<script type=\"application\/ld+json\" class=\"yoast-schema-graph\">{\"@context\":\"https:\\\/\\\/schema.org\",\"@graph\":[{\"@type\":\"WebPage\",\"@id\":\"https:\\\/\\\/dekkal-quincaillerie.dz\\\/fr\\\/produit\\\/pompe-fontaine-220v-xkf-20p-leo\\\/\",\"url\":\"https:\\\/\\\/dekkal-quincaillerie.dz\\\/fr\\\/produit\\\/pompe-fontaine-220v-xkf-20p-leo\\\/\",\"name\":\"POMPE FONTAINE 220V XKF-20P LEO - DEKKAL\",\"isPartOf\":{\"@id\":\"https:\\\/\\\/dekkal-quincaillerie.dz\\\/fr\\\/#website\"},\"primaryImageOfPage\":{\"@id\":\"https:\\\/\\\/dekkal-quincaillerie.dz\\\/fr\\\/produit\\\/pompe-fontaine-220v-xkf-20p-leo\\\/#primaryimage\"},\"image\":{\"@id\":\"https:\\\/\\\/dekkal-quincaillerie.dz\\\/fr\\\/produit\\\/pompe-fontaine-220v-xkf-20p-leo\\\/#primaryimage\"},\"thumbnailUrl\":\"https:\\\/\\\/dekkal-quincaillerie.dz\\\/fr\\\/wp-content\\\/uploads\\\/2024\\\/05\\\/XKF-110P-2.avif\",\"datePublished\":\"2024-05-08T08:43:04+00:00\",\"dateModified\":\"2025-03-22T07:17:02+00:00\",\"description\":\"POMPE FONTAINE 220V XKF-20P LEO - HAUTEUR MAX.: 1.1M - DEBIT: 1100 L\\\/H - PUISSANCE A L'ENTREE : 20W - DEKKAL QUINCAILLERIE - TIZI-OUZOU - TEL: 0561.79.28.59\",\"breadcrumb\":{\"@id\":\"https:\\\/\\\/dekkal-quincaillerie.dz\\\/fr\\\/produit\\\/pompe-fontaine-220v-xkf-20p-leo\\\/#breadcrumb\"},\"inLanguage\":\"fr-FR\",\"potentialAction\":[{\"@type\":\"ReadAction\",\"target\":[\"https:\\\/\\\/dekkal-quincaillerie.dz\\\/fr\\\/produit\\\/pompe-fontaine-220v-xkf-20p-leo\\\/\"]}]},{\"@type\":\"ImageObject\",\"inLanguage\":\"fr-FR\",\"@id\":\"https:\\\/\\\/dekkal-quincaillerie.dz\\\/fr\\\/produit\\\/pompe-fontaine-220v-xkf-20p-leo\\\/#primaryimage\",\"url\":\"https:\\\/\\\/dekkal-quincaillerie.dz\\\/fr\\\/wp-content\\\/uploads\\\/2024\\\/05\\\/XKF-110P-2.avif\",\"contentUrl\":\"https:\\\/\\\/dekkal-quincaillerie.dz\\\/fr\\\/wp-content\\\/uploads\\\/2024\\\/05\\\/XKF-110P-2.avif\",\"caption\":\"POMPE FONTAINE 220V XKF-20P LEO\"},{\"@type\":\"BreadcrumbList\",\"@id\":\"https:\\\/\\\/dekkal-quincaillerie.dz\\\/fr\\\/produit\\\/pompe-fontaine-220v-xkf-20p-leo\\\/#breadcrumb\",\"itemListElement\":[{\"@type\":\"ListItem\",\"position\":1,\"name\":\"Accueil\",\"item\":\"https:\\\/\\\/dekkal-quincaillerie.dz\\\/fr\\\/\"},{\"@type\":\"ListItem\",\"position\":2,\"name\":\"Boutique\",\"item\":\"https:\\\/\\\/dekkal-quincaillerie.dz\\\/fr\\\/boutique\\\/\"},{\"@type\":\"ListItem\",\"position\":3,\"name\":\"POMPE FONTAINE 220V XKF-20P LEO\"}]},{\"@type\":\"WebSite\",\"@id\":\"https:\\\/\\\/dekkal-quincaillerie.dz\\\/fr\\\/#website\",\"url\":\"https:\\\/\\\/dekkal-quincaillerie.dz\\\/fr\\\/\",\"name\":\"DEKKAL\",\"description\":\"\",\"publisher\":{\"@id\":\"https:\\\/\\\/dekkal-quincaillerie.dz\\\/fr\\\/#organization\"},\"potentialAction\":[{\"@type\":\"SearchAction\",\"target\":{\"@type\":\"EntryPoint\",\"urlTemplate\":\"https:\\\/\\\/dekkal-quincaillerie.dz\\\/fr\\\/?s={search_term_string}\"},\"query-input\":{\"@type\":\"PropertyValueSpecification\",\"valueRequired\":true,\"valueName\":\"search_term_string\"}}],\"inLanguage\":\"fr-FR\"},{\"@type\":\"Organization\",\"@id\":\"https:\\\/\\\/dekkal-quincaillerie.dz\\\/fr\\\/#organization\",\"name\":\"DEKKAL QUINCAILLERIE\",\"url\":\"https:\\\/\\\/dekkal-quincaillerie.dz\\\/fr\\\/\",\"logo\":{\"@type\":\"ImageObject\",\"inLanguage\":\"fr-FR\",\"@id\":\"https:\\\/\\\/dekkal-quincaillerie.dz\\\/fr\\\/#\\\/schema\\\/logo\\\/image\\\/\",\"url\":\"https:\\\/\\\/dekkal-quincaillerie.dz\\\/fr\\\/wp-content\\\/uploads\\\/2022\\\/03\\\/image_2022-03-19_172411.png\",\"contentUrl\":\"https:\\\/\\\/dekkal-quincaillerie.dz\\\/fr\\\/wp-content\\\/uploads\\\/2022\\\/03\\\/image_2022-03-19_172411.png\",\"width\":851,\"height\":315,\"caption\":\"DEKKAL QUINCAILLERIE\"},\"image\":{\"@id\":\"https:\\\/\\\/dekkal-quincaillerie.dz\\\/fr\\\/#\\\/schema\\\/logo\\\/image\\\/\"},\"sameAs\":[\"https:\\\/\\\/www.facebook.com\\\/ets.dekkal.1\",\"https:\\\/\\\/www.instagram.com\\\/ets.dekkal\\\/\"]}]}<\/script>\n<!-- \/ Yoast SEO Premium plugin. -->","yoast_head_json":{"title":"POMPE FONTAINE 220V XKF-20P LEO - DEKKAL","description":"POMPE FONTAINE 220V XKF-20P LEO - HAUTEUR MAX.: 1.1M - DEBIT: 1100 L\/H - PUISSANCE A L'ENTREE : 20W - DEKKAL QUINCAILLERIE - TIZI-OUZOU - TEL: 0561.79.28.59","robots":{"index":"index","follow":"follow","max-snippet":"max-snippet:-1","max-image-preview":"max-image-preview:large","max-video-preview":"max-video-preview:-1"},"canonical":"https:\/\/dekkal-quincaillerie.dz\/fr\/produit\/pompe-fontaine-220v-xkf-20p-leo\/","schema":{"@context":"https:\/\/schema.org","@graph":[{"@type":"WebPage","@id":"https:\/\/dekkal-quincaillerie.dz\/fr\/produit\/pompe-fontaine-220v-xkf-20p-leo\/","url":"https:\/\/dekkal-quincaillerie.dz\/fr\/produit\/pompe-fontaine-220v-xkf-20p-leo\/","name":"POMPE FONTAINE 220V XKF-20P LEO - DEKKAL","isPartOf":{"@id":"https:\/\/dekkal-quincaillerie.dz\/fr\/#website"},"primaryImageOfPage":{"@id":"https:\/\/dekkal-quincaillerie.dz\/fr\/produit\/pompe-fontaine-220v-xkf-20p-leo\/#primaryimage"},"image":{"@id":"https:\/\/dekkal-quincaillerie.dz\/fr\/produit\/pompe-fontaine-220v-xkf-20p-leo\/#primaryimage"},"thumbnailUrl":"https:\/\/dekkal-quincaillerie.dz\/fr\/wp-content\/uploads\/2024\/05\/XKF-110P-2.avif","datePublished":"2024-05-08T08:43:04+00:00","dateModified":"2025-03-22T07:17:02+00:00","description":"POMPE FONTAINE 220V XKF-20P LEO - HAUTEUR MAX.: 1.1M - DEBIT: 1100 L\/H - PUISSANCE A L'ENTREE : 20W - DEKKAL QUINCAILLERIE - TIZI-OUZOU - TEL: 0561.79.28.59","breadcrumb":{"@id":"https:\/\/dekkal-quincaillerie.dz\/fr\/produit\/pompe-fontaine-220v-xkf-20p-leo\/#breadcrumb"},"inLanguage":"fr-FR","potentialAction":[{"@type":"ReadAction","target":["https:\/\/dekkal-quincaillerie.dz\/fr\/produit\/pompe-fontaine-220v-xkf-20p-leo\/"]}]},{"@type":"ImageObject","inLanguage":"fr-FR","@id":"https:\/\/dekkal-quincaillerie.dz\/fr\/produit\/pompe-fontaine-220v-xkf-20p-leo\/#primaryimage","url":"https:\/\/dekkal-quincaillerie.dz\/fr\/wp-content\/uploads\/2024\/05\/XKF-110P-2.avif","contentUrl":"https:\/\/dekkal-quincaillerie.dz\/fr\/wp-content\/uploads\/2024\/05\/XKF-110P-2.avif","caption":"POMPE FONTAINE 220V XKF-20P LEO"},{"@type":"BreadcrumbList","@id":"https:\/\/dekkal-quincaillerie.dz\/fr\/produit\/pompe-fontaine-220v-xkf-20p-leo\/#breadcrumb","itemListElement":[{"@type":"ListItem","position":1,"name":"Accueil","item":"https:\/\/dekkal-quincaillerie.dz\/fr\/"},{"@type":"ListItem","position":2,"name":"Boutique","item":"https:\/\/dekkal-quincaillerie.dz\/fr\/boutique\/"},{"@type":"ListItem","position":3,"name":"POMPE FONTAINE 220V XKF-20P LEO"}]},{"@type":"WebSite","@id":"https:\/\/dekkal-quincaillerie.dz\/fr\/#website","url":"https:\/\/dekkal-quincaillerie.dz\/fr\/","name":"DEKKAL","description":"","publisher":{"@id":"https:\/\/dekkal-quincaillerie.dz\/fr\/#organization"},"potentialAction":[{"@type":"SearchAction","target":{"@type":"EntryPoint","urlTemplate":"https:\/\/dekkal-quincaillerie.dz\/fr\/?s={search_term_string}"},"query-input":{"@type":"PropertyValueSpecification","valueRequired":true,"valueName":"search_term_string"}}],"inLanguage":"fr-FR"},{"@type":"Organization","@id":"https:\/\/dekkal-quincaillerie.dz\/fr\/#organization","name":"DEKKAL QUINCAILLERIE","url":"https:\/\/dekkal-quincaillerie.dz\/fr\/","logo":{"@type":"ImageObject","inLanguage":"fr-FR","@id":"https:\/\/dekkal-quincaillerie.dz\/fr\/#\/schema\/logo\/image\/","url":"https:\/\/dekkal-quincaillerie.dz\/fr\/wp-content\/uploads\/2022\/03\/image_2022-03-19_172411.png","contentUrl":"https:\/\/dekkal-quincaillerie.dz\/fr\/wp-content\/uploads\/2022\/03\/image_2022-03-19_172411.png","width":851,"height":315,"caption":"DEKKAL QUINCAILLERIE"},"image":{"@id":"https:\/\/dekkal-quincaillerie.dz\/fr\/#\/schema\/logo\/image\/"},"sameAs":["https:\/\/www.facebook.com\/ets.dekkal.1","https:\/\/www.instagram.com\/ets.dekkal\/"]}]}},"_links":{"self":[{"href":"https:\/\/dekkal-quincaillerie.dz\/fr\/wp-json\/wp\/v2\/product\/8303","targetHints":{"allow":["GET"]}}],"collection":[{"href":"https:\/\/dekkal-quincaillerie.dz\/fr\/wp-json\/wp\/v2\/product"}],"about":[{"href":"https:\/\/dekkal-quincaillerie.dz\/fr\/wp-json\/wp\/v2\/types\/product"}],"wp:featuredmedia":[{"embeddable":true,"href":"https:\/\/dekkal-quincaillerie.dz\/fr\/wp-json\/wp\/v2\/media\/8304"}],"wp:attachment":[{"href":"https:\/\/dekkal-quincaillerie.dz\/fr\/wp-json\/wp\/v2\/media?parent=8303"}],"wp:term":[{"taxonomy":"product_brand","embeddable":true,"href":"https:\/\/dekkal-quincaillerie.dz\/fr\/wp-json\/wp\/v2\/product_brand?post=8303"},{"taxonomy":"product_cat","embeddable":true,"href":"https:\/\/dekkal-quincaillerie.dz\/fr\/wp-json\/wp\/v2\/product_cat?post=8303"},{"taxonomy":"product_tag","embeddable":true,"href":"https:\/\/dekkal-quincaillerie.dz\/fr\/wp-json\/wp\/v2\/product_tag?post=8303"}],"curies":[{"name":"wp","href":"https:\/\/api.w.org\/{rel}","templated":true}]}}