{"id":8261,"date":"2024-05-01T15:11:42","date_gmt":"2024-05-01T15:11:42","guid":{"rendered":"https:\/\/dekkal-quincaillerie.dz\/fr\/?post_type=product&#038;p=8261"},"modified":"2025-03-22T07:17:01","modified_gmt":"2025-03-22T07:17:01","slug":"echelle-transformable-2-x-12-marches-echelle-plus-copie-2","status":"publish","type":"product","link":"https:\/\/dekkal-quincaillerie.dz\/fr\/produit\/echelle-transformable-2-x-12-marches-echelle-plus-copie-2\/","title":{"rendered":"ECHELLE TRANSFORMABLE 2 X 12 MARCHES ECHELLE PLUS"},"content":{"rendered":"<h4>ECHELLE TRANSFORMABLE 2 X 12 MARCHES ECHELLE PLUS<\/h4>\n<p>&nbsp;<\/p>\n<p>L&rsquo;<em><strong>ECHELLE TRANSFORMABLE 2 X 12 MARCHES ECHELLE PLUS<\/strong><\/em> est en aluminium, et peut s&rsquo;utiliser soit en position escabeau soit en \u00e9chelle double.<br \/>\n\u2022 En \u00e9chelle double: \u00a0Echelle transformable 2 plans pour atteindre des grandes hauteurs et travailler en appui contre un mur.<br \/>\n\u2022 En position autostable comme un escabeau : lorsque l&rsquo;\u00e9chelle est utilis\u00e9e comme un escabeau, cette position est aussi appel\u00e9e \u00e9chelle parisienne. Elle permet de travailler sans appui contre un mur (au centre d&rsquo;une pi\u00e8ce).<\/p>\n<h5>CARACTERISTIQUES:<\/h5>\n<p>\u2022 Barre stabilisatrice qui assure une s\u00e9curit\u00e9 maximale<br \/>\n\u2022 Barreaux stri\u00e9s antid\u00e9rapants pour ne pas glisser<br \/>\n\u2022 Sangle anti-\u00e9cartement en renfort compl\u00e9mentaire.<br \/>\n\u2022 Crochet de verrouillage pour une ouverture et fermeture facile du mat\u00e9riel.<\/p>\n<ul>\n<li>Largeur des marches: 2.5cm.<\/li>\n<li>Longeur des marches: 31cm.<\/li>\n<li>Hauteur entre les marches: 28cm<\/li>\n<li>Hauteur de l\u2019echelle: 3.41m<\/li>\n<li>Charge maximale: 150kg<\/li>\n<\/ul>\n<h6>CONSEILS<br \/>\n\u2022 Hauteur de travail confortable est \u00e9gale \u00e0 la longueur d&rsquo;\u00e9chelle, en position d\u00e9ploy\u00e9e ou auto-stable<br \/>\n\u2022 Hauteur de travail maximale est \u00e9gale \u00e0 la longueur d&rsquo;\u00e9chelle, en position d\u00e9ploy\u00e9e ou auto-stable, + 1.00m<\/h6>\n","protected":false},"excerpt":{"rendered":"<p>ECHELLE TRANSFORMABLE 2 X 12 MARCHES ECHELLE PLUS &nbsp; L&rsquo;ECHELLE TRANSFORMABLE 2 X 12 MARCHES ECHELLE PLUS est en aluminium, et peut s&rsquo;utiliser soit en position escabeau soit en \u00e9chelle double. \u2022 En \u00e9chelle double: \u00a0Echelle transformable 2 plans pour atteindre des grandes hauteurs et travailler en appui contre un mur. \u2022 En position autostable [&hellip;]<\/p>\n","protected":false},"featured_media":8262,"template":"","meta":[],"product_brand":[1213],"product_cat":[204],"product_tag":[351,1160],"class_list":{"0":"post-8261","1":"product","2":"type-product","3":"status-publish","4":"has-post-thumbnail","6":"product_brand-echelle-plus","7":"product_cat-batiment","8":"product_tag-echelle","9":"product_tag-echelle-pus","11":"first","12":"instock","13":"taxable","14":"shipping-taxable","15":"purchasable","16":"product-type-simple"},"yoast_head":"<!-- This site is optimized with the Yoast SEO Premium plugin v20.0 (Yoast SEO v27.4) - https:\/\/yoast.com\/product\/yoast-seo-premium-wordpress\/ -->\n<title>ECHELLE TRANSFORMABLE 2 X 12 MARCHES ECHELLE PLUS - DEKKAL<\/title>\n<meta name=\"description\" content=\"ECHELLE TRANSFORMABLE 2 X 12 MARCHES ECHELLE PLUS - HAUTEUR: 6.82M - CHARGE MAXIMALE: 150KG - DEKKAL QUINCAILLERIE - TIZI-OUZOU - TEL.: 0561.79.28.59\" \/>\n<meta name=\"robots\" content=\"index, follow, max-snippet:-1, max-image-preview:large, max-video-preview:-1\" \/>\n<link rel=\"canonical\" href=\"https:\/\/dekkal-quincaillerie.dz\/fr\/produit\/echelle-transformable-2-x-12-marches-echelle-plus-copie-2\/\" \/>\n<script type=\"application\/ld+json\" class=\"yoast-schema-graph\">{\"@context\":\"https:\\\/\\\/schema.org\",\"@graph\":[{\"@type\":\"WebPage\",\"@id\":\"https:\\\/\\\/dekkal-quincaillerie.dz\\\/fr\\\/produit\\\/echelle-transformable-2-x-12-marches-echelle-plus-copie-2\\\/\",\"url\":\"https:\\\/\\\/dekkal-quincaillerie.dz\\\/fr\\\/produit\\\/echelle-transformable-2-x-12-marches-echelle-plus-copie-2\\\/\",\"name\":\"ECHELLE TRANSFORMABLE 2 X 12 MARCHES ECHELLE PLUS - DEKKAL\",\"isPartOf\":{\"@id\":\"https:\\\/\\\/dekkal-quincaillerie.dz\\\/fr\\\/#website\"},\"primaryImageOfPage\":{\"@id\":\"https:\\\/\\\/dekkal-quincaillerie.dz\\\/fr\\\/produit\\\/echelle-transformable-2-x-12-marches-echelle-plus-copie-2\\\/#primaryimage\"},\"image\":{\"@id\":\"https:\\\/\\\/dekkal-quincaillerie.dz\\\/fr\\\/produit\\\/echelle-transformable-2-x-12-marches-echelle-plus-copie-2\\\/#primaryimage\"},\"thumbnailUrl\":\"https:\\\/\\\/dekkal-quincaillerie.dz\\\/fr\\\/wp-content\\\/uploads\\\/2024\\\/05\\\/TRANSFORMABLE-2-X-12.avif\",\"datePublished\":\"2024-05-01T15:11:42+00:00\",\"dateModified\":\"2025-03-22T07:17:01+00:00\",\"description\":\"ECHELLE TRANSFORMABLE 2 X 12 MARCHES ECHELLE PLUS - HAUTEUR: 6.82M - CHARGE MAXIMALE: 150KG - DEKKAL QUINCAILLERIE - TIZI-OUZOU - TEL.: 0561.79.28.59\",\"breadcrumb\":{\"@id\":\"https:\\\/\\\/dekkal-quincaillerie.dz\\\/fr\\\/produit\\\/echelle-transformable-2-x-12-marches-echelle-plus-copie-2\\\/#breadcrumb\"},\"inLanguage\":\"fr-FR\",\"potentialAction\":[{\"@type\":\"ReadAction\",\"target\":[\"https:\\\/\\\/dekkal-quincaillerie.dz\\\/fr\\\/produit\\\/echelle-transformable-2-x-12-marches-echelle-plus-copie-2\\\/\"]}]},{\"@type\":\"ImageObject\",\"inLanguage\":\"fr-FR\",\"@id\":\"https:\\\/\\\/dekkal-quincaillerie.dz\\\/fr\\\/produit\\\/echelle-transformable-2-x-12-marches-echelle-plus-copie-2\\\/#primaryimage\",\"url\":\"https:\\\/\\\/dekkal-quincaillerie.dz\\\/fr\\\/wp-content\\\/uploads\\\/2024\\\/05\\\/TRANSFORMABLE-2-X-12.avif\",\"contentUrl\":\"https:\\\/\\\/dekkal-quincaillerie.dz\\\/fr\\\/wp-content\\\/uploads\\\/2024\\\/05\\\/TRANSFORMABLE-2-X-12.avif\",\"caption\":\"ECHELLE TRANSFORMABLE 2 X 12 MARCHES ECHELLE PLUS\"},{\"@type\":\"BreadcrumbList\",\"@id\":\"https:\\\/\\\/dekkal-quincaillerie.dz\\\/fr\\\/produit\\\/echelle-transformable-2-x-12-marches-echelle-plus-copie-2\\\/#breadcrumb\",\"itemListElement\":[{\"@type\":\"ListItem\",\"position\":1,\"name\":\"Accueil\",\"item\":\"https:\\\/\\\/dekkal-quincaillerie.dz\\\/fr\\\/\"},{\"@type\":\"ListItem\",\"position\":2,\"name\":\"Boutique\",\"item\":\"https:\\\/\\\/dekkal-quincaillerie.dz\\\/fr\\\/boutique\\\/\"},{\"@type\":\"ListItem\",\"position\":3,\"name\":\"ECHELLE TRANSFORMABLE 2 X 12 MARCHES ECHELLE PLUS\"}]},{\"@type\":\"WebSite\",\"@id\":\"https:\\\/\\\/dekkal-quincaillerie.dz\\\/fr\\\/#website\",\"url\":\"https:\\\/\\\/dekkal-quincaillerie.dz\\\/fr\\\/\",\"name\":\"DEKKAL\",\"description\":\"\",\"publisher\":{\"@id\":\"https:\\\/\\\/dekkal-quincaillerie.dz\\\/fr\\\/#organization\"},\"potentialAction\":[{\"@type\":\"SearchAction\",\"target\":{\"@type\":\"EntryPoint\",\"urlTemplate\":\"https:\\\/\\\/dekkal-quincaillerie.dz\\\/fr\\\/?s={search_term_string}\"},\"query-input\":{\"@type\":\"PropertyValueSpecification\",\"valueRequired\":true,\"valueName\":\"search_term_string\"}}],\"inLanguage\":\"fr-FR\"},{\"@type\":\"Organization\",\"@id\":\"https:\\\/\\\/dekkal-quincaillerie.dz\\\/fr\\\/#organization\",\"name\":\"DEKKAL QUINCAILLERIE\",\"url\":\"https:\\\/\\\/dekkal-quincaillerie.dz\\\/fr\\\/\",\"logo\":{\"@type\":\"ImageObject\",\"inLanguage\":\"fr-FR\",\"@id\":\"https:\\\/\\\/dekkal-quincaillerie.dz\\\/fr\\\/#\\\/schema\\\/logo\\\/image\\\/\",\"url\":\"https:\\\/\\\/dekkal-quincaillerie.dz\\\/fr\\\/wp-content\\\/uploads\\\/2022\\\/03\\\/image_2022-03-19_172411.png\",\"contentUrl\":\"https:\\\/\\\/dekkal-quincaillerie.dz\\\/fr\\\/wp-content\\\/uploads\\\/2022\\\/03\\\/image_2022-03-19_172411.png\",\"width\":851,\"height\":315,\"caption\":\"DEKKAL QUINCAILLERIE\"},\"image\":{\"@id\":\"https:\\\/\\\/dekkal-quincaillerie.dz\\\/fr\\\/#\\\/schema\\\/logo\\\/image\\\/\"},\"sameAs\":[\"https:\\\/\\\/www.facebook.com\\\/ets.dekkal.1\",\"https:\\\/\\\/www.instagram.com\\\/ets.dekkal\\\/\"]}]}<\/script>\n<!-- \/ Yoast SEO Premium plugin. -->","yoast_head_json":{"title":"ECHELLE TRANSFORMABLE 2 X 12 MARCHES ECHELLE PLUS - DEKKAL","description":"ECHELLE TRANSFORMABLE 2 X 12 MARCHES ECHELLE PLUS - HAUTEUR: 6.82M - CHARGE MAXIMALE: 150KG - DEKKAL QUINCAILLERIE - TIZI-OUZOU - TEL.: 0561.79.28.59","robots":{"index":"index","follow":"follow","max-snippet":"max-snippet:-1","max-image-preview":"max-image-preview:large","max-video-preview":"max-video-preview:-1"},"canonical":"https:\/\/dekkal-quincaillerie.dz\/fr\/produit\/echelle-transformable-2-x-12-marches-echelle-plus-copie-2\/","schema":{"@context":"https:\/\/schema.org","@graph":[{"@type":"WebPage","@id":"https:\/\/dekkal-quincaillerie.dz\/fr\/produit\/echelle-transformable-2-x-12-marches-echelle-plus-copie-2\/","url":"https:\/\/dekkal-quincaillerie.dz\/fr\/produit\/echelle-transformable-2-x-12-marches-echelle-plus-copie-2\/","name":"ECHELLE TRANSFORMABLE 2 X 12 MARCHES ECHELLE PLUS - DEKKAL","isPartOf":{"@id":"https:\/\/dekkal-quincaillerie.dz\/fr\/#website"},"primaryImageOfPage":{"@id":"https:\/\/dekkal-quincaillerie.dz\/fr\/produit\/echelle-transformable-2-x-12-marches-echelle-plus-copie-2\/#primaryimage"},"image":{"@id":"https:\/\/dekkal-quincaillerie.dz\/fr\/produit\/echelle-transformable-2-x-12-marches-echelle-plus-copie-2\/#primaryimage"},"thumbnailUrl":"https:\/\/dekkal-quincaillerie.dz\/fr\/wp-content\/uploads\/2024\/05\/TRANSFORMABLE-2-X-12.avif","datePublished":"2024-05-01T15:11:42+00:00","dateModified":"2025-03-22T07:17:01+00:00","description":"ECHELLE TRANSFORMABLE 2 X 12 MARCHES ECHELLE PLUS - HAUTEUR: 6.82M - CHARGE MAXIMALE: 150KG - DEKKAL QUINCAILLERIE - TIZI-OUZOU - TEL.: 0561.79.28.59","breadcrumb":{"@id":"https:\/\/dekkal-quincaillerie.dz\/fr\/produit\/echelle-transformable-2-x-12-marches-echelle-plus-copie-2\/#breadcrumb"},"inLanguage":"fr-FR","potentialAction":[{"@type":"ReadAction","target":["https:\/\/dekkal-quincaillerie.dz\/fr\/produit\/echelle-transformable-2-x-12-marches-echelle-plus-copie-2\/"]}]},{"@type":"ImageObject","inLanguage":"fr-FR","@id":"https:\/\/dekkal-quincaillerie.dz\/fr\/produit\/echelle-transformable-2-x-12-marches-echelle-plus-copie-2\/#primaryimage","url":"https:\/\/dekkal-quincaillerie.dz\/fr\/wp-content\/uploads\/2024\/05\/TRANSFORMABLE-2-X-12.avif","contentUrl":"https:\/\/dekkal-quincaillerie.dz\/fr\/wp-content\/uploads\/2024\/05\/TRANSFORMABLE-2-X-12.avif","caption":"ECHELLE TRANSFORMABLE 2 X 12 MARCHES ECHELLE PLUS"},{"@type":"BreadcrumbList","@id":"https:\/\/dekkal-quincaillerie.dz\/fr\/produit\/echelle-transformable-2-x-12-marches-echelle-plus-copie-2\/#breadcrumb","itemListElement":[{"@type":"ListItem","position":1,"name":"Accueil","item":"https:\/\/dekkal-quincaillerie.dz\/fr\/"},{"@type":"ListItem","position":2,"name":"Boutique","item":"https:\/\/dekkal-quincaillerie.dz\/fr\/boutique\/"},{"@type":"ListItem","position":3,"name":"ECHELLE TRANSFORMABLE 2 X 12 MARCHES ECHELLE PLUS"}]},{"@type":"WebSite","@id":"https:\/\/dekkal-quincaillerie.dz\/fr\/#website","url":"https:\/\/dekkal-quincaillerie.dz\/fr\/","name":"DEKKAL","description":"","publisher":{"@id":"https:\/\/dekkal-quincaillerie.dz\/fr\/#organization"},"potentialAction":[{"@type":"SearchAction","target":{"@type":"EntryPoint","urlTemplate":"https:\/\/dekkal-quincaillerie.dz\/fr\/?s={search_term_string}"},"query-input":{"@type":"PropertyValueSpecification","valueRequired":true,"valueName":"search_term_string"}}],"inLanguage":"fr-FR"},{"@type":"Organization","@id":"https:\/\/dekkal-quincaillerie.dz\/fr\/#organization","name":"DEKKAL QUINCAILLERIE","url":"https:\/\/dekkal-quincaillerie.dz\/fr\/","logo":{"@type":"ImageObject","inLanguage":"fr-FR","@id":"https:\/\/dekkal-quincaillerie.dz\/fr\/#\/schema\/logo\/image\/","url":"https:\/\/dekkal-quincaillerie.dz\/fr\/wp-content\/uploads\/2022\/03\/image_2022-03-19_172411.png","contentUrl":"https:\/\/dekkal-quincaillerie.dz\/fr\/wp-content\/uploads\/2022\/03\/image_2022-03-19_172411.png","width":851,"height":315,"caption":"DEKKAL QUINCAILLERIE"},"image":{"@id":"https:\/\/dekkal-quincaillerie.dz\/fr\/#\/schema\/logo\/image\/"},"sameAs":["https:\/\/www.facebook.com\/ets.dekkal.1","https:\/\/www.instagram.com\/ets.dekkal\/"]}]}},"_links":{"self":[{"href":"https:\/\/dekkal-quincaillerie.dz\/fr\/wp-json\/wp\/v2\/product\/8261","targetHints":{"allow":["GET"]}}],"collection":[{"href":"https:\/\/dekkal-quincaillerie.dz\/fr\/wp-json\/wp\/v2\/product"}],"about":[{"href":"https:\/\/dekkal-quincaillerie.dz\/fr\/wp-json\/wp\/v2\/types\/product"}],"wp:featuredmedia":[{"embeddable":true,"href":"https:\/\/dekkal-quincaillerie.dz\/fr\/wp-json\/wp\/v2\/media\/8262"}],"wp:attachment":[{"href":"https:\/\/dekkal-quincaillerie.dz\/fr\/wp-json\/wp\/v2\/media?parent=8261"}],"wp:term":[{"taxonomy":"product_brand","embeddable":true,"href":"https:\/\/dekkal-quincaillerie.dz\/fr\/wp-json\/wp\/v2\/product_brand?post=8261"},{"taxonomy":"product_cat","embeddable":true,"href":"https:\/\/dekkal-quincaillerie.dz\/fr\/wp-json\/wp\/v2\/product_cat?post=8261"},{"taxonomy":"product_tag","embeddable":true,"href":"https:\/\/dekkal-quincaillerie.dz\/fr\/wp-json\/wp\/v2\/product_tag?post=8261"}],"curies":[{"name":"wp","href":"https:\/\/api.w.org\/{rel}","templated":true}]}}