{"id":8145,"date":"2024-04-14T08:27:14","date_gmt":"2024-04-14T08:27:14","guid":{"rendered":"https:\/\/dekkal-quincaillerie.dz\/fr\/?post_type=product&#038;p=8145"},"modified":"2025-03-22T07:17:00","modified_gmt":"2025-03-22T07:17:00","slug":"cloueuse-pneumatique-f50-ct38070-crown","status":"publish","type":"product","link":"https:\/\/dekkal-quincaillerie.dz\/fr\/produit\/cloueuse-pneumatique-f50-ct38070-crown\/","title":{"rendered":"CLOUEUSE PNEUMATIQUE F50 CT38070 CROWN"},"content":{"rendered":"<h4>CLOUEUSE PNEUMATIQUE F50 CT38070 CROWN<\/h4>\n<p>&nbsp;<\/p>\n<p>La <em><strong>CLOUEUSE PNEUMATIQUE F50 CT38070 CROWN<\/strong><\/em> est un outil \u00e0 air comprim\u00e9, utilis\u00e9e pour fixer des clous de finition de calibre 18Ga avec une longueur de 50mm. Elle est dot\u00e9e d&rsquo;un m\u00e9canisme de s\u00e9curit\u00e9 pour \u00e9viter les d\u00e9clenchements accidentels et garantir une utilisation s\u00fbre.<\/p>\n<p>La cloueuse CROWN est utilis\u00e9 pour fixer des \u00e9l\u00e9ments en bois lors des travaux de menuiserie ou cherpenterie, tels que les moulures, les cadres, &#8230;..<\/p>\n<h5>CARACTERISTIQUES:<\/h5>\n<ul>\n<li>Poids: 900 gr<\/li>\n<li>Pression maximale: 120 psi \/ 8.3 bar<\/li>\n<li>Pression de travail: 60 &#8211; 100 psi \/ 4 &#8211; 7 bar<\/li>\n<li>Longueur des clous: 50 mm<\/li>\n<li>Capacit\u00e9 de chargement: 120 pcs<\/li>\n<li>Type de clou: 18GA (1.2 mm)<\/li>\n<\/ul>\n<p>&nbsp;<\/p>\n","protected":false},"excerpt":{"rendered":"<p>CLOUEUSE PNEUMATIQUE F50 CT38070 CROWN &nbsp; La CLOUEUSE PNEUMATIQUE F50 CT38070 CROWN est un outil \u00e0 air comprim\u00e9, utilis\u00e9e pour fixer des clous de finition de calibre 18Ga avec une longueur de 50mm. Elle est dot\u00e9e d&rsquo;un m\u00e9canisme de s\u00e9curit\u00e9 pour \u00e9viter les d\u00e9clenchements accidentels et garantir une utilisation s\u00fbre. La cloueuse CROWN est utilis\u00e9 [&hellip;]<\/p>\n","protected":false},"featured_media":8154,"template":"","meta":{"jetpack_post_was_ever_published":false,"jetpack_publicize_message":"","jetpack_publicize_feature_enabled":true,"jetpack_social_post_already_shared":false,"jetpack_social_options":{"image_generator_settings":{"template":"highway","default_image_id":0,"font":"","enabled":false},"version":2}},"product_brand":[1113],"product_cat":[207],"product_tag":[],"class_list":{"0":"post-8145","1":"product","2":"type-product","3":"status-publish","4":"has-post-thumbnail","6":"product_brand-crown","7":"product_cat-menuiserie","9":"first","10":"instock","11":"taxable","12":"shipping-taxable","13":"purchasable","14":"product-type-simple"},"yoast_head":"<!-- This site is optimized with the Yoast SEO Premium plugin v20.0 (Yoast SEO v27.4) - https:\/\/yoast.com\/product\/yoast-seo-premium-wordpress\/ -->\n<title>CLOUEUSE PNEUMATIQUE F50 CT38070 CROWN - DEKKAL<\/title>\n<meta name=\"description\" content=\"CLOUEUSE PNEUMATIQUE F50 CT38070 CROWN - 50MM - 18Ga - 120 PIECES - DEKKAL QUINCAILLERIE - TIZI-RACHED - TIZI-OUZOU - TEL.: 0561.79.28.59\" \/>\n<meta name=\"robots\" content=\"index, follow, max-snippet:-1, max-image-preview:large, max-video-preview:-1\" \/>\n<link rel=\"canonical\" href=\"https:\/\/dekkal-quincaillerie.dz\/fr\/produit\/cloueuse-pneumatique-f50-ct38070-crown\/\" \/>\n<script type=\"application\/ld+json\" class=\"yoast-schema-graph\">{\"@context\":\"https:\\\/\\\/schema.org\",\"@graph\":[{\"@type\":\"WebPage\",\"@id\":\"https:\\\/\\\/dekkal-quincaillerie.dz\\\/fr\\\/produit\\\/cloueuse-pneumatique-f50-ct38070-crown\\\/\",\"url\":\"https:\\\/\\\/dekkal-quincaillerie.dz\\\/fr\\\/produit\\\/cloueuse-pneumatique-f50-ct38070-crown\\\/\",\"name\":\"CLOUEUSE PNEUMATIQUE F50 CT38070 CROWN - DEKKAL\",\"isPartOf\":{\"@id\":\"https:\\\/\\\/dekkal-quincaillerie.dz\\\/fr\\\/#website\"},\"primaryImageOfPage\":{\"@id\":\"https:\\\/\\\/dekkal-quincaillerie.dz\\\/fr\\\/produit\\\/cloueuse-pneumatique-f50-ct38070-crown\\\/#primaryimage\"},\"image\":{\"@id\":\"https:\\\/\\\/dekkal-quincaillerie.dz\\\/fr\\\/produit\\\/cloueuse-pneumatique-f50-ct38070-crown\\\/#primaryimage\"},\"thumbnailUrl\":\"https:\\\/\\\/dekkal-quincaillerie.dz\\\/fr\\\/wp-content\\\/uploads\\\/2024\\\/04\\\/CT38070.avif\",\"datePublished\":\"2024-04-14T08:27:14+00:00\",\"dateModified\":\"2025-03-22T07:17:00+00:00\",\"description\":\"CLOUEUSE PNEUMATIQUE F50 CT38070 CROWN - 50MM - 18Ga - 120 PIECES - DEKKAL QUINCAILLERIE - TIZI-RACHED - TIZI-OUZOU - TEL.: 0561.79.28.59\",\"breadcrumb\":{\"@id\":\"https:\\\/\\\/dekkal-quincaillerie.dz\\\/fr\\\/produit\\\/cloueuse-pneumatique-f50-ct38070-crown\\\/#breadcrumb\"},\"inLanguage\":\"fr-FR\",\"potentialAction\":[{\"@type\":\"ReadAction\",\"target\":[\"https:\\\/\\\/dekkal-quincaillerie.dz\\\/fr\\\/produit\\\/cloueuse-pneumatique-f50-ct38070-crown\\\/\"]}]},{\"@type\":\"ImageObject\",\"inLanguage\":\"fr-FR\",\"@id\":\"https:\\\/\\\/dekkal-quincaillerie.dz\\\/fr\\\/produit\\\/cloueuse-pneumatique-f50-ct38070-crown\\\/#primaryimage\",\"url\":\"https:\\\/\\\/dekkal-quincaillerie.dz\\\/fr\\\/wp-content\\\/uploads\\\/2024\\\/04\\\/CT38070.avif\",\"contentUrl\":\"https:\\\/\\\/dekkal-quincaillerie.dz\\\/fr\\\/wp-content\\\/uploads\\\/2024\\\/04\\\/CT38070.avif\",\"width\":599,\"height\":602,\"caption\":\"CLOUEUSE PNEUMATIQUE CT38070 CROWN\"},{\"@type\":\"BreadcrumbList\",\"@id\":\"https:\\\/\\\/dekkal-quincaillerie.dz\\\/fr\\\/produit\\\/cloueuse-pneumatique-f50-ct38070-crown\\\/#breadcrumb\",\"itemListElement\":[{\"@type\":\"ListItem\",\"position\":1,\"name\":\"Accueil\",\"item\":\"https:\\\/\\\/dekkal-quincaillerie.dz\\\/fr\\\/\"},{\"@type\":\"ListItem\",\"position\":2,\"name\":\"Boutique\",\"item\":\"https:\\\/\\\/dekkal-quincaillerie.dz\\\/fr\\\/boutique\\\/\"},{\"@type\":\"ListItem\",\"position\":3,\"name\":\"CLOUEUSE PNEUMATIQUE F50 CT38070 CROWN\"}]},{\"@type\":\"WebSite\",\"@id\":\"https:\\\/\\\/dekkal-quincaillerie.dz\\\/fr\\\/#website\",\"url\":\"https:\\\/\\\/dekkal-quincaillerie.dz\\\/fr\\\/\",\"name\":\"DEKKAL\",\"description\":\"\",\"publisher\":{\"@id\":\"https:\\\/\\\/dekkal-quincaillerie.dz\\\/fr\\\/#organization\"},\"potentialAction\":[{\"@type\":\"SearchAction\",\"target\":{\"@type\":\"EntryPoint\",\"urlTemplate\":\"https:\\\/\\\/dekkal-quincaillerie.dz\\\/fr\\\/?s={search_term_string}\"},\"query-input\":{\"@type\":\"PropertyValueSpecification\",\"valueRequired\":true,\"valueName\":\"search_term_string\"}}],\"inLanguage\":\"fr-FR\"},{\"@type\":\"Organization\",\"@id\":\"https:\\\/\\\/dekkal-quincaillerie.dz\\\/fr\\\/#organization\",\"name\":\"DEKKAL QUINCAILLERIE\",\"url\":\"https:\\\/\\\/dekkal-quincaillerie.dz\\\/fr\\\/\",\"logo\":{\"@type\":\"ImageObject\",\"inLanguage\":\"fr-FR\",\"@id\":\"https:\\\/\\\/dekkal-quincaillerie.dz\\\/fr\\\/#\\\/schema\\\/logo\\\/image\\\/\",\"url\":\"https:\\\/\\\/dekkal-quincaillerie.dz\\\/fr\\\/wp-content\\\/uploads\\\/2022\\\/03\\\/image_2022-03-19_172411.png\",\"contentUrl\":\"https:\\\/\\\/dekkal-quincaillerie.dz\\\/fr\\\/wp-content\\\/uploads\\\/2022\\\/03\\\/image_2022-03-19_172411.png\",\"width\":851,\"height\":315,\"caption\":\"DEKKAL QUINCAILLERIE\"},\"image\":{\"@id\":\"https:\\\/\\\/dekkal-quincaillerie.dz\\\/fr\\\/#\\\/schema\\\/logo\\\/image\\\/\"},\"sameAs\":[\"https:\\\/\\\/www.facebook.com\\\/ets.dekkal.1\",\"https:\\\/\\\/www.instagram.com\\\/ets.dekkal\\\/\"]}]}<\/script>\n<!-- \/ Yoast SEO Premium plugin. -->","yoast_head_json":{"title":"CLOUEUSE PNEUMATIQUE F50 CT38070 CROWN - DEKKAL","description":"CLOUEUSE PNEUMATIQUE F50 CT38070 CROWN - 50MM - 18Ga - 120 PIECES - DEKKAL QUINCAILLERIE - TIZI-RACHED - TIZI-OUZOU - TEL.: 0561.79.28.59","robots":{"index":"index","follow":"follow","max-snippet":"max-snippet:-1","max-image-preview":"max-image-preview:large","max-video-preview":"max-video-preview:-1"},"canonical":"https:\/\/dekkal-quincaillerie.dz\/fr\/produit\/cloueuse-pneumatique-f50-ct38070-crown\/","schema":{"@context":"https:\/\/schema.org","@graph":[{"@type":"WebPage","@id":"https:\/\/dekkal-quincaillerie.dz\/fr\/produit\/cloueuse-pneumatique-f50-ct38070-crown\/","url":"https:\/\/dekkal-quincaillerie.dz\/fr\/produit\/cloueuse-pneumatique-f50-ct38070-crown\/","name":"CLOUEUSE PNEUMATIQUE F50 CT38070 CROWN - DEKKAL","isPartOf":{"@id":"https:\/\/dekkal-quincaillerie.dz\/fr\/#website"},"primaryImageOfPage":{"@id":"https:\/\/dekkal-quincaillerie.dz\/fr\/produit\/cloueuse-pneumatique-f50-ct38070-crown\/#primaryimage"},"image":{"@id":"https:\/\/dekkal-quincaillerie.dz\/fr\/produit\/cloueuse-pneumatique-f50-ct38070-crown\/#primaryimage"},"thumbnailUrl":"https:\/\/dekkal-quincaillerie.dz\/fr\/wp-content\/uploads\/2024\/04\/CT38070.avif","datePublished":"2024-04-14T08:27:14+00:00","dateModified":"2025-03-22T07:17:00+00:00","description":"CLOUEUSE PNEUMATIQUE F50 CT38070 CROWN - 50MM - 18Ga - 120 PIECES - DEKKAL QUINCAILLERIE - TIZI-RACHED - TIZI-OUZOU - TEL.: 0561.79.28.59","breadcrumb":{"@id":"https:\/\/dekkal-quincaillerie.dz\/fr\/produit\/cloueuse-pneumatique-f50-ct38070-crown\/#breadcrumb"},"inLanguage":"fr-FR","potentialAction":[{"@type":"ReadAction","target":["https:\/\/dekkal-quincaillerie.dz\/fr\/produit\/cloueuse-pneumatique-f50-ct38070-crown\/"]}]},{"@type":"ImageObject","inLanguage":"fr-FR","@id":"https:\/\/dekkal-quincaillerie.dz\/fr\/produit\/cloueuse-pneumatique-f50-ct38070-crown\/#primaryimage","url":"https:\/\/dekkal-quincaillerie.dz\/fr\/wp-content\/uploads\/2024\/04\/CT38070.avif","contentUrl":"https:\/\/dekkal-quincaillerie.dz\/fr\/wp-content\/uploads\/2024\/04\/CT38070.avif","width":599,"height":602,"caption":"CLOUEUSE PNEUMATIQUE CT38070 CROWN"},{"@type":"BreadcrumbList","@id":"https:\/\/dekkal-quincaillerie.dz\/fr\/produit\/cloueuse-pneumatique-f50-ct38070-crown\/#breadcrumb","itemListElement":[{"@type":"ListItem","position":1,"name":"Accueil","item":"https:\/\/dekkal-quincaillerie.dz\/fr\/"},{"@type":"ListItem","position":2,"name":"Boutique","item":"https:\/\/dekkal-quincaillerie.dz\/fr\/boutique\/"},{"@type":"ListItem","position":3,"name":"CLOUEUSE PNEUMATIQUE F50 CT38070 CROWN"}]},{"@type":"WebSite","@id":"https:\/\/dekkal-quincaillerie.dz\/fr\/#website","url":"https:\/\/dekkal-quincaillerie.dz\/fr\/","name":"DEKKAL","description":"","publisher":{"@id":"https:\/\/dekkal-quincaillerie.dz\/fr\/#organization"},"potentialAction":[{"@type":"SearchAction","target":{"@type":"EntryPoint","urlTemplate":"https:\/\/dekkal-quincaillerie.dz\/fr\/?s={search_term_string}"},"query-input":{"@type":"PropertyValueSpecification","valueRequired":true,"valueName":"search_term_string"}}],"inLanguage":"fr-FR"},{"@type":"Organization","@id":"https:\/\/dekkal-quincaillerie.dz\/fr\/#organization","name":"DEKKAL QUINCAILLERIE","url":"https:\/\/dekkal-quincaillerie.dz\/fr\/","logo":{"@type":"ImageObject","inLanguage":"fr-FR","@id":"https:\/\/dekkal-quincaillerie.dz\/fr\/#\/schema\/logo\/image\/","url":"https:\/\/dekkal-quincaillerie.dz\/fr\/wp-content\/uploads\/2022\/03\/image_2022-03-19_172411.png","contentUrl":"https:\/\/dekkal-quincaillerie.dz\/fr\/wp-content\/uploads\/2022\/03\/image_2022-03-19_172411.png","width":851,"height":315,"caption":"DEKKAL QUINCAILLERIE"},"image":{"@id":"https:\/\/dekkal-quincaillerie.dz\/fr\/#\/schema\/logo\/image\/"},"sameAs":["https:\/\/www.facebook.com\/ets.dekkal.1","https:\/\/www.instagram.com\/ets.dekkal\/"]}]}},"jetpack_publicize_connections":[],"jetpack-related-posts":[{"id":8143,"url":"https:\/\/dekkal-quincaillerie.dz\/fr\/produit\/cle-a-choc-pneumatique-ct38115-crown\/","url_meta":{"origin":8145,"position":0},"title":"CLE A CHOC PNEUMATIQUE CT38115 CROWN","author":"dekkal","date":"avril 13, 2024","format":false,"excerpt":"CLE A CHOC PNEUMATlQUE CT38115 CROWN \u00a0 La CLE A CHOC PNEUMATIQUE CT38115 CROWN\u00a0est un outil robuste et polyvalent con\u00e7u sp\u00e9cialement pour un usage professionnel. Elle s\u2019av\u00e8re id\u00e9ale pour les applications de vissage et de d\u00e9vissage difficiles, notamment dans les secteurs de l\u2019automobile, de la construction et de l\u2019industrie. Voici\u2026","rel":"","context":"Article similaire","block_context":{"text":"Article similaire","link":""},"img":{"alt_text":"CLE A CHOC PNEUMATIQUE CT38115 CROWN","src":"https:\/\/dekkal-quincaillerie.dz\/fr\/wp-content\/uploads\/2024\/04\/CT38115-1.avif","width":350,"height":200},"classes":[]},{"id":7969,"url":"https:\/\/dekkal-quincaillerie.dz\/fr\/produit\/enrouleur-flexible-dair-pneumatique-15m-cthrp0001-crown\/","url_meta":{"origin":8145,"position":1},"title":"ENROULEUR FLEXIBLE D&rsquo;AIR PNEUMATIQUE CTHRP0001 CROWN","author":"webmaster","date":"avril 9, 2024","format":false,"excerpt":"ENROULEUR FLEXIBLE D'AIR PNEUMATIQUE CTHRP0001 CROWN \u00a0 L'ENROULEUR FLEXIBLE D'AIR PNEUMATIQUE CTHRP0001 CROWN est un outil essentiel pour optimiser l'efficacit\u00e9, la s\u00e9curit\u00e9 et la durabilit\u00e9 des tuyaux d'air comprim\u00e9 dans divers contextes industriels. Ce dispositif est utilis\u00e9 avec des outils pneumatiques qui requi\u00e8rent de l'air comprim\u00e9 lors de leur fonctionnement,\u2026","rel":"","context":"Article similaire","block_context":{"text":"Article similaire","link":""},"img":{"alt_text":"","src":"https:\/\/dekkal-quincaillerie.dz\/fr\/wp-content\/uploads\/2023\/12\/devidoir-flexible-dair-15m-crown.avif","width":350,"height":200,"srcset":"https:\/\/dekkal-quincaillerie.dz\/fr\/wp-content\/uploads\/2023\/12\/devidoir-flexible-dair-15m-crown.avif 1x, https:\/\/dekkal-quincaillerie.dz\/fr\/wp-content\/uploads\/2023\/12\/devidoir-flexible-dair-15m-crown.avif 1.5x, https:\/\/dekkal-quincaillerie.dz\/fr\/wp-content\/uploads\/2023\/12\/devidoir-flexible-dair-15m-crown.avif 2x"},"classes":[]},{"id":7866,"url":"https:\/\/dekkal-quincaillerie.dz\/fr\/produit\/cle-a-choc-pneumatique-1-2180nm-ct38085-crown\/","url_meta":{"origin":8145,"position":2},"title":"CLE A CHOC PNEUMATIQUE 1&Prime; 2180Nm CT38085 BMC CROWN","author":"dekkal","date":"d\u00e9cembre 25, 2023","format":false,"excerpt":"CLE A CHOC PNEUMATIQUE 1\" 2180Nm CT38085 BMC CROWN \u00a0 La CLE A CHOC PNEUMATIQUE 1\" 2180Nm CT38085 BMC CROWN se caract\u00e9rise par: Source d\u2019alimentation: Air comprim\u00e9 Max. couple : 2180 Nm Vitesse : 4200 rpm Filetage du connecteur d'air : 3\/4\" Porte-outil : 1\" Pression maximale : 11,8 bar\u2026","rel":"","context":"Article similaire","block_context":{"text":"Article similaire","link":""},"img":{"alt_text":"CLE A CHOC PNEUMATIQUE 1\" 2180Nm CT38085BMC CROWN","src":"https:\/\/dekkal-quincaillerie.dz\/fr\/wp-content\/uploads\/2023\/12\/CT38085.avif","width":350,"height":200},"classes":[]},{"id":4595,"url":"https:\/\/dekkal-quincaillerie.dz\/fr\/produit\/pistolet-de-peinture-pneumatique-crown-ct38056\/","url_meta":{"origin":8145,"position":3},"title":"PISTOLET DE PEINTURE PNEUMATIQUE 1.5 MM 600 ML CT38056 CROWN","author":"admin","date":"mars 19, 2022","format":false,"excerpt":"Pistolet de peinture pneumatique 1.5 MM 600 ML CT38056 CROWN \u00a0 Le\u00a0pistolet de peinture\u00a0est un outil essentiel pour les projets de peinture, qu\u2019ils soient petits ou grands. Sa conception ergonomique et sa poign\u00e9e antid\u00e9rapante offrent un confort optimal lors de son utilisation. Gr\u00e2ce \u00e0 sa capacit\u00e9 de pulv\u00e9risation uniforme, il\u2026","rel":"","context":"Article similaire","block_context":{"text":"Article similaire","link":""},"img":{"alt_text":"pistolet de peinture","src":"https:\/\/dekkal-quincaillerie.dz\/fr\/wp-content\/uploads\/2022\/03\/CT38056.avif","width":350,"height":200,"srcset":"https:\/\/dekkal-quincaillerie.dz\/fr\/wp-content\/uploads\/2022\/03\/CT38056.avif 1x, https:\/\/dekkal-quincaillerie.dz\/fr\/wp-content\/uploads\/2022\/03\/CT38056.avif 1.5x"},"classes":[]},{"id":5631,"url":"https:\/\/dekkal-quincaillerie.dz\/fr\/produit\/boulonneuse-pneumatique-1-2-850nm-ct38080-crown\/","url_meta":{"origin":8145,"position":4},"title":"Boulonneuse pneumatique 1\/2&Prime; 850N-M CT38080 CROWN","author":"admin","date":"mars 19, 2022","format":false,"excerpt":"Boulonneuse pneumatique 1\/2\" 850N-M CT38080 CROWN Caract\u00e9ristiques : R\u00e9f\u00e9rence : CT38080 Description : boulonneuse cl\u00e9 \u00e0 choc 1\/2 CROWN Vitesse: 7500 TR\/MIN Porte-outil: 1\/2\u2033 Capacit\u00e9 du boulon : 18 MM Couple maximum : 850 NM","rel":"","context":"Article similaire","block_context":{"text":"Article similaire","link":""},"img":{"alt_text":"","src":"https:\/\/dekkal-quincaillerie.dz\/fr\/wp-content\/uploads\/2022\/03\/IMG_20220214_101229.avif","width":350,"height":200,"srcset":"https:\/\/dekkal-quincaillerie.dz\/fr\/wp-content\/uploads\/2022\/03\/IMG_20220214_101229.avif 1x, https:\/\/dekkal-quincaillerie.dz\/fr\/wp-content\/uploads\/2022\/03\/IMG_20220214_101229.avif 1.5x, https:\/\/dekkal-quincaillerie.dz\/fr\/wp-content\/uploads\/2022\/03\/IMG_20220214_101229.avif 2x, https:\/\/dekkal-quincaillerie.dz\/fr\/wp-content\/uploads\/2022\/03\/IMG_20220214_101229.avif 3x, https:\/\/dekkal-quincaillerie.dz\/fr\/wp-content\/uploads\/2022\/03\/IMG_20220214_101229.avif 4x"},"classes":[]},{"id":11473,"url":"https:\/\/dekkal-quincaillerie.dz\/fr\/produit\/compresseur-a-air-50l-avec-courroie-220v-8bar-2hp-crown\/","url_meta":{"origin":8145,"position":5},"title":"COMPRESSEUR A AIR 50L AVEC COURROIE 220V 8BAR 2HP CROWN","author":"webmaster","date":"mai 12, 2025","format":false,"excerpt":"D\u00e9couvrez la Force et la Fiabilit\u00e9 du COMPRESSEUR A AIR 50L\u00a0 CROWN : Votre Partenaire Pneumatique Indispensable ! Vous recherchez un compresseur d'air robuste et performant, capable de r\u00e9pondre \u00e0 vos besoins les plus exigeants ? Alors, laissez-vous s\u00e9duire par la puissance et la durabilit\u00e9 du compresseur \u00e0 air 50L\u2026","rel":"","context":"Article similaire","block_context":{"text":"Article similaire","link":""},"img":{"alt_text":"","src":"https:\/\/dekkal-quincaillerie.dz\/fr\/wp-content\/uploads\/2025\/05\/CT-36030-GAMAOUTILLAGE-CNC-600x600-1.avif","width":350,"height":200,"srcset":"https:\/\/dekkal-quincaillerie.dz\/fr\/wp-content\/uploads\/2025\/05\/CT-36030-GAMAOUTILLAGE-CNC-600x600-1.avif 1x, https:\/\/dekkal-quincaillerie.dz\/fr\/wp-content\/uploads\/2025\/05\/CT-36030-GAMAOUTILLAGE-CNC-600x600-1.avif 1.5x"},"classes":[]}],"jetpack_likes_enabled":true,"jetpack_sharing_enabled":true,"_links":{"self":[{"href":"https:\/\/dekkal-quincaillerie.dz\/fr\/wp-json\/wp\/v2\/product\/8145","targetHints":{"allow":["GET"]}}],"collection":[{"href":"https:\/\/dekkal-quincaillerie.dz\/fr\/wp-json\/wp\/v2\/product"}],"about":[{"href":"https:\/\/dekkal-quincaillerie.dz\/fr\/wp-json\/wp\/v2\/types\/product"}],"wp:featuredmedia":[{"embeddable":true,"href":"https:\/\/dekkal-quincaillerie.dz\/fr\/wp-json\/wp\/v2\/media\/8154"}],"wp:attachment":[{"href":"https:\/\/dekkal-quincaillerie.dz\/fr\/wp-json\/wp\/v2\/media?parent=8145"}],"wp:term":[{"taxonomy":"product_brand","embeddable":true,"href":"https:\/\/dekkal-quincaillerie.dz\/fr\/wp-json\/wp\/v2\/product_brand?post=8145"},{"taxonomy":"product_cat","embeddable":true,"href":"https:\/\/dekkal-quincaillerie.dz\/fr\/wp-json\/wp\/v2\/product_cat?post=8145"},{"taxonomy":"product_tag","embeddable":true,"href":"https:\/\/dekkal-quincaillerie.dz\/fr\/wp-json\/wp\/v2\/product_tag?post=8145"}],"curies":[{"name":"wp","href":"https:\/\/api.w.org\/{rel}","templated":true}]}}