{"id":8094,"date":"2024-02-04T09:11:28","date_gmt":"2024-02-04T09:11:28","guid":{"rendered":"https:\/\/dekkal-quincaillerie.dz\/fr\/?post_type=product&#038;p=8094"},"modified":"2025-03-22T07:17:00","modified_gmt":"2025-03-22T07:17:00","slug":"soudeuse-electrique-o-300-pfs-300","status":"publish","type":"product","link":"https:\/\/dekkal-quincaillerie.dz\/fr\/produit\/soudeuse-electrique-o-300-pfs-300\/","title":{"rendered":"SOUDEUSE ELECTRIQUE \u00d8 300 PFS-300"},"content":{"rendered":"<h4>SOUDEUSE ELECTRIQUE \u00d8 300 PFS-300<\/h4>\n<p>&nbsp;<\/p>\n<p>La <strong>SOUDEUSE ELECTRIQUE \u00d8 300 PFS-300<\/strong> est une machine \u00e0 sceller \u00e0 impulsions de 30cm. La PFS-300 a une fonction polyvalente, elle assure le scellage manuel des sachets et des mat\u00e9riaux d&#8217;embalage en PVC, PE, PP et bien d&rsquo;autres types de films plastiques fins thermo-soudables. Ce proc\u00e9d\u00e9 de soudage est assur\u00e9 par la chaleur \u00e9mise par les deux barres de soudage, c&rsquo;est ce qu&rsquo;on appelle le <strong><em>THERMO-SCELLAGE<\/em><\/strong>.<\/p>\n<h5>Caract\u00e9ristiques de la SOUDEUSE ELECTRIQUE \u00d8 300 PFS-300:<\/h5>\n<ul>\n<li>Longueur de soudure: 300mm<\/li>\n<li>Largeur de soudure: 2mm<\/li>\n<li>Puissance: 200W<\/li>\n<li>Voltage: 220V<\/li>\n<\/ul>\n","protected":false},"excerpt":{"rendered":"<p>Avec cet appareil, vous pouvez emballer dans un sac plastique des aliments, des m\u00e9dicaments, des produits de beaut\u00e9, des accessoires ou autres produits similaires, qui doivent \u00eatre empaquet\u00e9s de mani\u00e8re herm\u00e9tique et imperm\u00e9able pour une bonne et longue conservation.<\/p>\n<p>Il s\u2019agit d\u2019une machine \u00e0 sceller \u00e0 impulsion simple \u00e0 utiliser, qui est munie d\u2019un boitier en aluminium robuste, et qui est appropri\u00e9e aux films plastique de 500 mm au maximum. Vous pouvez r\u00e9gler de mani\u00e8re continue la dur\u00e9e de soudage gr\u00e2ce \u00e0 un r\u00e9gulateur manuel. Apr\u00e8s avoir mis le fil plastique sur la surface de soudure, vous devez appuyer sur l\u2019\u00e9trier jusqu\u2019\u00e0 ce que le t\u00e9moin lumineux s\u2019\u00e9teigne.<\/p>\n","protected":false},"featured_media":8089,"template":"","meta":{"jetpack_post_was_ever_published":false,"jetpack_publicize_message":"","jetpack_publicize_feature_enabled":true,"jetpack_social_post_already_shared":false,"jetpack_social_options":{"image_generator_settings":{"template":"highway","default_image_id":0,"font":"","enabled":false},"version":2}},"product_brand":[],"product_cat":[15],"product_tag":[],"class_list":{"0":"post-8094","1":"product","2":"type-product","3":"status-publish","4":"has-post-thumbnail","6":"product_cat-non-classe","8":"first","9":"instock","10":"taxable","11":"shipping-taxable","12":"purchasable","13":"product-type-simple"},"yoast_head":"<!-- This site is optimized with the Yoast SEO Premium plugin v20.0 (Yoast SEO v27.4) - https:\/\/yoast.com\/product\/yoast-seo-premium-wordpress\/ -->\n<title>SOUDEUSE ELECTRIQUE \u00d8 300 PFS-300 - DEKKAL<\/title>\n<meta name=\"description\" content=\"SOUDEUSE ELECTRIQUE \u00d8 300 PFS-300 - 200W - SCELLAGE POLYVALENT DES SACS ET SACHETS D&#039;EMBALLAGE - LONGUEUR 300MM - DEKKAL QUINCAILLERIE - 0561.79.28.59\" \/>\n<meta name=\"robots\" content=\"index, follow, max-snippet:-1, max-image-preview:large, max-video-preview:-1\" \/>\n<link rel=\"canonical\" href=\"https:\/\/dekkal-quincaillerie.dz\/fr\/produit\/soudeuse-electrique-o-300-pfs-300\/\" \/>\n<script type=\"application\/ld+json\" class=\"yoast-schema-graph\">{\"@context\":\"https:\\\/\\\/schema.org\",\"@graph\":[{\"@type\":\"WebPage\",\"@id\":\"https:\\\/\\\/dekkal-quincaillerie.dz\\\/fr\\\/produit\\\/soudeuse-electrique-o-300-pfs-300\\\/\",\"url\":\"https:\\\/\\\/dekkal-quincaillerie.dz\\\/fr\\\/produit\\\/soudeuse-electrique-o-300-pfs-300\\\/\",\"name\":\"SOUDEUSE ELECTRIQUE \u00d8 300 PFS-300 - DEKKAL\",\"isPartOf\":{\"@id\":\"https:\\\/\\\/dekkal-quincaillerie.dz\\\/fr\\\/#website\"},\"primaryImageOfPage\":{\"@id\":\"https:\\\/\\\/dekkal-quincaillerie.dz\\\/fr\\\/produit\\\/soudeuse-electrique-o-300-pfs-300\\\/#primaryimage\"},\"image\":{\"@id\":\"https:\\\/\\\/dekkal-quincaillerie.dz\\\/fr\\\/produit\\\/soudeuse-electrique-o-300-pfs-300\\\/#primaryimage\"},\"thumbnailUrl\":\"https:\\\/\\\/dekkal-quincaillerie.dz\\\/fr\\\/wp-content\\\/uploads\\\/2024\\\/02\\\/PFS-300-2.avif\",\"datePublished\":\"2024-02-04T09:11:28+00:00\",\"dateModified\":\"2025-03-22T07:17:00+00:00\",\"description\":\"SOUDEUSE ELECTRIQUE \u00d8 300 PFS-300 - 200W - SCELLAGE POLYVALENT DES SACS ET SACHETS D'EMBALLAGE - LONGUEUR 300MM - DEKKAL QUINCAILLERIE - 0561.79.28.59\",\"breadcrumb\":{\"@id\":\"https:\\\/\\\/dekkal-quincaillerie.dz\\\/fr\\\/produit\\\/soudeuse-electrique-o-300-pfs-300\\\/#breadcrumb\"},\"inLanguage\":\"fr-FR\",\"potentialAction\":[{\"@type\":\"ReadAction\",\"target\":[\"https:\\\/\\\/dekkal-quincaillerie.dz\\\/fr\\\/produit\\\/soudeuse-electrique-o-300-pfs-300\\\/\"]}]},{\"@type\":\"ImageObject\",\"inLanguage\":\"fr-FR\",\"@id\":\"https:\\\/\\\/dekkal-quincaillerie.dz\\\/fr\\\/produit\\\/soudeuse-electrique-o-300-pfs-300\\\/#primaryimage\",\"url\":\"https:\\\/\\\/dekkal-quincaillerie.dz\\\/fr\\\/wp-content\\\/uploads\\\/2024\\\/02\\\/PFS-300-2.avif\",\"contentUrl\":\"https:\\\/\\\/dekkal-quincaillerie.dz\\\/fr\\\/wp-content\\\/uploads\\\/2024\\\/02\\\/PFS-300-2.avif\",\"width\":509,\"height\":379,\"caption\":\"SOUDEUSE ELECTIQUE PFS-300\"},{\"@type\":\"BreadcrumbList\",\"@id\":\"https:\\\/\\\/dekkal-quincaillerie.dz\\\/fr\\\/produit\\\/soudeuse-electrique-o-300-pfs-300\\\/#breadcrumb\",\"itemListElement\":[{\"@type\":\"ListItem\",\"position\":1,\"name\":\"Accueil\",\"item\":\"https:\\\/\\\/dekkal-quincaillerie.dz\\\/fr\\\/\"},{\"@type\":\"ListItem\",\"position\":2,\"name\":\"Boutique\",\"item\":\"https:\\\/\\\/dekkal-quincaillerie.dz\\\/fr\\\/boutique\\\/\"},{\"@type\":\"ListItem\",\"position\":3,\"name\":\"SOUDEUSE ELECTRIQUE \u00d8 300 PFS-300\"}]},{\"@type\":\"WebSite\",\"@id\":\"https:\\\/\\\/dekkal-quincaillerie.dz\\\/fr\\\/#website\",\"url\":\"https:\\\/\\\/dekkal-quincaillerie.dz\\\/fr\\\/\",\"name\":\"DEKKAL\",\"description\":\"\",\"publisher\":{\"@id\":\"https:\\\/\\\/dekkal-quincaillerie.dz\\\/fr\\\/#organization\"},\"potentialAction\":[{\"@type\":\"SearchAction\",\"target\":{\"@type\":\"EntryPoint\",\"urlTemplate\":\"https:\\\/\\\/dekkal-quincaillerie.dz\\\/fr\\\/?s={search_term_string}\"},\"query-input\":{\"@type\":\"PropertyValueSpecification\",\"valueRequired\":true,\"valueName\":\"search_term_string\"}}],\"inLanguage\":\"fr-FR\"},{\"@type\":\"Organization\",\"@id\":\"https:\\\/\\\/dekkal-quincaillerie.dz\\\/fr\\\/#organization\",\"name\":\"DEKKAL QUINCAILLERIE\",\"url\":\"https:\\\/\\\/dekkal-quincaillerie.dz\\\/fr\\\/\",\"logo\":{\"@type\":\"ImageObject\",\"inLanguage\":\"fr-FR\",\"@id\":\"https:\\\/\\\/dekkal-quincaillerie.dz\\\/fr\\\/#\\\/schema\\\/logo\\\/image\\\/\",\"url\":\"https:\\\/\\\/dekkal-quincaillerie.dz\\\/fr\\\/wp-content\\\/uploads\\\/2022\\\/03\\\/image_2022-03-19_172411.png\",\"contentUrl\":\"https:\\\/\\\/dekkal-quincaillerie.dz\\\/fr\\\/wp-content\\\/uploads\\\/2022\\\/03\\\/image_2022-03-19_172411.png\",\"width\":851,\"height\":315,\"caption\":\"DEKKAL QUINCAILLERIE\"},\"image\":{\"@id\":\"https:\\\/\\\/dekkal-quincaillerie.dz\\\/fr\\\/#\\\/schema\\\/logo\\\/image\\\/\"},\"sameAs\":[\"https:\\\/\\\/www.facebook.com\\\/ets.dekkal.1\",\"https:\\\/\\\/www.instagram.com\\\/ets.dekkal\\\/\"]}]}<\/script>\n<!-- \/ Yoast SEO Premium plugin. -->","yoast_head_json":{"title":"SOUDEUSE ELECTRIQUE \u00d8 300 PFS-300 - DEKKAL","description":"SOUDEUSE ELECTRIQUE \u00d8 300 PFS-300 - 200W - SCELLAGE POLYVALENT DES SACS ET SACHETS D'EMBALLAGE - LONGUEUR 300MM - DEKKAL QUINCAILLERIE - 0561.79.28.59","robots":{"index":"index","follow":"follow","max-snippet":"max-snippet:-1","max-image-preview":"max-image-preview:large","max-video-preview":"max-video-preview:-1"},"canonical":"https:\/\/dekkal-quincaillerie.dz\/fr\/produit\/soudeuse-electrique-o-300-pfs-300\/","schema":{"@context":"https:\/\/schema.org","@graph":[{"@type":"WebPage","@id":"https:\/\/dekkal-quincaillerie.dz\/fr\/produit\/soudeuse-electrique-o-300-pfs-300\/","url":"https:\/\/dekkal-quincaillerie.dz\/fr\/produit\/soudeuse-electrique-o-300-pfs-300\/","name":"SOUDEUSE ELECTRIQUE \u00d8 300 PFS-300 - DEKKAL","isPartOf":{"@id":"https:\/\/dekkal-quincaillerie.dz\/fr\/#website"},"primaryImageOfPage":{"@id":"https:\/\/dekkal-quincaillerie.dz\/fr\/produit\/soudeuse-electrique-o-300-pfs-300\/#primaryimage"},"image":{"@id":"https:\/\/dekkal-quincaillerie.dz\/fr\/produit\/soudeuse-electrique-o-300-pfs-300\/#primaryimage"},"thumbnailUrl":"https:\/\/dekkal-quincaillerie.dz\/fr\/wp-content\/uploads\/2024\/02\/PFS-300-2.avif","datePublished":"2024-02-04T09:11:28+00:00","dateModified":"2025-03-22T07:17:00+00:00","description":"SOUDEUSE ELECTRIQUE \u00d8 300 PFS-300 - 200W - SCELLAGE POLYVALENT DES SACS ET SACHETS D'EMBALLAGE - LONGUEUR 300MM - DEKKAL QUINCAILLERIE - 0561.79.28.59","breadcrumb":{"@id":"https:\/\/dekkal-quincaillerie.dz\/fr\/produit\/soudeuse-electrique-o-300-pfs-300\/#breadcrumb"},"inLanguage":"fr-FR","potentialAction":[{"@type":"ReadAction","target":["https:\/\/dekkal-quincaillerie.dz\/fr\/produit\/soudeuse-electrique-o-300-pfs-300\/"]}]},{"@type":"ImageObject","inLanguage":"fr-FR","@id":"https:\/\/dekkal-quincaillerie.dz\/fr\/produit\/soudeuse-electrique-o-300-pfs-300\/#primaryimage","url":"https:\/\/dekkal-quincaillerie.dz\/fr\/wp-content\/uploads\/2024\/02\/PFS-300-2.avif","contentUrl":"https:\/\/dekkal-quincaillerie.dz\/fr\/wp-content\/uploads\/2024\/02\/PFS-300-2.avif","width":509,"height":379,"caption":"SOUDEUSE ELECTIQUE PFS-300"},{"@type":"BreadcrumbList","@id":"https:\/\/dekkal-quincaillerie.dz\/fr\/produit\/soudeuse-electrique-o-300-pfs-300\/#breadcrumb","itemListElement":[{"@type":"ListItem","position":1,"name":"Accueil","item":"https:\/\/dekkal-quincaillerie.dz\/fr\/"},{"@type":"ListItem","position":2,"name":"Boutique","item":"https:\/\/dekkal-quincaillerie.dz\/fr\/boutique\/"},{"@type":"ListItem","position":3,"name":"SOUDEUSE ELECTRIQUE \u00d8 300 PFS-300"}]},{"@type":"WebSite","@id":"https:\/\/dekkal-quincaillerie.dz\/fr\/#website","url":"https:\/\/dekkal-quincaillerie.dz\/fr\/","name":"DEKKAL","description":"","publisher":{"@id":"https:\/\/dekkal-quincaillerie.dz\/fr\/#organization"},"potentialAction":[{"@type":"SearchAction","target":{"@type":"EntryPoint","urlTemplate":"https:\/\/dekkal-quincaillerie.dz\/fr\/?s={search_term_string}"},"query-input":{"@type":"PropertyValueSpecification","valueRequired":true,"valueName":"search_term_string"}}],"inLanguage":"fr-FR"},{"@type":"Organization","@id":"https:\/\/dekkal-quincaillerie.dz\/fr\/#organization","name":"DEKKAL QUINCAILLERIE","url":"https:\/\/dekkal-quincaillerie.dz\/fr\/","logo":{"@type":"ImageObject","inLanguage":"fr-FR","@id":"https:\/\/dekkal-quincaillerie.dz\/fr\/#\/schema\/logo\/image\/","url":"https:\/\/dekkal-quincaillerie.dz\/fr\/wp-content\/uploads\/2022\/03\/image_2022-03-19_172411.png","contentUrl":"https:\/\/dekkal-quincaillerie.dz\/fr\/wp-content\/uploads\/2022\/03\/image_2022-03-19_172411.png","width":851,"height":315,"caption":"DEKKAL QUINCAILLERIE"},"image":{"@id":"https:\/\/dekkal-quincaillerie.dz\/fr\/#\/schema\/logo\/image\/"},"sameAs":["https:\/\/www.facebook.com\/ets.dekkal.1","https:\/\/www.instagram.com\/ets.dekkal\/"]}]}},"jetpack_publicize_connections":[],"jetpack-related-posts":[{"id":8087,"url":"https:\/\/dekkal-quincaillerie.dz\/fr\/produit\/soudeuse-electrique-o-200-pfs-200\/","url_meta":{"origin":8094,"position":0},"title":"SOUDEUSE ELECTRIQUE \u00d8 200 PFS-200","author":"dekkal","date":"f\u00e9vrier 4, 2024","format":false,"excerpt":"Avec cet appareil, vous pouvez emballer dans un sac plastique des aliments, des m\u00e9dicaments, des produits de beaut\u00e9, des accessoires ou autres produits similaires, qui doivent \u00eatre empaquet\u00e9s de mani\u00e8re herm\u00e9tique et imperm\u00e9able pour une bonne et longue conservation. Il s\u2019agit d\u2019une machine \u00e0 sceller \u00e0 impulsion simple \u00e0 utiliser,\u2026","rel":"","context":"Article similaire","block_context":{"text":"Article similaire","link":""},"img":{"alt_text":"","src":"","width":0,"height":0},"classes":[]},{"id":11274,"url":"https:\/\/dekkal-quincaillerie.dz\/fr\/produit\/thermo-soudeuse-ppr-gshonda-hd12315\/","url_meta":{"origin":8094,"position":1},"title":"Thermo-soudeuse PPR GSHONDA HD12315","author":"webmaster","date":"avril 29, 2025","format":false,"excerpt":"Thermo-soudeuse PPR GSHONDA HD12315","rel":"","context":"Article similaire","block_context":{"text":"Article similaire","link":""},"img":{"alt_text":"Thermo soudeuse PPR","src":"https:\/\/dekkal-quincaillerie.dz\/fr\/wp-content\/uploads\/2025\/04\/1000028462-1.avif","width":350,"height":200},"classes":[]},{"id":4740,"url":"https:\/\/dekkal-quincaillerie.dz\/fr\/produit\/machine-a-souder-ppr-o-16-63mm\/","url_meta":{"origin":8094,"position":2},"title":"Machine \u00e0 souder PPR \u00d8 16-63 MM YT-82250 YATO","author":"admin","date":"mars 19, 2022","format":false,"excerpt":"La soudeuse est destin\u00e9e au raccordement de tuyaux et de fixations en mat\u00e9riaux thermoplastiques par soudage. L'appareil permet un travail rapide et confortable lors de la cr\u00e9ation d'installations d'eau.\u00a0 Il dispose \u00e9galement d'un affichage num\u00e9rique lisible qui vous permet de d\u00e9terminer les param\u00e8tres de travail exact","rel":"","context":"Article similaire","block_context":{"text":"Article similaire","link":""},"img":{"alt_text":"","src":"https:\/\/dekkal-quincaillerie.dz\/fr\/wp-content\/uploads\/2022\/03\/aparat-de-sudat-tevi-termoplastice-ppr-850w-yt-82250-yt-82250-1.avif","width":350,"height":200},"classes":[]},{"id":5553,"url":"https:\/\/dekkal-quincaillerie.dz\/fr\/produit\/poste-a-souder-portatif-wa-300-soficlef\/","url_meta":{"origin":8094,"position":3},"title":"Poste \u00e0 souder portatif WA-300 SOFICLEF","author":"admin","date":"mars 19, 2022","format":false,"excerpt":"Poste \u00e0 souder portatif WA-300 SOFICLEF Caract\u00e9ristiques : Puissance : 7.3 KVA Tension : 220 V Intensit\u00e9 de soudage : 300 A Diam\u00e8tre de l\u2019\u00e9lectrode de soudure : 1.6 - 5.0 MM Fr\u00e9quence : 50 HZ Facteur de marche : 60 % Poids : 5.5 KG Accessoires inclus:\u00a0 1 PCS\u2026","rel":"","context":"Article similaire","block_context":{"text":"Article similaire","link":""},"img":{"alt_text":"","src":"https:\/\/dekkal-quincaillerie.dz\/fr\/wp-content\/uploads\/2022\/03\/Poste-a-souder-WA-300-Portatif-Soficlef-Dekkal-Quincaillerie-Tizi-Ouzou.avif","width":350,"height":200},"classes":[]},{"id":7684,"url":"https:\/\/dekkal-quincaillerie.dz\/fr\/produit\/film-thermo-retractable-pebd\/","url_meta":{"origin":8094,"position":4},"title":"FILM THERMO-RETRACTABLE PEBD","author":"dekkal","date":"septembre 16, 2023","format":false,"excerpt":"FILM THERMO-RETRACTABLE PEBD \u00a0 Le FILM THERMO-RETRACTABLE\u00a0PEBD s\u2019utilise sur les fardeleuses soudeuses pour l'emballage et\/ou la protection de vos produits. La r\u00e9traction se fait par la chaleur. Il s\u2019utilise fr\u00e9quemment pour le conditionnement de boissons, conserves, cosm\u00e9tiques, mat\u00e9riaux de construction, portes, lambris etc \u2026 Conditionnement: le film thermo-r\u00e9tractable se pr\u00e9sente\u2026","rel":"","context":"Article similaire","block_context":{"text":"Article similaire","link":""},"img":{"alt_text":"FILM THERMO-RETRACTABLE PEBD","src":"https:\/\/dekkal-quincaillerie.dz\/fr\/wp-content\/uploads\/2023\/09\/379658445_291963426876378_6241769275584655350_n.avif","width":350,"height":200,"srcset":"https:\/\/dekkal-quincaillerie.dz\/fr\/wp-content\/uploads\/2023\/09\/379658445_291963426876378_6241769275584655350_n.avif 1x, https:\/\/dekkal-quincaillerie.dz\/fr\/wp-content\/uploads\/2023\/09\/379658445_291963426876378_6241769275584655350_n.avif 1.5x, https:\/\/dekkal-quincaillerie.dz\/fr\/wp-content\/uploads\/2023\/09\/379658445_291963426876378_6241769275584655350_n.avif 2x, https:\/\/dekkal-quincaillerie.dz\/fr\/wp-content\/uploads\/2023\/09\/379658445_291963426876378_6241769275584655350_n.avif 3x, https:\/\/dekkal-quincaillerie.dz\/fr\/wp-content\/uploads\/2023\/09\/379658445_291963426876378_6241769275584655350_n.avif 4x"},"classes":[]},{"id":8681,"url":"https:\/\/dekkal-quincaillerie.dz\/fr\/produit\/foret-beton-sds-o-18-x-300mm-hd55629-gshonda\/","url_meta":{"origin":8094,"position":5},"title":"FORET BETON SDS+ \u00d8 18 X 300MM HD55629 GSHONDA","author":"webmaster","date":"juin 24, 2024","format":false,"excerpt":"FORET BETON SDS+ \u00d8 18 X 300MM HD55629 GSHONDA La\u00a0FORET BETON SDS+ \u00d8 18 X 300MM HD55629 GSHONDA\u00a0est un foret de haute qualit\u00e9 con\u00e7u pour percer le b\u00e9ton. Id\u00e9al pour les travaux de construction, de r\u00e9novation et de bricolage, ce foret offre des performances fiables et une durabilit\u00e9 exceptionnelle. Diam\u00e8tre\u2026","rel":"","context":"Article similaire","block_context":{"text":"Article similaire","link":""},"img":{"alt_text":"","src":"https:\/\/dekkal-quincaillerie.dz\/fr\/wp-content\/uploads\/2024\/06\/images-3.avif","width":350,"height":200},"classes":[]}],"jetpack_likes_enabled":true,"jetpack_sharing_enabled":true,"_links":{"self":[{"href":"https:\/\/dekkal-quincaillerie.dz\/fr\/wp-json\/wp\/v2\/product\/8094","targetHints":{"allow":["GET"]}}],"collection":[{"href":"https:\/\/dekkal-quincaillerie.dz\/fr\/wp-json\/wp\/v2\/product"}],"about":[{"href":"https:\/\/dekkal-quincaillerie.dz\/fr\/wp-json\/wp\/v2\/types\/product"}],"wp:featuredmedia":[{"embeddable":true,"href":"https:\/\/dekkal-quincaillerie.dz\/fr\/wp-json\/wp\/v2\/media\/8089"}],"wp:attachment":[{"href":"https:\/\/dekkal-quincaillerie.dz\/fr\/wp-json\/wp\/v2\/media?parent=8094"}],"wp:term":[{"taxonomy":"product_brand","embeddable":true,"href":"https:\/\/dekkal-quincaillerie.dz\/fr\/wp-json\/wp\/v2\/product_brand?post=8094"},{"taxonomy":"product_cat","embeddable":true,"href":"https:\/\/dekkal-quincaillerie.dz\/fr\/wp-json\/wp\/v2\/product_cat?post=8094"},{"taxonomy":"product_tag","embeddable":true,"href":"https:\/\/dekkal-quincaillerie.dz\/fr\/wp-json\/wp\/v2\/product_tag?post=8094"}],"curies":[{"name":"wp","href":"https:\/\/api.w.org\/{rel}","templated":true}]}}