{"id":8040,"date":"2024-01-04T13:11:16","date_gmt":"2024-01-04T13:11:16","guid":{"rendered":"https:\/\/dekkal-quincaillerie.dz\/fr\/?post_type=product&#038;p=8040"},"modified":"2025-03-22T07:17:00","modified_gmt":"2025-03-22T07:17:00","slug":"pack-chaudiere-pour-f4-copa","status":"publish","type":"product","link":"https:\/\/dekkal-quincaillerie.dz\/fr\/produit\/pack-chaudiere-pour-f4-copa\/","title":{"rendered":"PACK CHAUDIERE POUR F4 &#8211; COPA"},"content":{"rendered":"<h4>PACK CHAUDIERE POUR F4 &#8211; COPA<\/h4>\n<p>&nbsp;<\/p>\n<p>Le PACK CHAUDIERE POUR F4 &#8211; COPA comprend:<\/p>\n<ul>\n<li>1 radiateur 12 \u00e9lements<\/li>\n<li>4 radiateurs 8 \u00e9lements<\/li>\n<li>5 robinets<\/li>\n<li>5 kits d&rsquo;accessoires<\/li>\n<\/ul>\n","protected":false},"excerpt":{"rendered":"<p>PACK CHAUDIERE POUR F4 &#8211; COPA &nbsp; Le PACK CHAUDIERE POUR F4 &#8211; COPA comprend: 1 radiateur 12 \u00e9lements 4 radiateurs 8 \u00e9lements 5 robinets 5 kits d&rsquo;accessoires<\/p>\n","protected":false},"featured_media":8042,"template":"","meta":{"jetpack_post_was_ever_published":false,"jetpack_publicize_message":"","jetpack_publicize_feature_enabled":true,"jetpack_social_post_already_shared":false,"jetpack_social_options":{"image_generator_settings":{"template":"highway","default_image_id":0,"font":"","enabled":false},"version":2}},"product_brand":[],"product_cat":[15],"product_tag":[],"class_list":{"0":"post-8040","1":"product","2":"type-product","3":"status-publish","4":"has-post-thumbnail","6":"product_cat-non-classe","8":"first","9":"onbackorder","10":"taxable","11":"shipping-taxable","12":"purchasable","13":"product-type-simple"},"yoast_head":"<!-- This site is optimized with the Yoast SEO Premium plugin v20.0 (Yoast SEO v27.4) - https:\/\/yoast.com\/product\/yoast-seo-premium-wordpress\/ -->\n<title>PACK CHAUDIERE POUR F4 - COPA - DEKKAL<\/title>\n<meta name=\"robots\" content=\"index, follow, max-snippet:-1, max-image-preview:large, max-video-preview:-1\" \/>\n<link rel=\"canonical\" href=\"https:\/\/dekkal-quincaillerie.dz\/fr\/produit\/pack-chaudiere-pour-f4-copa\/\" \/>\n<script type=\"application\/ld+json\" class=\"yoast-schema-graph\">{\"@context\":\"https:\\\/\\\/schema.org\",\"@graph\":[{\"@type\":\"WebPage\",\"@id\":\"https:\\\/\\\/dekkal-quincaillerie.dz\\\/fr\\\/produit\\\/pack-chaudiere-pour-f4-copa\\\/\",\"url\":\"https:\\\/\\\/dekkal-quincaillerie.dz\\\/fr\\\/produit\\\/pack-chaudiere-pour-f4-copa\\\/\",\"name\":\"PACK CHAUDIERE POUR F4 - COPA - DEKKAL\",\"isPartOf\":{\"@id\":\"https:\\\/\\\/dekkal-quincaillerie.dz\\\/fr\\\/#website\"},\"primaryImageOfPage\":{\"@id\":\"https:\\\/\\\/dekkal-quincaillerie.dz\\\/fr\\\/produit\\\/pack-chaudiere-pour-f4-copa\\\/#primaryimage\"},\"image\":{\"@id\":\"https:\\\/\\\/dekkal-quincaillerie.dz\\\/fr\\\/produit\\\/pack-chaudiere-pour-f4-copa\\\/#primaryimage\"},\"thumbnailUrl\":\"https:\\\/\\\/dekkal-quincaillerie.dz\\\/fr\\\/wp-content\\\/uploads\\\/2024\\\/01\\\/PACK-CHAUDIERE-F4.avif\",\"datePublished\":\"2024-01-04T13:11:16+00:00\",\"dateModified\":\"2025-03-22T07:17:00+00:00\",\"breadcrumb\":{\"@id\":\"https:\\\/\\\/dekkal-quincaillerie.dz\\\/fr\\\/produit\\\/pack-chaudiere-pour-f4-copa\\\/#breadcrumb\"},\"inLanguage\":\"fr-FR\",\"potentialAction\":[{\"@type\":\"ReadAction\",\"target\":[\"https:\\\/\\\/dekkal-quincaillerie.dz\\\/fr\\\/produit\\\/pack-chaudiere-pour-f4-copa\\\/\"]}]},{\"@type\":\"ImageObject\",\"inLanguage\":\"fr-FR\",\"@id\":\"https:\\\/\\\/dekkal-quincaillerie.dz\\\/fr\\\/produit\\\/pack-chaudiere-pour-f4-copa\\\/#primaryimage\",\"url\":\"https:\\\/\\\/dekkal-quincaillerie.dz\\\/fr\\\/wp-content\\\/uploads\\\/2024\\\/01\\\/PACK-CHAUDIERE-F4.avif\",\"contentUrl\":\"https:\\\/\\\/dekkal-quincaillerie.dz\\\/fr\\\/wp-content\\\/uploads\\\/2024\\\/01\\\/PACK-CHAUDIERE-F4.avif\",\"width\":940,\"height\":788},{\"@type\":\"BreadcrumbList\",\"@id\":\"https:\\\/\\\/dekkal-quincaillerie.dz\\\/fr\\\/produit\\\/pack-chaudiere-pour-f4-copa\\\/#breadcrumb\",\"itemListElement\":[{\"@type\":\"ListItem\",\"position\":1,\"name\":\"Accueil\",\"item\":\"https:\\\/\\\/dekkal-quincaillerie.dz\\\/fr\\\/\"},{\"@type\":\"ListItem\",\"position\":2,\"name\":\"Boutique\",\"item\":\"https:\\\/\\\/dekkal-quincaillerie.dz\\\/fr\\\/boutique\\\/\"},{\"@type\":\"ListItem\",\"position\":3,\"name\":\"PACK CHAUDIERE POUR F4 &#8211; COPA\"}]},{\"@type\":\"WebSite\",\"@id\":\"https:\\\/\\\/dekkal-quincaillerie.dz\\\/fr\\\/#website\",\"url\":\"https:\\\/\\\/dekkal-quincaillerie.dz\\\/fr\\\/\",\"name\":\"DEKKAL\",\"description\":\"\",\"publisher\":{\"@id\":\"https:\\\/\\\/dekkal-quincaillerie.dz\\\/fr\\\/#organization\"},\"potentialAction\":[{\"@type\":\"SearchAction\",\"target\":{\"@type\":\"EntryPoint\",\"urlTemplate\":\"https:\\\/\\\/dekkal-quincaillerie.dz\\\/fr\\\/?s={search_term_string}\"},\"query-input\":{\"@type\":\"PropertyValueSpecification\",\"valueRequired\":true,\"valueName\":\"search_term_string\"}}],\"inLanguage\":\"fr-FR\"},{\"@type\":\"Organization\",\"@id\":\"https:\\\/\\\/dekkal-quincaillerie.dz\\\/fr\\\/#organization\",\"name\":\"DEKKAL QUINCAILLERIE\",\"url\":\"https:\\\/\\\/dekkal-quincaillerie.dz\\\/fr\\\/\",\"logo\":{\"@type\":\"ImageObject\",\"inLanguage\":\"fr-FR\",\"@id\":\"https:\\\/\\\/dekkal-quincaillerie.dz\\\/fr\\\/#\\\/schema\\\/logo\\\/image\\\/\",\"url\":\"https:\\\/\\\/dekkal-quincaillerie.dz\\\/fr\\\/wp-content\\\/uploads\\\/2022\\\/03\\\/image_2022-03-19_172411.png\",\"contentUrl\":\"https:\\\/\\\/dekkal-quincaillerie.dz\\\/fr\\\/wp-content\\\/uploads\\\/2022\\\/03\\\/image_2022-03-19_172411.png\",\"width\":851,\"height\":315,\"caption\":\"DEKKAL QUINCAILLERIE\"},\"image\":{\"@id\":\"https:\\\/\\\/dekkal-quincaillerie.dz\\\/fr\\\/#\\\/schema\\\/logo\\\/image\\\/\"},\"sameAs\":[\"https:\\\/\\\/www.facebook.com\\\/ets.dekkal.1\",\"https:\\\/\\\/www.instagram.com\\\/ets.dekkal\\\/\"]}]}<\/script>\n<!-- \/ Yoast SEO Premium plugin. -->","yoast_head_json":{"title":"PACK CHAUDIERE POUR F4 - COPA - DEKKAL","robots":{"index":"index","follow":"follow","max-snippet":"max-snippet:-1","max-image-preview":"max-image-preview:large","max-video-preview":"max-video-preview:-1"},"canonical":"https:\/\/dekkal-quincaillerie.dz\/fr\/produit\/pack-chaudiere-pour-f4-copa\/","schema":{"@context":"https:\/\/schema.org","@graph":[{"@type":"WebPage","@id":"https:\/\/dekkal-quincaillerie.dz\/fr\/produit\/pack-chaudiere-pour-f4-copa\/","url":"https:\/\/dekkal-quincaillerie.dz\/fr\/produit\/pack-chaudiere-pour-f4-copa\/","name":"PACK CHAUDIERE POUR F4 - COPA - DEKKAL","isPartOf":{"@id":"https:\/\/dekkal-quincaillerie.dz\/fr\/#website"},"primaryImageOfPage":{"@id":"https:\/\/dekkal-quincaillerie.dz\/fr\/produit\/pack-chaudiere-pour-f4-copa\/#primaryimage"},"image":{"@id":"https:\/\/dekkal-quincaillerie.dz\/fr\/produit\/pack-chaudiere-pour-f4-copa\/#primaryimage"},"thumbnailUrl":"https:\/\/dekkal-quincaillerie.dz\/fr\/wp-content\/uploads\/2024\/01\/PACK-CHAUDIERE-F4.avif","datePublished":"2024-01-04T13:11:16+00:00","dateModified":"2025-03-22T07:17:00+00:00","breadcrumb":{"@id":"https:\/\/dekkal-quincaillerie.dz\/fr\/produit\/pack-chaudiere-pour-f4-copa\/#breadcrumb"},"inLanguage":"fr-FR","potentialAction":[{"@type":"ReadAction","target":["https:\/\/dekkal-quincaillerie.dz\/fr\/produit\/pack-chaudiere-pour-f4-copa\/"]}]},{"@type":"ImageObject","inLanguage":"fr-FR","@id":"https:\/\/dekkal-quincaillerie.dz\/fr\/produit\/pack-chaudiere-pour-f4-copa\/#primaryimage","url":"https:\/\/dekkal-quincaillerie.dz\/fr\/wp-content\/uploads\/2024\/01\/PACK-CHAUDIERE-F4.avif","contentUrl":"https:\/\/dekkal-quincaillerie.dz\/fr\/wp-content\/uploads\/2024\/01\/PACK-CHAUDIERE-F4.avif","width":940,"height":788},{"@type":"BreadcrumbList","@id":"https:\/\/dekkal-quincaillerie.dz\/fr\/produit\/pack-chaudiere-pour-f4-copa\/#breadcrumb","itemListElement":[{"@type":"ListItem","position":1,"name":"Accueil","item":"https:\/\/dekkal-quincaillerie.dz\/fr\/"},{"@type":"ListItem","position":2,"name":"Boutique","item":"https:\/\/dekkal-quincaillerie.dz\/fr\/boutique\/"},{"@type":"ListItem","position":3,"name":"PACK CHAUDIERE POUR F4 &#8211; COPA"}]},{"@type":"WebSite","@id":"https:\/\/dekkal-quincaillerie.dz\/fr\/#website","url":"https:\/\/dekkal-quincaillerie.dz\/fr\/","name":"DEKKAL","description":"","publisher":{"@id":"https:\/\/dekkal-quincaillerie.dz\/fr\/#organization"},"potentialAction":[{"@type":"SearchAction","target":{"@type":"EntryPoint","urlTemplate":"https:\/\/dekkal-quincaillerie.dz\/fr\/?s={search_term_string}"},"query-input":{"@type":"PropertyValueSpecification","valueRequired":true,"valueName":"search_term_string"}}],"inLanguage":"fr-FR"},{"@type":"Organization","@id":"https:\/\/dekkal-quincaillerie.dz\/fr\/#organization","name":"DEKKAL QUINCAILLERIE","url":"https:\/\/dekkal-quincaillerie.dz\/fr\/","logo":{"@type":"ImageObject","inLanguage":"fr-FR","@id":"https:\/\/dekkal-quincaillerie.dz\/fr\/#\/schema\/logo\/image\/","url":"https:\/\/dekkal-quincaillerie.dz\/fr\/wp-content\/uploads\/2022\/03\/image_2022-03-19_172411.png","contentUrl":"https:\/\/dekkal-quincaillerie.dz\/fr\/wp-content\/uploads\/2022\/03\/image_2022-03-19_172411.png","width":851,"height":315,"caption":"DEKKAL QUINCAILLERIE"},"image":{"@id":"https:\/\/dekkal-quincaillerie.dz\/fr\/#\/schema\/logo\/image\/"},"sameAs":["https:\/\/www.facebook.com\/ets.dekkal.1","https:\/\/www.instagram.com\/ets.dekkal\/"]}]}},"jetpack_publicize_connections":[],"jetpack-related-posts":[{"id":8043,"url":"https:\/\/dekkal-quincaillerie.dz\/fr\/produit\/pack-chaudiere-pour-f3-copa\/","url_meta":{"origin":8040,"position":0},"title":"PACK CHAUDIERE POUR F3 &#8211; COPA","author":"dekkal","date":"janvier 4, 2024","format":false,"excerpt":"PACK CHAUDIERE POUR F3 - COPA \u00a0 Le PACK CHAUDIERE POUR F3 - COPA comprend: 1 radiateur 10 \u00e9lements 3 radiateurs 8 \u00e9lements 4 robinets 4 kits d'accessoires","rel":"","context":"Article similaire","block_context":{"text":"Article similaire","link":""},"img":{"alt_text":"","src":"https:\/\/dekkal-quincaillerie.dz\/fr\/wp-content\/uploads\/2024\/01\/PACK-CHAUDIERE-F3.avif","width":350,"height":200,"srcset":"https:\/\/dekkal-quincaillerie.dz\/fr\/wp-content\/uploads\/2024\/01\/PACK-CHAUDIERE-F3.avif 1x, https:\/\/dekkal-quincaillerie.dz\/fr\/wp-content\/uploads\/2024\/01\/PACK-CHAUDIERE-F3.avif 1.5x, https:\/\/dekkal-quincaillerie.dz\/fr\/wp-content\/uploads\/2024\/01\/PACK-CHAUDIERE-F3.avif 2x"},"classes":[]},{"id":12034,"url":"https:\/\/dekkal-quincaillerie.dz\/fr\/produit\/flexible-de-douille-011464-tools-abdo\/","url_meta":{"origin":8040,"position":1},"title":"RALLONGE FLEXIBLE DOUILLE 011464 TOOLS ABDO","author":"webmaster","date":"juin 25, 2025","format":false,"excerpt":"Pack Rallonge Flexible TOOLS ABDO \u2013 Acc\u00e8s extr\u00eame, performance maximale Vous en avez assez de perdre du temps \u00e0 d\u00e9monter tout un bloc pour atteindre un \u00e9crou difficile d'acc\u00e8s ? Le pack de 3 flexible de douille est la solution. il comprend trois rallonge (1\/4, 3\/8, 1\/12) pour couvrir tous\u2026","rel":"","context":"Article similaire","block_context":{"text":"Article similaire","link":""},"img":{"alt_text":"Flexible de douille avec trois rallonges 1\/4, 3\/8, 1\/2 pour acc\u00e8s difficile et vissage en zones \u00e9troites","src":"https:\/\/dekkal-quincaillerie.dz\/fr\/wp-content\/uploads\/2025\/06\/1000032382.avif","width":350,"height":200},"classes":[]},{"id":7713,"url":"https:\/\/dekkal-quincaillerie.dz\/fr\/produit\/film-a-bulles-50cm-x-100m-copie\/","url_meta":{"origin":8040,"position":2},"title":"FILM A BULLES 50CM X 100M","author":"dekkal","date":"septembre 20, 2023","format":false,"excerpt":"FILM A BULLES 50CM X 100M","rel":"","context":"Article similaire","block_context":{"text":"Article similaire","link":""},"img":{"alt_text":"FILM A BULLES 1MX100M \/ 50CMX100M","src":"https:\/\/dekkal-quincaillerie.dz\/fr\/wp-content\/uploads\/2023\/09\/rouleau-film-a-bulle-economique-50-50-1.avif","width":350,"height":200,"srcset":"https:\/\/dekkal-quincaillerie.dz\/fr\/wp-content\/uploads\/2023\/09\/rouleau-film-a-bulle-economique-50-50-1.avif 1x, https:\/\/dekkal-quincaillerie.dz\/fr\/wp-content\/uploads\/2023\/09\/rouleau-film-a-bulle-economique-50-50-1.avif 1.5x, https:\/\/dekkal-quincaillerie.dz\/fr\/wp-content\/uploads\/2023\/09\/rouleau-film-a-bulle-economique-50-50-1.avif 2x"},"classes":[]},{"id":7101,"url":"https:\/\/dekkal-quincaillerie.dz\/fr\/produit\/pistolet-de-peinture-electrique-650w-spray-gun\/","url_meta":{"origin":8040,"position":3},"title":"PISTOLET DE PEINTURE ELECTRIQUE 650W SPRAY GUN","author":"webmaster","date":"avril 19, 2023","format":false,"excerpt":"\u00a0 \u00a0","rel":"","context":"Article similaire","block_context":{"text":"Article similaire","link":""},"img":{"alt_text":"","src":"https:\/\/dekkal-quincaillerie.dz\/fr\/wp-content\/uploads\/2023\/04\/PISTOLET-ELECTR-SPRAY-GUN.avif","width":350,"height":200,"srcset":"https:\/\/dekkal-quincaillerie.dz\/fr\/wp-content\/uploads\/2023\/04\/PISTOLET-ELECTR-SPRAY-GUN.avif 1x, https:\/\/dekkal-quincaillerie.dz\/fr\/wp-content\/uploads\/2023\/04\/PISTOLET-ELECTR-SPRAY-GUN.avif 1.5x, https:\/\/dekkal-quincaillerie.dz\/fr\/wp-content\/uploads\/2023\/04\/PISTOLET-ELECTR-SPRAY-GUN.avif 2x, https:\/\/dekkal-quincaillerie.dz\/fr\/wp-content\/uploads\/2023\/04\/PISTOLET-ELECTR-SPRAY-GUN.avif 3x, https:\/\/dekkal-quincaillerie.dz\/fr\/wp-content\/uploads\/2023\/04\/PISTOLET-ELECTR-SPRAY-GUN.avif 4x"},"classes":[]},{"id":4699,"url":"https:\/\/dekkal-quincaillerie.dz\/fr\/produit\/tournevis-doubles-fonction-avec-rechange-4-pcs-yt-2781\/","url_meta":{"origin":8040,"position":4},"title":"Tournevis double fonction avec rechange 4 PCS YT-2781 YATO","author":"admin","date":"mars 19, 2022","format":false,"excerpt":"Tournevis Double Fonction YATO YT-2781 \u2013 Le compagnon malin et robuste pour tous vos vissages ! Le tournevis double fonction YATO YT-2781 est bien plus qu'un simple outil \u00e0 main. c'est un compagnon intelligent, pens\u00e9 pour faciliter vos t\u00e2ches de vissage au quotidien. Gr\u00e2ce \u00e0 sa conception 2-en-1 et son\u2026","rel":"","context":"Article similaire","block_context":{"text":"Article similaire","link":""},"img":{"alt_text":"tournevis double fonction","src":"https:\/\/dekkal-quincaillerie.dz\/fr\/wp-content\/uploads\/2022\/03\/YT-2781.avif","width":350,"height":200,"srcset":"https:\/\/dekkal-quincaillerie.dz\/fr\/wp-content\/uploads\/2022\/03\/YT-2781.avif 1x, https:\/\/dekkal-quincaillerie.dz\/fr\/wp-content\/uploads\/2022\/03\/YT-2781.avif 1.5x"},"classes":[]},{"id":14394,"url":"https:\/\/dekkal-quincaillerie.dz\/fr\/produit\/resistance-electrique-1200w-lx-2820-pacific\/","url_meta":{"origin":8040,"position":5},"title":"RESISTANCE ELECTRIQUE 1200W LX-2820 PACIFIC","author":"webmaster","date":"novembre 23, 2025","format":false,"excerpt":"\u00a0R\u00e9sistance \u00c9lectrique 1200 W LX-2820 PACIFIC \u00a0 La R\u00c9SISTANCE ELECTRIQUE 1200W LX-2820\u00a0est un composant essentiel pour vos installations \u00e9lectriques n\u00e9cessitant une performance de chauffage optimale. Con\u00e7ue pour \u00eatre robuste et durable, cette r\u00e9sistance blind\u00e9e de 1200 W assure un chauffage rapide et homog\u00e8ne. Elle est id\u00e9ale pour une utilisation dans\u2026","rel":"","context":"Article similaire","block_context":{"text":"Article similaire","link":""},"img":{"alt_text":"Radiateur \u00e9lectrique avec \u00e9l\u00e9ments chauffants \u00e0 r\u00e9sistance en fonctionnement.","src":"https:\/\/dekkal-quincaillerie.dz\/fr\/wp-content\/uploads\/2025\/11\/Resistance-1200-W-LX-2820.avif","width":350,"height":200,"srcset":"https:\/\/dekkal-quincaillerie.dz\/fr\/wp-content\/uploads\/2025\/11\/Resistance-1200-W-LX-2820.avif 1x, https:\/\/dekkal-quincaillerie.dz\/fr\/wp-content\/uploads\/2025\/11\/Resistance-1200-W-LX-2820.avif 1.5x, https:\/\/dekkal-quincaillerie.dz\/fr\/wp-content\/uploads\/2025\/11\/Resistance-1200-W-LX-2820.avif 2x, https:\/\/dekkal-quincaillerie.dz\/fr\/wp-content\/uploads\/2025\/11\/Resistance-1200-W-LX-2820.avif 3x"},"classes":[]}],"jetpack_likes_enabled":true,"jetpack_sharing_enabled":true,"_links":{"self":[{"href":"https:\/\/dekkal-quincaillerie.dz\/fr\/wp-json\/wp\/v2\/product\/8040","targetHints":{"allow":["GET"]}}],"collection":[{"href":"https:\/\/dekkal-quincaillerie.dz\/fr\/wp-json\/wp\/v2\/product"}],"about":[{"href":"https:\/\/dekkal-quincaillerie.dz\/fr\/wp-json\/wp\/v2\/types\/product"}],"wp:featuredmedia":[{"embeddable":true,"href":"https:\/\/dekkal-quincaillerie.dz\/fr\/wp-json\/wp\/v2\/media\/8042"}],"wp:attachment":[{"href":"https:\/\/dekkal-quincaillerie.dz\/fr\/wp-json\/wp\/v2\/media?parent=8040"}],"wp:term":[{"taxonomy":"product_brand","embeddable":true,"href":"https:\/\/dekkal-quincaillerie.dz\/fr\/wp-json\/wp\/v2\/product_brand?post=8040"},{"taxonomy":"product_cat","embeddable":true,"href":"https:\/\/dekkal-quincaillerie.dz\/fr\/wp-json\/wp\/v2\/product_cat?post=8040"},{"taxonomy":"product_tag","embeddable":true,"href":"https:\/\/dekkal-quincaillerie.dz\/fr\/wp-json\/wp\/v2\/product_tag?post=8040"}],"curies":[{"name":"wp","href":"https:\/\/api.w.org\/{rel}","templated":true}]}}