{"id":7927,"date":"2024-04-13T14:35:12","date_gmt":"2024-04-13T14:35:12","guid":{"rendered":"https:\/\/dekkal-quincaillerie.dz\/fr\/?post_type=product&#038;p=7927"},"modified":"2025-03-22T07:16:59","modified_gmt":"2025-03-22T07:16:59","slug":"poste-a-souder-mig-140a-ct33168-1-crown","status":"publish","type":"product","link":"https:\/\/dekkal-quincaillerie.dz\/fr\/produit\/poste-a-souder-mig-140a-ct33168-1-crown\/","title":{"rendered":"POSTE A SOUDER MIG 140A CT33168-1 CROWN"},"content":{"rendered":"<h4>POSTE A SOUDER MIG 140A CT33168-1 CROWN<\/h4>\n<p>&nbsp;<\/p>\n<p>Le POSTE A SOUDER MIG 140A CT33168-1 CROWN est l&rsquo;outillage indispensable pour tous travaux de soudure. Ce poste \u00e0 souder se caract\u00e9rise par:<\/p>\n<ul>\n<li>la capacit\u00e9 de soudure en MIG et MMA,<\/li>\n<li>la technologie IGBT ( dispositif semi-conducteur qui sert d&rsquo;interrupteur \u00e9lectronique ),<\/li>\n<li>la puissance d&rsquo;entr\u00e9e monophas\u00e9e,<\/li>\n<li>le syst\u00e8me de protection contre la temp\u00e9rature,<\/li>\n<li>le contr\u00f4le du courant de soudage et de la tension,<\/li>\n<li>le syst\u00e8me de refroidissement par air.<\/li>\n<\/ul>\n<h5>CARACTERISTIQUES TECHNIQUES:<\/h5>\n<ul>\n<li>Tension de sortie: 15.5V &#8211; 21V<\/li>\n<li>Fr\u00e9quence: 50 \/ 60 Hz<\/li>\n<li>Tension: 220V<\/li>\n<li>Courant: 30 &#8211; 140A<\/li>\n<\/ul>\n","protected":false},"excerpt":{"rendered":"<p>POSTE A SOUDER MIG 140A CT33168-1 CROWN &nbsp; Le POSTE A SOUDER MIG 140A CT33168-1 CROWN est l&rsquo;outillage indispensable pour tous travaux de soudure. Ce poste \u00e0 souder se caract\u00e9rise par: la capacit\u00e9 de soudure en MIG et MMA, la technologie IGBT ( dispositif semi-conducteur qui sert d&rsquo;interrupteur \u00e9lectronique ), la puissance d&rsquo;entr\u00e9e monophas\u00e9e, le [&hellip;]<\/p>\n","protected":false},"featured_media":8150,"template":"","meta":[],"product_brand":[1113],"product_cat":[205],"product_tag":[],"class_list":{"0":"post-7927","1":"product","2":"type-product","3":"status-publish","4":"has-post-thumbnail","6":"product_brand-crown","7":"product_cat-electoportatif","9":"first","10":"instock","11":"taxable","12":"shipping-taxable","13":"purchasable","14":"product-type-simple"},"yoast_head":"<!-- This site is optimized with the Yoast SEO Premium plugin v20.0 (Yoast SEO v27.4) - https:\/\/yoast.com\/product\/yoast-seo-premium-wordpress\/ -->\n<title>POSTE A SOUDER MIG 140A CT33168-1 CROWN - DEKKAL<\/title>\n<meta name=\"description\" content=\"POSTE A SOUDER MIG 140A CT33168-1 CROWN - CAPACITE SOUDURE EN MIG ET MMA - TECHNOLOGIE IGBT - COURANT 30 - 140A - DEKKAL QUINCAILLERIE - TEL.: 0561.79.28.59\" \/>\n<meta name=\"robots\" content=\"index, follow, max-snippet:-1, max-image-preview:large, max-video-preview:-1\" \/>\n<link rel=\"canonical\" href=\"https:\/\/dekkal-quincaillerie.dz\/fr\/produit\/poste-a-souder-mig-140a-ct33168-1-crown\/\" \/>\n<script type=\"application\/ld+json\" class=\"yoast-schema-graph\">{\"@context\":\"https:\\\/\\\/schema.org\",\"@graph\":[{\"@type\":\"WebPage\",\"@id\":\"https:\\\/\\\/dekkal-quincaillerie.dz\\\/fr\\\/produit\\\/poste-a-souder-mig-140a-ct33168-1-crown\\\/\",\"url\":\"https:\\\/\\\/dekkal-quincaillerie.dz\\\/fr\\\/produit\\\/poste-a-souder-mig-140a-ct33168-1-crown\\\/\",\"name\":\"POSTE A SOUDER MIG 140A CT33168-1 CROWN - DEKKAL\",\"isPartOf\":{\"@id\":\"https:\\\/\\\/dekkal-quincaillerie.dz\\\/fr\\\/#website\"},\"primaryImageOfPage\":{\"@id\":\"https:\\\/\\\/dekkal-quincaillerie.dz\\\/fr\\\/produit\\\/poste-a-souder-mig-140a-ct33168-1-crown\\\/#primaryimage\"},\"image\":{\"@id\":\"https:\\\/\\\/dekkal-quincaillerie.dz\\\/fr\\\/produit\\\/poste-a-souder-mig-140a-ct33168-1-crown\\\/#primaryimage\"},\"thumbnailUrl\":\"https:\\\/\\\/dekkal-quincaillerie.dz\\\/fr\\\/wp-content\\\/uploads\\\/2024\\\/04\\\/CT3368-1.avif\",\"datePublished\":\"2024-04-13T14:35:12+00:00\",\"dateModified\":\"2025-03-22T07:16:59+00:00\",\"description\":\"POSTE A SOUDER MIG 140A CT33168-1 CROWN - CAPACITE SOUDURE EN MIG ET MMA - TECHNOLOGIE IGBT - COURANT 30 - 140A - DEKKAL QUINCAILLERIE - TEL.: 0561.79.28.59\",\"breadcrumb\":{\"@id\":\"https:\\\/\\\/dekkal-quincaillerie.dz\\\/fr\\\/produit\\\/poste-a-souder-mig-140a-ct33168-1-crown\\\/#breadcrumb\"},\"inLanguage\":\"fr-FR\",\"potentialAction\":[{\"@type\":\"ReadAction\",\"target\":[\"https:\\\/\\\/dekkal-quincaillerie.dz\\\/fr\\\/produit\\\/poste-a-souder-mig-140a-ct33168-1-crown\\\/\"]}]},{\"@type\":\"ImageObject\",\"inLanguage\":\"fr-FR\",\"@id\":\"https:\\\/\\\/dekkal-quincaillerie.dz\\\/fr\\\/produit\\\/poste-a-souder-mig-140a-ct33168-1-crown\\\/#primaryimage\",\"url\":\"https:\\\/\\\/dekkal-quincaillerie.dz\\\/fr\\\/wp-content\\\/uploads\\\/2024\\\/04\\\/CT3368-1.avif\",\"contentUrl\":\"https:\\\/\\\/dekkal-quincaillerie.dz\\\/fr\\\/wp-content\\\/uploads\\\/2024\\\/04\\\/CT3368-1.avif\",\"width\":463,\"height\":472,\"caption\":\"POSTE A SOUDER MIG 140A CT33168-1 CROWN\"},{\"@type\":\"BreadcrumbList\",\"@id\":\"https:\\\/\\\/dekkal-quincaillerie.dz\\\/fr\\\/produit\\\/poste-a-souder-mig-140a-ct33168-1-crown\\\/#breadcrumb\",\"itemListElement\":[{\"@type\":\"ListItem\",\"position\":1,\"name\":\"Accueil\",\"item\":\"https:\\\/\\\/dekkal-quincaillerie.dz\\\/fr\\\/\"},{\"@type\":\"ListItem\",\"position\":2,\"name\":\"Boutique\",\"item\":\"https:\\\/\\\/dekkal-quincaillerie.dz\\\/fr\\\/boutique\\\/\"},{\"@type\":\"ListItem\",\"position\":3,\"name\":\"POSTE A SOUDER MIG 140A CT33168-1 CROWN\"}]},{\"@type\":\"WebSite\",\"@id\":\"https:\\\/\\\/dekkal-quincaillerie.dz\\\/fr\\\/#website\",\"url\":\"https:\\\/\\\/dekkal-quincaillerie.dz\\\/fr\\\/\",\"name\":\"DEKKAL\",\"description\":\"\",\"publisher\":{\"@id\":\"https:\\\/\\\/dekkal-quincaillerie.dz\\\/fr\\\/#organization\"},\"potentialAction\":[{\"@type\":\"SearchAction\",\"target\":{\"@type\":\"EntryPoint\",\"urlTemplate\":\"https:\\\/\\\/dekkal-quincaillerie.dz\\\/fr\\\/?s={search_term_string}\"},\"query-input\":{\"@type\":\"PropertyValueSpecification\",\"valueRequired\":true,\"valueName\":\"search_term_string\"}}],\"inLanguage\":\"fr-FR\"},{\"@type\":\"Organization\",\"@id\":\"https:\\\/\\\/dekkal-quincaillerie.dz\\\/fr\\\/#organization\",\"name\":\"DEKKAL QUINCAILLERIE\",\"url\":\"https:\\\/\\\/dekkal-quincaillerie.dz\\\/fr\\\/\",\"logo\":{\"@type\":\"ImageObject\",\"inLanguage\":\"fr-FR\",\"@id\":\"https:\\\/\\\/dekkal-quincaillerie.dz\\\/fr\\\/#\\\/schema\\\/logo\\\/image\\\/\",\"url\":\"https:\\\/\\\/dekkal-quincaillerie.dz\\\/fr\\\/wp-content\\\/uploads\\\/2022\\\/03\\\/image_2022-03-19_172411.png\",\"contentUrl\":\"https:\\\/\\\/dekkal-quincaillerie.dz\\\/fr\\\/wp-content\\\/uploads\\\/2022\\\/03\\\/image_2022-03-19_172411.png\",\"width\":851,\"height\":315,\"caption\":\"DEKKAL QUINCAILLERIE\"},\"image\":{\"@id\":\"https:\\\/\\\/dekkal-quincaillerie.dz\\\/fr\\\/#\\\/schema\\\/logo\\\/image\\\/\"},\"sameAs\":[\"https:\\\/\\\/www.facebook.com\\\/ets.dekkal.1\",\"https:\\\/\\\/www.instagram.com\\\/ets.dekkal\\\/\"]}]}<\/script>\n<!-- \/ Yoast SEO Premium plugin. -->","yoast_head_json":{"title":"POSTE A SOUDER MIG 140A CT33168-1 CROWN - DEKKAL","description":"POSTE A SOUDER MIG 140A CT33168-1 CROWN - CAPACITE SOUDURE EN MIG ET MMA - TECHNOLOGIE IGBT - COURANT 30 - 140A - DEKKAL QUINCAILLERIE - TEL.: 0561.79.28.59","robots":{"index":"index","follow":"follow","max-snippet":"max-snippet:-1","max-image-preview":"max-image-preview:large","max-video-preview":"max-video-preview:-1"},"canonical":"https:\/\/dekkal-quincaillerie.dz\/fr\/produit\/poste-a-souder-mig-140a-ct33168-1-crown\/","schema":{"@context":"https:\/\/schema.org","@graph":[{"@type":"WebPage","@id":"https:\/\/dekkal-quincaillerie.dz\/fr\/produit\/poste-a-souder-mig-140a-ct33168-1-crown\/","url":"https:\/\/dekkal-quincaillerie.dz\/fr\/produit\/poste-a-souder-mig-140a-ct33168-1-crown\/","name":"POSTE A SOUDER MIG 140A CT33168-1 CROWN - DEKKAL","isPartOf":{"@id":"https:\/\/dekkal-quincaillerie.dz\/fr\/#website"},"primaryImageOfPage":{"@id":"https:\/\/dekkal-quincaillerie.dz\/fr\/produit\/poste-a-souder-mig-140a-ct33168-1-crown\/#primaryimage"},"image":{"@id":"https:\/\/dekkal-quincaillerie.dz\/fr\/produit\/poste-a-souder-mig-140a-ct33168-1-crown\/#primaryimage"},"thumbnailUrl":"https:\/\/dekkal-quincaillerie.dz\/fr\/wp-content\/uploads\/2024\/04\/CT3368-1.avif","datePublished":"2024-04-13T14:35:12+00:00","dateModified":"2025-03-22T07:16:59+00:00","description":"POSTE A SOUDER MIG 140A CT33168-1 CROWN - CAPACITE SOUDURE EN MIG ET MMA - TECHNOLOGIE IGBT - COURANT 30 - 140A - DEKKAL QUINCAILLERIE - TEL.: 0561.79.28.59","breadcrumb":{"@id":"https:\/\/dekkal-quincaillerie.dz\/fr\/produit\/poste-a-souder-mig-140a-ct33168-1-crown\/#breadcrumb"},"inLanguage":"fr-FR","potentialAction":[{"@type":"ReadAction","target":["https:\/\/dekkal-quincaillerie.dz\/fr\/produit\/poste-a-souder-mig-140a-ct33168-1-crown\/"]}]},{"@type":"ImageObject","inLanguage":"fr-FR","@id":"https:\/\/dekkal-quincaillerie.dz\/fr\/produit\/poste-a-souder-mig-140a-ct33168-1-crown\/#primaryimage","url":"https:\/\/dekkal-quincaillerie.dz\/fr\/wp-content\/uploads\/2024\/04\/CT3368-1.avif","contentUrl":"https:\/\/dekkal-quincaillerie.dz\/fr\/wp-content\/uploads\/2024\/04\/CT3368-1.avif","width":463,"height":472,"caption":"POSTE A SOUDER MIG 140A CT33168-1 CROWN"},{"@type":"BreadcrumbList","@id":"https:\/\/dekkal-quincaillerie.dz\/fr\/produit\/poste-a-souder-mig-140a-ct33168-1-crown\/#breadcrumb","itemListElement":[{"@type":"ListItem","position":1,"name":"Accueil","item":"https:\/\/dekkal-quincaillerie.dz\/fr\/"},{"@type":"ListItem","position":2,"name":"Boutique","item":"https:\/\/dekkal-quincaillerie.dz\/fr\/boutique\/"},{"@type":"ListItem","position":3,"name":"POSTE A SOUDER MIG 140A CT33168-1 CROWN"}]},{"@type":"WebSite","@id":"https:\/\/dekkal-quincaillerie.dz\/fr\/#website","url":"https:\/\/dekkal-quincaillerie.dz\/fr\/","name":"DEKKAL","description":"","publisher":{"@id":"https:\/\/dekkal-quincaillerie.dz\/fr\/#organization"},"potentialAction":[{"@type":"SearchAction","target":{"@type":"EntryPoint","urlTemplate":"https:\/\/dekkal-quincaillerie.dz\/fr\/?s={search_term_string}"},"query-input":{"@type":"PropertyValueSpecification","valueRequired":true,"valueName":"search_term_string"}}],"inLanguage":"fr-FR"},{"@type":"Organization","@id":"https:\/\/dekkal-quincaillerie.dz\/fr\/#organization","name":"DEKKAL QUINCAILLERIE","url":"https:\/\/dekkal-quincaillerie.dz\/fr\/","logo":{"@type":"ImageObject","inLanguage":"fr-FR","@id":"https:\/\/dekkal-quincaillerie.dz\/fr\/#\/schema\/logo\/image\/","url":"https:\/\/dekkal-quincaillerie.dz\/fr\/wp-content\/uploads\/2022\/03\/image_2022-03-19_172411.png","contentUrl":"https:\/\/dekkal-quincaillerie.dz\/fr\/wp-content\/uploads\/2022\/03\/image_2022-03-19_172411.png","width":851,"height":315,"caption":"DEKKAL QUINCAILLERIE"},"image":{"@id":"https:\/\/dekkal-quincaillerie.dz\/fr\/#\/schema\/logo\/image\/"},"sameAs":["https:\/\/www.facebook.com\/ets.dekkal.1","https:\/\/www.instagram.com\/ets.dekkal\/"]}]}},"_links":{"self":[{"href":"https:\/\/dekkal-quincaillerie.dz\/fr\/wp-json\/wp\/v2\/product\/7927","targetHints":{"allow":["GET"]}}],"collection":[{"href":"https:\/\/dekkal-quincaillerie.dz\/fr\/wp-json\/wp\/v2\/product"}],"about":[{"href":"https:\/\/dekkal-quincaillerie.dz\/fr\/wp-json\/wp\/v2\/types\/product"}],"wp:featuredmedia":[{"embeddable":true,"href":"https:\/\/dekkal-quincaillerie.dz\/fr\/wp-json\/wp\/v2\/media\/8150"}],"wp:attachment":[{"href":"https:\/\/dekkal-quincaillerie.dz\/fr\/wp-json\/wp\/v2\/media?parent=7927"}],"wp:term":[{"taxonomy":"product_brand","embeddable":true,"href":"https:\/\/dekkal-quincaillerie.dz\/fr\/wp-json\/wp\/v2\/product_brand?post=7927"},{"taxonomy":"product_cat","embeddable":true,"href":"https:\/\/dekkal-quincaillerie.dz\/fr\/wp-json\/wp\/v2\/product_cat?post=7927"},{"taxonomy":"product_tag","embeddable":true,"href":"https:\/\/dekkal-quincaillerie.dz\/fr\/wp-json\/wp\/v2\/product_tag?post=7927"}],"curies":[{"name":"wp","href":"https:\/\/api.w.org\/{rel}","templated":true}]}}