{"id":7917,"date":"2023-12-25T15:12:15","date_gmt":"2023-12-25T15:12:15","guid":{"rendered":"https:\/\/dekkal-quincaillerie.dz\/fr\/?post_type=product&#038;p=7917"},"modified":"2025-03-22T07:16:59","modified_gmt":"2025-03-22T07:16:59","slug":"pistolet-de-peinture-o-1-4-mm-ct38052-crown","status":"publish","type":"product","link":"https:\/\/dekkal-quincaillerie.dz\/fr\/produit\/pistolet-de-peinture-o-1-4-mm-ct38052-crown\/","title":{"rendered":"PISTOLET DE PEINTURE \u00d8 1.4 MM CT38052 CROWN"},"content":{"rendered":"<h4>PISTOLET DE PEINTURE \u00d8 1.4 MM CT38052 CROWN<\/h4>\n<p>&nbsp;<\/p>\n<p>Le PISTOLET DE PEINTURE \u00d8 1.4MM CT38052 CROWN fonctionne avec de l&rsquo;air comprim\u00e9. Il est dot\u00e9 d&rsquo;un corps en alliage avec un r\u00e9servoir de peinture de 600ml et une buse en acier inoxydable, de 1.4mm de diam\u00e8tre. Gr\u00e2ce \u00e0 ce pistolet, l&rsquo;effet de pulv\u00e9rsation obtenu est uniforme.<\/p>\n<h5>Caract\u00e9ristiques:<\/h5>\n<ul>\n<li>Contenance du r\u00e9servoir: 600 ML<\/li>\n<li>D\u00e9bit du pistolet: 160 \u00e0 220 ML\/MIN<\/li>\n<li>Pression d&rsquo;entr\u00e9e maximale: 43 PSI<\/li>\n<\/ul>\n<p>&nbsp;<\/p>\n<p>&nbsp;<\/p>\n","protected":false},"excerpt":{"rendered":"<p>PISTOLET DE PEINTURE \u00d8 1.4 MM CT38052 CROWN &nbsp; Le PISTOLET DE PEINTURE \u00d8 1.4MM CT38052 CROWN fonctionne avec de l&rsquo;air comprim\u00e9. Il est dot\u00e9 d&rsquo;un corps en alliage avec un r\u00e9servoir de peinture de 600ml et une buse en acier inoxydable, de 1.4mm de diam\u00e8tre. Gr\u00e2ce \u00e0 ce pistolet, l&rsquo;effet de pulv\u00e9rsation obtenu est [&hellip;]<\/p>\n","protected":false},"featured_media":8054,"template":"","meta":[],"product_brand":[1113],"product_cat":[236],"product_tag":[],"class_list":{"0":"post-7917","1":"product","2":"type-product","3":"status-publish","4":"has-post-thumbnail","6":"product_brand-crown","7":"product_cat-peinture","9":"first","10":"instock","11":"taxable","12":"shipping-taxable","13":"purchasable","14":"product-type-simple"},"yoast_head":"<!-- This site is optimized with the Yoast SEO Premium plugin v20.0 (Yoast SEO v27.4) - https:\/\/yoast.com\/product\/yoast-seo-premium-wordpress\/ -->\n<title>PISTOLET DE PEINTURE \u00d8 1.4 MM CT38052 CROWN - DEKKAL<\/title>\n<meta name=\"description\" content=\"PISTOLET DE PEINTURE \u00d8 1.4 MM CT38052 CROWN - RESERVOIR: 600 ML - DEBIT: 160 A 220 ML\/MIN - DEKKAL QUINCAILLERIE - TIZI-OUZOU - TEL.: 0561.79.28.59\" \/>\n<meta name=\"robots\" content=\"index, follow, max-snippet:-1, max-image-preview:large, max-video-preview:-1\" \/>\n<link rel=\"canonical\" href=\"https:\/\/dekkal-quincaillerie.dz\/fr\/produit\/pistolet-de-peinture-o-1-4-mm-ct38052-crown\/\" \/>\n<script type=\"application\/ld+json\" class=\"yoast-schema-graph\">{\"@context\":\"https:\\\/\\\/schema.org\",\"@graph\":[{\"@type\":\"WebPage\",\"@id\":\"https:\\\/\\\/dekkal-quincaillerie.dz\\\/fr\\\/produit\\\/pistolet-de-peinture-o-1-4-mm-ct38052-crown\\\/\",\"url\":\"https:\\\/\\\/dekkal-quincaillerie.dz\\\/fr\\\/produit\\\/pistolet-de-peinture-o-1-4-mm-ct38052-crown\\\/\",\"name\":\"PISTOLET DE PEINTURE \u00d8 1.4 MM CT38052 CROWN - DEKKAL\",\"isPartOf\":{\"@id\":\"https:\\\/\\\/dekkal-quincaillerie.dz\\\/fr\\\/#website\"},\"primaryImageOfPage\":{\"@id\":\"https:\\\/\\\/dekkal-quincaillerie.dz\\\/fr\\\/produit\\\/pistolet-de-peinture-o-1-4-mm-ct38052-crown\\\/#primaryimage\"},\"image\":{\"@id\":\"https:\\\/\\\/dekkal-quincaillerie.dz\\\/fr\\\/produit\\\/pistolet-de-peinture-o-1-4-mm-ct38052-crown\\\/#primaryimage\"},\"thumbnailUrl\":\"https:\\\/\\\/dekkal-quincaillerie.dz\\\/fr\\\/wp-content\\\/uploads\\\/2023\\\/12\\\/CT38052.avif\",\"datePublished\":\"2023-12-25T15:12:15+00:00\",\"dateModified\":\"2025-03-22T07:16:59+00:00\",\"description\":\"PISTOLET DE PEINTURE \u00d8 1.4 MM CT38052 CROWN - RESERVOIR: 600 ML - DEBIT: 160 A 220 ML\\\/MIN - DEKKAL QUINCAILLERIE - TIZI-OUZOU - TEL.: 0561.79.28.59\",\"breadcrumb\":{\"@id\":\"https:\\\/\\\/dekkal-quincaillerie.dz\\\/fr\\\/produit\\\/pistolet-de-peinture-o-1-4-mm-ct38052-crown\\\/#breadcrumb\"},\"inLanguage\":\"fr-FR\",\"potentialAction\":[{\"@type\":\"ReadAction\",\"target\":[\"https:\\\/\\\/dekkal-quincaillerie.dz\\\/fr\\\/produit\\\/pistolet-de-peinture-o-1-4-mm-ct38052-crown\\\/\"]}]},{\"@type\":\"ImageObject\",\"inLanguage\":\"fr-FR\",\"@id\":\"https:\\\/\\\/dekkal-quincaillerie.dz\\\/fr\\\/produit\\\/pistolet-de-peinture-o-1-4-mm-ct38052-crown\\\/#primaryimage\",\"url\":\"https:\\\/\\\/dekkal-quincaillerie.dz\\\/fr\\\/wp-content\\\/uploads\\\/2023\\\/12\\\/CT38052.avif\",\"contentUrl\":\"https:\\\/\\\/dekkal-quincaillerie.dz\\\/fr\\\/wp-content\\\/uploads\\\/2023\\\/12\\\/CT38052.avif\",\"width\":464,\"height\":660,\"caption\":\"PISTOLET DE PEINTURE \u00d8 1.4MM CT38052 CROWN\"},{\"@type\":\"BreadcrumbList\",\"@id\":\"https:\\\/\\\/dekkal-quincaillerie.dz\\\/fr\\\/produit\\\/pistolet-de-peinture-o-1-4-mm-ct38052-crown\\\/#breadcrumb\",\"itemListElement\":[{\"@type\":\"ListItem\",\"position\":1,\"name\":\"Accueil\",\"item\":\"https:\\\/\\\/dekkal-quincaillerie.dz\\\/fr\\\/\"},{\"@type\":\"ListItem\",\"position\":2,\"name\":\"Boutique\",\"item\":\"https:\\\/\\\/dekkal-quincaillerie.dz\\\/fr\\\/boutique\\\/\"},{\"@type\":\"ListItem\",\"position\":3,\"name\":\"PISTOLET DE PEINTURE \u00d8 1.4 MM CT38052 CROWN\"}]},{\"@type\":\"WebSite\",\"@id\":\"https:\\\/\\\/dekkal-quincaillerie.dz\\\/fr\\\/#website\",\"url\":\"https:\\\/\\\/dekkal-quincaillerie.dz\\\/fr\\\/\",\"name\":\"DEKKAL\",\"description\":\"\",\"publisher\":{\"@id\":\"https:\\\/\\\/dekkal-quincaillerie.dz\\\/fr\\\/#organization\"},\"potentialAction\":[{\"@type\":\"SearchAction\",\"target\":{\"@type\":\"EntryPoint\",\"urlTemplate\":\"https:\\\/\\\/dekkal-quincaillerie.dz\\\/fr\\\/?s={search_term_string}\"},\"query-input\":{\"@type\":\"PropertyValueSpecification\",\"valueRequired\":true,\"valueName\":\"search_term_string\"}}],\"inLanguage\":\"fr-FR\"},{\"@type\":\"Organization\",\"@id\":\"https:\\\/\\\/dekkal-quincaillerie.dz\\\/fr\\\/#organization\",\"name\":\"DEKKAL QUINCAILLERIE\",\"url\":\"https:\\\/\\\/dekkal-quincaillerie.dz\\\/fr\\\/\",\"logo\":{\"@type\":\"ImageObject\",\"inLanguage\":\"fr-FR\",\"@id\":\"https:\\\/\\\/dekkal-quincaillerie.dz\\\/fr\\\/#\\\/schema\\\/logo\\\/image\\\/\",\"url\":\"https:\\\/\\\/dekkal-quincaillerie.dz\\\/fr\\\/wp-content\\\/uploads\\\/2022\\\/03\\\/image_2022-03-19_172411.png\",\"contentUrl\":\"https:\\\/\\\/dekkal-quincaillerie.dz\\\/fr\\\/wp-content\\\/uploads\\\/2022\\\/03\\\/image_2022-03-19_172411.png\",\"width\":851,\"height\":315,\"caption\":\"DEKKAL QUINCAILLERIE\"},\"image\":{\"@id\":\"https:\\\/\\\/dekkal-quincaillerie.dz\\\/fr\\\/#\\\/schema\\\/logo\\\/image\\\/\"},\"sameAs\":[\"https:\\\/\\\/www.facebook.com\\\/ets.dekkal.1\",\"https:\\\/\\\/www.instagram.com\\\/ets.dekkal\\\/\"]}]}<\/script>\n<!-- \/ Yoast SEO Premium plugin. -->","yoast_head_json":{"title":"PISTOLET DE PEINTURE \u00d8 1.4 MM CT38052 CROWN - DEKKAL","description":"PISTOLET DE PEINTURE \u00d8 1.4 MM CT38052 CROWN - RESERVOIR: 600 ML - DEBIT: 160 A 220 ML\/MIN - DEKKAL QUINCAILLERIE - TIZI-OUZOU - TEL.: 0561.79.28.59","robots":{"index":"index","follow":"follow","max-snippet":"max-snippet:-1","max-image-preview":"max-image-preview:large","max-video-preview":"max-video-preview:-1"},"canonical":"https:\/\/dekkal-quincaillerie.dz\/fr\/produit\/pistolet-de-peinture-o-1-4-mm-ct38052-crown\/","schema":{"@context":"https:\/\/schema.org","@graph":[{"@type":"WebPage","@id":"https:\/\/dekkal-quincaillerie.dz\/fr\/produit\/pistolet-de-peinture-o-1-4-mm-ct38052-crown\/","url":"https:\/\/dekkal-quincaillerie.dz\/fr\/produit\/pistolet-de-peinture-o-1-4-mm-ct38052-crown\/","name":"PISTOLET DE PEINTURE \u00d8 1.4 MM CT38052 CROWN - DEKKAL","isPartOf":{"@id":"https:\/\/dekkal-quincaillerie.dz\/fr\/#website"},"primaryImageOfPage":{"@id":"https:\/\/dekkal-quincaillerie.dz\/fr\/produit\/pistolet-de-peinture-o-1-4-mm-ct38052-crown\/#primaryimage"},"image":{"@id":"https:\/\/dekkal-quincaillerie.dz\/fr\/produit\/pistolet-de-peinture-o-1-4-mm-ct38052-crown\/#primaryimage"},"thumbnailUrl":"https:\/\/dekkal-quincaillerie.dz\/fr\/wp-content\/uploads\/2023\/12\/CT38052.avif","datePublished":"2023-12-25T15:12:15+00:00","dateModified":"2025-03-22T07:16:59+00:00","description":"PISTOLET DE PEINTURE \u00d8 1.4 MM CT38052 CROWN - RESERVOIR: 600 ML - DEBIT: 160 A 220 ML\/MIN - DEKKAL QUINCAILLERIE - TIZI-OUZOU - TEL.: 0561.79.28.59","breadcrumb":{"@id":"https:\/\/dekkal-quincaillerie.dz\/fr\/produit\/pistolet-de-peinture-o-1-4-mm-ct38052-crown\/#breadcrumb"},"inLanguage":"fr-FR","potentialAction":[{"@type":"ReadAction","target":["https:\/\/dekkal-quincaillerie.dz\/fr\/produit\/pistolet-de-peinture-o-1-4-mm-ct38052-crown\/"]}]},{"@type":"ImageObject","inLanguage":"fr-FR","@id":"https:\/\/dekkal-quincaillerie.dz\/fr\/produit\/pistolet-de-peinture-o-1-4-mm-ct38052-crown\/#primaryimage","url":"https:\/\/dekkal-quincaillerie.dz\/fr\/wp-content\/uploads\/2023\/12\/CT38052.avif","contentUrl":"https:\/\/dekkal-quincaillerie.dz\/fr\/wp-content\/uploads\/2023\/12\/CT38052.avif","width":464,"height":660,"caption":"PISTOLET DE PEINTURE \u00d8 1.4MM CT38052 CROWN"},{"@type":"BreadcrumbList","@id":"https:\/\/dekkal-quincaillerie.dz\/fr\/produit\/pistolet-de-peinture-o-1-4-mm-ct38052-crown\/#breadcrumb","itemListElement":[{"@type":"ListItem","position":1,"name":"Accueil","item":"https:\/\/dekkal-quincaillerie.dz\/fr\/"},{"@type":"ListItem","position":2,"name":"Boutique","item":"https:\/\/dekkal-quincaillerie.dz\/fr\/boutique\/"},{"@type":"ListItem","position":3,"name":"PISTOLET DE PEINTURE \u00d8 1.4 MM CT38052 CROWN"}]},{"@type":"WebSite","@id":"https:\/\/dekkal-quincaillerie.dz\/fr\/#website","url":"https:\/\/dekkal-quincaillerie.dz\/fr\/","name":"DEKKAL","description":"","publisher":{"@id":"https:\/\/dekkal-quincaillerie.dz\/fr\/#organization"},"potentialAction":[{"@type":"SearchAction","target":{"@type":"EntryPoint","urlTemplate":"https:\/\/dekkal-quincaillerie.dz\/fr\/?s={search_term_string}"},"query-input":{"@type":"PropertyValueSpecification","valueRequired":true,"valueName":"search_term_string"}}],"inLanguage":"fr-FR"},{"@type":"Organization","@id":"https:\/\/dekkal-quincaillerie.dz\/fr\/#organization","name":"DEKKAL QUINCAILLERIE","url":"https:\/\/dekkal-quincaillerie.dz\/fr\/","logo":{"@type":"ImageObject","inLanguage":"fr-FR","@id":"https:\/\/dekkal-quincaillerie.dz\/fr\/#\/schema\/logo\/image\/","url":"https:\/\/dekkal-quincaillerie.dz\/fr\/wp-content\/uploads\/2022\/03\/image_2022-03-19_172411.png","contentUrl":"https:\/\/dekkal-quincaillerie.dz\/fr\/wp-content\/uploads\/2022\/03\/image_2022-03-19_172411.png","width":851,"height":315,"caption":"DEKKAL QUINCAILLERIE"},"image":{"@id":"https:\/\/dekkal-quincaillerie.dz\/fr\/#\/schema\/logo\/image\/"},"sameAs":["https:\/\/www.facebook.com\/ets.dekkal.1","https:\/\/www.instagram.com\/ets.dekkal\/"]}]}},"_links":{"self":[{"href":"https:\/\/dekkal-quincaillerie.dz\/fr\/wp-json\/wp\/v2\/product\/7917","targetHints":{"allow":["GET"]}}],"collection":[{"href":"https:\/\/dekkal-quincaillerie.dz\/fr\/wp-json\/wp\/v2\/product"}],"about":[{"href":"https:\/\/dekkal-quincaillerie.dz\/fr\/wp-json\/wp\/v2\/types\/product"}],"wp:featuredmedia":[{"embeddable":true,"href":"https:\/\/dekkal-quincaillerie.dz\/fr\/wp-json\/wp\/v2\/media\/8054"}],"wp:attachment":[{"href":"https:\/\/dekkal-quincaillerie.dz\/fr\/wp-json\/wp\/v2\/media?parent=7917"}],"wp:term":[{"taxonomy":"product_brand","embeddable":true,"href":"https:\/\/dekkal-quincaillerie.dz\/fr\/wp-json\/wp\/v2\/product_brand?post=7917"},{"taxonomy":"product_cat","embeddable":true,"href":"https:\/\/dekkal-quincaillerie.dz\/fr\/wp-json\/wp\/v2\/product_cat?post=7917"},{"taxonomy":"product_tag","embeddable":true,"href":"https:\/\/dekkal-quincaillerie.dz\/fr\/wp-json\/wp\/v2\/product_tag?post=7917"}],"curies":[{"name":"wp","href":"https:\/\/api.w.org\/{rel}","templated":true}]}}