{"id":7749,"date":"2023-09-30T14:54:57","date_gmt":"2023-09-30T14:54:57","guid":{"rendered":"https:\/\/dekkal-quincaillerie.dz\/fr\/?post_type=product&#038;p=7749"},"modified":"2025-03-22T07:16:59","modified_gmt":"2025-03-22T07:16:59","slug":"melangeur-de-peinture-120mm-ct10153-crown","status":"publish","type":"product","link":"https:\/\/dekkal-quincaillerie.dz\/fr\/produit\/melangeur-de-peinture-120mm-ct10153-crown\/","title":{"rendered":"MELANGEUR DE PEINTURE 120MM CT10153 CROWN"},"content":{"rendered":"<h4>MELANGEUR DE PEINTURE 120MM CT10153 CROWN<\/h4>\n<p>&nbsp;<\/p>\n<p>Le <strong>MELANGEUR DE PEINTURE 120MM CT10153 CROWN<\/strong>, est l&rsquo;outil indispensable pour vos travaux de peinture ou autres. Ce modele est muni de deux bras m\u00e9langeur.<\/p>\n<p>Grace \u00e0 son moteur puissant de 1600W et \u00e0 sa conception \u00e9rgonomique double poign\u00e9es, conf\u00e8rent un travail agr\u00e9able et facile. Il poss\u00e8de deux vitesses de m\u00e9lange.<\/p>\n<p>Caract\u00e9ristiques:<\/p>\n<ul>\n<li>Puissance: 1600W,<\/li>\n<li>Voltage: 220 &#8211; 230V,<\/li>\n<li>Amp\u00e9rage: 7.3 A,<\/li>\n<li>Diam\u00e8tre: 120MM,<\/li>\n<li>Porte outil: M13,<\/li>\n<li>Vitesse \u00e0 vide: 200\/480 &#8211; 250\/680 TR\/MIN,<\/li>\n<li>Poids: 6.6KG.<\/li>\n<\/ul>\n<p>&nbsp;<\/p>\n<p>&nbsp;<\/p>\n<p>&nbsp;<\/p>\n<p>&nbsp;<\/p>\n","protected":false},"excerpt":{"rendered":"<p>MELANGEUR DE PEINTURE 120MM CT10153 CROWN &nbsp; Le MELANGEUR DE PEINTURE 120MM CT10153 CROWN, est l&rsquo;outil indispensable pour vos travaux de peinture ou autres. Ce modele est muni de deux bras m\u00e9langeur. Grace \u00e0 son moteur puissant de 1600W et \u00e0 sa conception \u00e9rgonomique double poign\u00e9es, conf\u00e8rent un travail agr\u00e9able et facile. Il poss\u00e8de deux [&hellip;]<\/p>\n","protected":false},"featured_media":7751,"template":"","meta":[],"product_brand":[1113],"product_cat":[204],"product_tag":[],"class_list":{"0":"post-7749","1":"product","2":"type-product","3":"status-publish","4":"has-post-thumbnail","6":"product_brand-crown","7":"product_cat-batiment","9":"first","10":"instock","11":"taxable","12":"shipping-taxable","13":"purchasable","14":"product-type-simple"},"yoast_head":"<!-- This site is optimized with the Yoast SEO Premium plugin v20.0 (Yoast SEO v27.4) - https:\/\/yoast.com\/product\/yoast-seo-premium-wordpress\/ -->\n<title>MELANGEUR DE PEINTURE 120MM CT10153 CROWN - DEKKAL<\/title>\n<meta name=\"description\" content=\"MELANGEUR DE PEINTURE 120MM CT10153 CROWN - DOUBLE BRAS - 220V - 1600W - DEKKAL QUINCAILLERIE - TALA TOULMOUTS - TIZI-RACHED - TEL.: 0561.79.28.59\" \/>\n<meta name=\"robots\" content=\"index, follow, max-snippet:-1, max-image-preview:large, max-video-preview:-1\" \/>\n<link rel=\"canonical\" href=\"https:\/\/dekkal-quincaillerie.dz\/fr\/produit\/melangeur-de-peinture-120mm-ct10153-crown\/\" \/>\n<script type=\"application\/ld+json\" class=\"yoast-schema-graph\">{\"@context\":\"https:\\\/\\\/schema.org\",\"@graph\":[{\"@type\":\"WebPage\",\"@id\":\"https:\\\/\\\/dekkal-quincaillerie.dz\\\/fr\\\/produit\\\/melangeur-de-peinture-120mm-ct10153-crown\\\/\",\"url\":\"https:\\\/\\\/dekkal-quincaillerie.dz\\\/fr\\\/produit\\\/melangeur-de-peinture-120mm-ct10153-crown\\\/\",\"name\":\"MELANGEUR DE PEINTURE 120MM CT10153 CROWN - DEKKAL\",\"isPartOf\":{\"@id\":\"https:\\\/\\\/dekkal-quincaillerie.dz\\\/fr\\\/#website\"},\"primaryImageOfPage\":{\"@id\":\"https:\\\/\\\/dekkal-quincaillerie.dz\\\/fr\\\/produit\\\/melangeur-de-peinture-120mm-ct10153-crown\\\/#primaryimage\"},\"image\":{\"@id\":\"https:\\\/\\\/dekkal-quincaillerie.dz\\\/fr\\\/produit\\\/melangeur-de-peinture-120mm-ct10153-crown\\\/#primaryimage\"},\"thumbnailUrl\":\"https:\\\/\\\/dekkal-quincaillerie.dz\\\/fr\\\/wp-content\\\/uploads\\\/2023\\\/09\\\/stroitelnyy_mikser_crown_ct10153-45472795878601.avif\",\"datePublished\":\"2023-09-30T14:54:57+00:00\",\"dateModified\":\"2025-03-22T07:16:59+00:00\",\"description\":\"MELANGEUR DE PEINTURE 120MM CT10153 CROWN - DOUBLE BRAS - 220V - 1600W - DEKKAL QUINCAILLERIE - TALA TOULMOUTS - TIZI-RACHED - TEL.: 0561.79.28.59\",\"breadcrumb\":{\"@id\":\"https:\\\/\\\/dekkal-quincaillerie.dz\\\/fr\\\/produit\\\/melangeur-de-peinture-120mm-ct10153-crown\\\/#breadcrumb\"},\"inLanguage\":\"fr-FR\",\"potentialAction\":[{\"@type\":\"ReadAction\",\"target\":[\"https:\\\/\\\/dekkal-quincaillerie.dz\\\/fr\\\/produit\\\/melangeur-de-peinture-120mm-ct10153-crown\\\/\"]}]},{\"@type\":\"ImageObject\",\"inLanguage\":\"fr-FR\",\"@id\":\"https:\\\/\\\/dekkal-quincaillerie.dz\\\/fr\\\/produit\\\/melangeur-de-peinture-120mm-ct10153-crown\\\/#primaryimage\",\"url\":\"https:\\\/\\\/dekkal-quincaillerie.dz\\\/fr\\\/wp-content\\\/uploads\\\/2023\\\/09\\\/stroitelnyy_mikser_crown_ct10153-45472795878601.avif\",\"contentUrl\":\"https:\\\/\\\/dekkal-quincaillerie.dz\\\/fr\\\/wp-content\\\/uploads\\\/2023\\\/09\\\/stroitelnyy_mikser_crown_ct10153-45472795878601.avif\",\"width\":603,\"height\":469,\"caption\":\"MELANGEUR DE PEINTURE 120MM CT10153 CROWN\"},{\"@type\":\"BreadcrumbList\",\"@id\":\"https:\\\/\\\/dekkal-quincaillerie.dz\\\/fr\\\/produit\\\/melangeur-de-peinture-120mm-ct10153-crown\\\/#breadcrumb\",\"itemListElement\":[{\"@type\":\"ListItem\",\"position\":1,\"name\":\"Accueil\",\"item\":\"https:\\\/\\\/dekkal-quincaillerie.dz\\\/fr\\\/\"},{\"@type\":\"ListItem\",\"position\":2,\"name\":\"Boutique\",\"item\":\"https:\\\/\\\/dekkal-quincaillerie.dz\\\/fr\\\/boutique\\\/\"},{\"@type\":\"ListItem\",\"position\":3,\"name\":\"MELANGEUR DE PEINTURE 120MM CT10153 CROWN\"}]},{\"@type\":\"WebSite\",\"@id\":\"https:\\\/\\\/dekkal-quincaillerie.dz\\\/fr\\\/#website\",\"url\":\"https:\\\/\\\/dekkal-quincaillerie.dz\\\/fr\\\/\",\"name\":\"DEKKAL\",\"description\":\"\",\"publisher\":{\"@id\":\"https:\\\/\\\/dekkal-quincaillerie.dz\\\/fr\\\/#organization\"},\"potentialAction\":[{\"@type\":\"SearchAction\",\"target\":{\"@type\":\"EntryPoint\",\"urlTemplate\":\"https:\\\/\\\/dekkal-quincaillerie.dz\\\/fr\\\/?s={search_term_string}\"},\"query-input\":{\"@type\":\"PropertyValueSpecification\",\"valueRequired\":true,\"valueName\":\"search_term_string\"}}],\"inLanguage\":\"fr-FR\"},{\"@type\":\"Organization\",\"@id\":\"https:\\\/\\\/dekkal-quincaillerie.dz\\\/fr\\\/#organization\",\"name\":\"DEKKAL QUINCAILLERIE\",\"url\":\"https:\\\/\\\/dekkal-quincaillerie.dz\\\/fr\\\/\",\"logo\":{\"@type\":\"ImageObject\",\"inLanguage\":\"fr-FR\",\"@id\":\"https:\\\/\\\/dekkal-quincaillerie.dz\\\/fr\\\/#\\\/schema\\\/logo\\\/image\\\/\",\"url\":\"https:\\\/\\\/dekkal-quincaillerie.dz\\\/fr\\\/wp-content\\\/uploads\\\/2022\\\/03\\\/image_2022-03-19_172411.png\",\"contentUrl\":\"https:\\\/\\\/dekkal-quincaillerie.dz\\\/fr\\\/wp-content\\\/uploads\\\/2022\\\/03\\\/image_2022-03-19_172411.png\",\"width\":851,\"height\":315,\"caption\":\"DEKKAL QUINCAILLERIE\"},\"image\":{\"@id\":\"https:\\\/\\\/dekkal-quincaillerie.dz\\\/fr\\\/#\\\/schema\\\/logo\\\/image\\\/\"},\"sameAs\":[\"https:\\\/\\\/www.facebook.com\\\/ets.dekkal.1\",\"https:\\\/\\\/www.instagram.com\\\/ets.dekkal\\\/\"]}]}<\/script>\n<!-- \/ Yoast SEO Premium plugin. -->","yoast_head_json":{"title":"MELANGEUR DE PEINTURE 120MM CT10153 CROWN - DEKKAL","description":"MELANGEUR DE PEINTURE 120MM CT10153 CROWN - DOUBLE BRAS - 220V - 1600W - DEKKAL QUINCAILLERIE - TALA TOULMOUTS - TIZI-RACHED - TEL.: 0561.79.28.59","robots":{"index":"index","follow":"follow","max-snippet":"max-snippet:-1","max-image-preview":"max-image-preview:large","max-video-preview":"max-video-preview:-1"},"canonical":"https:\/\/dekkal-quincaillerie.dz\/fr\/produit\/melangeur-de-peinture-120mm-ct10153-crown\/","schema":{"@context":"https:\/\/schema.org","@graph":[{"@type":"WebPage","@id":"https:\/\/dekkal-quincaillerie.dz\/fr\/produit\/melangeur-de-peinture-120mm-ct10153-crown\/","url":"https:\/\/dekkal-quincaillerie.dz\/fr\/produit\/melangeur-de-peinture-120mm-ct10153-crown\/","name":"MELANGEUR DE PEINTURE 120MM CT10153 CROWN - DEKKAL","isPartOf":{"@id":"https:\/\/dekkal-quincaillerie.dz\/fr\/#website"},"primaryImageOfPage":{"@id":"https:\/\/dekkal-quincaillerie.dz\/fr\/produit\/melangeur-de-peinture-120mm-ct10153-crown\/#primaryimage"},"image":{"@id":"https:\/\/dekkal-quincaillerie.dz\/fr\/produit\/melangeur-de-peinture-120mm-ct10153-crown\/#primaryimage"},"thumbnailUrl":"https:\/\/dekkal-quincaillerie.dz\/fr\/wp-content\/uploads\/2023\/09\/stroitelnyy_mikser_crown_ct10153-45472795878601.avif","datePublished":"2023-09-30T14:54:57+00:00","dateModified":"2025-03-22T07:16:59+00:00","description":"MELANGEUR DE PEINTURE 120MM CT10153 CROWN - DOUBLE BRAS - 220V - 1600W - DEKKAL QUINCAILLERIE - TALA TOULMOUTS - TIZI-RACHED - TEL.: 0561.79.28.59","breadcrumb":{"@id":"https:\/\/dekkal-quincaillerie.dz\/fr\/produit\/melangeur-de-peinture-120mm-ct10153-crown\/#breadcrumb"},"inLanguage":"fr-FR","potentialAction":[{"@type":"ReadAction","target":["https:\/\/dekkal-quincaillerie.dz\/fr\/produit\/melangeur-de-peinture-120mm-ct10153-crown\/"]}]},{"@type":"ImageObject","inLanguage":"fr-FR","@id":"https:\/\/dekkal-quincaillerie.dz\/fr\/produit\/melangeur-de-peinture-120mm-ct10153-crown\/#primaryimage","url":"https:\/\/dekkal-quincaillerie.dz\/fr\/wp-content\/uploads\/2023\/09\/stroitelnyy_mikser_crown_ct10153-45472795878601.avif","contentUrl":"https:\/\/dekkal-quincaillerie.dz\/fr\/wp-content\/uploads\/2023\/09\/stroitelnyy_mikser_crown_ct10153-45472795878601.avif","width":603,"height":469,"caption":"MELANGEUR DE PEINTURE 120MM CT10153 CROWN"},{"@type":"BreadcrumbList","@id":"https:\/\/dekkal-quincaillerie.dz\/fr\/produit\/melangeur-de-peinture-120mm-ct10153-crown\/#breadcrumb","itemListElement":[{"@type":"ListItem","position":1,"name":"Accueil","item":"https:\/\/dekkal-quincaillerie.dz\/fr\/"},{"@type":"ListItem","position":2,"name":"Boutique","item":"https:\/\/dekkal-quincaillerie.dz\/fr\/boutique\/"},{"@type":"ListItem","position":3,"name":"MELANGEUR DE PEINTURE 120MM CT10153 CROWN"}]},{"@type":"WebSite","@id":"https:\/\/dekkal-quincaillerie.dz\/fr\/#website","url":"https:\/\/dekkal-quincaillerie.dz\/fr\/","name":"DEKKAL","description":"","publisher":{"@id":"https:\/\/dekkal-quincaillerie.dz\/fr\/#organization"},"potentialAction":[{"@type":"SearchAction","target":{"@type":"EntryPoint","urlTemplate":"https:\/\/dekkal-quincaillerie.dz\/fr\/?s={search_term_string}"},"query-input":{"@type":"PropertyValueSpecification","valueRequired":true,"valueName":"search_term_string"}}],"inLanguage":"fr-FR"},{"@type":"Organization","@id":"https:\/\/dekkal-quincaillerie.dz\/fr\/#organization","name":"DEKKAL QUINCAILLERIE","url":"https:\/\/dekkal-quincaillerie.dz\/fr\/","logo":{"@type":"ImageObject","inLanguage":"fr-FR","@id":"https:\/\/dekkal-quincaillerie.dz\/fr\/#\/schema\/logo\/image\/","url":"https:\/\/dekkal-quincaillerie.dz\/fr\/wp-content\/uploads\/2022\/03\/image_2022-03-19_172411.png","contentUrl":"https:\/\/dekkal-quincaillerie.dz\/fr\/wp-content\/uploads\/2022\/03\/image_2022-03-19_172411.png","width":851,"height":315,"caption":"DEKKAL QUINCAILLERIE"},"image":{"@id":"https:\/\/dekkal-quincaillerie.dz\/fr\/#\/schema\/logo\/image\/"},"sameAs":["https:\/\/www.facebook.com\/ets.dekkal.1","https:\/\/www.instagram.com\/ets.dekkal\/"]}]}},"_links":{"self":[{"href":"https:\/\/dekkal-quincaillerie.dz\/fr\/wp-json\/wp\/v2\/product\/7749","targetHints":{"allow":["GET"]}}],"collection":[{"href":"https:\/\/dekkal-quincaillerie.dz\/fr\/wp-json\/wp\/v2\/product"}],"about":[{"href":"https:\/\/dekkal-quincaillerie.dz\/fr\/wp-json\/wp\/v2\/types\/product"}],"wp:featuredmedia":[{"embeddable":true,"href":"https:\/\/dekkal-quincaillerie.dz\/fr\/wp-json\/wp\/v2\/media\/7751"}],"wp:attachment":[{"href":"https:\/\/dekkal-quincaillerie.dz\/fr\/wp-json\/wp\/v2\/media?parent=7749"}],"wp:term":[{"taxonomy":"product_brand","embeddable":true,"href":"https:\/\/dekkal-quincaillerie.dz\/fr\/wp-json\/wp\/v2\/product_brand?post=7749"},{"taxonomy":"product_cat","embeddable":true,"href":"https:\/\/dekkal-quincaillerie.dz\/fr\/wp-json\/wp\/v2\/product_cat?post=7749"},{"taxonomy":"product_tag","embeddable":true,"href":"https:\/\/dekkal-quincaillerie.dz\/fr\/wp-json\/wp\/v2\/product_tag?post=7749"}],"curies":[{"name":"wp","href":"https:\/\/api.w.org\/{rel}","templated":true}]}}