{"id":7729,"date":"2023-09-30T14:43:48","date_gmt":"2023-09-30T14:43:48","guid":{"rendered":"https:\/\/dekkal-quincaillerie.dz\/fr\/?post_type=product&#038;p=7729"},"modified":"2025-03-22T07:16:59","modified_gmt":"2025-03-22T07:16:59","slug":"melangeur-de-peinture-120mm-ct10049-crown","status":"publish","type":"product","link":"https:\/\/dekkal-quincaillerie.dz\/fr\/produit\/melangeur-de-peinture-120mm-ct10049-crown\/","title":{"rendered":"MELANGEUR DE PEINTURE 120MM CT10049 CROWN"},"content":{"rendered":"<h4>MELANGEUR DE PEINTURE 120MM CT10049 CROWN<\/h4>\n<p>&nbsp;<\/p>\n<p>Le <strong>MELANGEUR DE PEINTURE 120MM CT10049 CROWN<\/strong>, est l&rsquo;outil indispensable pour vos travaux de peinture ou autres.<\/p>\n<p>Grace \u00e0 son moteur puissant de 1100W et \u00e0 sa conception \u00e9rgonomique double poign\u00e9es, conf\u00e8rent un travail agr\u00e9able et facile. Il poss\u00e8de deux vitesses de m\u00e9lange.<\/p>\n<p>Caract\u00e9ristiques:<\/p>\n<ul>\n<li>Puissance: 1100W,<\/li>\n<li>Voltage: 220 &#8211; 230V,<\/li>\n<li>Amp\u00e9rage: 4.8A,<\/li>\n<li>Diam\u00e8tre: 120MM,<\/li>\n<li>Porte outil: M14,<\/li>\n<li>Vitesse \u00e0 vide: 130\/450 &#8211; 245\/850 TR\/MIN,<\/li>\n<li>Poids: 4.1KG.<\/li>\n<\/ul>\n<p><strong>Accessoires inclus:<\/strong><\/p>\n<ul>\n<li>1\u00a0M\u00e9langeur \u00e0 palette.<\/li>\n<li>1 Tige 600 mm.<\/li>\n<li>2 Cl\u00e9 \u00e0 molette 22 mm.<\/li>\n<li>1 Cl\u00e9 \u00e0 molette 19 mm.<\/li>\n<\/ul>\n<p>&nbsp;<\/p>\n<p>&nbsp;<\/p>\n<p>&nbsp;<\/p>\n<p>&nbsp;<\/p>\n","protected":false},"excerpt":{"rendered":"<p>MELANGEUR DE PEINTURE 120MM CT10049 CROWN &nbsp; Le MELANGEUR DE PEINTURE 120MM CT10049 CROWN, est l&rsquo;outil indispensable pour vos travaux de peinture ou autres. Grace \u00e0 son moteur puissant de 1100W et \u00e0 sa conception \u00e9rgonomique double poign\u00e9es, conf\u00e8rent un travail agr\u00e9able et facile. Il poss\u00e8de deux vitesses de m\u00e9lange. Caract\u00e9ristiques: Puissance: 1100W, Voltage: 220 [&hellip;]<\/p>\n","protected":false},"featured_media":7731,"template":"","meta":[],"product_brand":[1113],"product_cat":[204],"product_tag":[],"class_list":{"0":"post-7729","1":"product","2":"type-product","3":"status-publish","4":"has-post-thumbnail","6":"product_brand-crown","7":"product_cat-batiment","9":"first","10":"instock","11":"taxable","12":"shipping-taxable","13":"purchasable","14":"product-type-simple"},"yoast_head":"<!-- This site is optimized with the Yoast SEO Premium plugin v20.0 (Yoast SEO v27.4) - https:\/\/yoast.com\/product\/yoast-seo-premium-wordpress\/ -->\n<title>MELANGEUR DE PEINTURE 120MM CT10049 CROWN - DEKKAL<\/title>\n<meta name=\"description\" content=\"MELANGEUR DE PEINTURE 120MM CT10049 CROWN - 220V - 1100W - DEKKAL QUINCAILLERIE - TALA TOULMOUTS - TIZI-RACHED - TEL.: 0561.79.28.59\" \/>\n<meta name=\"robots\" content=\"index, follow, max-snippet:-1, max-image-preview:large, max-video-preview:-1\" \/>\n<link rel=\"canonical\" href=\"https:\/\/dekkal-quincaillerie.dz\/fr\/produit\/melangeur-de-peinture-120mm-ct10049-crown\/\" \/>\n<script type=\"application\/ld+json\" class=\"yoast-schema-graph\">{\"@context\":\"https:\\\/\\\/schema.org\",\"@graph\":[{\"@type\":\"WebPage\",\"@id\":\"https:\\\/\\\/dekkal-quincaillerie.dz\\\/fr\\\/produit\\\/melangeur-de-peinture-120mm-ct10049-crown\\\/\",\"url\":\"https:\\\/\\\/dekkal-quincaillerie.dz\\\/fr\\\/produit\\\/melangeur-de-peinture-120mm-ct10049-crown\\\/\",\"name\":\"MELANGEUR DE PEINTURE 120MM CT10049 CROWN - DEKKAL\",\"isPartOf\":{\"@id\":\"https:\\\/\\\/dekkal-quincaillerie.dz\\\/fr\\\/#website\"},\"primaryImageOfPage\":{\"@id\":\"https:\\\/\\\/dekkal-quincaillerie.dz\\\/fr\\\/produit\\\/melangeur-de-peinture-120mm-ct10049-crown\\\/#primaryimage\"},\"image\":{\"@id\":\"https:\\\/\\\/dekkal-quincaillerie.dz\\\/fr\\\/produit\\\/melangeur-de-peinture-120mm-ct10049-crown\\\/#primaryimage\"},\"thumbnailUrl\":\"https:\\\/\\\/dekkal-quincaillerie.dz\\\/fr\\\/wp-content\\\/uploads\\\/2023\\\/09\\\/0004289_ct10049_603.avif\",\"datePublished\":\"2023-09-30T14:43:48+00:00\",\"dateModified\":\"2025-03-22T07:16:59+00:00\",\"description\":\"MELANGEUR DE PEINTURE 120MM CT10049 CROWN - 220V - 1100W - DEKKAL QUINCAILLERIE - TALA TOULMOUTS - TIZI-RACHED - TEL.: 0561.79.28.59\",\"breadcrumb\":{\"@id\":\"https:\\\/\\\/dekkal-quincaillerie.dz\\\/fr\\\/produit\\\/melangeur-de-peinture-120mm-ct10049-crown\\\/#breadcrumb\"},\"inLanguage\":\"fr-FR\",\"potentialAction\":[{\"@type\":\"ReadAction\",\"target\":[\"https:\\\/\\\/dekkal-quincaillerie.dz\\\/fr\\\/produit\\\/melangeur-de-peinture-120mm-ct10049-crown\\\/\"]}]},{\"@type\":\"ImageObject\",\"inLanguage\":\"fr-FR\",\"@id\":\"https:\\\/\\\/dekkal-quincaillerie.dz\\\/fr\\\/produit\\\/melangeur-de-peinture-120mm-ct10049-crown\\\/#primaryimage\",\"url\":\"https:\\\/\\\/dekkal-quincaillerie.dz\\\/fr\\\/wp-content\\\/uploads\\\/2023\\\/09\\\/0004289_ct10049_603.avif\",\"contentUrl\":\"https:\\\/\\\/dekkal-quincaillerie.dz\\\/fr\\\/wp-content\\\/uploads\\\/2023\\\/09\\\/0004289_ct10049_603.avif\",\"width\":603,\"height\":468,\"caption\":\"MELANGEUR DE PEINTURE 1100W 120MM CT10049 CROWN\"},{\"@type\":\"BreadcrumbList\",\"@id\":\"https:\\\/\\\/dekkal-quincaillerie.dz\\\/fr\\\/produit\\\/melangeur-de-peinture-120mm-ct10049-crown\\\/#breadcrumb\",\"itemListElement\":[{\"@type\":\"ListItem\",\"position\":1,\"name\":\"Accueil\",\"item\":\"https:\\\/\\\/dekkal-quincaillerie.dz\\\/fr\\\/\"},{\"@type\":\"ListItem\",\"position\":2,\"name\":\"Boutique\",\"item\":\"https:\\\/\\\/dekkal-quincaillerie.dz\\\/fr\\\/boutique\\\/\"},{\"@type\":\"ListItem\",\"position\":3,\"name\":\"MELANGEUR DE PEINTURE 120MM CT10049 CROWN\"}]},{\"@type\":\"WebSite\",\"@id\":\"https:\\\/\\\/dekkal-quincaillerie.dz\\\/fr\\\/#website\",\"url\":\"https:\\\/\\\/dekkal-quincaillerie.dz\\\/fr\\\/\",\"name\":\"DEKKAL\",\"description\":\"\",\"publisher\":{\"@id\":\"https:\\\/\\\/dekkal-quincaillerie.dz\\\/fr\\\/#organization\"},\"potentialAction\":[{\"@type\":\"SearchAction\",\"target\":{\"@type\":\"EntryPoint\",\"urlTemplate\":\"https:\\\/\\\/dekkal-quincaillerie.dz\\\/fr\\\/?s={search_term_string}\"},\"query-input\":{\"@type\":\"PropertyValueSpecification\",\"valueRequired\":true,\"valueName\":\"search_term_string\"}}],\"inLanguage\":\"fr-FR\"},{\"@type\":\"Organization\",\"@id\":\"https:\\\/\\\/dekkal-quincaillerie.dz\\\/fr\\\/#organization\",\"name\":\"DEKKAL QUINCAILLERIE\",\"url\":\"https:\\\/\\\/dekkal-quincaillerie.dz\\\/fr\\\/\",\"logo\":{\"@type\":\"ImageObject\",\"inLanguage\":\"fr-FR\",\"@id\":\"https:\\\/\\\/dekkal-quincaillerie.dz\\\/fr\\\/#\\\/schema\\\/logo\\\/image\\\/\",\"url\":\"https:\\\/\\\/dekkal-quincaillerie.dz\\\/fr\\\/wp-content\\\/uploads\\\/2022\\\/03\\\/image_2022-03-19_172411.png\",\"contentUrl\":\"https:\\\/\\\/dekkal-quincaillerie.dz\\\/fr\\\/wp-content\\\/uploads\\\/2022\\\/03\\\/image_2022-03-19_172411.png\",\"width\":851,\"height\":315,\"caption\":\"DEKKAL QUINCAILLERIE\"},\"image\":{\"@id\":\"https:\\\/\\\/dekkal-quincaillerie.dz\\\/fr\\\/#\\\/schema\\\/logo\\\/image\\\/\"},\"sameAs\":[\"https:\\\/\\\/www.facebook.com\\\/ets.dekkal.1\",\"https:\\\/\\\/www.instagram.com\\\/ets.dekkal\\\/\"]}]}<\/script>\n<!-- \/ Yoast SEO Premium plugin. -->","yoast_head_json":{"title":"MELANGEUR DE PEINTURE 120MM CT10049 CROWN - DEKKAL","description":"MELANGEUR DE PEINTURE 120MM CT10049 CROWN - 220V - 1100W - DEKKAL QUINCAILLERIE - TALA TOULMOUTS - TIZI-RACHED - TEL.: 0561.79.28.59","robots":{"index":"index","follow":"follow","max-snippet":"max-snippet:-1","max-image-preview":"max-image-preview:large","max-video-preview":"max-video-preview:-1"},"canonical":"https:\/\/dekkal-quincaillerie.dz\/fr\/produit\/melangeur-de-peinture-120mm-ct10049-crown\/","schema":{"@context":"https:\/\/schema.org","@graph":[{"@type":"WebPage","@id":"https:\/\/dekkal-quincaillerie.dz\/fr\/produit\/melangeur-de-peinture-120mm-ct10049-crown\/","url":"https:\/\/dekkal-quincaillerie.dz\/fr\/produit\/melangeur-de-peinture-120mm-ct10049-crown\/","name":"MELANGEUR DE PEINTURE 120MM CT10049 CROWN - DEKKAL","isPartOf":{"@id":"https:\/\/dekkal-quincaillerie.dz\/fr\/#website"},"primaryImageOfPage":{"@id":"https:\/\/dekkal-quincaillerie.dz\/fr\/produit\/melangeur-de-peinture-120mm-ct10049-crown\/#primaryimage"},"image":{"@id":"https:\/\/dekkal-quincaillerie.dz\/fr\/produit\/melangeur-de-peinture-120mm-ct10049-crown\/#primaryimage"},"thumbnailUrl":"https:\/\/dekkal-quincaillerie.dz\/fr\/wp-content\/uploads\/2023\/09\/0004289_ct10049_603.avif","datePublished":"2023-09-30T14:43:48+00:00","dateModified":"2025-03-22T07:16:59+00:00","description":"MELANGEUR DE PEINTURE 120MM CT10049 CROWN - 220V - 1100W - DEKKAL QUINCAILLERIE - TALA TOULMOUTS - TIZI-RACHED - TEL.: 0561.79.28.59","breadcrumb":{"@id":"https:\/\/dekkal-quincaillerie.dz\/fr\/produit\/melangeur-de-peinture-120mm-ct10049-crown\/#breadcrumb"},"inLanguage":"fr-FR","potentialAction":[{"@type":"ReadAction","target":["https:\/\/dekkal-quincaillerie.dz\/fr\/produit\/melangeur-de-peinture-120mm-ct10049-crown\/"]}]},{"@type":"ImageObject","inLanguage":"fr-FR","@id":"https:\/\/dekkal-quincaillerie.dz\/fr\/produit\/melangeur-de-peinture-120mm-ct10049-crown\/#primaryimage","url":"https:\/\/dekkal-quincaillerie.dz\/fr\/wp-content\/uploads\/2023\/09\/0004289_ct10049_603.avif","contentUrl":"https:\/\/dekkal-quincaillerie.dz\/fr\/wp-content\/uploads\/2023\/09\/0004289_ct10049_603.avif","width":603,"height":468,"caption":"MELANGEUR DE PEINTURE 1100W 120MM CT10049 CROWN"},{"@type":"BreadcrumbList","@id":"https:\/\/dekkal-quincaillerie.dz\/fr\/produit\/melangeur-de-peinture-120mm-ct10049-crown\/#breadcrumb","itemListElement":[{"@type":"ListItem","position":1,"name":"Accueil","item":"https:\/\/dekkal-quincaillerie.dz\/fr\/"},{"@type":"ListItem","position":2,"name":"Boutique","item":"https:\/\/dekkal-quincaillerie.dz\/fr\/boutique\/"},{"@type":"ListItem","position":3,"name":"MELANGEUR DE PEINTURE 120MM CT10049 CROWN"}]},{"@type":"WebSite","@id":"https:\/\/dekkal-quincaillerie.dz\/fr\/#website","url":"https:\/\/dekkal-quincaillerie.dz\/fr\/","name":"DEKKAL","description":"","publisher":{"@id":"https:\/\/dekkal-quincaillerie.dz\/fr\/#organization"},"potentialAction":[{"@type":"SearchAction","target":{"@type":"EntryPoint","urlTemplate":"https:\/\/dekkal-quincaillerie.dz\/fr\/?s={search_term_string}"},"query-input":{"@type":"PropertyValueSpecification","valueRequired":true,"valueName":"search_term_string"}}],"inLanguage":"fr-FR"},{"@type":"Organization","@id":"https:\/\/dekkal-quincaillerie.dz\/fr\/#organization","name":"DEKKAL QUINCAILLERIE","url":"https:\/\/dekkal-quincaillerie.dz\/fr\/","logo":{"@type":"ImageObject","inLanguage":"fr-FR","@id":"https:\/\/dekkal-quincaillerie.dz\/fr\/#\/schema\/logo\/image\/","url":"https:\/\/dekkal-quincaillerie.dz\/fr\/wp-content\/uploads\/2022\/03\/image_2022-03-19_172411.png","contentUrl":"https:\/\/dekkal-quincaillerie.dz\/fr\/wp-content\/uploads\/2022\/03\/image_2022-03-19_172411.png","width":851,"height":315,"caption":"DEKKAL QUINCAILLERIE"},"image":{"@id":"https:\/\/dekkal-quincaillerie.dz\/fr\/#\/schema\/logo\/image\/"},"sameAs":["https:\/\/www.facebook.com\/ets.dekkal.1","https:\/\/www.instagram.com\/ets.dekkal\/"]}]}},"_links":{"self":[{"href":"https:\/\/dekkal-quincaillerie.dz\/fr\/wp-json\/wp\/v2\/product\/7729","targetHints":{"allow":["GET"]}}],"collection":[{"href":"https:\/\/dekkal-quincaillerie.dz\/fr\/wp-json\/wp\/v2\/product"}],"about":[{"href":"https:\/\/dekkal-quincaillerie.dz\/fr\/wp-json\/wp\/v2\/types\/product"}],"wp:featuredmedia":[{"embeddable":true,"href":"https:\/\/dekkal-quincaillerie.dz\/fr\/wp-json\/wp\/v2\/media\/7731"}],"wp:attachment":[{"href":"https:\/\/dekkal-quincaillerie.dz\/fr\/wp-json\/wp\/v2\/media?parent=7729"}],"wp:term":[{"taxonomy":"product_brand","embeddable":true,"href":"https:\/\/dekkal-quincaillerie.dz\/fr\/wp-json\/wp\/v2\/product_brand?post=7729"},{"taxonomy":"product_cat","embeddable":true,"href":"https:\/\/dekkal-quincaillerie.dz\/fr\/wp-json\/wp\/v2\/product_cat?post=7729"},{"taxonomy":"product_tag","embeddable":true,"href":"https:\/\/dekkal-quincaillerie.dz\/fr\/wp-json\/wp\/v2\/product_tag?post=7729"}],"curies":[{"name":"wp","href":"https:\/\/api.w.org\/{rel}","templated":true}]}}