{"id":7727,"date":"2024-04-13T10:45:44","date_gmt":"2024-04-13T10:45:44","guid":{"rendered":"https:\/\/dekkal-quincaillerie.dz\/fr\/?post_type=product&#038;p=7727"},"modified":"2025-03-22T07:16:59","modified_gmt":"2025-03-22T07:16:59","slug":"pistolet-a-souder-portatif-ct33188-bmc-crown","status":"publish","type":"product","link":"https:\/\/dekkal-quincaillerie.dz\/fr\/produit\/pistolet-a-souder-portatif-ct33188-bmc-crown\/","title":{"rendered":"PISTOLET A SOUDER PORTATIF CT33188-BMC CROWN"},"content":{"rendered":"<h4>PISTOLET A SOUDER PORTATIF CT33188-BMC CROWN<\/h4>\n<p>&nbsp;<\/p>\n<div id=\"product-description-short-2510\" class=\"product-description-short typo sm-bottom\">\n<p>Le <em><strong>PISTOLET A SOUDER PORTATIF CT33188-BMC CROWN<\/strong><\/em>, est un \u00e9quipement de soudage \u00e0 l&rsquo;arc manuel (MMA, \u00e9galement appel\u00e9 soudage \u00e0 l&rsquo;\u00e9lectrode enrob\u00e9e).<\/p>\n<p>Il est con\u00e7u pour souder des mat\u00e9riaux m\u00e9talliques en utilisant une \u00e9lectrode enrob\u00e9e comme source de m\u00e9tal d&rsquo;apport. Il est compatible avec des \u00e9lectrodes enrob\u00e9es d&rsquo;un diam\u00e8tre allant de 2 \u00e0 3,2mm.<\/p>\n<ul>\n<li>Il peut souder une vari\u00e9t\u00e9 de mat\u00e9riaux tels que l\u2019acier, l\u2019acier inoxydable, la fonte et le cuivre, avec une \u00e9paisseur maximale de 4 mm.<\/li>\n<li>Le poste \u00e0 souder est \u00e9quip\u00e9 d\u2019une technologie de contr\u00f4le de l\u2019arc avanc\u00e9e qui facilite le soudage et r\u00e9duit les projections de soudure.<\/li>\n<li>Il dispose \u00e9galement d\u2019une fonction de protection contre la surchauffe pour une utilisation en toute s\u00e9curit\u00e9.<\/li>\n<li>Le poste \u00e0 souder est compact et facilement transportable gr\u00e2ce \u00e0 sa poign\u00e9e de transport.<\/li>\n<\/ul>\n<h5><strong>CARACTERISTIQUES:<\/strong><\/h5>\n<ul>\n<li>Tension: 220V,<\/li>\n<li>Fr\u00e9quence: 50\/60 Hz,<\/li>\n<li>Puissance: 3,7 kVA,<\/li>\n<li>Plage de r\u00e9glage de courant: 20-120 A<\/li>\n<li>Tension de sortie nominale: 24,8 V<\/li>\n<li>Tension \u00e0 vide: 60 V<\/li>\n<li>Diam\u00e8tre de l\u2019\u00e9lectrode de soudure: 2-3,2 mm \/ 5\/64\u2033-1\/8\u2033<\/li>\n<li>Cycle de service nominal (40 \u00b0C): 20%<\/li>\n<li>Efficacit\u00e9: 85%<\/li>\n<li>Poids: 1,6 kg \/ 3.53 lb<\/li>\n<\/ul>\n<\/div>\n<div class=\"product-information light-box-bg sm-bottom\">\n<div class=\"product-actions\">\n<form id=\"add-to-cart-or-refresh\" action=\"https:\/\/mabricole.com\/fr\/panier\" method=\"post\">\n<div class=\"product-variants\"><\/div>\n<section class=\"product-discounts\"><\/section>\n<div class=\"product-prices sm-bottom\">\n<div class=\"product-prices-wrapper d-flex flex-wrap align-items-center\"><\/div>\n<\/div>\n<\/form>\n<\/div>\n<\/div>\n","protected":false},"excerpt":{"rendered":"<p>PISTOLET A SOUDER PORTATIF CT33188-BMC CROWN &nbsp; Le PISTOLET A SOUDER PORTATIF CT33188-BMC CROWN, est un \u00e9quipement de soudage \u00e0 l&rsquo;arc manuel (MMA, \u00e9galement appel\u00e9 soudage \u00e0 l&rsquo;\u00e9lectrode enrob\u00e9e). Il est con\u00e7u pour souder des mat\u00e9riaux m\u00e9talliques en utilisant une \u00e9lectrode enrob\u00e9e comme source de m\u00e9tal d&rsquo;apport. Il est compatible avec des \u00e9lectrodes enrob\u00e9es d&rsquo;un [&hellip;]<\/p>\n","protected":false},"featured_media":8163,"template":"","meta":[],"product_brand":[1113],"product_cat":[205],"product_tag":[],"class_list":{"0":"post-7727","1":"product","2":"type-product","3":"status-publish","4":"has-post-thumbnail","6":"product_brand-crown","7":"product_cat-electoportatif","9":"first","10":"instock","11":"taxable","12":"shipping-taxable","13":"purchasable","14":"product-type-simple"},"yoast_head":"<!-- This site is optimized with the Yoast SEO Premium plugin v20.0 (Yoast SEO v27.4) - https:\/\/yoast.com\/product\/yoast-seo-premium-wordpress\/ -->\n<title>PISTOLET A SOUDER PORTATIF CT33188-BMC CROWN - DEKKAL<\/title>\n<meta name=\"description\" content=\"PISTOLET A SOUDER PORTATIF CT33188-BMC CROWN - MMA-160 - 220V - 3.7KVA - DEKKAL QUINCAILLERIE - TALA TOULMOUTS - TIZI-RACHED - TEL.: 0561.79.28.59\" \/>\n<meta name=\"robots\" content=\"index, follow, max-snippet:-1, max-image-preview:large, max-video-preview:-1\" \/>\n<link rel=\"canonical\" href=\"https:\/\/dekkal-quincaillerie.dz\/fr\/produit\/pistolet-a-souder-portatif-ct33188-bmc-crown\/\" \/>\n<script type=\"application\/ld+json\" class=\"yoast-schema-graph\">{\"@context\":\"https:\\\/\\\/schema.org\",\"@graph\":[{\"@type\":\"WebPage\",\"@id\":\"https:\\\/\\\/dekkal-quincaillerie.dz\\\/fr\\\/produit\\\/pistolet-a-souder-portatif-ct33188-bmc-crown\\\/\",\"url\":\"https:\\\/\\\/dekkal-quincaillerie.dz\\\/fr\\\/produit\\\/pistolet-a-souder-portatif-ct33188-bmc-crown\\\/\",\"name\":\"PISTOLET A SOUDER PORTATIF CT33188-BMC CROWN - DEKKAL\",\"isPartOf\":{\"@id\":\"https:\\\/\\\/dekkal-quincaillerie.dz\\\/fr\\\/#website\"},\"primaryImageOfPage\":{\"@id\":\"https:\\\/\\\/dekkal-quincaillerie.dz\\\/fr\\\/produit\\\/pistolet-a-souder-portatif-ct33188-bmc-crown\\\/#primaryimage\"},\"image\":{\"@id\":\"https:\\\/\\\/dekkal-quincaillerie.dz\\\/fr\\\/produit\\\/pistolet-a-souder-portatif-ct33188-bmc-crown\\\/#primaryimage\"},\"thumbnailUrl\":\"https:\\\/\\\/dekkal-quincaillerie.dz\\\/fr\\\/wp-content\\\/uploads\\\/2024\\\/04\\\/pistolet-a-souder-portatif-mma-160-2-32mm-avec-valise-crown-1-1.avif\",\"datePublished\":\"2024-04-13T10:45:44+00:00\",\"dateModified\":\"2025-03-22T07:16:59+00:00\",\"description\":\"PISTOLET A SOUDER PORTATIF CT33188-BMC CROWN - MMA-160 - 220V - 3.7KVA - DEKKAL QUINCAILLERIE - TALA TOULMOUTS - TIZI-RACHED - TEL.: 0561.79.28.59\",\"breadcrumb\":{\"@id\":\"https:\\\/\\\/dekkal-quincaillerie.dz\\\/fr\\\/produit\\\/pistolet-a-souder-portatif-ct33188-bmc-crown\\\/#breadcrumb\"},\"inLanguage\":\"fr-FR\",\"potentialAction\":[{\"@type\":\"ReadAction\",\"target\":[\"https:\\\/\\\/dekkal-quincaillerie.dz\\\/fr\\\/produit\\\/pistolet-a-souder-portatif-ct33188-bmc-crown\\\/\"]}]},{\"@type\":\"ImageObject\",\"inLanguage\":\"fr-FR\",\"@id\":\"https:\\\/\\\/dekkal-quincaillerie.dz\\\/fr\\\/produit\\\/pistolet-a-souder-portatif-ct33188-bmc-crown\\\/#primaryimage\",\"url\":\"https:\\\/\\\/dekkal-quincaillerie.dz\\\/fr\\\/wp-content\\\/uploads\\\/2024\\\/04\\\/pistolet-a-souder-portatif-mma-160-2-32mm-avec-valise-crown-1-1.avif\",\"contentUrl\":\"https:\\\/\\\/dekkal-quincaillerie.dz\\\/fr\\\/wp-content\\\/uploads\\\/2024\\\/04\\\/pistolet-a-souder-portatif-mma-160-2-32mm-avec-valise-crown-1-1.avif\",\"width\":1080,\"height\":1080},{\"@type\":\"BreadcrumbList\",\"@id\":\"https:\\\/\\\/dekkal-quincaillerie.dz\\\/fr\\\/produit\\\/pistolet-a-souder-portatif-ct33188-bmc-crown\\\/#breadcrumb\",\"itemListElement\":[{\"@type\":\"ListItem\",\"position\":1,\"name\":\"Accueil\",\"item\":\"https:\\\/\\\/dekkal-quincaillerie.dz\\\/fr\\\/\"},{\"@type\":\"ListItem\",\"position\":2,\"name\":\"Boutique\",\"item\":\"https:\\\/\\\/dekkal-quincaillerie.dz\\\/fr\\\/boutique\\\/\"},{\"@type\":\"ListItem\",\"position\":3,\"name\":\"PISTOLET A SOUDER PORTATIF CT33188-BMC CROWN\"}]},{\"@type\":\"WebSite\",\"@id\":\"https:\\\/\\\/dekkal-quincaillerie.dz\\\/fr\\\/#website\",\"url\":\"https:\\\/\\\/dekkal-quincaillerie.dz\\\/fr\\\/\",\"name\":\"DEKKAL\",\"description\":\"\",\"publisher\":{\"@id\":\"https:\\\/\\\/dekkal-quincaillerie.dz\\\/fr\\\/#organization\"},\"potentialAction\":[{\"@type\":\"SearchAction\",\"target\":{\"@type\":\"EntryPoint\",\"urlTemplate\":\"https:\\\/\\\/dekkal-quincaillerie.dz\\\/fr\\\/?s={search_term_string}\"},\"query-input\":{\"@type\":\"PropertyValueSpecification\",\"valueRequired\":true,\"valueName\":\"search_term_string\"}}],\"inLanguage\":\"fr-FR\"},{\"@type\":\"Organization\",\"@id\":\"https:\\\/\\\/dekkal-quincaillerie.dz\\\/fr\\\/#organization\",\"name\":\"DEKKAL QUINCAILLERIE\",\"url\":\"https:\\\/\\\/dekkal-quincaillerie.dz\\\/fr\\\/\",\"logo\":{\"@type\":\"ImageObject\",\"inLanguage\":\"fr-FR\",\"@id\":\"https:\\\/\\\/dekkal-quincaillerie.dz\\\/fr\\\/#\\\/schema\\\/logo\\\/image\\\/\",\"url\":\"https:\\\/\\\/dekkal-quincaillerie.dz\\\/fr\\\/wp-content\\\/uploads\\\/2022\\\/03\\\/image_2022-03-19_172411.png\",\"contentUrl\":\"https:\\\/\\\/dekkal-quincaillerie.dz\\\/fr\\\/wp-content\\\/uploads\\\/2022\\\/03\\\/image_2022-03-19_172411.png\",\"width\":851,\"height\":315,\"caption\":\"DEKKAL QUINCAILLERIE\"},\"image\":{\"@id\":\"https:\\\/\\\/dekkal-quincaillerie.dz\\\/fr\\\/#\\\/schema\\\/logo\\\/image\\\/\"},\"sameAs\":[\"https:\\\/\\\/www.facebook.com\\\/ets.dekkal.1\",\"https:\\\/\\\/www.instagram.com\\\/ets.dekkal\\\/\"]}]}<\/script>\n<!-- \/ Yoast SEO Premium plugin. -->","yoast_head_json":{"title":"PISTOLET A SOUDER PORTATIF CT33188-BMC CROWN - DEKKAL","description":"PISTOLET A SOUDER PORTATIF CT33188-BMC CROWN - MMA-160 - 220V - 3.7KVA - DEKKAL QUINCAILLERIE - TALA TOULMOUTS - TIZI-RACHED - TEL.: 0561.79.28.59","robots":{"index":"index","follow":"follow","max-snippet":"max-snippet:-1","max-image-preview":"max-image-preview:large","max-video-preview":"max-video-preview:-1"},"canonical":"https:\/\/dekkal-quincaillerie.dz\/fr\/produit\/pistolet-a-souder-portatif-ct33188-bmc-crown\/","schema":{"@context":"https:\/\/schema.org","@graph":[{"@type":"WebPage","@id":"https:\/\/dekkal-quincaillerie.dz\/fr\/produit\/pistolet-a-souder-portatif-ct33188-bmc-crown\/","url":"https:\/\/dekkal-quincaillerie.dz\/fr\/produit\/pistolet-a-souder-portatif-ct33188-bmc-crown\/","name":"PISTOLET A SOUDER PORTATIF CT33188-BMC CROWN - DEKKAL","isPartOf":{"@id":"https:\/\/dekkal-quincaillerie.dz\/fr\/#website"},"primaryImageOfPage":{"@id":"https:\/\/dekkal-quincaillerie.dz\/fr\/produit\/pistolet-a-souder-portatif-ct33188-bmc-crown\/#primaryimage"},"image":{"@id":"https:\/\/dekkal-quincaillerie.dz\/fr\/produit\/pistolet-a-souder-portatif-ct33188-bmc-crown\/#primaryimage"},"thumbnailUrl":"https:\/\/dekkal-quincaillerie.dz\/fr\/wp-content\/uploads\/2024\/04\/pistolet-a-souder-portatif-mma-160-2-32mm-avec-valise-crown-1-1.avif","datePublished":"2024-04-13T10:45:44+00:00","dateModified":"2025-03-22T07:16:59+00:00","description":"PISTOLET A SOUDER PORTATIF CT33188-BMC CROWN - MMA-160 - 220V - 3.7KVA - DEKKAL QUINCAILLERIE - TALA TOULMOUTS - TIZI-RACHED - TEL.: 0561.79.28.59","breadcrumb":{"@id":"https:\/\/dekkal-quincaillerie.dz\/fr\/produit\/pistolet-a-souder-portatif-ct33188-bmc-crown\/#breadcrumb"},"inLanguage":"fr-FR","potentialAction":[{"@type":"ReadAction","target":["https:\/\/dekkal-quincaillerie.dz\/fr\/produit\/pistolet-a-souder-portatif-ct33188-bmc-crown\/"]}]},{"@type":"ImageObject","inLanguage":"fr-FR","@id":"https:\/\/dekkal-quincaillerie.dz\/fr\/produit\/pistolet-a-souder-portatif-ct33188-bmc-crown\/#primaryimage","url":"https:\/\/dekkal-quincaillerie.dz\/fr\/wp-content\/uploads\/2024\/04\/pistolet-a-souder-portatif-mma-160-2-32mm-avec-valise-crown-1-1.avif","contentUrl":"https:\/\/dekkal-quincaillerie.dz\/fr\/wp-content\/uploads\/2024\/04\/pistolet-a-souder-portatif-mma-160-2-32mm-avec-valise-crown-1-1.avif","width":1080,"height":1080},{"@type":"BreadcrumbList","@id":"https:\/\/dekkal-quincaillerie.dz\/fr\/produit\/pistolet-a-souder-portatif-ct33188-bmc-crown\/#breadcrumb","itemListElement":[{"@type":"ListItem","position":1,"name":"Accueil","item":"https:\/\/dekkal-quincaillerie.dz\/fr\/"},{"@type":"ListItem","position":2,"name":"Boutique","item":"https:\/\/dekkal-quincaillerie.dz\/fr\/boutique\/"},{"@type":"ListItem","position":3,"name":"PISTOLET A SOUDER PORTATIF CT33188-BMC CROWN"}]},{"@type":"WebSite","@id":"https:\/\/dekkal-quincaillerie.dz\/fr\/#website","url":"https:\/\/dekkal-quincaillerie.dz\/fr\/","name":"DEKKAL","description":"","publisher":{"@id":"https:\/\/dekkal-quincaillerie.dz\/fr\/#organization"},"potentialAction":[{"@type":"SearchAction","target":{"@type":"EntryPoint","urlTemplate":"https:\/\/dekkal-quincaillerie.dz\/fr\/?s={search_term_string}"},"query-input":{"@type":"PropertyValueSpecification","valueRequired":true,"valueName":"search_term_string"}}],"inLanguage":"fr-FR"},{"@type":"Organization","@id":"https:\/\/dekkal-quincaillerie.dz\/fr\/#organization","name":"DEKKAL QUINCAILLERIE","url":"https:\/\/dekkal-quincaillerie.dz\/fr\/","logo":{"@type":"ImageObject","inLanguage":"fr-FR","@id":"https:\/\/dekkal-quincaillerie.dz\/fr\/#\/schema\/logo\/image\/","url":"https:\/\/dekkal-quincaillerie.dz\/fr\/wp-content\/uploads\/2022\/03\/image_2022-03-19_172411.png","contentUrl":"https:\/\/dekkal-quincaillerie.dz\/fr\/wp-content\/uploads\/2022\/03\/image_2022-03-19_172411.png","width":851,"height":315,"caption":"DEKKAL QUINCAILLERIE"},"image":{"@id":"https:\/\/dekkal-quincaillerie.dz\/fr\/#\/schema\/logo\/image\/"},"sameAs":["https:\/\/www.facebook.com\/ets.dekkal.1","https:\/\/www.instagram.com\/ets.dekkal\/"]}]}},"_links":{"self":[{"href":"https:\/\/dekkal-quincaillerie.dz\/fr\/wp-json\/wp\/v2\/product\/7727","targetHints":{"allow":["GET"]}}],"collection":[{"href":"https:\/\/dekkal-quincaillerie.dz\/fr\/wp-json\/wp\/v2\/product"}],"about":[{"href":"https:\/\/dekkal-quincaillerie.dz\/fr\/wp-json\/wp\/v2\/types\/product"}],"wp:featuredmedia":[{"embeddable":true,"href":"https:\/\/dekkal-quincaillerie.dz\/fr\/wp-json\/wp\/v2\/media\/8163"}],"wp:attachment":[{"href":"https:\/\/dekkal-quincaillerie.dz\/fr\/wp-json\/wp\/v2\/media?parent=7727"}],"wp:term":[{"taxonomy":"product_brand","embeddable":true,"href":"https:\/\/dekkal-quincaillerie.dz\/fr\/wp-json\/wp\/v2\/product_brand?post=7727"},{"taxonomy":"product_cat","embeddable":true,"href":"https:\/\/dekkal-quincaillerie.dz\/fr\/wp-json\/wp\/v2\/product_cat?post=7727"},{"taxonomy":"product_tag","embeddable":true,"href":"https:\/\/dekkal-quincaillerie.dz\/fr\/wp-json\/wp\/v2\/product_tag?post=7727"}],"curies":[{"name":"wp","href":"https:\/\/api.w.org\/{rel}","templated":true}]}}