{"id":7684,"date":"2023-09-16T11:11:25","date_gmt":"2023-09-16T11:11:25","guid":{"rendered":"https:\/\/dekkal-quincaillerie.dz\/fr\/?post_type=product&#038;p=7684"},"modified":"2025-07-26T13:31:41","modified_gmt":"2025-07-26T13:31:41","slug":"film-thermo-retractable-pebd","status":"publish","type":"product","link":"https:\/\/dekkal-quincaillerie.dz\/fr\/produit\/film-thermo-retractable-pebd\/","title":{"rendered":"FILM THERMO-RETRACTABLE PEBD"},"content":{"rendered":"<h4>FILM THERMO-RETRACTABLE PEBD<\/h4>\n<p>&nbsp;<\/p>\n<p>Le<strong> FILM THERMO-RETRACTABLE<\/strong>\u00a0<strong>PEBD<\/strong> s\u2019utilise sur les fardeleuses soudeuses pour l&#8217;emballage et\/ou la protection de vos produits. La r\u00e9traction se fait par la chaleur. Il s\u2019utilise fr\u00e9quemment pour le conditionnement de boissons, conserves, cosm\u00e9tiques, mat\u00e9riaux de construction, portes, lambris etc \u2026<\/p>\n<p>Conditionnement: le film thermo-r\u00e9tractable se pr\u00e9sente en rouleau.<\/p>\n<p>NB: PRIX INDIQUE AU KILO.<\/p>\n","protected":false},"excerpt":{"rendered":"<p>FILM THERMO-RETRACTABLE PEBD &nbsp; Le FILM THERMO-RETRACTABLE\u00a0PEBD s\u2019utilise sur les fardeleuses soudeuses pour l&#8217;emballage et\/ou la protection de vos produits. La r\u00e9traction se fait par la chaleur. Il s\u2019utilise fr\u00e9quemment pour le conditionnement de boissons, conserves, cosm\u00e9tiques, mat\u00e9riaux de construction, portes, lambris etc \u2026 Conditionnement: le film thermo-r\u00e9tractable se pr\u00e9sente en rouleau. NB: PRIX INDIQUE [&hellip;]<\/p>\n","protected":false},"featured_media":7687,"template":"","meta":{"jetpack_post_was_ever_published":false,"jetpack_publicize_message":"","jetpack_publicize_feature_enabled":true,"jetpack_social_post_already_shared":false,"jetpack_social_options":{"image_generator_settings":{"template":"highway","default_image_id":0,"font":"","enabled":false},"version":2}},"product_brand":[],"product_cat":[15],"product_tag":[],"class_list":{"0":"post-7684","1":"product","2":"type-product","3":"status-publish","4":"has-post-thumbnail","6":"product_cat-non-classe","8":"first","9":"outofstock","10":"taxable","11":"shipping-taxable","12":"purchasable","13":"product-type-simple"},"yoast_head":"<!-- This site is optimized with the Yoast SEO Premium plugin v20.0 (Yoast SEO v27.4) - https:\/\/yoast.com\/product\/yoast-seo-premium-wordpress\/ -->\n<title>FILM THERMO-RETRACTABLE PEBD - DEKKAL<\/title>\n<meta name=\"description\" content=\"FILM THERMO-RETRACTABLE PEBD POUR LE FARDELAGE DES PRODUITS - DEKKAL QUINCAILLERIE - TALA TOULMOUTS - TIZI-RACHED - TEL.: 0561.79.28.59\" \/>\n<meta name=\"robots\" content=\"index, follow, max-snippet:-1, max-image-preview:large, max-video-preview:-1\" \/>\n<link rel=\"canonical\" href=\"https:\/\/dekkal-quincaillerie.dz\/fr\/produit\/film-thermo-retractable-pebd\/\" \/>\n<script type=\"application\/ld+json\" class=\"yoast-schema-graph\">{\"@context\":\"https:\\\/\\\/schema.org\",\"@graph\":[{\"@type\":\"WebPage\",\"@id\":\"https:\\\/\\\/dekkal-quincaillerie.dz\\\/fr\\\/produit\\\/film-thermo-retractable-pebd\\\/\",\"url\":\"https:\\\/\\\/dekkal-quincaillerie.dz\\\/fr\\\/produit\\\/film-thermo-retractable-pebd\\\/\",\"name\":\"FILM THERMO-RETRACTABLE PEBD - DEKKAL\",\"isPartOf\":{\"@id\":\"https:\\\/\\\/dekkal-quincaillerie.dz\\\/fr\\\/#website\"},\"primaryImageOfPage\":{\"@id\":\"https:\\\/\\\/dekkal-quincaillerie.dz\\\/fr\\\/produit\\\/film-thermo-retractable-pebd\\\/#primaryimage\"},\"image\":{\"@id\":\"https:\\\/\\\/dekkal-quincaillerie.dz\\\/fr\\\/produit\\\/film-thermo-retractable-pebd\\\/#primaryimage\"},\"thumbnailUrl\":\"https:\\\/\\\/dekkal-quincaillerie.dz\\\/fr\\\/wp-content\\\/uploads\\\/2023\\\/09\\\/379658445_291963426876378_6241769275584655350_n.avif\",\"datePublished\":\"2023-09-16T11:11:25+00:00\",\"dateModified\":\"2025-07-26T13:31:41+00:00\",\"description\":\"FILM THERMO-RETRACTABLE PEBD POUR LE FARDELAGE DES PRODUITS - DEKKAL QUINCAILLERIE - TALA TOULMOUTS - TIZI-RACHED - TEL.: 0561.79.28.59\",\"breadcrumb\":{\"@id\":\"https:\\\/\\\/dekkal-quincaillerie.dz\\\/fr\\\/produit\\\/film-thermo-retractable-pebd\\\/#breadcrumb\"},\"inLanguage\":\"fr-FR\",\"potentialAction\":[{\"@type\":\"ReadAction\",\"target\":[\"https:\\\/\\\/dekkal-quincaillerie.dz\\\/fr\\\/produit\\\/film-thermo-retractable-pebd\\\/\"]}]},{\"@type\":\"ImageObject\",\"inLanguage\":\"fr-FR\",\"@id\":\"https:\\\/\\\/dekkal-quincaillerie.dz\\\/fr\\\/produit\\\/film-thermo-retractable-pebd\\\/#primaryimage\",\"url\":\"https:\\\/\\\/dekkal-quincaillerie.dz\\\/fr\\\/wp-content\\\/uploads\\\/2023\\\/09\\\/379658445_291963426876378_6241769275584655350_n.avif\",\"contentUrl\":\"https:\\\/\\\/dekkal-quincaillerie.dz\\\/fr\\\/wp-content\\\/uploads\\\/2023\\\/09\\\/379658445_291963426876378_6241769275584655350_n.avif\",\"width\":1500,\"height\":1818,\"caption\":\"FILM THERMO-RETRACTABLE PEBD\"},{\"@type\":\"BreadcrumbList\",\"@id\":\"https:\\\/\\\/dekkal-quincaillerie.dz\\\/fr\\\/produit\\\/film-thermo-retractable-pebd\\\/#breadcrumb\",\"itemListElement\":[{\"@type\":\"ListItem\",\"position\":1,\"name\":\"Accueil\",\"item\":\"https:\\\/\\\/dekkal-quincaillerie.dz\\\/fr\\\/\"},{\"@type\":\"ListItem\",\"position\":2,\"name\":\"Boutique\",\"item\":\"https:\\\/\\\/dekkal-quincaillerie.dz\\\/fr\\\/boutique\\\/\"},{\"@type\":\"ListItem\",\"position\":3,\"name\":\"FILM THERMO-RETRACTABLE PEBD\"}]},{\"@type\":\"WebSite\",\"@id\":\"https:\\\/\\\/dekkal-quincaillerie.dz\\\/fr\\\/#website\",\"url\":\"https:\\\/\\\/dekkal-quincaillerie.dz\\\/fr\\\/\",\"name\":\"DEKKAL\",\"description\":\"\",\"publisher\":{\"@id\":\"https:\\\/\\\/dekkal-quincaillerie.dz\\\/fr\\\/#organization\"},\"potentialAction\":[{\"@type\":\"SearchAction\",\"target\":{\"@type\":\"EntryPoint\",\"urlTemplate\":\"https:\\\/\\\/dekkal-quincaillerie.dz\\\/fr\\\/?s={search_term_string}\"},\"query-input\":{\"@type\":\"PropertyValueSpecification\",\"valueRequired\":true,\"valueName\":\"search_term_string\"}}],\"inLanguage\":\"fr-FR\"},{\"@type\":\"Organization\",\"@id\":\"https:\\\/\\\/dekkal-quincaillerie.dz\\\/fr\\\/#organization\",\"name\":\"DEKKAL QUINCAILLERIE\",\"url\":\"https:\\\/\\\/dekkal-quincaillerie.dz\\\/fr\\\/\",\"logo\":{\"@type\":\"ImageObject\",\"inLanguage\":\"fr-FR\",\"@id\":\"https:\\\/\\\/dekkal-quincaillerie.dz\\\/fr\\\/#\\\/schema\\\/logo\\\/image\\\/\",\"url\":\"https:\\\/\\\/dekkal-quincaillerie.dz\\\/fr\\\/wp-content\\\/uploads\\\/2022\\\/03\\\/image_2022-03-19_172411.png\",\"contentUrl\":\"https:\\\/\\\/dekkal-quincaillerie.dz\\\/fr\\\/wp-content\\\/uploads\\\/2022\\\/03\\\/image_2022-03-19_172411.png\",\"width\":851,\"height\":315,\"caption\":\"DEKKAL QUINCAILLERIE\"},\"image\":{\"@id\":\"https:\\\/\\\/dekkal-quincaillerie.dz\\\/fr\\\/#\\\/schema\\\/logo\\\/image\\\/\"},\"sameAs\":[\"https:\\\/\\\/www.facebook.com\\\/ets.dekkal.1\",\"https:\\\/\\\/www.instagram.com\\\/ets.dekkal\\\/\"]}]}<\/script>\n<!-- \/ Yoast SEO Premium plugin. -->","yoast_head_json":{"title":"FILM THERMO-RETRACTABLE PEBD - DEKKAL","description":"FILM THERMO-RETRACTABLE PEBD POUR LE FARDELAGE DES PRODUITS - DEKKAL QUINCAILLERIE - TALA TOULMOUTS - TIZI-RACHED - TEL.: 0561.79.28.59","robots":{"index":"index","follow":"follow","max-snippet":"max-snippet:-1","max-image-preview":"max-image-preview:large","max-video-preview":"max-video-preview:-1"},"canonical":"https:\/\/dekkal-quincaillerie.dz\/fr\/produit\/film-thermo-retractable-pebd\/","schema":{"@context":"https:\/\/schema.org","@graph":[{"@type":"WebPage","@id":"https:\/\/dekkal-quincaillerie.dz\/fr\/produit\/film-thermo-retractable-pebd\/","url":"https:\/\/dekkal-quincaillerie.dz\/fr\/produit\/film-thermo-retractable-pebd\/","name":"FILM THERMO-RETRACTABLE PEBD - DEKKAL","isPartOf":{"@id":"https:\/\/dekkal-quincaillerie.dz\/fr\/#website"},"primaryImageOfPage":{"@id":"https:\/\/dekkal-quincaillerie.dz\/fr\/produit\/film-thermo-retractable-pebd\/#primaryimage"},"image":{"@id":"https:\/\/dekkal-quincaillerie.dz\/fr\/produit\/film-thermo-retractable-pebd\/#primaryimage"},"thumbnailUrl":"https:\/\/dekkal-quincaillerie.dz\/fr\/wp-content\/uploads\/2023\/09\/379658445_291963426876378_6241769275584655350_n.avif","datePublished":"2023-09-16T11:11:25+00:00","dateModified":"2025-07-26T13:31:41+00:00","description":"FILM THERMO-RETRACTABLE PEBD POUR LE FARDELAGE DES PRODUITS - DEKKAL QUINCAILLERIE - TALA TOULMOUTS - TIZI-RACHED - TEL.: 0561.79.28.59","breadcrumb":{"@id":"https:\/\/dekkal-quincaillerie.dz\/fr\/produit\/film-thermo-retractable-pebd\/#breadcrumb"},"inLanguage":"fr-FR","potentialAction":[{"@type":"ReadAction","target":["https:\/\/dekkal-quincaillerie.dz\/fr\/produit\/film-thermo-retractable-pebd\/"]}]},{"@type":"ImageObject","inLanguage":"fr-FR","@id":"https:\/\/dekkal-quincaillerie.dz\/fr\/produit\/film-thermo-retractable-pebd\/#primaryimage","url":"https:\/\/dekkal-quincaillerie.dz\/fr\/wp-content\/uploads\/2023\/09\/379658445_291963426876378_6241769275584655350_n.avif","contentUrl":"https:\/\/dekkal-quincaillerie.dz\/fr\/wp-content\/uploads\/2023\/09\/379658445_291963426876378_6241769275584655350_n.avif","width":1500,"height":1818,"caption":"FILM THERMO-RETRACTABLE PEBD"},{"@type":"BreadcrumbList","@id":"https:\/\/dekkal-quincaillerie.dz\/fr\/produit\/film-thermo-retractable-pebd\/#breadcrumb","itemListElement":[{"@type":"ListItem","position":1,"name":"Accueil","item":"https:\/\/dekkal-quincaillerie.dz\/fr\/"},{"@type":"ListItem","position":2,"name":"Boutique","item":"https:\/\/dekkal-quincaillerie.dz\/fr\/boutique\/"},{"@type":"ListItem","position":3,"name":"FILM THERMO-RETRACTABLE PEBD"}]},{"@type":"WebSite","@id":"https:\/\/dekkal-quincaillerie.dz\/fr\/#website","url":"https:\/\/dekkal-quincaillerie.dz\/fr\/","name":"DEKKAL","description":"","publisher":{"@id":"https:\/\/dekkal-quincaillerie.dz\/fr\/#organization"},"potentialAction":[{"@type":"SearchAction","target":{"@type":"EntryPoint","urlTemplate":"https:\/\/dekkal-quincaillerie.dz\/fr\/?s={search_term_string}"},"query-input":{"@type":"PropertyValueSpecification","valueRequired":true,"valueName":"search_term_string"}}],"inLanguage":"fr-FR"},{"@type":"Organization","@id":"https:\/\/dekkal-quincaillerie.dz\/fr\/#organization","name":"DEKKAL QUINCAILLERIE","url":"https:\/\/dekkal-quincaillerie.dz\/fr\/","logo":{"@type":"ImageObject","inLanguage":"fr-FR","@id":"https:\/\/dekkal-quincaillerie.dz\/fr\/#\/schema\/logo\/image\/","url":"https:\/\/dekkal-quincaillerie.dz\/fr\/wp-content\/uploads\/2022\/03\/image_2022-03-19_172411.png","contentUrl":"https:\/\/dekkal-quincaillerie.dz\/fr\/wp-content\/uploads\/2022\/03\/image_2022-03-19_172411.png","width":851,"height":315,"caption":"DEKKAL QUINCAILLERIE"},"image":{"@id":"https:\/\/dekkal-quincaillerie.dz\/fr\/#\/schema\/logo\/image\/"},"sameAs":["https:\/\/www.facebook.com\/ets.dekkal.1","https:\/\/www.instagram.com\/ets.dekkal\/"]}]}},"jetpack_publicize_connections":[],"jetpack-related-posts":[{"id":11274,"url":"https:\/\/dekkal-quincaillerie.dz\/fr\/produit\/thermo-soudeuse-ppr-gshonda-hd12315\/","url_meta":{"origin":7684,"position":0},"title":"Thermo-soudeuse PPR GSHONDA HD12315","author":"webmaster","date":"avril 29, 2025","format":false,"excerpt":"Thermo-soudeuse PPR GSHONDA HD12315","rel":"","context":"Article similaire","block_context":{"text":"Article similaire","link":""},"img":{"alt_text":"Thermo soudeuse PPR","src":"https:\/\/dekkal-quincaillerie.dz\/fr\/wp-content\/uploads\/2025\/04\/1000028462-1.avif","width":350,"height":200},"classes":[]},{"id":8087,"url":"https:\/\/dekkal-quincaillerie.dz\/fr\/produit\/soudeuse-electrique-o-200-pfs-200\/","url_meta":{"origin":7684,"position":1},"title":"SOUDEUSE ELECTRIQUE \u00d8 200 PFS-200","author":"dekkal","date":"f\u00e9vrier 4, 2024","format":false,"excerpt":"Avec cet appareil, vous pouvez emballer dans un sac plastique des aliments, des m\u00e9dicaments, des produits de beaut\u00e9, des accessoires ou autres produits similaires, qui doivent \u00eatre empaquet\u00e9s de mani\u00e8re herm\u00e9tique et imperm\u00e9able pour une bonne et longue conservation. Il s\u2019agit d\u2019une machine \u00e0 sceller \u00e0 impulsion simple \u00e0 utiliser,\u2026","rel":"","context":"Article similaire","block_context":{"text":"Article similaire","link":""},"img":{"alt_text":"","src":"","width":0,"height":0},"classes":[]},{"id":8094,"url":"https:\/\/dekkal-quincaillerie.dz\/fr\/produit\/soudeuse-electrique-o-300-pfs-300\/","url_meta":{"origin":7684,"position":2},"title":"SOUDEUSE ELECTRIQUE \u00d8 300 PFS-300","author":"dekkal","date":"f\u00e9vrier 4, 2024","format":false,"excerpt":"Avec cet appareil, vous pouvez emballer dans un sac plastique des aliments, des m\u00e9dicaments, des produits de beaut\u00e9, des accessoires ou autres produits similaires, qui doivent \u00eatre empaquet\u00e9s de mani\u00e8re herm\u00e9tique et imperm\u00e9able pour une bonne et longue conservation. Il s\u2019agit d\u2019une machine \u00e0 sceller \u00e0 impulsion simple \u00e0 utiliser,\u2026","rel":"","context":"Article similaire","block_context":{"text":"Article similaire","link":""},"img":{"alt_text":"SOUDEUSE ELECTIQUE PFS-300","src":"https:\/\/dekkal-quincaillerie.dz\/fr\/wp-content\/uploads\/2024\/02\/PFS-300-2.avif","width":350,"height":200},"classes":[]},{"id":7261,"url":"https:\/\/dekkal-quincaillerie.dz\/fr\/produit\/decapeur-de-peinture-thermique-230v-2000w-hg2000-orca\/","url_meta":{"origin":7684,"position":3},"title":"DECAPEUR DE PEINTURE THERMIQUE 230V 2000W HG2000 ORCA","author":"webmaster","date":"mai 17, 2023","format":false,"excerpt":"\u00a0 \u00a0","rel":"","context":"Article similaire","block_context":{"text":"Article similaire","link":""},"img":{"alt_text":"","src":"https:\/\/dekkal-quincaillerie.dz\/fr\/wp-content\/uploads\/2023\/05\/DECAPEUR-2000W-ORCA.avif","width":350,"height":200,"srcset":"https:\/\/dekkal-quincaillerie.dz\/fr\/wp-content\/uploads\/2023\/05\/DECAPEUR-2000W-ORCA.avif 1x, https:\/\/dekkal-quincaillerie.dz\/fr\/wp-content\/uploads\/2023\/05\/DECAPEUR-2000W-ORCA.avif 1.5x, https:\/\/dekkal-quincaillerie.dz\/fr\/wp-content\/uploads\/2023\/05\/DECAPEUR-2000W-ORCA.avif 2x, https:\/\/dekkal-quincaillerie.dz\/fr\/wp-content\/uploads\/2023\/05\/DECAPEUR-2000W-ORCA.avif 3x, https:\/\/dekkal-quincaillerie.dz\/fr\/wp-content\/uploads\/2023\/05\/DECAPEUR-2000W-ORCA.avif 4x"},"classes":[]},{"id":7258,"url":"https:\/\/dekkal-quincaillerie.dz\/fr\/produit\/decapeur-de-peinture-thermique-220v-2200w-hg2200-orca\/","url_meta":{"origin":7684,"position":4},"title":"DECAPEUR DE PEINTURE THERMIQUE 230V 2200W HG2200 ORCA","author":"webmaster","date":"mai 17, 2023","format":false,"excerpt":"\u00a0 \u00a0 \u00a0 \u00a0","rel":"","context":"Article similaire","block_context":{"text":"Article similaire","link":""},"img":{"alt_text":"","src":"https:\/\/dekkal-quincaillerie.dz\/fr\/wp-content\/uploads\/2023\/05\/DECAPEUR-HG-2200.avif","width":350,"height":200,"srcset":"https:\/\/dekkal-quincaillerie.dz\/fr\/wp-content\/uploads\/2023\/05\/DECAPEUR-HG-2200.avif 1x, https:\/\/dekkal-quincaillerie.dz\/fr\/wp-content\/uploads\/2023\/05\/DECAPEUR-HG-2200.avif 1.5x, https:\/\/dekkal-quincaillerie.dz\/fr\/wp-content\/uploads\/2023\/05\/DECAPEUR-HG-2200.avif 2x, https:\/\/dekkal-quincaillerie.dz\/fr\/wp-content\/uploads\/2023\/05\/DECAPEUR-HG-2200.avif 3x, https:\/\/dekkal-quincaillerie.dz\/fr\/wp-content\/uploads\/2023\/05\/DECAPEUR-HG-2200.avif 4x"},"classes":[]},{"id":11684,"url":"https:\/\/dekkal-quincaillerie.dz\/fr\/produit\/decapeur-de-peinture-thermique-1800w-ct19022k-crown\/","url_meta":{"origin":7684,"position":5},"title":"DECAPEUR DE PEINTURE THERMIQUE 1800W CT19022K  CROWN","author":"webmaster","date":"juin 5, 2025","format":false,"excerpt":"\u00a0\ud83d\udd25 D\u00e9capeur thermique 1800W Crown \u2013 Performance, pr\u00e9cision et robustesse au service de vos travaux Le d\u00e9capeur de peinture thermique 1800W CT19022K de CROWN est un outil indispensable pour tous vos travaux de r\u00e9novation. Dot\u00e9 d\u2019un design compact et ergonomique, il est con\u00e7u pour d\u00e9caper efficacement les couches de peinture,\u2026","rel":"","context":"Article similaire","block_context":{"text":"Article similaire","link":""},"img":{"alt_text":"d\u00e9capeur de peinture thermique 1800W","src":"https:\/\/dekkal-quincaillerie.dz\/fr\/wp-content\/uploads\/2025\/05\/1000030867.avif","width":350,"height":200},"classes":[]}],"jetpack_likes_enabled":true,"jetpack_sharing_enabled":true,"_links":{"self":[{"href":"https:\/\/dekkal-quincaillerie.dz\/fr\/wp-json\/wp\/v2\/product\/7684","targetHints":{"allow":["GET"]}}],"collection":[{"href":"https:\/\/dekkal-quincaillerie.dz\/fr\/wp-json\/wp\/v2\/product"}],"about":[{"href":"https:\/\/dekkal-quincaillerie.dz\/fr\/wp-json\/wp\/v2\/types\/product"}],"wp:featuredmedia":[{"embeddable":true,"href":"https:\/\/dekkal-quincaillerie.dz\/fr\/wp-json\/wp\/v2\/media\/7687"}],"wp:attachment":[{"href":"https:\/\/dekkal-quincaillerie.dz\/fr\/wp-json\/wp\/v2\/media?parent=7684"}],"wp:term":[{"taxonomy":"product_brand","embeddable":true,"href":"https:\/\/dekkal-quincaillerie.dz\/fr\/wp-json\/wp\/v2\/product_brand?post=7684"},{"taxonomy":"product_cat","embeddable":true,"href":"https:\/\/dekkal-quincaillerie.dz\/fr\/wp-json\/wp\/v2\/product_cat?post=7684"},{"taxonomy":"product_tag","embeddable":true,"href":"https:\/\/dekkal-quincaillerie.dz\/fr\/wp-json\/wp\/v2\/product_tag?post=7684"}],"curies":[{"name":"wp","href":"https:\/\/api.w.org\/{rel}","templated":true}]}}