{"id":7643,"date":"2023-09-07T13:30:30","date_gmt":"2023-09-07T13:30:30","guid":{"rendered":"https:\/\/dekkal-quincaillerie.dz\/fr\/?post_type=product&#038;p=7643"},"modified":"2025-03-22T07:16:58","modified_gmt":"2025-03-22T07:16:58","slug":"poste-a-souder-portatif-200a-ct33100-crown-mma-250","status":"publish","type":"product","link":"https:\/\/dekkal-quincaillerie.dz\/fr\/produit\/poste-a-souder-portatif-200a-ct33100-crown-mma-250\/","title":{"rendered":"POSTE A SOUDER PORTATIF 200A CT33100 CROWN &#8211; MMA-250"},"content":{"rendered":"<h4>POSTE A SOUDER PORTATIF 200A CT33100 CROWN &#8211; MMA-250<\/h4>\n<p>&nbsp;<\/p>\n<p>Le poste \u00e0 souder portatif 200A CT33100 CROWN (MMA-250), est un outil l\u00e9ger et pratique, id\u00e9al pour travailler en atelier ou sur chantier, et assure un soudage fluide et stable. Son design et sa conception font de cet appareil votre meilleur alli\u00e9 dans vos travaux de soudures;<\/p>\n<ul>\n<li>Soudure de l&rsquo;acier et de la fonte,<\/li>\n<li>Charpentes m\u00e9talliques,<\/li>\n<li>Ferronnerie et serrurerie,<\/li>\n<li>Chaudronnerie diverses,<\/li>\n<li>R\u00e9paration de pi\u00e8ces m\u00e9talliques.<\/li>\n<\/ul>\n<p>C&rsquo;est un appareil professionnel puissant, qui r\u00e9pond \u00e0 toutes les exigences d\u2019utilisation.<br \/>\nLa machine \u00e0 souder dispose d&rsquo;un c\u00e2ble d&rsquo;alimentation durable et d&rsquo;une capacit\u00e9 de puissance d&rsquo;entr\u00e9e nominale : 6,6 kVA, offre une protection contre les surcharges gr\u00e2ce au r\u00e9ducteur de tension VRD et dispose d&rsquo;une protection thermique qui \u00e9teint automatiquement l&rsquo;outil \u00e9lectrique en cas de surchauffe.<\/p>\n","protected":false},"excerpt":{"rendered":"<p>POSTE A SOUDER PORTATIF 200A CT33100 CROWN &#8211; MMA-250 &nbsp; Le poste \u00e0 souder portatif 200A CT33100 CROWN (MMA-250), est un outil l\u00e9ger et pratique, id\u00e9al pour travailler en atelier ou sur chantier, et assure un soudage fluide et stable. Son design et sa conception font de cet appareil votre meilleur alli\u00e9 dans vos travaux [&hellip;]<\/p>\n","protected":false},"featured_media":7645,"template":"","meta":[],"product_brand":[1113],"product_cat":[205],"product_tag":[],"class_list":{"0":"post-7643","1":"product","2":"type-product","3":"status-publish","4":"has-post-thumbnail","6":"product_brand-crown","7":"product_cat-electoportatif","9":"first","10":"outofstock","11":"taxable","12":"shipping-taxable","13":"purchasable","14":"product-type-simple"},"yoast_head":"<!-- This site is optimized with the Yoast SEO Premium plugin v20.0 (Yoast SEO v27.4) - https:\/\/yoast.com\/product\/yoast-seo-premium-wordpress\/ -->\n<title>POSTE A SOUDER PORTATIF 200A CT33100 CROWN - MMA-250 - DEKKAL<\/title>\n<meta name=\"description\" content=\"POSTE A SOUDER PORTATIF 200A CT33100 CT33100 CROWN - MMA-250 - 9.9 KVA - 220V - DEKKAL QUINCAILLERIE - TIZI-OUZOU - TEL.: 0561.79.28.59\" \/>\n<meta name=\"robots\" content=\"index, follow, max-snippet:-1, max-image-preview:large, max-video-preview:-1\" \/>\n<link rel=\"canonical\" href=\"https:\/\/dekkal-quincaillerie.dz\/fr\/produit\/poste-a-souder-portatif-200a-ct33100-crown-mma-250\/\" \/>\n<script type=\"application\/ld+json\" class=\"yoast-schema-graph\">{\"@context\":\"https:\\\/\\\/schema.org\",\"@graph\":[{\"@type\":\"WebPage\",\"@id\":\"https:\\\/\\\/dekkal-quincaillerie.dz\\\/fr\\\/produit\\\/poste-a-souder-portatif-200a-ct33100-crown-mma-250\\\/\",\"url\":\"https:\\\/\\\/dekkal-quincaillerie.dz\\\/fr\\\/produit\\\/poste-a-souder-portatif-200a-ct33100-crown-mma-250\\\/\",\"name\":\"POSTE A SOUDER PORTATIF 200A CT33100 CROWN - MMA-250 - DEKKAL\",\"isPartOf\":{\"@id\":\"https:\\\/\\\/dekkal-quincaillerie.dz\\\/fr\\\/#website\"},\"primaryImageOfPage\":{\"@id\":\"https:\\\/\\\/dekkal-quincaillerie.dz\\\/fr\\\/produit\\\/poste-a-souder-portatif-200a-ct33100-crown-mma-250\\\/#primaryimage\"},\"image\":{\"@id\":\"https:\\\/\\\/dekkal-quincaillerie.dz\\\/fr\\\/produit\\\/poste-a-souder-portatif-200a-ct33100-crown-mma-250\\\/#primaryimage\"},\"thumbnailUrl\":\"https:\\\/\\\/dekkal-quincaillerie.dz\\\/fr\\\/wp-content\\\/uploads\\\/2023\\\/09\\\/CT33100.avif\",\"datePublished\":\"2023-09-07T13:30:30+00:00\",\"dateModified\":\"2025-03-22T07:16:58+00:00\",\"description\":\"POSTE A SOUDER PORTATIF 200A CT33100 CT33100 CROWN - MMA-250 - 9.9 KVA - 220V - DEKKAL QUINCAILLERIE - TIZI-OUZOU - TEL.: 0561.79.28.59\",\"breadcrumb\":{\"@id\":\"https:\\\/\\\/dekkal-quincaillerie.dz\\\/fr\\\/produit\\\/poste-a-souder-portatif-200a-ct33100-crown-mma-250\\\/#breadcrumb\"},\"inLanguage\":\"fr-FR\",\"potentialAction\":[{\"@type\":\"ReadAction\",\"target\":[\"https:\\\/\\\/dekkal-quincaillerie.dz\\\/fr\\\/produit\\\/poste-a-souder-portatif-200a-ct33100-crown-mma-250\\\/\"]}]},{\"@type\":\"ImageObject\",\"inLanguage\":\"fr-FR\",\"@id\":\"https:\\\/\\\/dekkal-quincaillerie.dz\\\/fr\\\/produit\\\/poste-a-souder-portatif-200a-ct33100-crown-mma-250\\\/#primaryimage\",\"url\":\"https:\\\/\\\/dekkal-quincaillerie.dz\\\/fr\\\/wp-content\\\/uploads\\\/2023\\\/09\\\/CT33100.avif\",\"contentUrl\":\"https:\\\/\\\/dekkal-quincaillerie.dz\\\/fr\\\/wp-content\\\/uploads\\\/2023\\\/09\\\/CT33100.avif\",\"width\":511,\"height\":490,\"caption\":\"POSTE A SOUDER PORTATIF 220V 200A CT33100 CROWN\"},{\"@type\":\"BreadcrumbList\",\"@id\":\"https:\\\/\\\/dekkal-quincaillerie.dz\\\/fr\\\/produit\\\/poste-a-souder-portatif-200a-ct33100-crown-mma-250\\\/#breadcrumb\",\"itemListElement\":[{\"@type\":\"ListItem\",\"position\":1,\"name\":\"Accueil\",\"item\":\"https:\\\/\\\/dekkal-quincaillerie.dz\\\/fr\\\/\"},{\"@type\":\"ListItem\",\"position\":2,\"name\":\"Boutique\",\"item\":\"https:\\\/\\\/dekkal-quincaillerie.dz\\\/fr\\\/boutique\\\/\"},{\"@type\":\"ListItem\",\"position\":3,\"name\":\"POSTE A SOUDER PORTATIF 200A CT33100 CROWN &#8211; MMA-250\"}]},{\"@type\":\"WebSite\",\"@id\":\"https:\\\/\\\/dekkal-quincaillerie.dz\\\/fr\\\/#website\",\"url\":\"https:\\\/\\\/dekkal-quincaillerie.dz\\\/fr\\\/\",\"name\":\"DEKKAL\",\"description\":\"\",\"publisher\":{\"@id\":\"https:\\\/\\\/dekkal-quincaillerie.dz\\\/fr\\\/#organization\"},\"potentialAction\":[{\"@type\":\"SearchAction\",\"target\":{\"@type\":\"EntryPoint\",\"urlTemplate\":\"https:\\\/\\\/dekkal-quincaillerie.dz\\\/fr\\\/?s={search_term_string}\"},\"query-input\":{\"@type\":\"PropertyValueSpecification\",\"valueRequired\":true,\"valueName\":\"search_term_string\"}}],\"inLanguage\":\"fr-FR\"},{\"@type\":\"Organization\",\"@id\":\"https:\\\/\\\/dekkal-quincaillerie.dz\\\/fr\\\/#organization\",\"name\":\"DEKKAL QUINCAILLERIE\",\"url\":\"https:\\\/\\\/dekkal-quincaillerie.dz\\\/fr\\\/\",\"logo\":{\"@type\":\"ImageObject\",\"inLanguage\":\"fr-FR\",\"@id\":\"https:\\\/\\\/dekkal-quincaillerie.dz\\\/fr\\\/#\\\/schema\\\/logo\\\/image\\\/\",\"url\":\"https:\\\/\\\/dekkal-quincaillerie.dz\\\/fr\\\/wp-content\\\/uploads\\\/2022\\\/03\\\/image_2022-03-19_172411.png\",\"contentUrl\":\"https:\\\/\\\/dekkal-quincaillerie.dz\\\/fr\\\/wp-content\\\/uploads\\\/2022\\\/03\\\/image_2022-03-19_172411.png\",\"width\":851,\"height\":315,\"caption\":\"DEKKAL QUINCAILLERIE\"},\"image\":{\"@id\":\"https:\\\/\\\/dekkal-quincaillerie.dz\\\/fr\\\/#\\\/schema\\\/logo\\\/image\\\/\"},\"sameAs\":[\"https:\\\/\\\/www.facebook.com\\\/ets.dekkal.1\",\"https:\\\/\\\/www.instagram.com\\\/ets.dekkal\\\/\"]}]}<\/script>\n<!-- \/ Yoast SEO Premium plugin. -->","yoast_head_json":{"title":"POSTE A SOUDER PORTATIF 200A CT33100 CROWN - MMA-250 - DEKKAL","description":"POSTE A SOUDER PORTATIF 200A CT33100 CT33100 CROWN - MMA-250 - 9.9 KVA - 220V - DEKKAL QUINCAILLERIE - TIZI-OUZOU - TEL.: 0561.79.28.59","robots":{"index":"index","follow":"follow","max-snippet":"max-snippet:-1","max-image-preview":"max-image-preview:large","max-video-preview":"max-video-preview:-1"},"canonical":"https:\/\/dekkal-quincaillerie.dz\/fr\/produit\/poste-a-souder-portatif-200a-ct33100-crown-mma-250\/","schema":{"@context":"https:\/\/schema.org","@graph":[{"@type":"WebPage","@id":"https:\/\/dekkal-quincaillerie.dz\/fr\/produit\/poste-a-souder-portatif-200a-ct33100-crown-mma-250\/","url":"https:\/\/dekkal-quincaillerie.dz\/fr\/produit\/poste-a-souder-portatif-200a-ct33100-crown-mma-250\/","name":"POSTE A SOUDER PORTATIF 200A CT33100 CROWN - MMA-250 - DEKKAL","isPartOf":{"@id":"https:\/\/dekkal-quincaillerie.dz\/fr\/#website"},"primaryImageOfPage":{"@id":"https:\/\/dekkal-quincaillerie.dz\/fr\/produit\/poste-a-souder-portatif-200a-ct33100-crown-mma-250\/#primaryimage"},"image":{"@id":"https:\/\/dekkal-quincaillerie.dz\/fr\/produit\/poste-a-souder-portatif-200a-ct33100-crown-mma-250\/#primaryimage"},"thumbnailUrl":"https:\/\/dekkal-quincaillerie.dz\/fr\/wp-content\/uploads\/2023\/09\/CT33100.avif","datePublished":"2023-09-07T13:30:30+00:00","dateModified":"2025-03-22T07:16:58+00:00","description":"POSTE A SOUDER PORTATIF 200A CT33100 CT33100 CROWN - MMA-250 - 9.9 KVA - 220V - DEKKAL QUINCAILLERIE - TIZI-OUZOU - TEL.: 0561.79.28.59","breadcrumb":{"@id":"https:\/\/dekkal-quincaillerie.dz\/fr\/produit\/poste-a-souder-portatif-200a-ct33100-crown-mma-250\/#breadcrumb"},"inLanguage":"fr-FR","potentialAction":[{"@type":"ReadAction","target":["https:\/\/dekkal-quincaillerie.dz\/fr\/produit\/poste-a-souder-portatif-200a-ct33100-crown-mma-250\/"]}]},{"@type":"ImageObject","inLanguage":"fr-FR","@id":"https:\/\/dekkal-quincaillerie.dz\/fr\/produit\/poste-a-souder-portatif-200a-ct33100-crown-mma-250\/#primaryimage","url":"https:\/\/dekkal-quincaillerie.dz\/fr\/wp-content\/uploads\/2023\/09\/CT33100.avif","contentUrl":"https:\/\/dekkal-quincaillerie.dz\/fr\/wp-content\/uploads\/2023\/09\/CT33100.avif","width":511,"height":490,"caption":"POSTE A SOUDER PORTATIF 220V 200A CT33100 CROWN"},{"@type":"BreadcrumbList","@id":"https:\/\/dekkal-quincaillerie.dz\/fr\/produit\/poste-a-souder-portatif-200a-ct33100-crown-mma-250\/#breadcrumb","itemListElement":[{"@type":"ListItem","position":1,"name":"Accueil","item":"https:\/\/dekkal-quincaillerie.dz\/fr\/"},{"@type":"ListItem","position":2,"name":"Boutique","item":"https:\/\/dekkal-quincaillerie.dz\/fr\/boutique\/"},{"@type":"ListItem","position":3,"name":"POSTE A SOUDER PORTATIF 200A CT33100 CROWN &#8211; MMA-250"}]},{"@type":"WebSite","@id":"https:\/\/dekkal-quincaillerie.dz\/fr\/#website","url":"https:\/\/dekkal-quincaillerie.dz\/fr\/","name":"DEKKAL","description":"","publisher":{"@id":"https:\/\/dekkal-quincaillerie.dz\/fr\/#organization"},"potentialAction":[{"@type":"SearchAction","target":{"@type":"EntryPoint","urlTemplate":"https:\/\/dekkal-quincaillerie.dz\/fr\/?s={search_term_string}"},"query-input":{"@type":"PropertyValueSpecification","valueRequired":true,"valueName":"search_term_string"}}],"inLanguage":"fr-FR"},{"@type":"Organization","@id":"https:\/\/dekkal-quincaillerie.dz\/fr\/#organization","name":"DEKKAL QUINCAILLERIE","url":"https:\/\/dekkal-quincaillerie.dz\/fr\/","logo":{"@type":"ImageObject","inLanguage":"fr-FR","@id":"https:\/\/dekkal-quincaillerie.dz\/fr\/#\/schema\/logo\/image\/","url":"https:\/\/dekkal-quincaillerie.dz\/fr\/wp-content\/uploads\/2022\/03\/image_2022-03-19_172411.png","contentUrl":"https:\/\/dekkal-quincaillerie.dz\/fr\/wp-content\/uploads\/2022\/03\/image_2022-03-19_172411.png","width":851,"height":315,"caption":"DEKKAL QUINCAILLERIE"},"image":{"@id":"https:\/\/dekkal-quincaillerie.dz\/fr\/#\/schema\/logo\/image\/"},"sameAs":["https:\/\/www.facebook.com\/ets.dekkal.1","https:\/\/www.instagram.com\/ets.dekkal\/"]}]}},"_links":{"self":[{"href":"https:\/\/dekkal-quincaillerie.dz\/fr\/wp-json\/wp\/v2\/product\/7643","targetHints":{"allow":["GET"]}}],"collection":[{"href":"https:\/\/dekkal-quincaillerie.dz\/fr\/wp-json\/wp\/v2\/product"}],"about":[{"href":"https:\/\/dekkal-quincaillerie.dz\/fr\/wp-json\/wp\/v2\/types\/product"}],"wp:featuredmedia":[{"embeddable":true,"href":"https:\/\/dekkal-quincaillerie.dz\/fr\/wp-json\/wp\/v2\/media\/7645"}],"wp:attachment":[{"href":"https:\/\/dekkal-quincaillerie.dz\/fr\/wp-json\/wp\/v2\/media?parent=7643"}],"wp:term":[{"taxonomy":"product_brand","embeddable":true,"href":"https:\/\/dekkal-quincaillerie.dz\/fr\/wp-json\/wp\/v2\/product_brand?post=7643"},{"taxonomy":"product_cat","embeddable":true,"href":"https:\/\/dekkal-quincaillerie.dz\/fr\/wp-json\/wp\/v2\/product_cat?post=7643"},{"taxonomy":"product_tag","embeddable":true,"href":"https:\/\/dekkal-quincaillerie.dz\/fr\/wp-json\/wp\/v2\/product_tag?post=7643"}],"curies":[{"name":"wp","href":"https:\/\/api.w.org\/{rel}","templated":true}]}}