{"id":7615,"date":"2023-08-24T10:57:44","date_gmt":"2023-08-24T10:57:44","guid":{"rendered":"https:\/\/dekkal-quincaillerie.dz\/fr\/?post_type=product&#038;p=7615"},"modified":"2025-03-22T07:16:58","modified_gmt":"2025-03-22T07:16:58","slug":"cerodar-aluminium-15kg-enap","status":"publish","type":"product","link":"https:\/\/dekkal-quincaillerie.dz\/fr\/produit\/cerodar-aluminium-15kg-enap\/","title":{"rendered":"CERODAR ALUMINIUM 15KG ENAP"},"content":{"rendered":"<h4>CERODAR ALIMUNIUM 15KG ENAP<\/h4>\n<p>&nbsp;<\/p>\n<p>CERODAR aluminium 15kg ENAP est une peinture d\u00e9corative styr\u00e9n\u00e9, brillante avec un reflet aluminium. S&rsquo;applique sur des supports m\u00e9talliques ferreux.<\/p>\n<h5>Caract\u00e9ristiques:<\/h5>\n<ul>\n<li>Pouvoir couvrant,<\/li>\n<li>S\u00e9chage rapide: \u00e0 20 &#8211; 15 \u00b0C: 25 \u00e0 35 min,<\/li>\n<li>Bonne r\u00e9tention du brillant,<\/li>\n<li>Reflet aluminium,<\/li>\n<li>Contenance: 15 kg<\/li>\n<li>Application: au pinceau et au pistolet de peinture,<\/li>\n<li>Rendement: 5.5 +\/- 0.5 m\u00b2\/kg, selon l&rsquo;\u00e9tat du support.<\/li>\n<\/ul>\n<p>Conditionnement: 400 gr \/ 700 gr \/ 3 kg et 15 kg.<\/p>\n<p>Appliquer le produit en fines couches.<\/p>\n<p>Ne pas appliquer \u00e0 des temp\u00e8ratures inf\u00e9rieures \u00e0 5\u00b0C et sup\u00e9rieures \u00e0 40\u00b0C, et un taux d&rsquo;humidit\u00e9 sup\u00e9rieur \u00e0 80%.<\/p>\n","protected":false},"excerpt":{"rendered":"<p>CERODAR ALIMUNIUM 15KG ENAP &nbsp; CERODAR aluminium 15kg ENAP est une peinture d\u00e9corative styr\u00e9n\u00e9, brillante avec un reflet aluminium. S&rsquo;applique sur des supports m\u00e9talliques ferreux. Caract\u00e9ristiques: Pouvoir couvrant, S\u00e9chage rapide: \u00e0 20 &#8211; 15 \u00b0C: 25 \u00e0 35 min, Bonne r\u00e9tention du brillant, Reflet aluminium, Contenance: 15 kg Application: au pinceau et au pistolet de [&hellip;]<\/p>\n","protected":false},"featured_media":7617,"template":"","meta":[],"product_brand":[1110],"product_cat":[236],"product_tag":[],"class_list":{"0":"post-7615","1":"product","2":"type-product","3":"status-publish","4":"has-post-thumbnail","6":"product_brand-enap","7":"product_cat-peinture","9":"first","10":"outofstock","11":"taxable","12":"shipping-taxable","13":"purchasable","14":"product-type-simple"},"yoast_head":"<!-- This site is optimized with the Yoast SEO Premium plugin v20.0 (Yoast SEO v27.4) - https:\/\/yoast.com\/product\/yoast-seo-premium-wordpress\/ -->\n<title>CERODAR ALUMINIUM 15KG ENAP - DEKKAL<\/title>\n<meta name=\"description\" content=\"PEINTURE CERODAR ALUMINIUM 15KG ENAP - SECHAGE RAPIDE ET LAISSE UN FINI BRILLANT SUR SUPPORT FERREUX - DEKKAL QUINCAILLERIE TIZI-OUZOU - TEL.: 0561.79.28.59\" \/>\n<meta name=\"robots\" content=\"index, follow, max-snippet:-1, max-image-preview:large, max-video-preview:-1\" \/>\n<link rel=\"canonical\" href=\"https:\/\/dekkal-quincaillerie.dz\/fr\/produit\/cerodar-aluminium-15kg-enap\/\" \/>\n<script type=\"application\/ld+json\" class=\"yoast-schema-graph\">{\"@context\":\"https:\\\/\\\/schema.org\",\"@graph\":[{\"@type\":\"WebPage\",\"@id\":\"https:\\\/\\\/dekkal-quincaillerie.dz\\\/fr\\\/produit\\\/cerodar-aluminium-15kg-enap\\\/\",\"url\":\"https:\\\/\\\/dekkal-quincaillerie.dz\\\/fr\\\/produit\\\/cerodar-aluminium-15kg-enap\\\/\",\"name\":\"CERODAR ALUMINIUM 15KG ENAP - DEKKAL\",\"isPartOf\":{\"@id\":\"https:\\\/\\\/dekkal-quincaillerie.dz\\\/fr\\\/#website\"},\"primaryImageOfPage\":{\"@id\":\"https:\\\/\\\/dekkal-quincaillerie.dz\\\/fr\\\/produit\\\/cerodar-aluminium-15kg-enap\\\/#primaryimage\"},\"image\":{\"@id\":\"https:\\\/\\\/dekkal-quincaillerie.dz\\\/fr\\\/produit\\\/cerodar-aluminium-15kg-enap\\\/#primaryimage\"},\"thumbnailUrl\":\"https:\\\/\\\/dekkal-quincaillerie.dz\\\/fr\\\/wp-content\\\/uploads\\\/2023\\\/08\\\/IMG_20230824_092915.avif\",\"datePublished\":\"2023-08-24T10:57:44+00:00\",\"dateModified\":\"2025-03-22T07:16:58+00:00\",\"description\":\"PEINTURE CERODAR ALUMINIUM 15KG ENAP - SECHAGE RAPIDE ET LAISSE UN FINI BRILLANT SUR SUPPORT FERREUX - DEKKAL QUINCAILLERIE TIZI-OUZOU - TEL.: 0561.79.28.59\",\"breadcrumb\":{\"@id\":\"https:\\\/\\\/dekkal-quincaillerie.dz\\\/fr\\\/produit\\\/cerodar-aluminium-15kg-enap\\\/#breadcrumb\"},\"inLanguage\":\"fr-FR\",\"potentialAction\":[{\"@type\":\"ReadAction\",\"target\":[\"https:\\\/\\\/dekkal-quincaillerie.dz\\\/fr\\\/produit\\\/cerodar-aluminium-15kg-enap\\\/\"]}]},{\"@type\":\"ImageObject\",\"inLanguage\":\"fr-FR\",\"@id\":\"https:\\\/\\\/dekkal-quincaillerie.dz\\\/fr\\\/produit\\\/cerodar-aluminium-15kg-enap\\\/#primaryimage\",\"url\":\"https:\\\/\\\/dekkal-quincaillerie.dz\\\/fr\\\/wp-content\\\/uploads\\\/2023\\\/08\\\/IMG_20230824_092915.avif\",\"contentUrl\":\"https:\\\/\\\/dekkal-quincaillerie.dz\\\/fr\\\/wp-content\\\/uploads\\\/2023\\\/08\\\/IMG_20230824_092915.avif\",\"width\":1291,\"height\":1301,\"caption\":\"PEINTURE CERODAR ALUMINIUM 15KG ENAP\"},{\"@type\":\"BreadcrumbList\",\"@id\":\"https:\\\/\\\/dekkal-quincaillerie.dz\\\/fr\\\/produit\\\/cerodar-aluminium-15kg-enap\\\/#breadcrumb\",\"itemListElement\":[{\"@type\":\"ListItem\",\"position\":1,\"name\":\"Accueil\",\"item\":\"https:\\\/\\\/dekkal-quincaillerie.dz\\\/fr\\\/\"},{\"@type\":\"ListItem\",\"position\":2,\"name\":\"Boutique\",\"item\":\"https:\\\/\\\/dekkal-quincaillerie.dz\\\/fr\\\/boutique\\\/\"},{\"@type\":\"ListItem\",\"position\":3,\"name\":\"CERODAR ALUMINIUM 15KG ENAP\"}]},{\"@type\":\"WebSite\",\"@id\":\"https:\\\/\\\/dekkal-quincaillerie.dz\\\/fr\\\/#website\",\"url\":\"https:\\\/\\\/dekkal-quincaillerie.dz\\\/fr\\\/\",\"name\":\"DEKKAL\",\"description\":\"\",\"publisher\":{\"@id\":\"https:\\\/\\\/dekkal-quincaillerie.dz\\\/fr\\\/#organization\"},\"potentialAction\":[{\"@type\":\"SearchAction\",\"target\":{\"@type\":\"EntryPoint\",\"urlTemplate\":\"https:\\\/\\\/dekkal-quincaillerie.dz\\\/fr\\\/?s={search_term_string}\"},\"query-input\":{\"@type\":\"PropertyValueSpecification\",\"valueRequired\":true,\"valueName\":\"search_term_string\"}}],\"inLanguage\":\"fr-FR\"},{\"@type\":\"Organization\",\"@id\":\"https:\\\/\\\/dekkal-quincaillerie.dz\\\/fr\\\/#organization\",\"name\":\"DEKKAL QUINCAILLERIE\",\"url\":\"https:\\\/\\\/dekkal-quincaillerie.dz\\\/fr\\\/\",\"logo\":{\"@type\":\"ImageObject\",\"inLanguage\":\"fr-FR\",\"@id\":\"https:\\\/\\\/dekkal-quincaillerie.dz\\\/fr\\\/#\\\/schema\\\/logo\\\/image\\\/\",\"url\":\"https:\\\/\\\/dekkal-quincaillerie.dz\\\/fr\\\/wp-content\\\/uploads\\\/2022\\\/03\\\/image_2022-03-19_172411.png\",\"contentUrl\":\"https:\\\/\\\/dekkal-quincaillerie.dz\\\/fr\\\/wp-content\\\/uploads\\\/2022\\\/03\\\/image_2022-03-19_172411.png\",\"width\":851,\"height\":315,\"caption\":\"DEKKAL QUINCAILLERIE\"},\"image\":{\"@id\":\"https:\\\/\\\/dekkal-quincaillerie.dz\\\/fr\\\/#\\\/schema\\\/logo\\\/image\\\/\"},\"sameAs\":[\"https:\\\/\\\/www.facebook.com\\\/ets.dekkal.1\",\"https:\\\/\\\/www.instagram.com\\\/ets.dekkal\\\/\"]}]}<\/script>\n<!-- \/ Yoast SEO Premium plugin. -->","yoast_head_json":{"title":"CERODAR ALUMINIUM 15KG ENAP - DEKKAL","description":"PEINTURE CERODAR ALUMINIUM 15KG ENAP - SECHAGE RAPIDE ET LAISSE UN FINI BRILLANT SUR SUPPORT FERREUX - DEKKAL QUINCAILLERIE TIZI-OUZOU - TEL.: 0561.79.28.59","robots":{"index":"index","follow":"follow","max-snippet":"max-snippet:-1","max-image-preview":"max-image-preview:large","max-video-preview":"max-video-preview:-1"},"canonical":"https:\/\/dekkal-quincaillerie.dz\/fr\/produit\/cerodar-aluminium-15kg-enap\/","schema":{"@context":"https:\/\/schema.org","@graph":[{"@type":"WebPage","@id":"https:\/\/dekkal-quincaillerie.dz\/fr\/produit\/cerodar-aluminium-15kg-enap\/","url":"https:\/\/dekkal-quincaillerie.dz\/fr\/produit\/cerodar-aluminium-15kg-enap\/","name":"CERODAR ALUMINIUM 15KG ENAP - DEKKAL","isPartOf":{"@id":"https:\/\/dekkal-quincaillerie.dz\/fr\/#website"},"primaryImageOfPage":{"@id":"https:\/\/dekkal-quincaillerie.dz\/fr\/produit\/cerodar-aluminium-15kg-enap\/#primaryimage"},"image":{"@id":"https:\/\/dekkal-quincaillerie.dz\/fr\/produit\/cerodar-aluminium-15kg-enap\/#primaryimage"},"thumbnailUrl":"https:\/\/dekkal-quincaillerie.dz\/fr\/wp-content\/uploads\/2023\/08\/IMG_20230824_092915.avif","datePublished":"2023-08-24T10:57:44+00:00","dateModified":"2025-03-22T07:16:58+00:00","description":"PEINTURE CERODAR ALUMINIUM 15KG ENAP - SECHAGE RAPIDE ET LAISSE UN FINI BRILLANT SUR SUPPORT FERREUX - DEKKAL QUINCAILLERIE TIZI-OUZOU - TEL.: 0561.79.28.59","breadcrumb":{"@id":"https:\/\/dekkal-quincaillerie.dz\/fr\/produit\/cerodar-aluminium-15kg-enap\/#breadcrumb"},"inLanguage":"fr-FR","potentialAction":[{"@type":"ReadAction","target":["https:\/\/dekkal-quincaillerie.dz\/fr\/produit\/cerodar-aluminium-15kg-enap\/"]}]},{"@type":"ImageObject","inLanguage":"fr-FR","@id":"https:\/\/dekkal-quincaillerie.dz\/fr\/produit\/cerodar-aluminium-15kg-enap\/#primaryimage","url":"https:\/\/dekkal-quincaillerie.dz\/fr\/wp-content\/uploads\/2023\/08\/IMG_20230824_092915.avif","contentUrl":"https:\/\/dekkal-quincaillerie.dz\/fr\/wp-content\/uploads\/2023\/08\/IMG_20230824_092915.avif","width":1291,"height":1301,"caption":"PEINTURE CERODAR ALUMINIUM 15KG ENAP"},{"@type":"BreadcrumbList","@id":"https:\/\/dekkal-quincaillerie.dz\/fr\/produit\/cerodar-aluminium-15kg-enap\/#breadcrumb","itemListElement":[{"@type":"ListItem","position":1,"name":"Accueil","item":"https:\/\/dekkal-quincaillerie.dz\/fr\/"},{"@type":"ListItem","position":2,"name":"Boutique","item":"https:\/\/dekkal-quincaillerie.dz\/fr\/boutique\/"},{"@type":"ListItem","position":3,"name":"CERODAR ALUMINIUM 15KG ENAP"}]},{"@type":"WebSite","@id":"https:\/\/dekkal-quincaillerie.dz\/fr\/#website","url":"https:\/\/dekkal-quincaillerie.dz\/fr\/","name":"DEKKAL","description":"","publisher":{"@id":"https:\/\/dekkal-quincaillerie.dz\/fr\/#organization"},"potentialAction":[{"@type":"SearchAction","target":{"@type":"EntryPoint","urlTemplate":"https:\/\/dekkal-quincaillerie.dz\/fr\/?s={search_term_string}"},"query-input":{"@type":"PropertyValueSpecification","valueRequired":true,"valueName":"search_term_string"}}],"inLanguage":"fr-FR"},{"@type":"Organization","@id":"https:\/\/dekkal-quincaillerie.dz\/fr\/#organization","name":"DEKKAL QUINCAILLERIE","url":"https:\/\/dekkal-quincaillerie.dz\/fr\/","logo":{"@type":"ImageObject","inLanguage":"fr-FR","@id":"https:\/\/dekkal-quincaillerie.dz\/fr\/#\/schema\/logo\/image\/","url":"https:\/\/dekkal-quincaillerie.dz\/fr\/wp-content\/uploads\/2022\/03\/image_2022-03-19_172411.png","contentUrl":"https:\/\/dekkal-quincaillerie.dz\/fr\/wp-content\/uploads\/2022\/03\/image_2022-03-19_172411.png","width":851,"height":315,"caption":"DEKKAL QUINCAILLERIE"},"image":{"@id":"https:\/\/dekkal-quincaillerie.dz\/fr\/#\/schema\/logo\/image\/"},"sameAs":["https:\/\/www.facebook.com\/ets.dekkal.1","https:\/\/www.instagram.com\/ets.dekkal\/"]}]}},"_links":{"self":[{"href":"https:\/\/dekkal-quincaillerie.dz\/fr\/wp-json\/wp\/v2\/product\/7615","targetHints":{"allow":["GET"]}}],"collection":[{"href":"https:\/\/dekkal-quincaillerie.dz\/fr\/wp-json\/wp\/v2\/product"}],"about":[{"href":"https:\/\/dekkal-quincaillerie.dz\/fr\/wp-json\/wp\/v2\/types\/product"}],"wp:featuredmedia":[{"embeddable":true,"href":"https:\/\/dekkal-quincaillerie.dz\/fr\/wp-json\/wp\/v2\/media\/7617"}],"wp:attachment":[{"href":"https:\/\/dekkal-quincaillerie.dz\/fr\/wp-json\/wp\/v2\/media?parent=7615"}],"wp:term":[{"taxonomy":"product_brand","embeddable":true,"href":"https:\/\/dekkal-quincaillerie.dz\/fr\/wp-json\/wp\/v2\/product_brand?post=7615"},{"taxonomy":"product_cat","embeddable":true,"href":"https:\/\/dekkal-quincaillerie.dz\/fr\/wp-json\/wp\/v2\/product_cat?post=7615"},{"taxonomy":"product_tag","embeddable":true,"href":"https:\/\/dekkal-quincaillerie.dz\/fr\/wp-json\/wp\/v2\/product_tag?post=7615"}],"curies":[{"name":"wp","href":"https:\/\/api.w.org\/{rel}","templated":true}]}}