{"id":7567,"date":"2023-08-15T09:41:51","date_gmt":"2023-08-15T09:41:51","guid":{"rendered":"https:\/\/dekkal-quincaillerie.dz\/fr\/?post_type=product&#038;p=7567"},"modified":"2025-03-22T07:16:58","modified_gmt":"2025-03-22T07:16:58","slug":"defonceuse-electrique-8mm-1050w-ct11012-crown","status":"publish","type":"product","link":"https:\/\/dekkal-quincaillerie.dz\/fr\/produit\/defonceuse-electrique-8mm-1050w-ct11012-crown\/","title":{"rendered":"DEFONCEUSE ELECTRIQUE 8MM 1050W CT11012 CROWN"},"content":{"rendered":"<h4>DEFONCEUSE ELECTRQUE 8MM 1050W CT11012 CROWN<\/h4>\n<p>&nbsp;<\/p>\n<p>La <strong>DEFONCEUSE ELECTRIQUE CT11012 CROWN<\/strong> est indispensable lors du traitement de pi\u00e8ces et d&rsquo;\u00e9bauches en bois, en plastique et en m\u00e9tal.<\/p>\n<p>Afin d&rsquo;assurer la pr\u00e9cision du travail, ce mod\u00e8le est \u00e9quip\u00e9 d&rsquo;une buse pour se connecter \u00e0 un aspirateur, de sorte que la zone de travail reste propre pendant le processus.<\/p>\n<p>L&rsquo;outil permet l&rsquo;utilisation de pinces de 6 et 8 mm, ce qui permet de travailler avec une large gamme d&rsquo;\u00e9quipements.<\/p>\n<p>Gr\u00e2ce \u00e0 l&rsquo;\u00e9chelle avec limiteur \u00e9tag\u00e9, le pr\u00e9r\u00e9glage de la profondeur de fraisage est possible.<\/p>\n<h6>AVANTAGES DE LA DEFONCEUSE ELECTRIQUE CT11012 CROWN :<\/h6>\n<ul>\n<li>R\u00e9glage de la fr\u00e9quence de rotation &#8211; pour le travail avec divers mat\u00e9riaux<\/li>\n<li>R\u00e9glage RPM de 12000 \u00e0 30000 \/ min<\/li>\n<li>Deux types de pinces utilis\u00e9es 6 et 8 &#8211; pour divers \u00e9quipements;<\/li>\n<li>Poign\u00e9es pratiques &#8211; pour un travail confortable.<\/li>\n<\/ul>\n<h6>CARACTERISTIQUES:<\/h6>\n<ul>\n<li>Puissance nominale: 1050 W<\/li>\n<li>Puissance de sortie : 460 W<\/li>\n<li>Tension : 220-230 V<\/li>\n<li>Vitesse \u00e0 vide : 12000-30000 tr\/min<\/li>\n<li>Diam\u00e8tre collet int\u00e9rieur : 8 mm<\/li>\n<li>Diam\u00e8tre interne de la douille : 6 mm<\/li>\n<li>Poids : 3.2 kg<\/li>\n<\/ul>\n","protected":false},"excerpt":{"rendered":"<p>DEFONCEUSE ELECTRQUE 8MM 1050W CT11012 CROWN &nbsp; La DEFONCEUSE ELECTRIQUE CT11012 CROWN est indispensable lors du traitement de pi\u00e8ces et d&rsquo;\u00e9bauches en bois, en plastique et en m\u00e9tal. Afin d&rsquo;assurer la pr\u00e9cision du travail, ce mod\u00e8le est \u00e9quip\u00e9 d&rsquo;une buse pour se connecter \u00e0 un aspirateur, de sorte que la zone de travail reste propre [&hellip;]<\/p>\n","protected":false},"featured_media":7570,"template":"","meta":[],"product_brand":[],"product_cat":[204],"product_tag":[],"class_list":{"0":"post-7567","1":"product","2":"type-product","3":"status-publish","4":"has-post-thumbnail","6":"product_cat-batiment","8":"first","9":"instock","10":"taxable","11":"shipping-taxable","12":"purchasable","13":"product-type-simple"},"yoast_head":"<!-- This site is optimized with the Yoast SEO Premium plugin v20.0 (Yoast SEO v27.4) - https:\/\/yoast.com\/product\/yoast-seo-premium-wordpress\/ -->\n<title>DEFONCEUSE ELECTRIQUE CT11012 CROWN - DEKKAL<\/title>\n<meta name=\"description\" content=\"DEFONCEUSE ELECTRIQUE CT11012 CROWN - 8MM - 1050W - VITESSE 12000 A 30000 TR\/MIN - DEKKAL QUINCAILLERIE - TALA TOULMOUTS - TIZI-RACHED - TEL.: 0561.79.28.59\" \/>\n<meta name=\"robots\" content=\"index, follow, max-snippet:-1, max-image-preview:large, max-video-preview:-1\" \/>\n<link rel=\"canonical\" href=\"https:\/\/dekkal-quincaillerie.dz\/fr\/produit\/defonceuse-electrique-8mm-1050w-ct11012-crown\/\" \/>\n<script type=\"application\/ld+json\" class=\"yoast-schema-graph\">{\"@context\":\"https:\\\/\\\/schema.org\",\"@graph\":[{\"@type\":\"WebPage\",\"@id\":\"https:\\\/\\\/dekkal-quincaillerie.dz\\\/fr\\\/produit\\\/defonceuse-electrique-8mm-1050w-ct11012-crown\\\/\",\"url\":\"https:\\\/\\\/dekkal-quincaillerie.dz\\\/fr\\\/produit\\\/defonceuse-electrique-8mm-1050w-ct11012-crown\\\/\",\"name\":\"DEFONCEUSE ELECTRIQUE CT11012 CROWN - DEKKAL\",\"isPartOf\":{\"@id\":\"https:\\\/\\\/dekkal-quincaillerie.dz\\\/fr\\\/#website\"},\"primaryImageOfPage\":{\"@id\":\"https:\\\/\\\/dekkal-quincaillerie.dz\\\/fr\\\/produit\\\/defonceuse-electrique-8mm-1050w-ct11012-crown\\\/#primaryimage\"},\"image\":{\"@id\":\"https:\\\/\\\/dekkal-quincaillerie.dz\\\/fr\\\/produit\\\/defonceuse-electrique-8mm-1050w-ct11012-crown\\\/#primaryimage\"},\"thumbnailUrl\":\"https:\\\/\\\/dekkal-quincaillerie.dz\\\/fr\\\/wp-content\\\/uploads\\\/2023\\\/08\\\/CT11012-2.avif\",\"datePublished\":\"2023-08-15T09:41:51+00:00\",\"dateModified\":\"2025-03-22T07:16:58+00:00\",\"description\":\"DEFONCEUSE ELECTRIQUE CT11012 CROWN - 8MM - 1050W - VITESSE 12000 A 30000 TR\\\/MIN - DEKKAL QUINCAILLERIE - TALA TOULMOUTS - TIZI-RACHED - TEL.: 0561.79.28.59\",\"breadcrumb\":{\"@id\":\"https:\\\/\\\/dekkal-quincaillerie.dz\\\/fr\\\/produit\\\/defonceuse-electrique-8mm-1050w-ct11012-crown\\\/#breadcrumb\"},\"inLanguage\":\"fr-FR\",\"potentialAction\":[{\"@type\":\"ReadAction\",\"target\":[\"https:\\\/\\\/dekkal-quincaillerie.dz\\\/fr\\\/produit\\\/defonceuse-electrique-8mm-1050w-ct11012-crown\\\/\"]}]},{\"@type\":\"ImageObject\",\"inLanguage\":\"fr-FR\",\"@id\":\"https:\\\/\\\/dekkal-quincaillerie.dz\\\/fr\\\/produit\\\/defonceuse-electrique-8mm-1050w-ct11012-crown\\\/#primaryimage\",\"url\":\"https:\\\/\\\/dekkal-quincaillerie.dz\\\/fr\\\/wp-content\\\/uploads\\\/2023\\\/08\\\/CT11012-2.avif\",\"contentUrl\":\"https:\\\/\\\/dekkal-quincaillerie.dz\\\/fr\\\/wp-content\\\/uploads\\\/2023\\\/08\\\/CT11012-2.avif\",\"width\":337,\"height\":467,\"caption\":\"DEFONCEUSE ELECTRIQUE 8MM 1050W CT1102 CROWN\"},{\"@type\":\"BreadcrumbList\",\"@id\":\"https:\\\/\\\/dekkal-quincaillerie.dz\\\/fr\\\/produit\\\/defonceuse-electrique-8mm-1050w-ct11012-crown\\\/#breadcrumb\",\"itemListElement\":[{\"@type\":\"ListItem\",\"position\":1,\"name\":\"Accueil\",\"item\":\"https:\\\/\\\/dekkal-quincaillerie.dz\\\/fr\\\/\"},{\"@type\":\"ListItem\",\"position\":2,\"name\":\"Boutique\",\"item\":\"https:\\\/\\\/dekkal-quincaillerie.dz\\\/fr\\\/boutique\\\/\"},{\"@type\":\"ListItem\",\"position\":3,\"name\":\"DEFONCEUSE ELECTRIQUE 8MM 1050W CT11012 CROWN\"}]},{\"@type\":\"WebSite\",\"@id\":\"https:\\\/\\\/dekkal-quincaillerie.dz\\\/fr\\\/#website\",\"url\":\"https:\\\/\\\/dekkal-quincaillerie.dz\\\/fr\\\/\",\"name\":\"DEKKAL\",\"description\":\"\",\"publisher\":{\"@id\":\"https:\\\/\\\/dekkal-quincaillerie.dz\\\/fr\\\/#organization\"},\"potentialAction\":[{\"@type\":\"SearchAction\",\"target\":{\"@type\":\"EntryPoint\",\"urlTemplate\":\"https:\\\/\\\/dekkal-quincaillerie.dz\\\/fr\\\/?s={search_term_string}\"},\"query-input\":{\"@type\":\"PropertyValueSpecification\",\"valueRequired\":true,\"valueName\":\"search_term_string\"}}],\"inLanguage\":\"fr-FR\"},{\"@type\":\"Organization\",\"@id\":\"https:\\\/\\\/dekkal-quincaillerie.dz\\\/fr\\\/#organization\",\"name\":\"DEKKAL QUINCAILLERIE\",\"url\":\"https:\\\/\\\/dekkal-quincaillerie.dz\\\/fr\\\/\",\"logo\":{\"@type\":\"ImageObject\",\"inLanguage\":\"fr-FR\",\"@id\":\"https:\\\/\\\/dekkal-quincaillerie.dz\\\/fr\\\/#\\\/schema\\\/logo\\\/image\\\/\",\"url\":\"https:\\\/\\\/dekkal-quincaillerie.dz\\\/fr\\\/wp-content\\\/uploads\\\/2022\\\/03\\\/image_2022-03-19_172411.png\",\"contentUrl\":\"https:\\\/\\\/dekkal-quincaillerie.dz\\\/fr\\\/wp-content\\\/uploads\\\/2022\\\/03\\\/image_2022-03-19_172411.png\",\"width\":851,\"height\":315,\"caption\":\"DEKKAL QUINCAILLERIE\"},\"image\":{\"@id\":\"https:\\\/\\\/dekkal-quincaillerie.dz\\\/fr\\\/#\\\/schema\\\/logo\\\/image\\\/\"},\"sameAs\":[\"https:\\\/\\\/www.facebook.com\\\/ets.dekkal.1\",\"https:\\\/\\\/www.instagram.com\\\/ets.dekkal\\\/\"]}]}<\/script>\n<!-- \/ Yoast SEO Premium plugin. -->","yoast_head_json":{"title":"DEFONCEUSE ELECTRIQUE CT11012 CROWN - DEKKAL","description":"DEFONCEUSE ELECTRIQUE CT11012 CROWN - 8MM - 1050W - VITESSE 12000 A 30000 TR\/MIN - DEKKAL QUINCAILLERIE - TALA TOULMOUTS - TIZI-RACHED - TEL.: 0561.79.28.59","robots":{"index":"index","follow":"follow","max-snippet":"max-snippet:-1","max-image-preview":"max-image-preview:large","max-video-preview":"max-video-preview:-1"},"canonical":"https:\/\/dekkal-quincaillerie.dz\/fr\/produit\/defonceuse-electrique-8mm-1050w-ct11012-crown\/","schema":{"@context":"https:\/\/schema.org","@graph":[{"@type":"WebPage","@id":"https:\/\/dekkal-quincaillerie.dz\/fr\/produit\/defonceuse-electrique-8mm-1050w-ct11012-crown\/","url":"https:\/\/dekkal-quincaillerie.dz\/fr\/produit\/defonceuse-electrique-8mm-1050w-ct11012-crown\/","name":"DEFONCEUSE ELECTRIQUE CT11012 CROWN - DEKKAL","isPartOf":{"@id":"https:\/\/dekkal-quincaillerie.dz\/fr\/#website"},"primaryImageOfPage":{"@id":"https:\/\/dekkal-quincaillerie.dz\/fr\/produit\/defonceuse-electrique-8mm-1050w-ct11012-crown\/#primaryimage"},"image":{"@id":"https:\/\/dekkal-quincaillerie.dz\/fr\/produit\/defonceuse-electrique-8mm-1050w-ct11012-crown\/#primaryimage"},"thumbnailUrl":"https:\/\/dekkal-quincaillerie.dz\/fr\/wp-content\/uploads\/2023\/08\/CT11012-2.avif","datePublished":"2023-08-15T09:41:51+00:00","dateModified":"2025-03-22T07:16:58+00:00","description":"DEFONCEUSE ELECTRIQUE CT11012 CROWN - 8MM - 1050W - VITESSE 12000 A 30000 TR\/MIN - DEKKAL QUINCAILLERIE - TALA TOULMOUTS - TIZI-RACHED - TEL.: 0561.79.28.59","breadcrumb":{"@id":"https:\/\/dekkal-quincaillerie.dz\/fr\/produit\/defonceuse-electrique-8mm-1050w-ct11012-crown\/#breadcrumb"},"inLanguage":"fr-FR","potentialAction":[{"@type":"ReadAction","target":["https:\/\/dekkal-quincaillerie.dz\/fr\/produit\/defonceuse-electrique-8mm-1050w-ct11012-crown\/"]}]},{"@type":"ImageObject","inLanguage":"fr-FR","@id":"https:\/\/dekkal-quincaillerie.dz\/fr\/produit\/defonceuse-electrique-8mm-1050w-ct11012-crown\/#primaryimage","url":"https:\/\/dekkal-quincaillerie.dz\/fr\/wp-content\/uploads\/2023\/08\/CT11012-2.avif","contentUrl":"https:\/\/dekkal-quincaillerie.dz\/fr\/wp-content\/uploads\/2023\/08\/CT11012-2.avif","width":337,"height":467,"caption":"DEFONCEUSE ELECTRIQUE 8MM 1050W CT1102 CROWN"},{"@type":"BreadcrumbList","@id":"https:\/\/dekkal-quincaillerie.dz\/fr\/produit\/defonceuse-electrique-8mm-1050w-ct11012-crown\/#breadcrumb","itemListElement":[{"@type":"ListItem","position":1,"name":"Accueil","item":"https:\/\/dekkal-quincaillerie.dz\/fr\/"},{"@type":"ListItem","position":2,"name":"Boutique","item":"https:\/\/dekkal-quincaillerie.dz\/fr\/boutique\/"},{"@type":"ListItem","position":3,"name":"DEFONCEUSE ELECTRIQUE 8MM 1050W CT11012 CROWN"}]},{"@type":"WebSite","@id":"https:\/\/dekkal-quincaillerie.dz\/fr\/#website","url":"https:\/\/dekkal-quincaillerie.dz\/fr\/","name":"DEKKAL","description":"","publisher":{"@id":"https:\/\/dekkal-quincaillerie.dz\/fr\/#organization"},"potentialAction":[{"@type":"SearchAction","target":{"@type":"EntryPoint","urlTemplate":"https:\/\/dekkal-quincaillerie.dz\/fr\/?s={search_term_string}"},"query-input":{"@type":"PropertyValueSpecification","valueRequired":true,"valueName":"search_term_string"}}],"inLanguage":"fr-FR"},{"@type":"Organization","@id":"https:\/\/dekkal-quincaillerie.dz\/fr\/#organization","name":"DEKKAL QUINCAILLERIE","url":"https:\/\/dekkal-quincaillerie.dz\/fr\/","logo":{"@type":"ImageObject","inLanguage":"fr-FR","@id":"https:\/\/dekkal-quincaillerie.dz\/fr\/#\/schema\/logo\/image\/","url":"https:\/\/dekkal-quincaillerie.dz\/fr\/wp-content\/uploads\/2022\/03\/image_2022-03-19_172411.png","contentUrl":"https:\/\/dekkal-quincaillerie.dz\/fr\/wp-content\/uploads\/2022\/03\/image_2022-03-19_172411.png","width":851,"height":315,"caption":"DEKKAL QUINCAILLERIE"},"image":{"@id":"https:\/\/dekkal-quincaillerie.dz\/fr\/#\/schema\/logo\/image\/"},"sameAs":["https:\/\/www.facebook.com\/ets.dekkal.1","https:\/\/www.instagram.com\/ets.dekkal\/"]}]}},"_links":{"self":[{"href":"https:\/\/dekkal-quincaillerie.dz\/fr\/wp-json\/wp\/v2\/product\/7567","targetHints":{"allow":["GET"]}}],"collection":[{"href":"https:\/\/dekkal-quincaillerie.dz\/fr\/wp-json\/wp\/v2\/product"}],"about":[{"href":"https:\/\/dekkal-quincaillerie.dz\/fr\/wp-json\/wp\/v2\/types\/product"}],"wp:featuredmedia":[{"embeddable":true,"href":"https:\/\/dekkal-quincaillerie.dz\/fr\/wp-json\/wp\/v2\/media\/7570"}],"wp:attachment":[{"href":"https:\/\/dekkal-quincaillerie.dz\/fr\/wp-json\/wp\/v2\/media?parent=7567"}],"wp:term":[{"taxonomy":"product_brand","embeddable":true,"href":"https:\/\/dekkal-quincaillerie.dz\/fr\/wp-json\/wp\/v2\/product_brand?post=7567"},{"taxonomy":"product_cat","embeddable":true,"href":"https:\/\/dekkal-quincaillerie.dz\/fr\/wp-json\/wp\/v2\/product_cat?post=7567"},{"taxonomy":"product_tag","embeddable":true,"href":"https:\/\/dekkal-quincaillerie.dz\/fr\/wp-json\/wp\/v2\/product_tag?post=7567"}],"curies":[{"name":"wp","href":"https:\/\/api.w.org\/{rel}","templated":true}]}}