{"id":7549,"date":"2023-08-13T15:05:47","date_gmt":"2023-08-13T15:05:47","guid":{"rendered":"https:\/\/dekkal-quincaillerie.dz\/fr\/?post_type=product&#038;p=7549"},"modified":"2025-03-22T07:16:58","modified_gmt":"2025-03-22T07:16:58","slug":"affleureuse-paumelleuse-fraiseur-de-bord-6mm-430w-ct11020-crown","status":"publish","type":"product","link":"https:\/\/dekkal-quincaillerie.dz\/fr\/produit\/affleureuse-paumelleuse-fraiseur-de-bord-6mm-430w-ct11020-crown\/","title":{"rendered":"AFFLEUREUSE PAUMELLEUSE FRAISEUR DE BORD 6MM 430W CT11020 CROWN"},"content":{"rendered":"<h4>AFFLEUREUSE PAUMELLEUSE (FRAISEUR DE BORD) 6MM 430W CT11020 CROWN<\/h4>\n<p>&nbsp;<\/p>\n<p>Gr\u00e2ce \u00e0 l&rsquo;affleureuse CT11020 Crown vous pouvez facilement posez vos charni\u00e8res et paumelles de portes ou de meubles, r\u00e9aliser des rainures et des ar\u00eates dans du bois ou des mat\u00e9riaux l\u00e9gers. Facile d&rsquo;utilisation gr\u00e2ce \u00e0 son poids l\u00e9ger de 1.5kg et dispose d&rsquo;une pince \u00e0 fraise de 6mm.<\/p>\n<p>&nbsp;<\/p>\n","protected":false},"excerpt":{"rendered":"<p>AFFLEUREUSE PAUMELLEUSE (FRAISEUR DE BORD) 6MM 430W CT11020 CROWN &nbsp; Gr\u00e2ce \u00e0 l&rsquo;affleureuse CT11020 Crown vous pouvez facilement posez vos charni\u00e8res et paumelles de portes ou de meubles, r\u00e9aliser des rainures et des ar\u00eates dans du bois ou des mat\u00e9riaux l\u00e9gers. Facile d&rsquo;utilisation gr\u00e2ce \u00e0 son poids l\u00e9ger de 1.5kg et dispose d&rsquo;une pince \u00e0 [&hellip;]<\/p>\n","protected":false},"featured_media":7557,"template":"","meta":[],"product_brand":[1113],"product_cat":[204],"product_tag":[],"class_list":{"0":"post-7549","1":"product","2":"type-product","3":"status-publish","4":"has-post-thumbnail","6":"product_brand-crown","7":"product_cat-batiment","9":"first","10":"instock","11":"taxable","12":"shipping-taxable","13":"purchasable","14":"product-type-simple"},"yoast_head":"<!-- This site is optimized with the Yoast SEO Premium plugin v20.0 (Yoast SEO v27.6) - https:\/\/yoast.com\/product\/yoast-seo-premium-wordpress\/ -->\n<title>AFFLEUREUSE PAUMELLEUSE CT11020 CROWN - DEKKAL<\/title>\n<meta name=\"description\" content=\"AFFLEUREUSE PAUMELLEUSE 6MM 430W CT11020 CROWN - FAISESE DE BORD - DEKKAL QUINCAILLERIE - TALA-TOULMOUTS - TIZI-RACHED - TIZI-OUZOU- TEL.: 0561.79.28.59\" \/>\n<meta name=\"robots\" content=\"index, follow, max-snippet:-1, max-image-preview:large, max-video-preview:-1\" \/>\n<link rel=\"canonical\" href=\"https:\/\/dekkal-quincaillerie.dz\/fr\/produit\/affleureuse-paumelleuse-fraiseur-de-bord-6mm-430w-ct11020-crown\/\" \/>\n<script type=\"application\/ld+json\" class=\"yoast-schema-graph\">{\"@context\":\"https:\\\/\\\/schema.org\",\"@graph\":[{\"@type\":\"WebPage\",\"@id\":\"https:\\\/\\\/dekkal-quincaillerie.dz\\\/fr\\\/produit\\\/affleureuse-paumelleuse-fraiseur-de-bord-6mm-430w-ct11020-crown\\\/\",\"url\":\"https:\\\/\\\/dekkal-quincaillerie.dz\\\/fr\\\/produit\\\/affleureuse-paumelleuse-fraiseur-de-bord-6mm-430w-ct11020-crown\\\/\",\"name\":\"AFFLEUREUSE PAUMELLEUSE CT11020 CROWN - DEKKAL\",\"isPartOf\":{\"@id\":\"https:\\\/\\\/dekkal-quincaillerie.dz\\\/fr\\\/#website\"},\"primaryImageOfPage\":{\"@id\":\"https:\\\/\\\/dekkal-quincaillerie.dz\\\/fr\\\/produit\\\/affleureuse-paumelleuse-fraiseur-de-bord-6mm-430w-ct11020-crown\\\/#primaryimage\"},\"image\":{\"@id\":\"https:\\\/\\\/dekkal-quincaillerie.dz\\\/fr\\\/produit\\\/affleureuse-paumelleuse-fraiseur-de-bord-6mm-430w-ct11020-crown\\\/#primaryimage\"},\"thumbnailUrl\":\"https:\\\/\\\/dekkal-quincaillerie.dz\\\/fr\\\/wp-content\\\/uploads\\\/2023\\\/08\\\/CT11020.avif\",\"datePublished\":\"2023-08-13T15:05:47+00:00\",\"dateModified\":\"2025-03-22T07:16:58+00:00\",\"description\":\"AFFLEUREUSE PAUMELLEUSE 6MM 430W CT11020 CROWN - FAISESE DE BORD - DEKKAL QUINCAILLERIE - TALA-TOULMOUTS - TIZI-RACHED - TIZI-OUZOU- TEL.: 0561.79.28.59\",\"breadcrumb\":{\"@id\":\"https:\\\/\\\/dekkal-quincaillerie.dz\\\/fr\\\/produit\\\/affleureuse-paumelleuse-fraiseur-de-bord-6mm-430w-ct11020-crown\\\/#breadcrumb\"},\"inLanguage\":\"fr-FR\",\"potentialAction\":[{\"@type\":\"ReadAction\",\"target\":[\"https:\\\/\\\/dekkal-quincaillerie.dz\\\/fr\\\/produit\\\/affleureuse-paumelleuse-fraiseur-de-bord-6mm-430w-ct11020-crown\\\/\"]}]},{\"@type\":\"ImageObject\",\"inLanguage\":\"fr-FR\",\"@id\":\"https:\\\/\\\/dekkal-quincaillerie.dz\\\/fr\\\/produit\\\/affleureuse-paumelleuse-fraiseur-de-bord-6mm-430w-ct11020-crown\\\/#primaryimage\",\"url\":\"https:\\\/\\\/dekkal-quincaillerie.dz\\\/fr\\\/wp-content\\\/uploads\\\/2023\\\/08\\\/CT11020.avif\",\"contentUrl\":\"https:\\\/\\\/dekkal-quincaillerie.dz\\\/fr\\\/wp-content\\\/uploads\\\/2023\\\/08\\\/CT11020.avif\",\"caption\":\"AFFLEUREUSE PAUMELLEUSE (FRAISEUR DE BORD) 430W 6MM CT11020\"},{\"@type\":\"BreadcrumbList\",\"@id\":\"https:\\\/\\\/dekkal-quincaillerie.dz\\\/fr\\\/produit\\\/affleureuse-paumelleuse-fraiseur-de-bord-6mm-430w-ct11020-crown\\\/#breadcrumb\",\"itemListElement\":[{\"@type\":\"ListItem\",\"position\":1,\"name\":\"Accueil\",\"item\":\"https:\\\/\\\/dekkal-quincaillerie.dz\\\/fr\\\/\"},{\"@type\":\"ListItem\",\"position\":2,\"name\":\"Boutique\",\"item\":\"https:\\\/\\\/dekkal-quincaillerie.dz\\\/fr\\\/boutique\\\/\"},{\"@type\":\"ListItem\",\"position\":3,\"name\":\"AFFLEUREUSE PAUMELLEUSE FRAISEUR DE BORD 6MM 430W CT11020 CROWN\"}]},{\"@type\":\"WebSite\",\"@id\":\"https:\\\/\\\/dekkal-quincaillerie.dz\\\/fr\\\/#website\",\"url\":\"https:\\\/\\\/dekkal-quincaillerie.dz\\\/fr\\\/\",\"name\":\"DEKKAL\",\"description\":\"\",\"publisher\":{\"@id\":\"https:\\\/\\\/dekkal-quincaillerie.dz\\\/fr\\\/#organization\"},\"potentialAction\":[{\"@type\":\"SearchAction\",\"target\":{\"@type\":\"EntryPoint\",\"urlTemplate\":\"https:\\\/\\\/dekkal-quincaillerie.dz\\\/fr\\\/?s={search_term_string}\"},\"query-input\":{\"@type\":\"PropertyValueSpecification\",\"valueRequired\":true,\"valueName\":\"search_term_string\"}}],\"inLanguage\":\"fr-FR\"},{\"@type\":\"Organization\",\"@id\":\"https:\\\/\\\/dekkal-quincaillerie.dz\\\/fr\\\/#organization\",\"name\":\"DEKKAL QUINCAILLERIE\",\"url\":\"https:\\\/\\\/dekkal-quincaillerie.dz\\\/fr\\\/\",\"logo\":{\"@type\":\"ImageObject\",\"inLanguage\":\"fr-FR\",\"@id\":\"https:\\\/\\\/dekkal-quincaillerie.dz\\\/fr\\\/#\\\/schema\\\/logo\\\/image\\\/\",\"url\":\"https:\\\/\\\/dekkal-quincaillerie.dz\\\/fr\\\/wp-content\\\/uploads\\\/2022\\\/03\\\/image_2022-03-19_172411.png\",\"contentUrl\":\"https:\\\/\\\/dekkal-quincaillerie.dz\\\/fr\\\/wp-content\\\/uploads\\\/2022\\\/03\\\/image_2022-03-19_172411.png\",\"width\":851,\"height\":315,\"caption\":\"DEKKAL QUINCAILLERIE\"},\"image\":{\"@id\":\"https:\\\/\\\/dekkal-quincaillerie.dz\\\/fr\\\/#\\\/schema\\\/logo\\\/image\\\/\"},\"sameAs\":[\"https:\\\/\\\/www.facebook.com\\\/ets.dekkal.1\",\"https:\\\/\\\/www.instagram.com\\\/ets.dekkal\\\/\"]}]}<\/script>\n<!-- \/ Yoast SEO Premium plugin. -->","yoast_head_json":{"title":"AFFLEUREUSE PAUMELLEUSE CT11020 CROWN - DEKKAL","description":"AFFLEUREUSE PAUMELLEUSE 6MM 430W CT11020 CROWN - FAISESE DE BORD - DEKKAL QUINCAILLERIE - TALA-TOULMOUTS - TIZI-RACHED - TIZI-OUZOU- TEL.: 0561.79.28.59","robots":{"index":"index","follow":"follow","max-snippet":"max-snippet:-1","max-image-preview":"max-image-preview:large","max-video-preview":"max-video-preview:-1"},"canonical":"https:\/\/dekkal-quincaillerie.dz\/fr\/produit\/affleureuse-paumelleuse-fraiseur-de-bord-6mm-430w-ct11020-crown\/","schema":{"@context":"https:\/\/schema.org","@graph":[{"@type":"WebPage","@id":"https:\/\/dekkal-quincaillerie.dz\/fr\/produit\/affleureuse-paumelleuse-fraiseur-de-bord-6mm-430w-ct11020-crown\/","url":"https:\/\/dekkal-quincaillerie.dz\/fr\/produit\/affleureuse-paumelleuse-fraiseur-de-bord-6mm-430w-ct11020-crown\/","name":"AFFLEUREUSE PAUMELLEUSE CT11020 CROWN - DEKKAL","isPartOf":{"@id":"https:\/\/dekkal-quincaillerie.dz\/fr\/#website"},"primaryImageOfPage":{"@id":"https:\/\/dekkal-quincaillerie.dz\/fr\/produit\/affleureuse-paumelleuse-fraiseur-de-bord-6mm-430w-ct11020-crown\/#primaryimage"},"image":{"@id":"https:\/\/dekkal-quincaillerie.dz\/fr\/produit\/affleureuse-paumelleuse-fraiseur-de-bord-6mm-430w-ct11020-crown\/#primaryimage"},"thumbnailUrl":"https:\/\/dekkal-quincaillerie.dz\/fr\/wp-content\/uploads\/2023\/08\/CT11020.avif","datePublished":"2023-08-13T15:05:47+00:00","dateModified":"2025-03-22T07:16:58+00:00","description":"AFFLEUREUSE PAUMELLEUSE 6MM 430W CT11020 CROWN - FAISESE DE BORD - DEKKAL QUINCAILLERIE - TALA-TOULMOUTS - TIZI-RACHED - TIZI-OUZOU- TEL.: 0561.79.28.59","breadcrumb":{"@id":"https:\/\/dekkal-quincaillerie.dz\/fr\/produit\/affleureuse-paumelleuse-fraiseur-de-bord-6mm-430w-ct11020-crown\/#breadcrumb"},"inLanguage":"fr-FR","potentialAction":[{"@type":"ReadAction","target":["https:\/\/dekkal-quincaillerie.dz\/fr\/produit\/affleureuse-paumelleuse-fraiseur-de-bord-6mm-430w-ct11020-crown\/"]}]},{"@type":"ImageObject","inLanguage":"fr-FR","@id":"https:\/\/dekkal-quincaillerie.dz\/fr\/produit\/affleureuse-paumelleuse-fraiseur-de-bord-6mm-430w-ct11020-crown\/#primaryimage","url":"https:\/\/dekkal-quincaillerie.dz\/fr\/wp-content\/uploads\/2023\/08\/CT11020.avif","contentUrl":"https:\/\/dekkal-quincaillerie.dz\/fr\/wp-content\/uploads\/2023\/08\/CT11020.avif","caption":"AFFLEUREUSE PAUMELLEUSE (FRAISEUR DE BORD) 430W 6MM CT11020"},{"@type":"BreadcrumbList","@id":"https:\/\/dekkal-quincaillerie.dz\/fr\/produit\/affleureuse-paumelleuse-fraiseur-de-bord-6mm-430w-ct11020-crown\/#breadcrumb","itemListElement":[{"@type":"ListItem","position":1,"name":"Accueil","item":"https:\/\/dekkal-quincaillerie.dz\/fr\/"},{"@type":"ListItem","position":2,"name":"Boutique","item":"https:\/\/dekkal-quincaillerie.dz\/fr\/boutique\/"},{"@type":"ListItem","position":3,"name":"AFFLEUREUSE PAUMELLEUSE FRAISEUR DE BORD 6MM 430W CT11020 CROWN"}]},{"@type":"WebSite","@id":"https:\/\/dekkal-quincaillerie.dz\/fr\/#website","url":"https:\/\/dekkal-quincaillerie.dz\/fr\/","name":"DEKKAL","description":"","publisher":{"@id":"https:\/\/dekkal-quincaillerie.dz\/fr\/#organization"},"potentialAction":[{"@type":"SearchAction","target":{"@type":"EntryPoint","urlTemplate":"https:\/\/dekkal-quincaillerie.dz\/fr\/?s={search_term_string}"},"query-input":{"@type":"PropertyValueSpecification","valueRequired":true,"valueName":"search_term_string"}}],"inLanguage":"fr-FR"},{"@type":"Organization","@id":"https:\/\/dekkal-quincaillerie.dz\/fr\/#organization","name":"DEKKAL QUINCAILLERIE","url":"https:\/\/dekkal-quincaillerie.dz\/fr\/","logo":{"@type":"ImageObject","inLanguage":"fr-FR","@id":"https:\/\/dekkal-quincaillerie.dz\/fr\/#\/schema\/logo\/image\/","url":"https:\/\/dekkal-quincaillerie.dz\/fr\/wp-content\/uploads\/2022\/03\/image_2022-03-19_172411.png","contentUrl":"https:\/\/dekkal-quincaillerie.dz\/fr\/wp-content\/uploads\/2022\/03\/image_2022-03-19_172411.png","width":851,"height":315,"caption":"DEKKAL QUINCAILLERIE"},"image":{"@id":"https:\/\/dekkal-quincaillerie.dz\/fr\/#\/schema\/logo\/image\/"},"sameAs":["https:\/\/www.facebook.com\/ets.dekkal.1","https:\/\/www.instagram.com\/ets.dekkal\/"]}]}},"_links":{"self":[{"href":"https:\/\/dekkal-quincaillerie.dz\/fr\/wp-json\/wp\/v2\/product\/7549","targetHints":{"allow":["GET"]}}],"collection":[{"href":"https:\/\/dekkal-quincaillerie.dz\/fr\/wp-json\/wp\/v2\/product"}],"about":[{"href":"https:\/\/dekkal-quincaillerie.dz\/fr\/wp-json\/wp\/v2\/types\/product"}],"wp:featuredmedia":[{"embeddable":true,"href":"https:\/\/dekkal-quincaillerie.dz\/fr\/wp-json\/wp\/v2\/media\/7557"}],"wp:attachment":[{"href":"https:\/\/dekkal-quincaillerie.dz\/fr\/wp-json\/wp\/v2\/media?parent=7549"}],"wp:term":[{"taxonomy":"product_brand","embeddable":true,"href":"https:\/\/dekkal-quincaillerie.dz\/fr\/wp-json\/wp\/v2\/product_brand?post=7549"},{"taxonomy":"product_cat","embeddable":true,"href":"https:\/\/dekkal-quincaillerie.dz\/fr\/wp-json\/wp\/v2\/product_cat?post=7549"},{"taxonomy":"product_tag","embeddable":true,"href":"https:\/\/dekkal-quincaillerie.dz\/fr\/wp-json\/wp\/v2\/product_tag?post=7549"}],"curies":[{"name":"wp","href":"https:\/\/api.w.org\/{rel}","templated":true}]}}