{"id":7160,"date":"2023-04-29T15:16:21","date_gmt":"2023-04-29T15:16:21","guid":{"rendered":"https:\/\/dekkal-quincaillerie.dz\/fr\/?post_type=product&#038;p=7160"},"modified":"2025-07-19T14:51:38","modified_gmt":"2025-07-19T14:51:38","slug":"citerne-plastique-1300l-v-3c","status":"publish","type":"product","link":"https:\/\/dekkal-quincaillerie.dz\/fr\/produit\/citerne-plastique-1300l-v-3c\/","title":{"rendered":"CITERNE PLASTIQUE 1350L VERTICALE 8\/C"},"content":{"rendered":"<ul>\n<li>\n<h5>Citerne plastique 1350L verticale 8 couches<\/h5>\n<\/li>\n<li>Dimensions: \u00d8 87 cm \/ H 262 cm<\/li>\n<\/ul>\n","protected":false},"excerpt":{"rendered":"<p>&nbsp;<\/p>\n<h5><\/h5>\n","protected":false},"featured_media":7161,"template":"","meta":{"jetpack_post_was_ever_published":false,"jetpack_publicize_message":"","jetpack_publicize_feature_enabled":true,"jetpack_social_post_already_shared":false,"jetpack_social_options":{"image_generator_settings":{"template":"highway","default_image_id":0,"font":"","enabled":false},"version":2}},"product_brand":[],"product_cat":[1144,251],"product_tag":[1132],"class_list":{"0":"post-7160","1":"product","2":"type-product","3":"status-publish","4":"has-post-thumbnail","6":"product_cat-citerne","7":"product_cat-plomberie","8":"product_tag-citerne-plastique","10":"first","11":"onbackorder","12":"taxable","13":"shipping-taxable","14":"purchasable","15":"product-type-simple"},"yoast_head":"<!-- This site is optimized with the Yoast SEO Premium plugin v20.0 (Yoast SEO v27.3) - https:\/\/yoast.com\/product\/yoast-seo-premium-wordpress\/ -->\n<title>CITERNE PLASTIQUE 1350L VERTICALE 8\/C - DEKKAL<\/title>\n<meta name=\"robots\" content=\"index, follow, max-snippet:-1, max-image-preview:large, max-video-preview:-1\" \/>\n<link rel=\"canonical\" href=\"https:\/\/dekkal-quincaillerie.dz\/fr\/produit\/citerne-plastique-1300l-v-3c\/\" \/>\n<script type=\"application\/ld+json\" class=\"yoast-schema-graph\">{\"@context\":\"https:\\\/\\\/schema.org\",\"@graph\":[{\"@type\":\"WebPage\",\"@id\":\"https:\\\/\\\/dekkal-quincaillerie.dz\\\/fr\\\/produit\\\/citerne-plastique-1300l-v-3c\\\/\",\"url\":\"https:\\\/\\\/dekkal-quincaillerie.dz\\\/fr\\\/produit\\\/citerne-plastique-1300l-v-3c\\\/\",\"name\":\"CITERNE PLASTIQUE 1350L VERTICALE 8\\\/C - DEKKAL\",\"isPartOf\":{\"@id\":\"https:\\\/\\\/dekkal-quincaillerie.dz\\\/fr\\\/#website\"},\"primaryImageOfPage\":{\"@id\":\"https:\\\/\\\/dekkal-quincaillerie.dz\\\/fr\\\/produit\\\/citerne-plastique-1300l-v-3c\\\/#primaryimage\"},\"image\":{\"@id\":\"https:\\\/\\\/dekkal-quincaillerie.dz\\\/fr\\\/produit\\\/citerne-plastique-1300l-v-3c\\\/#primaryimage\"},\"thumbnailUrl\":\"https:\\\/\\\/dekkal-quincaillerie.dz\\\/fr\\\/wp-content\\\/uploads\\\/2023\\\/04\\\/1300L-V-2-3C-GAWA.avif\",\"datePublished\":\"2023-04-29T15:16:21+00:00\",\"dateModified\":\"2025-07-19T14:51:38+00:00\",\"breadcrumb\":{\"@id\":\"https:\\\/\\\/dekkal-quincaillerie.dz\\\/fr\\\/produit\\\/citerne-plastique-1300l-v-3c\\\/#breadcrumb\"},\"inLanguage\":\"fr-FR\",\"potentialAction\":[{\"@type\":\"ReadAction\",\"target\":[\"https:\\\/\\\/dekkal-quincaillerie.dz\\\/fr\\\/produit\\\/citerne-plastique-1300l-v-3c\\\/\"]}]},{\"@type\":\"ImageObject\",\"inLanguage\":\"fr-FR\",\"@id\":\"https:\\\/\\\/dekkal-quincaillerie.dz\\\/fr\\\/produit\\\/citerne-plastique-1300l-v-3c\\\/#primaryimage\",\"url\":\"https:\\\/\\\/dekkal-quincaillerie.dz\\\/fr\\\/wp-content\\\/uploads\\\/2023\\\/04\\\/1300L-V-2-3C-GAWA.avif\",\"contentUrl\":\"https:\\\/\\\/dekkal-quincaillerie.dz\\\/fr\\\/wp-content\\\/uploads\\\/2023\\\/04\\\/1300L-V-2-3C-GAWA.avif\",\"width\":1317,\"height\":1773},{\"@type\":\"BreadcrumbList\",\"@id\":\"https:\\\/\\\/dekkal-quincaillerie.dz\\\/fr\\\/produit\\\/citerne-plastique-1300l-v-3c\\\/#breadcrumb\",\"itemListElement\":[{\"@type\":\"ListItem\",\"position\":1,\"name\":\"Accueil\",\"item\":\"https:\\\/\\\/dekkal-quincaillerie.dz\\\/fr\\\/\"},{\"@type\":\"ListItem\",\"position\":2,\"name\":\"Boutique\",\"item\":\"https:\\\/\\\/dekkal-quincaillerie.dz\\\/fr\\\/boutique\\\/\"},{\"@type\":\"ListItem\",\"position\":3,\"name\":\"CITERNE PLASTIQUE 1350L VERTICALE 8\\\/C\"}]},{\"@type\":\"WebSite\",\"@id\":\"https:\\\/\\\/dekkal-quincaillerie.dz\\\/fr\\\/#website\",\"url\":\"https:\\\/\\\/dekkal-quincaillerie.dz\\\/fr\\\/\",\"name\":\"DEKKAL\",\"description\":\"\",\"publisher\":{\"@id\":\"https:\\\/\\\/dekkal-quincaillerie.dz\\\/fr\\\/#organization\"},\"potentialAction\":[{\"@type\":\"SearchAction\",\"target\":{\"@type\":\"EntryPoint\",\"urlTemplate\":\"https:\\\/\\\/dekkal-quincaillerie.dz\\\/fr\\\/?s={search_term_string}\"},\"query-input\":{\"@type\":\"PropertyValueSpecification\",\"valueRequired\":true,\"valueName\":\"search_term_string\"}}],\"inLanguage\":\"fr-FR\"},{\"@type\":\"Organization\",\"@id\":\"https:\\\/\\\/dekkal-quincaillerie.dz\\\/fr\\\/#organization\",\"name\":\"DEKKAL QUINCAILLERIE\",\"url\":\"https:\\\/\\\/dekkal-quincaillerie.dz\\\/fr\\\/\",\"logo\":{\"@type\":\"ImageObject\",\"inLanguage\":\"fr-FR\",\"@id\":\"https:\\\/\\\/dekkal-quincaillerie.dz\\\/fr\\\/#\\\/schema\\\/logo\\\/image\\\/\",\"url\":\"https:\\\/\\\/dekkal-quincaillerie.dz\\\/fr\\\/wp-content\\\/uploads\\\/2022\\\/03\\\/image_2022-03-19_172411.png\",\"contentUrl\":\"https:\\\/\\\/dekkal-quincaillerie.dz\\\/fr\\\/wp-content\\\/uploads\\\/2022\\\/03\\\/image_2022-03-19_172411.png\",\"width\":851,\"height\":315,\"caption\":\"DEKKAL QUINCAILLERIE\"},\"image\":{\"@id\":\"https:\\\/\\\/dekkal-quincaillerie.dz\\\/fr\\\/#\\\/schema\\\/logo\\\/image\\\/\"},\"sameAs\":[\"https:\\\/\\\/www.facebook.com\\\/ets.dekkal.1\",\"https:\\\/\\\/www.instagram.com\\\/ets.dekkal\\\/\"]}]}<\/script>\n<!-- \/ Yoast SEO Premium plugin. -->","yoast_head_json":{"title":"CITERNE PLASTIQUE 1350L VERTICALE 8\/C - DEKKAL","robots":{"index":"index","follow":"follow","max-snippet":"max-snippet:-1","max-image-preview":"max-image-preview:large","max-video-preview":"max-video-preview:-1"},"canonical":"https:\/\/dekkal-quincaillerie.dz\/fr\/produit\/citerne-plastique-1300l-v-3c\/","schema":{"@context":"https:\/\/schema.org","@graph":[{"@type":"WebPage","@id":"https:\/\/dekkal-quincaillerie.dz\/fr\/produit\/citerne-plastique-1300l-v-3c\/","url":"https:\/\/dekkal-quincaillerie.dz\/fr\/produit\/citerne-plastique-1300l-v-3c\/","name":"CITERNE PLASTIQUE 1350L VERTICALE 8\/C - DEKKAL","isPartOf":{"@id":"https:\/\/dekkal-quincaillerie.dz\/fr\/#website"},"primaryImageOfPage":{"@id":"https:\/\/dekkal-quincaillerie.dz\/fr\/produit\/citerne-plastique-1300l-v-3c\/#primaryimage"},"image":{"@id":"https:\/\/dekkal-quincaillerie.dz\/fr\/produit\/citerne-plastique-1300l-v-3c\/#primaryimage"},"thumbnailUrl":"https:\/\/dekkal-quincaillerie.dz\/fr\/wp-content\/uploads\/2023\/04\/1300L-V-2-3C-GAWA.avif","datePublished":"2023-04-29T15:16:21+00:00","dateModified":"2025-07-19T14:51:38+00:00","breadcrumb":{"@id":"https:\/\/dekkal-quincaillerie.dz\/fr\/produit\/citerne-plastique-1300l-v-3c\/#breadcrumb"},"inLanguage":"fr-FR","potentialAction":[{"@type":"ReadAction","target":["https:\/\/dekkal-quincaillerie.dz\/fr\/produit\/citerne-plastique-1300l-v-3c\/"]}]},{"@type":"ImageObject","inLanguage":"fr-FR","@id":"https:\/\/dekkal-quincaillerie.dz\/fr\/produit\/citerne-plastique-1300l-v-3c\/#primaryimage","url":"https:\/\/dekkal-quincaillerie.dz\/fr\/wp-content\/uploads\/2023\/04\/1300L-V-2-3C-GAWA.avif","contentUrl":"https:\/\/dekkal-quincaillerie.dz\/fr\/wp-content\/uploads\/2023\/04\/1300L-V-2-3C-GAWA.avif","width":1317,"height":1773},{"@type":"BreadcrumbList","@id":"https:\/\/dekkal-quincaillerie.dz\/fr\/produit\/citerne-plastique-1300l-v-3c\/#breadcrumb","itemListElement":[{"@type":"ListItem","position":1,"name":"Accueil","item":"https:\/\/dekkal-quincaillerie.dz\/fr\/"},{"@type":"ListItem","position":2,"name":"Boutique","item":"https:\/\/dekkal-quincaillerie.dz\/fr\/boutique\/"},{"@type":"ListItem","position":3,"name":"CITERNE PLASTIQUE 1350L VERTICALE 8\/C"}]},{"@type":"WebSite","@id":"https:\/\/dekkal-quincaillerie.dz\/fr\/#website","url":"https:\/\/dekkal-quincaillerie.dz\/fr\/","name":"DEKKAL","description":"","publisher":{"@id":"https:\/\/dekkal-quincaillerie.dz\/fr\/#organization"},"potentialAction":[{"@type":"SearchAction","target":{"@type":"EntryPoint","urlTemplate":"https:\/\/dekkal-quincaillerie.dz\/fr\/?s={search_term_string}"},"query-input":{"@type":"PropertyValueSpecification","valueRequired":true,"valueName":"search_term_string"}}],"inLanguage":"fr-FR"},{"@type":"Organization","@id":"https:\/\/dekkal-quincaillerie.dz\/fr\/#organization","name":"DEKKAL QUINCAILLERIE","url":"https:\/\/dekkal-quincaillerie.dz\/fr\/","logo":{"@type":"ImageObject","inLanguage":"fr-FR","@id":"https:\/\/dekkal-quincaillerie.dz\/fr\/#\/schema\/logo\/image\/","url":"https:\/\/dekkal-quincaillerie.dz\/fr\/wp-content\/uploads\/2022\/03\/image_2022-03-19_172411.png","contentUrl":"https:\/\/dekkal-quincaillerie.dz\/fr\/wp-content\/uploads\/2022\/03\/image_2022-03-19_172411.png","width":851,"height":315,"caption":"DEKKAL QUINCAILLERIE"},"image":{"@id":"https:\/\/dekkal-quincaillerie.dz\/fr\/#\/schema\/logo\/image\/"},"sameAs":["https:\/\/www.facebook.com\/ets.dekkal.1","https:\/\/www.instagram.com\/ets.dekkal\/"]}]}},"jetpack_publicize_connections":[],"jetpack-related-posts":[{"id":7469,"url":"https:\/\/dekkal-quincaillerie.dz\/fr\/produit\/citerne-plastique-1000l-verticale-3-c\/","url_meta":{"origin":7160,"position":0},"title":"CITERNE PLASTIQUE 1000L VERTICALE 3 COUCHES","author":"webmaster","date":"juillet 6, 2023","format":false,"excerpt":"CITERNE PLASTIQUE 1000L VERTICALE 3 COUCHES Dimensions: \u00d8 89 cm \/ H: 202 cm \u00a0","rel":"","context":"Article similaire","block_context":{"text":"Article similaire","link":""},"img":{"alt_text":"citerne plastique 1000L verticale","src":"https:\/\/dekkal-quincaillerie.dz\/fr\/wp-content\/uploads\/2023\/04\/1000L-V-2-3C-VITA-MS-ILY-GAWA.avif","width":350,"height":200,"srcset":"https:\/\/dekkal-quincaillerie.dz\/fr\/wp-content\/uploads\/2023\/04\/1000L-V-2-3C-VITA-MS-ILY-GAWA.avif 1x, https:\/\/dekkal-quincaillerie.dz\/fr\/wp-content\/uploads\/2023\/04\/1000L-V-2-3C-VITA-MS-ILY-GAWA.avif 1.5x, https:\/\/dekkal-quincaillerie.dz\/fr\/wp-content\/uploads\/2023\/04\/1000L-V-2-3C-VITA-MS-ILY-GAWA.avif 2x, https:\/\/dekkal-quincaillerie.dz\/fr\/wp-content\/uploads\/2023\/04\/1000L-V-2-3C-VITA-MS-ILY-GAWA.avif 3x"},"classes":[]},{"id":7022,"url":"https:\/\/dekkal-quincaillerie.dz\/fr\/produit\/citerne-plastique-1000l-v-5c\/","url_meta":{"origin":7160,"position":1},"title":"CITERNE PLASTIQUE 1000L VERTICALE 5 COUCHES","author":"webmaster","date":"avril 5, 2023","format":false,"excerpt":"\u00a0 \u00a0","rel":"","context":"Article similaire","block_context":{"text":"Article similaire","link":""},"img":{"alt_text":"","src":"https:\/\/dekkal-quincaillerie.dz\/fr\/wp-content\/uploads\/2023\/04\/1000L-V-5C-HB.avif","width":350,"height":200,"srcset":"https:\/\/dekkal-quincaillerie.dz\/fr\/wp-content\/uploads\/2023\/04\/1000L-V-5C-HB.avif 1x, https:\/\/dekkal-quincaillerie.dz\/fr\/wp-content\/uploads\/2023\/04\/1000L-V-5C-HB.avif 1.5x, https:\/\/dekkal-quincaillerie.dz\/fr\/wp-content\/uploads\/2023\/04\/1000L-V-5C-HB.avif 2x, https:\/\/dekkal-quincaillerie.dz\/fr\/wp-content\/uploads\/2023\/04\/1000L-V-5C-HB.avif 3x"},"classes":[]},{"id":7165,"url":"https:\/\/dekkal-quincaillerie.dz\/fr\/produit\/citerne-2000l-v-5c\/","url_meta":{"origin":7160,"position":2},"title":"CITERNE PLASTIQUE 2000L VERTICALE 5\/C","author":"webmaster","date":"avril 29, 2023","format":false,"excerpt":"Citerne plastique 2000L verticale 3 couches, dimensions \u00d8 128CM \/ H 163CM.","rel":"","context":"Article similaire","block_context":{"text":"Article similaire","link":""},"img":{"alt_text":"","src":"https:\/\/dekkal-quincaillerie.dz\/fr\/wp-content\/uploads\/2023\/04\/2000L-V-5C-HB.avif","width":350,"height":200,"srcset":"https:\/\/dekkal-quincaillerie.dz\/fr\/wp-content\/uploads\/2023\/04\/2000L-V-5C-HB.avif 1x, https:\/\/dekkal-quincaillerie.dz\/fr\/wp-content\/uploads\/2023\/04\/2000L-V-5C-HB.avif 1.5x, https:\/\/dekkal-quincaillerie.dz\/fr\/wp-content\/uploads\/2023\/04\/2000L-V-5C-HB.avif 2x, https:\/\/dekkal-quincaillerie.dz\/fr\/wp-content\/uploads\/2023\/04\/2000L-V-5C-HB.avif 3x, https:\/\/dekkal-quincaillerie.dz\/fr\/wp-content\/uploads\/2023\/04\/2000L-V-5C-HB.avif 4x"},"classes":[]},{"id":7030,"url":"https:\/\/dekkal-quincaillerie.dz\/fr\/produit\/citerne-plastique-500l-v-2c\/","url_meta":{"origin":7160,"position":3},"title":"CITERNE PLASTIQUE 500L VERTICALE 2\/C","author":"webmaster","date":"avril 5, 2023","format":false,"excerpt":"Citerne plastique 500L verticale 2 couches VITA \u2205 68.6cm H 147cm Citerne plastique 500L verticale 2 couches ILYA \u2205 61cm H 196cm. Citerne plastique 500L verticale 2 couches HB \u2205 63cm H 198cm. Citerne plastique 500L verticale 2 couches VITA \u2205 88.7cm H 93.1cm Citerne plastique 500L verticale 2 couches\u2026","rel":"","context":"Article similaire","block_context":{"text":"Article similaire","link":""},"img":{"alt_text":"","src":"https:\/\/dekkal-quincaillerie.dz\/fr\/wp-content\/uploads\/2023\/04\/500L-V-2C-1.avif","width":350,"height":200,"srcset":"https:\/\/dekkal-quincaillerie.dz\/fr\/wp-content\/uploads\/2023\/04\/500L-V-2C-1.avif 1x, https:\/\/dekkal-quincaillerie.dz\/fr\/wp-content\/uploads\/2023\/04\/500L-V-2C-1.avif 1.5x, https:\/\/dekkal-quincaillerie.dz\/fr\/wp-content\/uploads\/2023\/04\/500L-V-2C-1.avif 2x"},"classes":[]},{"id":7154,"url":"https:\/\/dekkal-quincaillerie.dz\/fr\/produit\/citerne-plastique-1000l-v-2c\/","url_meta":{"origin":7160,"position":4},"title":"CITERNE PLASTIQUE 1000L VERTICALE 2 COUCHES","author":"webmaster","date":"avril 29, 2023","format":false,"excerpt":"\ud83d\udca7 Citerne plastique 1000L verticale 2 couches \u2013 Compacte, robuste et id\u00e9ale pour le stockage La citerne plastique 1000L verticale\u00a0est la solution parfaite pour le stockage d\u2019eau ou de liquides non corrosifs en toute s\u00e9curit\u00e9. Sa forme verticale permet un gain de place consid\u00e9rable, tout en offrant une capacit\u00e9 importante\u2026","rel":"","context":"Article similaire","block_context":{"text":"Article similaire","link":""},"img":{"alt_text":"citerne plastique 1000L verticale","src":"https:\/\/dekkal-quincaillerie.dz\/fr\/wp-content\/uploads\/2023\/04\/1000L-V-2-3C-VITA-MS-ILY-GAWA.avif","width":350,"height":200,"srcset":"https:\/\/dekkal-quincaillerie.dz\/fr\/wp-content\/uploads\/2023\/04\/1000L-V-2-3C-VITA-MS-ILY-GAWA.avif 1x, https:\/\/dekkal-quincaillerie.dz\/fr\/wp-content\/uploads\/2023\/04\/1000L-V-2-3C-VITA-MS-ILY-GAWA.avif 1.5x, https:\/\/dekkal-quincaillerie.dz\/fr\/wp-content\/uploads\/2023\/04\/1000L-V-2-3C-VITA-MS-ILY-GAWA.avif 2x, https:\/\/dekkal-quincaillerie.dz\/fr\/wp-content\/uploads\/2023\/04\/1000L-V-2-3C-VITA-MS-ILY-GAWA.avif 3x"},"classes":[]},{"id":7010,"url":"https:\/\/dekkal-quincaillerie.dz\/fr\/produit\/citerne-plastique-alimentaire-600l-verticale\/","url_meta":{"origin":7160,"position":5},"title":"CITERNE PLASTIQUE 600L VERTICALE 2\/C","author":"webmaster","date":"avril 3, 2023","format":false,"excerpt":"\u00a0 Citerne plastique 600L vertical 2 couches, dimensions \u2205 66cm\/ H 218cm. \u00a0","rel":"","context":"Article similaire","block_context":{"text":"Article similaire","link":""},"img":{"alt_text":"","src":"https:\/\/dekkal-quincaillerie.dz\/fr\/wp-content\/uploads\/2023\/04\/600L-V-2-3C.avif","width":350,"height":200,"srcset":"https:\/\/dekkal-quincaillerie.dz\/fr\/wp-content\/uploads\/2023\/04\/600L-V-2-3C.avif 1x, https:\/\/dekkal-quincaillerie.dz\/fr\/wp-content\/uploads\/2023\/04\/600L-V-2-3C.avif 1.5x, https:\/\/dekkal-quincaillerie.dz\/fr\/wp-content\/uploads\/2023\/04\/600L-V-2-3C.avif 2x, https:\/\/dekkal-quincaillerie.dz\/fr\/wp-content\/uploads\/2023\/04\/600L-V-2-3C.avif 3x"},"classes":[]}],"jetpack_likes_enabled":true,"jetpack_sharing_enabled":true,"_links":{"self":[{"href":"https:\/\/dekkal-quincaillerie.dz\/fr\/wp-json\/wp\/v2\/product\/7160","targetHints":{"allow":["GET"]}}],"collection":[{"href":"https:\/\/dekkal-quincaillerie.dz\/fr\/wp-json\/wp\/v2\/product"}],"about":[{"href":"https:\/\/dekkal-quincaillerie.dz\/fr\/wp-json\/wp\/v2\/types\/product"}],"wp:featuredmedia":[{"embeddable":true,"href":"https:\/\/dekkal-quincaillerie.dz\/fr\/wp-json\/wp\/v2\/media\/7161"}],"wp:attachment":[{"href":"https:\/\/dekkal-quincaillerie.dz\/fr\/wp-json\/wp\/v2\/media?parent=7160"}],"wp:term":[{"taxonomy":"product_brand","embeddable":true,"href":"https:\/\/dekkal-quincaillerie.dz\/fr\/wp-json\/wp\/v2\/product_brand?post=7160"},{"taxonomy":"product_cat","embeddable":true,"href":"https:\/\/dekkal-quincaillerie.dz\/fr\/wp-json\/wp\/v2\/product_cat?post=7160"},{"taxonomy":"product_tag","embeddable":true,"href":"https:\/\/dekkal-quincaillerie.dz\/fr\/wp-json\/wp\/v2\/product_tag?post=7160"}],"curies":[{"name":"wp","href":"https:\/\/api.w.org\/{rel}","templated":true}]}}