{"id":7101,"date":"2023-04-19T13:21:49","date_gmt":"2023-04-19T13:21:49","guid":{"rendered":"https:\/\/dekkal-quincaillerie.dz\/fr\/?post_type=product&#038;p=7101"},"modified":"2025-03-22T07:16:54","modified_gmt":"2025-03-22T07:16:54","slug":"pistolet-de-peinture-electrique-650w-spray-gun","status":"publish","type":"product","link":"https:\/\/dekkal-quincaillerie.dz\/fr\/produit\/pistolet-de-peinture-electrique-650w-spray-gun\/","title":{"rendered":"PISTOLET DE PEINTURE ELECTRIQUE 650W SPRAY GUN"},"content":{"rendered":"<h5>Le pistolet de peinture SPRAY GUN<\/h5>\n<ul>\n<li>Une buse multidirectionnelle intelligente \u00e0 360 degr\u00e9s vous donne le choix de pulv\u00e9riser horizontalement ou verticalement, sans gouttes ni d\u00e9versements.<\/li>\n<li>Le pulv\u00e9risateur de peinture SPRAY GUN travaille avec plus qu&rsquo;une simple \u00e9mulsion. vous pouvez l&rsquo;utiliser dans les vernis, les scellants pour bois, les appr\u00eats, les pesticides, la peinture acrylique, la peinture pour radiateur, l&rsquo;entretien du bois.<\/li>\n<\/ul>\n","protected":false},"excerpt":{"rendered":"<p>&nbsp;<\/p>\n<p>&nbsp;<\/p>\n","protected":false},"featured_media":7103,"template":"","meta":{"jetpack_post_was_ever_published":false,"jetpack_publicize_message":"","jetpack_publicize_feature_enabled":true,"jetpack_social_post_already_shared":false,"jetpack_social_options":{"image_generator_settings":{"template":"highway","default_image_id":0,"font":"","enabled":false},"version":2}},"product_brand":[],"product_cat":[236],"product_tag":[1139,1141],"class_list":{"0":"post-7101","1":"product","2":"type-product","3":"status-publish","4":"has-post-thumbnail","6":"product_cat-peinture","7":"product_tag-pistolet-de-peinture","8":"product_tag-pistolet-electrique","10":"first","11":"instock","12":"taxable","13":"shipping-taxable","14":"purchasable","15":"product-type-simple"},"yoast_head":"<!-- This site is optimized with the Yoast SEO Premium plugin v20.0 (Yoast SEO v27.3) - https:\/\/yoast.com\/product\/yoast-seo-premium-wordpress\/ -->\n<title>PISTOLET DE PEINTURE ELECTRIQUE 650W SPRAY GUN - DEKKAL<\/title>\n<meta name=\"description\" content=\"Le pulv\u00e9risateur de peinture SPRAY GUN travaille avec plus qu&#039;une simple \u00e9mulsion. vous pouvez l&#039;utiliser dans les vernis, les scellants pour bois, les appr\u00eats, les pesticides, la peinture acrylique, la peinture pour radiateur, l&#039;entretien du bois.\" \/>\n<meta name=\"robots\" content=\"index, follow, max-snippet:-1, max-image-preview:large, max-video-preview:-1\" \/>\n<link rel=\"canonical\" href=\"https:\/\/dekkal-quincaillerie.dz\/fr\/produit\/pistolet-de-peinture-electrique-650w-spray-gun\/\" \/>\n<script type=\"application\/ld+json\" class=\"yoast-schema-graph\">{\"@context\":\"https:\\\/\\\/schema.org\",\"@graph\":[{\"@type\":\"WebPage\",\"@id\":\"https:\\\/\\\/dekkal-quincaillerie.dz\\\/fr\\\/produit\\\/pistolet-de-peinture-electrique-650w-spray-gun\\\/\",\"url\":\"https:\\\/\\\/dekkal-quincaillerie.dz\\\/fr\\\/produit\\\/pistolet-de-peinture-electrique-650w-spray-gun\\\/\",\"name\":\"PISTOLET DE PEINTURE ELECTRIQUE 650W SPRAY GUN - DEKKAL\",\"isPartOf\":{\"@id\":\"https:\\\/\\\/dekkal-quincaillerie.dz\\\/fr\\\/#website\"},\"primaryImageOfPage\":{\"@id\":\"https:\\\/\\\/dekkal-quincaillerie.dz\\\/fr\\\/produit\\\/pistolet-de-peinture-electrique-650w-spray-gun\\\/#primaryimage\"},\"image\":{\"@id\":\"https:\\\/\\\/dekkal-quincaillerie.dz\\\/fr\\\/produit\\\/pistolet-de-peinture-electrique-650w-spray-gun\\\/#primaryimage\"},\"thumbnailUrl\":\"https:\\\/\\\/dekkal-quincaillerie.dz\\\/fr\\\/wp-content\\\/uploads\\\/2023\\\/04\\\/PISTOLET-ELECTR-SPRAY-GUN.avif\",\"datePublished\":\"2023-04-19T13:21:49+00:00\",\"dateModified\":\"2025-03-22T07:16:54+00:00\",\"description\":\"Le pulv\u00e9risateur de peinture SPRAY GUN travaille avec plus qu'une simple \u00e9mulsion. vous pouvez l'utiliser dans les vernis, les scellants pour bois, les appr\u00eats, les pesticides, la peinture acrylique, la peinture pour radiateur, l'entretien du bois.\",\"breadcrumb\":{\"@id\":\"https:\\\/\\\/dekkal-quincaillerie.dz\\\/fr\\\/produit\\\/pistolet-de-peinture-electrique-650w-spray-gun\\\/#breadcrumb\"},\"inLanguage\":\"fr-FR\",\"potentialAction\":[{\"@type\":\"ReadAction\",\"target\":[\"https:\\\/\\\/dekkal-quincaillerie.dz\\\/fr\\\/produit\\\/pistolet-de-peinture-electrique-650w-spray-gun\\\/\"]}]},{\"@type\":\"ImageObject\",\"inLanguage\":\"fr-FR\",\"@id\":\"https:\\\/\\\/dekkal-quincaillerie.dz\\\/fr\\\/produit\\\/pistolet-de-peinture-electrique-650w-spray-gun\\\/#primaryimage\",\"url\":\"https:\\\/\\\/dekkal-quincaillerie.dz\\\/fr\\\/wp-content\\\/uploads\\\/2023\\\/04\\\/PISTOLET-ELECTR-SPRAY-GUN.avif\",\"contentUrl\":\"https:\\\/\\\/dekkal-quincaillerie.dz\\\/fr\\\/wp-content\\\/uploads\\\/2023\\\/04\\\/PISTOLET-ELECTR-SPRAY-GUN.avif\",\"width\":1486,\"height\":1812},{\"@type\":\"BreadcrumbList\",\"@id\":\"https:\\\/\\\/dekkal-quincaillerie.dz\\\/fr\\\/produit\\\/pistolet-de-peinture-electrique-650w-spray-gun\\\/#breadcrumb\",\"itemListElement\":[{\"@type\":\"ListItem\",\"position\":1,\"name\":\"Accueil\",\"item\":\"https:\\\/\\\/dekkal-quincaillerie.dz\\\/fr\\\/\"},{\"@type\":\"ListItem\",\"position\":2,\"name\":\"Boutique\",\"item\":\"https:\\\/\\\/dekkal-quincaillerie.dz\\\/fr\\\/boutique\\\/\"},{\"@type\":\"ListItem\",\"position\":3,\"name\":\"PISTOLET DE PEINTURE ELECTRIQUE 650W SPRAY GUN\"}]},{\"@type\":\"WebSite\",\"@id\":\"https:\\\/\\\/dekkal-quincaillerie.dz\\\/fr\\\/#website\",\"url\":\"https:\\\/\\\/dekkal-quincaillerie.dz\\\/fr\\\/\",\"name\":\"DEKKAL\",\"description\":\"\",\"publisher\":{\"@id\":\"https:\\\/\\\/dekkal-quincaillerie.dz\\\/fr\\\/#organization\"},\"potentialAction\":[{\"@type\":\"SearchAction\",\"target\":{\"@type\":\"EntryPoint\",\"urlTemplate\":\"https:\\\/\\\/dekkal-quincaillerie.dz\\\/fr\\\/?s={search_term_string}\"},\"query-input\":{\"@type\":\"PropertyValueSpecification\",\"valueRequired\":true,\"valueName\":\"search_term_string\"}}],\"inLanguage\":\"fr-FR\"},{\"@type\":\"Organization\",\"@id\":\"https:\\\/\\\/dekkal-quincaillerie.dz\\\/fr\\\/#organization\",\"name\":\"DEKKAL QUINCAILLERIE\",\"url\":\"https:\\\/\\\/dekkal-quincaillerie.dz\\\/fr\\\/\",\"logo\":{\"@type\":\"ImageObject\",\"inLanguage\":\"fr-FR\",\"@id\":\"https:\\\/\\\/dekkal-quincaillerie.dz\\\/fr\\\/#\\\/schema\\\/logo\\\/image\\\/\",\"url\":\"https:\\\/\\\/dekkal-quincaillerie.dz\\\/fr\\\/wp-content\\\/uploads\\\/2022\\\/03\\\/image_2022-03-19_172411.png\",\"contentUrl\":\"https:\\\/\\\/dekkal-quincaillerie.dz\\\/fr\\\/wp-content\\\/uploads\\\/2022\\\/03\\\/image_2022-03-19_172411.png\",\"width\":851,\"height\":315,\"caption\":\"DEKKAL QUINCAILLERIE\"},\"image\":{\"@id\":\"https:\\\/\\\/dekkal-quincaillerie.dz\\\/fr\\\/#\\\/schema\\\/logo\\\/image\\\/\"},\"sameAs\":[\"https:\\\/\\\/www.facebook.com\\\/ets.dekkal.1\",\"https:\\\/\\\/www.instagram.com\\\/ets.dekkal\\\/\"]}]}<\/script>\n<!-- \/ Yoast SEO Premium plugin. -->","yoast_head_json":{"title":"PISTOLET DE PEINTURE ELECTRIQUE 650W SPRAY GUN - DEKKAL","description":"Le pulv\u00e9risateur de peinture SPRAY GUN travaille avec plus qu'une simple \u00e9mulsion. vous pouvez l'utiliser dans les vernis, les scellants pour bois, les appr\u00eats, les pesticides, la peinture acrylique, la peinture pour radiateur, l'entretien du bois.","robots":{"index":"index","follow":"follow","max-snippet":"max-snippet:-1","max-image-preview":"max-image-preview:large","max-video-preview":"max-video-preview:-1"},"canonical":"https:\/\/dekkal-quincaillerie.dz\/fr\/produit\/pistolet-de-peinture-electrique-650w-spray-gun\/","schema":{"@context":"https:\/\/schema.org","@graph":[{"@type":"WebPage","@id":"https:\/\/dekkal-quincaillerie.dz\/fr\/produit\/pistolet-de-peinture-electrique-650w-spray-gun\/","url":"https:\/\/dekkal-quincaillerie.dz\/fr\/produit\/pistolet-de-peinture-electrique-650w-spray-gun\/","name":"PISTOLET DE PEINTURE ELECTRIQUE 650W SPRAY GUN - DEKKAL","isPartOf":{"@id":"https:\/\/dekkal-quincaillerie.dz\/fr\/#website"},"primaryImageOfPage":{"@id":"https:\/\/dekkal-quincaillerie.dz\/fr\/produit\/pistolet-de-peinture-electrique-650w-spray-gun\/#primaryimage"},"image":{"@id":"https:\/\/dekkal-quincaillerie.dz\/fr\/produit\/pistolet-de-peinture-electrique-650w-spray-gun\/#primaryimage"},"thumbnailUrl":"https:\/\/dekkal-quincaillerie.dz\/fr\/wp-content\/uploads\/2023\/04\/PISTOLET-ELECTR-SPRAY-GUN.avif","datePublished":"2023-04-19T13:21:49+00:00","dateModified":"2025-03-22T07:16:54+00:00","description":"Le pulv\u00e9risateur de peinture SPRAY GUN travaille avec plus qu'une simple \u00e9mulsion. vous pouvez l'utiliser dans les vernis, les scellants pour bois, les appr\u00eats, les pesticides, la peinture acrylique, la peinture pour radiateur, l'entretien du bois.","breadcrumb":{"@id":"https:\/\/dekkal-quincaillerie.dz\/fr\/produit\/pistolet-de-peinture-electrique-650w-spray-gun\/#breadcrumb"},"inLanguage":"fr-FR","potentialAction":[{"@type":"ReadAction","target":["https:\/\/dekkal-quincaillerie.dz\/fr\/produit\/pistolet-de-peinture-electrique-650w-spray-gun\/"]}]},{"@type":"ImageObject","inLanguage":"fr-FR","@id":"https:\/\/dekkal-quincaillerie.dz\/fr\/produit\/pistolet-de-peinture-electrique-650w-spray-gun\/#primaryimage","url":"https:\/\/dekkal-quincaillerie.dz\/fr\/wp-content\/uploads\/2023\/04\/PISTOLET-ELECTR-SPRAY-GUN.avif","contentUrl":"https:\/\/dekkal-quincaillerie.dz\/fr\/wp-content\/uploads\/2023\/04\/PISTOLET-ELECTR-SPRAY-GUN.avif","width":1486,"height":1812},{"@type":"BreadcrumbList","@id":"https:\/\/dekkal-quincaillerie.dz\/fr\/produit\/pistolet-de-peinture-electrique-650w-spray-gun\/#breadcrumb","itemListElement":[{"@type":"ListItem","position":1,"name":"Accueil","item":"https:\/\/dekkal-quincaillerie.dz\/fr\/"},{"@type":"ListItem","position":2,"name":"Boutique","item":"https:\/\/dekkal-quincaillerie.dz\/fr\/boutique\/"},{"@type":"ListItem","position":3,"name":"PISTOLET DE PEINTURE ELECTRIQUE 650W SPRAY GUN"}]},{"@type":"WebSite","@id":"https:\/\/dekkal-quincaillerie.dz\/fr\/#website","url":"https:\/\/dekkal-quincaillerie.dz\/fr\/","name":"DEKKAL","description":"","publisher":{"@id":"https:\/\/dekkal-quincaillerie.dz\/fr\/#organization"},"potentialAction":[{"@type":"SearchAction","target":{"@type":"EntryPoint","urlTemplate":"https:\/\/dekkal-quincaillerie.dz\/fr\/?s={search_term_string}"},"query-input":{"@type":"PropertyValueSpecification","valueRequired":true,"valueName":"search_term_string"}}],"inLanguage":"fr-FR"},{"@type":"Organization","@id":"https:\/\/dekkal-quincaillerie.dz\/fr\/#organization","name":"DEKKAL QUINCAILLERIE","url":"https:\/\/dekkal-quincaillerie.dz\/fr\/","logo":{"@type":"ImageObject","inLanguage":"fr-FR","@id":"https:\/\/dekkal-quincaillerie.dz\/fr\/#\/schema\/logo\/image\/","url":"https:\/\/dekkal-quincaillerie.dz\/fr\/wp-content\/uploads\/2022\/03\/image_2022-03-19_172411.png","contentUrl":"https:\/\/dekkal-quincaillerie.dz\/fr\/wp-content\/uploads\/2022\/03\/image_2022-03-19_172411.png","width":851,"height":315,"caption":"DEKKAL QUINCAILLERIE"},"image":{"@id":"https:\/\/dekkal-quincaillerie.dz\/fr\/#\/schema\/logo\/image\/"},"sameAs":["https:\/\/www.facebook.com\/ets.dekkal.1","https:\/\/www.instagram.com\/ets.dekkal\/"]}]}},"jetpack_publicize_connections":[],"jetpack-related-posts":[{"id":8923,"url":"https:\/\/dekkal-quincaillerie.dz\/fr\/produit\/peinture-en-spray-rouge-400ml-acryl-sp-10\/","url_meta":{"origin":7101,"position":0},"title":"PEINTURE EN SPRAY ROUGE 400ML ACRYL+ SP-10","author":"webmaster","date":"ao\u00fbt 20, 2024","format":false,"excerpt":"PEINTURE EN SPRAY ROUGE 400ML ACRYL+ SP-10 \u00a0 La\u00a0PEINTURE EN SPRAY ROUGE \u00a0est une solution id\u00e9ale pour tous vos besoins de peinture, que ce soit pour des projets de bricolage \u00e0 domicile ou des applications professionnelles. Ce produit se distingue par ses caract\u00e9ristiques exceptionnelles, son utilit\u00e9 polyvalente et sa puissance\u2026","rel":"","context":"Article similaire","block_context":{"text":"Article similaire","link":""},"img":{"alt_text":"PEINTURE EN SPRAY NOIRE","src":"https:\/\/dekkal-quincaillerie.dz\/fr\/wp-content\/uploads\/2024\/08\/WhatsApp-Image-2024-08-20-at-13.07.18.avif","width":350,"height":200,"srcset":"https:\/\/dekkal-quincaillerie.dz\/fr\/wp-content\/uploads\/2024\/08\/WhatsApp-Image-2024-08-20-at-13.07.18.avif 1x, https:\/\/dekkal-quincaillerie.dz\/fr\/wp-content\/uploads\/2024\/08\/WhatsApp-Image-2024-08-20-at-13.07.18.avif 1.5x, https:\/\/dekkal-quincaillerie.dz\/fr\/wp-content\/uploads\/2024\/08\/WhatsApp-Image-2024-08-20-at-13.07.18.avif 2x"},"classes":[]},{"id":12510,"url":"https:\/\/dekkal-quincaillerie.dz\/fr\/produit\/decapant-peinture-spray-swab-400ml-algerie\/","url_meta":{"origin":7101,"position":1},"title":"DECAPANT EN SPRAY 400ML SWAB","author":"webmaster","date":"juillet 6, 2025","format":false,"excerpt":"D\u00e9capant peinture haute performance pour toutes surfaces Le d\u00e9capant de peinture en spray 400ml SWAB est le produit indispensable pour r\u00e9ussir vos travaux de r\u00e9novation, de restauration ou de bricolage. Gr\u00e2ce \u00e0 sa formule puissante, il agit rapidement pour ramollir et d\u00e9coller les anciennes couches de peinture sans ab\u00eemer les\u2026","rel":"","context":"Article similaire","block_context":{"text":"Article similaire","link":""},"img":{"alt_text":"d\u00e9capant de peinture en spray SWAB 400 ml \u2013 Pour bois, m\u00e9tal, plastique et plus","src":"https:\/\/dekkal-quincaillerie.dz\/fr\/wp-content\/uploads\/2025\/07\/1000035385.avif","width":350,"height":200},"classes":[]},{"id":8695,"url":"https:\/\/dekkal-quincaillerie.dz\/fr\/produit\/pistolet-de-peinture-o-1-5m-hd-s16304-gshonda\/","url_meta":{"origin":7101,"position":2},"title":"PISTOLET DE PEINTURE \u00d8 1.5M HD-S16304 GSHONDA","author":"webmaster","date":"juillet 1, 2024","format":false,"excerpt":"PISTOLET DE PEINTURE \u00d8 1.5M HD-S16304 GSHONDA \u00a0 PISTOLET DE PEINTURE \u00d8 1.5M HD-S16304 GSHONDA\u00a0est un outil polyvalent con\u00e7u pour les professionnels et les amateurs de bricolage. Avec sa conception ergonomique et sa poign\u00e9e antid\u00e9rapante, il offre une prise en main confortable et s\u00e9curis\u00e9e, m\u00eame lors d\u2019une utilisation prolong\u00e9e. Que\u2026","rel":"","context":"Article similaire","block_context":{"text":"Article similaire","link":""},"img":{"alt_text":"PISTOLET DE PEINTURE \u00d8 1.5M HD-S16304 GSHONDA","src":"https:\/\/dekkal-quincaillerie.dz\/fr\/wp-content\/uploads\/2024\/06\/image_viber_2024-06-27_16-24-20-149.avif","width":350,"height":200,"srcset":"https:\/\/dekkal-quincaillerie.dz\/fr\/wp-content\/uploads\/2024\/06\/image_viber_2024-06-27_16-24-20-149.avif 1x, https:\/\/dekkal-quincaillerie.dz\/fr\/wp-content\/uploads\/2024\/06\/image_viber_2024-06-27_16-24-20-149.avif 1.5x, https:\/\/dekkal-quincaillerie.dz\/fr\/wp-content\/uploads\/2024\/06\/image_viber_2024-06-27_16-24-20-149.avif 2x, https:\/\/dekkal-quincaillerie.dz\/fr\/wp-content\/uploads\/2024\/06\/image_viber_2024-06-27_16-24-20-149.avif 3x"},"classes":[]},{"id":4595,"url":"https:\/\/dekkal-quincaillerie.dz\/fr\/produit\/pistolet-de-peinture-pneumatique-crown-ct38056\/","url_meta":{"origin":7101,"position":3},"title":"PISTOLET DE PEINTURE PNEUMATIQUE 1.5 MM 600 ML CT38056 CROWN","author":"admin","date":"mars 19, 2022","format":false,"excerpt":"Pistolet de peinture pneumatique 1.5 MM 600 ML CT38056 CROWN \u00a0 Le\u00a0pistolet de peinture\u00a0est un outil essentiel pour les projets de peinture, qu\u2019ils soient petits ou grands. Sa conception ergonomique et sa poign\u00e9e antid\u00e9rapante offrent un confort optimal lors de son utilisation. Gr\u00e2ce \u00e0 sa capacit\u00e9 de pulv\u00e9risation uniforme, il\u2026","rel":"","context":"Article similaire","block_context":{"text":"Article similaire","link":""},"img":{"alt_text":"pistolet de peinture","src":"https:\/\/dekkal-quincaillerie.dz\/fr\/wp-content\/uploads\/2022\/03\/CT38056.avif","width":350,"height":200,"srcset":"https:\/\/dekkal-quincaillerie.dz\/fr\/wp-content\/uploads\/2022\/03\/CT38056.avif 1x, https:\/\/dekkal-quincaillerie.dz\/fr\/wp-content\/uploads\/2022\/03\/CT38056.avif 1.5x"},"classes":[]},{"id":8930,"url":"https:\/\/dekkal-quincaillerie.dz\/fr\/produit\/peinture-en-spray-silver-metalic-400ml-spraytec\/","url_meta":{"origin":7101,"position":4},"title":"PEINTURE EN SPRAY SILVER METALIC 400ML SPRAYTEC","author":"dekkal","date":"octobre 5, 2024","format":false,"excerpt":"PEINTURE EN SPRAY SILVER METALIC 400ML SPRAYTEC \u00a0 La\u00a0PEINTURE EN SPRAY SILVER METALIC 400ML SPRAYTEC\u00a0est une solution id\u00e9ale pour tous vos besoins de peinture, que ce soit pour des projets de bricolage \u00e0 domicile ou des applications professionnelles. Ce produit se distingue par sa qualit\u00e9 sup\u00e9rieure et sa polyvalence, offrant\u2026","rel":"","context":"Article similaire","block_context":{"text":"Article similaire","link":""},"img":{"alt_text":"PEINTURE EN SPRAY SILVER","src":"https:\/\/dekkal-quincaillerie.dz\/fr\/wp-content\/uploads\/2024\/08\/WhatsApp-Image-2024-08-20-at-13.01.11-1.avif","width":350,"height":200,"srcset":"https:\/\/dekkal-quincaillerie.dz\/fr\/wp-content\/uploads\/2024\/08\/WhatsApp-Image-2024-08-20-at-13.01.11-1.avif 1x, https:\/\/dekkal-quincaillerie.dz\/fr\/wp-content\/uploads\/2024\/08\/WhatsApp-Image-2024-08-20-at-13.01.11-1.avif 1.5x, https:\/\/dekkal-quincaillerie.dz\/fr\/wp-content\/uploads\/2024\/08\/WhatsApp-Image-2024-08-20-at-13.01.11-1.avif 2x"},"classes":[]},{"id":8931,"url":"https:\/\/dekkal-quincaillerie.dz\/fr\/produit\/peinture-en-spray-blanc-brillent-400ml-spraytec\/","url_meta":{"origin":7101,"position":5},"title":"PEINTURE EN SPRAY BLANC BRILLENT 400ML SPRAYTEC","author":"dekkal","date":"octobre 5, 2024","format":false,"excerpt":"PEINTURE EN SPRAY BLANC BRILLENT 400ML SPRAYTEC \u00a0 D\u00e9couvrez la\u00a0Peinture en Spray Blanc Brillant 400ml Spraytec, la solution id\u00e9ale pour tous vos projets de peinture, qu\u2019ils soient domestiques ou professionnels. Ce produit de haute qualit\u00e9 est con\u00e7u pour offrir une finition impeccable et durable, tout en \u00e9tant facile \u00e0 utiliser.\u2026","rel":"","context":"Article similaire","block_context":{"text":"Article similaire","link":""},"img":{"alt_text":"PEINTURE EN SPRAY BLANC","src":"https:\/\/dekkal-quincaillerie.dz\/fr\/wp-content\/uploads\/2024\/08\/WhatsApp-Image-2024-08-20-at-13.10.51.avif","width":350,"height":200,"srcset":"https:\/\/dekkal-quincaillerie.dz\/fr\/wp-content\/uploads\/2024\/08\/WhatsApp-Image-2024-08-20-at-13.10.51.avif 1x, https:\/\/dekkal-quincaillerie.dz\/fr\/wp-content\/uploads\/2024\/08\/WhatsApp-Image-2024-08-20-at-13.10.51.avif 1.5x, https:\/\/dekkal-quincaillerie.dz\/fr\/wp-content\/uploads\/2024\/08\/WhatsApp-Image-2024-08-20-at-13.10.51.avif 2x"},"classes":[]}],"jetpack_likes_enabled":true,"jetpack_sharing_enabled":true,"_links":{"self":[{"href":"https:\/\/dekkal-quincaillerie.dz\/fr\/wp-json\/wp\/v2\/product\/7101","targetHints":{"allow":["GET"]}}],"collection":[{"href":"https:\/\/dekkal-quincaillerie.dz\/fr\/wp-json\/wp\/v2\/product"}],"about":[{"href":"https:\/\/dekkal-quincaillerie.dz\/fr\/wp-json\/wp\/v2\/types\/product"}],"wp:featuredmedia":[{"embeddable":true,"href":"https:\/\/dekkal-quincaillerie.dz\/fr\/wp-json\/wp\/v2\/media\/7103"}],"wp:attachment":[{"href":"https:\/\/dekkal-quincaillerie.dz\/fr\/wp-json\/wp\/v2\/media?parent=7101"}],"wp:term":[{"taxonomy":"product_brand","embeddable":true,"href":"https:\/\/dekkal-quincaillerie.dz\/fr\/wp-json\/wp\/v2\/product_brand?post=7101"},{"taxonomy":"product_cat","embeddable":true,"href":"https:\/\/dekkal-quincaillerie.dz\/fr\/wp-json\/wp\/v2\/product_cat?post=7101"},{"taxonomy":"product_tag","embeddable":true,"href":"https:\/\/dekkal-quincaillerie.dz\/fr\/wp-json\/wp\/v2\/product_tag?post=7101"}],"curies":[{"name":"wp","href":"https:\/\/api.w.org\/{rel}","templated":true}]}}