{"id":6979,"date":"2023-04-01T09:23:27","date_gmt":"2023-04-01T09:23:27","guid":{"rendered":"https:\/\/dekkal-quincaillerie.dz\/fr\/?post_type=product&#038;p=6979"},"modified":"2025-03-22T07:16:54","modified_gmt":"2025-03-22T07:16:54","slug":"filtre-a-eau-a-tamis-grillage-5-atlas-filtri","status":"publish","type":"product","link":"https:\/\/dekkal-quincaillerie.dz\/fr\/produit\/filtre-a-eau-a-tamis-grillage-5-atlas-filtri\/","title":{"rendered":"Filtre \u00e0 eau \u00e0 tamis (grillag\u00e9) 5&Prime; ATLAS FILTRI"},"content":{"rendered":"<p>Le filtre de la marque <strong>Italienne ATLAS FILTRI<\/strong>, dispose d\u2019une bonne qualit\u00e9 de fabrication.<\/p>\n<p>Mat\u00e9riaux atoxiques polypropyl\u00e8ne et PET, adapt\u00e9s \u00e0 l\u2019eau potable. .<\/p>\n<p>Cuve transparente.<\/p>\n<p>Rechange de filtre fabriqu\u00e9 en polypropyl\u00e8ne par surmoulage (sans colle).<\/p>\n<p>Boitier bleu avec fixation de support mural.<\/p>\n<p>Soupape d\u2019\u00e9vacuation pour lib\u00e9rer la pression.<\/p>\n<p>Filetage en laiton.<\/p>\n<p>Temp\u00e9rateur de service: maximale 45\u00b0, minimale 4\u00b0<\/p>\n<p>Pression de service: maximale 8 bar, minimale 0.5 bar.<\/p>\n<p>Cl\u00e9 en plastique pour serrer et desserer la cuve une fois le filtre \u00e0 eau est fix\u00e9 sur le mur.<\/p>\n<p>Hauteur: 20 cm<\/p>\n<p>&nbsp;<\/p>\n<p>&nbsp;<\/p>\n<p>&nbsp;<\/p>\n","protected":false},"excerpt":{"rendered":"<p>Le filtre de la marque Italienne ATLAS FILTRI, dispose d\u2019une bonne qualit\u00e9 de fabrication. Mat\u00e9riaux atoxiques polypropyl\u00e8ne et PET, adapt\u00e9s \u00e0 l\u2019eau potable. . Cuve transparente. Rechange de filtre fabriqu\u00e9 en polypropyl\u00e8ne par surmoulage (sans colle). Boitier bleu avec fixation de support mural. Soupape d\u2019\u00e9vacuation pour lib\u00e9rer la pression. Filetage en laiton. Temp\u00e9rateur de service: [&hellip;]<\/p>\n","protected":false},"featured_media":6987,"template":"","meta":[],"product_brand":[],"product_cat":[251],"product_tag":[1130,456,1128],"class_list":{"0":"post-6979","1":"product","2":"type-product","3":"status-publish","4":"has-post-thumbnail","6":"product_cat-plomberie","7":"product_tag-atlas-filtri","8":"product_tag-eau","9":"product_tag-filtre-a-eau","11":"first","12":"onbackorder","13":"taxable","14":"shipping-taxable","15":"purchasable","16":"product-type-simple"},"yoast_head":"<!-- This site is optimized with the Yoast SEO Premium plugin v20.0 (Yoast SEO v27.4) - https:\/\/yoast.com\/product\/yoast-seo-premium-wordpress\/ -->\n<title>Filtre \u00e0 eau \u00e0 tamis (grillag\u00e9) 5&quot; ATLAS FILTRI - DEKKAL<\/title>\n<meta name=\"description\" content=\"Filtre \u00e0 eau grillag\u00e9 avec cartouche petit mod\u00e8le 5&quot;, de la marque Italienne ATLAS FILTRI qui dispose d&#039;une bonne qualit\u00e9 de fabrication, utilis\u00e9 pour le traitement de l&#039;eau \u00e0 la maison.\" \/>\n<meta name=\"robots\" content=\"index, follow, max-snippet:-1, max-image-preview:large, max-video-preview:-1\" \/>\n<link rel=\"canonical\" href=\"https:\/\/dekkal-quincaillerie.dz\/fr\/produit\/filtre-a-eau-a-tamis-grillage-5-atlas-filtri\/\" \/>\n<script type=\"application\/ld+json\" class=\"yoast-schema-graph\">{\"@context\":\"https:\\\/\\\/schema.org\",\"@graph\":[{\"@type\":\"WebPage\",\"@id\":\"https:\\\/\\\/dekkal-quincaillerie.dz\\\/fr\\\/produit\\\/filtre-a-eau-a-tamis-grillage-5-atlas-filtri\\\/\",\"url\":\"https:\\\/\\\/dekkal-quincaillerie.dz\\\/fr\\\/produit\\\/filtre-a-eau-a-tamis-grillage-5-atlas-filtri\\\/\",\"name\":\"Filtre \u00e0 eau \u00e0 tamis (grillag\u00e9) 5\\\" ATLAS FILTRI - DEKKAL\",\"isPartOf\":{\"@id\":\"https:\\\/\\\/dekkal-quincaillerie.dz\\\/fr\\\/#website\"},\"primaryImageOfPage\":{\"@id\":\"https:\\\/\\\/dekkal-quincaillerie.dz\\\/fr\\\/produit\\\/filtre-a-eau-a-tamis-grillage-5-atlas-filtri\\\/#primaryimage\"},\"image\":{\"@id\":\"https:\\\/\\\/dekkal-quincaillerie.dz\\\/fr\\\/produit\\\/filtre-a-eau-a-tamis-grillage-5-atlas-filtri\\\/#primaryimage\"},\"thumbnailUrl\":\"https:\\\/\\\/dekkal-quincaillerie.dz\\\/fr\\\/wp-content\\\/uploads\\\/2023\\\/04\\\/FILTRE-5-1.avif\",\"datePublished\":\"2023-04-01T09:23:27+00:00\",\"dateModified\":\"2025-03-22T07:16:54+00:00\",\"description\":\"Filtre \u00e0 eau grillag\u00e9 avec cartouche petit mod\u00e8le 5\\\", de la marque Italienne ATLAS FILTRI qui dispose d'une bonne qualit\u00e9 de fabrication, utilis\u00e9 pour le traitement de l'eau \u00e0 la maison.\",\"breadcrumb\":{\"@id\":\"https:\\\/\\\/dekkal-quincaillerie.dz\\\/fr\\\/produit\\\/filtre-a-eau-a-tamis-grillage-5-atlas-filtri\\\/#breadcrumb\"},\"inLanguage\":\"fr-FR\",\"potentialAction\":[{\"@type\":\"ReadAction\",\"target\":[\"https:\\\/\\\/dekkal-quincaillerie.dz\\\/fr\\\/produit\\\/filtre-a-eau-a-tamis-grillage-5-atlas-filtri\\\/\"]}]},{\"@type\":\"ImageObject\",\"inLanguage\":\"fr-FR\",\"@id\":\"https:\\\/\\\/dekkal-quincaillerie.dz\\\/fr\\\/produit\\\/filtre-a-eau-a-tamis-grillage-5-atlas-filtri\\\/#primaryimage\",\"url\":\"https:\\\/\\\/dekkal-quincaillerie.dz\\\/fr\\\/wp-content\\\/uploads\\\/2023\\\/04\\\/FILTRE-5-1.avif\",\"contentUrl\":\"https:\\\/\\\/dekkal-quincaillerie.dz\\\/fr\\\/wp-content\\\/uploads\\\/2023\\\/04\\\/FILTRE-5-1.avif\",\"width\":940,\"height\":788},{\"@type\":\"BreadcrumbList\",\"@id\":\"https:\\\/\\\/dekkal-quincaillerie.dz\\\/fr\\\/produit\\\/filtre-a-eau-a-tamis-grillage-5-atlas-filtri\\\/#breadcrumb\",\"itemListElement\":[{\"@type\":\"ListItem\",\"position\":1,\"name\":\"Accueil\",\"item\":\"https:\\\/\\\/dekkal-quincaillerie.dz\\\/fr\\\/\"},{\"@type\":\"ListItem\",\"position\":2,\"name\":\"Boutique\",\"item\":\"https:\\\/\\\/dekkal-quincaillerie.dz\\\/fr\\\/boutique\\\/\"},{\"@type\":\"ListItem\",\"position\":3,\"name\":\"Filtre \u00e0 eau \u00e0 tamis (grillag\u00e9) 5&Prime; ATLAS FILTRI\"}]},{\"@type\":\"WebSite\",\"@id\":\"https:\\\/\\\/dekkal-quincaillerie.dz\\\/fr\\\/#website\",\"url\":\"https:\\\/\\\/dekkal-quincaillerie.dz\\\/fr\\\/\",\"name\":\"DEKKAL\",\"description\":\"\",\"publisher\":{\"@id\":\"https:\\\/\\\/dekkal-quincaillerie.dz\\\/fr\\\/#organization\"},\"potentialAction\":[{\"@type\":\"SearchAction\",\"target\":{\"@type\":\"EntryPoint\",\"urlTemplate\":\"https:\\\/\\\/dekkal-quincaillerie.dz\\\/fr\\\/?s={search_term_string}\"},\"query-input\":{\"@type\":\"PropertyValueSpecification\",\"valueRequired\":true,\"valueName\":\"search_term_string\"}}],\"inLanguage\":\"fr-FR\"},{\"@type\":\"Organization\",\"@id\":\"https:\\\/\\\/dekkal-quincaillerie.dz\\\/fr\\\/#organization\",\"name\":\"DEKKAL QUINCAILLERIE\",\"url\":\"https:\\\/\\\/dekkal-quincaillerie.dz\\\/fr\\\/\",\"logo\":{\"@type\":\"ImageObject\",\"inLanguage\":\"fr-FR\",\"@id\":\"https:\\\/\\\/dekkal-quincaillerie.dz\\\/fr\\\/#\\\/schema\\\/logo\\\/image\\\/\",\"url\":\"https:\\\/\\\/dekkal-quincaillerie.dz\\\/fr\\\/wp-content\\\/uploads\\\/2022\\\/03\\\/image_2022-03-19_172411.png\",\"contentUrl\":\"https:\\\/\\\/dekkal-quincaillerie.dz\\\/fr\\\/wp-content\\\/uploads\\\/2022\\\/03\\\/image_2022-03-19_172411.png\",\"width\":851,\"height\":315,\"caption\":\"DEKKAL QUINCAILLERIE\"},\"image\":{\"@id\":\"https:\\\/\\\/dekkal-quincaillerie.dz\\\/fr\\\/#\\\/schema\\\/logo\\\/image\\\/\"},\"sameAs\":[\"https:\\\/\\\/www.facebook.com\\\/ets.dekkal.1\",\"https:\\\/\\\/www.instagram.com\\\/ets.dekkal\\\/\"]}]}<\/script>\n<!-- \/ Yoast SEO Premium plugin. -->","yoast_head_json":{"title":"Filtre \u00e0 eau \u00e0 tamis (grillag\u00e9) 5\" ATLAS FILTRI - DEKKAL","description":"Filtre \u00e0 eau grillag\u00e9 avec cartouche petit mod\u00e8le 5\", de la marque Italienne ATLAS FILTRI qui dispose d'une bonne qualit\u00e9 de fabrication, utilis\u00e9 pour le traitement de l'eau \u00e0 la maison.","robots":{"index":"index","follow":"follow","max-snippet":"max-snippet:-1","max-image-preview":"max-image-preview:large","max-video-preview":"max-video-preview:-1"},"canonical":"https:\/\/dekkal-quincaillerie.dz\/fr\/produit\/filtre-a-eau-a-tamis-grillage-5-atlas-filtri\/","schema":{"@context":"https:\/\/schema.org","@graph":[{"@type":"WebPage","@id":"https:\/\/dekkal-quincaillerie.dz\/fr\/produit\/filtre-a-eau-a-tamis-grillage-5-atlas-filtri\/","url":"https:\/\/dekkal-quincaillerie.dz\/fr\/produit\/filtre-a-eau-a-tamis-grillage-5-atlas-filtri\/","name":"Filtre \u00e0 eau \u00e0 tamis (grillag\u00e9) 5\" ATLAS FILTRI - DEKKAL","isPartOf":{"@id":"https:\/\/dekkal-quincaillerie.dz\/fr\/#website"},"primaryImageOfPage":{"@id":"https:\/\/dekkal-quincaillerie.dz\/fr\/produit\/filtre-a-eau-a-tamis-grillage-5-atlas-filtri\/#primaryimage"},"image":{"@id":"https:\/\/dekkal-quincaillerie.dz\/fr\/produit\/filtre-a-eau-a-tamis-grillage-5-atlas-filtri\/#primaryimage"},"thumbnailUrl":"https:\/\/dekkal-quincaillerie.dz\/fr\/wp-content\/uploads\/2023\/04\/FILTRE-5-1.avif","datePublished":"2023-04-01T09:23:27+00:00","dateModified":"2025-03-22T07:16:54+00:00","description":"Filtre \u00e0 eau grillag\u00e9 avec cartouche petit mod\u00e8le 5\", de la marque Italienne ATLAS FILTRI qui dispose d'une bonne qualit\u00e9 de fabrication, utilis\u00e9 pour le traitement de l'eau \u00e0 la maison.","breadcrumb":{"@id":"https:\/\/dekkal-quincaillerie.dz\/fr\/produit\/filtre-a-eau-a-tamis-grillage-5-atlas-filtri\/#breadcrumb"},"inLanguage":"fr-FR","potentialAction":[{"@type":"ReadAction","target":["https:\/\/dekkal-quincaillerie.dz\/fr\/produit\/filtre-a-eau-a-tamis-grillage-5-atlas-filtri\/"]}]},{"@type":"ImageObject","inLanguage":"fr-FR","@id":"https:\/\/dekkal-quincaillerie.dz\/fr\/produit\/filtre-a-eau-a-tamis-grillage-5-atlas-filtri\/#primaryimage","url":"https:\/\/dekkal-quincaillerie.dz\/fr\/wp-content\/uploads\/2023\/04\/FILTRE-5-1.avif","contentUrl":"https:\/\/dekkal-quincaillerie.dz\/fr\/wp-content\/uploads\/2023\/04\/FILTRE-5-1.avif","width":940,"height":788},{"@type":"BreadcrumbList","@id":"https:\/\/dekkal-quincaillerie.dz\/fr\/produit\/filtre-a-eau-a-tamis-grillage-5-atlas-filtri\/#breadcrumb","itemListElement":[{"@type":"ListItem","position":1,"name":"Accueil","item":"https:\/\/dekkal-quincaillerie.dz\/fr\/"},{"@type":"ListItem","position":2,"name":"Boutique","item":"https:\/\/dekkal-quincaillerie.dz\/fr\/boutique\/"},{"@type":"ListItem","position":3,"name":"Filtre \u00e0 eau \u00e0 tamis (grillag\u00e9) 5&Prime; ATLAS FILTRI"}]},{"@type":"WebSite","@id":"https:\/\/dekkal-quincaillerie.dz\/fr\/#website","url":"https:\/\/dekkal-quincaillerie.dz\/fr\/","name":"DEKKAL","description":"","publisher":{"@id":"https:\/\/dekkal-quincaillerie.dz\/fr\/#organization"},"potentialAction":[{"@type":"SearchAction","target":{"@type":"EntryPoint","urlTemplate":"https:\/\/dekkal-quincaillerie.dz\/fr\/?s={search_term_string}"},"query-input":{"@type":"PropertyValueSpecification","valueRequired":true,"valueName":"search_term_string"}}],"inLanguage":"fr-FR"},{"@type":"Organization","@id":"https:\/\/dekkal-quincaillerie.dz\/fr\/#organization","name":"DEKKAL QUINCAILLERIE","url":"https:\/\/dekkal-quincaillerie.dz\/fr\/","logo":{"@type":"ImageObject","inLanguage":"fr-FR","@id":"https:\/\/dekkal-quincaillerie.dz\/fr\/#\/schema\/logo\/image\/","url":"https:\/\/dekkal-quincaillerie.dz\/fr\/wp-content\/uploads\/2022\/03\/image_2022-03-19_172411.png","contentUrl":"https:\/\/dekkal-quincaillerie.dz\/fr\/wp-content\/uploads\/2022\/03\/image_2022-03-19_172411.png","width":851,"height":315,"caption":"DEKKAL QUINCAILLERIE"},"image":{"@id":"https:\/\/dekkal-quincaillerie.dz\/fr\/#\/schema\/logo\/image\/"},"sameAs":["https:\/\/www.facebook.com\/ets.dekkal.1","https:\/\/www.instagram.com\/ets.dekkal\/"]}]}},"_links":{"self":[{"href":"https:\/\/dekkal-quincaillerie.dz\/fr\/wp-json\/wp\/v2\/product\/6979","targetHints":{"allow":["GET"]}}],"collection":[{"href":"https:\/\/dekkal-quincaillerie.dz\/fr\/wp-json\/wp\/v2\/product"}],"about":[{"href":"https:\/\/dekkal-quincaillerie.dz\/fr\/wp-json\/wp\/v2\/types\/product"}],"wp:featuredmedia":[{"embeddable":true,"href":"https:\/\/dekkal-quincaillerie.dz\/fr\/wp-json\/wp\/v2\/media\/6987"}],"wp:attachment":[{"href":"https:\/\/dekkal-quincaillerie.dz\/fr\/wp-json\/wp\/v2\/media?parent=6979"}],"wp:term":[{"taxonomy":"product_brand","embeddable":true,"href":"https:\/\/dekkal-quincaillerie.dz\/fr\/wp-json\/wp\/v2\/product_brand?post=6979"},{"taxonomy":"product_cat","embeddable":true,"href":"https:\/\/dekkal-quincaillerie.dz\/fr\/wp-json\/wp\/v2\/product_cat?post=6979"},{"taxonomy":"product_tag","embeddable":true,"href":"https:\/\/dekkal-quincaillerie.dz\/fr\/wp-json\/wp\/v2\/product_tag?post=6979"}],"curies":[{"name":"wp","href":"https:\/\/api.w.org\/{rel}","templated":true}]}}