{"id":6940,"date":"2023-03-28T08:32:35","date_gmt":"2023-03-28T08:32:35","guid":{"rendered":"https:\/\/dekkal-quincaillerie.dz\/fr\/?post_type=product&#038;p=6940"},"modified":"2025-03-22T07:16:54","modified_gmt":"2025-03-22T07:16:54","slug":"peinture-satinee-grenat-pigma-color","status":"publish","type":"product","link":"https:\/\/dekkal-quincaillerie.dz\/fr\/produit\/peinture-satinee-grenat-pigma-color\/","title":{"rendered":"Peinture satin\u00e9e grenat PIGMA COLOR"},"content":{"rendered":"<h3>Peinture satin\u00e9e grenat PIGMA COLOR<\/h3>\n<h4><u>Utilisation:<\/u><\/h4>\n<ul>\n<li>Peinture polyvalente, utilisable dans toutes les pi\u00e8ces de la maison ( b\u00e9ton, brique, pl\u00e2tre et enduit).<\/li>\n<li>S\u2019applique aussi sur anciennes peintures \u00e0 base d\u2019eau.<\/li>\n<\/ul>\n<p>Non seulement elle a un bon pouvoir couvrant mais, en plus, elle est tr\u00e8s facile \u00e0 entretenir. Elle ne craint pas le savon. La peinture satin\u00e9e r\u00e9fl\u00e9chit l\u00e9g\u00e8rement la lumi\u00e8re, ce qui donnera de l\u2019\u00e9clat \u00e0 vos murs.<\/p>\n<h4><u>Propri\u00e9t\u00e9 :<\/u><\/h4>\n<ul>\n<li>Tr\u00e8s bonne tenue \u00e0 l\u2019int\u00e9rieur et \u00e0 l\u2019ext\u00e9rieur.<\/li>\n<li>Bonne stabilit\u00e9 au stockage.<\/li>\n<li>Bonne r\u00e9sistance \u00e0 l\u2019eau et au milieu alcalin.<\/li>\n<li>Bonne r\u00e9sistance \u00e0 l\u2019abrasion humide.<\/li>\n<\/ul>\n","protected":false},"excerpt":{"rendered":"<p>Peinture satin\u00e9e grenat PIGMA COLOR Utilisation: Peinture polyvalente, utilisable dans toutes les pi\u00e8ces de la maison ( b\u00e9ton, brique, pl\u00e2tre et enduit). S\u2019applique aussi sur anciennes peintures \u00e0 base d\u2019eau. Non seulement elle a un bon pouvoir couvrant mais, en plus, elle est tr\u00e8s facile \u00e0 entretenir. Elle ne craint pas le savon. La peinture [&hellip;]<\/p>\n","protected":false},"featured_media":6941,"template":"","meta":{"jetpack_post_was_ever_published":false,"jetpack_publicize_message":"","jetpack_publicize_feature_enabled":true,"jetpack_social_post_already_shared":false,"jetpack_social_options":{"image_generator_settings":{"template":"highway","default_image_id":0,"font":"","enabled":false},"version":2}},"product_brand":[],"product_cat":[692],"product_tag":[696,1129,238,695,693],"class_list":{"0":"post-6940","1":"product","2":"type-product","3":"status-publish","4":"has-post-thumbnail","6":"product_cat-peinture-pigma-color","7":"product_tag-color","8":"product_tag-grenat","9":"product_tag-peinture","10":"product_tag-pigma","11":"product_tag-satinee","13":"first","14":"instock","15":"taxable","16":"shipping-taxable","17":"purchasable","18":"product-type-simple"},"yoast_head":"<!-- This site is optimized with the Yoast SEO Premium plugin v20.0 (Yoast SEO v27.4) - https:\/\/yoast.com\/product\/yoast-seo-premium-wordpress\/ -->\n<title>Peinture satin\u00e9e grenat PIGMA COLOR - DEKKAL<\/title>\n<meta name=\"robots\" content=\"index, follow, max-snippet:-1, max-image-preview:large, max-video-preview:-1\" \/>\n<link rel=\"canonical\" href=\"https:\/\/dekkal-quincaillerie.dz\/fr\/produit\/peinture-satinee-grenat-pigma-color\/\" \/>\n<script type=\"application\/ld+json\" class=\"yoast-schema-graph\">{\"@context\":\"https:\\\/\\\/schema.org\",\"@graph\":[{\"@type\":\"WebPage\",\"@id\":\"https:\\\/\\\/dekkal-quincaillerie.dz\\\/fr\\\/produit\\\/peinture-satinee-grenat-pigma-color\\\/\",\"url\":\"https:\\\/\\\/dekkal-quincaillerie.dz\\\/fr\\\/produit\\\/peinture-satinee-grenat-pigma-color\\\/\",\"name\":\"Peinture satin\u00e9e grenat PIGMA COLOR - DEKKAL\",\"isPartOf\":{\"@id\":\"https:\\\/\\\/dekkal-quincaillerie.dz\\\/fr\\\/#website\"},\"primaryImageOfPage\":{\"@id\":\"https:\\\/\\\/dekkal-quincaillerie.dz\\\/fr\\\/produit\\\/peinture-satinee-grenat-pigma-color\\\/#primaryimage\"},\"image\":{\"@id\":\"https:\\\/\\\/dekkal-quincaillerie.dz\\\/fr\\\/produit\\\/peinture-satinee-grenat-pigma-color\\\/#primaryimage\"},\"thumbnailUrl\":\"https:\\\/\\\/dekkal-quincaillerie.dz\\\/fr\\\/wp-content\\\/uploads\\\/2023\\\/03\\\/SATINEE-GRENAT.avif\",\"datePublished\":\"2023-03-28T08:32:35+00:00\",\"dateModified\":\"2025-03-22T07:16:54+00:00\",\"breadcrumb\":{\"@id\":\"https:\\\/\\\/dekkal-quincaillerie.dz\\\/fr\\\/produit\\\/peinture-satinee-grenat-pigma-color\\\/#breadcrumb\"},\"inLanguage\":\"fr-FR\",\"potentialAction\":[{\"@type\":\"ReadAction\",\"target\":[\"https:\\\/\\\/dekkal-quincaillerie.dz\\\/fr\\\/produit\\\/peinture-satinee-grenat-pigma-color\\\/\"]}]},{\"@type\":\"ImageObject\",\"inLanguage\":\"fr-FR\",\"@id\":\"https:\\\/\\\/dekkal-quincaillerie.dz\\\/fr\\\/produit\\\/peinture-satinee-grenat-pigma-color\\\/#primaryimage\",\"url\":\"https:\\\/\\\/dekkal-quincaillerie.dz\\\/fr\\\/wp-content\\\/uploads\\\/2023\\\/03\\\/SATINEE-GRENAT.avif\",\"contentUrl\":\"https:\\\/\\\/dekkal-quincaillerie.dz\\\/fr\\\/wp-content\\\/uploads\\\/2023\\\/03\\\/SATINEE-GRENAT.avif\",\"width\":592,\"height\":421},{\"@type\":\"BreadcrumbList\",\"@id\":\"https:\\\/\\\/dekkal-quincaillerie.dz\\\/fr\\\/produit\\\/peinture-satinee-grenat-pigma-color\\\/#breadcrumb\",\"itemListElement\":[{\"@type\":\"ListItem\",\"position\":1,\"name\":\"Accueil\",\"item\":\"https:\\\/\\\/dekkal-quincaillerie.dz\\\/fr\\\/\"},{\"@type\":\"ListItem\",\"position\":2,\"name\":\"Boutique\",\"item\":\"https:\\\/\\\/dekkal-quincaillerie.dz\\\/fr\\\/boutique\\\/\"},{\"@type\":\"ListItem\",\"position\":3,\"name\":\"Peinture satin\u00e9e grenat PIGMA COLOR\"}]},{\"@type\":\"WebSite\",\"@id\":\"https:\\\/\\\/dekkal-quincaillerie.dz\\\/fr\\\/#website\",\"url\":\"https:\\\/\\\/dekkal-quincaillerie.dz\\\/fr\\\/\",\"name\":\"DEKKAL\",\"description\":\"\",\"publisher\":{\"@id\":\"https:\\\/\\\/dekkal-quincaillerie.dz\\\/fr\\\/#organization\"},\"potentialAction\":[{\"@type\":\"SearchAction\",\"target\":{\"@type\":\"EntryPoint\",\"urlTemplate\":\"https:\\\/\\\/dekkal-quincaillerie.dz\\\/fr\\\/?s={search_term_string}\"},\"query-input\":{\"@type\":\"PropertyValueSpecification\",\"valueRequired\":true,\"valueName\":\"search_term_string\"}}],\"inLanguage\":\"fr-FR\"},{\"@type\":\"Organization\",\"@id\":\"https:\\\/\\\/dekkal-quincaillerie.dz\\\/fr\\\/#organization\",\"name\":\"DEKKAL QUINCAILLERIE\",\"url\":\"https:\\\/\\\/dekkal-quincaillerie.dz\\\/fr\\\/\",\"logo\":{\"@type\":\"ImageObject\",\"inLanguage\":\"fr-FR\",\"@id\":\"https:\\\/\\\/dekkal-quincaillerie.dz\\\/fr\\\/#\\\/schema\\\/logo\\\/image\\\/\",\"url\":\"https:\\\/\\\/dekkal-quincaillerie.dz\\\/fr\\\/wp-content\\\/uploads\\\/2022\\\/03\\\/image_2022-03-19_172411.png\",\"contentUrl\":\"https:\\\/\\\/dekkal-quincaillerie.dz\\\/fr\\\/wp-content\\\/uploads\\\/2022\\\/03\\\/image_2022-03-19_172411.png\",\"width\":851,\"height\":315,\"caption\":\"DEKKAL QUINCAILLERIE\"},\"image\":{\"@id\":\"https:\\\/\\\/dekkal-quincaillerie.dz\\\/fr\\\/#\\\/schema\\\/logo\\\/image\\\/\"},\"sameAs\":[\"https:\\\/\\\/www.facebook.com\\\/ets.dekkal.1\",\"https:\\\/\\\/www.instagram.com\\\/ets.dekkal\\\/\"]}]}<\/script>\n<!-- \/ Yoast SEO Premium plugin. -->","yoast_head_json":{"title":"Peinture satin\u00e9e grenat PIGMA COLOR - DEKKAL","robots":{"index":"index","follow":"follow","max-snippet":"max-snippet:-1","max-image-preview":"max-image-preview:large","max-video-preview":"max-video-preview:-1"},"canonical":"https:\/\/dekkal-quincaillerie.dz\/fr\/produit\/peinture-satinee-grenat-pigma-color\/","schema":{"@context":"https:\/\/schema.org","@graph":[{"@type":"WebPage","@id":"https:\/\/dekkal-quincaillerie.dz\/fr\/produit\/peinture-satinee-grenat-pigma-color\/","url":"https:\/\/dekkal-quincaillerie.dz\/fr\/produit\/peinture-satinee-grenat-pigma-color\/","name":"Peinture satin\u00e9e grenat PIGMA COLOR - DEKKAL","isPartOf":{"@id":"https:\/\/dekkal-quincaillerie.dz\/fr\/#website"},"primaryImageOfPage":{"@id":"https:\/\/dekkal-quincaillerie.dz\/fr\/produit\/peinture-satinee-grenat-pigma-color\/#primaryimage"},"image":{"@id":"https:\/\/dekkal-quincaillerie.dz\/fr\/produit\/peinture-satinee-grenat-pigma-color\/#primaryimage"},"thumbnailUrl":"https:\/\/dekkal-quincaillerie.dz\/fr\/wp-content\/uploads\/2023\/03\/SATINEE-GRENAT.avif","datePublished":"2023-03-28T08:32:35+00:00","dateModified":"2025-03-22T07:16:54+00:00","breadcrumb":{"@id":"https:\/\/dekkal-quincaillerie.dz\/fr\/produit\/peinture-satinee-grenat-pigma-color\/#breadcrumb"},"inLanguage":"fr-FR","potentialAction":[{"@type":"ReadAction","target":["https:\/\/dekkal-quincaillerie.dz\/fr\/produit\/peinture-satinee-grenat-pigma-color\/"]}]},{"@type":"ImageObject","inLanguage":"fr-FR","@id":"https:\/\/dekkal-quincaillerie.dz\/fr\/produit\/peinture-satinee-grenat-pigma-color\/#primaryimage","url":"https:\/\/dekkal-quincaillerie.dz\/fr\/wp-content\/uploads\/2023\/03\/SATINEE-GRENAT.avif","contentUrl":"https:\/\/dekkal-quincaillerie.dz\/fr\/wp-content\/uploads\/2023\/03\/SATINEE-GRENAT.avif","width":592,"height":421},{"@type":"BreadcrumbList","@id":"https:\/\/dekkal-quincaillerie.dz\/fr\/produit\/peinture-satinee-grenat-pigma-color\/#breadcrumb","itemListElement":[{"@type":"ListItem","position":1,"name":"Accueil","item":"https:\/\/dekkal-quincaillerie.dz\/fr\/"},{"@type":"ListItem","position":2,"name":"Boutique","item":"https:\/\/dekkal-quincaillerie.dz\/fr\/boutique\/"},{"@type":"ListItem","position":3,"name":"Peinture satin\u00e9e grenat PIGMA COLOR"}]},{"@type":"WebSite","@id":"https:\/\/dekkal-quincaillerie.dz\/fr\/#website","url":"https:\/\/dekkal-quincaillerie.dz\/fr\/","name":"DEKKAL","description":"","publisher":{"@id":"https:\/\/dekkal-quincaillerie.dz\/fr\/#organization"},"potentialAction":[{"@type":"SearchAction","target":{"@type":"EntryPoint","urlTemplate":"https:\/\/dekkal-quincaillerie.dz\/fr\/?s={search_term_string}"},"query-input":{"@type":"PropertyValueSpecification","valueRequired":true,"valueName":"search_term_string"}}],"inLanguage":"fr-FR"},{"@type":"Organization","@id":"https:\/\/dekkal-quincaillerie.dz\/fr\/#organization","name":"DEKKAL QUINCAILLERIE","url":"https:\/\/dekkal-quincaillerie.dz\/fr\/","logo":{"@type":"ImageObject","inLanguage":"fr-FR","@id":"https:\/\/dekkal-quincaillerie.dz\/fr\/#\/schema\/logo\/image\/","url":"https:\/\/dekkal-quincaillerie.dz\/fr\/wp-content\/uploads\/2022\/03\/image_2022-03-19_172411.png","contentUrl":"https:\/\/dekkal-quincaillerie.dz\/fr\/wp-content\/uploads\/2022\/03\/image_2022-03-19_172411.png","width":851,"height":315,"caption":"DEKKAL QUINCAILLERIE"},"image":{"@id":"https:\/\/dekkal-quincaillerie.dz\/fr\/#\/schema\/logo\/image\/"},"sameAs":["https:\/\/www.facebook.com\/ets.dekkal.1","https:\/\/www.instagram.com\/ets.dekkal\/"]}]}},"jetpack_publicize_connections":[],"jetpack-related-posts":[{"id":4953,"url":"https:\/\/dekkal-quincaillerie.dz\/fr\/produit\/peinture-satinee-beige-pigma-color\/","url_meta":{"origin":6940,"position":0},"title":"Peinture satin\u00e9e beige PIGMA COLOR","author":"admin","date":"mars 19, 2022","format":false,"excerpt":"Peinture satin\u00e9e beige PIGMA COLOR Utilisation: C'est une peinture polyvalente, utilisable dans toutes les pi\u00e8ces de la maison ( b\u00e9ton, brique, pl\u00e2tre et enduit). S'applique aussi sur anciennes peintures \u00e0 base d'eau. Non seulement elle a un bon pouvoir couvrant mais, en plus, elle est tr\u00e8s facile d'entretien. Elle ne\u2026","rel":"","context":"Article similaire","block_context":{"text":"Article similaire","link":""},"img":{"alt_text":"","src":"https:\/\/dekkal-quincaillerie.dz\/fr\/wp-content\/uploads\/2022\/03\/BEIGE.avif","width":350,"height":200,"srcset":"https:\/\/dekkal-quincaillerie.dz\/fr\/wp-content\/uploads\/2022\/03\/BEIGE.avif 1x, https:\/\/dekkal-quincaillerie.dz\/fr\/wp-content\/uploads\/2022\/03\/BEIGE.avif 1.5x, https:\/\/dekkal-quincaillerie.dz\/fr\/wp-content\/uploads\/2022\/03\/BEIGE.avif 2x, https:\/\/dekkal-quincaillerie.dz\/fr\/wp-content\/uploads\/2022\/03\/BEIGE.avif 3x, https:\/\/dekkal-quincaillerie.dz\/fr\/wp-content\/uploads\/2022\/03\/BEIGE.avif 4x"},"classes":[]},{"id":4955,"url":"https:\/\/dekkal-quincaillerie.dz\/fr\/produit\/peinture-satinee-blanche-pigma-color\/","url_meta":{"origin":6940,"position":1},"title":"Peinture satin\u00e9e blanche PIGMA COLOR","author":"admin","date":"mars 19, 2022","format":false,"excerpt":"Peinture satin\u00e9e blanche PIGMA COLOR Utilisation: C'est une peinture polyvalente, utilisable dans toutes les pi\u00e8ces de la maison ( b\u00e9ton, brique, pl\u00e2tre et enduit). S'applique aussi sur anciennes peintures \u00e0 base d'eau. Non seulement elle a un bon pouvoir couvrant mais, en plus, elle est tr\u00e8s facile d'entretien. Elle ne\u2026","rel":"","context":"Article similaire","block_context":{"text":"Article similaire","link":""},"img":{"alt_text":"","src":"https:\/\/dekkal-quincaillerie.dz\/fr\/wp-content\/uploads\/2022\/03\/BLANC.avif","width":350,"height":200,"srcset":"https:\/\/dekkal-quincaillerie.dz\/fr\/wp-content\/uploads\/2022\/03\/BLANC.avif 1x, https:\/\/dekkal-quincaillerie.dz\/fr\/wp-content\/uploads\/2022\/03\/BLANC.avif 1.5x, https:\/\/dekkal-quincaillerie.dz\/fr\/wp-content\/uploads\/2022\/03\/BLANC.avif 2x, https:\/\/dekkal-quincaillerie.dz\/fr\/wp-content\/uploads\/2022\/03\/BLANC.avif 3x, https:\/\/dekkal-quincaillerie.dz\/fr\/wp-content\/uploads\/2022\/03\/BLANC.avif 4x"},"classes":[]},{"id":4959,"url":"https:\/\/dekkal-quincaillerie.dz\/fr\/produit\/peinture-satinee-fushia-pigma-color\/","url_meta":{"origin":6940,"position":2},"title":"Peinture satin\u00e9e fushia PIGMA COLOR","author":"admin","date":"mars 19, 2022","format":false,"excerpt":"Peinture satin\u00e9e fushia PIGMA COLOR Utilisation: C'est une peinture polyvalente, utilisable dans toutes les pi\u00e8ces de la maison ( b\u00e9ton, brique, pl\u00e2tre et enduit). S'applique aussi sur anciennes peintures \u00e0 base d'eau. Non seulement elle a un bon pouvoir couvrant mais, en plus, elle est tr\u00e8s facile d'entretien. Elle ne\u2026","rel":"","context":"Article similaire","block_context":{"text":"Article similaire","link":""},"img":{"alt_text":"","src":"https:\/\/dekkal-quincaillerie.dz\/fr\/wp-content\/uploads\/2022\/03\/FUSHIA.avif","width":350,"height":200,"srcset":"https:\/\/dekkal-quincaillerie.dz\/fr\/wp-content\/uploads\/2022\/03\/FUSHIA.avif 1x, https:\/\/dekkal-quincaillerie.dz\/fr\/wp-content\/uploads\/2022\/03\/FUSHIA.avif 1.5x, https:\/\/dekkal-quincaillerie.dz\/fr\/wp-content\/uploads\/2022\/03\/FUSHIA.avif 2x, https:\/\/dekkal-quincaillerie.dz\/fr\/wp-content\/uploads\/2022\/03\/FUSHIA.avif 3x, https:\/\/dekkal-quincaillerie.dz\/fr\/wp-content\/uploads\/2022\/03\/FUSHIA.avif 4x"},"classes":[]},{"id":4961,"url":"https:\/\/dekkal-quincaillerie.dz\/fr\/produit\/peinture-satinee-gris-pigma-color\/","url_meta":{"origin":6940,"position":3},"title":"Peinture satin\u00e9e grise PIGMA COLOR","author":"admin","date":"mars 19, 2022","format":false,"excerpt":"Peinture satin\u00e9e grise PIGMA COLOR Utilisation: C'est une peinture polyvalente, utilisable dans toutes les pi\u00e8ces de la maison ( b\u00e9ton, brique, pl\u00e2tre et enduit). S'applique aussi sur anciennes peintures \u00e0 base d'eau. Non seulement elle a un bon pouvoir couvrant mais, en plus, elle est tr\u00e8s facile d'entretien. Elle ne\u2026","rel":"","context":"Article similaire","block_context":{"text":"Article similaire","link":""},"img":{"alt_text":"","src":"https:\/\/dekkal-quincaillerie.dz\/fr\/wp-content\/uploads\/2022\/03\/GRIS.avif","width":350,"height":200,"srcset":"https:\/\/dekkal-quincaillerie.dz\/fr\/wp-content\/uploads\/2022\/03\/GRIS.avif 1x, https:\/\/dekkal-quincaillerie.dz\/fr\/wp-content\/uploads\/2022\/03\/GRIS.avif 1.5x, https:\/\/dekkal-quincaillerie.dz\/fr\/wp-content\/uploads\/2022\/03\/GRIS.avif 2x, https:\/\/dekkal-quincaillerie.dz\/fr\/wp-content\/uploads\/2022\/03\/GRIS.avif 3x, https:\/\/dekkal-quincaillerie.dz\/fr\/wp-content\/uploads\/2022\/03\/GRIS.avif 4x"},"classes":[]},{"id":4969,"url":"https:\/\/dekkal-quincaillerie.dz\/fr\/produit\/peinture-satinee-noire-pigma-color\/","url_meta":{"origin":6940,"position":4},"title":"Peinture satin\u00e9e noire PIGMA COLOR","author":"admin","date":"mars 19, 2022","format":false,"excerpt":"Peinture satin\u00e9e noire PIGMA COLOR Utilisation: C'est une peinture polyvalente, utilisable dans toutes les pi\u00e8ces de la maison ( b\u00e9ton, brique, pl\u00e2tre et enduit). S'applique aussi sur anciennes peintures \u00e0 base d'eau. Non seulement elle a un bon pouvoir couvrant mais, en plus, elle est tr\u00e8s facile d'entretien. Elle ne\u2026","rel":"","context":"Article similaire","block_context":{"text":"Article similaire","link":""},"img":{"alt_text":"","src":"https:\/\/dekkal-quincaillerie.dz\/fr\/wp-content\/uploads\/2022\/03\/NOIR.avif","width":350,"height":200,"srcset":"https:\/\/dekkal-quincaillerie.dz\/fr\/wp-content\/uploads\/2022\/03\/NOIR.avif 1x, https:\/\/dekkal-quincaillerie.dz\/fr\/wp-content\/uploads\/2022\/03\/NOIR.avif 1.5x, https:\/\/dekkal-quincaillerie.dz\/fr\/wp-content\/uploads\/2022\/03\/NOIR.avif 2x, https:\/\/dekkal-quincaillerie.dz\/fr\/wp-content\/uploads\/2022\/03\/NOIR.avif 3x, https:\/\/dekkal-quincaillerie.dz\/fr\/wp-content\/uploads\/2022\/03\/NOIR.avif 4x"},"classes":[]},{"id":4971,"url":"https:\/\/dekkal-quincaillerie.dz\/fr\/produit\/peinture-satinee-ocre-pigma-color\/","url_meta":{"origin":6940,"position":5},"title":"Peinture satin\u00e9e ocre PIGMA COLOR","author":"admin","date":"mars 19, 2022","format":false,"excerpt":"Peinture satin\u00e9e ocre PIGMA COLOR Utilisation: C'est une peinture polyvalente, utilisable dans toutes les pi\u00e8ces de la maison ( b\u00e9ton, brique, pl\u00e2tre et enduit). S'applique aussi sur anciennes peintures \u00e0 base d'eau. Non seulement elle a un bon pouvoir couvrant mais, en plus, elle est tr\u00e8s facile d'entretien. Elle ne\u2026","rel":"","context":"Article similaire","block_context":{"text":"Article similaire","link":""},"img":{"alt_text":"","src":"https:\/\/dekkal-quincaillerie.dz\/fr\/wp-content\/uploads\/2022\/03\/OCRE.avif","width":350,"height":200,"srcset":"https:\/\/dekkal-quincaillerie.dz\/fr\/wp-content\/uploads\/2022\/03\/OCRE.avif 1x, https:\/\/dekkal-quincaillerie.dz\/fr\/wp-content\/uploads\/2022\/03\/OCRE.avif 1.5x, https:\/\/dekkal-quincaillerie.dz\/fr\/wp-content\/uploads\/2022\/03\/OCRE.avif 2x, https:\/\/dekkal-quincaillerie.dz\/fr\/wp-content\/uploads\/2022\/03\/OCRE.avif 3x, https:\/\/dekkal-quincaillerie.dz\/fr\/wp-content\/uploads\/2022\/03\/OCRE.avif 4x"},"classes":[]}],"jetpack_likes_enabled":true,"jetpack_sharing_enabled":true,"_links":{"self":[{"href":"https:\/\/dekkal-quincaillerie.dz\/fr\/wp-json\/wp\/v2\/product\/6940","targetHints":{"allow":["GET"]}}],"collection":[{"href":"https:\/\/dekkal-quincaillerie.dz\/fr\/wp-json\/wp\/v2\/product"}],"about":[{"href":"https:\/\/dekkal-quincaillerie.dz\/fr\/wp-json\/wp\/v2\/types\/product"}],"wp:featuredmedia":[{"embeddable":true,"href":"https:\/\/dekkal-quincaillerie.dz\/fr\/wp-json\/wp\/v2\/media\/6941"}],"wp:attachment":[{"href":"https:\/\/dekkal-quincaillerie.dz\/fr\/wp-json\/wp\/v2\/media?parent=6940"}],"wp:term":[{"taxonomy":"product_brand","embeddable":true,"href":"https:\/\/dekkal-quincaillerie.dz\/fr\/wp-json\/wp\/v2\/product_brand?post=6940"},{"taxonomy":"product_cat","embeddable":true,"href":"https:\/\/dekkal-quincaillerie.dz\/fr\/wp-json\/wp\/v2\/product_cat?post=6940"},{"taxonomy":"product_tag","embeddable":true,"href":"https:\/\/dekkal-quincaillerie.dz\/fr\/wp-json\/wp\/v2\/product_tag?post=6940"}],"curies":[{"name":"wp","href":"https:\/\/api.w.org\/{rel}","templated":true}]}}