{"id":6875,"date":"2023-03-20T11:31:35","date_gmt":"2023-03-20T11:31:35","guid":{"rendered":"https:\/\/dekkal-quincaillerie.dz\/fr\/?post_type=product&#038;p=6875"},"modified":"2025-03-29T09:23:02","modified_gmt":"2025-03-29T09:23:02","slug":"pulverisateur-2l-violet-vert-dea-volpi","status":"publish","type":"product","link":"https:\/\/dekkal-quincaillerie.dz\/fr\/produit\/pulverisateur-2l-violet-vert-dea-volpi\/","title":{"rendered":"PULVERISATEUR 2L VIOLET\/VERT DEA VOLPI"},"content":{"rendered":"","protected":false},"excerpt":{"rendered":"<p>&nbsp;<\/p>\n<h5>Pompe \u00e0 pression VOLPI 2000<\/h5>\n<ul>\n<li>Reservoir de 2 litres en plastique rigide.<\/li>\n<li>Pression de service de 2.5 bar.<\/li>\n<li>Buse en laiton, pivotante dans toute les directions.<\/li>\n<\/ul>\n<p>&nbsp;<\/p>\n","protected":false},"featured_media":6878,"template":"","meta":{"jetpack_post_was_ever_published":false,"jetpack_publicize_message":"","jetpack_publicize_feature_enabled":true,"jetpack_social_post_already_shared":false,"jetpack_social_options":{"image_generator_settings":{"template":"highway","default_image_id":0,"font":"","enabled":false},"version":2}},"product_brand":[],"product_cat":[347],"product_tag":[1122,498,485],"class_list":{"0":"post-6875","1":"product","2":"type-product","3":"status-publish","4":"has-post-thumbnail","6":"product_cat-jardinage","7":"product_tag-agriculture","8":"product_tag-jardinage","9":"product_tag-pulverisateur","11":"first","12":"instock","13":"taxable","14":"shipping-taxable","15":"purchasable","16":"product-type-simple"},"yoast_head":"<!-- This site is optimized with the Yoast SEO Premium plugin v20.0 (Yoast SEO v27.3) - https:\/\/yoast.com\/product\/yoast-seo-premium-wordpress\/ -->\n<title>PULVERISATEUR 2L VIOLET\/VERT DEA VOLPI - DEKKAL<\/title>\n<meta name=\"robots\" content=\"index, follow, max-snippet:-1, max-image-preview:large, max-video-preview:-1\" \/>\n<link rel=\"canonical\" href=\"https:\/\/dekkal-quincaillerie.dz\/fr\/produit\/pulverisateur-2l-violet-vert-dea-volpi\/\" \/>\n<script type=\"application\/ld+json\" class=\"yoast-schema-graph\">{\"@context\":\"https:\\\/\\\/schema.org\",\"@graph\":[{\"@type\":\"WebPage\",\"@id\":\"https:\\\/\\\/dekkal-quincaillerie.dz\\\/fr\\\/produit\\\/pulverisateur-2l-violet-vert-dea-volpi\\\/\",\"url\":\"https:\\\/\\\/dekkal-quincaillerie.dz\\\/fr\\\/produit\\\/pulverisateur-2l-violet-vert-dea-volpi\\\/\",\"name\":\"PULVERISATEUR 2L VIOLET\\\/VERT DEA VOLPI - DEKKAL\",\"isPartOf\":{\"@id\":\"https:\\\/\\\/dekkal-quincaillerie.dz\\\/fr\\\/#website\"},\"primaryImageOfPage\":{\"@id\":\"https:\\\/\\\/dekkal-quincaillerie.dz\\\/fr\\\/produit\\\/pulverisateur-2l-violet-vert-dea-volpi\\\/#primaryimage\"},\"image\":{\"@id\":\"https:\\\/\\\/dekkal-quincaillerie.dz\\\/fr\\\/produit\\\/pulverisateur-2l-violet-vert-dea-volpi\\\/#primaryimage\"},\"thumbnailUrl\":\"https:\\\/\\\/dekkal-quincaillerie.dz\\\/fr\\\/wp-content\\\/uploads\\\/2023\\\/03\\\/Sans-titre-2.avif\",\"datePublished\":\"2023-03-20T11:31:35+00:00\",\"dateModified\":\"2025-03-29T09:23:02+00:00\",\"breadcrumb\":{\"@id\":\"https:\\\/\\\/dekkal-quincaillerie.dz\\\/fr\\\/produit\\\/pulverisateur-2l-violet-vert-dea-volpi\\\/#breadcrumb\"},\"inLanguage\":\"fr-FR\",\"potentialAction\":[{\"@type\":\"ReadAction\",\"target\":[\"https:\\\/\\\/dekkal-quincaillerie.dz\\\/fr\\\/produit\\\/pulverisateur-2l-violet-vert-dea-volpi\\\/\"]}]},{\"@type\":\"ImageObject\",\"inLanguage\":\"fr-FR\",\"@id\":\"https:\\\/\\\/dekkal-quincaillerie.dz\\\/fr\\\/produit\\\/pulverisateur-2l-violet-vert-dea-volpi\\\/#primaryimage\",\"url\":\"https:\\\/\\\/dekkal-quincaillerie.dz\\\/fr\\\/wp-content\\\/uploads\\\/2023\\\/03\\\/Sans-titre-2.avif\",\"contentUrl\":\"https:\\\/\\\/dekkal-quincaillerie.dz\\\/fr\\\/wp-content\\\/uploads\\\/2023\\\/03\\\/Sans-titre-2.avif\",\"width\":433,\"height\":577},{\"@type\":\"BreadcrumbList\",\"@id\":\"https:\\\/\\\/dekkal-quincaillerie.dz\\\/fr\\\/produit\\\/pulverisateur-2l-violet-vert-dea-volpi\\\/#breadcrumb\",\"itemListElement\":[{\"@type\":\"ListItem\",\"position\":1,\"name\":\"Accueil\",\"item\":\"https:\\\/\\\/dekkal-quincaillerie.dz\\\/fr\\\/\"},{\"@type\":\"ListItem\",\"position\":2,\"name\":\"Boutique\",\"item\":\"https:\\\/\\\/dekkal-quincaillerie.dz\\\/fr\\\/boutique\\\/\"},{\"@type\":\"ListItem\",\"position\":3,\"name\":\"PULVERISATEUR 2L VIOLET\\\/VERT DEA VOLPI\"}]},{\"@type\":\"WebSite\",\"@id\":\"https:\\\/\\\/dekkal-quincaillerie.dz\\\/fr\\\/#website\",\"url\":\"https:\\\/\\\/dekkal-quincaillerie.dz\\\/fr\\\/\",\"name\":\"DEKKAL\",\"description\":\"\",\"publisher\":{\"@id\":\"https:\\\/\\\/dekkal-quincaillerie.dz\\\/fr\\\/#organization\"},\"potentialAction\":[{\"@type\":\"SearchAction\",\"target\":{\"@type\":\"EntryPoint\",\"urlTemplate\":\"https:\\\/\\\/dekkal-quincaillerie.dz\\\/fr\\\/?s={search_term_string}\"},\"query-input\":{\"@type\":\"PropertyValueSpecification\",\"valueRequired\":true,\"valueName\":\"search_term_string\"}}],\"inLanguage\":\"fr-FR\"},{\"@type\":\"Organization\",\"@id\":\"https:\\\/\\\/dekkal-quincaillerie.dz\\\/fr\\\/#organization\",\"name\":\"DEKKAL QUINCAILLERIE\",\"url\":\"https:\\\/\\\/dekkal-quincaillerie.dz\\\/fr\\\/\",\"logo\":{\"@type\":\"ImageObject\",\"inLanguage\":\"fr-FR\",\"@id\":\"https:\\\/\\\/dekkal-quincaillerie.dz\\\/fr\\\/#\\\/schema\\\/logo\\\/image\\\/\",\"url\":\"https:\\\/\\\/dekkal-quincaillerie.dz\\\/fr\\\/wp-content\\\/uploads\\\/2022\\\/03\\\/image_2022-03-19_172411.png\",\"contentUrl\":\"https:\\\/\\\/dekkal-quincaillerie.dz\\\/fr\\\/wp-content\\\/uploads\\\/2022\\\/03\\\/image_2022-03-19_172411.png\",\"width\":851,\"height\":315,\"caption\":\"DEKKAL QUINCAILLERIE\"},\"image\":{\"@id\":\"https:\\\/\\\/dekkal-quincaillerie.dz\\\/fr\\\/#\\\/schema\\\/logo\\\/image\\\/\"},\"sameAs\":[\"https:\\\/\\\/www.facebook.com\\\/ets.dekkal.1\",\"https:\\\/\\\/www.instagram.com\\\/ets.dekkal\\\/\"]}]}<\/script>\n<!-- \/ Yoast SEO Premium plugin. -->","yoast_head_json":{"title":"PULVERISATEUR 2L VIOLET\/VERT DEA VOLPI - DEKKAL","robots":{"index":"index","follow":"follow","max-snippet":"max-snippet:-1","max-image-preview":"max-image-preview:large","max-video-preview":"max-video-preview:-1"},"canonical":"https:\/\/dekkal-quincaillerie.dz\/fr\/produit\/pulverisateur-2l-violet-vert-dea-volpi\/","schema":{"@context":"https:\/\/schema.org","@graph":[{"@type":"WebPage","@id":"https:\/\/dekkal-quincaillerie.dz\/fr\/produit\/pulverisateur-2l-violet-vert-dea-volpi\/","url":"https:\/\/dekkal-quincaillerie.dz\/fr\/produit\/pulverisateur-2l-violet-vert-dea-volpi\/","name":"PULVERISATEUR 2L VIOLET\/VERT DEA VOLPI - DEKKAL","isPartOf":{"@id":"https:\/\/dekkal-quincaillerie.dz\/fr\/#website"},"primaryImageOfPage":{"@id":"https:\/\/dekkal-quincaillerie.dz\/fr\/produit\/pulverisateur-2l-violet-vert-dea-volpi\/#primaryimage"},"image":{"@id":"https:\/\/dekkal-quincaillerie.dz\/fr\/produit\/pulverisateur-2l-violet-vert-dea-volpi\/#primaryimage"},"thumbnailUrl":"https:\/\/dekkal-quincaillerie.dz\/fr\/wp-content\/uploads\/2023\/03\/Sans-titre-2.avif","datePublished":"2023-03-20T11:31:35+00:00","dateModified":"2025-03-29T09:23:02+00:00","breadcrumb":{"@id":"https:\/\/dekkal-quincaillerie.dz\/fr\/produit\/pulverisateur-2l-violet-vert-dea-volpi\/#breadcrumb"},"inLanguage":"fr-FR","potentialAction":[{"@type":"ReadAction","target":["https:\/\/dekkal-quincaillerie.dz\/fr\/produit\/pulverisateur-2l-violet-vert-dea-volpi\/"]}]},{"@type":"ImageObject","inLanguage":"fr-FR","@id":"https:\/\/dekkal-quincaillerie.dz\/fr\/produit\/pulverisateur-2l-violet-vert-dea-volpi\/#primaryimage","url":"https:\/\/dekkal-quincaillerie.dz\/fr\/wp-content\/uploads\/2023\/03\/Sans-titre-2.avif","contentUrl":"https:\/\/dekkal-quincaillerie.dz\/fr\/wp-content\/uploads\/2023\/03\/Sans-titre-2.avif","width":433,"height":577},{"@type":"BreadcrumbList","@id":"https:\/\/dekkal-quincaillerie.dz\/fr\/produit\/pulverisateur-2l-violet-vert-dea-volpi\/#breadcrumb","itemListElement":[{"@type":"ListItem","position":1,"name":"Accueil","item":"https:\/\/dekkal-quincaillerie.dz\/fr\/"},{"@type":"ListItem","position":2,"name":"Boutique","item":"https:\/\/dekkal-quincaillerie.dz\/fr\/boutique\/"},{"@type":"ListItem","position":3,"name":"PULVERISATEUR 2L VIOLET\/VERT DEA VOLPI"}]},{"@type":"WebSite","@id":"https:\/\/dekkal-quincaillerie.dz\/fr\/#website","url":"https:\/\/dekkal-quincaillerie.dz\/fr\/","name":"DEKKAL","description":"","publisher":{"@id":"https:\/\/dekkal-quincaillerie.dz\/fr\/#organization"},"potentialAction":[{"@type":"SearchAction","target":{"@type":"EntryPoint","urlTemplate":"https:\/\/dekkal-quincaillerie.dz\/fr\/?s={search_term_string}"},"query-input":{"@type":"PropertyValueSpecification","valueRequired":true,"valueName":"search_term_string"}}],"inLanguage":"fr-FR"},{"@type":"Organization","@id":"https:\/\/dekkal-quincaillerie.dz\/fr\/#organization","name":"DEKKAL QUINCAILLERIE","url":"https:\/\/dekkal-quincaillerie.dz\/fr\/","logo":{"@type":"ImageObject","inLanguage":"fr-FR","@id":"https:\/\/dekkal-quincaillerie.dz\/fr\/#\/schema\/logo\/image\/","url":"https:\/\/dekkal-quincaillerie.dz\/fr\/wp-content\/uploads\/2022\/03\/image_2022-03-19_172411.png","contentUrl":"https:\/\/dekkal-quincaillerie.dz\/fr\/wp-content\/uploads\/2022\/03\/image_2022-03-19_172411.png","width":851,"height":315,"caption":"DEKKAL QUINCAILLERIE"},"image":{"@id":"https:\/\/dekkal-quincaillerie.dz\/fr\/#\/schema\/logo\/image\/"},"sameAs":["https:\/\/www.facebook.com\/ets.dekkal.1","https:\/\/www.instagram.com\/ets.dekkal\/"]}]}},"jetpack_publicize_connections":[],"jetpack-related-posts":[{"id":5501,"url":"https:\/\/dekkal-quincaillerie.dz\/fr\/produit\/nettoyeur-haute-pression-130-bar-mpx17eh-michelin\/","url_meta":{"origin":6875,"position":0},"title":"Nettoyeur haute pression 130 BAR &#8211; MPX 17EH MICHELIN","author":"admin","date":"mars 19, 2022","format":false,"excerpt":"Le nettoyeur haute pression \u00e0 eau froide MPX17EH MICHELIN permet de laver, en un clin d'\u0153il, les v\u00e9hicules, le jardin et toutes les surfaces domestiques ext\u00e9rieures. Parfait pour tous ceux qui recherchent un appareil \u00e0 haute pression.","rel":"","context":"Article similaire","block_context":{"text":"Article similaire","link":""},"img":{"alt_text":"","src":"https:\/\/dekkal-quincaillerie.dz\/fr\/wp-content\/uploads\/2022\/03\/MPX17EH-M.avif","width":350,"height":200},"classes":[]},{"id":5488,"url":"https:\/\/dekkal-quincaillerie.dz\/fr\/produit\/nettoyeur-haute-pression-110-bar-mpx14e-michelin\/","url_meta":{"origin":6875,"position":1},"title":"Nettoyeur haute pression 110 BAR &#8211; MPX 14E MICHELIN","author":"admin","date":"mars 19, 2022","format":false,"excerpt":"Le nettoyeur haute pression \u00e0 eau froide Michelin MPX14E permet de laver, en un clin d'\u0153il, les v\u00e9hicules, le jardin et toutes les surfaces domestiques ext\u00e9rieures. Parfait pour tous ceux qui recherchent un appareil \u00e0 haute pression.","rel":"","context":"Article similaire","block_context":{"text":"Article similaire","link":""},"img":{"alt_text":"","src":"https:\/\/dekkal-quincaillerie.dz\/fr\/wp-content\/uploads\/2022\/03\/Nettoyeur-110-bar-2.avif","width":350,"height":200},"classes":[]},{"id":5496,"url":"https:\/\/dekkal-quincaillerie.dz\/fr\/produit\/nettoyeur-haute-pression-120-bar-mpx120-michelin\/","url_meta":{"origin":6875,"position":2},"title":"Nettoyeur haute pression 120 BAR &#8211; MPX 120 MICHELIN","author":"admin","date":"mars 19, 2022","format":false,"excerpt":"Le nettoyeur haute pression \u00e0 eau froide Michelin MPX120 permet de laver, en un clin d'\u0153il, les v\u00e9hicules, le jardin et toutes les surfaces domestiques ext\u00e9rieures. Parfait pour tous ceux qui recherchent un appareil \u00e0 haute pression.","rel":"","context":"Article similaire","block_context":{"text":"Article similaire","link":""},"img":{"alt_text":"","src":"https:\/\/dekkal-quincaillerie.dz\/fr\/wp-content\/uploads\/2022\/03\/MPX-120-MMM.avif","width":350,"height":200},"classes":[]},{"id":5504,"url":"https:\/\/dekkal-quincaillerie.dz\/fr\/produit\/nettoyeur-haute-pression-160-bar-mpx22ehx-michelin\/","url_meta":{"origin":6875,"position":3},"title":"Nettoyeur haute pression 160 BAR &#8211; MPX 22EHX MICHELIN","author":"admin","date":"mars 19, 2022","format":false,"excerpt":"Nettoyeur haute pression 160 BAR - MPX22EHX MICHELIN Caract\u00e9ristiques: Pression (BAR) max. 160 ; Puissance absorb\u00e9e (kW) 2,2; Temp\u00e9rature eau d'alimentation (\u00b0C) max. 50 Nettoyeur haute pression id\u00e9al pour nettoyer les v\u00e9los, les motos, les autos et les surfaces domestiques ext\u00e9rieures \u00c9quipement : pistolet, lance et flexible \u00e0 haute pression\u2026","rel":"","context":"Article similaire","block_context":{"text":"Article similaire","link":""},"img":{"alt_text":"","src":"https:\/\/dekkal-quincaillerie.dz\/fr\/wp-content\/uploads\/2022\/03\/MPX22EHX.avif","width":350,"height":200},"classes":[]},{"id":14521,"url":"https:\/\/dekkal-quincaillerie.dz\/fr\/produit\/nettoyeur-1400w\/","url_meta":{"origin":6875,"position":4},"title":"nettoyeur 1400W","author":"Admin","date":"mars 15, 2026","format":false,"excerpt":"Le karcher Crown 1400W (nettoyeur haute pression) est une machine utilis\u00e9e pour nettoyer les voitures, sols, murs, terrasses et outils avec de l\u2019eau sous haute pression.","rel":"","context":"Article similaire","block_context":{"text":"Article similaire","link":""},"img":{"alt_text":"","src":"https:\/\/i0.wp.com\/dekkal-quincaillerie.dz\/fr\/wp-content\/uploads\/2026\/03\/nettoyeur-haute-pression-100bar-1400w-crown-300x300.jpg?resize=350%2C200&ssl=1","width":350,"height":200},"classes":[]},{"id":5511,"url":"https:\/\/dekkal-quincaillerie.dz\/fr\/produit\/nettoyeur-haute-pression-90-bar-nhp1600-90-soficlef\/","url_meta":{"origin":6875,"position":5},"title":"Nettoyeur haute pression 90 BAR NHP1600-90 SOFICLEF","author":"admin","date":"mars 19, 2022","format":false,"excerpt":"Nettoyeur haute pression 90 BAR NPH1600-90 SOFICLEF Caract\u00e9ristiques techniques: 90 BAR 230 V 5.5 L\/MIN 97 DB (A) Pompe \u00e0 3 pistons Piston tromp\u00e9 en inox Syst\u00e8me d'arr\u00eat automatique Protection thermique Roues en caoutchouc Poids: 9 KG Accessoires: Pistolet haute pression Tuyau flexible de 5 M R\u00e9servoir \u00e0 savon","rel":"","context":"Article similaire","block_context":{"text":"Article similaire","link":""},"img":{"alt_text":"","src":"https:\/\/dekkal-quincaillerie.dz\/fr\/wp-content\/uploads\/2022\/03\/NPH1600.avif","width":350,"height":200},"classes":[]}],"jetpack_likes_enabled":true,"jetpack_sharing_enabled":true,"_links":{"self":[{"href":"https:\/\/dekkal-quincaillerie.dz\/fr\/wp-json\/wp\/v2\/product\/6875","targetHints":{"allow":["GET"]}}],"collection":[{"href":"https:\/\/dekkal-quincaillerie.dz\/fr\/wp-json\/wp\/v2\/product"}],"about":[{"href":"https:\/\/dekkal-quincaillerie.dz\/fr\/wp-json\/wp\/v2\/types\/product"}],"wp:featuredmedia":[{"embeddable":true,"href":"https:\/\/dekkal-quincaillerie.dz\/fr\/wp-json\/wp\/v2\/media\/6878"}],"wp:attachment":[{"href":"https:\/\/dekkal-quincaillerie.dz\/fr\/wp-json\/wp\/v2\/media?parent=6875"}],"wp:term":[{"taxonomy":"product_brand","embeddable":true,"href":"https:\/\/dekkal-quincaillerie.dz\/fr\/wp-json\/wp\/v2\/product_brand?post=6875"},{"taxonomy":"product_cat","embeddable":true,"href":"https:\/\/dekkal-quincaillerie.dz\/fr\/wp-json\/wp\/v2\/product_cat?post=6875"},{"taxonomy":"product_tag","embeddable":true,"href":"https:\/\/dekkal-quincaillerie.dz\/fr\/wp-json\/wp\/v2\/product_tag?post=6875"}],"curies":[{"name":"wp","href":"https:\/\/api.w.org\/{rel}","templated":true}]}}