{"id":6814,"date":"2023-01-25T12:59:54","date_gmt":"2023-01-25T12:59:54","guid":{"rendered":"https:\/\/dekkal-quincaillerie.dz\/fr\/?post_type=product&#038;p=6814"},"modified":"2025-06-15T10:48:57","modified_gmt":"2025-06-15T10:48:57","slug":"colle-de-contact-20g-pattex","status":"publish","type":"product","link":"https:\/\/dekkal-quincaillerie.dz\/fr\/produit\/colle-de-contact-20g-pattex\/","title":{"rendered":"COLLE DE CONTACT 20G PATTEX"},"content":{"rendered":"<div class=\"product_accordion_title\">\n<div class=\"product_accordion_name\">\n<p><strong>*<em>Pattex Multi est une colle Multi-usages id\u00e9ale pour toutes les r\u00e9parations et tous les assemblages du quotidien.<\/em><\/strong><\/p>\n<h2>DESCRIPTION:<\/h2>\n<ul>\n<li>Colle Pattex tout usage id\u00e9ale pour les r\u00e9parations ou les assemblages de diff\u00e9rents mat\u00e9riaux.<\/li>\n<li>Utilisable dans de nombreux domaines et sur un grand nombre de mat\u00e9riaux.<\/li>\n<li>Peut s&rsquo;utiliser aussi bien en int\u00e9rieur qu&rsquo;en ext\u00e9rieur.<\/li>\n<li>Colle pour les loisirs cr\u00e9atifs ou le bricolage.<\/li>\n<\/ul>\n<\/div>\n<\/div>\n<div class=\"pa_content\">\n<div id=\"short_description_block\" class=\"row\">\n<div id=\"short_description_content\" class=\"rte align_justify\">\n<h2>Caract\u00e9ristiques:<\/h2>\n<ul>\n<li>Colle sur de nombreux mat\u00e9riaux : bois et d\u00e9riv\u00e9s, carton, papier, feutrine, li\u00e8ge, m\u00e9tal, cuir, verre, plastique, PVC, polystyr\u00e8ne, plexiglas&#8230;<\/li>\n<li>Colle transparente.<\/li>\n<li>Sans odeur.<\/li>\n<li>Colle acrylique.<\/li>\n<li>Sans solvant.<\/li>\n<li>Formule en gel qui ne coule pas.<\/li>\n<li>S\u00e9chage complet apr\u00e8s 24h.<\/li>\n<\/ul>\n<\/div>\n<\/div>\n<\/div>\n","protected":false},"excerpt":{"rendered":"<p>*Pattex Multi est une colle Multi-usages id\u00e9ale pour toutes les r\u00e9parations et tous les assemblages du quotidien. DESCRIPTION: Colle Pattex tout usage id\u00e9ale pour les r\u00e9parations ou les assemblages de diff\u00e9rents mat\u00e9riaux. Utilisable dans de nombreux domaines et sur un grand nombre de mat\u00e9riaux. Peut s&rsquo;utiliser aussi bien en int\u00e9rieur qu&rsquo;en ext\u00e9rieur. Colle pour les [&hellip;]<\/p>\n","protected":false},"featured_media":0,"template":"","meta":{"jetpack_post_was_ever_published":false,"jetpack_publicize_message":"","jetpack_publicize_feature_enabled":true,"jetpack_social_post_already_shared":false,"jetpack_social_options":{"image_generator_settings":{"template":"highway","default_image_id":0,"font":"","enabled":false},"version":2}},"product_brand":[],"product_cat":[15],"product_tag":[],"class_list":{"0":"post-6814","1":"product","2":"type-product","3":"status-publish","5":"product_cat-non-classe","7":"first","8":"instock","9":"taxable","10":"shipping-taxable","11":"purchasable","12":"product-type-simple"},"yoast_head":"<!-- This site is optimized with the Yoast SEO Premium plugin v20.0 (Yoast SEO v27.4) - https:\/\/yoast.com\/product\/yoast-seo-premium-wordpress\/ -->\n<title>COLLE DE CONTACT 20G PATTEX - DEKKAL<\/title>\n<meta name=\"robots\" content=\"index, follow, max-snippet:-1, max-image-preview:large, max-video-preview:-1\" \/>\n<link rel=\"canonical\" href=\"https:\/\/dekkal-quincaillerie.dz\/fr\/produit\/colle-de-contact-20g-pattex\/\" \/>\n<script type=\"application\/ld+json\" class=\"yoast-schema-graph\">{\"@context\":\"https:\\\/\\\/schema.org\",\"@graph\":[{\"@type\":\"WebPage\",\"@id\":\"https:\\\/\\\/dekkal-quincaillerie.dz\\\/fr\\\/produit\\\/colle-de-contact-20g-pattex\\\/\",\"url\":\"https:\\\/\\\/dekkal-quincaillerie.dz\\\/fr\\\/produit\\\/colle-de-contact-20g-pattex\\\/\",\"name\":\"COLLE DE CONTACT 20G PATTEX - DEKKAL\",\"isPartOf\":{\"@id\":\"https:\\\/\\\/dekkal-quincaillerie.dz\\\/fr\\\/#website\"},\"datePublished\":\"2023-01-25T12:59:54+00:00\",\"dateModified\":\"2025-06-15T10:48:57+00:00\",\"breadcrumb\":{\"@id\":\"https:\\\/\\\/dekkal-quincaillerie.dz\\\/fr\\\/produit\\\/colle-de-contact-20g-pattex\\\/#breadcrumb\"},\"inLanguage\":\"fr-FR\",\"potentialAction\":[{\"@type\":\"ReadAction\",\"target\":[\"https:\\\/\\\/dekkal-quincaillerie.dz\\\/fr\\\/produit\\\/colle-de-contact-20g-pattex\\\/\"]}]},{\"@type\":\"BreadcrumbList\",\"@id\":\"https:\\\/\\\/dekkal-quincaillerie.dz\\\/fr\\\/produit\\\/colle-de-contact-20g-pattex\\\/#breadcrumb\",\"itemListElement\":[{\"@type\":\"ListItem\",\"position\":1,\"name\":\"Accueil\",\"item\":\"https:\\\/\\\/dekkal-quincaillerie.dz\\\/fr\\\/\"},{\"@type\":\"ListItem\",\"position\":2,\"name\":\"Boutique\",\"item\":\"https:\\\/\\\/dekkal-quincaillerie.dz\\\/fr\\\/boutique\\\/\"},{\"@type\":\"ListItem\",\"position\":3,\"name\":\"COLLE DE CONTACT 20G PATTEX\"}]},{\"@type\":\"WebSite\",\"@id\":\"https:\\\/\\\/dekkal-quincaillerie.dz\\\/fr\\\/#website\",\"url\":\"https:\\\/\\\/dekkal-quincaillerie.dz\\\/fr\\\/\",\"name\":\"DEKKAL\",\"description\":\"\",\"publisher\":{\"@id\":\"https:\\\/\\\/dekkal-quincaillerie.dz\\\/fr\\\/#organization\"},\"potentialAction\":[{\"@type\":\"SearchAction\",\"target\":{\"@type\":\"EntryPoint\",\"urlTemplate\":\"https:\\\/\\\/dekkal-quincaillerie.dz\\\/fr\\\/?s={search_term_string}\"},\"query-input\":{\"@type\":\"PropertyValueSpecification\",\"valueRequired\":true,\"valueName\":\"search_term_string\"}}],\"inLanguage\":\"fr-FR\"},{\"@type\":\"Organization\",\"@id\":\"https:\\\/\\\/dekkal-quincaillerie.dz\\\/fr\\\/#organization\",\"name\":\"DEKKAL QUINCAILLERIE\",\"url\":\"https:\\\/\\\/dekkal-quincaillerie.dz\\\/fr\\\/\",\"logo\":{\"@type\":\"ImageObject\",\"inLanguage\":\"fr-FR\",\"@id\":\"https:\\\/\\\/dekkal-quincaillerie.dz\\\/fr\\\/#\\\/schema\\\/logo\\\/image\\\/\",\"url\":\"https:\\\/\\\/dekkal-quincaillerie.dz\\\/fr\\\/wp-content\\\/uploads\\\/2022\\\/03\\\/image_2022-03-19_172411.png\",\"contentUrl\":\"https:\\\/\\\/dekkal-quincaillerie.dz\\\/fr\\\/wp-content\\\/uploads\\\/2022\\\/03\\\/image_2022-03-19_172411.png\",\"width\":851,\"height\":315,\"caption\":\"DEKKAL QUINCAILLERIE\"},\"image\":{\"@id\":\"https:\\\/\\\/dekkal-quincaillerie.dz\\\/fr\\\/#\\\/schema\\\/logo\\\/image\\\/\"},\"sameAs\":[\"https:\\\/\\\/www.facebook.com\\\/ets.dekkal.1\",\"https:\\\/\\\/www.instagram.com\\\/ets.dekkal\\\/\"]}]}<\/script>\n<!-- \/ Yoast SEO Premium plugin. -->","yoast_head_json":{"title":"COLLE DE CONTACT 20G PATTEX - DEKKAL","robots":{"index":"index","follow":"follow","max-snippet":"max-snippet:-1","max-image-preview":"max-image-preview:large","max-video-preview":"max-video-preview:-1"},"canonical":"https:\/\/dekkal-quincaillerie.dz\/fr\/produit\/colle-de-contact-20g-pattex\/","schema":{"@context":"https:\/\/schema.org","@graph":[{"@type":"WebPage","@id":"https:\/\/dekkal-quincaillerie.dz\/fr\/produit\/colle-de-contact-20g-pattex\/","url":"https:\/\/dekkal-quincaillerie.dz\/fr\/produit\/colle-de-contact-20g-pattex\/","name":"COLLE DE CONTACT 20G PATTEX - DEKKAL","isPartOf":{"@id":"https:\/\/dekkal-quincaillerie.dz\/fr\/#website"},"datePublished":"2023-01-25T12:59:54+00:00","dateModified":"2025-06-15T10:48:57+00:00","breadcrumb":{"@id":"https:\/\/dekkal-quincaillerie.dz\/fr\/produit\/colle-de-contact-20g-pattex\/#breadcrumb"},"inLanguage":"fr-FR","potentialAction":[{"@type":"ReadAction","target":["https:\/\/dekkal-quincaillerie.dz\/fr\/produit\/colle-de-contact-20g-pattex\/"]}]},{"@type":"BreadcrumbList","@id":"https:\/\/dekkal-quincaillerie.dz\/fr\/produit\/colle-de-contact-20g-pattex\/#breadcrumb","itemListElement":[{"@type":"ListItem","position":1,"name":"Accueil","item":"https:\/\/dekkal-quincaillerie.dz\/fr\/"},{"@type":"ListItem","position":2,"name":"Boutique","item":"https:\/\/dekkal-quincaillerie.dz\/fr\/boutique\/"},{"@type":"ListItem","position":3,"name":"COLLE DE CONTACT 20G PATTEX"}]},{"@type":"WebSite","@id":"https:\/\/dekkal-quincaillerie.dz\/fr\/#website","url":"https:\/\/dekkal-quincaillerie.dz\/fr\/","name":"DEKKAL","description":"","publisher":{"@id":"https:\/\/dekkal-quincaillerie.dz\/fr\/#organization"},"potentialAction":[{"@type":"SearchAction","target":{"@type":"EntryPoint","urlTemplate":"https:\/\/dekkal-quincaillerie.dz\/fr\/?s={search_term_string}"},"query-input":{"@type":"PropertyValueSpecification","valueRequired":true,"valueName":"search_term_string"}}],"inLanguage":"fr-FR"},{"@type":"Organization","@id":"https:\/\/dekkal-quincaillerie.dz\/fr\/#organization","name":"DEKKAL QUINCAILLERIE","url":"https:\/\/dekkal-quincaillerie.dz\/fr\/","logo":{"@type":"ImageObject","inLanguage":"fr-FR","@id":"https:\/\/dekkal-quincaillerie.dz\/fr\/#\/schema\/logo\/image\/","url":"https:\/\/dekkal-quincaillerie.dz\/fr\/wp-content\/uploads\/2022\/03\/image_2022-03-19_172411.png","contentUrl":"https:\/\/dekkal-quincaillerie.dz\/fr\/wp-content\/uploads\/2022\/03\/image_2022-03-19_172411.png","width":851,"height":315,"caption":"DEKKAL QUINCAILLERIE"},"image":{"@id":"https:\/\/dekkal-quincaillerie.dz\/fr\/#\/schema\/logo\/image\/"},"sameAs":["https:\/\/www.facebook.com\/ets.dekkal.1","https:\/\/www.instagram.com\/ets.dekkal\/"]}]}},"jetpack_publicize_connections":[],"jetpack-related-posts":[{"id":6815,"url":"https:\/\/dekkal-quincaillerie.dz\/fr\/produit\/colle-de-contact-50g-pattex\/","url_meta":{"origin":6814,"position":0},"title":"COLLE DE CONTACT 50G PATTEX","author":"webmaster","date":"janvier 25, 2023","format":false,"excerpt":"*Pattex Multi est une colle Multi-usages id\u00e9ale pour toutes les r\u00e9parations et tous les assemblages du quotidien. DESCRIPTION: Colle Pattex tout usage id\u00e9ale pour les r\u00e9parations ou les assemblages de diff\u00e9rents mat\u00e9riaux. Utilisable dans de nombreux domaines et sur un grand nombre de mat\u00e9riaux. Peut s'utiliser aussi bien en int\u00e9rieur\u2026","rel":"","context":"Article similaire","block_context":{"text":"Article similaire","link":""},"img":{"alt_text":"","src":"","width":0,"height":0},"classes":[]},{"id":10229,"url":"https:\/\/dekkal-quincaillerie.dz\/fr\/produit\/colle-de-contact-750mi-pattex\/","url_meta":{"origin":6814,"position":1},"title":"COLLE DE CONTACT 750MI PATTEX","author":"dekkal","date":"d\u00e9cembre 28, 2024","format":false,"excerpt":"COLLE DE CONTACT 750MI PATTEX Performances et Applications La colle de contact 750ml Pattex est un adh\u00e9sif puissant et polyvalent, indispensable pour les professionnels et les bricoleurs. Cette colle offre une adh\u00e9rence exceptionnelle sur une vari\u00e9t\u00e9 de mat\u00e9riaux tels que le bois, le m\u00e9tal, le caoutchouc, le plastique et les\u2026","rel":"","context":"Article similaire","block_context":{"text":"Article similaire","link":""},"img":{"alt_text":"colle-de-contact-750mi-pattex","src":"https:\/\/dekkal-quincaillerie.dz\/fr\/wp-content\/uploads\/2024\/12\/1000020737-png.avif","width":350,"height":200,"srcset":"https:\/\/dekkal-quincaillerie.dz\/fr\/wp-content\/uploads\/2024\/12\/1000020737-png.avif 1x, https:\/\/dekkal-quincaillerie.dz\/fr\/wp-content\/uploads\/2024\/12\/1000020737-png.avif 1.5x"},"classes":[]},{"id":5080,"url":"https:\/\/dekkal-quincaillerie.dz\/fr\/produit\/silicone-multi-usage-pattex\/","url_meta":{"origin":6814,"position":2},"title":"Silicone multi-usage 280 ML PATTEX","author":"admin","date":"mars 19, 2022","format":false,"excerpt":"Silicone multi-usage 280 ML PATTEX Description : Utilisable en int\u00e9rieur et en ext\u00e9rieur, Utilisation multi-surface, R\u00e9siste au UV et aux intemp\u00e9ries. \u00a0","rel":"","context":"Article similaire","block_context":{"text":"Article similaire","link":""},"img":{"alt_text":"","src":"https:\/\/dekkal-quincaillerie.dz\/fr\/wp-content\/uploads\/2022\/03\/PATTEX.avif","width":350,"height":200,"srcset":"https:\/\/dekkal-quincaillerie.dz\/fr\/wp-content\/uploads\/2022\/03\/PATTEX.avif 1x, https:\/\/dekkal-quincaillerie.dz\/fr\/wp-content\/uploads\/2022\/03\/PATTEX.avif 1.5x, https:\/\/dekkal-quincaillerie.dz\/fr\/wp-content\/uploads\/2022\/03\/PATTEX.avif 2x, https:\/\/dekkal-quincaillerie.dz\/fr\/wp-content\/uploads\/2022\/03\/PATTEX.avif 3x, https:\/\/dekkal-quincaillerie.dz\/fr\/wp-content\/uploads\/2022\/03\/PATTEX.avif 4x"},"classes":[]},{"id":10218,"url":"https:\/\/dekkal-quincaillerie.dz\/fr\/produit\/colle-epoxy-80g-ab-es-501-fast-weld\/","url_meta":{"origin":6814,"position":3},"title":"COLLE EPOXY 80G AB ES-501 FAST WELD","author":"dekkal","date":"d\u00e9cembre 28, 2024","format":false,"excerpt":"COLLE EPOXY 80G AB ES-501 FAST WELD Performances et Applications La colle \u00e9poxy 80g AB ES-501 Fast Weld est id\u00e9ale pour les professionnels et les amateurs de bricolage. Cette colle \u00e9poxy bicomposant offre une adh\u00e9rence exceptionnelle et une r\u00e9sistance maximale. Elle est parfaite pour les projets de construction, de r\u00e9paration\u2026","rel":"","context":"Article similaire","block_context":{"text":"Article similaire","link":""},"img":{"alt_text":"colle-epoxy-80g-ab-es-501-fast-weld","src":"https:\/\/dekkal-quincaillerie.dz\/fr\/wp-content\/uploads\/2024\/12\/1000020712-png.avif","width":350,"height":200,"srcset":"https:\/\/dekkal-quincaillerie.dz\/fr\/wp-content\/uploads\/2024\/12\/1000020712-png.avif 1x, https:\/\/dekkal-quincaillerie.dz\/fr\/wp-content\/uploads\/2024\/12\/1000020712-png.avif 1.5x"},"classes":[]},{"id":10216,"url":"https:\/\/dekkal-quincaillerie.dz\/fr\/produit\/colle-ab-glue-70g-meta-kafuteng\/","url_meta":{"origin":6814,"position":4},"title":"COLLE AB GLUE 70G META KAFUTENG","author":"dekkal","date":"d\u00e9cembre 28, 2024","format":false,"excerpt":"COLLE AB GLUE 70G META KAFUTENG Performances et Applications La colle AB Glue 70g Meta Kafuteng est un adh\u00e9sif puissant et polyvalent, id\u00e9al pour une vari\u00e9t\u00e9 d'applications. Con\u00e7ue pour les professionnels et les bricoleurs, cette colle bicomposant offre une adh\u00e9rence exceptionnelle et une solidit\u00e9 remarquable. Elle est parfaite pour coller\u2026","rel":"","context":"Article similaire","block_context":{"text":"Article similaire","link":""},"img":{"alt_text":"colle-ab-glue-70g-meta-kafuteng","src":"https:\/\/dekkal-quincaillerie.dz\/fr\/wp-content\/uploads\/2024\/12\/1000020708-png.avif","width":350,"height":200,"srcset":"https:\/\/dekkal-quincaillerie.dz\/fr\/wp-content\/uploads\/2024\/12\/1000020708-png.avif 1x, https:\/\/dekkal-quincaillerie.dz\/fr\/wp-content\/uploads\/2024\/12\/1000020708-png.avif 1.5x"},"classes":[]},{"id":5160,"url":"https:\/\/dekkal-quincaillerie.dz\/fr\/produit\/colle-fi-x-expert-tkk\/","url_meta":{"origin":6814,"position":5},"title":"COLLE ADHESIVE 290 ML MULTI-USAGE TRANSPARENTE FI-X EXPERT TKK","author":"admin","date":"mars 19, 2022","format":false,"excerpt":"\u00a0 \u00a0","rel":"","context":"Article similaire","block_context":{"text":"Article similaire","link":""},"img":{"alt_text":"","src":"https:\/\/dekkal-quincaillerie.dz\/fr\/wp-content\/uploads\/2022\/03\/PhotoRoom-20210531_093901-2-1.avif","width":350,"height":200,"srcset":"https:\/\/dekkal-quincaillerie.dz\/fr\/wp-content\/uploads\/2022\/03\/PhotoRoom-20210531_093901-2-1.avif 1x, https:\/\/dekkal-quincaillerie.dz\/fr\/wp-content\/uploads\/2022\/03\/PhotoRoom-20210531_093901-2-1.avif 1.5x, https:\/\/dekkal-quincaillerie.dz\/fr\/wp-content\/uploads\/2022\/03\/PhotoRoom-20210531_093901-2-1.avif 2x, https:\/\/dekkal-quincaillerie.dz\/fr\/wp-content\/uploads\/2022\/03\/PhotoRoom-20210531_093901-2-1.avif 3x, https:\/\/dekkal-quincaillerie.dz\/fr\/wp-content\/uploads\/2022\/03\/PhotoRoom-20210531_093901-2-1.avif 4x"},"classes":[]}],"jetpack_likes_enabled":true,"jetpack_sharing_enabled":true,"_links":{"self":[{"href":"https:\/\/dekkal-quincaillerie.dz\/fr\/wp-json\/wp\/v2\/product\/6814","targetHints":{"allow":["GET"]}}],"collection":[{"href":"https:\/\/dekkal-quincaillerie.dz\/fr\/wp-json\/wp\/v2\/product"}],"about":[{"href":"https:\/\/dekkal-quincaillerie.dz\/fr\/wp-json\/wp\/v2\/types\/product"}],"wp:attachment":[{"href":"https:\/\/dekkal-quincaillerie.dz\/fr\/wp-json\/wp\/v2\/media?parent=6814"}],"wp:term":[{"taxonomy":"product_brand","embeddable":true,"href":"https:\/\/dekkal-quincaillerie.dz\/fr\/wp-json\/wp\/v2\/product_brand?post=6814"},{"taxonomy":"product_cat","embeddable":true,"href":"https:\/\/dekkal-quincaillerie.dz\/fr\/wp-json\/wp\/v2\/product_cat?post=6814"},{"taxonomy":"product_tag","embeddable":true,"href":"https:\/\/dekkal-quincaillerie.dz\/fr\/wp-json\/wp\/v2\/product_tag?post=6814"}],"curies":[{"name":"wp","href":"https:\/\/api.w.org\/{rel}","templated":true}]}}