{"id":6813,"date":"2023-01-25T12:41:22","date_gmt":"2023-01-25T12:41:22","guid":{"rendered":"https:\/\/dekkal-quincaillerie.dz\/fr\/?post_type=product&#038;p=6813"},"modified":"2025-03-22T07:16:53","modified_gmt":"2025-03-22T07:16:53","slug":"colle-pare-brise-noire-280ml-selsil","status":"publish","type":"product","link":"https:\/\/dekkal-quincaillerie.dz\/fr\/produit\/colle-pare-brise-noire-280ml-selsil\/","title":{"rendered":"COLLE PARE-BRISE NOIRE 280ML SELSIL"},"content":{"rendered":"","protected":false},"excerpt":{"rendered":"","protected":false},"featured_media":0,"template":"","meta":{"jetpack_post_was_ever_published":false,"jetpack_publicize_message":"","jetpack_publicize_feature_enabled":true,"jetpack_social_post_already_shared":false,"jetpack_social_options":{"image_generator_settings":{"template":"highway","default_image_id":0,"font":"","enabled":false},"version":2}},"product_brand":[],"product_cat":[15],"product_tag":[],"class_list":{"0":"post-6813","1":"product","2":"type-product","3":"status-publish","5":"product_cat-non-classe","7":"first","8":"outofstock","9":"taxable","10":"shipping-taxable","11":"purchasable","12":"product-type-simple"},"yoast_head":"<!-- This site is optimized with the Yoast SEO Premium plugin v20.0 (Yoast SEO v27.4) - https:\/\/yoast.com\/product\/yoast-seo-premium-wordpress\/ -->\n<title>COLLE PARE-BRISE NOIRE 280ML SELSIL - DEKKAL<\/title>\n<meta name=\"robots\" content=\"index, follow, max-snippet:-1, max-image-preview:large, max-video-preview:-1\" \/>\n<link rel=\"canonical\" href=\"https:\/\/dekkal-quincaillerie.dz\/fr\/produit\/colle-pare-brise-noire-280ml-selsil\/\" \/>\n<script type=\"application\/ld+json\" class=\"yoast-schema-graph\">{\"@context\":\"https:\\\/\\\/schema.org\",\"@graph\":[{\"@type\":\"WebPage\",\"@id\":\"https:\\\/\\\/dekkal-quincaillerie.dz\\\/fr\\\/produit\\\/colle-pare-brise-noire-280ml-selsil\\\/\",\"url\":\"https:\\\/\\\/dekkal-quincaillerie.dz\\\/fr\\\/produit\\\/colle-pare-brise-noire-280ml-selsil\\\/\",\"name\":\"COLLE PARE-BRISE NOIRE 280ML SELSIL - DEKKAL\",\"isPartOf\":{\"@id\":\"https:\\\/\\\/dekkal-quincaillerie.dz\\\/fr\\\/#website\"},\"datePublished\":\"2023-01-25T12:41:22+00:00\",\"dateModified\":\"2025-03-22T07:16:53+00:00\",\"breadcrumb\":{\"@id\":\"https:\\\/\\\/dekkal-quincaillerie.dz\\\/fr\\\/produit\\\/colle-pare-brise-noire-280ml-selsil\\\/#breadcrumb\"},\"inLanguage\":\"fr-FR\",\"potentialAction\":[{\"@type\":\"ReadAction\",\"target\":[\"https:\\\/\\\/dekkal-quincaillerie.dz\\\/fr\\\/produit\\\/colle-pare-brise-noire-280ml-selsil\\\/\"]}]},{\"@type\":\"BreadcrumbList\",\"@id\":\"https:\\\/\\\/dekkal-quincaillerie.dz\\\/fr\\\/produit\\\/colle-pare-brise-noire-280ml-selsil\\\/#breadcrumb\",\"itemListElement\":[{\"@type\":\"ListItem\",\"position\":1,\"name\":\"Accueil\",\"item\":\"https:\\\/\\\/dekkal-quincaillerie.dz\\\/fr\\\/\"},{\"@type\":\"ListItem\",\"position\":2,\"name\":\"Boutique\",\"item\":\"https:\\\/\\\/dekkal-quincaillerie.dz\\\/fr\\\/boutique\\\/\"},{\"@type\":\"ListItem\",\"position\":3,\"name\":\"COLLE PARE-BRISE NOIRE 280ML SELSIL\"}]},{\"@type\":\"WebSite\",\"@id\":\"https:\\\/\\\/dekkal-quincaillerie.dz\\\/fr\\\/#website\",\"url\":\"https:\\\/\\\/dekkal-quincaillerie.dz\\\/fr\\\/\",\"name\":\"DEKKAL\",\"description\":\"\",\"publisher\":{\"@id\":\"https:\\\/\\\/dekkal-quincaillerie.dz\\\/fr\\\/#organization\"},\"potentialAction\":[{\"@type\":\"SearchAction\",\"target\":{\"@type\":\"EntryPoint\",\"urlTemplate\":\"https:\\\/\\\/dekkal-quincaillerie.dz\\\/fr\\\/?s={search_term_string}\"},\"query-input\":{\"@type\":\"PropertyValueSpecification\",\"valueRequired\":true,\"valueName\":\"search_term_string\"}}],\"inLanguage\":\"fr-FR\"},{\"@type\":\"Organization\",\"@id\":\"https:\\\/\\\/dekkal-quincaillerie.dz\\\/fr\\\/#organization\",\"name\":\"DEKKAL QUINCAILLERIE\",\"url\":\"https:\\\/\\\/dekkal-quincaillerie.dz\\\/fr\\\/\",\"logo\":{\"@type\":\"ImageObject\",\"inLanguage\":\"fr-FR\",\"@id\":\"https:\\\/\\\/dekkal-quincaillerie.dz\\\/fr\\\/#\\\/schema\\\/logo\\\/image\\\/\",\"url\":\"https:\\\/\\\/dekkal-quincaillerie.dz\\\/fr\\\/wp-content\\\/uploads\\\/2022\\\/03\\\/image_2022-03-19_172411.png\",\"contentUrl\":\"https:\\\/\\\/dekkal-quincaillerie.dz\\\/fr\\\/wp-content\\\/uploads\\\/2022\\\/03\\\/image_2022-03-19_172411.png\",\"width\":851,\"height\":315,\"caption\":\"DEKKAL QUINCAILLERIE\"},\"image\":{\"@id\":\"https:\\\/\\\/dekkal-quincaillerie.dz\\\/fr\\\/#\\\/schema\\\/logo\\\/image\\\/\"},\"sameAs\":[\"https:\\\/\\\/www.facebook.com\\\/ets.dekkal.1\",\"https:\\\/\\\/www.instagram.com\\\/ets.dekkal\\\/\"]}]}<\/script>\n<!-- \/ Yoast SEO Premium plugin. -->","yoast_head_json":{"title":"COLLE PARE-BRISE NOIRE 280ML SELSIL - DEKKAL","robots":{"index":"index","follow":"follow","max-snippet":"max-snippet:-1","max-image-preview":"max-image-preview:large","max-video-preview":"max-video-preview:-1"},"canonical":"https:\/\/dekkal-quincaillerie.dz\/fr\/produit\/colle-pare-brise-noire-280ml-selsil\/","schema":{"@context":"https:\/\/schema.org","@graph":[{"@type":"WebPage","@id":"https:\/\/dekkal-quincaillerie.dz\/fr\/produit\/colle-pare-brise-noire-280ml-selsil\/","url":"https:\/\/dekkal-quincaillerie.dz\/fr\/produit\/colle-pare-brise-noire-280ml-selsil\/","name":"COLLE PARE-BRISE NOIRE 280ML SELSIL - DEKKAL","isPartOf":{"@id":"https:\/\/dekkal-quincaillerie.dz\/fr\/#website"},"datePublished":"2023-01-25T12:41:22+00:00","dateModified":"2025-03-22T07:16:53+00:00","breadcrumb":{"@id":"https:\/\/dekkal-quincaillerie.dz\/fr\/produit\/colle-pare-brise-noire-280ml-selsil\/#breadcrumb"},"inLanguage":"fr-FR","potentialAction":[{"@type":"ReadAction","target":["https:\/\/dekkal-quincaillerie.dz\/fr\/produit\/colle-pare-brise-noire-280ml-selsil\/"]}]},{"@type":"BreadcrumbList","@id":"https:\/\/dekkal-quincaillerie.dz\/fr\/produit\/colle-pare-brise-noire-280ml-selsil\/#breadcrumb","itemListElement":[{"@type":"ListItem","position":1,"name":"Accueil","item":"https:\/\/dekkal-quincaillerie.dz\/fr\/"},{"@type":"ListItem","position":2,"name":"Boutique","item":"https:\/\/dekkal-quincaillerie.dz\/fr\/boutique\/"},{"@type":"ListItem","position":3,"name":"COLLE PARE-BRISE NOIRE 280ML SELSIL"}]},{"@type":"WebSite","@id":"https:\/\/dekkal-quincaillerie.dz\/fr\/#website","url":"https:\/\/dekkal-quincaillerie.dz\/fr\/","name":"DEKKAL","description":"","publisher":{"@id":"https:\/\/dekkal-quincaillerie.dz\/fr\/#organization"},"potentialAction":[{"@type":"SearchAction","target":{"@type":"EntryPoint","urlTemplate":"https:\/\/dekkal-quincaillerie.dz\/fr\/?s={search_term_string}"},"query-input":{"@type":"PropertyValueSpecification","valueRequired":true,"valueName":"search_term_string"}}],"inLanguage":"fr-FR"},{"@type":"Organization","@id":"https:\/\/dekkal-quincaillerie.dz\/fr\/#organization","name":"DEKKAL QUINCAILLERIE","url":"https:\/\/dekkal-quincaillerie.dz\/fr\/","logo":{"@type":"ImageObject","inLanguage":"fr-FR","@id":"https:\/\/dekkal-quincaillerie.dz\/fr\/#\/schema\/logo\/image\/","url":"https:\/\/dekkal-quincaillerie.dz\/fr\/wp-content\/uploads\/2022\/03\/image_2022-03-19_172411.png","contentUrl":"https:\/\/dekkal-quincaillerie.dz\/fr\/wp-content\/uploads\/2022\/03\/image_2022-03-19_172411.png","width":851,"height":315,"caption":"DEKKAL QUINCAILLERIE"},"image":{"@id":"https:\/\/dekkal-quincaillerie.dz\/fr\/#\/schema\/logo\/image\/"},"sameAs":["https:\/\/www.facebook.com\/ets.dekkal.1","https:\/\/www.instagram.com\/ets.dekkal\/"]}]}},"jetpack_publicize_connections":[],"jetpack-related-posts":[{"id":9444,"url":"https:\/\/dekkal-quincaillerie.dz\/fr\/produit\/colle-adhesif\/","url_meta":{"origin":6813,"position":0},"title":"COLLE ADHESIF SPRY AVEC DURCISSEUR 125G MDF SELSIL","author":"dekkal","date":"octobre 10, 2024","format":false,"excerpt":"COLLE ADHESIF SPRY AVEC DURCISSEUR 125G MDF SELSIL La colle adhesive spray avec durcisseur 125G MDF Selsil est une solution polyvalente et efficace pour tous vos besoins de collage. Gr\u00e2ce \u00e0 sa formule avanc\u00e9e, ce produit garantit une adh\u00e9rence rapide et solide sur diverses surfaces, assurant ainsi une fixation durable\u2026","rel":"","context":"Article similaire","block_context":{"text":"Article similaire","link":""},"img":{"alt_text":"colle adhesive","src":"https:\/\/dekkal-quincaillerie.dz\/fr\/wp-content\/uploads\/2024\/10\/1000016424.avif","width":350,"height":200,"srcset":"https:\/\/dekkal-quincaillerie.dz\/fr\/wp-content\/uploads\/2024\/10\/1000016424.avif 1x, https:\/\/dekkal-quincaillerie.dz\/fr\/wp-content\/uploads\/2024\/10\/1000016424.avif 1.5x, https:\/\/dekkal-quincaillerie.dz\/fr\/wp-content\/uploads\/2024\/10\/1000016424.avif 2x, https:\/\/dekkal-quincaillerie.dz\/fr\/wp-content\/uploads\/2024\/10\/1000016424.avif 3x, https:\/\/dekkal-quincaillerie.dz\/fr\/wp-content\/uploads\/2024\/10\/1000016424.avif 4x"},"classes":[]},{"id":7067,"url":"https:\/\/dekkal-quincaillerie.dz\/fr\/produit\/pistolet-de-peinture-600ml-2mm-ct38004-crown\/","url_meta":{"origin":6813,"position":1},"title":"PISTOLET DE PEINTURE 600ML 2MM CT38004 CROWN","author":"webmaster","date":"avril 15, 2023","format":false,"excerpt":"Caract\u00e9ristique: Mati\u00e8re Inox Capacit\u00e9 du r\u00e9servoir: 600ML D\u00e9bit 200-280ML\/MIN Diam\u00e9tre buse \u2205 2MM Diam\u00e9tre du connecteur 1\/4 pouce","rel":"","context":"Article similaire","block_context":{"text":"Article similaire","link":""},"img":{"alt_text":"","src":"https:\/\/dekkal-quincaillerie.dz\/fr\/wp-content\/uploads\/2023\/04\/PISTOLET-PEINTURE-CROWN-1.avif","width":350,"height":200},"classes":[]},{"id":6866,"url":"https:\/\/dekkal-quincaillerie.dz\/fr\/produit\/filet-dembrage-brise-soleil\/","url_meta":{"origin":6813,"position":2},"title":"FILET D&rsquo;EMBRAGE VERT (BRISE SOLEIL)","author":"webmaster","date":"mars 14, 2023","format":false,"excerpt":"Caract\u00e9ristiques et utilisation\u00a0: Le filet brise soleil utilis\u00e9 dans les serres, les espaces verts, les terrains de sport. Il offre une protection contre le vent et les rayons solaires. Permet une circulation de l\u2019air et offre un ombrage optimal dans les serres. 4M X 55M. L'achat en rouleau ou en\u2026","rel":"","context":"Article similaire","block_context":{"text":"Article similaire","link":""},"img":{"alt_text":"","src":"https:\/\/dekkal-quincaillerie.dz\/fr\/wp-content\/uploads\/2023\/03\/FILET_OMBRAGE-2.avif","width":350,"height":200,"srcset":"https:\/\/dekkal-quincaillerie.dz\/fr\/wp-content\/uploads\/2023\/03\/FILET_OMBRAGE-2.avif 1x, https:\/\/dekkal-quincaillerie.dz\/fr\/wp-content\/uploads\/2023\/03\/FILET_OMBRAGE-2.avif 1.5x, https:\/\/dekkal-quincaillerie.dz\/fr\/wp-content\/uploads\/2023\/03\/FILET_OMBRAGE-2.avif 2x, https:\/\/dekkal-quincaillerie.dz\/fr\/wp-content\/uploads\/2023\/03\/FILET_OMBRAGE-2.avif 3x, https:\/\/dekkal-quincaillerie.dz\/fr\/wp-content\/uploads\/2023\/03\/FILET_OMBRAGE-2.avif 4x"},"classes":[]},{"id":5150,"url":"https:\/\/dekkal-quincaillerie.dz\/fr\/produit\/colle-becta-10000\/","url_meta":{"origin":6813,"position":3},"title":"COLLE DE CONTACT 750 G BECTA","author":"admin","date":"mars 19, 2022","format":false,"excerpt":"Colle 750 G BECTA Colle 750 G BECTA 10000. Temps de s\u00e9chage 10 \u00e0 20 MIN. Colle de contact avec acc\u00e9l\u00e9rateurs, destin\u00e9e pour le cuir, le caoutchouc, les \u00e9lastom\u00e8res et les translucides. \u00a0 \u00a0","rel":"","context":"Article similaire","block_context":{"text":"Article similaire","link":""},"img":{"alt_text":"","src":"https:\/\/dekkal-quincaillerie.dz\/fr\/wp-content\/uploads\/2022\/03\/PhotoRoom-20210531_092354-2-1.avif","width":350,"height":200,"srcset":"https:\/\/dekkal-quincaillerie.dz\/fr\/wp-content\/uploads\/2022\/03\/PhotoRoom-20210531_092354-2-1.avif 1x, https:\/\/dekkal-quincaillerie.dz\/fr\/wp-content\/uploads\/2022\/03\/PhotoRoom-20210531_092354-2-1.avif 1.5x, https:\/\/dekkal-quincaillerie.dz\/fr\/wp-content\/uploads\/2022\/03\/PhotoRoom-20210531_092354-2-1.avif 2x, https:\/\/dekkal-quincaillerie.dz\/fr\/wp-content\/uploads\/2022\/03\/PhotoRoom-20210531_092354-2-1.avif 3x, https:\/\/dekkal-quincaillerie.dz\/fr\/wp-content\/uploads\/2022\/03\/PhotoRoom-20210531_092354-2-1.avif 4x"},"classes":[]},{"id":8347,"url":"https:\/\/dekkal-quincaillerie.dz\/fr\/produit\/pistolet-a-colle-tc-gg-30-einhell\/","url_meta":{"origin":6813,"position":4},"title":"PISTOLET A COLLE TC-GG 30 EINHELL","author":"webmaster","date":"mai 12, 2024","format":false,"excerpt":"Le PISTOLET A COLLE TC-GG 30 EINHELL a une fonction m\u00e9canique simple, parfait pour une utilisation occasionnelle mais fonctionnelle pour les\u00a0 bricoleur, les artisans et les cr\u00e9ations artistiques.","rel":"","context":"Article similaire","block_context":{"text":"Article similaire","link":""},"img":{"alt_text":"PISTOLET A COLLE TC-GG 30 EINHELL","src":"https:\/\/dekkal-quincaillerie.dz\/fr\/wp-content\/uploads\/2024\/05\/productimage-1-1.avif","width":350,"height":200},"classes":[]},{"id":5147,"url":"https:\/\/dekkal-quincaillerie.dz\/fr\/produit\/colle-a-bois-pigma-color\/","url_meta":{"origin":6813,"position":5},"title":"COLLE A BOIS 800 G PIGMA COLOR","author":"admin","date":"mars 19, 2022","format":false,"excerpt":"Colle \u00e0 bois 800 G PIGMA COLOR Colle \u00e0 bois 800 G PIGMA COLOR. Colle extra forte, pour tous types de bois. Composition: polym\u00e8re vinylique, alcool polyvinylique. Propri\u00e9t\u00e9s: Colle extra forte Assemble tous type de bois et d\u00e9riv\u00e9s R\u00e9siste aux intemp\u00e9ries Prise rapide, 10 min \u00a0","rel":"","context":"Article similaire","block_context":{"text":"Article similaire","link":""},"img":{"alt_text":"","src":"https:\/\/dekkal-quincaillerie.dz\/fr\/wp-content\/uploads\/2022\/03\/PhotoRoom-20210531_092124-2.avif","width":350,"height":200,"srcset":"https:\/\/dekkal-quincaillerie.dz\/fr\/wp-content\/uploads\/2022\/03\/PhotoRoom-20210531_092124-2.avif 1x, https:\/\/dekkal-quincaillerie.dz\/fr\/wp-content\/uploads\/2022\/03\/PhotoRoom-20210531_092124-2.avif 1.5x, https:\/\/dekkal-quincaillerie.dz\/fr\/wp-content\/uploads\/2022\/03\/PhotoRoom-20210531_092124-2.avif 2x, https:\/\/dekkal-quincaillerie.dz\/fr\/wp-content\/uploads\/2022\/03\/PhotoRoom-20210531_092124-2.avif 3x, https:\/\/dekkal-quincaillerie.dz\/fr\/wp-content\/uploads\/2022\/03\/PhotoRoom-20210531_092124-2.avif 4x"},"classes":[]}],"jetpack_likes_enabled":true,"jetpack_sharing_enabled":true,"_links":{"self":[{"href":"https:\/\/dekkal-quincaillerie.dz\/fr\/wp-json\/wp\/v2\/product\/6813","targetHints":{"allow":["GET"]}}],"collection":[{"href":"https:\/\/dekkal-quincaillerie.dz\/fr\/wp-json\/wp\/v2\/product"}],"about":[{"href":"https:\/\/dekkal-quincaillerie.dz\/fr\/wp-json\/wp\/v2\/types\/product"}],"wp:attachment":[{"href":"https:\/\/dekkal-quincaillerie.dz\/fr\/wp-json\/wp\/v2\/media?parent=6813"}],"wp:term":[{"taxonomy":"product_brand","embeddable":true,"href":"https:\/\/dekkal-quincaillerie.dz\/fr\/wp-json\/wp\/v2\/product_brand?post=6813"},{"taxonomy":"product_cat","embeddable":true,"href":"https:\/\/dekkal-quincaillerie.dz\/fr\/wp-json\/wp\/v2\/product_cat?post=6813"},{"taxonomy":"product_tag","embeddable":true,"href":"https:\/\/dekkal-quincaillerie.dz\/fr\/wp-json\/wp\/v2\/product_tag?post=6813"}],"curies":[{"name":"wp","href":"https:\/\/api.w.org\/{rel}","templated":true}]}}