{"id":6686,"date":"2022-11-01T09:18:25","date_gmt":"2022-11-01T09:18:25","guid":{"rendered":"https:\/\/dekkal-quincaillerie.dz\/fr\/?post_type=product&#038;p=6686"},"modified":"2025-03-22T07:16:52","modified_gmt":"2025-03-22T07:16:52","slug":"diluant-universel-25l-nitro-700-farbe","status":"publish","type":"product","link":"https:\/\/dekkal-quincaillerie.dz\/fr\/produit\/diluant-universel-25l-nitro-700-farbe\/","title":{"rendered":"DILUANT UNIVERSEL 25L NITRO 700 FARBE"},"content":{"rendered":"<h4>CARACTERISTIQUES:<\/h4>\n<ul>\n<li><span style=\"color: #000000\">DILUANT CELLULOSIQUE UNIVERSEL 700:\u00a0<\/span><br \/>\n<span style=\"color: #000000\">Diluant cellulosique \u00e0 formule sp\u00e9ciale, universellement utilisable dans le secteur de la carrosserie et de la menuiserie m\u00e9tallique gr\u00e2ce \u00e0 son haut pouvoir de dilution et son discret pouvoir anti-bu\u00e9e. Id\u00e9al pour les peintures cellulosiques, les appr\u00eats, les antirouilles et les vernis synth\u00e9tiques \u00e0 s\u00e9chage rapide.<\/span><br \/>\n<span style=\"color: #000000\">Conforme \u00e0 la directive 2004\/42\/CE et \u00e0 ses modifications ult\u00e9rieures pour le lavage, le nettoyage, le d\u00e9graissage en carrosserie .<\/span><\/li>\n<\/ul>\n<p>&nbsp;<\/p>\n","protected":false},"excerpt":{"rendered":"<p>CARACTERISTIQUES: DILUANT CELLULOSIQUE UNIVERSEL 700:\u00a0 Diluant cellulosique \u00e0 formule sp\u00e9ciale, universellement utilisable dans le secteur de la carrosserie et de la menuiserie m\u00e9tallique gr\u00e2ce \u00e0 son haut pouvoir de dilution et son discret pouvoir anti-bu\u00e9e. Id\u00e9al pour les peintures cellulosiques, les appr\u00eats, les antirouilles et les vernis synth\u00e9tiques \u00e0 s\u00e9chage rapide. Conforme \u00e0 la directive [&hellip;]<\/p>\n","protected":false},"featured_media":7109,"template":"","meta":{"jetpack_post_was_ever_published":false,"jetpack_publicize_message":"","jetpack_publicize_feature_enabled":true,"jetpack_social_post_already_shared":false,"jetpack_social_options":{"image_generator_settings":{"template":"highway","default_image_id":0,"font":"","enabled":false},"version":2}},"product_brand":[],"product_cat":[236],"product_tag":[1143],"class_list":{"0":"post-6686","1":"product","2":"type-product","3":"status-publish","4":"has-post-thumbnail","6":"product_cat-peinture","7":"product_tag-diluant","9":"first","10":"outofstock","11":"taxable","12":"shipping-taxable","13":"purchasable","14":"product-type-simple"},"yoast_head":"<!-- This site is optimized with the Yoast SEO Premium plugin v20.0 (Yoast SEO v27.3) - https:\/\/yoast.com\/product\/yoast-seo-premium-wordpress\/ -->\n<title>DILUANT UNIVERSEL 25L NITRO 700 FARBE - DEKKAL<\/title>\n<meta name=\"robots\" content=\"index, follow, max-snippet:-1, max-image-preview:large, max-video-preview:-1\" \/>\n<link rel=\"canonical\" href=\"https:\/\/dekkal-quincaillerie.dz\/fr\/produit\/diluant-universel-25l-nitro-700-farbe\/\" \/>\n<script type=\"application\/ld+json\" class=\"yoast-schema-graph\">{\"@context\":\"https:\\\/\\\/schema.org\",\"@graph\":[{\"@type\":\"WebPage\",\"@id\":\"https:\\\/\\\/dekkal-quincaillerie.dz\\\/fr\\\/produit\\\/diluant-universel-25l-nitro-700-farbe\\\/\",\"url\":\"https:\\\/\\\/dekkal-quincaillerie.dz\\\/fr\\\/produit\\\/diluant-universel-25l-nitro-700-farbe\\\/\",\"name\":\"DILUANT UNIVERSEL 25L NITRO 700 FARBE - DEKKAL\",\"isPartOf\":{\"@id\":\"https:\\\/\\\/dekkal-quincaillerie.dz\\\/fr\\\/#website\"},\"primaryImageOfPage\":{\"@id\":\"https:\\\/\\\/dekkal-quincaillerie.dz\\\/fr\\\/produit\\\/diluant-universel-25l-nitro-700-farbe\\\/#primaryimage\"},\"image\":{\"@id\":\"https:\\\/\\\/dekkal-quincaillerie.dz\\\/fr\\\/produit\\\/diluant-universel-25l-nitro-700-farbe\\\/#primaryimage\"},\"thumbnailUrl\":\"https:\\\/\\\/dekkal-quincaillerie.dz\\\/fr\\\/wp-content\\\/uploads\\\/2022\\\/11\\\/PhotoRoom-20230425_160756.avif\",\"datePublished\":\"2022-11-01T09:18:25+00:00\",\"dateModified\":\"2025-03-22T07:16:52+00:00\",\"breadcrumb\":{\"@id\":\"https:\\\/\\\/dekkal-quincaillerie.dz\\\/fr\\\/produit\\\/diluant-universel-25l-nitro-700-farbe\\\/#breadcrumb\"},\"inLanguage\":\"fr-FR\",\"potentialAction\":[{\"@type\":\"ReadAction\",\"target\":[\"https:\\\/\\\/dekkal-quincaillerie.dz\\\/fr\\\/produit\\\/diluant-universel-25l-nitro-700-farbe\\\/\"]}]},{\"@type\":\"ImageObject\",\"inLanguage\":\"fr-FR\",\"@id\":\"https:\\\/\\\/dekkal-quincaillerie.dz\\\/fr\\\/produit\\\/diluant-universel-25l-nitro-700-farbe\\\/#primaryimage\",\"url\":\"https:\\\/\\\/dekkal-quincaillerie.dz\\\/fr\\\/wp-content\\\/uploads\\\/2022\\\/11\\\/PhotoRoom-20230425_160756.avif\",\"contentUrl\":\"https:\\\/\\\/dekkal-quincaillerie.dz\\\/fr\\\/wp-content\\\/uploads\\\/2022\\\/11\\\/PhotoRoom-20230425_160756.avif\",\"width\":1203,\"height\":1583},{\"@type\":\"BreadcrumbList\",\"@id\":\"https:\\\/\\\/dekkal-quincaillerie.dz\\\/fr\\\/produit\\\/diluant-universel-25l-nitro-700-farbe\\\/#breadcrumb\",\"itemListElement\":[{\"@type\":\"ListItem\",\"position\":1,\"name\":\"Accueil\",\"item\":\"https:\\\/\\\/dekkal-quincaillerie.dz\\\/fr\\\/\"},{\"@type\":\"ListItem\",\"position\":2,\"name\":\"Boutique\",\"item\":\"https:\\\/\\\/dekkal-quincaillerie.dz\\\/fr\\\/boutique\\\/\"},{\"@type\":\"ListItem\",\"position\":3,\"name\":\"DILUANT UNIVERSEL 25L NITRO 700 FARBE\"}]},{\"@type\":\"WebSite\",\"@id\":\"https:\\\/\\\/dekkal-quincaillerie.dz\\\/fr\\\/#website\",\"url\":\"https:\\\/\\\/dekkal-quincaillerie.dz\\\/fr\\\/\",\"name\":\"DEKKAL\",\"description\":\"\",\"publisher\":{\"@id\":\"https:\\\/\\\/dekkal-quincaillerie.dz\\\/fr\\\/#organization\"},\"potentialAction\":[{\"@type\":\"SearchAction\",\"target\":{\"@type\":\"EntryPoint\",\"urlTemplate\":\"https:\\\/\\\/dekkal-quincaillerie.dz\\\/fr\\\/?s={search_term_string}\"},\"query-input\":{\"@type\":\"PropertyValueSpecification\",\"valueRequired\":true,\"valueName\":\"search_term_string\"}}],\"inLanguage\":\"fr-FR\"},{\"@type\":\"Organization\",\"@id\":\"https:\\\/\\\/dekkal-quincaillerie.dz\\\/fr\\\/#organization\",\"name\":\"DEKKAL QUINCAILLERIE\",\"url\":\"https:\\\/\\\/dekkal-quincaillerie.dz\\\/fr\\\/\",\"logo\":{\"@type\":\"ImageObject\",\"inLanguage\":\"fr-FR\",\"@id\":\"https:\\\/\\\/dekkal-quincaillerie.dz\\\/fr\\\/#\\\/schema\\\/logo\\\/image\\\/\",\"url\":\"https:\\\/\\\/dekkal-quincaillerie.dz\\\/fr\\\/wp-content\\\/uploads\\\/2022\\\/03\\\/image_2022-03-19_172411.png\",\"contentUrl\":\"https:\\\/\\\/dekkal-quincaillerie.dz\\\/fr\\\/wp-content\\\/uploads\\\/2022\\\/03\\\/image_2022-03-19_172411.png\",\"width\":851,\"height\":315,\"caption\":\"DEKKAL QUINCAILLERIE\"},\"image\":{\"@id\":\"https:\\\/\\\/dekkal-quincaillerie.dz\\\/fr\\\/#\\\/schema\\\/logo\\\/image\\\/\"},\"sameAs\":[\"https:\\\/\\\/www.facebook.com\\\/ets.dekkal.1\",\"https:\\\/\\\/www.instagram.com\\\/ets.dekkal\\\/\"]}]}<\/script>\n<!-- \/ Yoast SEO Premium plugin. -->","yoast_head_json":{"title":"DILUANT UNIVERSEL 25L NITRO 700 FARBE - DEKKAL","robots":{"index":"index","follow":"follow","max-snippet":"max-snippet:-1","max-image-preview":"max-image-preview:large","max-video-preview":"max-video-preview:-1"},"canonical":"https:\/\/dekkal-quincaillerie.dz\/fr\/produit\/diluant-universel-25l-nitro-700-farbe\/","schema":{"@context":"https:\/\/schema.org","@graph":[{"@type":"WebPage","@id":"https:\/\/dekkal-quincaillerie.dz\/fr\/produit\/diluant-universel-25l-nitro-700-farbe\/","url":"https:\/\/dekkal-quincaillerie.dz\/fr\/produit\/diluant-universel-25l-nitro-700-farbe\/","name":"DILUANT UNIVERSEL 25L NITRO 700 FARBE - DEKKAL","isPartOf":{"@id":"https:\/\/dekkal-quincaillerie.dz\/fr\/#website"},"primaryImageOfPage":{"@id":"https:\/\/dekkal-quincaillerie.dz\/fr\/produit\/diluant-universel-25l-nitro-700-farbe\/#primaryimage"},"image":{"@id":"https:\/\/dekkal-quincaillerie.dz\/fr\/produit\/diluant-universel-25l-nitro-700-farbe\/#primaryimage"},"thumbnailUrl":"https:\/\/dekkal-quincaillerie.dz\/fr\/wp-content\/uploads\/2022\/11\/PhotoRoom-20230425_160756.avif","datePublished":"2022-11-01T09:18:25+00:00","dateModified":"2025-03-22T07:16:52+00:00","breadcrumb":{"@id":"https:\/\/dekkal-quincaillerie.dz\/fr\/produit\/diluant-universel-25l-nitro-700-farbe\/#breadcrumb"},"inLanguage":"fr-FR","potentialAction":[{"@type":"ReadAction","target":["https:\/\/dekkal-quincaillerie.dz\/fr\/produit\/diluant-universel-25l-nitro-700-farbe\/"]}]},{"@type":"ImageObject","inLanguage":"fr-FR","@id":"https:\/\/dekkal-quincaillerie.dz\/fr\/produit\/diluant-universel-25l-nitro-700-farbe\/#primaryimage","url":"https:\/\/dekkal-quincaillerie.dz\/fr\/wp-content\/uploads\/2022\/11\/PhotoRoom-20230425_160756.avif","contentUrl":"https:\/\/dekkal-quincaillerie.dz\/fr\/wp-content\/uploads\/2022\/11\/PhotoRoom-20230425_160756.avif","width":1203,"height":1583},{"@type":"BreadcrumbList","@id":"https:\/\/dekkal-quincaillerie.dz\/fr\/produit\/diluant-universel-25l-nitro-700-farbe\/#breadcrumb","itemListElement":[{"@type":"ListItem","position":1,"name":"Accueil","item":"https:\/\/dekkal-quincaillerie.dz\/fr\/"},{"@type":"ListItem","position":2,"name":"Boutique","item":"https:\/\/dekkal-quincaillerie.dz\/fr\/boutique\/"},{"@type":"ListItem","position":3,"name":"DILUANT UNIVERSEL 25L NITRO 700 FARBE"}]},{"@type":"WebSite","@id":"https:\/\/dekkal-quincaillerie.dz\/fr\/#website","url":"https:\/\/dekkal-quincaillerie.dz\/fr\/","name":"DEKKAL","description":"","publisher":{"@id":"https:\/\/dekkal-quincaillerie.dz\/fr\/#organization"},"potentialAction":[{"@type":"SearchAction","target":{"@type":"EntryPoint","urlTemplate":"https:\/\/dekkal-quincaillerie.dz\/fr\/?s={search_term_string}"},"query-input":{"@type":"PropertyValueSpecification","valueRequired":true,"valueName":"search_term_string"}}],"inLanguage":"fr-FR"},{"@type":"Organization","@id":"https:\/\/dekkal-quincaillerie.dz\/fr\/#organization","name":"DEKKAL QUINCAILLERIE","url":"https:\/\/dekkal-quincaillerie.dz\/fr\/","logo":{"@type":"ImageObject","inLanguage":"fr-FR","@id":"https:\/\/dekkal-quincaillerie.dz\/fr\/#\/schema\/logo\/image\/","url":"https:\/\/dekkal-quincaillerie.dz\/fr\/wp-content\/uploads\/2022\/03\/image_2022-03-19_172411.png","contentUrl":"https:\/\/dekkal-quincaillerie.dz\/fr\/wp-content\/uploads\/2022\/03\/image_2022-03-19_172411.png","width":851,"height":315,"caption":"DEKKAL QUINCAILLERIE"},"image":{"@id":"https:\/\/dekkal-quincaillerie.dz\/fr\/#\/schema\/logo\/image\/"},"sameAs":["https:\/\/www.facebook.com\/ets.dekkal.1","https:\/\/www.instagram.com\/ets.dekkal\/"]}]}},"jetpack_publicize_connections":[],"jetpack-related-posts":[{"id":6540,"url":"https:\/\/dekkal-quincaillerie.dz\/fr\/produit\/diluent-universel-1l-nitro-707-euro-star\/","url_meta":{"origin":6686,"position":0},"title":"DILUANT UNIVERSEL 1L NITRO 707 EURO STAR","author":"webmaster","date":"septembre 12, 2022","format":false,"excerpt":"DILUANT UNIVERSEL 1L NITRO 707 EURO STAR \u00a0 Diluant cellulosique avec une formule particuli\u00e8re. Utilisable en mani\u00e8re universelle dans le secteur de la carrosserie et la menuiserie m\u00e9tallique. Id\u00e9al pour les peintures cellulosiques, les appr\u00eats, antirouilles et vernis synth\u00e9tiques. S\u00e9chage rapide.","rel":"","context":"Article similaire","block_context":{"text":"Article similaire","link":""},"img":{"alt_text":"","src":"https:\/\/dekkal-quincaillerie.dz\/fr\/wp-content\/uploads\/2022\/09\/image_viber_2022-09-12_09-40-57-483-1.avif","width":350,"height":200,"srcset":"https:\/\/dekkal-quincaillerie.dz\/fr\/wp-content\/uploads\/2022\/09\/image_viber_2022-09-12_09-40-57-483-1.avif 1x, https:\/\/dekkal-quincaillerie.dz\/fr\/wp-content\/uploads\/2022\/09\/image_viber_2022-09-12_09-40-57-483-1.avif 1.5x, https:\/\/dekkal-quincaillerie.dz\/fr\/wp-content\/uploads\/2022\/09\/image_viber_2022-09-12_09-40-57-483-1.avif 2x, https:\/\/dekkal-quincaillerie.dz\/fr\/wp-content\/uploads\/2022\/09\/image_viber_2022-09-12_09-40-57-483-1.avif 3x"},"classes":[]},{"id":12782,"url":"https:\/\/dekkal-quincaillerie.dz\/fr\/produit\/diluant-nitro-cellulose-prolimax-1l\/","url_meta":{"origin":6686,"position":1},"title":"DILUANT 1L NITRO CELLULOSE POLIMAX","author":"webmaster","date":"juillet 26, 2025","format":false,"excerpt":"Diluant 1L Nitro Cellulose POLIMAX \u2013 La Solution Id\u00e9ale pour une Application Parfaite en Carrosserie Vous recherchez un diluant nitro cellulosique PROLIMAX\u00a0POLIMAX 1l\u00a0efficace, rapide et parfaitement adapt\u00e9 aux exigence des professionnels de la carrosserie et de la m\u00e9canique automobile ? Le diluant 1l nitro cellulose est la r\u00e9f\u00e9rence qui vous\u2026","rel":"","context":"Article similaire","block_context":{"text":"Article similaire","link":""},"img":{"alt_text":"diluant nitro cellulosique POLIMAX 1l pour dilution peinture carrosserie auto et vernis","src":"https:\/\/dekkal-quincaillerie.dz\/fr\/wp-content\/uploads\/2025\/07\/1000036574.avif","width":350,"height":200},"classes":[]},{"id":10235,"url":"https:\/\/dekkal-quincaillerie.dz\/fr\/produit\/diluant-universel-1l-nitro700-fidea\/","url_meta":{"origin":6686,"position":2},"title":"DILUANT UNIVERSEL 1L NITRO700 FIDEA","author":"dekkal","date":"d\u00e9cembre 28, 2024","format":false,"excerpt":"DILUANT UNIVERSEL 1L NITRO700 FIDEA Performances et Applications Le diluant universel 1L Nitro700 Fidea est essentiel pour les professionnels et les bricoleurs. Il est parfait pour diluer peintures, vernis et autres rev\u00eatements. Id\u00e9al pour nettoyer les outils apr\u00e8s usage. Sa formule puissante dissout rapidement les r\u00e9sidus, assurant des surfaces propres.\u2026","rel":"","context":"Article similaire","block_context":{"text":"Article similaire","link":""},"img":{"alt_text":"diluant-universel-1l-nitro700-fidea","src":"https:\/\/dekkal-quincaillerie.dz\/fr\/wp-content\/uploads\/2024\/12\/1000020745-png.avif","width":350,"height":200,"srcset":"https:\/\/dekkal-quincaillerie.dz\/fr\/wp-content\/uploads\/2024\/12\/1000020745-png.avif 1x, https:\/\/dekkal-quincaillerie.dz\/fr\/wp-content\/uploads\/2024\/12\/1000020745-png.avif 1.5x"},"classes":[]},{"id":6451,"url":"https:\/\/dekkal-quincaillerie.dz\/fr\/produit\/surfaceur-cellulosique-10l-pigma-color\/","url_meta":{"origin":6686,"position":3},"title":"SURFACEUR CELLULOSIQUE 10L PIGMA COLOR","author":"webmaster","date":"juillet 28, 2022","format":false,"excerpt":"SURFACEUR CELLULOSIQUE 10L PIGMA COLOR Il est \u00e0 base d'un liant nitro- cellulosique plastifi\u00e9. \u00a0Il est utilis\u00e9 dans le domaine de l'ameublement et de la d\u00e9coration. C'est un produit pour traitement du bois avant le vernissage (combler les micros pores des veines du bois). Il\u00a0 est peu absorbant, ce qui\u2026","rel":"","context":"Article similaire","block_context":{"text":"Article similaire","link":""},"img":{"alt_text":"","src":"https:\/\/dekkal-quincaillerie.dz\/fr\/wp-content\/uploads\/2022\/07\/295912494_561355762401262_798065104717565272_n.avif","width":350,"height":200,"srcset":"https:\/\/dekkal-quincaillerie.dz\/fr\/wp-content\/uploads\/2022\/07\/295912494_561355762401262_798065104717565272_n.avif 1x, https:\/\/dekkal-quincaillerie.dz\/fr\/wp-content\/uploads\/2022\/07\/295912494_561355762401262_798065104717565272_n.avif 1.5x, https:\/\/dekkal-quincaillerie.dz\/fr\/wp-content\/uploads\/2022\/07\/295912494_561355762401262_798065104717565272_n.avif 2x, https:\/\/dekkal-quincaillerie.dz\/fr\/wp-content\/uploads\/2022\/07\/295912494_561355762401262_798065104717565272_n.avif 3x, https:\/\/dekkal-quincaillerie.dz\/fr\/wp-content\/uploads\/2022\/07\/295912494_561355762401262_798065104717565272_n.avif 4x"},"classes":[]},{"id":6447,"url":"https:\/\/dekkal-quincaillerie.dz\/fr\/produit\/laque-cellulosique-3en1-2-7kg-pigma-color\/","url_meta":{"origin":6686,"position":4},"title":"LAQUE CELLULOSIQUE 3EN1 2.7Kg PIGMA COLOR","author":"webmaster","date":"juillet 28, 2022","format":false,"excerpt":"LAQUE CELLULOSIQUE 3EN1 2.7Kg PIGMA COLOR Laque industrielle de finition \u00e0 brillant. Le s\u00e9chage et le durcissement tr\u00e8s rapides\u00a0 (manipulation en quelques minutes). Il peut \u00eatre appliqu\u00e9 sur tous types de support : bois, m\u00e9dium, m\u00e9taux, pl\u00e2tres, etc\u2026","rel":"","context":"Article similaire","block_context":{"text":"Article similaire","link":""},"img":{"alt_text":"","src":"https:\/\/dekkal-quincaillerie.dz\/fr\/wp-content\/uploads\/2022\/07\/294386038_404413514995283_6079604878919927621_n.avif","width":350,"height":200},"classes":[]},{"id":5155,"url":"https:\/\/dekkal-quincaillerie.dz\/fr\/produit\/supracol-800gr-e-n-a-p\/","url_meta":{"origin":6686,"position":5},"title":"SUPRACOL 800 G &#8211; E.N.A.P","author":"admin","date":"mars 19, 2022","format":false,"excerpt":"SUPRACOL 800 G - E.N.A.P Application: brosse \/ rouleau \/ machine encolleuse. Temps de prise: 1 \u00e0 3 MIN, Temps de collage: 15 \u00e0 25 MIN, Temps ouvert: 10\u00e0 20 MIN. Conseils d'application: Appliquer sur support propre et sec, Bien agiter avant emploi, Diluer et nettoyer \u00e0 l'eau.","rel":"","context":"Article similaire","block_context":{"text":"Article similaire","link":""},"img":{"alt_text":"","src":"https:\/\/dekkal-quincaillerie.dz\/fr\/wp-content\/uploads\/2022\/03\/PhotoRoom-20210531_093003-2.avif","width":350,"height":200,"srcset":"https:\/\/dekkal-quincaillerie.dz\/fr\/wp-content\/uploads\/2022\/03\/PhotoRoom-20210531_093003-2.avif 1x, https:\/\/dekkal-quincaillerie.dz\/fr\/wp-content\/uploads\/2022\/03\/PhotoRoom-20210531_093003-2.avif 1.5x, https:\/\/dekkal-quincaillerie.dz\/fr\/wp-content\/uploads\/2022\/03\/PhotoRoom-20210531_093003-2.avif 2x, https:\/\/dekkal-quincaillerie.dz\/fr\/wp-content\/uploads\/2022\/03\/PhotoRoom-20210531_093003-2.avif 3x, https:\/\/dekkal-quincaillerie.dz\/fr\/wp-content\/uploads\/2022\/03\/PhotoRoom-20210531_093003-2.avif 4x"},"classes":[]}],"jetpack_likes_enabled":true,"jetpack_sharing_enabled":true,"_links":{"self":[{"href":"https:\/\/dekkal-quincaillerie.dz\/fr\/wp-json\/wp\/v2\/product\/6686","targetHints":{"allow":["GET"]}}],"collection":[{"href":"https:\/\/dekkal-quincaillerie.dz\/fr\/wp-json\/wp\/v2\/product"}],"about":[{"href":"https:\/\/dekkal-quincaillerie.dz\/fr\/wp-json\/wp\/v2\/types\/product"}],"wp:featuredmedia":[{"embeddable":true,"href":"https:\/\/dekkal-quincaillerie.dz\/fr\/wp-json\/wp\/v2\/media\/7109"}],"wp:attachment":[{"href":"https:\/\/dekkal-quincaillerie.dz\/fr\/wp-json\/wp\/v2\/media?parent=6686"}],"wp:term":[{"taxonomy":"product_brand","embeddable":true,"href":"https:\/\/dekkal-quincaillerie.dz\/fr\/wp-json\/wp\/v2\/product_brand?post=6686"},{"taxonomy":"product_cat","embeddable":true,"href":"https:\/\/dekkal-quincaillerie.dz\/fr\/wp-json\/wp\/v2\/product_cat?post=6686"},{"taxonomy":"product_tag","embeddable":true,"href":"https:\/\/dekkal-quincaillerie.dz\/fr\/wp-json\/wp\/v2\/product_tag?post=6686"}],"curies":[{"name":"wp","href":"https:\/\/api.w.org\/{rel}","templated":true}]}}