{"id":6538,"date":"2022-09-12T07:01:03","date_gmt":"2022-09-12T07:01:03","guid":{"rendered":"https:\/\/dekkal-quincaillerie.dz\/fr\/?post_type=product&#038;p=6538"},"modified":"2025-03-22T07:16:51","modified_gmt":"2025-03-22T07:16:51","slug":"mastic-vitrier-blanc-700g-saada","status":"publish","type":"product","link":"https:\/\/dekkal-quincaillerie.dz\/fr\/produit\/mastic-vitrier-blanc-700g-saada\/","title":{"rendered":"MASTIC VITRIER BLANC 700G SAADA"},"content":{"rendered":"<h4><strong>MASTIC VITRIER BLANC 700G SAADA<\/strong><\/h4>\n<p>C&rsquo;est une pate \u00e9paisse \u00e9tanche, utilis\u00e9 pour \u00e9tanch\u00e9ifier les contours des fen\u00eatres simple vitrage<\/p>\n<h4><strong>CARACTERISTIQUE:<\/strong><\/h4>\n<ul>\n<li>Pr\u00eat \u00e0 l\u2019emploi.<\/li>\n<li>Pas de morcellement ou de fissures apr\u00e8s durcissement.<\/li>\n<li>Lissage facile.<\/li>\n<li>N\u2019entra\u00eene pas la formation de taches sur les supports poreux (migration des plastifiants).<\/li>\n<\/ul>\n","protected":false},"excerpt":{"rendered":"<p>MASTIC VITRIER BLANC 700G SAADA C&rsquo;est une pate \u00e9paisse \u00e9tanche, utilis\u00e9 pour \u00e9tanch\u00e9ifier les contours des fen\u00eatres simple vitrage CARACTERISTIQUE: Pr\u00eat \u00e0 l\u2019emploi. Pas de morcellement ou de fissures apr\u00e8s durcissement. Lissage facile. N\u2019entra\u00eene pas la formation de taches sur les supports poreux (migration des plastifiants).<\/p>\n","protected":false},"featured_media":6539,"template":"","meta":{"jetpack_post_was_ever_published":false,"jetpack_publicize_message":"","jetpack_publicize_feature_enabled":true,"jetpack_social_post_already_shared":false,"jetpack_social_options":{"image_generator_settings":{"template":"highway","default_image_id":0,"font":"","enabled":false},"version":2}},"product_brand":[],"product_cat":[15],"product_tag":[],"class_list":{"0":"post-6538","1":"product","2":"type-product","3":"status-publish","4":"has-post-thumbnail","6":"product_cat-non-classe","8":"first","9":"instock","10":"taxable","11":"shipping-taxable","12":"purchasable","13":"product-type-simple"},"yoast_head":"<!-- This site is optimized with the Yoast SEO Premium plugin v20.0 (Yoast SEO v27.4) - https:\/\/yoast.com\/product\/yoast-seo-premium-wordpress\/ -->\n<title>MASTIC VITRIER BLANC 700G SAADA - DEKKAL<\/title>\n<meta name=\"robots\" content=\"index, follow, max-snippet:-1, max-image-preview:large, max-video-preview:-1\" \/>\n<link rel=\"canonical\" href=\"https:\/\/dekkal-quincaillerie.dz\/fr\/produit\/mastic-vitrier-blanc-700g-saada\/\" \/>\n<script type=\"application\/ld+json\" class=\"yoast-schema-graph\">{\"@context\":\"https:\\\/\\\/schema.org\",\"@graph\":[{\"@type\":\"WebPage\",\"@id\":\"https:\\\/\\\/dekkal-quincaillerie.dz\\\/fr\\\/produit\\\/mastic-vitrier-blanc-700g-saada\\\/\",\"url\":\"https:\\\/\\\/dekkal-quincaillerie.dz\\\/fr\\\/produit\\\/mastic-vitrier-blanc-700g-saada\\\/\",\"name\":\"MASTIC VITRIER BLANC 700G SAADA - DEKKAL\",\"isPartOf\":{\"@id\":\"https:\\\/\\\/dekkal-quincaillerie.dz\\\/fr\\\/#website\"},\"primaryImageOfPage\":{\"@id\":\"https:\\\/\\\/dekkal-quincaillerie.dz\\\/fr\\\/produit\\\/mastic-vitrier-blanc-700g-saada\\\/#primaryimage\"},\"image\":{\"@id\":\"https:\\\/\\\/dekkal-quincaillerie.dz\\\/fr\\\/produit\\\/mastic-vitrier-blanc-700g-saada\\\/#primaryimage\"},\"thumbnailUrl\":\"https:\\\/\\\/dekkal-quincaillerie.dz\\\/fr\\\/wp-content\\\/uploads\\\/2022\\\/08\\\/301509772_1023954404911931_3239342066200169877_n.avif\",\"datePublished\":\"2022-09-12T07:01:03+00:00\",\"dateModified\":\"2025-03-22T07:16:51+00:00\",\"breadcrumb\":{\"@id\":\"https:\\\/\\\/dekkal-quincaillerie.dz\\\/fr\\\/produit\\\/mastic-vitrier-blanc-700g-saada\\\/#breadcrumb\"},\"inLanguage\":\"fr-FR\",\"potentialAction\":[{\"@type\":\"ReadAction\",\"target\":[\"https:\\\/\\\/dekkal-quincaillerie.dz\\\/fr\\\/produit\\\/mastic-vitrier-blanc-700g-saada\\\/\"]}]},{\"@type\":\"ImageObject\",\"inLanguage\":\"fr-FR\",\"@id\":\"https:\\\/\\\/dekkal-quincaillerie.dz\\\/fr\\\/produit\\\/mastic-vitrier-blanc-700g-saada\\\/#primaryimage\",\"url\":\"https:\\\/\\\/dekkal-quincaillerie.dz\\\/fr\\\/wp-content\\\/uploads\\\/2022\\\/08\\\/301509772_1023954404911931_3239342066200169877_n.avif\",\"contentUrl\":\"https:\\\/\\\/dekkal-quincaillerie.dz\\\/fr\\\/wp-content\\\/uploads\\\/2022\\\/08\\\/301509772_1023954404911931_3239342066200169877_n.avif\",\"width\":1358,\"height\":1590},{\"@type\":\"BreadcrumbList\",\"@id\":\"https:\\\/\\\/dekkal-quincaillerie.dz\\\/fr\\\/produit\\\/mastic-vitrier-blanc-700g-saada\\\/#breadcrumb\",\"itemListElement\":[{\"@type\":\"ListItem\",\"position\":1,\"name\":\"Accueil\",\"item\":\"https:\\\/\\\/dekkal-quincaillerie.dz\\\/fr\\\/\"},{\"@type\":\"ListItem\",\"position\":2,\"name\":\"Boutique\",\"item\":\"https:\\\/\\\/dekkal-quincaillerie.dz\\\/fr\\\/boutique\\\/\"},{\"@type\":\"ListItem\",\"position\":3,\"name\":\"MASTIC VITRIER BLANC 700G SAADA\"}]},{\"@type\":\"WebSite\",\"@id\":\"https:\\\/\\\/dekkal-quincaillerie.dz\\\/fr\\\/#website\",\"url\":\"https:\\\/\\\/dekkal-quincaillerie.dz\\\/fr\\\/\",\"name\":\"DEKKAL\",\"description\":\"\",\"publisher\":{\"@id\":\"https:\\\/\\\/dekkal-quincaillerie.dz\\\/fr\\\/#organization\"},\"potentialAction\":[{\"@type\":\"SearchAction\",\"target\":{\"@type\":\"EntryPoint\",\"urlTemplate\":\"https:\\\/\\\/dekkal-quincaillerie.dz\\\/fr\\\/?s={search_term_string}\"},\"query-input\":{\"@type\":\"PropertyValueSpecification\",\"valueRequired\":true,\"valueName\":\"search_term_string\"}}],\"inLanguage\":\"fr-FR\"},{\"@type\":\"Organization\",\"@id\":\"https:\\\/\\\/dekkal-quincaillerie.dz\\\/fr\\\/#organization\",\"name\":\"DEKKAL QUINCAILLERIE\",\"url\":\"https:\\\/\\\/dekkal-quincaillerie.dz\\\/fr\\\/\",\"logo\":{\"@type\":\"ImageObject\",\"inLanguage\":\"fr-FR\",\"@id\":\"https:\\\/\\\/dekkal-quincaillerie.dz\\\/fr\\\/#\\\/schema\\\/logo\\\/image\\\/\",\"url\":\"https:\\\/\\\/dekkal-quincaillerie.dz\\\/fr\\\/wp-content\\\/uploads\\\/2022\\\/03\\\/image_2022-03-19_172411.png\",\"contentUrl\":\"https:\\\/\\\/dekkal-quincaillerie.dz\\\/fr\\\/wp-content\\\/uploads\\\/2022\\\/03\\\/image_2022-03-19_172411.png\",\"width\":851,\"height\":315,\"caption\":\"DEKKAL QUINCAILLERIE\"},\"image\":{\"@id\":\"https:\\\/\\\/dekkal-quincaillerie.dz\\\/fr\\\/#\\\/schema\\\/logo\\\/image\\\/\"},\"sameAs\":[\"https:\\\/\\\/www.facebook.com\\\/ets.dekkal.1\",\"https:\\\/\\\/www.instagram.com\\\/ets.dekkal\\\/\"]}]}<\/script>\n<!-- \/ Yoast SEO Premium plugin. -->","yoast_head_json":{"title":"MASTIC VITRIER BLANC 700G SAADA - DEKKAL","robots":{"index":"index","follow":"follow","max-snippet":"max-snippet:-1","max-image-preview":"max-image-preview:large","max-video-preview":"max-video-preview:-1"},"canonical":"https:\/\/dekkal-quincaillerie.dz\/fr\/produit\/mastic-vitrier-blanc-700g-saada\/","schema":{"@context":"https:\/\/schema.org","@graph":[{"@type":"WebPage","@id":"https:\/\/dekkal-quincaillerie.dz\/fr\/produit\/mastic-vitrier-blanc-700g-saada\/","url":"https:\/\/dekkal-quincaillerie.dz\/fr\/produit\/mastic-vitrier-blanc-700g-saada\/","name":"MASTIC VITRIER BLANC 700G SAADA - DEKKAL","isPartOf":{"@id":"https:\/\/dekkal-quincaillerie.dz\/fr\/#website"},"primaryImageOfPage":{"@id":"https:\/\/dekkal-quincaillerie.dz\/fr\/produit\/mastic-vitrier-blanc-700g-saada\/#primaryimage"},"image":{"@id":"https:\/\/dekkal-quincaillerie.dz\/fr\/produit\/mastic-vitrier-blanc-700g-saada\/#primaryimage"},"thumbnailUrl":"https:\/\/dekkal-quincaillerie.dz\/fr\/wp-content\/uploads\/2022\/08\/301509772_1023954404911931_3239342066200169877_n.avif","datePublished":"2022-09-12T07:01:03+00:00","dateModified":"2025-03-22T07:16:51+00:00","breadcrumb":{"@id":"https:\/\/dekkal-quincaillerie.dz\/fr\/produit\/mastic-vitrier-blanc-700g-saada\/#breadcrumb"},"inLanguage":"fr-FR","potentialAction":[{"@type":"ReadAction","target":["https:\/\/dekkal-quincaillerie.dz\/fr\/produit\/mastic-vitrier-blanc-700g-saada\/"]}]},{"@type":"ImageObject","inLanguage":"fr-FR","@id":"https:\/\/dekkal-quincaillerie.dz\/fr\/produit\/mastic-vitrier-blanc-700g-saada\/#primaryimage","url":"https:\/\/dekkal-quincaillerie.dz\/fr\/wp-content\/uploads\/2022\/08\/301509772_1023954404911931_3239342066200169877_n.avif","contentUrl":"https:\/\/dekkal-quincaillerie.dz\/fr\/wp-content\/uploads\/2022\/08\/301509772_1023954404911931_3239342066200169877_n.avif","width":1358,"height":1590},{"@type":"BreadcrumbList","@id":"https:\/\/dekkal-quincaillerie.dz\/fr\/produit\/mastic-vitrier-blanc-700g-saada\/#breadcrumb","itemListElement":[{"@type":"ListItem","position":1,"name":"Accueil","item":"https:\/\/dekkal-quincaillerie.dz\/fr\/"},{"@type":"ListItem","position":2,"name":"Boutique","item":"https:\/\/dekkal-quincaillerie.dz\/fr\/boutique\/"},{"@type":"ListItem","position":3,"name":"MASTIC VITRIER BLANC 700G SAADA"}]},{"@type":"WebSite","@id":"https:\/\/dekkal-quincaillerie.dz\/fr\/#website","url":"https:\/\/dekkal-quincaillerie.dz\/fr\/","name":"DEKKAL","description":"","publisher":{"@id":"https:\/\/dekkal-quincaillerie.dz\/fr\/#organization"},"potentialAction":[{"@type":"SearchAction","target":{"@type":"EntryPoint","urlTemplate":"https:\/\/dekkal-quincaillerie.dz\/fr\/?s={search_term_string}"},"query-input":{"@type":"PropertyValueSpecification","valueRequired":true,"valueName":"search_term_string"}}],"inLanguage":"fr-FR"},{"@type":"Organization","@id":"https:\/\/dekkal-quincaillerie.dz\/fr\/#organization","name":"DEKKAL QUINCAILLERIE","url":"https:\/\/dekkal-quincaillerie.dz\/fr\/","logo":{"@type":"ImageObject","inLanguage":"fr-FR","@id":"https:\/\/dekkal-quincaillerie.dz\/fr\/#\/schema\/logo\/image\/","url":"https:\/\/dekkal-quincaillerie.dz\/fr\/wp-content\/uploads\/2022\/03\/image_2022-03-19_172411.png","contentUrl":"https:\/\/dekkal-quincaillerie.dz\/fr\/wp-content\/uploads\/2022\/03\/image_2022-03-19_172411.png","width":851,"height":315,"caption":"DEKKAL QUINCAILLERIE"},"image":{"@id":"https:\/\/dekkal-quincaillerie.dz\/fr\/#\/schema\/logo\/image\/"},"sameAs":["https:\/\/www.facebook.com\/ets.dekkal.1","https:\/\/www.instagram.com\/ets.dekkal\/"]}]}},"jetpack_publicize_connections":[],"jetpack-related-posts":[{"id":5083,"url":"https:\/\/dekkal-quincaillerie.dz\/fr\/produit\/mastic-silicone-abro-1200\/","url_meta":{"origin":6538,"position":0},"title":"Mastic silicone blanc 280 ML  GP-1200-CLR ABRO 1200","author":"admin","date":"mars 19, 2022","format":false,"excerpt":"Mastic silicone blanc 280 ML GP-1200-CLR ABRO 1200 Utilisable pour diff\u00e9rents travaux d'\u00e9tanch\u00e9it\u00e9. Usage multi-surface: bois, m\u00e9tal, verre, c\u00e9ramique, caoutchouc, sur les surfaces peintes.","rel":"","context":"Article similaire","block_context":{"text":"Article similaire","link":""},"img":{"alt_text":"","src":"https:\/\/dekkal-quincaillerie.dz\/fr\/wp-content\/uploads\/2022\/03\/ABRO.avif","width":350,"height":200,"srcset":"https:\/\/dekkal-quincaillerie.dz\/fr\/wp-content\/uploads\/2022\/03\/ABRO.avif 1x, https:\/\/dekkal-quincaillerie.dz\/fr\/wp-content\/uploads\/2022\/03\/ABRO.avif 1.5x, https:\/\/dekkal-quincaillerie.dz\/fr\/wp-content\/uploads\/2022\/03\/ABRO.avif 2x, https:\/\/dekkal-quincaillerie.dz\/fr\/wp-content\/uploads\/2022\/03\/ABRO.avif 3x, https:\/\/dekkal-quincaillerie.dz\/fr\/wp-content\/uploads\/2022\/03\/ABRO.avif 4x"},"classes":[]},{"id":6432,"url":"https:\/\/dekkal-quincaillerie.dz\/fr\/produit\/mastic-acier-700g-pigma-color\/","url_meta":{"origin":6538,"position":1},"title":"MASTIC ACIER 700g PIGMA COLOR","author":"webmaster","date":"juillet 28, 2022","format":false,"excerpt":"MASTIC ACIER 700g PIGMA COLOR Utilisation: Mastic \u00e0 deux composants pour le rebouchage et le\u00a0 nivellement des imperfections en carrosserie et le bois. Support : M\u00e9tal : Bien d\u00e9rouill\u00e9, bien d\u00e9graiss\u00e9 et sec. Bois : bien ponc\u00e9 et d\u00e9poussi\u00e9r\u00e9.","rel":"","context":"Article similaire","block_context":{"text":"Article similaire","link":""},"img":{"alt_text":"","src":"https:\/\/dekkal-quincaillerie.dz\/fr\/wp-content\/uploads\/2022\/07\/294702489_641876934024745_7452710237236908371_n.avif","width":350,"height":200},"classes":[]},{"id":6792,"url":"https:\/\/dekkal-quincaillerie.dz\/fr\/produit\/mastic-acier-gris-dbs\/","url_meta":{"origin":6538,"position":2},"title":"MASTIC ACIER GRIS DBS","author":"webmaster","date":"janvier 5, 2023","format":false,"excerpt":"Mastic \u00e0 usage professionnel . Validit\u00e9 de 36 mois. MADE IN ITALY","rel":"","context":"Article similaire","block_context":{"text":"Article similaire","link":""},"img":{"alt_text":"","src":"https:\/\/dekkal-quincaillerie.dz\/fr\/wp-content\/uploads\/2023\/01\/PhotoRoom-20230105_0956591.avif","width":350,"height":200,"srcset":"https:\/\/dekkal-quincaillerie.dz\/fr\/wp-content\/uploads\/2023\/01\/PhotoRoom-20230105_0956591.avif 1x, https:\/\/dekkal-quincaillerie.dz\/fr\/wp-content\/uploads\/2023\/01\/PhotoRoom-20230105_0956591.avif 1.5x, https:\/\/dekkal-quincaillerie.dz\/fr\/wp-content\/uploads\/2023\/01\/PhotoRoom-20230105_0956591.avif 2x, https:\/\/dekkal-quincaillerie.dz\/fr\/wp-content\/uploads\/2023\/01\/PhotoRoom-20230105_0956591.avif 3x, https:\/\/dekkal-quincaillerie.dz\/fr\/wp-content\/uploads\/2023\/01\/PhotoRoom-20230105_0956591.avif 4x"},"classes":[]},{"id":6690,"url":"https:\/\/dekkal-quincaillerie.dz\/fr\/produit\/mastic-a-bois-chene-claire-750g-avec-durcisseur-sk34-slem\/","url_meta":{"origin":6538,"position":3},"title":"MASTIC A BOIS CHENE CLAIR 750G  AVEC DURCISSEUR SK34 SLEM","author":"webmaster","date":"novembre 2, 2022","format":false,"excerpt":"CARACTERISTIQUES: Le Reconstitue Parties Manquantes est compos\u00e9 d'un mastic bi-composants pour r\u00e9parer, restaurer, reconstituer une partie de bois manquante mais aussi boucher, coller le bois et ses d\u00e9riv\u00e9s. Il s'applique facilement avec une bonne r\u00e9sistance m\u00e9canique, une excellente adh\u00e9rence sur bois et une prise rapide. Le Reconstitue Parties Manquantes est\u2026","rel":"","context":"Article similaire","block_context":{"text":"Article similaire","link":""},"img":{"alt_text":"","src":"https:\/\/dekkal-quincaillerie.dz\/fr\/wp-content\/uploads\/2022\/11\/312489924_516916780036308_6177908374882370779_n.avif","width":350,"height":200,"srcset":"https:\/\/dekkal-quincaillerie.dz\/fr\/wp-content\/uploads\/2022\/11\/312489924_516916780036308_6177908374882370779_n.avif 1x, https:\/\/dekkal-quincaillerie.dz\/fr\/wp-content\/uploads\/2022\/11\/312489924_516916780036308_6177908374882370779_n.avif 1.5x, https:\/\/dekkal-quincaillerie.dz\/fr\/wp-content\/uploads\/2022\/11\/312489924_516916780036308_6177908374882370779_n.avif 2x, https:\/\/dekkal-quincaillerie.dz\/fr\/wp-content\/uploads\/2022\/11\/312489924_516916780036308_6177908374882370779_n.avif 3x, https:\/\/dekkal-quincaillerie.dz\/fr\/wp-content\/uploads\/2022\/11\/312489924_516916780036308_6177908374882370779_n.avif 4x"},"classes":[]},{"id":11638,"url":"https:\/\/dekkal-quincaillerie.dz\/fr\/produit\/decapeur-thermique-2000w-tb20056-total\/","url_meta":{"origin":6538,"position":4},"title":"DECAPEUR THERMIQUE 2000W TB20056 TOTAL","author":"webmaster","date":"mai 20, 2025","format":false,"excerpt":"D\u00e9capeur Thermique 2000W TB20056 TOTAL : L'outil essentiel pour tous vos travaux de chauffe Le d\u00e9capeur thermique TOTAL TB20056 de 2000W est l\u2019outil indispensable pour les professionnels du b\u00e2timent comme pour les bricoleurs exigeants. Polyvalent, puissant et ergonomique, il permet de r\u00e9aliser une multitude de travaux n\u00e9cessitant de la chaleur,\u2026","rel":"","context":"Article similaire","block_context":{"text":"Article similaire","link":""},"img":{"alt_text":"d\u00e9capeur thermique TOTAL","src":"https:\/\/dekkal-quincaillerie.dz\/fr\/wp-content\/uploads\/2025\/05\/51c2R0nNz4L.avif","width":350,"height":200,"srcset":"https:\/\/dekkal-quincaillerie.dz\/fr\/wp-content\/uploads\/2025\/05\/51c2R0nNz4L.avif 1x, https:\/\/dekkal-quincaillerie.dz\/fr\/wp-content\/uploads\/2025\/05\/51c2R0nNz4L.avif 1.5x, https:\/\/dekkal-quincaillerie.dz\/fr\/wp-content\/uploads\/2025\/05\/51c2R0nNz4L.avif 2x, https:\/\/dekkal-quincaillerie.dz\/fr\/wp-content\/uploads\/2025\/05\/51c2R0nNz4L.avif 3x"},"classes":[]},{"id":4850,"url":"https:\/\/dekkal-quincaillerie.dz\/fr\/produit\/taloche-platre-en-polystyrene-blanc-180-x-320mm-0107-kubala\/","url_meta":{"origin":6538,"position":5},"title":"Taloche pl\u00e2tre en polystyr\u00e8ne blanc 180 X 320 MM 0107 KUBALA","author":"admin","date":"mars 19, 2022","format":false,"excerpt":"Taloche pl\u00e2tre en polystyr\u00e8ne blanc 180 X 320 MM 0107 KUBALA Caract\u00e9ristiques: Truelle en polystyr\u00e8ne R\u00e9f\u00e9rence: 0107 2*biseaut\u00e9 Taille: 320*180 \u00a0","rel":"","context":"Article similaire","block_context":{"text":"Article similaire","link":""},"img":{"alt_text":"","src":"https:\/\/dekkal-quincaillerie.dz\/fr\/wp-content\/uploads\/2022\/03\/kubala-0107-hladitko-polystyrenove-320x180mm-2x-zkosene-styrohart_ie96834.avif","width":350,"height":200,"srcset":"https:\/\/dekkal-quincaillerie.dz\/fr\/wp-content\/uploads\/2022\/03\/kubala-0107-hladitko-polystyrenove-320x180mm-2x-zkosene-styrohart_ie96834.avif 1x, https:\/\/dekkal-quincaillerie.dz\/fr\/wp-content\/uploads\/2022\/03\/kubala-0107-hladitko-polystyrenove-320x180mm-2x-zkosene-styrohart_ie96834.avif 1.5x"},"classes":[]}],"jetpack_likes_enabled":true,"jetpack_sharing_enabled":true,"_links":{"self":[{"href":"https:\/\/dekkal-quincaillerie.dz\/fr\/wp-json\/wp\/v2\/product\/6538","targetHints":{"allow":["GET"]}}],"collection":[{"href":"https:\/\/dekkal-quincaillerie.dz\/fr\/wp-json\/wp\/v2\/product"}],"about":[{"href":"https:\/\/dekkal-quincaillerie.dz\/fr\/wp-json\/wp\/v2\/types\/product"}],"wp:featuredmedia":[{"embeddable":true,"href":"https:\/\/dekkal-quincaillerie.dz\/fr\/wp-json\/wp\/v2\/media\/6539"}],"wp:attachment":[{"href":"https:\/\/dekkal-quincaillerie.dz\/fr\/wp-json\/wp\/v2\/media?parent=6538"}],"wp:term":[{"taxonomy":"product_brand","embeddable":true,"href":"https:\/\/dekkal-quincaillerie.dz\/fr\/wp-json\/wp\/v2\/product_brand?post=6538"},{"taxonomy":"product_cat","embeddable":true,"href":"https:\/\/dekkal-quincaillerie.dz\/fr\/wp-json\/wp\/v2\/product_cat?post=6538"},{"taxonomy":"product_tag","embeddable":true,"href":"https:\/\/dekkal-quincaillerie.dz\/fr\/wp-json\/wp\/v2\/product_tag?post=6538"}],"curies":[{"name":"wp","href":"https:\/\/api.w.org\/{rel}","templated":true}]}}