{"id":6427,"date":"2022-07-27T13:19:31","date_gmt":"2022-07-27T13:19:31","guid":{"rendered":"https:\/\/dekkal-quincaillerie.dz\/fr\/?post_type=product&#038;p=6427"},"modified":"2025-03-22T07:16:50","modified_gmt":"2025-03-22T07:16:50","slug":"brouette-verte-thtwb380008-total","status":"publish","type":"product","link":"https:\/\/dekkal-quincaillerie.dz\/fr\/produit\/brouette-verte-thtwb380008-total\/","title":{"rendered":"BROUETTE VERTE THTWB380008 TOTAL"},"content":{"rendered":"<h4>BROUETTE VERTE THTWB380008 TOTAL<\/h4>\n<ul>\n<li>Charge (kg):\u00a0120kg<\/li>\n<li>Capacit\u00e9 d\u2019eau (L): 60L<\/li>\n<li>Capacit\u00e9 de sable (CBF): 4CBF<\/li>\n<li>Roue: 13 \u00ab * 3 \u00bb, roue pleine<\/li>\n<li>L * H * A * B * C (millim\u00e8tre): 1330 * 630 * 380 * 820 * 630<\/li>\n<li>Plateau de 0,8 mm d\u2019\u00e9paisseur<\/li>\n<li>Poign\u00e9e avec 1.2x32mm<\/li>\n<\/ul>\n","protected":false},"excerpt":{"rendered":"<p>BROUETTE VERTE THTWB380008 TOTAL Charge (kg):\u00a0120kg Capacit\u00e9 d\u2019eau (L): 60L Capacit\u00e9 de sable (CBF): 4CBF Roue: 13 \u00ab * 3 \u00bb, roue pleine L * H * A * B * C (millim\u00e8tre): 1330 * 630 * 380 * 820 * 630 Plateau de 0,8 mm d\u2019\u00e9paisseur Poign\u00e9e avec 1.2x32mm<\/p>\n","protected":false},"featured_media":6429,"template":"","meta":{"jetpack_post_was_ever_published":false,"jetpack_publicize_message":"","jetpack_publicize_feature_enabled":true,"jetpack_social_post_already_shared":false,"jetpack_social_options":{"image_generator_settings":{"template":"highway","default_image_id":0,"font":"","enabled":false},"version":2}},"product_brand":[],"product_cat":[15],"product_tag":[],"class_list":{"0":"post-6427","1":"product","2":"type-product","3":"status-publish","4":"has-post-thumbnail","6":"product_cat-non-classe","8":"first","9":"outofstock","10":"taxable","11":"shipping-taxable","12":"purchasable","13":"product-type-simple"},"yoast_head":"<!-- This site is optimized with the Yoast SEO Premium plugin v20.0 (Yoast SEO v27.3) - https:\/\/yoast.com\/product\/yoast-seo-premium-wordpress\/ -->\n<title>BROUETTE VERTE THTWB380008 TOTAL - DEKKAL<\/title>\n<meta name=\"robots\" content=\"index, follow, max-snippet:-1, max-image-preview:large, max-video-preview:-1\" \/>\n<link rel=\"canonical\" href=\"https:\/\/dekkal-quincaillerie.dz\/fr\/produit\/brouette-verte-thtwb380008-total\/\" \/>\n<script type=\"application\/ld+json\" class=\"yoast-schema-graph\">{\"@context\":\"https:\\\/\\\/schema.org\",\"@graph\":[{\"@type\":\"WebPage\",\"@id\":\"https:\\\/\\\/dekkal-quincaillerie.dz\\\/fr\\\/produit\\\/brouette-verte-thtwb380008-total\\\/\",\"url\":\"https:\\\/\\\/dekkal-quincaillerie.dz\\\/fr\\\/produit\\\/brouette-verte-thtwb380008-total\\\/\",\"name\":\"BROUETTE VERTE THTWB380008 TOTAL - DEKKAL\",\"isPartOf\":{\"@id\":\"https:\\\/\\\/dekkal-quincaillerie.dz\\\/fr\\\/#website\"},\"primaryImageOfPage\":{\"@id\":\"https:\\\/\\\/dekkal-quincaillerie.dz\\\/fr\\\/produit\\\/brouette-verte-thtwb380008-total\\\/#primaryimage\"},\"image\":{\"@id\":\"https:\\\/\\\/dekkal-quincaillerie.dz\\\/fr\\\/produit\\\/brouette-verte-thtwb380008-total\\\/#primaryimage\"},\"thumbnailUrl\":\"https:\\\/\\\/dekkal-quincaillerie.dz\\\/fr\\\/wp-content\\\/uploads\\\/2022\\\/07\\\/294973862_5246498885469528_4465377646316414633_n.avif\",\"datePublished\":\"2022-07-27T13:19:31+00:00\",\"dateModified\":\"2025-03-22T07:16:50+00:00\",\"breadcrumb\":{\"@id\":\"https:\\\/\\\/dekkal-quincaillerie.dz\\\/fr\\\/produit\\\/brouette-verte-thtwb380008-total\\\/#breadcrumb\"},\"inLanguage\":\"fr-FR\",\"potentialAction\":[{\"@type\":\"ReadAction\",\"target\":[\"https:\\\/\\\/dekkal-quincaillerie.dz\\\/fr\\\/produit\\\/brouette-verte-thtwb380008-total\\\/\"]}]},{\"@type\":\"ImageObject\",\"inLanguage\":\"fr-FR\",\"@id\":\"https:\\\/\\\/dekkal-quincaillerie.dz\\\/fr\\\/produit\\\/brouette-verte-thtwb380008-total\\\/#primaryimage\",\"url\":\"https:\\\/\\\/dekkal-quincaillerie.dz\\\/fr\\\/wp-content\\\/uploads\\\/2022\\\/07\\\/294973862_5246498885469528_4465377646316414633_n.avif\",\"contentUrl\":\"https:\\\/\\\/dekkal-quincaillerie.dz\\\/fr\\\/wp-content\\\/uploads\\\/2022\\\/07\\\/294973862_5246498885469528_4465377646316414633_n.avif\",\"width\":403,\"height\":205},{\"@type\":\"BreadcrumbList\",\"@id\":\"https:\\\/\\\/dekkal-quincaillerie.dz\\\/fr\\\/produit\\\/brouette-verte-thtwb380008-total\\\/#breadcrumb\",\"itemListElement\":[{\"@type\":\"ListItem\",\"position\":1,\"name\":\"Accueil\",\"item\":\"https:\\\/\\\/dekkal-quincaillerie.dz\\\/fr\\\/\"},{\"@type\":\"ListItem\",\"position\":2,\"name\":\"Boutique\",\"item\":\"https:\\\/\\\/dekkal-quincaillerie.dz\\\/fr\\\/boutique\\\/\"},{\"@type\":\"ListItem\",\"position\":3,\"name\":\"BROUETTE VERTE THTWB380008 TOTAL\"}]},{\"@type\":\"WebSite\",\"@id\":\"https:\\\/\\\/dekkal-quincaillerie.dz\\\/fr\\\/#website\",\"url\":\"https:\\\/\\\/dekkal-quincaillerie.dz\\\/fr\\\/\",\"name\":\"DEKKAL\",\"description\":\"\",\"publisher\":{\"@id\":\"https:\\\/\\\/dekkal-quincaillerie.dz\\\/fr\\\/#organization\"},\"potentialAction\":[{\"@type\":\"SearchAction\",\"target\":{\"@type\":\"EntryPoint\",\"urlTemplate\":\"https:\\\/\\\/dekkal-quincaillerie.dz\\\/fr\\\/?s={search_term_string}\"},\"query-input\":{\"@type\":\"PropertyValueSpecification\",\"valueRequired\":true,\"valueName\":\"search_term_string\"}}],\"inLanguage\":\"fr-FR\"},{\"@type\":\"Organization\",\"@id\":\"https:\\\/\\\/dekkal-quincaillerie.dz\\\/fr\\\/#organization\",\"name\":\"DEKKAL QUINCAILLERIE\",\"url\":\"https:\\\/\\\/dekkal-quincaillerie.dz\\\/fr\\\/\",\"logo\":{\"@type\":\"ImageObject\",\"inLanguage\":\"fr-FR\",\"@id\":\"https:\\\/\\\/dekkal-quincaillerie.dz\\\/fr\\\/#\\\/schema\\\/logo\\\/image\\\/\",\"url\":\"https:\\\/\\\/dekkal-quincaillerie.dz\\\/fr\\\/wp-content\\\/uploads\\\/2022\\\/03\\\/image_2022-03-19_172411.png\",\"contentUrl\":\"https:\\\/\\\/dekkal-quincaillerie.dz\\\/fr\\\/wp-content\\\/uploads\\\/2022\\\/03\\\/image_2022-03-19_172411.png\",\"width\":851,\"height\":315,\"caption\":\"DEKKAL QUINCAILLERIE\"},\"image\":{\"@id\":\"https:\\\/\\\/dekkal-quincaillerie.dz\\\/fr\\\/#\\\/schema\\\/logo\\\/image\\\/\"},\"sameAs\":[\"https:\\\/\\\/www.facebook.com\\\/ets.dekkal.1\",\"https:\\\/\\\/www.instagram.com\\\/ets.dekkal\\\/\"]}]}<\/script>\n<!-- \/ Yoast SEO Premium plugin. -->","yoast_head_json":{"title":"BROUETTE VERTE THTWB380008 TOTAL - DEKKAL","robots":{"index":"index","follow":"follow","max-snippet":"max-snippet:-1","max-image-preview":"max-image-preview:large","max-video-preview":"max-video-preview:-1"},"canonical":"https:\/\/dekkal-quincaillerie.dz\/fr\/produit\/brouette-verte-thtwb380008-total\/","schema":{"@context":"https:\/\/schema.org","@graph":[{"@type":"WebPage","@id":"https:\/\/dekkal-quincaillerie.dz\/fr\/produit\/brouette-verte-thtwb380008-total\/","url":"https:\/\/dekkal-quincaillerie.dz\/fr\/produit\/brouette-verte-thtwb380008-total\/","name":"BROUETTE VERTE THTWB380008 TOTAL - DEKKAL","isPartOf":{"@id":"https:\/\/dekkal-quincaillerie.dz\/fr\/#website"},"primaryImageOfPage":{"@id":"https:\/\/dekkal-quincaillerie.dz\/fr\/produit\/brouette-verte-thtwb380008-total\/#primaryimage"},"image":{"@id":"https:\/\/dekkal-quincaillerie.dz\/fr\/produit\/brouette-verte-thtwb380008-total\/#primaryimage"},"thumbnailUrl":"https:\/\/dekkal-quincaillerie.dz\/fr\/wp-content\/uploads\/2022\/07\/294973862_5246498885469528_4465377646316414633_n.avif","datePublished":"2022-07-27T13:19:31+00:00","dateModified":"2025-03-22T07:16:50+00:00","breadcrumb":{"@id":"https:\/\/dekkal-quincaillerie.dz\/fr\/produit\/brouette-verte-thtwb380008-total\/#breadcrumb"},"inLanguage":"fr-FR","potentialAction":[{"@type":"ReadAction","target":["https:\/\/dekkal-quincaillerie.dz\/fr\/produit\/brouette-verte-thtwb380008-total\/"]}]},{"@type":"ImageObject","inLanguage":"fr-FR","@id":"https:\/\/dekkal-quincaillerie.dz\/fr\/produit\/brouette-verte-thtwb380008-total\/#primaryimage","url":"https:\/\/dekkal-quincaillerie.dz\/fr\/wp-content\/uploads\/2022\/07\/294973862_5246498885469528_4465377646316414633_n.avif","contentUrl":"https:\/\/dekkal-quincaillerie.dz\/fr\/wp-content\/uploads\/2022\/07\/294973862_5246498885469528_4465377646316414633_n.avif","width":403,"height":205},{"@type":"BreadcrumbList","@id":"https:\/\/dekkal-quincaillerie.dz\/fr\/produit\/brouette-verte-thtwb380008-total\/#breadcrumb","itemListElement":[{"@type":"ListItem","position":1,"name":"Accueil","item":"https:\/\/dekkal-quincaillerie.dz\/fr\/"},{"@type":"ListItem","position":2,"name":"Boutique","item":"https:\/\/dekkal-quincaillerie.dz\/fr\/boutique\/"},{"@type":"ListItem","position":3,"name":"BROUETTE VERTE THTWB380008 TOTAL"}]},{"@type":"WebSite","@id":"https:\/\/dekkal-quincaillerie.dz\/fr\/#website","url":"https:\/\/dekkal-quincaillerie.dz\/fr\/","name":"DEKKAL","description":"","publisher":{"@id":"https:\/\/dekkal-quincaillerie.dz\/fr\/#organization"},"potentialAction":[{"@type":"SearchAction","target":{"@type":"EntryPoint","urlTemplate":"https:\/\/dekkal-quincaillerie.dz\/fr\/?s={search_term_string}"},"query-input":{"@type":"PropertyValueSpecification","valueRequired":true,"valueName":"search_term_string"}}],"inLanguage":"fr-FR"},{"@type":"Organization","@id":"https:\/\/dekkal-quincaillerie.dz\/fr\/#organization","name":"DEKKAL QUINCAILLERIE","url":"https:\/\/dekkal-quincaillerie.dz\/fr\/","logo":{"@type":"ImageObject","inLanguage":"fr-FR","@id":"https:\/\/dekkal-quincaillerie.dz\/fr\/#\/schema\/logo\/image\/","url":"https:\/\/dekkal-quincaillerie.dz\/fr\/wp-content\/uploads\/2022\/03\/image_2022-03-19_172411.png","contentUrl":"https:\/\/dekkal-quincaillerie.dz\/fr\/wp-content\/uploads\/2022\/03\/image_2022-03-19_172411.png","width":851,"height":315,"caption":"DEKKAL QUINCAILLERIE"},"image":{"@id":"https:\/\/dekkal-quincaillerie.dz\/fr\/#\/schema\/logo\/image\/"},"sameAs":["https:\/\/www.facebook.com\/ets.dekkal.1","https:\/\/www.instagram.com\/ets.dekkal\/"]}]}},"jetpack_publicize_connections":[],"jetpack-related-posts":[{"id":10120,"url":"https:\/\/dekkal-quincaillerie.dz\/fr\/produit\/tariere-essence-triple-meches-630-kibor\/","url_meta":{"origin":6427,"position":0},"title":"TARIERE ESSENCE (PERCEUSE A TERRE) TRIPLE MECHES 630 KIBOR 10 X 80CM 20 X 80CM 30 X 80CM","author":"dekkal","date":"d\u00e9cembre 24, 2024","format":false,"excerpt":"TARIERE ESSENCE (PERCEUSE A TERRE) TRIPLE MECHES 630 KIBOR \u00a0 Performances et Applications La tari\u00e8re essence (perceuse \u00e0 terre) triple m\u00e8ches 630 Kibor aide les jardiniers, agriculteurs et bricoleurs \u00e0 creuser des trous de plantation, installer des cl\u00f4tures et r\u00e9aliser divers travaux de jardinage. Avec ses trois m\u00e8ches de tailles\u2026","rel":"","context":"Article similaire","block_context":{"text":"Article similaire","link":""},"img":{"alt_text":"tariere-essence-triple-meches-630-kibor","src":"https:\/\/dekkal-quincaillerie.dz\/fr\/wp-content\/uploads\/2024\/12\/1000020219-png.avif","width":350,"height":200,"srcset":"https:\/\/dekkal-quincaillerie.dz\/fr\/wp-content\/uploads\/2024\/12\/1000020219-png.avif 1x, https:\/\/dekkal-quincaillerie.dz\/fr\/wp-content\/uploads\/2024\/12\/1000020219-png.avif 1.5x"},"classes":[]},{"id":4795,"url":"https:\/\/dekkal-quincaillerie.dz\/fr\/produit\/cric-a-chariot-3-tonnes-t83000et-big-red\/","url_meta":{"origin":6427,"position":1},"title":"Cric \u00e0 chariot 3 tonnes T830025 BIG RED","author":"admin","date":"mars 19, 2022","format":false,"excerpt":"Cric \u00e0 chariot 3 tonnes T83000ET BIG RED Caract\u00e9ristiques\u00a0:\u00a0 T83000ET Cric de garage 3 tonnes. Levage rapide vers le v\u00e9hicule Capacit\u00e9: 3 T Hauteur minimale: 150 MM Hauteur maximale: 490 MM Dimensions: 630 x 344 x 180 MM Les normes de s\u00e9curit\u00e9 sont conformes \u00e0 GS \/ TUV et CE","rel":"","context":"Article similaire","block_context":{"text":"Article similaire","link":""},"img":{"alt_text":"","src":"https:\/\/dekkal-quincaillerie.dz\/fr\/wp-content\/uploads\/2022\/03\/JACG-T83000ET_5aa4e1f4-6eab-442b-81cd-e153952bc8c6_1024x.avif","width":350,"height":200},"classes":[]},{"id":5623,"url":"https:\/\/dekkal-quincaillerie.dz\/fr\/produit\/niveau-laser-3-lignes-a-360-gll-3-80-bosch\/","url_meta":{"origin":6427,"position":2},"title":"Niveau laser 3 lignes \u00e0 360\u00b0 GLL3-80C BOSCH","author":"admin","date":"mars 19, 2022","format":false,"excerpt":"Niveau laser 3 lignes \u00e0 360\u00b0 GLL 3-80 BOCSH Caract\u00e9ristiques : Port\u00e9e avec cellule de r\u00e9ception, valeur 120 M Pr\u00e9cision \u00b1 0,3 MM\/M*\/** (* pour les 4 points d\u2019intersection horizontaux ; ** plus \u00e9cart li\u00e9 \u00e0 l\u2019utilisation) Projection 3 lignes \u00e0 360\u00b0 Diode laser Lignes : 630 - 650 NM,\u2026","rel":"","context":"Article similaire","block_context":{"text":"Article similaire","link":""},"img":{"alt_text":"","src":"https:\/\/dekkal-quincaillerie.dz\/fr\/wp-content\/uploads\/2022\/03\/IMG_20220212_095025.avif","width":350,"height":200,"srcset":"https:\/\/dekkal-quincaillerie.dz\/fr\/wp-content\/uploads\/2022\/03\/IMG_20220212_095025.avif 1x, https:\/\/dekkal-quincaillerie.dz\/fr\/wp-content\/uploads\/2022\/03\/IMG_20220212_095025.avif 1.5x, https:\/\/dekkal-quincaillerie.dz\/fr\/wp-content\/uploads\/2022\/03\/IMG_20220212_095025.avif 2x, https:\/\/dekkal-quincaillerie.dz\/fr\/wp-content\/uploads\/2022\/03\/IMG_20220212_095025.avif 3x, https:\/\/dekkal-quincaillerie.dz\/fr\/wp-content\/uploads\/2022\/03\/IMG_20220212_095025.avif 4x"},"classes":[]},{"id":4989,"url":"https:\/\/dekkal-quincaillerie.dz\/fr\/produit\/debroussailleuse-total-tp5524411\/","url_meta":{"origin":6427,"position":3},"title":"DEBROUSSAILLEUSE TP5524411 TOTAL","author":"admin","date":"mars 19, 2022","format":false,"excerpt":"D\u00e9broussailleuse TP5524411 TOTAL Caract\u00e9ristiques :\u00a0 D\u00e9placement: 52 CC Puissance nominale: 1.4Kw (2.2HP) Vitesse maximale: 9000 TR \/ MIN Chemin de coupe maximum: 420 MM Doublure de bobine: 2,4 MM x 4 M Diam\u00e8tre de la lame: 255 MM (3 dents) Capacit\u00e9 du r\u00e9servoir de carburant: 1200 ML Moteur 2 temps\u2026","rel":"","context":"Article similaire","block_context":{"text":"Article similaire","link":""},"img":{"alt_text":"","src":"https:\/\/dekkal-quincaillerie.dz\/fr\/wp-content\/uploads\/2022\/03\/TP5524411-TOTAL.avif","width":350,"height":200,"srcset":"https:\/\/dekkal-quincaillerie.dz\/fr\/wp-content\/uploads\/2022\/03\/TP5524411-TOTAL.avif 1x, https:\/\/dekkal-quincaillerie.dz\/fr\/wp-content\/uploads\/2022\/03\/TP5524411-TOTAL.avif 1.5x"},"classes":[]},{"id":12097,"url":"https:\/\/dekkal-quincaillerie.dz\/fr\/produit\/marteau-perforateur-1050w-220v-th110266-total\/","url_meta":{"origin":6427,"position":4},"title":"MARTEAU PERFORATEUR 1050W 220V TH110266 TOTAL","author":"webmaster","date":"juin 14, 2025","format":false,"excerpt":"\u2692\ufe0f Pens\u00e9 pour percer les mat\u00e9riaux les plus durs le marteau perforateur TOTAL TH110266 est l'outil indispensable pour les professionnels qui travaillent le b\u00e9ton, la brique ou la pierre. avec son moteur puissant de 1050 watts, il offre une force de frappe constante et une p\u00e9n\u00e9tration rapide. m\u00eame dans les\u2026","rel":"","context":"Article similaire","block_context":{"text":"Article similaire","link":""},"img":{"alt_text":"marteau perforateur TOTAL","src":"https:\/\/dekkal-quincaillerie.dz\/fr\/wp-content\/uploads\/2025\/06\/1000033547.avif","width":350,"height":200},"classes":[]},{"id":11692,"url":"https:\/\/dekkal-quincaillerie.dz\/fr\/produit\/motoculteur-essence-7hp-4-2q-kibor\/","url_meta":{"origin":6427,"position":5},"title":"MOTOCULTEUR ESSENCE 7HP 4.2Q KIBOR","author":"webmaster","date":"mai 20, 2025","format":false,"excerpt":"\ud83c\udf31 Pr\u00e9parez vos sols avec puissance et pr\u00e9cision gr\u00e2ce au motoculteur essence 7HP KIBOR Le motoculteur essence 7CH de KIBOR est l\u2019outil id\u00e9al pour travailler, ameublir et a\u00e9rer tous types de sols, m\u00eame les plus compacts. Destin\u00e9 aux agriculteurs, mara\u00eechers, jardiniers professionnels ou particuliers exigeants, ce mod\u00e8le allie performance moteur,\u2026","rel":"","context":"Article similaire","block_context":{"text":"Article similaire","link":""},"img":{"alt_text":"motoculteur essence 7CH","src":"https:\/\/dekkal-quincaillerie.dz\/fr\/wp-content\/uploads\/2025\/05\/1000030092.avif","width":350,"height":200},"classes":[]}],"jetpack_likes_enabled":true,"jetpack_sharing_enabled":true,"_links":{"self":[{"href":"https:\/\/dekkal-quincaillerie.dz\/fr\/wp-json\/wp\/v2\/product\/6427","targetHints":{"allow":["GET"]}}],"collection":[{"href":"https:\/\/dekkal-quincaillerie.dz\/fr\/wp-json\/wp\/v2\/product"}],"about":[{"href":"https:\/\/dekkal-quincaillerie.dz\/fr\/wp-json\/wp\/v2\/types\/product"}],"wp:featuredmedia":[{"embeddable":true,"href":"https:\/\/dekkal-quincaillerie.dz\/fr\/wp-json\/wp\/v2\/media\/6429"}],"wp:attachment":[{"href":"https:\/\/dekkal-quincaillerie.dz\/fr\/wp-json\/wp\/v2\/media?parent=6427"}],"wp:term":[{"taxonomy":"product_brand","embeddable":true,"href":"https:\/\/dekkal-quincaillerie.dz\/fr\/wp-json\/wp\/v2\/product_brand?post=6427"},{"taxonomy":"product_cat","embeddable":true,"href":"https:\/\/dekkal-quincaillerie.dz\/fr\/wp-json\/wp\/v2\/product_cat?post=6427"},{"taxonomy":"product_tag","embeddable":true,"href":"https:\/\/dekkal-quincaillerie.dz\/fr\/wp-json\/wp\/v2\/product_tag?post=6427"}],"curies":[{"name":"wp","href":"https:\/\/api.w.org\/{rel}","templated":true}]}}