{"id":6409,"date":"2022-07-26T08:20:58","date_gmt":"2022-07-26T08:20:58","guid":{"rendered":"https:\/\/dekkal-quincaillerie.dz\/fr\/?post_type=product&#038;p=6409"},"modified":"2025-03-22T07:16:50","modified_gmt":"2025-03-22T07:16:50","slug":"pince-multimetre-numerique-tmt42002-total","status":"publish","type":"product","link":"https:\/\/dekkal-quincaillerie.dz\/fr\/produit\/pince-multimetre-numerique-tmt42002-total\/","title":{"rendered":"PINCE MULTIMETRE NUMERIQUE TMT42002 TOTAL"},"content":{"rendered":"<h4>PINCE MULTIM\u00c8TRE NUM\u00c9RIQUE TMT42002 TOTAL<\/h4>\n<ul>\n<li>Moderne et\u00a0facile \u00e0 utiliser<\/li>\n<li>mesure le courant alternatif jusqu&rsquo;\u00e0 600 A<\/li>\n<li>Affichage LCD<\/li>\n<li>R\u00e9tro-\u00e9clairage<\/li>\n<li>Tension : 1 mV &#8211; 600 V<\/li>\n<li>Courant : 0.1 mA &#8211; 200 A<\/li>\n<li>R\u00e9sistance : 0 &#8211; 20 M\u03a9<\/li>\n<\/ul>\n","protected":false},"excerpt":{"rendered":"<p>&#8211; adapt\u00e9 aux travaux g\u00e9n\u00e9raux V\u00e9rifier et r\u00e9parer les appareils \u00e9lectroniques<\/p>\n<p>&#8211; convient aux techniciens professionnels et aux techniciens g\u00e9n\u00e9raux (qui ne peuvent pas lire la valeur)<\/p>\n<p>&#8211; Poss\u00e8de des fonctions \u00e9lectriques compl\u00e8tes<\/p>\n<p>&#8211; Grande bouche de serrage. D\u00e9tectera le champ magn\u00e9tique qui se produit autour du fil<\/p>\n","protected":false},"featured_media":6413,"template":"","meta":[],"product_brand":[],"product_cat":[213],"product_tag":[],"class_list":{"0":"post-6409","1":"product","2":"type-product","3":"status-publish","4":"has-post-thumbnail","6":"product_cat-electricite","8":"first","9":"outofstock","10":"taxable","11":"shipping-taxable","12":"purchasable","13":"product-type-simple"},"yoast_head":"<!-- This site is optimized with the Yoast SEO Premium plugin v20.0 (Yoast SEO v27.4) - https:\/\/yoast.com\/product\/yoast-seo-premium-wordpress\/ -->\n<title>PINCE MULTIMETRE NUMERIQUE TMT42002 TOTAL - DEKKAL<\/title>\n<meta name=\"robots\" content=\"index, follow, max-snippet:-1, max-image-preview:large, max-video-preview:-1\" \/>\n<link rel=\"canonical\" href=\"https:\/\/dekkal-quincaillerie.dz\/fr\/produit\/pince-multimetre-numerique-tmt42002-total\/\" \/>\n<script type=\"application\/ld+json\" class=\"yoast-schema-graph\">{\"@context\":\"https:\\\/\\\/schema.org\",\"@graph\":[{\"@type\":\"WebPage\",\"@id\":\"https:\\\/\\\/dekkal-quincaillerie.dz\\\/fr\\\/produit\\\/pince-multimetre-numerique-tmt42002-total\\\/\",\"url\":\"https:\\\/\\\/dekkal-quincaillerie.dz\\\/fr\\\/produit\\\/pince-multimetre-numerique-tmt42002-total\\\/\",\"name\":\"PINCE MULTIMETRE NUMERIQUE TMT42002 TOTAL - DEKKAL\",\"isPartOf\":{\"@id\":\"https:\\\/\\\/dekkal-quincaillerie.dz\\\/fr\\\/#website\"},\"primaryImageOfPage\":{\"@id\":\"https:\\\/\\\/dekkal-quincaillerie.dz\\\/fr\\\/produit\\\/pince-multimetre-numerique-tmt42002-total\\\/#primaryimage\"},\"image\":{\"@id\":\"https:\\\/\\\/dekkal-quincaillerie.dz\\\/fr\\\/produit\\\/pince-multimetre-numerique-tmt42002-total\\\/#primaryimage\"},\"thumbnailUrl\":\"https:\\\/\\\/dekkal-quincaillerie.dz\\\/fr\\\/wp-content\\\/uploads\\\/2022\\\/07\\\/TMT42002.avif\",\"datePublished\":\"2022-07-26T08:20:58+00:00\",\"dateModified\":\"2025-03-22T07:16:50+00:00\",\"breadcrumb\":{\"@id\":\"https:\\\/\\\/dekkal-quincaillerie.dz\\\/fr\\\/produit\\\/pince-multimetre-numerique-tmt42002-total\\\/#breadcrumb\"},\"inLanguage\":\"fr-FR\",\"potentialAction\":[{\"@type\":\"ReadAction\",\"target\":[\"https:\\\/\\\/dekkal-quincaillerie.dz\\\/fr\\\/produit\\\/pince-multimetre-numerique-tmt42002-total\\\/\"]}]},{\"@type\":\"ImageObject\",\"inLanguage\":\"fr-FR\",\"@id\":\"https:\\\/\\\/dekkal-quincaillerie.dz\\\/fr\\\/produit\\\/pince-multimetre-numerique-tmt42002-total\\\/#primaryimage\",\"url\":\"https:\\\/\\\/dekkal-quincaillerie.dz\\\/fr\\\/wp-content\\\/uploads\\\/2022\\\/07\\\/TMT42002.avif\",\"contentUrl\":\"https:\\\/\\\/dekkal-quincaillerie.dz\\\/fr\\\/wp-content\\\/uploads\\\/2022\\\/07\\\/TMT42002.avif\",\"width\":970,\"height\":1280},{\"@type\":\"BreadcrumbList\",\"@id\":\"https:\\\/\\\/dekkal-quincaillerie.dz\\\/fr\\\/produit\\\/pince-multimetre-numerique-tmt42002-total\\\/#breadcrumb\",\"itemListElement\":[{\"@type\":\"ListItem\",\"position\":1,\"name\":\"Accueil\",\"item\":\"https:\\\/\\\/dekkal-quincaillerie.dz\\\/fr\\\/\"},{\"@type\":\"ListItem\",\"position\":2,\"name\":\"Boutique\",\"item\":\"https:\\\/\\\/dekkal-quincaillerie.dz\\\/fr\\\/boutique\\\/\"},{\"@type\":\"ListItem\",\"position\":3,\"name\":\"PINCE MULTIMETRE NUMERIQUE TMT42002 TOTAL\"}]},{\"@type\":\"WebSite\",\"@id\":\"https:\\\/\\\/dekkal-quincaillerie.dz\\\/fr\\\/#website\",\"url\":\"https:\\\/\\\/dekkal-quincaillerie.dz\\\/fr\\\/\",\"name\":\"DEKKAL\",\"description\":\"\",\"publisher\":{\"@id\":\"https:\\\/\\\/dekkal-quincaillerie.dz\\\/fr\\\/#organization\"},\"potentialAction\":[{\"@type\":\"SearchAction\",\"target\":{\"@type\":\"EntryPoint\",\"urlTemplate\":\"https:\\\/\\\/dekkal-quincaillerie.dz\\\/fr\\\/?s={search_term_string}\"},\"query-input\":{\"@type\":\"PropertyValueSpecification\",\"valueRequired\":true,\"valueName\":\"search_term_string\"}}],\"inLanguage\":\"fr-FR\"},{\"@type\":\"Organization\",\"@id\":\"https:\\\/\\\/dekkal-quincaillerie.dz\\\/fr\\\/#organization\",\"name\":\"DEKKAL QUINCAILLERIE\",\"url\":\"https:\\\/\\\/dekkal-quincaillerie.dz\\\/fr\\\/\",\"logo\":{\"@type\":\"ImageObject\",\"inLanguage\":\"fr-FR\",\"@id\":\"https:\\\/\\\/dekkal-quincaillerie.dz\\\/fr\\\/#\\\/schema\\\/logo\\\/image\\\/\",\"url\":\"https:\\\/\\\/dekkal-quincaillerie.dz\\\/fr\\\/wp-content\\\/uploads\\\/2022\\\/03\\\/image_2022-03-19_172411.png\",\"contentUrl\":\"https:\\\/\\\/dekkal-quincaillerie.dz\\\/fr\\\/wp-content\\\/uploads\\\/2022\\\/03\\\/image_2022-03-19_172411.png\",\"width\":851,\"height\":315,\"caption\":\"DEKKAL QUINCAILLERIE\"},\"image\":{\"@id\":\"https:\\\/\\\/dekkal-quincaillerie.dz\\\/fr\\\/#\\\/schema\\\/logo\\\/image\\\/\"},\"sameAs\":[\"https:\\\/\\\/www.facebook.com\\\/ets.dekkal.1\",\"https:\\\/\\\/www.instagram.com\\\/ets.dekkal\\\/\"]}]}<\/script>\n<!-- \/ Yoast SEO Premium plugin. -->","yoast_head_json":{"title":"PINCE MULTIMETRE NUMERIQUE TMT42002 TOTAL - DEKKAL","robots":{"index":"index","follow":"follow","max-snippet":"max-snippet:-1","max-image-preview":"max-image-preview:large","max-video-preview":"max-video-preview:-1"},"canonical":"https:\/\/dekkal-quincaillerie.dz\/fr\/produit\/pince-multimetre-numerique-tmt42002-total\/","schema":{"@context":"https:\/\/schema.org","@graph":[{"@type":"WebPage","@id":"https:\/\/dekkal-quincaillerie.dz\/fr\/produit\/pince-multimetre-numerique-tmt42002-total\/","url":"https:\/\/dekkal-quincaillerie.dz\/fr\/produit\/pince-multimetre-numerique-tmt42002-total\/","name":"PINCE MULTIMETRE NUMERIQUE TMT42002 TOTAL - DEKKAL","isPartOf":{"@id":"https:\/\/dekkal-quincaillerie.dz\/fr\/#website"},"primaryImageOfPage":{"@id":"https:\/\/dekkal-quincaillerie.dz\/fr\/produit\/pince-multimetre-numerique-tmt42002-total\/#primaryimage"},"image":{"@id":"https:\/\/dekkal-quincaillerie.dz\/fr\/produit\/pince-multimetre-numerique-tmt42002-total\/#primaryimage"},"thumbnailUrl":"https:\/\/dekkal-quincaillerie.dz\/fr\/wp-content\/uploads\/2022\/07\/TMT42002.avif","datePublished":"2022-07-26T08:20:58+00:00","dateModified":"2025-03-22T07:16:50+00:00","breadcrumb":{"@id":"https:\/\/dekkal-quincaillerie.dz\/fr\/produit\/pince-multimetre-numerique-tmt42002-total\/#breadcrumb"},"inLanguage":"fr-FR","potentialAction":[{"@type":"ReadAction","target":["https:\/\/dekkal-quincaillerie.dz\/fr\/produit\/pince-multimetre-numerique-tmt42002-total\/"]}]},{"@type":"ImageObject","inLanguage":"fr-FR","@id":"https:\/\/dekkal-quincaillerie.dz\/fr\/produit\/pince-multimetre-numerique-tmt42002-total\/#primaryimage","url":"https:\/\/dekkal-quincaillerie.dz\/fr\/wp-content\/uploads\/2022\/07\/TMT42002.avif","contentUrl":"https:\/\/dekkal-quincaillerie.dz\/fr\/wp-content\/uploads\/2022\/07\/TMT42002.avif","width":970,"height":1280},{"@type":"BreadcrumbList","@id":"https:\/\/dekkal-quincaillerie.dz\/fr\/produit\/pince-multimetre-numerique-tmt42002-total\/#breadcrumb","itemListElement":[{"@type":"ListItem","position":1,"name":"Accueil","item":"https:\/\/dekkal-quincaillerie.dz\/fr\/"},{"@type":"ListItem","position":2,"name":"Boutique","item":"https:\/\/dekkal-quincaillerie.dz\/fr\/boutique\/"},{"@type":"ListItem","position":3,"name":"PINCE MULTIMETRE NUMERIQUE TMT42002 TOTAL"}]},{"@type":"WebSite","@id":"https:\/\/dekkal-quincaillerie.dz\/fr\/#website","url":"https:\/\/dekkal-quincaillerie.dz\/fr\/","name":"DEKKAL","description":"","publisher":{"@id":"https:\/\/dekkal-quincaillerie.dz\/fr\/#organization"},"potentialAction":[{"@type":"SearchAction","target":{"@type":"EntryPoint","urlTemplate":"https:\/\/dekkal-quincaillerie.dz\/fr\/?s={search_term_string}"},"query-input":{"@type":"PropertyValueSpecification","valueRequired":true,"valueName":"search_term_string"}}],"inLanguage":"fr-FR"},{"@type":"Organization","@id":"https:\/\/dekkal-quincaillerie.dz\/fr\/#organization","name":"DEKKAL QUINCAILLERIE","url":"https:\/\/dekkal-quincaillerie.dz\/fr\/","logo":{"@type":"ImageObject","inLanguage":"fr-FR","@id":"https:\/\/dekkal-quincaillerie.dz\/fr\/#\/schema\/logo\/image\/","url":"https:\/\/dekkal-quincaillerie.dz\/fr\/wp-content\/uploads\/2022\/03\/image_2022-03-19_172411.png","contentUrl":"https:\/\/dekkal-quincaillerie.dz\/fr\/wp-content\/uploads\/2022\/03\/image_2022-03-19_172411.png","width":851,"height":315,"caption":"DEKKAL QUINCAILLERIE"},"image":{"@id":"https:\/\/dekkal-quincaillerie.dz\/fr\/#\/schema\/logo\/image\/"},"sameAs":["https:\/\/www.facebook.com\/ets.dekkal.1","https:\/\/www.instagram.com\/ets.dekkal\/"]}]}},"_links":{"self":[{"href":"https:\/\/dekkal-quincaillerie.dz\/fr\/wp-json\/wp\/v2\/product\/6409","targetHints":{"allow":["GET"]}}],"collection":[{"href":"https:\/\/dekkal-quincaillerie.dz\/fr\/wp-json\/wp\/v2\/product"}],"about":[{"href":"https:\/\/dekkal-quincaillerie.dz\/fr\/wp-json\/wp\/v2\/types\/product"}],"wp:featuredmedia":[{"embeddable":true,"href":"https:\/\/dekkal-quincaillerie.dz\/fr\/wp-json\/wp\/v2\/media\/6413"}],"wp:attachment":[{"href":"https:\/\/dekkal-quincaillerie.dz\/fr\/wp-json\/wp\/v2\/media?parent=6409"}],"wp:term":[{"taxonomy":"product_brand","embeddable":true,"href":"https:\/\/dekkal-quincaillerie.dz\/fr\/wp-json\/wp\/v2\/product_brand?post=6409"},{"taxonomy":"product_cat","embeddable":true,"href":"https:\/\/dekkal-quincaillerie.dz\/fr\/wp-json\/wp\/v2\/product_cat?post=6409"},{"taxonomy":"product_tag","embeddable":true,"href":"https:\/\/dekkal-quincaillerie.dz\/fr\/wp-json\/wp\/v2\/product_tag?post=6409"}],"curies":[{"name":"wp","href":"https:\/\/api.w.org\/{rel}","templated":true}]}}