{"id":5607,"date":"2022-03-19T19:21:46","date_gmt":"2022-03-19T19:21:46","guid":{"rendered":"https:\/\/dekkal-quincaillerie.dz\/fr\/index.php\/produit\/pompe-a-eau-230-v-de-type-jet-100l-benfax\/"},"modified":"2025-03-22T07:16:49","modified_gmt":"2025-03-22T07:16:49","slug":"pompe-a-eau-230-v-de-type-jet-100l-benfax","status":"publish","type":"product","link":"https:\/\/dekkal-quincaillerie.dz\/fr\/produit\/pompe-a-eau-230-v-de-type-jet-100l-benfax\/","title":{"rendered":"Pompe \u00e0 eau 230 V de type JET-100L BENFAX"},"content":{"rendered":"<h3>Pompe \u00e0 eau 230 V de type JET-100L BENFAX<\/h3>\n<h4>Caract\u00e9ristiques :<\/h4>\n<ul>\n<li>R\u00e9f\u00e9rence : JET-100L<\/li>\n<li>D\u00e9bit : 10-50 L\/MIN<\/li>\n<li>Voltage : 230 V<\/li>\n<li>Hauteur : 18\/38 M<\/li>\n<li>Nombre de chevaux : 1 HP<\/li>\n<li>Puissance : 0.75 KW<\/li>\n<\/ul>\n<p>&nbsp;<\/p>\n","protected":false},"excerpt":{"rendered":"<p>Pompe \u00e0 eau 230 V de type JET-100L BENFAX Caract\u00e9ristiques : R\u00e9f\u00e9rence : JET-100L D\u00e9bit : 10-50 L\/MIN Voltage : 230 V Hauteur : 18\/38 M Nombre de chevaux : 1 HP Puissance : 0.75 KW &nbsp;<\/p>\n","protected":false},"featured_media":5608,"template":"","meta":[],"product_brand":[],"product_cat":[251,455],"product_tag":[1074,456,1075,264,1062],"class_list":{"0":"post-5607","1":"product","2":"type-product","3":"status-publish","4":"has-post-thumbnail","6":"product_cat-plomberie","7":"product_cat-pompe-a-eau","8":"product_tag-benfax","9":"product_tag-eau","10":"product_tag-jet","11":"product_tag-pompe","12":"product_tag-type","14":"first","15":"outofstock","16":"purchasable","17":"product-type-simple"},"yoast_head":"<!-- This site is optimized with the Yoast SEO Premium plugin v20.0 (Yoast SEO v27.4) - https:\/\/yoast.com\/product\/yoast-seo-premium-wordpress\/ -->\n<title>Pompe \u00e0 eau 230 V de type JET-100L BENFAX - DEKKAL<\/title>\n<meta name=\"robots\" content=\"index, follow, max-snippet:-1, max-image-preview:large, max-video-preview:-1\" \/>\n<link rel=\"canonical\" href=\"https:\/\/dekkal-quincaillerie.dz\/fr\/produit\/pompe-a-eau-230-v-de-type-jet-100l-benfax\/\" \/>\n<script type=\"application\/ld+json\" class=\"yoast-schema-graph\">{\"@context\":\"https:\\\/\\\/schema.org\",\"@graph\":[{\"@type\":\"WebPage\",\"@id\":\"https:\\\/\\\/dekkal-quincaillerie.dz\\\/fr\\\/produit\\\/pompe-a-eau-230-v-de-type-jet-100l-benfax\\\/\",\"url\":\"https:\\\/\\\/dekkal-quincaillerie.dz\\\/fr\\\/produit\\\/pompe-a-eau-230-v-de-type-jet-100l-benfax\\\/\",\"name\":\"Pompe \u00e0 eau 230 V de type JET-100L BENFAX - DEKKAL\",\"isPartOf\":{\"@id\":\"https:\\\/\\\/dekkal-quincaillerie.dz\\\/fr\\\/#website\"},\"primaryImageOfPage\":{\"@id\":\"https:\\\/\\\/dekkal-quincaillerie.dz\\\/fr\\\/produit\\\/pompe-a-eau-230-v-de-type-jet-100l-benfax\\\/#primaryimage\"},\"image\":{\"@id\":\"https:\\\/\\\/dekkal-quincaillerie.dz\\\/fr\\\/produit\\\/pompe-a-eau-230-v-de-type-jet-100l-benfax\\\/#primaryimage\"},\"thumbnailUrl\":\"https:\\\/\\\/dekkal-quincaillerie.dz\\\/fr\\\/wp-content\\\/uploads\\\/2022\\\/03\\\/benfax-JET-100L.avif\",\"datePublished\":\"2022-03-19T19:21:46+00:00\",\"dateModified\":\"2025-03-22T07:16:49+00:00\",\"breadcrumb\":{\"@id\":\"https:\\\/\\\/dekkal-quincaillerie.dz\\\/fr\\\/produit\\\/pompe-a-eau-230-v-de-type-jet-100l-benfax\\\/#breadcrumb\"},\"inLanguage\":\"fr-FR\",\"potentialAction\":[{\"@type\":\"ReadAction\",\"target\":[\"https:\\\/\\\/dekkal-quincaillerie.dz\\\/fr\\\/produit\\\/pompe-a-eau-230-v-de-type-jet-100l-benfax\\\/\"]}]},{\"@type\":\"ImageObject\",\"inLanguage\":\"fr-FR\",\"@id\":\"https:\\\/\\\/dekkal-quincaillerie.dz\\\/fr\\\/produit\\\/pompe-a-eau-230-v-de-type-jet-100l-benfax\\\/#primaryimage\",\"url\":\"https:\\\/\\\/dekkal-quincaillerie.dz\\\/fr\\\/wp-content\\\/uploads\\\/2022\\\/03\\\/benfax-JET-100L.avif\",\"contentUrl\":\"https:\\\/\\\/dekkal-quincaillerie.dz\\\/fr\\\/wp-content\\\/uploads\\\/2022\\\/03\\\/benfax-JET-100L.avif\",\"width\":1490,\"height\":1845},{\"@type\":\"BreadcrumbList\",\"@id\":\"https:\\\/\\\/dekkal-quincaillerie.dz\\\/fr\\\/produit\\\/pompe-a-eau-230-v-de-type-jet-100l-benfax\\\/#breadcrumb\",\"itemListElement\":[{\"@type\":\"ListItem\",\"position\":1,\"name\":\"Accueil\",\"item\":\"https:\\\/\\\/dekkal-quincaillerie.dz\\\/fr\\\/\"},{\"@type\":\"ListItem\",\"position\":2,\"name\":\"Boutique\",\"item\":\"https:\\\/\\\/dekkal-quincaillerie.dz\\\/fr\\\/boutique\\\/\"},{\"@type\":\"ListItem\",\"position\":3,\"name\":\"Pompe \u00e0 eau 230 V de type JET-100L BENFAX\"}]},{\"@type\":\"WebSite\",\"@id\":\"https:\\\/\\\/dekkal-quincaillerie.dz\\\/fr\\\/#website\",\"url\":\"https:\\\/\\\/dekkal-quincaillerie.dz\\\/fr\\\/\",\"name\":\"DEKKAL\",\"description\":\"\",\"publisher\":{\"@id\":\"https:\\\/\\\/dekkal-quincaillerie.dz\\\/fr\\\/#organization\"},\"potentialAction\":[{\"@type\":\"SearchAction\",\"target\":{\"@type\":\"EntryPoint\",\"urlTemplate\":\"https:\\\/\\\/dekkal-quincaillerie.dz\\\/fr\\\/?s={search_term_string}\"},\"query-input\":{\"@type\":\"PropertyValueSpecification\",\"valueRequired\":true,\"valueName\":\"search_term_string\"}}],\"inLanguage\":\"fr-FR\"},{\"@type\":\"Organization\",\"@id\":\"https:\\\/\\\/dekkal-quincaillerie.dz\\\/fr\\\/#organization\",\"name\":\"DEKKAL QUINCAILLERIE\",\"url\":\"https:\\\/\\\/dekkal-quincaillerie.dz\\\/fr\\\/\",\"logo\":{\"@type\":\"ImageObject\",\"inLanguage\":\"fr-FR\",\"@id\":\"https:\\\/\\\/dekkal-quincaillerie.dz\\\/fr\\\/#\\\/schema\\\/logo\\\/image\\\/\",\"url\":\"https:\\\/\\\/dekkal-quincaillerie.dz\\\/fr\\\/wp-content\\\/uploads\\\/2022\\\/03\\\/image_2022-03-19_172411.png\",\"contentUrl\":\"https:\\\/\\\/dekkal-quincaillerie.dz\\\/fr\\\/wp-content\\\/uploads\\\/2022\\\/03\\\/image_2022-03-19_172411.png\",\"width\":851,\"height\":315,\"caption\":\"DEKKAL QUINCAILLERIE\"},\"image\":{\"@id\":\"https:\\\/\\\/dekkal-quincaillerie.dz\\\/fr\\\/#\\\/schema\\\/logo\\\/image\\\/\"},\"sameAs\":[\"https:\\\/\\\/www.facebook.com\\\/ets.dekkal.1\",\"https:\\\/\\\/www.instagram.com\\\/ets.dekkal\\\/\"]}]}<\/script>\n<!-- \/ Yoast SEO Premium plugin. -->","yoast_head_json":{"title":"Pompe \u00e0 eau 230 V de type JET-100L BENFAX - DEKKAL","robots":{"index":"index","follow":"follow","max-snippet":"max-snippet:-1","max-image-preview":"max-image-preview:large","max-video-preview":"max-video-preview:-1"},"canonical":"https:\/\/dekkal-quincaillerie.dz\/fr\/produit\/pompe-a-eau-230-v-de-type-jet-100l-benfax\/","schema":{"@context":"https:\/\/schema.org","@graph":[{"@type":"WebPage","@id":"https:\/\/dekkal-quincaillerie.dz\/fr\/produit\/pompe-a-eau-230-v-de-type-jet-100l-benfax\/","url":"https:\/\/dekkal-quincaillerie.dz\/fr\/produit\/pompe-a-eau-230-v-de-type-jet-100l-benfax\/","name":"Pompe \u00e0 eau 230 V de type JET-100L BENFAX - DEKKAL","isPartOf":{"@id":"https:\/\/dekkal-quincaillerie.dz\/fr\/#website"},"primaryImageOfPage":{"@id":"https:\/\/dekkal-quincaillerie.dz\/fr\/produit\/pompe-a-eau-230-v-de-type-jet-100l-benfax\/#primaryimage"},"image":{"@id":"https:\/\/dekkal-quincaillerie.dz\/fr\/produit\/pompe-a-eau-230-v-de-type-jet-100l-benfax\/#primaryimage"},"thumbnailUrl":"https:\/\/dekkal-quincaillerie.dz\/fr\/wp-content\/uploads\/2022\/03\/benfax-JET-100L.avif","datePublished":"2022-03-19T19:21:46+00:00","dateModified":"2025-03-22T07:16:49+00:00","breadcrumb":{"@id":"https:\/\/dekkal-quincaillerie.dz\/fr\/produit\/pompe-a-eau-230-v-de-type-jet-100l-benfax\/#breadcrumb"},"inLanguage":"fr-FR","potentialAction":[{"@type":"ReadAction","target":["https:\/\/dekkal-quincaillerie.dz\/fr\/produit\/pompe-a-eau-230-v-de-type-jet-100l-benfax\/"]}]},{"@type":"ImageObject","inLanguage":"fr-FR","@id":"https:\/\/dekkal-quincaillerie.dz\/fr\/produit\/pompe-a-eau-230-v-de-type-jet-100l-benfax\/#primaryimage","url":"https:\/\/dekkal-quincaillerie.dz\/fr\/wp-content\/uploads\/2022\/03\/benfax-JET-100L.avif","contentUrl":"https:\/\/dekkal-quincaillerie.dz\/fr\/wp-content\/uploads\/2022\/03\/benfax-JET-100L.avif","width":1490,"height":1845},{"@type":"BreadcrumbList","@id":"https:\/\/dekkal-quincaillerie.dz\/fr\/produit\/pompe-a-eau-230-v-de-type-jet-100l-benfax\/#breadcrumb","itemListElement":[{"@type":"ListItem","position":1,"name":"Accueil","item":"https:\/\/dekkal-quincaillerie.dz\/fr\/"},{"@type":"ListItem","position":2,"name":"Boutique","item":"https:\/\/dekkal-quincaillerie.dz\/fr\/boutique\/"},{"@type":"ListItem","position":3,"name":"Pompe \u00e0 eau 230 V de type JET-100L BENFAX"}]},{"@type":"WebSite","@id":"https:\/\/dekkal-quincaillerie.dz\/fr\/#website","url":"https:\/\/dekkal-quincaillerie.dz\/fr\/","name":"DEKKAL","description":"","publisher":{"@id":"https:\/\/dekkal-quincaillerie.dz\/fr\/#organization"},"potentialAction":[{"@type":"SearchAction","target":{"@type":"EntryPoint","urlTemplate":"https:\/\/dekkal-quincaillerie.dz\/fr\/?s={search_term_string}"},"query-input":{"@type":"PropertyValueSpecification","valueRequired":true,"valueName":"search_term_string"}}],"inLanguage":"fr-FR"},{"@type":"Organization","@id":"https:\/\/dekkal-quincaillerie.dz\/fr\/#organization","name":"DEKKAL QUINCAILLERIE","url":"https:\/\/dekkal-quincaillerie.dz\/fr\/","logo":{"@type":"ImageObject","inLanguage":"fr-FR","@id":"https:\/\/dekkal-quincaillerie.dz\/fr\/#\/schema\/logo\/image\/","url":"https:\/\/dekkal-quincaillerie.dz\/fr\/wp-content\/uploads\/2022\/03\/image_2022-03-19_172411.png","contentUrl":"https:\/\/dekkal-quincaillerie.dz\/fr\/wp-content\/uploads\/2022\/03\/image_2022-03-19_172411.png","width":851,"height":315,"caption":"DEKKAL QUINCAILLERIE"},"image":{"@id":"https:\/\/dekkal-quincaillerie.dz\/fr\/#\/schema\/logo\/image\/"},"sameAs":["https:\/\/www.facebook.com\/ets.dekkal.1","https:\/\/www.instagram.com\/ets.dekkal\/"]}]}},"_links":{"self":[{"href":"https:\/\/dekkal-quincaillerie.dz\/fr\/wp-json\/wp\/v2\/product\/5607","targetHints":{"allow":["GET"]}}],"collection":[{"href":"https:\/\/dekkal-quincaillerie.dz\/fr\/wp-json\/wp\/v2\/product"}],"about":[{"href":"https:\/\/dekkal-quincaillerie.dz\/fr\/wp-json\/wp\/v2\/types\/product"}],"wp:featuredmedia":[{"embeddable":true,"href":"https:\/\/dekkal-quincaillerie.dz\/fr\/wp-json\/wp\/v2\/media\/5608"}],"wp:attachment":[{"href":"https:\/\/dekkal-quincaillerie.dz\/fr\/wp-json\/wp\/v2\/media?parent=5607"}],"wp:term":[{"taxonomy":"product_brand","embeddable":true,"href":"https:\/\/dekkal-quincaillerie.dz\/fr\/wp-json\/wp\/v2\/product_brand?post=5607"},{"taxonomy":"product_cat","embeddable":true,"href":"https:\/\/dekkal-quincaillerie.dz\/fr\/wp-json\/wp\/v2\/product_cat?post=5607"},{"taxonomy":"product_tag","embeddable":true,"href":"https:\/\/dekkal-quincaillerie.dz\/fr\/wp-json\/wp\/v2\/product_tag?post=5607"}],"curies":[{"name":"wp","href":"https:\/\/api.w.org\/{rel}","templated":true}]}}