{"id":5523,"date":"2022-03-19T19:20:24","date_gmt":"2022-03-19T19:20:24","guid":{"rendered":"https:\/\/dekkal-quincaillerie.dz\/fr\/index.php\/produit\/tronconneuse-a-chaine-essence-20-2300w-ct20102-20\/"},"modified":"2025-03-22T07:16:48","modified_gmt":"2025-03-22T07:16:48","slug":"tronconneuse-a-chaine-essence-20-2300w-ct20102-20","status":"publish","type":"product","link":"https:\/\/dekkal-quincaillerie.dz\/fr\/produit\/tronconneuse-a-chaine-essence-20-2300w-ct20102-20\/","title":{"rendered":"Tron\u00e7onneuse \u00e0 chaine essence  20&Prime; 2300 W CT20102-20 CROWN"},"content":{"rendered":"<h3>Tron\u00e7onneuse \u00e0 chaine essence 20&Prime; 2300 W CT20102-20 CROWN<\/h3>\n<h4><strong>Caract\u00e9ristiques :<\/strong><\/h4>\n<ul>\n<li>Moteur: 54,6 CM 3 Cylindr\u00e9e<\/li>\n<li>Longueur du guide: 20&Prime; (50 CM)<\/li>\n<li>Chaine: 9,3\/1,47 MM<\/li>\n<li>Puissance de sortie: 2300 W<\/li>\n<\/ul>\n","protected":false},"excerpt":{"rendered":"<p>Tron\u00e7onneuse \u00e0 chaine essence 20&Prime; 2300 W CT20102-20 CROWN Caract\u00e9ristiques : Moteur: 54,6 CM 3 Cylindr\u00e9e Longueur du guide: 20&Prime; (50 CM) Chaine: 9,3\/1,47 MM Puissance de sortie: 2300 W<\/p>\n","protected":false},"featured_media":5524,"template":"","meta":{"jetpack_post_was_ever_published":false,"jetpack_publicize_message":"","jetpack_publicize_feature_enabled":true,"jetpack_social_post_already_shared":false,"jetpack_social_options":{"image_generator_settings":{"template":"highway","default_image_id":0,"font":"","enabled":false},"version":2}},"product_brand":[1113],"product_cat":[347],"product_tag":[1005,714,726],"class_list":{"0":"post-5523","1":"product","2":"type-product","3":"status-publish","4":"has-post-thumbnail","6":"product_brand-crown","7":"product_cat-jardinage","8":"product_tag-chaine","9":"product_tag-essence","10":"product_tag-tronconneuse","12":"first","13":"outofstock","14":"purchasable","15":"product-type-simple"},"yoast_head":"<!-- This site is optimized with the Yoast SEO Premium plugin v20.0 (Yoast SEO v27.4) - https:\/\/yoast.com\/product\/yoast-seo-premium-wordpress\/ -->\n<title>Tron\u00e7onneuse \u00e0 chaine essence 20&quot; 2300 W CT20102-20 CROWN - DEKKAL<\/title>\n<meta name=\"robots\" content=\"index, follow, max-snippet:-1, max-image-preview:large, max-video-preview:-1\" \/>\n<link rel=\"canonical\" href=\"https:\/\/dekkal-quincaillerie.dz\/fr\/produit\/tronconneuse-a-chaine-essence-20-2300w-ct20102-20\/\" \/>\n<script type=\"application\/ld+json\" class=\"yoast-schema-graph\">{\"@context\":\"https:\\\/\\\/schema.org\",\"@graph\":[{\"@type\":\"WebPage\",\"@id\":\"https:\\\/\\\/dekkal-quincaillerie.dz\\\/fr\\\/produit\\\/tronconneuse-a-chaine-essence-20-2300w-ct20102-20\\\/\",\"url\":\"https:\\\/\\\/dekkal-quincaillerie.dz\\\/fr\\\/produit\\\/tronconneuse-a-chaine-essence-20-2300w-ct20102-20\\\/\",\"name\":\"Tron\u00e7onneuse \u00e0 chaine essence 20\\\" 2300 W CT20102-20 CROWN - DEKKAL\",\"isPartOf\":{\"@id\":\"https:\\\/\\\/dekkal-quincaillerie.dz\\\/fr\\\/#website\"},\"primaryImageOfPage\":{\"@id\":\"https:\\\/\\\/dekkal-quincaillerie.dz\\\/fr\\\/produit\\\/tronconneuse-a-chaine-essence-20-2300w-ct20102-20\\\/#primaryimage\"},\"image\":{\"@id\":\"https:\\\/\\\/dekkal-quincaillerie.dz\\\/fr\\\/produit\\\/tronconneuse-a-chaine-essence-20-2300w-ct20102-20\\\/#primaryimage\"},\"thumbnailUrl\":\"https:\\\/\\\/dekkal-quincaillerie.dz\\\/fr\\\/wp-content\\\/uploads\\\/2022\\\/03\\\/scie-a-chaine-a-essence-500mm-546cc-2300w-crown.avif\",\"datePublished\":\"2022-03-19T19:20:24+00:00\",\"dateModified\":\"2025-03-22T07:16:48+00:00\",\"breadcrumb\":{\"@id\":\"https:\\\/\\\/dekkal-quincaillerie.dz\\\/fr\\\/produit\\\/tronconneuse-a-chaine-essence-20-2300w-ct20102-20\\\/#breadcrumb\"},\"inLanguage\":\"fr-FR\",\"potentialAction\":[{\"@type\":\"ReadAction\",\"target\":[\"https:\\\/\\\/dekkal-quincaillerie.dz\\\/fr\\\/produit\\\/tronconneuse-a-chaine-essence-20-2300w-ct20102-20\\\/\"]}]},{\"@type\":\"ImageObject\",\"inLanguage\":\"fr-FR\",\"@id\":\"https:\\\/\\\/dekkal-quincaillerie.dz\\\/fr\\\/produit\\\/tronconneuse-a-chaine-essence-20-2300w-ct20102-20\\\/#primaryimage\",\"url\":\"https:\\\/\\\/dekkal-quincaillerie.dz\\\/fr\\\/wp-content\\\/uploads\\\/2022\\\/03\\\/scie-a-chaine-a-essence-500mm-546cc-2300w-crown.avif\",\"contentUrl\":\"https:\\\/\\\/dekkal-quincaillerie.dz\\\/fr\\\/wp-content\\\/uploads\\\/2022\\\/03\\\/scie-a-chaine-a-essence-500mm-546cc-2300w-crown.avif\",\"width\":350,\"height\":350},{\"@type\":\"BreadcrumbList\",\"@id\":\"https:\\\/\\\/dekkal-quincaillerie.dz\\\/fr\\\/produit\\\/tronconneuse-a-chaine-essence-20-2300w-ct20102-20\\\/#breadcrumb\",\"itemListElement\":[{\"@type\":\"ListItem\",\"position\":1,\"name\":\"Accueil\",\"item\":\"https:\\\/\\\/dekkal-quincaillerie.dz\\\/fr\\\/\"},{\"@type\":\"ListItem\",\"position\":2,\"name\":\"Boutique\",\"item\":\"https:\\\/\\\/dekkal-quincaillerie.dz\\\/fr\\\/boutique\\\/\"},{\"@type\":\"ListItem\",\"position\":3,\"name\":\"Tron\u00e7onneuse \u00e0 chaine essence 20&Prime; 2300 W CT20102-20 CROWN\"}]},{\"@type\":\"WebSite\",\"@id\":\"https:\\\/\\\/dekkal-quincaillerie.dz\\\/fr\\\/#website\",\"url\":\"https:\\\/\\\/dekkal-quincaillerie.dz\\\/fr\\\/\",\"name\":\"DEKKAL\",\"description\":\"\",\"publisher\":{\"@id\":\"https:\\\/\\\/dekkal-quincaillerie.dz\\\/fr\\\/#organization\"},\"potentialAction\":[{\"@type\":\"SearchAction\",\"target\":{\"@type\":\"EntryPoint\",\"urlTemplate\":\"https:\\\/\\\/dekkal-quincaillerie.dz\\\/fr\\\/?s={search_term_string}\"},\"query-input\":{\"@type\":\"PropertyValueSpecification\",\"valueRequired\":true,\"valueName\":\"search_term_string\"}}],\"inLanguage\":\"fr-FR\"},{\"@type\":\"Organization\",\"@id\":\"https:\\\/\\\/dekkal-quincaillerie.dz\\\/fr\\\/#organization\",\"name\":\"DEKKAL QUINCAILLERIE\",\"url\":\"https:\\\/\\\/dekkal-quincaillerie.dz\\\/fr\\\/\",\"logo\":{\"@type\":\"ImageObject\",\"inLanguage\":\"fr-FR\",\"@id\":\"https:\\\/\\\/dekkal-quincaillerie.dz\\\/fr\\\/#\\\/schema\\\/logo\\\/image\\\/\",\"url\":\"https:\\\/\\\/dekkal-quincaillerie.dz\\\/fr\\\/wp-content\\\/uploads\\\/2022\\\/03\\\/image_2022-03-19_172411.png\",\"contentUrl\":\"https:\\\/\\\/dekkal-quincaillerie.dz\\\/fr\\\/wp-content\\\/uploads\\\/2022\\\/03\\\/image_2022-03-19_172411.png\",\"width\":851,\"height\":315,\"caption\":\"DEKKAL QUINCAILLERIE\"},\"image\":{\"@id\":\"https:\\\/\\\/dekkal-quincaillerie.dz\\\/fr\\\/#\\\/schema\\\/logo\\\/image\\\/\"},\"sameAs\":[\"https:\\\/\\\/www.facebook.com\\\/ets.dekkal.1\",\"https:\\\/\\\/www.instagram.com\\\/ets.dekkal\\\/\"]}]}<\/script>\n<!-- \/ Yoast SEO Premium plugin. -->","yoast_head_json":{"title":"Tron\u00e7onneuse \u00e0 chaine essence 20\" 2300 W CT20102-20 CROWN - DEKKAL","robots":{"index":"index","follow":"follow","max-snippet":"max-snippet:-1","max-image-preview":"max-image-preview:large","max-video-preview":"max-video-preview:-1"},"canonical":"https:\/\/dekkal-quincaillerie.dz\/fr\/produit\/tronconneuse-a-chaine-essence-20-2300w-ct20102-20\/","schema":{"@context":"https:\/\/schema.org","@graph":[{"@type":"WebPage","@id":"https:\/\/dekkal-quincaillerie.dz\/fr\/produit\/tronconneuse-a-chaine-essence-20-2300w-ct20102-20\/","url":"https:\/\/dekkal-quincaillerie.dz\/fr\/produit\/tronconneuse-a-chaine-essence-20-2300w-ct20102-20\/","name":"Tron\u00e7onneuse \u00e0 chaine essence 20\" 2300 W CT20102-20 CROWN - DEKKAL","isPartOf":{"@id":"https:\/\/dekkal-quincaillerie.dz\/fr\/#website"},"primaryImageOfPage":{"@id":"https:\/\/dekkal-quincaillerie.dz\/fr\/produit\/tronconneuse-a-chaine-essence-20-2300w-ct20102-20\/#primaryimage"},"image":{"@id":"https:\/\/dekkal-quincaillerie.dz\/fr\/produit\/tronconneuse-a-chaine-essence-20-2300w-ct20102-20\/#primaryimage"},"thumbnailUrl":"https:\/\/dekkal-quincaillerie.dz\/fr\/wp-content\/uploads\/2022\/03\/scie-a-chaine-a-essence-500mm-546cc-2300w-crown.avif","datePublished":"2022-03-19T19:20:24+00:00","dateModified":"2025-03-22T07:16:48+00:00","breadcrumb":{"@id":"https:\/\/dekkal-quincaillerie.dz\/fr\/produit\/tronconneuse-a-chaine-essence-20-2300w-ct20102-20\/#breadcrumb"},"inLanguage":"fr-FR","potentialAction":[{"@type":"ReadAction","target":["https:\/\/dekkal-quincaillerie.dz\/fr\/produit\/tronconneuse-a-chaine-essence-20-2300w-ct20102-20\/"]}]},{"@type":"ImageObject","inLanguage":"fr-FR","@id":"https:\/\/dekkal-quincaillerie.dz\/fr\/produit\/tronconneuse-a-chaine-essence-20-2300w-ct20102-20\/#primaryimage","url":"https:\/\/dekkal-quincaillerie.dz\/fr\/wp-content\/uploads\/2022\/03\/scie-a-chaine-a-essence-500mm-546cc-2300w-crown.avif","contentUrl":"https:\/\/dekkal-quincaillerie.dz\/fr\/wp-content\/uploads\/2022\/03\/scie-a-chaine-a-essence-500mm-546cc-2300w-crown.avif","width":350,"height":350},{"@type":"BreadcrumbList","@id":"https:\/\/dekkal-quincaillerie.dz\/fr\/produit\/tronconneuse-a-chaine-essence-20-2300w-ct20102-20\/#breadcrumb","itemListElement":[{"@type":"ListItem","position":1,"name":"Accueil","item":"https:\/\/dekkal-quincaillerie.dz\/fr\/"},{"@type":"ListItem","position":2,"name":"Boutique","item":"https:\/\/dekkal-quincaillerie.dz\/fr\/boutique\/"},{"@type":"ListItem","position":3,"name":"Tron\u00e7onneuse \u00e0 chaine essence 20&Prime; 2300 W CT20102-20 CROWN"}]},{"@type":"WebSite","@id":"https:\/\/dekkal-quincaillerie.dz\/fr\/#website","url":"https:\/\/dekkal-quincaillerie.dz\/fr\/","name":"DEKKAL","description":"","publisher":{"@id":"https:\/\/dekkal-quincaillerie.dz\/fr\/#organization"},"potentialAction":[{"@type":"SearchAction","target":{"@type":"EntryPoint","urlTemplate":"https:\/\/dekkal-quincaillerie.dz\/fr\/?s={search_term_string}"},"query-input":{"@type":"PropertyValueSpecification","valueRequired":true,"valueName":"search_term_string"}}],"inLanguage":"fr-FR"},{"@type":"Organization","@id":"https:\/\/dekkal-quincaillerie.dz\/fr\/#organization","name":"DEKKAL QUINCAILLERIE","url":"https:\/\/dekkal-quincaillerie.dz\/fr\/","logo":{"@type":"ImageObject","inLanguage":"fr-FR","@id":"https:\/\/dekkal-quincaillerie.dz\/fr\/#\/schema\/logo\/image\/","url":"https:\/\/dekkal-quincaillerie.dz\/fr\/wp-content\/uploads\/2022\/03\/image_2022-03-19_172411.png","contentUrl":"https:\/\/dekkal-quincaillerie.dz\/fr\/wp-content\/uploads\/2022\/03\/image_2022-03-19_172411.png","width":851,"height":315,"caption":"DEKKAL QUINCAILLERIE"},"image":{"@id":"https:\/\/dekkal-quincaillerie.dz\/fr\/#\/schema\/logo\/image\/"},"sameAs":["https:\/\/www.facebook.com\/ets.dekkal.1","https:\/\/www.instagram.com\/ets.dekkal\/"]}]}},"jetpack_publicize_connections":[],"jetpack-related-posts":[{"id":7942,"url":"https:\/\/dekkal-quincaillerie.dz\/fr\/produit\/tronconneuse-a-chaine-20-ct20096-crown\/","url_meta":{"origin":5523,"position":0},"title":"TRONCONNEUSE A CHAINE 20&Prime; CT20096 CROWN","author":"webmaster","date":"janvier 25, 2024","format":false,"excerpt":"TRONCONNEUSE A CHAINE 20\" CT20096 CROWN \u00a0 La TRONCONNEUSE A CHAINE 20\" CT20096 CROWN est un outil puissant con\u00e7u pour la coupe du bois. CARACTERISTIQUES: Puissance de sortie nominale : 2000 W Energie: essence Vitesse de fonctionnement : 11000 MIN-1 Diam\u00e8tre de coupe : 20\u2033 (50 CM) Moteur monocylindres 2\u2026","rel":"","context":"Article similaire","block_context":{"text":"Article similaire","link":""},"img":{"alt_text":"TRONCONNEUSE A CHAINE 20\" CT20096 CROWN","src":"https:\/\/dekkal-quincaillerie.dz\/fr\/wp-content\/uploads\/2024\/01\/CT20096-cnc.avif","width":350,"height":200,"srcset":"https:\/\/dekkal-quincaillerie.dz\/fr\/wp-content\/uploads\/2024\/01\/CT20096-cnc.avif 1x, https:\/\/dekkal-quincaillerie.dz\/fr\/wp-content\/uploads\/2024\/01\/CT20096-cnc.avif 1.5x, https:\/\/dekkal-quincaillerie.dz\/fr\/wp-content\/uploads\/2024\/01\/CT20096-cnc.avif 2x"},"classes":[]},{"id":5521,"url":"https:\/\/dekkal-quincaillerie.dz\/fr\/produit\/tronconneuse-a-chaine-essence-20-2400w-ct20097-20-52cc-crown\/","url_meta":{"origin":5523,"position":1},"title":"Tron\u00e7onneuse \u00e0 chaine essence 20&Prime; 2400W CT20097-20&Prime; 52CC CROWN","author":"admin","date":"mars 19, 2022","format":false,"excerpt":"Tron\u00e7onneuse \u00e0 chaine essence 20\" 2400W CT20097-20\" 52CC CROWN Caract\u00e9ristiques :\u00a0 Cylindr\u00e9e du moteur: 45.6 CC Puissance nominale: 2400 W Vitesse du moteur: 11000 MIN-1 Taille de la barre de guidage: 20\" Pas de chaine: 0.325\" Pleine capacit\u00e9: 550 ML Capacit\u00e9 du r\u00e9servoir d'huile: 260 ML \u00a0","rel":"","context":"Article similaire","block_context":{"text":"Article similaire","link":""},"img":{"alt_text":"","src":"https:\/\/dekkal-quincaillerie.dz\/fr\/wp-content\/uploads\/2022\/03\/9c3e95a0562fe3f028932adef510cfe8.avif","width":350,"height":200,"srcset":"https:\/\/dekkal-quincaillerie.dz\/fr\/wp-content\/uploads\/2022\/03\/9c3e95a0562fe3f028932adef510cfe8.avif 1x, https:\/\/dekkal-quincaillerie.dz\/fr\/wp-content\/uploads\/2022\/03\/9c3e95a0562fe3f028932adef510cfe8.avif 1.5x, https:\/\/dekkal-quincaillerie.dz\/fr\/wp-content\/uploads\/2022\/03\/9c3e95a0562fe3f028932adef510cfe8.avif 2x"},"classes":[]},{"id":6247,"url":"https:\/\/dekkal-quincaillerie.dz\/fr\/produit\/tronconneuse-a-chaine-18-ct20095-crown\/","url_meta":{"origin":5523,"position":2},"title":"TRONCONNEUSE A CHAINE 18&Prime; CT20095 CROWN","author":"webmaster","date":"avril 21, 2022","format":false,"excerpt":"TRONCONNEUSE A CHAINE 18\" CT20095 CROWN \u00a0 La TRONCONNEUSE A CHAINE 18\" CT20095 CROWN est l'outil indispensable lors de vos travaux de d\u00e9sherbage. La tronconneuse offre des performances de coupe \u00e0 la hauteur de vos exigences. CARACTERISTIQUES Puissance de sortie nominale : 1800 W Energie: essence Vitesse de fonctionnement :\u2026","rel":"","context":"Article similaire","block_context":{"text":"Article similaire","link":""},"img":{"alt_text":"TRONCONNEUSE A CHAINE 18\" CT20095 CROWN","src":"https:\/\/dekkal-quincaillerie.dz\/fr\/wp-content\/uploads\/2022\/04\/IMG_20220421_130445.avif","width":350,"height":200,"srcset":"https:\/\/dekkal-quincaillerie.dz\/fr\/wp-content\/uploads\/2022\/04\/IMG_20220421_130445.avif 1x, https:\/\/dekkal-quincaillerie.dz\/fr\/wp-content\/uploads\/2022\/04\/IMG_20220421_130445.avif 1.5x, https:\/\/dekkal-quincaillerie.dz\/fr\/wp-content\/uploads\/2022\/04\/IMG_20220421_130445.avif 2x, https:\/\/dekkal-quincaillerie.dz\/fr\/wp-content\/uploads\/2022\/04\/IMG_20220421_130445.avif 3x, https:\/\/dekkal-quincaillerie.dz\/fr\/wp-content\/uploads\/2022\/04\/IMG_20220421_130445.avif 4x"},"classes":[]},{"id":8184,"url":"https:\/\/dekkal-quincaillerie.dz\/fr\/produit\/tronconneuse-a-chaine-electrique-14-ct15162-crown\/","url_meta":{"origin":5523,"position":3},"title":"TRONCONNEUSE A CHAINE ELECTRIQUE 14&Prime; CT15162 CROWN","author":"dekkal","date":"avril 17, 2024","format":false,"excerpt":"TRONCONNEUSE A CHAINE ELECTRIQUE 14\" CT15162 CROWN \u00a0 La TRONCONNEUSE A CHAINE ELECTRIQUE 14\" CT15162 CROWN, est un outil efficace pour la d\u00e9coupe rapide et pr\u00e9cise du bois. Elle est facile d'utilisation gr\u00e2ce \u00e0 son design. La tronconneuse est \u00e9quip\u00e9 d'un frein d'urgence afin d'\u00e9viter le d\u00e9clenchement accidentel de la\u2026","rel":"","context":"Article similaire","block_context":{"text":"Article similaire","link":""},"img":{"alt_text":"TRONCONNEUSE A CHAINE ELECTRIQUE 14\" CT15162 CROWN","src":"https:\/\/dekkal-quincaillerie.dz\/fr\/wp-content\/uploads\/2024\/04\/CT15162.avif","width":350,"height":200,"srcset":"https:\/\/dekkal-quincaillerie.dz\/fr\/wp-content\/uploads\/2024\/04\/CT15162.avif 1x, https:\/\/dekkal-quincaillerie.dz\/fr\/wp-content\/uploads\/2024\/04\/CT15162.avif 1.5x"},"classes":[]},{"id":4946,"url":"https:\/\/dekkal-quincaillerie.dz\/fr\/produit\/nettoyeur-a-haute-pression-130-195-bar-2300-w-soficlef\/","url_meta":{"origin":5523,"position":4},"title":"Nettoyeur \u00e0 haute pression 130-195 bar 2300 W NHP2300-130 SOFICLEF","author":"admin","date":"mars 19, 2022","format":false,"excerpt":"","rel":"","context":"Article similaire","block_context":{"text":"Article similaire","link":""},"img":{"alt_text":"","src":"https:\/\/dekkal-quincaillerie.dz\/fr\/wp-content\/uploads\/2022\/03\/185527982_848278885761080_7237210947644551974_n.avif","width":350,"height":200,"srcset":"https:\/\/dekkal-quincaillerie.dz\/fr\/wp-content\/uploads\/2022\/03\/185527982_848278885761080_7237210947644551974_n.avif 1x, https:\/\/dekkal-quincaillerie.dz\/fr\/wp-content\/uploads\/2022\/03\/185527982_848278885761080_7237210947644551974_n.avif 1.5x, https:\/\/dekkal-quincaillerie.dz\/fr\/wp-content\/uploads\/2022\/03\/185527982_848278885761080_7237210947644551974_n.avif 2x"},"classes":[]},{"id":11688,"url":"https:\/\/dekkal-quincaillerie.dz\/fr\/produit\/tronconneuse-a-bois-avec-batterie-20v\/","url_meta":{"origin":5523,"position":5},"title":"TRONCONNEUSE A BOIS AVEC BATTERIE 20V","author":"webmaster","date":"mai 20, 2025","format":false,"excerpt":"Lib\u00e9rez votre puissance de coupe avec la tron\u00e7onneuse sans fil 20V Crown CT25011H-2 La tron\u00e7onneuse \u00e0 batterie 20V CT25011H-2 BMC de CROWN vous offre la libert\u00e9 du sans-fil sans compromis sur la puissance. Id\u00e9ale pour les travaux d\u2019\u00e9lagage, de coupe de bois de chauffage ou d\u2019entretien de jardin, elle garantit\u2026","rel":"","context":"Article similaire","block_context":{"text":"Article similaire","link":""},"img":{"alt_text":"tron\u00e7onneuse \u00e0 batterie 20V","src":"https:\/\/dekkal-quincaillerie.dz\/fr\/wp-content\/uploads\/2025\/05\/Mini-Scie-A-Chaine-Electrique-Sans-Fil-20V-2Batterie-20Ah-CT25011H-2-BMC-CROWN.avif","width":350,"height":200,"srcset":"https:\/\/dekkal-quincaillerie.dz\/fr\/wp-content\/uploads\/2025\/05\/Mini-Scie-A-Chaine-Electrique-Sans-Fil-20V-2Batterie-20Ah-CT25011H-2-BMC-CROWN.avif 1x, https:\/\/dekkal-quincaillerie.dz\/fr\/wp-content\/uploads\/2025\/05\/Mini-Scie-A-Chaine-Electrique-Sans-Fil-20V-2Batterie-20Ah-CT25011H-2-BMC-CROWN.avif 1.5x, https:\/\/dekkal-quincaillerie.dz\/fr\/wp-content\/uploads\/2025\/05\/Mini-Scie-A-Chaine-Electrique-Sans-Fil-20V-2Batterie-20Ah-CT25011H-2-BMC-CROWN.avif 2x"},"classes":[]}],"jetpack_likes_enabled":true,"jetpack_sharing_enabled":true,"_links":{"self":[{"href":"https:\/\/dekkal-quincaillerie.dz\/fr\/wp-json\/wp\/v2\/product\/5523","targetHints":{"allow":["GET"]}}],"collection":[{"href":"https:\/\/dekkal-quincaillerie.dz\/fr\/wp-json\/wp\/v2\/product"}],"about":[{"href":"https:\/\/dekkal-quincaillerie.dz\/fr\/wp-json\/wp\/v2\/types\/product"}],"wp:featuredmedia":[{"embeddable":true,"href":"https:\/\/dekkal-quincaillerie.dz\/fr\/wp-json\/wp\/v2\/media\/5524"}],"wp:attachment":[{"href":"https:\/\/dekkal-quincaillerie.dz\/fr\/wp-json\/wp\/v2\/media?parent=5523"}],"wp:term":[{"taxonomy":"product_brand","embeddable":true,"href":"https:\/\/dekkal-quincaillerie.dz\/fr\/wp-json\/wp\/v2\/product_brand?post=5523"},{"taxonomy":"product_cat","embeddable":true,"href":"https:\/\/dekkal-quincaillerie.dz\/fr\/wp-json\/wp\/v2\/product_cat?post=5523"},{"taxonomy":"product_tag","embeddable":true,"href":"https:\/\/dekkal-quincaillerie.dz\/fr\/wp-json\/wp\/v2\/product_tag?post=5523"}],"curies":[{"name":"wp","href":"https:\/\/api.w.org\/{rel}","templated":true}]}}