{"id":5515,"date":"2022-03-19T19:20:19","date_gmt":"2022-03-19T19:20:19","guid":{"rendered":"https:\/\/dekkal-quincaillerie.dz\/fr\/index.php\/produit\/groupe-electrogene-essence-2-2-kva-sprint-2200a-briggs-stratton\/"},"modified":"2025-03-22T07:16:48","modified_gmt":"2025-03-22T07:16:48","slug":"groupe-electrogene-essence-2-2-kva-sprint-2200a-briggs-stratton","status":"publish","type":"product","link":"https:\/\/dekkal-quincaillerie.dz\/fr\/produit\/groupe-electrogene-essence-2-2-kva-sprint-2200a-briggs-stratton\/","title":{"rendered":"Groupe \u00e9lectrog\u00e8ne essence 2.2 KVA &#8211; SPRINT 2200A BRIGGS &amp; STRATTON"},"content":{"rendered":"<h3>Groupe \u00e9lectrog\u00e8ne essence 2.2 KVA &#8211; SPRINT 2200A BRIGGS &amp; STRATTON<\/h3>\n<h4><strong>Caract\u00e9ristiques techniques :<\/strong><\/h4>\n<ul>\n<li>Num\u00e9ro de mod\u00e8le: 030671A<\/li>\n<li class=\"divTableCell-sync col-lg-6 col-sm-6 col-xs-6\">Watts au d\u00e9marrage: 2125 W<\/li>\n<li class=\"divTableCell-sync col-lg-6 col-sm-6 col-xs-6\">Consommation \u00e9lectrique en watts: 1700 W<\/li>\n<li class=\"divTableCell-sync col-lg-6 col-sm-6 col-xs-6\">Tension: 230 V<\/li>\n<li class=\"divTableCell-sync col-lg-6 col-sm-6 col-xs-6\">Fr\u00e9quence: 50 Hz<\/li>\n<li class=\"divTableCell-sync col-lg-6 col-sm-6 col-xs-6\">Dur\u00e9e de fonctionnement: 12 h 30 MIN<\/li>\n<li class=\"divTableCell-sync col-lg-6 col-sm-6 col-xs-6\">Prises \u00e9lectriques: Lanceur<\/li>\n<li class=\"divTableCell-sync col-lg-6 col-sm-6 col-xs-6\">Marque de moteur: BRIGGS and STRATTON<\/li>\n<li class=\"divTableCell-sync col-lg-6 col-sm-6 col-xs-6\">Technologie du moteur: OHV<\/li>\n<li class=\"divTableCell-sync col-lg-6 col-sm-6 col-xs-6\">Cylindr\u00e9e: 196 CC<\/li>\n<li class=\"divTableCell-sync col-lg-6 col-sm-6 col-xs-6\">Cylindre: Chemise en fonte<\/li>\n<li class=\"divTableCell-sync col-lg-6 col-sm-6 col-xs-6\">Capacit\u00e9 du r\u00e9servoir de carburant: 11.4 L<\/li>\n<li class=\"divTableCell-sync col-lg-6 col-sm-6 col-xs-6\">Jauge de carburant: Oui<\/li>\n<li class=\"divTableCell-sync col-lg-6 col-sm-6 col-xs-6\">Silencieux: Standard<\/li>\n<li class=\"divTableCell-sync col-lg-6 col-sm-6 col-xs-6\">Alternateur: Power Surge\u2122 \/ AVR<\/li>\n<li class=\"divTableCell-sync col-lg-6 col-sm-6 col-xs-6\">Arr\u00eat automatique de faible niveau d\u2019huile: Oui<\/li>\n<li class=\"divTableCell-sync col-lg-6 col-sm-6 col-xs-6\">Disjoncteur: Oui<\/li>\n<li class=\"divTableCell-sync col-lg-6 col-sm-6 col-xs-6\">Diam\u00e8tre du tube du ch\u00e2ssis: 25.0 MM<\/li>\n<li class=\"divTableCell-sync col-lg-6 col-sm-6 col-xs-6\">Poids: 45 KG<\/li>\n<li class=\"divTableCell-sync col-lg-6 col-sm-6 col-xs-6\">Longueur:\u00a059 CM<\/li>\n<li class=\"divTableCell-sync col-lg-6 col-sm-6 col-xs-6\">Largeur:\u00a045 CM<\/li>\n<li class=\"divTableCell-sync col-lg-6 col-sm-6 col-xs-6\">Hauteur:\u00a046 CM<\/li>\n<\/ul>\n<div class=\"divTableRow-sync \"><\/div>\n<div class=\"divTableRow-sync \">\n<div class=\"divTableCell-sync col-lg-6 col-sm-6 col-xs-6\" style=\"text-align: left\"><\/div>\n<\/div>\n<div class=\"divTableRow-sync \"><\/div>\n<div class=\"divTableRow-sync \">\n<div class=\"divTableCell-sync col-lg-6 col-sm-6 col-xs-6\"><\/div>\n<\/div>\n","protected":false},"excerpt":{"rendered":"<p>Les groupes \u00e9lectrog\u00e8nes portatifs SPRINT sont une source d\u2019\u00e9nergie fiable pour tous les travaux autour de la maison et dans le jardin. Compacts et faciles \u00e0 utiliser, puissance et performances constantes, quel que soit le travail \u00e0 accomplir. Cette s\u00e9rie robuste de groupes \u00e9lectrog\u00e8nes \u00e0 essence vous donnera toute la puissance dont vous avez besoin pour vos outils et appareils \u00e9lectrom\u00e9nagers.<\/p>\n<p>Le groupe \u00e9lectrog\u00e8ne \u00e0 essence Sprint 2200A fournit 2 125 watts au d\u00e9marrage et 1 700 watts de fonctionnement. Il peut fournir une alimentation pendant 12,5 heures (\u00e0 50 % de charge) et dispose de deux prises domestiques 230V.<\/p>\n","protected":false},"featured_media":5516,"template":"","meta":[],"product_brand":[],"product_cat":[206],"product_tag":[1003,997,714,996,1001,1004],"class_list":{"0":"post-5515","1":"product","2":"type-product","3":"status-publish","4":"has-post-thumbnail","6":"product_cat-industrie-et-equipement","7":"product_tag-briggs","8":"product_tag-electrogene","9":"product_tag-essence","10":"product_tag-groupe","11":"product_tag-sprint","12":"product_tag-stratton","14":"first","15":"instock","16":"purchasable","17":"product-type-simple"},"yoast_head":"<!-- This site is optimized with the Yoast SEO Premium plugin v20.0 (Yoast SEO v27.4) - https:\/\/yoast.com\/product\/yoast-seo-premium-wordpress\/ -->\n<title>Groupe \u00e9lectrog\u00e8ne essence 2.2 KVA - SPRINT 2200A BRIGGS &amp; STRATTON - DEKKAL 0561792859<\/title>\n<meta name=\"description\" content=\"Groupe \u00e9lectrog\u00e8ne, essence, sprint 2200a, briggs and stratton, \u00e9lectricit\u00e9, - DEKKAL QUINCAILLERIE TIZI-OUZOU, 0561792859 - DEKKAL\" \/>\n<meta name=\"robots\" content=\"index, follow, max-snippet:-1, max-image-preview:large, max-video-preview:-1\" \/>\n<link rel=\"canonical\" href=\"https:\/\/dekkal-quincaillerie.dz\/fr\/produit\/groupe-electrogene-essence-2-2-kva-sprint-2200a-briggs-stratton\/\" \/>\n<script type=\"application\/ld+json\" class=\"yoast-schema-graph\">{\"@context\":\"https:\\\/\\\/schema.org\",\"@graph\":[{\"@type\":\"WebPage\",\"@id\":\"https:\\\/\\\/dekkal-quincaillerie.dz\\\/fr\\\/produit\\\/groupe-electrogene-essence-2-2-kva-sprint-2200a-briggs-stratton\\\/\",\"url\":\"https:\\\/\\\/dekkal-quincaillerie.dz\\\/fr\\\/produit\\\/groupe-electrogene-essence-2-2-kva-sprint-2200a-briggs-stratton\\\/\",\"name\":\"Groupe \u00e9lectrog\u00e8ne essence 2.2 KVA - SPRINT 2200A BRIGGS &amp; STRATTON - DEKKAL 0561792859\",\"isPartOf\":{\"@id\":\"https:\\\/\\\/dekkal-quincaillerie.dz\\\/fr\\\/#website\"},\"primaryImageOfPage\":{\"@id\":\"https:\\\/\\\/dekkal-quincaillerie.dz\\\/fr\\\/produit\\\/groupe-electrogene-essence-2-2-kva-sprint-2200a-briggs-stratton\\\/#primaryimage\"},\"image\":{\"@id\":\"https:\\\/\\\/dekkal-quincaillerie.dz\\\/fr\\\/produit\\\/groupe-electrogene-essence-2-2-kva-sprint-2200a-briggs-stratton\\\/#primaryimage\"},\"thumbnailUrl\":\"https:\\\/\\\/dekkal-quincaillerie.dz\\\/fr\\\/wp-content\\\/uploads\\\/2022\\\/03\\\/2200A-SPRINT.avif\",\"datePublished\":\"2022-03-19T19:20:19+00:00\",\"dateModified\":\"2025-03-22T07:16:48+00:00\",\"description\":\"Groupe \u00e9lectrog\u00e8ne, essence, sprint 2200a, briggs and stratton, \u00e9lectricit\u00e9, - DEKKAL QUINCAILLERIE TIZI-OUZOU, 0561792859 - DEKKAL\",\"breadcrumb\":{\"@id\":\"https:\\\/\\\/dekkal-quincaillerie.dz\\\/fr\\\/produit\\\/groupe-electrogene-essence-2-2-kva-sprint-2200a-briggs-stratton\\\/#breadcrumb\"},\"inLanguage\":\"fr-FR\",\"potentialAction\":[{\"@type\":\"ReadAction\",\"target\":[\"https:\\\/\\\/dekkal-quincaillerie.dz\\\/fr\\\/produit\\\/groupe-electrogene-essence-2-2-kva-sprint-2200a-briggs-stratton\\\/\"]}]},{\"@type\":\"ImageObject\",\"inLanguage\":\"fr-FR\",\"@id\":\"https:\\\/\\\/dekkal-quincaillerie.dz\\\/fr\\\/produit\\\/groupe-electrogene-essence-2-2-kva-sprint-2200a-briggs-stratton\\\/#primaryimage\",\"url\":\"https:\\\/\\\/dekkal-quincaillerie.dz\\\/fr\\\/wp-content\\\/uploads\\\/2022\\\/03\\\/2200A-SPRINT.avif\",\"contentUrl\":\"https:\\\/\\\/dekkal-quincaillerie.dz\\\/fr\\\/wp-content\\\/uploads\\\/2022\\\/03\\\/2200A-SPRINT.avif\",\"width\":540,\"height\":388},{\"@type\":\"BreadcrumbList\",\"@id\":\"https:\\\/\\\/dekkal-quincaillerie.dz\\\/fr\\\/produit\\\/groupe-electrogene-essence-2-2-kva-sprint-2200a-briggs-stratton\\\/#breadcrumb\",\"itemListElement\":[{\"@type\":\"ListItem\",\"position\":1,\"name\":\"Accueil\",\"item\":\"https:\\\/\\\/dekkal-quincaillerie.dz\\\/fr\\\/\"},{\"@type\":\"ListItem\",\"position\":2,\"name\":\"Boutique\",\"item\":\"https:\\\/\\\/dekkal-quincaillerie.dz\\\/fr\\\/boutique\\\/\"},{\"@type\":\"ListItem\",\"position\":3,\"name\":\"Groupe \u00e9lectrog\u00e8ne essence 2.2 KVA &#8211; SPRINT 2200A BRIGGS &amp; STRATTON\"}]},{\"@type\":\"WebSite\",\"@id\":\"https:\\\/\\\/dekkal-quincaillerie.dz\\\/fr\\\/#website\",\"url\":\"https:\\\/\\\/dekkal-quincaillerie.dz\\\/fr\\\/\",\"name\":\"DEKKAL\",\"description\":\"\",\"publisher\":{\"@id\":\"https:\\\/\\\/dekkal-quincaillerie.dz\\\/fr\\\/#organization\"},\"potentialAction\":[{\"@type\":\"SearchAction\",\"target\":{\"@type\":\"EntryPoint\",\"urlTemplate\":\"https:\\\/\\\/dekkal-quincaillerie.dz\\\/fr\\\/?s={search_term_string}\"},\"query-input\":{\"@type\":\"PropertyValueSpecification\",\"valueRequired\":true,\"valueName\":\"search_term_string\"}}],\"inLanguage\":\"fr-FR\"},{\"@type\":\"Organization\",\"@id\":\"https:\\\/\\\/dekkal-quincaillerie.dz\\\/fr\\\/#organization\",\"name\":\"DEKKAL QUINCAILLERIE\",\"url\":\"https:\\\/\\\/dekkal-quincaillerie.dz\\\/fr\\\/\",\"logo\":{\"@type\":\"ImageObject\",\"inLanguage\":\"fr-FR\",\"@id\":\"https:\\\/\\\/dekkal-quincaillerie.dz\\\/fr\\\/#\\\/schema\\\/logo\\\/image\\\/\",\"url\":\"https:\\\/\\\/dekkal-quincaillerie.dz\\\/fr\\\/wp-content\\\/uploads\\\/2022\\\/03\\\/image_2022-03-19_172411.png\",\"contentUrl\":\"https:\\\/\\\/dekkal-quincaillerie.dz\\\/fr\\\/wp-content\\\/uploads\\\/2022\\\/03\\\/image_2022-03-19_172411.png\",\"width\":851,\"height\":315,\"caption\":\"DEKKAL QUINCAILLERIE\"},\"image\":{\"@id\":\"https:\\\/\\\/dekkal-quincaillerie.dz\\\/fr\\\/#\\\/schema\\\/logo\\\/image\\\/\"},\"sameAs\":[\"https:\\\/\\\/www.facebook.com\\\/ets.dekkal.1\",\"https:\\\/\\\/www.instagram.com\\\/ets.dekkal\\\/\"]}]}<\/script>\n<!-- \/ Yoast SEO Premium plugin. -->","yoast_head_json":{"title":"Groupe \u00e9lectrog\u00e8ne essence 2.2 KVA - SPRINT 2200A BRIGGS &amp; STRATTON - DEKKAL 0561792859","description":"Groupe \u00e9lectrog\u00e8ne, essence, sprint 2200a, briggs and stratton, \u00e9lectricit\u00e9, - DEKKAL QUINCAILLERIE TIZI-OUZOU, 0561792859 - DEKKAL","robots":{"index":"index","follow":"follow","max-snippet":"max-snippet:-1","max-image-preview":"max-image-preview:large","max-video-preview":"max-video-preview:-1"},"canonical":"https:\/\/dekkal-quincaillerie.dz\/fr\/produit\/groupe-electrogene-essence-2-2-kva-sprint-2200a-briggs-stratton\/","schema":{"@context":"https:\/\/schema.org","@graph":[{"@type":"WebPage","@id":"https:\/\/dekkal-quincaillerie.dz\/fr\/produit\/groupe-electrogene-essence-2-2-kva-sprint-2200a-briggs-stratton\/","url":"https:\/\/dekkal-quincaillerie.dz\/fr\/produit\/groupe-electrogene-essence-2-2-kva-sprint-2200a-briggs-stratton\/","name":"Groupe \u00e9lectrog\u00e8ne essence 2.2 KVA - SPRINT 2200A BRIGGS &amp; STRATTON - DEKKAL 0561792859","isPartOf":{"@id":"https:\/\/dekkal-quincaillerie.dz\/fr\/#website"},"primaryImageOfPage":{"@id":"https:\/\/dekkal-quincaillerie.dz\/fr\/produit\/groupe-electrogene-essence-2-2-kva-sprint-2200a-briggs-stratton\/#primaryimage"},"image":{"@id":"https:\/\/dekkal-quincaillerie.dz\/fr\/produit\/groupe-electrogene-essence-2-2-kva-sprint-2200a-briggs-stratton\/#primaryimage"},"thumbnailUrl":"https:\/\/dekkal-quincaillerie.dz\/fr\/wp-content\/uploads\/2022\/03\/2200A-SPRINT.avif","datePublished":"2022-03-19T19:20:19+00:00","dateModified":"2025-03-22T07:16:48+00:00","description":"Groupe \u00e9lectrog\u00e8ne, essence, sprint 2200a, briggs and stratton, \u00e9lectricit\u00e9, - DEKKAL QUINCAILLERIE TIZI-OUZOU, 0561792859 - DEKKAL","breadcrumb":{"@id":"https:\/\/dekkal-quincaillerie.dz\/fr\/produit\/groupe-electrogene-essence-2-2-kva-sprint-2200a-briggs-stratton\/#breadcrumb"},"inLanguage":"fr-FR","potentialAction":[{"@type":"ReadAction","target":["https:\/\/dekkal-quincaillerie.dz\/fr\/produit\/groupe-electrogene-essence-2-2-kva-sprint-2200a-briggs-stratton\/"]}]},{"@type":"ImageObject","inLanguage":"fr-FR","@id":"https:\/\/dekkal-quincaillerie.dz\/fr\/produit\/groupe-electrogene-essence-2-2-kva-sprint-2200a-briggs-stratton\/#primaryimage","url":"https:\/\/dekkal-quincaillerie.dz\/fr\/wp-content\/uploads\/2022\/03\/2200A-SPRINT.avif","contentUrl":"https:\/\/dekkal-quincaillerie.dz\/fr\/wp-content\/uploads\/2022\/03\/2200A-SPRINT.avif","width":540,"height":388},{"@type":"BreadcrumbList","@id":"https:\/\/dekkal-quincaillerie.dz\/fr\/produit\/groupe-electrogene-essence-2-2-kva-sprint-2200a-briggs-stratton\/#breadcrumb","itemListElement":[{"@type":"ListItem","position":1,"name":"Accueil","item":"https:\/\/dekkal-quincaillerie.dz\/fr\/"},{"@type":"ListItem","position":2,"name":"Boutique","item":"https:\/\/dekkal-quincaillerie.dz\/fr\/boutique\/"},{"@type":"ListItem","position":3,"name":"Groupe \u00e9lectrog\u00e8ne essence 2.2 KVA &#8211; SPRINT 2200A BRIGGS &amp; STRATTON"}]},{"@type":"WebSite","@id":"https:\/\/dekkal-quincaillerie.dz\/fr\/#website","url":"https:\/\/dekkal-quincaillerie.dz\/fr\/","name":"DEKKAL","description":"","publisher":{"@id":"https:\/\/dekkal-quincaillerie.dz\/fr\/#organization"},"potentialAction":[{"@type":"SearchAction","target":{"@type":"EntryPoint","urlTemplate":"https:\/\/dekkal-quincaillerie.dz\/fr\/?s={search_term_string}"},"query-input":{"@type":"PropertyValueSpecification","valueRequired":true,"valueName":"search_term_string"}}],"inLanguage":"fr-FR"},{"@type":"Organization","@id":"https:\/\/dekkal-quincaillerie.dz\/fr\/#organization","name":"DEKKAL QUINCAILLERIE","url":"https:\/\/dekkal-quincaillerie.dz\/fr\/","logo":{"@type":"ImageObject","inLanguage":"fr-FR","@id":"https:\/\/dekkal-quincaillerie.dz\/fr\/#\/schema\/logo\/image\/","url":"https:\/\/dekkal-quincaillerie.dz\/fr\/wp-content\/uploads\/2022\/03\/image_2022-03-19_172411.png","contentUrl":"https:\/\/dekkal-quincaillerie.dz\/fr\/wp-content\/uploads\/2022\/03\/image_2022-03-19_172411.png","width":851,"height":315,"caption":"DEKKAL QUINCAILLERIE"},"image":{"@id":"https:\/\/dekkal-quincaillerie.dz\/fr\/#\/schema\/logo\/image\/"},"sameAs":["https:\/\/www.facebook.com\/ets.dekkal.1","https:\/\/www.instagram.com\/ets.dekkal\/"]}]}},"_links":{"self":[{"href":"https:\/\/dekkal-quincaillerie.dz\/fr\/wp-json\/wp\/v2\/product\/5515","targetHints":{"allow":["GET"]}}],"collection":[{"href":"https:\/\/dekkal-quincaillerie.dz\/fr\/wp-json\/wp\/v2\/product"}],"about":[{"href":"https:\/\/dekkal-quincaillerie.dz\/fr\/wp-json\/wp\/v2\/types\/product"}],"wp:featuredmedia":[{"embeddable":true,"href":"https:\/\/dekkal-quincaillerie.dz\/fr\/wp-json\/wp\/v2\/media\/5516"}],"wp:attachment":[{"href":"https:\/\/dekkal-quincaillerie.dz\/fr\/wp-json\/wp\/v2\/media?parent=5515"}],"wp:term":[{"taxonomy":"product_brand","embeddable":true,"href":"https:\/\/dekkal-quincaillerie.dz\/fr\/wp-json\/wp\/v2\/product_brand?post=5515"},{"taxonomy":"product_cat","embeddable":true,"href":"https:\/\/dekkal-quincaillerie.dz\/fr\/wp-json\/wp\/v2\/product_cat?post=5515"},{"taxonomy":"product_tag","embeddable":true,"href":"https:\/\/dekkal-quincaillerie.dz\/fr\/wp-json\/wp\/v2\/product_tag?post=5515"}],"curies":[{"name":"wp","href":"https:\/\/api.w.org\/{rel}","templated":true}]}}