{"id":5390,"date":"2022-03-19T19:19:10","date_gmt":"2022-03-19T19:19:10","guid":{"rendered":"https:\/\/dekkal-quincaillerie.dz\/fr\/index.php\/produit\/marteau-perforateur-4kg-sds-gbh-4-32-dfr-bosch\/"},"modified":"2025-03-22T07:16:47","modified_gmt":"2025-03-22T07:16:47","slug":"marteau-perforateur-4kg-sds-gbh-4-32-dfr-bosch","status":"publish","type":"product","link":"https:\/\/dekkal-quincaillerie.dz\/fr\/produit\/marteau-perforateur-4kg-sds-gbh-4-32-dfr-bosch\/","title":{"rendered":"Marteau perforateur 900 W 4 KG SDS plus GBH 4-32 DFR BOSCH"},"content":{"rendered":"<h3>Marteau perforateur 900 W 4 KG SDS plus GBH 4-32 DFR BOSCH<\/h3>\n<h4>Caract\u00e9ristiques :<\/h4>\n<table class=\"table\">\n<colgroup>\n<col class=\"col-xs-5\" \/>\n<col class=\"col-xs-3\" \/><\/colgroup>\n<thead>\n<tr>\n<th class=\"headline hl4\" colspan=\"2\">\n<h4>Donn\u00e9es suppl\u00e9mentaires<\/h4>\n<\/th>\n<\/tr>\n<\/thead>\n<tbody>\n<tr>\n<td>Puissance absorb\u00e9e nominale<\/td>\n<td>900\u00a0W<\/td>\n<\/tr>\n<tr>\n<td>Force de frappe<\/td>\n<td>4.2\u00a0J<\/td>\n<\/tr>\n<tr>\n<td>Fr\u00e9quence de frappe \u00e0 vitesse de rotation nominale<\/td>\n<td>0 \u2013 3,600 CPS\/MIN<\/td>\n<\/tr>\n<tr>\n<td>Vitesse de rotation nominale<\/td>\n<td>0 \u2013 800 T\/MIN<\/td>\n<\/tr>\n<tr>\n<td>Poids<\/td>\n<td>4,7 KG<\/td>\n<\/tr>\n<tr>\n<td>Porte-outils<\/td>\n<td>SDS plus<\/td>\n<\/tr>\n<\/tbody>\n<\/table>\n<table class=\"table\">\n<colgroup>\n<col class=\"col-xs-5\" \/>\n<col class=\"col-xs-3\" \/><\/colgroup>\n<thead>\n<tr>\n<th class=\"headline hl4\" colspan=\"2\">\n<h4>Plage de per\u00e7age<\/h4>\n<\/th>\n<\/tr>\n<\/thead>\n<tbody>\n<tr>\n<td>\u00d8 de per\u00e7age dans le b\u00e9ton avec forets pour perforateur<\/td>\n<td>6 \u2013 32 MM<\/td>\n<\/tr>\n<tr>\n<td>Plage d\u2019utilisation optimale b\u00e9ton avec forets pour perforateur<\/td>\n<td>14 \u2013 25 MM<\/td>\n<\/tr>\n<tr>\n<td>\u00d8 per\u00e7age maxi dans ma\u00e7onnerie, couronnes-tr\u00e9pans<\/td>\n<td>90 MM<\/td>\n<\/tr>\n<tr>\n<td>\u00d8 de per\u00e7age maxi. dans le m\u00e9tal<\/td>\n<td>13 MM<\/td>\n<\/tr>\n<tr>\n<td>\u00d8 de per\u00e7age maxi. dans le bois<\/td>\n<td>32 MM<\/td>\n<\/tr>\n<\/tbody>\n<\/table>\n<table class=\"table\">\n<colgroup>\n<col class=\"col-xs-5\" \/>\n<col class=\"col-xs-3\" \/><\/colgroup>\n<thead>\n<tr>\n<th class=\"headline hl4\" colspan=\"2\">\n<h4>Valeurs totales des vibrations (Per\u00e7age en frappe du b\u00e9ton)<\/h4>\n<\/th>\n<\/tr>\n<\/thead>\n<tbody>\n<tr>\n<td>Valeur d\u2019\u00e9mission vibratoire ah<\/td>\n<td>12 M\/S\u00b2<\/td>\n<\/tr>\n<tr>\n<td>Incertitude K<\/td>\n<td>1,5 M\/S\u00b2<\/td>\n<\/tr>\n<\/tbody>\n<\/table>\n<table class=\"table\">\n<colgroup>\n<col class=\"col-xs-5\" \/>\n<col class=\"col-xs-3\" \/><\/colgroup>\n<thead>\n<tr>\n<th class=\"headline hl4\" colspan=\"2\">\n<h4>Valeurs totales des vibrations (Burinage)<\/h4>\n<\/th>\n<\/tr>\n<\/thead>\n<tbody>\n<tr>\n<td>Valeur d\u2019\u00e9mission vibratoire ah<\/td>\n<td>9 M\/S\u00b2<\/td>\n<\/tr>\n<tr>\n<td>Incertitude K<\/td>\n<td>1,5 M\/S\u00b2<\/td>\n<\/tr>\n<\/tbody>\n<\/table>\n","protected":false},"excerpt":{"rendered":"<h5 class=\"headline hl4\">Le perforateur multifonctions le plus rapide de la cat\u00e9gorie des 4 kg.<\/h5>\n<ul class=\"m-product_hightlights__list\">\n<li>Utilisation polyvalente pour des travaux de burinage et de per\u00e7age ainsi que pour travailler avec des scies-tr\u00e9pans,<\/li>\n<li>Perce jusqu\u2019\u00e0 30 % plus vite (\u00d8 25 mm) que les autres outils de sa cat\u00e9gorie,<\/li>\n<li>Le syst\u00e8me Vibration Control Bosch permet de r\u00e9duire les vibrations \u00e0 seulement 12 m\/s\u00b2 pour un travail moins p\u00e9nible.<\/li>\n<\/ul>\n<div class=\"m-conversion_area__headline m-conversion_area__headline--hl3\">\n<div class=\"headline hl3\">Inclus dans le coffret de transport avec but\u00e9e de profondeur, r<span style=\"font-size: 16px\">\u00e9f\u00e9rence:\u00a0<\/span><span class=\"a-ordernumber\" style=\"font-size: 16px\">0\u00a0611\u00a0332\u00a0101<\/span><\/div>\n<\/div>\n<ul class=\"m-conversion_area__ul\">\n<li class=\"m-conversion_area__li\">But\u00e9e de profondeur 310 mm<span class=\"a-ordernumber grey-text grey-text\">1\u00a0613\u00a0001\u00a0003<\/span><\/li>\n<li class=\"m-conversion_area__li\">Chiffon<\/li>\n<li class=\"m-conversion_area__li\">Coffret de transport<span class=\"a-ordernumber grey-text grey-text\">2\u00a0605\u00a0438\u00a0651<\/span><\/li>\n<li class=\"m-conversion_area__li\">Mandrin Quick-Change 13 mm<span class=\"a-ordernumber grey-text grey-text\">2\u00a0608\u00a0572\u00a0212<\/span><\/li>\n<li class=\"m-conversion_area__li\">Mandrin interchangeable SDS plus<span class=\"a-ordernumber grey-text grey-text\">2\u00a0608\u00a0572\u00a0213<\/span><\/li>\n<li class=\"m-conversion_area__li\">Poign\u00e9e suppl\u00e9mentaire<span class=\"a-ordernumber grey-text grey-text\">2\u00a0602\u00a0025\u00a0176<\/span><\/li>\n<li class=\"m-conversion_area__li\">Tube de graisse (r\u00e9f. pi\u00e8ce de rechange 1 615 430 010)<\/li>\n<\/ul>\n","protected":false},"featured_media":5391,"template":"","meta":[],"product_brand":[1092],"product_cat":[204],"product_tag":[433,217,221],"class_list":{"0":"post-5390","1":"product","2":"type-product","3":"status-publish","4":"has-post-thumbnail","6":"product_brand-bosch","7":"product_cat-batiment","8":"product_tag-bosch","9":"product_tag-marteau","10":"product_tag-perforateur","12":"first","13":"outofstock","14":"purchasable","15":"product-type-simple"},"yoast_head":"<!-- This site is optimized with the Yoast SEO Premium plugin v20.0 (Yoast SEO v27.4) - https:\/\/yoast.com\/product\/yoast-seo-premium-wordpress\/ -->\n<title>Marteau perforateur 900 W 4 KG SDS plus GBH 4-32 DFR BOSCH - DEKKAL<\/title>\n<meta name=\"robots\" content=\"index, follow, max-snippet:-1, max-image-preview:large, max-video-preview:-1\" \/>\n<link rel=\"canonical\" href=\"https:\/\/dekkal-quincaillerie.dz\/fr\/produit\/marteau-perforateur-4kg-sds-gbh-4-32-dfr-bosch\/\" \/>\n<script type=\"application\/ld+json\" class=\"yoast-schema-graph\">{\"@context\":\"https:\\\/\\\/schema.org\",\"@graph\":[{\"@type\":\"WebPage\",\"@id\":\"https:\\\/\\\/dekkal-quincaillerie.dz\\\/fr\\\/produit\\\/marteau-perforateur-4kg-sds-gbh-4-32-dfr-bosch\\\/\",\"url\":\"https:\\\/\\\/dekkal-quincaillerie.dz\\\/fr\\\/produit\\\/marteau-perforateur-4kg-sds-gbh-4-32-dfr-bosch\\\/\",\"name\":\"Marteau perforateur 900 W 4 KG SDS plus GBH 4-32 DFR BOSCH - DEKKAL\",\"isPartOf\":{\"@id\":\"https:\\\/\\\/dekkal-quincaillerie.dz\\\/fr\\\/#website\"},\"primaryImageOfPage\":{\"@id\":\"https:\\\/\\\/dekkal-quincaillerie.dz\\\/fr\\\/produit\\\/marteau-perforateur-4kg-sds-gbh-4-32-dfr-bosch\\\/#primaryimage\"},\"image\":{\"@id\":\"https:\\\/\\\/dekkal-quincaillerie.dz\\\/fr\\\/produit\\\/marteau-perforateur-4kg-sds-gbh-4-32-dfr-bosch\\\/#primaryimage\"},\"thumbnailUrl\":\"https:\\\/\\\/dekkal-quincaillerie.dz\\\/fr\\\/wp-content\\\/uploads\\\/2022\\\/03\\\/perfo-GBH4-32DFR-B.gif\",\"datePublished\":\"2022-03-19T19:19:10+00:00\",\"dateModified\":\"2025-03-22T07:16:47+00:00\",\"breadcrumb\":{\"@id\":\"https:\\\/\\\/dekkal-quincaillerie.dz\\\/fr\\\/produit\\\/marteau-perforateur-4kg-sds-gbh-4-32-dfr-bosch\\\/#breadcrumb\"},\"inLanguage\":\"fr-FR\",\"potentialAction\":[{\"@type\":\"ReadAction\",\"target\":[\"https:\\\/\\\/dekkal-quincaillerie.dz\\\/fr\\\/produit\\\/marteau-perforateur-4kg-sds-gbh-4-32-dfr-bosch\\\/\"]}]},{\"@type\":\"ImageObject\",\"inLanguage\":\"fr-FR\",\"@id\":\"https:\\\/\\\/dekkal-quincaillerie.dz\\\/fr\\\/produit\\\/marteau-perforateur-4kg-sds-gbh-4-32-dfr-bosch\\\/#primaryimage\",\"url\":\"https:\\\/\\\/dekkal-quincaillerie.dz\\\/fr\\\/wp-content\\\/uploads\\\/2022\\\/03\\\/perfo-GBH4-32DFR-B.gif\",\"contentUrl\":\"https:\\\/\\\/dekkal-quincaillerie.dz\\\/fr\\\/wp-content\\\/uploads\\\/2022\\\/03\\\/perfo-GBH4-32DFR-B.gif\",\"width\":513,\"height\":261},{\"@type\":\"BreadcrumbList\",\"@id\":\"https:\\\/\\\/dekkal-quincaillerie.dz\\\/fr\\\/produit\\\/marteau-perforateur-4kg-sds-gbh-4-32-dfr-bosch\\\/#breadcrumb\",\"itemListElement\":[{\"@type\":\"ListItem\",\"position\":1,\"name\":\"Accueil\",\"item\":\"https:\\\/\\\/dekkal-quincaillerie.dz\\\/fr\\\/\"},{\"@type\":\"ListItem\",\"position\":2,\"name\":\"Boutique\",\"item\":\"https:\\\/\\\/dekkal-quincaillerie.dz\\\/fr\\\/boutique\\\/\"},{\"@type\":\"ListItem\",\"position\":3,\"name\":\"Marteau perforateur 900 W 4 KG SDS plus GBH 4-32 DFR BOSCH\"}]},{\"@type\":\"WebSite\",\"@id\":\"https:\\\/\\\/dekkal-quincaillerie.dz\\\/fr\\\/#website\",\"url\":\"https:\\\/\\\/dekkal-quincaillerie.dz\\\/fr\\\/\",\"name\":\"DEKKAL\",\"description\":\"\",\"publisher\":{\"@id\":\"https:\\\/\\\/dekkal-quincaillerie.dz\\\/fr\\\/#organization\"},\"potentialAction\":[{\"@type\":\"SearchAction\",\"target\":{\"@type\":\"EntryPoint\",\"urlTemplate\":\"https:\\\/\\\/dekkal-quincaillerie.dz\\\/fr\\\/?s={search_term_string}\"},\"query-input\":{\"@type\":\"PropertyValueSpecification\",\"valueRequired\":true,\"valueName\":\"search_term_string\"}}],\"inLanguage\":\"fr-FR\"},{\"@type\":\"Organization\",\"@id\":\"https:\\\/\\\/dekkal-quincaillerie.dz\\\/fr\\\/#organization\",\"name\":\"DEKKAL QUINCAILLERIE\",\"url\":\"https:\\\/\\\/dekkal-quincaillerie.dz\\\/fr\\\/\",\"logo\":{\"@type\":\"ImageObject\",\"inLanguage\":\"fr-FR\",\"@id\":\"https:\\\/\\\/dekkal-quincaillerie.dz\\\/fr\\\/#\\\/schema\\\/logo\\\/image\\\/\",\"url\":\"https:\\\/\\\/dekkal-quincaillerie.dz\\\/fr\\\/wp-content\\\/uploads\\\/2022\\\/03\\\/image_2022-03-19_172411.png\",\"contentUrl\":\"https:\\\/\\\/dekkal-quincaillerie.dz\\\/fr\\\/wp-content\\\/uploads\\\/2022\\\/03\\\/image_2022-03-19_172411.png\",\"width\":851,\"height\":315,\"caption\":\"DEKKAL QUINCAILLERIE\"},\"image\":{\"@id\":\"https:\\\/\\\/dekkal-quincaillerie.dz\\\/fr\\\/#\\\/schema\\\/logo\\\/image\\\/\"},\"sameAs\":[\"https:\\\/\\\/www.facebook.com\\\/ets.dekkal.1\",\"https:\\\/\\\/www.instagram.com\\\/ets.dekkal\\\/\"]}]}<\/script>\n<!-- \/ Yoast SEO Premium plugin. -->","yoast_head_json":{"title":"Marteau perforateur 900 W 4 KG SDS plus GBH 4-32 DFR BOSCH - DEKKAL","robots":{"index":"index","follow":"follow","max-snippet":"max-snippet:-1","max-image-preview":"max-image-preview:large","max-video-preview":"max-video-preview:-1"},"canonical":"https:\/\/dekkal-quincaillerie.dz\/fr\/produit\/marteau-perforateur-4kg-sds-gbh-4-32-dfr-bosch\/","schema":{"@context":"https:\/\/schema.org","@graph":[{"@type":"WebPage","@id":"https:\/\/dekkal-quincaillerie.dz\/fr\/produit\/marteau-perforateur-4kg-sds-gbh-4-32-dfr-bosch\/","url":"https:\/\/dekkal-quincaillerie.dz\/fr\/produit\/marteau-perforateur-4kg-sds-gbh-4-32-dfr-bosch\/","name":"Marteau perforateur 900 W 4 KG SDS plus GBH 4-32 DFR BOSCH - DEKKAL","isPartOf":{"@id":"https:\/\/dekkal-quincaillerie.dz\/fr\/#website"},"primaryImageOfPage":{"@id":"https:\/\/dekkal-quincaillerie.dz\/fr\/produit\/marteau-perforateur-4kg-sds-gbh-4-32-dfr-bosch\/#primaryimage"},"image":{"@id":"https:\/\/dekkal-quincaillerie.dz\/fr\/produit\/marteau-perforateur-4kg-sds-gbh-4-32-dfr-bosch\/#primaryimage"},"thumbnailUrl":"https:\/\/dekkal-quincaillerie.dz\/fr\/wp-content\/uploads\/2022\/03\/perfo-GBH4-32DFR-B.gif","datePublished":"2022-03-19T19:19:10+00:00","dateModified":"2025-03-22T07:16:47+00:00","breadcrumb":{"@id":"https:\/\/dekkal-quincaillerie.dz\/fr\/produit\/marteau-perforateur-4kg-sds-gbh-4-32-dfr-bosch\/#breadcrumb"},"inLanguage":"fr-FR","potentialAction":[{"@type":"ReadAction","target":["https:\/\/dekkal-quincaillerie.dz\/fr\/produit\/marteau-perforateur-4kg-sds-gbh-4-32-dfr-bosch\/"]}]},{"@type":"ImageObject","inLanguage":"fr-FR","@id":"https:\/\/dekkal-quincaillerie.dz\/fr\/produit\/marteau-perforateur-4kg-sds-gbh-4-32-dfr-bosch\/#primaryimage","url":"https:\/\/dekkal-quincaillerie.dz\/fr\/wp-content\/uploads\/2022\/03\/perfo-GBH4-32DFR-B.gif","contentUrl":"https:\/\/dekkal-quincaillerie.dz\/fr\/wp-content\/uploads\/2022\/03\/perfo-GBH4-32DFR-B.gif","width":513,"height":261},{"@type":"BreadcrumbList","@id":"https:\/\/dekkal-quincaillerie.dz\/fr\/produit\/marteau-perforateur-4kg-sds-gbh-4-32-dfr-bosch\/#breadcrumb","itemListElement":[{"@type":"ListItem","position":1,"name":"Accueil","item":"https:\/\/dekkal-quincaillerie.dz\/fr\/"},{"@type":"ListItem","position":2,"name":"Boutique","item":"https:\/\/dekkal-quincaillerie.dz\/fr\/boutique\/"},{"@type":"ListItem","position":3,"name":"Marteau perforateur 900 W 4 KG SDS plus GBH 4-32 DFR BOSCH"}]},{"@type":"WebSite","@id":"https:\/\/dekkal-quincaillerie.dz\/fr\/#website","url":"https:\/\/dekkal-quincaillerie.dz\/fr\/","name":"DEKKAL","description":"","publisher":{"@id":"https:\/\/dekkal-quincaillerie.dz\/fr\/#organization"},"potentialAction":[{"@type":"SearchAction","target":{"@type":"EntryPoint","urlTemplate":"https:\/\/dekkal-quincaillerie.dz\/fr\/?s={search_term_string}"},"query-input":{"@type":"PropertyValueSpecification","valueRequired":true,"valueName":"search_term_string"}}],"inLanguage":"fr-FR"},{"@type":"Organization","@id":"https:\/\/dekkal-quincaillerie.dz\/fr\/#organization","name":"DEKKAL QUINCAILLERIE","url":"https:\/\/dekkal-quincaillerie.dz\/fr\/","logo":{"@type":"ImageObject","inLanguage":"fr-FR","@id":"https:\/\/dekkal-quincaillerie.dz\/fr\/#\/schema\/logo\/image\/","url":"https:\/\/dekkal-quincaillerie.dz\/fr\/wp-content\/uploads\/2022\/03\/image_2022-03-19_172411.png","contentUrl":"https:\/\/dekkal-quincaillerie.dz\/fr\/wp-content\/uploads\/2022\/03\/image_2022-03-19_172411.png","width":851,"height":315,"caption":"DEKKAL QUINCAILLERIE"},"image":{"@id":"https:\/\/dekkal-quincaillerie.dz\/fr\/#\/schema\/logo\/image\/"},"sameAs":["https:\/\/www.facebook.com\/ets.dekkal.1","https:\/\/www.instagram.com\/ets.dekkal\/"]}]}},"_links":{"self":[{"href":"https:\/\/dekkal-quincaillerie.dz\/fr\/wp-json\/wp\/v2\/product\/5390","targetHints":{"allow":["GET"]}}],"collection":[{"href":"https:\/\/dekkal-quincaillerie.dz\/fr\/wp-json\/wp\/v2\/product"}],"about":[{"href":"https:\/\/dekkal-quincaillerie.dz\/fr\/wp-json\/wp\/v2\/types\/product"}],"wp:featuredmedia":[{"embeddable":true,"href":"https:\/\/dekkal-quincaillerie.dz\/fr\/wp-json\/wp\/v2\/media\/5391"}],"wp:attachment":[{"href":"https:\/\/dekkal-quincaillerie.dz\/fr\/wp-json\/wp\/v2\/media?parent=5390"}],"wp:term":[{"taxonomy":"product_brand","embeddable":true,"href":"https:\/\/dekkal-quincaillerie.dz\/fr\/wp-json\/wp\/v2\/product_brand?post=5390"},{"taxonomy":"product_cat","embeddable":true,"href":"https:\/\/dekkal-quincaillerie.dz\/fr\/wp-json\/wp\/v2\/product_cat?post=5390"},{"taxonomy":"product_tag","embeddable":true,"href":"https:\/\/dekkal-quincaillerie.dz\/fr\/wp-json\/wp\/v2\/product_tag?post=5390"}],"curies":[{"name":"wp","href":"https:\/\/api.w.org\/{rel}","templated":true}]}}