{"id":5367,"date":"2022-03-19T19:18:53","date_gmt":"2022-03-19T19:18:53","guid":{"rendered":"https:\/\/dekkal-quincaillerie.dz\/fr\/index.php\/produit\/poste-a-souder-tenes-160a-sidal\/"},"modified":"2025-03-22T07:16:46","modified_gmt":"2025-03-22T07:16:46","slug":"poste-a-souder-160a-tenes-sidal","status":"publish","type":"product","link":"https:\/\/dekkal-quincaillerie.dz\/fr\/produit\/poste-a-souder-160a-tenes-sidal\/","title":{"rendered":"POSTE A SOUDER 160A TENES SIDAL"},"content":{"rendered":"<h3>POSTE A SOUDER 160A TENES SIDAL<\/h3>\n<h4>Sp\u00e9cifications techniques:<\/h4>\n<p>&nbsp;<\/p>\n<ul>\n<li>Puissance maximale: 5.5 KVA<\/li>\n<li>Alimentation primaire monophas\u00e9e, biphas\u00e9e: 220 \/ 380 V &#8211; 50 \/ 60 HZ<\/li>\n<li>Courant: AC \/CA,<\/li>\n<li>Tension \u00e0 vide: 48 \u00e0 63 V<\/li>\n<li>Diam\u00e8tre d&rsquo;\u00e9lectrode: 1.6 \u00e0 4 MM<\/li>\n<li>Classe d&rsquo;isolation: H<\/li>\n<li>Indice de protection: 23<\/li>\n<li>Dimensions: 265 x 320 x 205 MM<\/li>\n<li>Poids: 29 KG<\/li>\n<\/ul>\n<h4><strong>Caract\u00e9ristiques:<\/strong><\/h4>\n<ul>\n<li>Robuste et compacte,<\/li>\n<li>Convient \u00e0 tout type de mat\u00e9riel de soudage,<\/li>\n<li>Travail dans les conditions climatiques les plus s\u00e9v\u00e8res,<\/li>\n<li>Se raccorde au r\u00e9seau domestique,<\/li>\n<li>Utilisation tr\u00e8s simple.<\/li>\n<\/ul>\n<h4>Accessoires:<\/h4>\n<ul>\n<li>C\u00e2ble d&rsquo;alimentation,<\/li>\n<li>Un c\u00e2ble de pince,<\/li>\n<li>Une pince porte-\u00e9lectrode,<\/li>\n<li>Un c\u00e2ble de masse,<\/li>\n<li>Une pince de masse,<\/li>\n<li>Manuel de s\u00e9curit\u00e9, d&#8217;emploi et d&rsquo;entretien.<\/li>\n<\/ul>\n","protected":false},"excerpt":{"rendered":"<p>Poste \u00e0 souder manuel avec \u00e9lectrode enrob\u00e9e, conforme aux norme NF EN 50504. Convient pour les r\u00e9parations et maintenances, les petits travaux, chaudronnerie et ferronnerie, travaux artisanaux.<\/p>\n","protected":false},"featured_media":7722,"template":"","meta":{"jetpack_post_was_ever_published":false,"jetpack_publicize_message":"","jetpack_publicize_feature_enabled":true,"jetpack_social_post_already_shared":false,"jetpack_social_options":{"image_generator_settings":{"template":"highway","default_image_id":0,"font":"","enabled":false},"version":2}},"product_brand":[],"product_cat":[204,205,1118],"product_tag":[917,920,446,918],"class_list":{"0":"post-5367","1":"product","2":"type-product","3":"status-publish","4":"has-post-thumbnail","6":"product_cat-batiment","7":"product_cat-electoportatif","8":"product_cat-outillage","9":"product_tag-poste","10":"product_tag-sidal","11":"product_tag-souder","12":"product_tag-tenes","14":"first","15":"instock","16":"purchasable","17":"product-type-simple"},"yoast_head":"<!-- This site is optimized with the Yoast SEO Premium plugin v20.0 (Yoast SEO v27.3) - https:\/\/yoast.com\/product\/yoast-seo-premium-wordpress\/ -->\n<title>POSTE A SOUDER 160A TENES SIDAL - DEKKAL<\/title>\n<meta name=\"description\" content=\"POSTE A SOUDER 160A TENES SIDAL - 220\/380V - 50\/60Hz - PUISSANCE MAX 5.5KVA - DEKKAL QUINCAILLERIE - TALA TOULMOUTS - TIZI-RACHED - TEL.: 056.79.28.59\" \/>\n<meta name=\"robots\" content=\"index, follow, max-snippet:-1, max-image-preview:large, max-video-preview:-1\" \/>\n<link rel=\"canonical\" href=\"https:\/\/dekkal-quincaillerie.dz\/fr\/produit\/poste-a-souder-160a-tenes-sidal\/\" \/>\n<script type=\"application\/ld+json\" class=\"yoast-schema-graph\">{\"@context\":\"https:\\\/\\\/schema.org\",\"@graph\":[{\"@type\":\"WebPage\",\"@id\":\"https:\\\/\\\/dekkal-quincaillerie.dz\\\/fr\\\/produit\\\/poste-a-souder-160a-tenes-sidal\\\/\",\"url\":\"https:\\\/\\\/dekkal-quincaillerie.dz\\\/fr\\\/produit\\\/poste-a-souder-160a-tenes-sidal\\\/\",\"name\":\"POSTE A SOUDER 160A TENES SIDAL - DEKKAL\",\"isPartOf\":{\"@id\":\"https:\\\/\\\/dekkal-quincaillerie.dz\\\/fr\\\/#website\"},\"primaryImageOfPage\":{\"@id\":\"https:\\\/\\\/dekkal-quincaillerie.dz\\\/fr\\\/produit\\\/poste-a-souder-160a-tenes-sidal\\\/#primaryimage\"},\"image\":{\"@id\":\"https:\\\/\\\/dekkal-quincaillerie.dz\\\/fr\\\/produit\\\/poste-a-souder-160a-tenes-sidal\\\/#primaryimage\"},\"thumbnailUrl\":\"https:\\\/\\\/dekkal-quincaillerie.dz\\\/fr\\\/wp-content\\\/uploads\\\/2022\\\/03\\\/TENES-160A.avif\",\"datePublished\":\"2022-03-19T19:18:53+00:00\",\"dateModified\":\"2025-03-22T07:16:46+00:00\",\"description\":\"POSTE A SOUDER 160A TENES SIDAL - 220\\\/380V - 50\\\/60Hz - PUISSANCE MAX 5.5KVA - DEKKAL QUINCAILLERIE - TALA TOULMOUTS - TIZI-RACHED - TEL.: 056.79.28.59\",\"breadcrumb\":{\"@id\":\"https:\\\/\\\/dekkal-quincaillerie.dz\\\/fr\\\/produit\\\/poste-a-souder-160a-tenes-sidal\\\/#breadcrumb\"},\"inLanguage\":\"fr-FR\",\"potentialAction\":[{\"@type\":\"ReadAction\",\"target\":[\"https:\\\/\\\/dekkal-quincaillerie.dz\\\/fr\\\/produit\\\/poste-a-souder-160a-tenes-sidal\\\/\"]}]},{\"@type\":\"ImageObject\",\"inLanguage\":\"fr-FR\",\"@id\":\"https:\\\/\\\/dekkal-quincaillerie.dz\\\/fr\\\/produit\\\/poste-a-souder-160a-tenes-sidal\\\/#primaryimage\",\"url\":\"https:\\\/\\\/dekkal-quincaillerie.dz\\\/fr\\\/wp-content\\\/uploads\\\/2022\\\/03\\\/TENES-160A.avif\",\"contentUrl\":\"https:\\\/\\\/dekkal-quincaillerie.dz\\\/fr\\\/wp-content\\\/uploads\\\/2022\\\/03\\\/TENES-160A.avif\",\"width\":1000,\"height\":1000,\"caption\":\"POSTE A SOUDER 160A TENES SIDAL\"},{\"@type\":\"BreadcrumbList\",\"@id\":\"https:\\\/\\\/dekkal-quincaillerie.dz\\\/fr\\\/produit\\\/poste-a-souder-160a-tenes-sidal\\\/#breadcrumb\",\"itemListElement\":[{\"@type\":\"ListItem\",\"position\":1,\"name\":\"Accueil\",\"item\":\"https:\\\/\\\/dekkal-quincaillerie.dz\\\/fr\\\/\"},{\"@type\":\"ListItem\",\"position\":2,\"name\":\"Boutique\",\"item\":\"https:\\\/\\\/dekkal-quincaillerie.dz\\\/fr\\\/boutique\\\/\"},{\"@type\":\"ListItem\",\"position\":3,\"name\":\"POSTE A SOUDER 160A TENES SIDAL\"}]},{\"@type\":\"WebSite\",\"@id\":\"https:\\\/\\\/dekkal-quincaillerie.dz\\\/fr\\\/#website\",\"url\":\"https:\\\/\\\/dekkal-quincaillerie.dz\\\/fr\\\/\",\"name\":\"DEKKAL\",\"description\":\"\",\"publisher\":{\"@id\":\"https:\\\/\\\/dekkal-quincaillerie.dz\\\/fr\\\/#organization\"},\"potentialAction\":[{\"@type\":\"SearchAction\",\"target\":{\"@type\":\"EntryPoint\",\"urlTemplate\":\"https:\\\/\\\/dekkal-quincaillerie.dz\\\/fr\\\/?s={search_term_string}\"},\"query-input\":{\"@type\":\"PropertyValueSpecification\",\"valueRequired\":true,\"valueName\":\"search_term_string\"}}],\"inLanguage\":\"fr-FR\"},{\"@type\":\"Organization\",\"@id\":\"https:\\\/\\\/dekkal-quincaillerie.dz\\\/fr\\\/#organization\",\"name\":\"DEKKAL QUINCAILLERIE\",\"url\":\"https:\\\/\\\/dekkal-quincaillerie.dz\\\/fr\\\/\",\"logo\":{\"@type\":\"ImageObject\",\"inLanguage\":\"fr-FR\",\"@id\":\"https:\\\/\\\/dekkal-quincaillerie.dz\\\/fr\\\/#\\\/schema\\\/logo\\\/image\\\/\",\"url\":\"https:\\\/\\\/dekkal-quincaillerie.dz\\\/fr\\\/wp-content\\\/uploads\\\/2022\\\/03\\\/image_2022-03-19_172411.png\",\"contentUrl\":\"https:\\\/\\\/dekkal-quincaillerie.dz\\\/fr\\\/wp-content\\\/uploads\\\/2022\\\/03\\\/image_2022-03-19_172411.png\",\"width\":851,\"height\":315,\"caption\":\"DEKKAL QUINCAILLERIE\"},\"image\":{\"@id\":\"https:\\\/\\\/dekkal-quincaillerie.dz\\\/fr\\\/#\\\/schema\\\/logo\\\/image\\\/\"},\"sameAs\":[\"https:\\\/\\\/www.facebook.com\\\/ets.dekkal.1\",\"https:\\\/\\\/www.instagram.com\\\/ets.dekkal\\\/\"]}]}<\/script>\n<!-- \/ Yoast SEO Premium plugin. -->","yoast_head_json":{"title":"POSTE A SOUDER 160A TENES SIDAL - DEKKAL","description":"POSTE A SOUDER 160A TENES SIDAL - 220\/380V - 50\/60Hz - PUISSANCE MAX 5.5KVA - DEKKAL QUINCAILLERIE - TALA TOULMOUTS - TIZI-RACHED - TEL.: 056.79.28.59","robots":{"index":"index","follow":"follow","max-snippet":"max-snippet:-1","max-image-preview":"max-image-preview:large","max-video-preview":"max-video-preview:-1"},"canonical":"https:\/\/dekkal-quincaillerie.dz\/fr\/produit\/poste-a-souder-160a-tenes-sidal\/","schema":{"@context":"https:\/\/schema.org","@graph":[{"@type":"WebPage","@id":"https:\/\/dekkal-quincaillerie.dz\/fr\/produit\/poste-a-souder-160a-tenes-sidal\/","url":"https:\/\/dekkal-quincaillerie.dz\/fr\/produit\/poste-a-souder-160a-tenes-sidal\/","name":"POSTE A SOUDER 160A TENES SIDAL - DEKKAL","isPartOf":{"@id":"https:\/\/dekkal-quincaillerie.dz\/fr\/#website"},"primaryImageOfPage":{"@id":"https:\/\/dekkal-quincaillerie.dz\/fr\/produit\/poste-a-souder-160a-tenes-sidal\/#primaryimage"},"image":{"@id":"https:\/\/dekkal-quincaillerie.dz\/fr\/produit\/poste-a-souder-160a-tenes-sidal\/#primaryimage"},"thumbnailUrl":"https:\/\/dekkal-quincaillerie.dz\/fr\/wp-content\/uploads\/2022\/03\/TENES-160A.avif","datePublished":"2022-03-19T19:18:53+00:00","dateModified":"2025-03-22T07:16:46+00:00","description":"POSTE A SOUDER 160A TENES SIDAL - 220\/380V - 50\/60Hz - PUISSANCE MAX 5.5KVA - DEKKAL QUINCAILLERIE - TALA TOULMOUTS - TIZI-RACHED - TEL.: 056.79.28.59","breadcrumb":{"@id":"https:\/\/dekkal-quincaillerie.dz\/fr\/produit\/poste-a-souder-160a-tenes-sidal\/#breadcrumb"},"inLanguage":"fr-FR","potentialAction":[{"@type":"ReadAction","target":["https:\/\/dekkal-quincaillerie.dz\/fr\/produit\/poste-a-souder-160a-tenes-sidal\/"]}]},{"@type":"ImageObject","inLanguage":"fr-FR","@id":"https:\/\/dekkal-quincaillerie.dz\/fr\/produit\/poste-a-souder-160a-tenes-sidal\/#primaryimage","url":"https:\/\/dekkal-quincaillerie.dz\/fr\/wp-content\/uploads\/2022\/03\/TENES-160A.avif","contentUrl":"https:\/\/dekkal-quincaillerie.dz\/fr\/wp-content\/uploads\/2022\/03\/TENES-160A.avif","width":1000,"height":1000,"caption":"POSTE A SOUDER 160A TENES SIDAL"},{"@type":"BreadcrumbList","@id":"https:\/\/dekkal-quincaillerie.dz\/fr\/produit\/poste-a-souder-160a-tenes-sidal\/#breadcrumb","itemListElement":[{"@type":"ListItem","position":1,"name":"Accueil","item":"https:\/\/dekkal-quincaillerie.dz\/fr\/"},{"@type":"ListItem","position":2,"name":"Boutique","item":"https:\/\/dekkal-quincaillerie.dz\/fr\/boutique\/"},{"@type":"ListItem","position":3,"name":"POSTE A SOUDER 160A TENES SIDAL"}]},{"@type":"WebSite","@id":"https:\/\/dekkal-quincaillerie.dz\/fr\/#website","url":"https:\/\/dekkal-quincaillerie.dz\/fr\/","name":"DEKKAL","description":"","publisher":{"@id":"https:\/\/dekkal-quincaillerie.dz\/fr\/#organization"},"potentialAction":[{"@type":"SearchAction","target":{"@type":"EntryPoint","urlTemplate":"https:\/\/dekkal-quincaillerie.dz\/fr\/?s={search_term_string}"},"query-input":{"@type":"PropertyValueSpecification","valueRequired":true,"valueName":"search_term_string"}}],"inLanguage":"fr-FR"},{"@type":"Organization","@id":"https:\/\/dekkal-quincaillerie.dz\/fr\/#organization","name":"DEKKAL QUINCAILLERIE","url":"https:\/\/dekkal-quincaillerie.dz\/fr\/","logo":{"@type":"ImageObject","inLanguage":"fr-FR","@id":"https:\/\/dekkal-quincaillerie.dz\/fr\/#\/schema\/logo\/image\/","url":"https:\/\/dekkal-quincaillerie.dz\/fr\/wp-content\/uploads\/2022\/03\/image_2022-03-19_172411.png","contentUrl":"https:\/\/dekkal-quincaillerie.dz\/fr\/wp-content\/uploads\/2022\/03\/image_2022-03-19_172411.png","width":851,"height":315,"caption":"DEKKAL QUINCAILLERIE"},"image":{"@id":"https:\/\/dekkal-quincaillerie.dz\/fr\/#\/schema\/logo\/image\/"},"sameAs":["https:\/\/www.facebook.com\/ets.dekkal.1","https:\/\/www.instagram.com\/ets.dekkal\/"]}]}},"jetpack_publicize_connections":[],"jetpack-related-posts":[{"id":5553,"url":"https:\/\/dekkal-quincaillerie.dz\/fr\/produit\/poste-a-souder-portatif-wa-300-soficlef\/","url_meta":{"origin":5367,"position":0},"title":"Poste \u00e0 souder portatif WA-300 SOFICLEF","author":"admin","date":"mars 19, 2022","format":false,"excerpt":"Poste \u00e0 souder portatif WA-300 SOFICLEF Caract\u00e9ristiques : Puissance : 7.3 KVA Tension : 220 V Intensit\u00e9 de soudage : 300 A Diam\u00e8tre de l\u2019\u00e9lectrode de soudure : 1.6 - 5.0 MM Fr\u00e9quence : 50 HZ Facteur de marche : 60 % Poids : 5.5 KG Accessoires inclus:\u00a0 1 PCS\u2026","rel":"","context":"Article similaire","block_context":{"text":"Article similaire","link":""},"img":{"alt_text":"","src":"https:\/\/dekkal-quincaillerie.dz\/fr\/wp-content\/uploads\/2022\/03\/Poste-a-souder-WA-300-Portatif-Soficlef-Dekkal-Quincaillerie-Tizi-Ouzou.avif","width":350,"height":200},"classes":[]},{"id":5493,"url":"https:\/\/dekkal-quincaillerie.dz\/fr\/produit\/poste-a-souder-portatif-k130-fimer\/","url_meta":{"origin":5367,"position":1},"title":"Poste \u00e0 souder portatif K130 FIMER","author":"admin","date":"mars 19, 2022","format":false,"excerpt":"Poste \u00e0 souder portatif K130 FIMER FIMER K130 Kit fer \u00e0 souder INVENTER MMA R\u00e9f\u00e9rence.: 160715232 Electrode 100 avec un kit c\u00e2bles masque brosse valise porte Kit. 20 - 130 A \/ 1.3 KVA \/ 220 V \/ 1.5 - 3.25 MM","rel":"","context":"Article similaire","block_context":{"text":"Article similaire","link":""},"img":{"alt_text":"","src":"https:\/\/dekkal-quincaillerie.dz\/fr\/wp-content\/uploads\/2022\/03\/K130.avif","width":350,"height":200},"classes":[]},{"id":7727,"url":"https:\/\/dekkal-quincaillerie.dz\/fr\/produit\/pistolet-a-souder-portatif-ct33188-bmc-crown\/","url_meta":{"origin":5367,"position":2},"title":"PISTOLET A SOUDER PORTATIF CT33188-BMC CROWN","author":"dekkal","date":"avril 13, 2024","format":false,"excerpt":"PISTOLET A SOUDER PORTATIF CT33188-BMC CROWN \u00a0 Le PISTOLET A SOUDER PORTATIF CT33188-BMC CROWN, est un \u00e9quipement de soudage \u00e0 l'arc manuel (MMA, \u00e9galement appel\u00e9 soudage \u00e0 l'\u00e9lectrode enrob\u00e9e). Il est con\u00e7u pour souder des mat\u00e9riaux m\u00e9talliques en utilisant une \u00e9lectrode enrob\u00e9e comme source de m\u00e9tal d'apport. Il est compatible\u2026","rel":"","context":"Article similaire","block_context":{"text":"Article similaire","link":""},"img":{"alt_text":"","src":"https:\/\/dekkal-quincaillerie.dz\/fr\/wp-content\/uploads\/2024\/04\/pistolet-a-souder-portatif-mma-160-2-32mm-avec-valise-crown-1-1.avif","width":350,"height":200,"srcset":"https:\/\/dekkal-quincaillerie.dz\/fr\/wp-content\/uploads\/2024\/04\/pistolet-a-souder-portatif-mma-160-2-32mm-avec-valise-crown-1-1.avif 1x, https:\/\/dekkal-quincaillerie.dz\/fr\/wp-content\/uploads\/2024\/04\/pistolet-a-souder-portatif-mma-160-2-32mm-avec-valise-crown-1-1.avif 1.5x, https:\/\/dekkal-quincaillerie.dz\/fr\/wp-content\/uploads\/2024\/04\/pistolet-a-souder-portatif-mma-160-2-32mm-avec-valise-crown-1-1.avif 2x, https:\/\/dekkal-quincaillerie.dz\/fr\/wp-content\/uploads\/2024\/04\/pistolet-a-souder-portatif-mma-160-2-32mm-avec-valise-crown-1-1.avif 3x"},"classes":[]},{"id":7923,"url":"https:\/\/dekkal-quincaillerie.dz\/fr\/produit\/poste-a-souder-portatif-150a-220v-ct33102-imc-crown\/","url_meta":{"origin":5367,"position":3},"title":"POSTE A SOUDER PORTATIF 150A 220V CT33102 IMC CROWN","author":"webmaster","date":"janvier 7, 2024","format":false,"excerpt":"POSTE A SOUDER PORTATIF 150A 220V CT33102 IMC CROWN \u00a0 Le POSTE A SOUDER PORTATIF 150A 220V CT33102 IMC CROWN est utilis\u00e9 dans une technologie d'onduleur pour fournir une alimentation \u00e9lectrique stable et efficace pour le soudage. Le POSTE A SOUDER PORTATIF 150A 220V CT33102 IMC CROWN se carat\u00e9rise par:\u2026","rel":"","context":"Article similaire","block_context":{"text":"Article similaire","link":""},"img":{"alt_text":"POSTE A SOUDER PORTATIF 150A 220V CT33102 IMC CROWN","src":"https:\/\/dekkal-quincaillerie.dz\/fr\/wp-content\/uploads\/2023\/12\/CT33102.avif","width":350,"height":200,"srcset":"https:\/\/dekkal-quincaillerie.dz\/fr\/wp-content\/uploads\/2023\/12\/CT33102.avif 1x, https:\/\/dekkal-quincaillerie.dz\/fr\/wp-content\/uploads\/2023\/12\/CT33102.avif 1.5x"},"classes":[]},{"id":6754,"url":"https:\/\/dekkal-quincaillerie.dz\/fr\/produit\/poste-a-souder-portatif-5-3kva-220v-noir-wa-200-soficlef\/","url_meta":{"origin":5367,"position":4},"title":"POSTE A SOUDER PORTATIF 5.3KVA 220V NOIR WA-200 SOFICLEF","author":"webmaster","date":"d\u00e9cembre 27, 2022","format":false,"excerpt":"Fiche technique: Tension: 230V Fr\u00e9quence: 50Hz Puissance: 5.3 kVA Intensit\u00e9 de soudage: 200 A Diam\u00e8tre d'\u00e9lectrode: 1.6-4.0 mm Facteur de marche: 60% poids: 3.2 Kg","rel":"","context":"Article similaire","block_context":{"text":"Article similaire","link":""},"img":{"alt_text":"","src":"https:\/\/dekkal-quincaillerie.dz\/fr\/wp-content\/uploads\/2022\/12\/PhotoRoom-20221227_1118521.avif","width":350,"height":200,"srcset":"https:\/\/dekkal-quincaillerie.dz\/fr\/wp-content\/uploads\/2022\/12\/PhotoRoom-20221227_1118521.avif 1x, https:\/\/dekkal-quincaillerie.dz\/fr\/wp-content\/uploads\/2022\/12\/PhotoRoom-20221227_1118521.avif 1.5x, https:\/\/dekkal-quincaillerie.dz\/fr\/wp-content\/uploads\/2022\/12\/PhotoRoom-20221227_1118521.avif 2x"},"classes":[]},{"id":6756,"url":"https:\/\/dekkal-quincaillerie.dz\/fr\/produit\/poste-a-souder-portatif-6-3kva-230v-wa-250-soficlef\/","url_meta":{"origin":5367,"position":5},"title":"POSTE A SOUDER PORTATIF 6.3KVA 230V WA-250 SOFICLEF","author":"webmaster","date":"d\u00e9cembre 27, 2022","format":false,"excerpt":"Fiche technique: Tension : 230 V Fr\u00e9quence : 50 Hz Puissance : 6.3 kVA Intensit\u00e9 de soudage : 250 A Diam\u00e8tre d\u2019\u00e9lectrode : 1.6 \u2013 4.0mm Facteur de marche : 60% Poids : 5.2 Kg L\u00e9ger, compact Protection contre les surcharges thermiques","rel":"","context":"Article similaire","block_context":{"text":"Article similaire","link":""},"img":{"alt_text":"","src":"https:\/\/dekkal-quincaillerie.dz\/fr\/wp-content\/uploads\/2022\/12\/PhotoRoom-20221227_1146151.avif","width":350,"height":200,"srcset":"https:\/\/dekkal-quincaillerie.dz\/fr\/wp-content\/uploads\/2022\/12\/PhotoRoom-20221227_1146151.avif 1x, https:\/\/dekkal-quincaillerie.dz\/fr\/wp-content\/uploads\/2022\/12\/PhotoRoom-20221227_1146151.avif 1.5x, https:\/\/dekkal-quincaillerie.dz\/fr\/wp-content\/uploads\/2022\/12\/PhotoRoom-20221227_1146151.avif 2x"},"classes":[]}],"jetpack_likes_enabled":true,"jetpack_sharing_enabled":true,"_links":{"self":[{"href":"https:\/\/dekkal-quincaillerie.dz\/fr\/wp-json\/wp\/v2\/product\/5367","targetHints":{"allow":["GET"]}}],"collection":[{"href":"https:\/\/dekkal-quincaillerie.dz\/fr\/wp-json\/wp\/v2\/product"}],"about":[{"href":"https:\/\/dekkal-quincaillerie.dz\/fr\/wp-json\/wp\/v2\/types\/product"}],"wp:featuredmedia":[{"embeddable":true,"href":"https:\/\/dekkal-quincaillerie.dz\/fr\/wp-json\/wp\/v2\/media\/7722"}],"wp:attachment":[{"href":"https:\/\/dekkal-quincaillerie.dz\/fr\/wp-json\/wp\/v2\/media?parent=5367"}],"wp:term":[{"taxonomy":"product_brand","embeddable":true,"href":"https:\/\/dekkal-quincaillerie.dz\/fr\/wp-json\/wp\/v2\/product_brand?post=5367"},{"taxonomy":"product_cat","embeddable":true,"href":"https:\/\/dekkal-quincaillerie.dz\/fr\/wp-json\/wp\/v2\/product_cat?post=5367"},{"taxonomy":"product_tag","embeddable":true,"href":"https:\/\/dekkal-quincaillerie.dz\/fr\/wp-json\/wp\/v2\/product_tag?post=5367"}],"curies":[{"name":"wp","href":"https:\/\/api.w.org\/{rel}","templated":true}]}}