{"id":5331,"date":"2022-03-19T19:18:08","date_gmt":"2022-03-19T19:18:08","guid":{"rendered":"https:\/\/dekkal-quincaillerie.dz\/fr\/index.php\/produit\/robinet-gaz-de-ville-o-16-energical\/"},"modified":"2025-03-22T07:16:46","modified_gmt":"2025-03-22T07:16:46","slug":"robinet-gaz-de-ville-o-16-energical","status":"publish","type":"product","link":"https:\/\/dekkal-quincaillerie.dz\/fr\/produit\/robinet-gaz-de-ville-o-16-energical\/","title":{"rendered":"Robinet gaz de ville \u00d8 16 ENERGICAL"},"content":{"rendered":"<h3>Robinet gaz de ville \u00d8 16 ENERGICAL<\/h3>\n<p>Robinet de compteur gaz \u00d816 ENERGICAL, pour raccordement compteur de gaz.<\/p>\n","protected":false},"excerpt":{"rendered":"<p>Robinet gaz de ville \u00d8 16 ENERGICAL Robinet de compteur gaz \u00d816 ENERGICAL, pour raccordement compteur de gaz.<\/p>\n","protected":false},"featured_media":5332,"template":"","meta":{"jetpack_post_was_ever_published":false,"jetpack_publicize_message":"","jetpack_publicize_feature_enabled":true,"jetpack_social_post_already_shared":false,"jetpack_social_options":{"image_generator_settings":{"template":"highway","default_image_id":0,"font":"","enabled":false},"version":2}},"product_brand":[],"product_cat":[251],"product_tag":[893,891,260,869],"class_list":{"0":"post-5331","1":"product","2":"type-product","3":"status-publish","4":"has-post-thumbnail","6":"product_cat-plomberie","7":"product_tag-energical","8":"product_tag-gaz","9":"product_tag-o","10":"product_tag-robinet","12":"first","13":"instock","14":"purchasable","15":"product-type-simple"},"yoast_head":"<!-- This site is optimized with the Yoast SEO Premium plugin v20.0 (Yoast SEO v27.3) - https:\/\/yoast.com\/product\/yoast-seo-premium-wordpress\/ -->\n<title>Robinet gaz de ville \u00d8 16 ENERGICAL - DEKKAL<\/title>\n<meta name=\"robots\" content=\"index, follow, max-snippet:-1, max-image-preview:large, max-video-preview:-1\" \/>\n<link rel=\"canonical\" href=\"https:\/\/dekkal-quincaillerie.dz\/fr\/produit\/robinet-gaz-de-ville-o-16-energical\/\" \/>\n<script type=\"application\/ld+json\" class=\"yoast-schema-graph\">{\"@context\":\"https:\\\/\\\/schema.org\",\"@graph\":[{\"@type\":\"WebPage\",\"@id\":\"https:\\\/\\\/dekkal-quincaillerie.dz\\\/fr\\\/produit\\\/robinet-gaz-de-ville-o-16-energical\\\/\",\"url\":\"https:\\\/\\\/dekkal-quincaillerie.dz\\\/fr\\\/produit\\\/robinet-gaz-de-ville-o-16-energical\\\/\",\"name\":\"Robinet gaz de ville \u00d8 16 ENERGICAL - DEKKAL\",\"isPartOf\":{\"@id\":\"https:\\\/\\\/dekkal-quincaillerie.dz\\\/fr\\\/#website\"},\"primaryImageOfPage\":{\"@id\":\"https:\\\/\\\/dekkal-quincaillerie.dz\\\/fr\\\/produit\\\/robinet-gaz-de-ville-o-16-energical\\\/#primaryimage\"},\"image\":{\"@id\":\"https:\\\/\\\/dekkal-quincaillerie.dz\\\/fr\\\/produit\\\/robinet-gaz-de-ville-o-16-energical\\\/#primaryimage\"},\"thumbnailUrl\":\"https:\\\/\\\/dekkal-quincaillerie.dz\\\/fr\\\/wp-content\\\/uploads\\\/2022\\\/03\\\/PhotoRoom_20210621_114200.avif\",\"datePublished\":\"2022-03-19T19:18:08+00:00\",\"dateModified\":\"2025-03-22T07:16:46+00:00\",\"breadcrumb\":{\"@id\":\"https:\\\/\\\/dekkal-quincaillerie.dz\\\/fr\\\/produit\\\/robinet-gaz-de-ville-o-16-energical\\\/#breadcrumb\"},\"inLanguage\":\"fr-FR\",\"potentialAction\":[{\"@type\":\"ReadAction\",\"target\":[\"https:\\\/\\\/dekkal-quincaillerie.dz\\\/fr\\\/produit\\\/robinet-gaz-de-ville-o-16-energical\\\/\"]}]},{\"@type\":\"ImageObject\",\"inLanguage\":\"fr-FR\",\"@id\":\"https:\\\/\\\/dekkal-quincaillerie.dz\\\/fr\\\/produit\\\/robinet-gaz-de-ville-o-16-energical\\\/#primaryimage\",\"url\":\"https:\\\/\\\/dekkal-quincaillerie.dz\\\/fr\\\/wp-content\\\/uploads\\\/2022\\\/03\\\/PhotoRoom_20210621_114200.avif\",\"contentUrl\":\"https:\\\/\\\/dekkal-quincaillerie.dz\\\/fr\\\/wp-content\\\/uploads\\\/2022\\\/03\\\/PhotoRoom_20210621_114200.avif\",\"width\":2400,\"height\":1800},{\"@type\":\"BreadcrumbList\",\"@id\":\"https:\\\/\\\/dekkal-quincaillerie.dz\\\/fr\\\/produit\\\/robinet-gaz-de-ville-o-16-energical\\\/#breadcrumb\",\"itemListElement\":[{\"@type\":\"ListItem\",\"position\":1,\"name\":\"Accueil\",\"item\":\"https:\\\/\\\/dekkal-quincaillerie.dz\\\/fr\\\/\"},{\"@type\":\"ListItem\",\"position\":2,\"name\":\"Boutique\",\"item\":\"https:\\\/\\\/dekkal-quincaillerie.dz\\\/fr\\\/boutique\\\/\"},{\"@type\":\"ListItem\",\"position\":3,\"name\":\"Robinet gaz de ville \u00d8 16 ENERGICAL\"}]},{\"@type\":\"WebSite\",\"@id\":\"https:\\\/\\\/dekkal-quincaillerie.dz\\\/fr\\\/#website\",\"url\":\"https:\\\/\\\/dekkal-quincaillerie.dz\\\/fr\\\/\",\"name\":\"DEKKAL\",\"description\":\"\",\"publisher\":{\"@id\":\"https:\\\/\\\/dekkal-quincaillerie.dz\\\/fr\\\/#organization\"},\"potentialAction\":[{\"@type\":\"SearchAction\",\"target\":{\"@type\":\"EntryPoint\",\"urlTemplate\":\"https:\\\/\\\/dekkal-quincaillerie.dz\\\/fr\\\/?s={search_term_string}\"},\"query-input\":{\"@type\":\"PropertyValueSpecification\",\"valueRequired\":true,\"valueName\":\"search_term_string\"}}],\"inLanguage\":\"fr-FR\"},{\"@type\":\"Organization\",\"@id\":\"https:\\\/\\\/dekkal-quincaillerie.dz\\\/fr\\\/#organization\",\"name\":\"DEKKAL QUINCAILLERIE\",\"url\":\"https:\\\/\\\/dekkal-quincaillerie.dz\\\/fr\\\/\",\"logo\":{\"@type\":\"ImageObject\",\"inLanguage\":\"fr-FR\",\"@id\":\"https:\\\/\\\/dekkal-quincaillerie.dz\\\/fr\\\/#\\\/schema\\\/logo\\\/image\\\/\",\"url\":\"https:\\\/\\\/dekkal-quincaillerie.dz\\\/fr\\\/wp-content\\\/uploads\\\/2022\\\/03\\\/image_2022-03-19_172411.png\",\"contentUrl\":\"https:\\\/\\\/dekkal-quincaillerie.dz\\\/fr\\\/wp-content\\\/uploads\\\/2022\\\/03\\\/image_2022-03-19_172411.png\",\"width\":851,\"height\":315,\"caption\":\"DEKKAL QUINCAILLERIE\"},\"image\":{\"@id\":\"https:\\\/\\\/dekkal-quincaillerie.dz\\\/fr\\\/#\\\/schema\\\/logo\\\/image\\\/\"},\"sameAs\":[\"https:\\\/\\\/www.facebook.com\\\/ets.dekkal.1\",\"https:\\\/\\\/www.instagram.com\\\/ets.dekkal\\\/\"]}]}<\/script>\n<!-- \/ Yoast SEO Premium plugin. -->","yoast_head_json":{"title":"Robinet gaz de ville \u00d8 16 ENERGICAL - DEKKAL","robots":{"index":"index","follow":"follow","max-snippet":"max-snippet:-1","max-image-preview":"max-image-preview:large","max-video-preview":"max-video-preview:-1"},"canonical":"https:\/\/dekkal-quincaillerie.dz\/fr\/produit\/robinet-gaz-de-ville-o-16-energical\/","schema":{"@context":"https:\/\/schema.org","@graph":[{"@type":"WebPage","@id":"https:\/\/dekkal-quincaillerie.dz\/fr\/produit\/robinet-gaz-de-ville-o-16-energical\/","url":"https:\/\/dekkal-quincaillerie.dz\/fr\/produit\/robinet-gaz-de-ville-o-16-energical\/","name":"Robinet gaz de ville \u00d8 16 ENERGICAL - DEKKAL","isPartOf":{"@id":"https:\/\/dekkal-quincaillerie.dz\/fr\/#website"},"primaryImageOfPage":{"@id":"https:\/\/dekkal-quincaillerie.dz\/fr\/produit\/robinet-gaz-de-ville-o-16-energical\/#primaryimage"},"image":{"@id":"https:\/\/dekkal-quincaillerie.dz\/fr\/produit\/robinet-gaz-de-ville-o-16-energical\/#primaryimage"},"thumbnailUrl":"https:\/\/dekkal-quincaillerie.dz\/fr\/wp-content\/uploads\/2022\/03\/PhotoRoom_20210621_114200.avif","datePublished":"2022-03-19T19:18:08+00:00","dateModified":"2025-03-22T07:16:46+00:00","breadcrumb":{"@id":"https:\/\/dekkal-quincaillerie.dz\/fr\/produit\/robinet-gaz-de-ville-o-16-energical\/#breadcrumb"},"inLanguage":"fr-FR","potentialAction":[{"@type":"ReadAction","target":["https:\/\/dekkal-quincaillerie.dz\/fr\/produit\/robinet-gaz-de-ville-o-16-energical\/"]}]},{"@type":"ImageObject","inLanguage":"fr-FR","@id":"https:\/\/dekkal-quincaillerie.dz\/fr\/produit\/robinet-gaz-de-ville-o-16-energical\/#primaryimage","url":"https:\/\/dekkal-quincaillerie.dz\/fr\/wp-content\/uploads\/2022\/03\/PhotoRoom_20210621_114200.avif","contentUrl":"https:\/\/dekkal-quincaillerie.dz\/fr\/wp-content\/uploads\/2022\/03\/PhotoRoom_20210621_114200.avif","width":2400,"height":1800},{"@type":"BreadcrumbList","@id":"https:\/\/dekkal-quincaillerie.dz\/fr\/produit\/robinet-gaz-de-ville-o-16-energical\/#breadcrumb","itemListElement":[{"@type":"ListItem","position":1,"name":"Accueil","item":"https:\/\/dekkal-quincaillerie.dz\/fr\/"},{"@type":"ListItem","position":2,"name":"Boutique","item":"https:\/\/dekkal-quincaillerie.dz\/fr\/boutique\/"},{"@type":"ListItem","position":3,"name":"Robinet gaz de ville \u00d8 16 ENERGICAL"}]},{"@type":"WebSite","@id":"https:\/\/dekkal-quincaillerie.dz\/fr\/#website","url":"https:\/\/dekkal-quincaillerie.dz\/fr\/","name":"DEKKAL","description":"","publisher":{"@id":"https:\/\/dekkal-quincaillerie.dz\/fr\/#organization"},"potentialAction":[{"@type":"SearchAction","target":{"@type":"EntryPoint","urlTemplate":"https:\/\/dekkal-quincaillerie.dz\/fr\/?s={search_term_string}"},"query-input":{"@type":"PropertyValueSpecification","valueRequired":true,"valueName":"search_term_string"}}],"inLanguage":"fr-FR"},{"@type":"Organization","@id":"https:\/\/dekkal-quincaillerie.dz\/fr\/#organization","name":"DEKKAL QUINCAILLERIE","url":"https:\/\/dekkal-quincaillerie.dz\/fr\/","logo":{"@type":"ImageObject","inLanguage":"fr-FR","@id":"https:\/\/dekkal-quincaillerie.dz\/fr\/#\/schema\/logo\/image\/","url":"https:\/\/dekkal-quincaillerie.dz\/fr\/wp-content\/uploads\/2022\/03\/image_2022-03-19_172411.png","contentUrl":"https:\/\/dekkal-quincaillerie.dz\/fr\/wp-content\/uploads\/2022\/03\/image_2022-03-19_172411.png","width":851,"height":315,"caption":"DEKKAL QUINCAILLERIE"},"image":{"@id":"https:\/\/dekkal-quincaillerie.dz\/fr\/#\/schema\/logo\/image\/"},"sameAs":["https:\/\/www.facebook.com\/ets.dekkal.1","https:\/\/www.instagram.com\/ets.dekkal\/"]}]}},"jetpack_publicize_connections":[],"jetpack-related-posts":[{"id":8814,"url":"https:\/\/dekkal-quincaillerie.dz\/fr\/produit\/chauffe-bain-5-litres-gaz-naturel-jsd10-5p1\/","url_meta":{"origin":5331,"position":0},"title":"CHAUFFE BAIN 5 LITRES GAZ NATUREL JSD10-5P1","author":"webmaster","date":"juillet 22, 2024","format":false,"excerpt":"CHAUFFE BAIN 5 LITRES GAZ NATUREL JSD10-5P1 CHAUFFE BAIN 5 LITRES GAZ NATUREL JSD10-5P1 est un appareil performant qui allie puissance et efficacit\u00e9. Sa conception ergonomique garantit une utilisation confortable et s\u00e9curis\u00e9e. Voici quelques caract\u00e9ristiques essentielles \u00e0 mettre en avant : Capacit\u00e9 de 5 litres\u00a0: Id\u00e9al pour les petites familles\u2026","rel":"","context":"Article similaire","block_context":{"text":"Article similaire","link":""},"img":{"alt_text":"","src":"https:\/\/dekkal-quincaillerie.dz\/fr\/wp-content\/uploads\/2024\/07\/5L-1.avif","width":350,"height":200},"classes":[]},{"id":13349,"url":"https:\/\/dekkal-quincaillerie.dz\/fr\/produit\/tendeur-gaz-butane-naftal\/","url_meta":{"origin":5331,"position":1},"title":"TENDEUR GAZ BUTANE NAFTAL","author":"webmaster","date":"ao\u00fbt 21, 2025","format":false,"excerpt":"\u00a0 \u00a0 \u00a0 \u00a0 \u00a0 \u00a0 \u00a0 \u00a0 \u00a0 \u00a0 \u00a0 \u00a0 \u00a0 \u00a0 \u00a0 \u00a0 \u00a0 \u00a0 \u00a0 \u00a0 \u00a0 \u00a0 \u00a0 \u00a0 \u00a0 \u00a0 \u00a0Tendeur Gaz Butane NFTAL Le tendeur gaz butane Naftal est un accessoire essentiel pour assurer la connexion s\u00e9curis\u00e9e entre la bouteille de gaz butane\u2026","rel":"","context":"Article similaire","block_context":{"text":"Article similaire","link":""},"img":{"alt_text":"Trouvez le tendeur gaz butane NAFTAL id\u00e9al pour s\u00e9curiser votre bouteille de gaz. Fiable, simple \u00e0 installer, et conforme aux normes de s\u00e9curit\u00e9 en vigueur","src":"https:\/\/dekkal-quincaillerie.dz\/fr\/wp-content\/uploads\/2025\/08\/1000039254.avif","width":350,"height":200},"classes":[]},{"id":8818,"url":"https:\/\/dekkal-quincaillerie.dz\/fr\/produit\/chauffe-bain-10-litres-gaz-naturel-jsd20-10p1\/","url_meta":{"origin":5331,"position":2},"title":"CHAUFFE BAIN 10 LITRES GAZ NATUREL JSD20-10P1","author":"webmaster","date":"juillet 22, 2024","format":false,"excerpt":"CHAUFFE BAIN 10 LITRES GAZ NATUREL JSD20-10P1 \u00a0 CHAUFFE BAIN 10 LITRES GAZ NATUREL JSD20-10P1 est un appareil puissant con\u00e7u pour fournir de l\u2019eau chaude instantan\u00e9e. Son design ergonomique, sa poign\u00e9e antid\u00e9rapante et sa capacit\u00e9 de 10 litres en font un choix id\u00e9al pour les foyers et les petites entreprises.\u2026","rel":"","context":"Article similaire","block_context":{"text":"Article similaire","link":""},"img":{"alt_text":"","src":"https:\/\/dekkal-quincaillerie.dz\/fr\/wp-content\/uploads\/2024\/07\/10L.avif","width":350,"height":200},"classes":[]},{"id":5293,"url":"https:\/\/dekkal-quincaillerie.dz\/fr\/produit\/robinet-de-jardin-o-15-21-tete-bleue-bmp\/","url_meta":{"origin":5331,"position":3},"title":"Robinet de jardin \u00d8 15\/21 t\u00eate bleue BMP","author":"admin","date":"mars 19, 2022","format":false,"excerpt":"Robinet de jardin \u00d8 15\/21 t\u00eate bleue BMP","rel":"","context":"Article similaire","block_context":{"text":"Article similaire","link":""},"img":{"alt_text":"","src":"https:\/\/dekkal-quincaillerie.dz\/fr\/wp-content\/uploads\/2022\/03\/PhotoRoom-20210620_110322.avif","width":350,"height":200,"srcset":"https:\/\/dekkal-quincaillerie.dz\/fr\/wp-content\/uploads\/2022\/03\/PhotoRoom-20210620_110322.avif 1x, https:\/\/dekkal-quincaillerie.dz\/fr\/wp-content\/uploads\/2022\/03\/PhotoRoom-20210620_110322.avif 1.5x, https:\/\/dekkal-quincaillerie.dz\/fr\/wp-content\/uploads\/2022\/03\/PhotoRoom-20210620_110322.avif 2x, https:\/\/dekkal-quincaillerie.dz\/fr\/wp-content\/uploads\/2022\/03\/PhotoRoom-20210620_110322.avif 3x, https:\/\/dekkal-quincaillerie.dz\/fr\/wp-content\/uploads\/2022\/03\/PhotoRoom-20210620_110322.avif 4x"},"classes":[]},{"id":11457,"url":"https:\/\/dekkal-quincaillerie.dz\/fr\/produit\/detendeur-gaz-de-ville-b6-erg-s6m3-h-i-m-a-industr\/","url_meta":{"origin":5331,"position":4},"title":"DETENDEUR GAZ DE VILLE B6 ERG-S6M3\/H I.M.A INDUSTR","author":"webmaster","date":"mai 12, 2025","format":false,"excerpt":"Pour une Alimentation en Gaz S\u00e9curis\u00e9e et Performante : Optez pour le D\u00e9tendeur B6 I.M.A INDUSTR ! Vous recherchez un d\u00e9tendeur de gaz de ville capable de fournir un d\u00e9bit constant et s\u00e9curis\u00e9 pour vos applications les plus exigeantes ? Alors, laissez-vous convaincre par la robustesse et la technologie avanc\u00e9e\u2026","rel":"","context":"Article similaire","block_context":{"text":"Article similaire","link":""},"img":{"alt_text":"d\u00e9tendeur gaz de ville B6","src":"https:\/\/dekkal-quincaillerie.dz\/fr\/wp-content\/uploads\/2025\/05\/1000028907.avif","width":350,"height":200},"classes":[]},{"id":13352,"url":"https:\/\/dekkal-quincaillerie.dz\/fr\/produit\/jeu-raccords-tuyau-arrosage-3pcs-total\/","url_meta":{"origin":5331,"position":5},"title":"JEU DE RACCORDS TUYAU D&rsquo;ARROSAGE 3PCS 15\/21 THW5030301 TOTAL","author":"webmaster","date":"ao\u00fbt 21, 2025","format":false,"excerpt":"Jeu de Raccords Tuyau d\u2019Arrosage 3 Pi\u00e8ces \u2013 TOTAL THW5030301 Optimisez votre syst\u00e8me d\u2019arrosage avec ce jeu de raccords 3 pi\u00e8ces TOTAL THW5030301, con\u00e7u pour une connexion rapide, \u00e9tanche et sans effort de vos tuyaux d\u2019arrosage standards. Caract\u00e9ristiques : Compatibilit\u00e9 : pour tuyaux de diam\u00e8tre standard 15\/21 mm (1\/2\u201d) Composition\u2026","rel":"","context":"Article similaire","block_context":{"text":"Article similaire","link":""},"img":{"alt_text":"Jeu de raccords tuyau d\u2019arrosage 3 pi\u00e8ces TOTAL THW5030301 \u2013 Compatible 15\/21 mm, avec raccord stop, nez de robinet et raccord rapide.","src":"https:\/\/dekkal-quincaillerie.dz\/fr\/wp-content\/uploads\/2025\/08\/1000039223.avif","width":350,"height":200},"classes":[]}],"jetpack_likes_enabled":true,"jetpack_sharing_enabled":true,"_links":{"self":[{"href":"https:\/\/dekkal-quincaillerie.dz\/fr\/wp-json\/wp\/v2\/product\/5331","targetHints":{"allow":["GET"]}}],"collection":[{"href":"https:\/\/dekkal-quincaillerie.dz\/fr\/wp-json\/wp\/v2\/product"}],"about":[{"href":"https:\/\/dekkal-quincaillerie.dz\/fr\/wp-json\/wp\/v2\/types\/product"}],"wp:featuredmedia":[{"embeddable":true,"href":"https:\/\/dekkal-quincaillerie.dz\/fr\/wp-json\/wp\/v2\/media\/5332"}],"wp:attachment":[{"href":"https:\/\/dekkal-quincaillerie.dz\/fr\/wp-json\/wp\/v2\/media?parent=5331"}],"wp:term":[{"taxonomy":"product_brand","embeddable":true,"href":"https:\/\/dekkal-quincaillerie.dz\/fr\/wp-json\/wp\/v2\/product_brand?post=5331"},{"taxonomy":"product_cat","embeddable":true,"href":"https:\/\/dekkal-quincaillerie.dz\/fr\/wp-json\/wp\/v2\/product_cat?post=5331"},{"taxonomy":"product_tag","embeddable":true,"href":"https:\/\/dekkal-quincaillerie.dz\/fr\/wp-json\/wp\/v2\/product_tag?post=5331"}],"curies":[{"name":"wp","href":"https:\/\/api.w.org\/{rel}","templated":true}]}}