{"id":5208,"date":"2022-03-19T19:14:05","date_gmt":"2022-03-19T19:14:05","guid":{"rendered":"https:\/\/dekkal-quincaillerie.dz\/fr\/index.php\/produit\/multimetre-analogique-3030-10-hioki\/"},"modified":"2025-09-14T14:57:23","modified_gmt":"2025-09-14T14:57:23","slug":"multimetre-analogique-3030-10-hioki","status":"publish","type":"product","link":"https:\/\/dekkal-quincaillerie.dz\/fr\/produit\/multimetre-analogique-3030-10-hioki\/","title":{"rendered":"Multim\u00e8tre analogique 3030-10 HIOKI"},"content":{"rendered":"<h3>Multim\u00e8tre analogique 3030-10 HIOKI<\/h3>\n<h4>Caract\u00e9ristiques:<\/h4>\n<table class=\"table_detail01\" cellspacing=\"0\" cellpadding=\"0\">\n<colgroup>\n<col width=\"18%\" \/>\n<col width=\"82%\" \/><\/colgroup>\n<tbody>\n<tr>\n<th>Plage de tension continue<\/th>\n<td>0,3 V (16,7 k\u03a9\/V), 3\/12\/30\/120\/300\/600 V (20 k\u03a9\/V)<br \/>\nPr\u00e9cision : \u00b12,5 % FS Max. tension nominale : 600 V<\/td>\n<\/tr>\n<tr>\n<th>Plage de tension alternative<\/th>\n<td>12 V (9 k\u03a9\/V) Pr\u00e9cision : \u00b14 % FS<br \/>\n30\/120\/300\/600 V (9 k\u03a9\/V) Pr\u00e9cision : \u00b12,5 % FS<br \/>\nValeur efficace moyenne du redresseur, Max.\u00a0tension nominale : 600 V<\/td>\n<\/tr>\n<tr>\n<th>Plage de courant continu<\/th>\n<td>60 \u00b5A\/30 M\/300 mA (chute de tension interne 300 MV)<br \/>\nPr\u00e9cision : \u00b13 % FS<\/td>\n<\/tr>\n<tr>\n<th>Plage de r\u00e9sistance<\/th>\n<td>0 \u00e0 3 k\u03a9 (\u00e9chelle centrale 30 \u03a9), R \u00d7 1, R \u00d7 10, R \u00d7 100, R \u00d7 1 k<br \/>\nPr\u00e9cision : \u00b13 % de la longueur de l&rsquo;\u00e9chelle<\/td>\n<\/tr>\n<tr>\n<th>V\u00e9rification de la batterie<\/th>\n<td>0,9 \u00e0 1,8 V, r\u00e9sistance de charge 10 \u03a9, pr\u00e9cision : \u00b16 % FS<\/td>\n<\/tr>\n<tr>\n<th>\u00c9chelle de temp\u00e9rature<\/th>\n<td>Remarque : Le 3030-10 comprend une \u00e9chelle de mesure de la temp\u00e9rature, mais comme la sonde de temp\u00e9rature Thermister 9021-01 en option a \u00e9t\u00e9 abandonn\u00e9e, l&rsquo;\u00e9chelle n&rsquo;est pas disponible pour les nouveaux clients.<\/td>\n<\/tr>\n<tr>\n<th>Source de courant<\/th>\n<td>Pour la plage de mesure de r\u00e9sistance, R6P (AA) \u00d7 2 piles<\/td>\n<\/tr>\n<tr>\n<th>Dimensions et masse<\/th>\n<td>95 MM (3,74 pouces) L \u00d7 141 MM (5,55 pouces) H \u00d7 39 MM (1,54 pouces) P, 280 g (9,9 oz)<\/td>\n<\/tr>\n<tr>\n<th>Accessoires<\/th>\n<td>Cordon de test L9207-30 \u00d71, Fusible de rechange \u00d71, Piles au mangan\u00e8se R6P (AA) \u00d72, Mode d&#8217;emploi \u00d71, Mallette de transport 9390 \u00d71<\/td>\n<\/tr>\n<\/tbody>\n<\/table>\n","protected":false},"excerpt":{"rendered":"<p>Le Hioki 3030-10 est un multim\u00e8tre analogique qui mesure la tension, le courant et la r\u00e9sistance, avec une construction robuste qui r\u00e9siste \u00e0 une chute de 1 m\u00e8tre sur un sol en b\u00e9ton.<\/p>\n","protected":false},"featured_media":5209,"template":"","meta":{"jetpack_post_was_ever_published":false,"jetpack_publicize_message":"","jetpack_publicize_feature_enabled":true,"jetpack_social_post_already_shared":false,"jetpack_social_options":{"image_generator_settings":{"template":"highway","default_image_id":0,"font":"","enabled":false},"version":2}},"product_brand":[1094],"product_cat":[205],"product_tag":[835,837,827],"class_list":{"0":"post-5208","1":"product","2":"type-product","3":"status-publish","4":"has-post-thumbnail","6":"product_brand-einhell","7":"product_cat-electoportatif","8":"product_tag-analogique","9":"product_tag-hioki","10":"product_tag-multimetre","12":"first","13":"outofstock","14":"purchasable","15":"product-type-simple"},"yoast_head":"<!-- This site is optimized with the Yoast SEO Premium plugin v20.0 (Yoast SEO v27.3) - https:\/\/yoast.com\/product\/yoast-seo-premium-wordpress\/ -->\n<title>Multim\u00e8tre analogique 3030-10 HIOKI - DEKKAL<\/title>\n<meta name=\"robots\" content=\"index, follow, max-snippet:-1, max-image-preview:large, max-video-preview:-1\" \/>\n<link rel=\"canonical\" href=\"https:\/\/dekkal-quincaillerie.dz\/fr\/produit\/multimetre-analogique-3030-10-hioki\/\" \/>\n<script type=\"application\/ld+json\" class=\"yoast-schema-graph\">{\"@context\":\"https:\\\/\\\/schema.org\",\"@graph\":[{\"@type\":\"WebPage\",\"@id\":\"https:\\\/\\\/dekkal-quincaillerie.dz\\\/fr\\\/produit\\\/multimetre-analogique-3030-10-hioki\\\/\",\"url\":\"https:\\\/\\\/dekkal-quincaillerie.dz\\\/fr\\\/produit\\\/multimetre-analogique-3030-10-hioki\\\/\",\"name\":\"Multim\u00e8tre analogique 3030-10 HIOKI - DEKKAL\",\"isPartOf\":{\"@id\":\"https:\\\/\\\/dekkal-quincaillerie.dz\\\/fr\\\/#website\"},\"primaryImageOfPage\":{\"@id\":\"https:\\\/\\\/dekkal-quincaillerie.dz\\\/fr\\\/produit\\\/multimetre-analogique-3030-10-hioki\\\/#primaryimage\"},\"image\":{\"@id\":\"https:\\\/\\\/dekkal-quincaillerie.dz\\\/fr\\\/produit\\\/multimetre-analogique-3030-10-hioki\\\/#primaryimage\"},\"thumbnailUrl\":\"https:\\\/\\\/dekkal-quincaillerie.dz\\\/fr\\\/wp-content\\\/uploads\\\/2022\\\/03\\\/hioki-3030-10-hitester.avif\",\"datePublished\":\"2022-03-19T19:14:05+00:00\",\"dateModified\":\"2025-09-14T14:57:23+00:00\",\"breadcrumb\":{\"@id\":\"https:\\\/\\\/dekkal-quincaillerie.dz\\\/fr\\\/produit\\\/multimetre-analogique-3030-10-hioki\\\/#breadcrumb\"},\"inLanguage\":\"fr-FR\",\"potentialAction\":[{\"@type\":\"ReadAction\",\"target\":[\"https:\\\/\\\/dekkal-quincaillerie.dz\\\/fr\\\/produit\\\/multimetre-analogique-3030-10-hioki\\\/\"]}]},{\"@type\":\"ImageObject\",\"inLanguage\":\"fr-FR\",\"@id\":\"https:\\\/\\\/dekkal-quincaillerie.dz\\\/fr\\\/produit\\\/multimetre-analogique-3030-10-hioki\\\/#primaryimage\",\"url\":\"https:\\\/\\\/dekkal-quincaillerie.dz\\\/fr\\\/wp-content\\\/uploads\\\/2022\\\/03\\\/hioki-3030-10-hitester.avif\",\"contentUrl\":\"https:\\\/\\\/dekkal-quincaillerie.dz\\\/fr\\\/wp-content\\\/uploads\\\/2022\\\/03\\\/hioki-3030-10-hitester.avif\",\"width\":270,\"height\":325},{\"@type\":\"BreadcrumbList\",\"@id\":\"https:\\\/\\\/dekkal-quincaillerie.dz\\\/fr\\\/produit\\\/multimetre-analogique-3030-10-hioki\\\/#breadcrumb\",\"itemListElement\":[{\"@type\":\"ListItem\",\"position\":1,\"name\":\"Accueil\",\"item\":\"https:\\\/\\\/dekkal-quincaillerie.dz\\\/fr\\\/\"},{\"@type\":\"ListItem\",\"position\":2,\"name\":\"Boutique\",\"item\":\"https:\\\/\\\/dekkal-quincaillerie.dz\\\/fr\\\/boutique\\\/\"},{\"@type\":\"ListItem\",\"position\":3,\"name\":\"Multim\u00e8tre analogique 3030-10 HIOKI\"}]},{\"@type\":\"WebSite\",\"@id\":\"https:\\\/\\\/dekkal-quincaillerie.dz\\\/fr\\\/#website\",\"url\":\"https:\\\/\\\/dekkal-quincaillerie.dz\\\/fr\\\/\",\"name\":\"DEKKAL\",\"description\":\"\",\"publisher\":{\"@id\":\"https:\\\/\\\/dekkal-quincaillerie.dz\\\/fr\\\/#organization\"},\"potentialAction\":[{\"@type\":\"SearchAction\",\"target\":{\"@type\":\"EntryPoint\",\"urlTemplate\":\"https:\\\/\\\/dekkal-quincaillerie.dz\\\/fr\\\/?s={search_term_string}\"},\"query-input\":{\"@type\":\"PropertyValueSpecification\",\"valueRequired\":true,\"valueName\":\"search_term_string\"}}],\"inLanguage\":\"fr-FR\"},{\"@type\":\"Organization\",\"@id\":\"https:\\\/\\\/dekkal-quincaillerie.dz\\\/fr\\\/#organization\",\"name\":\"DEKKAL QUINCAILLERIE\",\"url\":\"https:\\\/\\\/dekkal-quincaillerie.dz\\\/fr\\\/\",\"logo\":{\"@type\":\"ImageObject\",\"inLanguage\":\"fr-FR\",\"@id\":\"https:\\\/\\\/dekkal-quincaillerie.dz\\\/fr\\\/#\\\/schema\\\/logo\\\/image\\\/\",\"url\":\"https:\\\/\\\/dekkal-quincaillerie.dz\\\/fr\\\/wp-content\\\/uploads\\\/2022\\\/03\\\/image_2022-03-19_172411.png\",\"contentUrl\":\"https:\\\/\\\/dekkal-quincaillerie.dz\\\/fr\\\/wp-content\\\/uploads\\\/2022\\\/03\\\/image_2022-03-19_172411.png\",\"width\":851,\"height\":315,\"caption\":\"DEKKAL QUINCAILLERIE\"},\"image\":{\"@id\":\"https:\\\/\\\/dekkal-quincaillerie.dz\\\/fr\\\/#\\\/schema\\\/logo\\\/image\\\/\"},\"sameAs\":[\"https:\\\/\\\/www.facebook.com\\\/ets.dekkal.1\",\"https:\\\/\\\/www.instagram.com\\\/ets.dekkal\\\/\"]}]}<\/script>\n<!-- \/ Yoast SEO Premium plugin. -->","yoast_head_json":{"title":"Multim\u00e8tre analogique 3030-10 HIOKI - DEKKAL","robots":{"index":"index","follow":"follow","max-snippet":"max-snippet:-1","max-image-preview":"max-image-preview:large","max-video-preview":"max-video-preview:-1"},"canonical":"https:\/\/dekkal-quincaillerie.dz\/fr\/produit\/multimetre-analogique-3030-10-hioki\/","schema":{"@context":"https:\/\/schema.org","@graph":[{"@type":"WebPage","@id":"https:\/\/dekkal-quincaillerie.dz\/fr\/produit\/multimetre-analogique-3030-10-hioki\/","url":"https:\/\/dekkal-quincaillerie.dz\/fr\/produit\/multimetre-analogique-3030-10-hioki\/","name":"Multim\u00e8tre analogique 3030-10 HIOKI - DEKKAL","isPartOf":{"@id":"https:\/\/dekkal-quincaillerie.dz\/fr\/#website"},"primaryImageOfPage":{"@id":"https:\/\/dekkal-quincaillerie.dz\/fr\/produit\/multimetre-analogique-3030-10-hioki\/#primaryimage"},"image":{"@id":"https:\/\/dekkal-quincaillerie.dz\/fr\/produit\/multimetre-analogique-3030-10-hioki\/#primaryimage"},"thumbnailUrl":"https:\/\/dekkal-quincaillerie.dz\/fr\/wp-content\/uploads\/2022\/03\/hioki-3030-10-hitester.avif","datePublished":"2022-03-19T19:14:05+00:00","dateModified":"2025-09-14T14:57:23+00:00","breadcrumb":{"@id":"https:\/\/dekkal-quincaillerie.dz\/fr\/produit\/multimetre-analogique-3030-10-hioki\/#breadcrumb"},"inLanguage":"fr-FR","potentialAction":[{"@type":"ReadAction","target":["https:\/\/dekkal-quincaillerie.dz\/fr\/produit\/multimetre-analogique-3030-10-hioki\/"]}]},{"@type":"ImageObject","inLanguage":"fr-FR","@id":"https:\/\/dekkal-quincaillerie.dz\/fr\/produit\/multimetre-analogique-3030-10-hioki\/#primaryimage","url":"https:\/\/dekkal-quincaillerie.dz\/fr\/wp-content\/uploads\/2022\/03\/hioki-3030-10-hitester.avif","contentUrl":"https:\/\/dekkal-quincaillerie.dz\/fr\/wp-content\/uploads\/2022\/03\/hioki-3030-10-hitester.avif","width":270,"height":325},{"@type":"BreadcrumbList","@id":"https:\/\/dekkal-quincaillerie.dz\/fr\/produit\/multimetre-analogique-3030-10-hioki\/#breadcrumb","itemListElement":[{"@type":"ListItem","position":1,"name":"Accueil","item":"https:\/\/dekkal-quincaillerie.dz\/fr\/"},{"@type":"ListItem","position":2,"name":"Boutique","item":"https:\/\/dekkal-quincaillerie.dz\/fr\/boutique\/"},{"@type":"ListItem","position":3,"name":"Multim\u00e8tre analogique 3030-10 HIOKI"}]},{"@type":"WebSite","@id":"https:\/\/dekkal-quincaillerie.dz\/fr\/#website","url":"https:\/\/dekkal-quincaillerie.dz\/fr\/","name":"DEKKAL","description":"","publisher":{"@id":"https:\/\/dekkal-quincaillerie.dz\/fr\/#organization"},"potentialAction":[{"@type":"SearchAction","target":{"@type":"EntryPoint","urlTemplate":"https:\/\/dekkal-quincaillerie.dz\/fr\/?s={search_term_string}"},"query-input":{"@type":"PropertyValueSpecification","valueRequired":true,"valueName":"search_term_string"}}],"inLanguage":"fr-FR"},{"@type":"Organization","@id":"https:\/\/dekkal-quincaillerie.dz\/fr\/#organization","name":"DEKKAL QUINCAILLERIE","url":"https:\/\/dekkal-quincaillerie.dz\/fr\/","logo":{"@type":"ImageObject","inLanguage":"fr-FR","@id":"https:\/\/dekkal-quincaillerie.dz\/fr\/#\/schema\/logo\/image\/","url":"https:\/\/dekkal-quincaillerie.dz\/fr\/wp-content\/uploads\/2022\/03\/image_2022-03-19_172411.png","contentUrl":"https:\/\/dekkal-quincaillerie.dz\/fr\/wp-content\/uploads\/2022\/03\/image_2022-03-19_172411.png","width":851,"height":315,"caption":"DEKKAL QUINCAILLERIE"},"image":{"@id":"https:\/\/dekkal-quincaillerie.dz\/fr\/#\/schema\/logo\/image\/"},"sameAs":["https:\/\/www.facebook.com\/ets.dekkal.1","https:\/\/www.instagram.com\/ets.dekkal\/"]}]}},"jetpack_publicize_connections":[],"jetpack-related-posts":[{"id":6399,"url":"https:\/\/dekkal-quincaillerie.dz\/fr\/produit\/pince-multimetre-numerique-tmt46003-total\/","url_meta":{"origin":5208,"position":0},"title":"PINCE MULTIMETRE NUMERIQUE TMT46003 TOTAL","author":"webmaster","date":"juillet 20, 2022","format":false,"excerpt":"PINCE MULTIM\u00c8TRE NUM\u00c9RIQUE TMT46003 TOTAL Moderne et\u00a0facile \u00e0 utiliser mesure le courant alternatif jusqu'\u00e0 600 A Affichage LCD R\u00e9tro-\u00e9clairage Tension : 1 mV - 600 V Courant : 0.1 mA - 600 A R\u00e9sistance : 0 - 40 M\u03a9","rel":"","context":"Article similaire","block_context":{"text":"Article similaire","link":""},"img":{"alt_text":"","src":"https:\/\/dekkal-quincaillerie.dz\/fr\/wp-content\/uploads\/2022\/07\/292900428_363120219129608_498972240679558438_n.avif","width":350,"height":200},"classes":[]},{"id":6409,"url":"https:\/\/dekkal-quincaillerie.dz\/fr\/produit\/pince-multimetre-numerique-tmt42002-total\/","url_meta":{"origin":5208,"position":1},"title":"PINCE MULTIMETRE NUMERIQUE TMT42002 TOTAL","author":"webmaster","date":"juillet 26, 2022","format":false,"excerpt":"- adapt\u00e9 aux travaux g\u00e9n\u00e9raux V\u00e9rifier et r\u00e9parer les appareils \u00e9lectroniques - convient aux techniciens professionnels et aux techniciens g\u00e9n\u00e9raux (qui ne peuvent pas lire la valeur) - Poss\u00e8de des fonctions \u00e9lectriques compl\u00e8tes - Grande bouche de serrage. D\u00e9tectera le champ magn\u00e9tique qui se produit autour du fil","rel":"","context":"Article similaire","block_context":{"text":"Article similaire","link":""},"img":{"alt_text":"","src":"https:\/\/dekkal-quincaillerie.dz\/fr\/wp-content\/uploads\/2022\/07\/TMT42002.avif","width":350,"height":200,"srcset":"https:\/\/dekkal-quincaillerie.dz\/fr\/wp-content\/uploads\/2022\/07\/TMT42002.avif 1x, https:\/\/dekkal-quincaillerie.dz\/fr\/wp-content\/uploads\/2022\/07\/TMT42002.avif 1.5x, https:\/\/dekkal-quincaillerie.dz\/fr\/wp-content\/uploads\/2022\/07\/TMT42002.avif 2x"},"classes":[]},{"id":5201,"url":"https:\/\/dekkal-quincaillerie.dz\/fr\/produit\/multimetre-digital-yato-yt-73082\/","url_meta":{"origin":5208,"position":2},"title":"Multim\u00e8tre digital YT-73082 YATO","author":"admin","date":"mars 19, 2022","format":false,"excerpt":"Multim\u00e8tre digital YT-73082 YATO Caract\u00e9ristiques: Fr\u00e9quence d\u2019\u00e9chantillonnage 3 fois par seconde, Mesure de la tension alternative 0-750V \u00b1 1.2%, Mesure de tension continue 0-1000V \u00b1 1.0%, Mesure de la capacit\u00e9 0-20\u03bcF \u00b1 4%, Mesure de r\u00e9sistance 0-20M\u03a9 \u00b1 1,2%, Courant alternatif 0-10A \u00b1 3%, Courant constant 0-10A \u00b1 2%, Test\u2026","rel":"","context":"Article similaire","block_context":{"text":"Article similaire","link":""},"img":{"alt_text":"","src":"https:\/\/dekkal-quincaillerie.dz\/fr\/wp-content\/uploads\/2022\/03\/YT-73082.avif","width":350,"height":200},"classes":[]},{"id":4569,"url":"https:\/\/dekkal-quincaillerie.dz\/fr\/produit\/visseuse-a-batterie-12v-crown-ct21052lh-1-5-bmc\/","url_meta":{"origin":5208,"position":3},"title":"VISSEUSE A BATTERIE 12V 0.8-10MM CT21052LH 1.5 BMC CROWN","author":"admin","date":"mars 19, 2022","format":false,"excerpt":"Visseuse \u00e0 batterie 12V CT21052LH 1.5 BMC CROWN Caract\u00e9ristiques : Type de batterie :\u00a0 Lithium-ION Tension nominale : 3,6 V Tension nominale : 12 V Capacit\u00e9 de la batterie : 1,5 AH Temps de charge de la batterie : 60 MIN Vitesse \u00e0 vide (rapport I \/ II) : 0-400\u2026","rel":"","context":"Article similaire","block_context":{"text":"Article similaire","link":""},"img":{"alt_text":"","src":"https:\/\/dekkal-quincaillerie.dz\/fr\/wp-content\/uploads\/2022\/03\/CT21052LH.avif","width":350,"height":200},"classes":[]},{"id":4623,"url":"https:\/\/dekkal-quincaillerie.dz\/fr\/produit\/niveau-laser-ct-44022-bmc\/","url_meta":{"origin":5208,"position":4},"title":"Niveau laser avec tr\u00e9pied CT44022 BMC CROWN","author":"admin","date":"mars 19, 2022","format":false,"excerpt":"Niveau laser avec tr\u00e9pied CT44022 BMC CROWN Caract\u00e9ristiques : Poutres projet\u00e9es 1 V 1 H 1 D Port\u00e9e de travail 30 M Pr\u00e9cision de nivellement - faisceau horizontal \u00b1 1 MM \u00e0 7 M Pr\u00e9cision de nivellement - faisceau vertical \u00b1 1 MM \u00e0 7 M Temps d'autoclavage \u22645 s\u2026","rel":"","context":"Article similaire","block_context":{"text":"Article similaire","link":""},"img":{"alt_text":"","src":"","width":0,"height":0},"classes":[]},{"id":5454,"url":"https:\/\/dekkal-quincaillerie.dz\/fr\/produit\/marteau-perforateur-gbh-12-52-dv-bosch\/","url_meta":{"origin":5208,"position":5},"title":"Marteau perforateur 1700 W GBH12-52DV BOSCH","author":"admin","date":"mars 19, 2022","format":false,"excerpt":"Le perforateur Bosch le plus puissant, avec Vibration Control.","rel":"","context":"Article similaire","block_context":{"text":"Article similaire","link":""},"img":{"alt_text":"","src":"https:\/\/dekkal-quincaillerie.dz\/fr\/wp-content\/uploads\/2022\/03\/GBH-12-52-DV.avif","width":350,"height":200,"srcset":"https:\/\/dekkal-quincaillerie.dz\/fr\/wp-content\/uploads\/2022\/03\/GBH-12-52-DV.avif 1x, https:\/\/dekkal-quincaillerie.dz\/fr\/wp-content\/uploads\/2022\/03\/GBH-12-52-DV.avif 1.5x"},"classes":[]}],"jetpack_likes_enabled":true,"jetpack_sharing_enabled":true,"_links":{"self":[{"href":"https:\/\/dekkal-quincaillerie.dz\/fr\/wp-json\/wp\/v2\/product\/5208","targetHints":{"allow":["GET"]}}],"collection":[{"href":"https:\/\/dekkal-quincaillerie.dz\/fr\/wp-json\/wp\/v2\/product"}],"about":[{"href":"https:\/\/dekkal-quincaillerie.dz\/fr\/wp-json\/wp\/v2\/types\/product"}],"wp:featuredmedia":[{"embeddable":true,"href":"https:\/\/dekkal-quincaillerie.dz\/fr\/wp-json\/wp\/v2\/media\/5209"}],"wp:attachment":[{"href":"https:\/\/dekkal-quincaillerie.dz\/fr\/wp-json\/wp\/v2\/media?parent=5208"}],"wp:term":[{"taxonomy":"product_brand","embeddable":true,"href":"https:\/\/dekkal-quincaillerie.dz\/fr\/wp-json\/wp\/v2\/product_brand?post=5208"},{"taxonomy":"product_cat","embeddable":true,"href":"https:\/\/dekkal-quincaillerie.dz\/fr\/wp-json\/wp\/v2\/product_cat?post=5208"},{"taxonomy":"product_tag","embeddable":true,"href":"https:\/\/dekkal-quincaillerie.dz\/fr\/wp-json\/wp\/v2\/product_tag?post=5208"}],"curies":[{"name":"wp","href":"https:\/\/api.w.org\/{rel}","templated":true}]}}