{"id":5201,"date":"2022-03-19T19:14:01","date_gmt":"2022-03-19T19:14:01","guid":{"rendered":"https:\/\/dekkal-quincaillerie.dz\/fr\/index.php\/produit\/multimetre-digital-yato-yt-73082\/"},"modified":"2025-03-22T07:16:44","modified_gmt":"2025-03-22T07:16:44","slug":"multimetre-digital-yato-yt-73082","status":"publish","type":"product","link":"https:\/\/dekkal-quincaillerie.dz\/fr\/produit\/multimetre-digital-yato-yt-73082\/","title":{"rendered":"Multim\u00e8tre digital YT-73082 YATO"},"content":{"rendered":"<h3>Multim\u00e8tre digital YT-73082 YATO<\/h3>\n<h4>Caract\u00e9ristiques:<\/h4>\n<ul>\n<li>Fr\u00e9quence d\u2019\u00e9chantillonnage 3 fois par seconde,<\/li>\n<li>Mesure de la tension alternative 0-750V \u00b1 1.2%,<\/li>\n<li>Mesure de tension continue 0-1000V \u00b1 1.0%,<\/li>\n<li>Mesure de la capacit\u00e9 0-20\u03bcF \u00b1 4%,<\/li>\n<li>Mesure de r\u00e9sistance 0-20M\u03a9 \u00b1 1,2%,<\/li>\n<li>Courant alternatif 0-10A \u00b1 3%,<\/li>\n<li>Courant constant 0-10A \u00b1 2%,<\/li>\n<li>Test de continuit\u00e9 avertisseur sonore int\u00e9gr\u00e9,<\/li>\n<li>Test de diode 1mA, 2.8V,<\/li>\n<li>Pince multim\u00e8tre, cordons de mesure 2 pi\u00e8ces.<\/li>\n<\/ul>\n<h4>Fonctionnement:<\/h4>\n<ol>\n<li>Mesure les valeurs importantes dans le fonctionnement des \u00e9quipements \u00e9lectriques,<\/li>\n<li>Mesure la tension et le courant continu ou alternatif, la r\u00e9sistance, la capacit\u00e9 des condensateurs,<\/li>\n<li>v\u00e9rifie les diodes et les transistors.<\/li>\n<\/ol>\n","protected":false},"excerpt":{"rendered":"<p>Multim\u00e8tre digital YT-73082 YATO Caract\u00e9ristiques: Fr\u00e9quence d\u2019\u00e9chantillonnage 3 fois par seconde, Mesure de la tension alternative 0-750V \u00b1 1.2%, Mesure de tension continue 0-1000V \u00b1 1.0%, Mesure de la capacit\u00e9 0-20\u03bcF \u00b1 4%, Mesure de r\u00e9sistance 0-20M\u03a9 \u00b1 1,2%, Courant alternatif 0-10A \u00b1 3%, Courant constant 0-10A \u00b1 2%, Test de continuit\u00e9 avertisseur sonore int\u00e9gr\u00e9, [&hellip;]<\/p>\n","protected":false},"featured_media":5202,"template":"","meta":{"jetpack_post_was_ever_published":false,"jetpack_publicize_message":"","jetpack_publicize_feature_enabled":true,"jetpack_social_post_already_shared":false,"jetpack_social_options":{"image_generator_settings":{"template":"highway","default_image_id":0,"font":"","enabled":false},"version":2}},"product_brand":[1104],"product_cat":[205],"product_tag":[828,827,263],"class_list":{"0":"post-5201","1":"product","2":"type-product","3":"status-publish","4":"has-post-thumbnail","6":"product_brand-yato","7":"product_cat-electoportatif","8":"product_tag-digital","9":"product_tag-multimetre","10":"product_tag-yato","12":"first","13":"outofstock","14":"purchasable","15":"product-type-simple"},"yoast_head":"<!-- This site is optimized with the Yoast SEO Premium plugin v20.0 (Yoast SEO v27.3) - https:\/\/yoast.com\/product\/yoast-seo-premium-wordpress\/ -->\n<title>Multim\u00e8tre digital YT-73082 YATO - DEKKAL<\/title>\n<meta name=\"robots\" content=\"index, follow, max-snippet:-1, max-image-preview:large, max-video-preview:-1\" \/>\n<link rel=\"canonical\" href=\"https:\/\/dekkal-quincaillerie.dz\/fr\/produit\/multimetre-digital-yato-yt-73082\/\" \/>\n<script type=\"application\/ld+json\" class=\"yoast-schema-graph\">{\"@context\":\"https:\\\/\\\/schema.org\",\"@graph\":[{\"@type\":\"WebPage\",\"@id\":\"https:\\\/\\\/dekkal-quincaillerie.dz\\\/fr\\\/produit\\\/multimetre-digital-yato-yt-73082\\\/\",\"url\":\"https:\\\/\\\/dekkal-quincaillerie.dz\\\/fr\\\/produit\\\/multimetre-digital-yato-yt-73082\\\/\",\"name\":\"Multim\u00e8tre digital YT-73082 YATO - DEKKAL\",\"isPartOf\":{\"@id\":\"https:\\\/\\\/dekkal-quincaillerie.dz\\\/fr\\\/#website\"},\"primaryImageOfPage\":{\"@id\":\"https:\\\/\\\/dekkal-quincaillerie.dz\\\/fr\\\/produit\\\/multimetre-digital-yato-yt-73082\\\/#primaryimage\"},\"image\":{\"@id\":\"https:\\\/\\\/dekkal-quincaillerie.dz\\\/fr\\\/produit\\\/multimetre-digital-yato-yt-73082\\\/#primaryimage\"},\"thumbnailUrl\":\"https:\\\/\\\/dekkal-quincaillerie.dz\\\/fr\\\/wp-content\\\/uploads\\\/2022\\\/03\\\/YT-73082.avif\",\"datePublished\":\"2022-03-19T19:14:01+00:00\",\"dateModified\":\"2025-03-22T07:16:44+00:00\",\"breadcrumb\":{\"@id\":\"https:\\\/\\\/dekkal-quincaillerie.dz\\\/fr\\\/produit\\\/multimetre-digital-yato-yt-73082\\\/#breadcrumb\"},\"inLanguage\":\"fr-FR\",\"potentialAction\":[{\"@type\":\"ReadAction\",\"target\":[\"https:\\\/\\\/dekkal-quincaillerie.dz\\\/fr\\\/produit\\\/multimetre-digital-yato-yt-73082\\\/\"]}]},{\"@type\":\"ImageObject\",\"inLanguage\":\"fr-FR\",\"@id\":\"https:\\\/\\\/dekkal-quincaillerie.dz\\\/fr\\\/produit\\\/multimetre-digital-yato-yt-73082\\\/#primaryimage\",\"url\":\"https:\\\/\\\/dekkal-quincaillerie.dz\\\/fr\\\/wp-content\\\/uploads\\\/2022\\\/03\\\/YT-73082.avif\",\"contentUrl\":\"https:\\\/\\\/dekkal-quincaillerie.dz\\\/fr\\\/wp-content\\\/uploads\\\/2022\\\/03\\\/YT-73082.avif\",\"width\":425,\"height\":371},{\"@type\":\"BreadcrumbList\",\"@id\":\"https:\\\/\\\/dekkal-quincaillerie.dz\\\/fr\\\/produit\\\/multimetre-digital-yato-yt-73082\\\/#breadcrumb\",\"itemListElement\":[{\"@type\":\"ListItem\",\"position\":1,\"name\":\"Accueil\",\"item\":\"https:\\\/\\\/dekkal-quincaillerie.dz\\\/fr\\\/\"},{\"@type\":\"ListItem\",\"position\":2,\"name\":\"Boutique\",\"item\":\"https:\\\/\\\/dekkal-quincaillerie.dz\\\/fr\\\/boutique\\\/\"},{\"@type\":\"ListItem\",\"position\":3,\"name\":\"Multim\u00e8tre digital YT-73082 YATO\"}]},{\"@type\":\"WebSite\",\"@id\":\"https:\\\/\\\/dekkal-quincaillerie.dz\\\/fr\\\/#website\",\"url\":\"https:\\\/\\\/dekkal-quincaillerie.dz\\\/fr\\\/\",\"name\":\"DEKKAL\",\"description\":\"\",\"publisher\":{\"@id\":\"https:\\\/\\\/dekkal-quincaillerie.dz\\\/fr\\\/#organization\"},\"potentialAction\":[{\"@type\":\"SearchAction\",\"target\":{\"@type\":\"EntryPoint\",\"urlTemplate\":\"https:\\\/\\\/dekkal-quincaillerie.dz\\\/fr\\\/?s={search_term_string}\"},\"query-input\":{\"@type\":\"PropertyValueSpecification\",\"valueRequired\":true,\"valueName\":\"search_term_string\"}}],\"inLanguage\":\"fr-FR\"},{\"@type\":\"Organization\",\"@id\":\"https:\\\/\\\/dekkal-quincaillerie.dz\\\/fr\\\/#organization\",\"name\":\"DEKKAL QUINCAILLERIE\",\"url\":\"https:\\\/\\\/dekkal-quincaillerie.dz\\\/fr\\\/\",\"logo\":{\"@type\":\"ImageObject\",\"inLanguage\":\"fr-FR\",\"@id\":\"https:\\\/\\\/dekkal-quincaillerie.dz\\\/fr\\\/#\\\/schema\\\/logo\\\/image\\\/\",\"url\":\"https:\\\/\\\/dekkal-quincaillerie.dz\\\/fr\\\/wp-content\\\/uploads\\\/2022\\\/03\\\/image_2022-03-19_172411.png\",\"contentUrl\":\"https:\\\/\\\/dekkal-quincaillerie.dz\\\/fr\\\/wp-content\\\/uploads\\\/2022\\\/03\\\/image_2022-03-19_172411.png\",\"width\":851,\"height\":315,\"caption\":\"DEKKAL QUINCAILLERIE\"},\"image\":{\"@id\":\"https:\\\/\\\/dekkal-quincaillerie.dz\\\/fr\\\/#\\\/schema\\\/logo\\\/image\\\/\"},\"sameAs\":[\"https:\\\/\\\/www.facebook.com\\\/ets.dekkal.1\",\"https:\\\/\\\/www.instagram.com\\\/ets.dekkal\\\/\"]}]}<\/script>\n<!-- \/ Yoast SEO Premium plugin. -->","yoast_head_json":{"title":"Multim\u00e8tre digital YT-73082 YATO - DEKKAL","robots":{"index":"index","follow":"follow","max-snippet":"max-snippet:-1","max-image-preview":"max-image-preview:large","max-video-preview":"max-video-preview:-1"},"canonical":"https:\/\/dekkal-quincaillerie.dz\/fr\/produit\/multimetre-digital-yato-yt-73082\/","schema":{"@context":"https:\/\/schema.org","@graph":[{"@type":"WebPage","@id":"https:\/\/dekkal-quincaillerie.dz\/fr\/produit\/multimetre-digital-yato-yt-73082\/","url":"https:\/\/dekkal-quincaillerie.dz\/fr\/produit\/multimetre-digital-yato-yt-73082\/","name":"Multim\u00e8tre digital YT-73082 YATO - DEKKAL","isPartOf":{"@id":"https:\/\/dekkal-quincaillerie.dz\/fr\/#website"},"primaryImageOfPage":{"@id":"https:\/\/dekkal-quincaillerie.dz\/fr\/produit\/multimetre-digital-yato-yt-73082\/#primaryimage"},"image":{"@id":"https:\/\/dekkal-quincaillerie.dz\/fr\/produit\/multimetre-digital-yato-yt-73082\/#primaryimage"},"thumbnailUrl":"https:\/\/dekkal-quincaillerie.dz\/fr\/wp-content\/uploads\/2022\/03\/YT-73082.avif","datePublished":"2022-03-19T19:14:01+00:00","dateModified":"2025-03-22T07:16:44+00:00","breadcrumb":{"@id":"https:\/\/dekkal-quincaillerie.dz\/fr\/produit\/multimetre-digital-yato-yt-73082\/#breadcrumb"},"inLanguage":"fr-FR","potentialAction":[{"@type":"ReadAction","target":["https:\/\/dekkal-quincaillerie.dz\/fr\/produit\/multimetre-digital-yato-yt-73082\/"]}]},{"@type":"ImageObject","inLanguage":"fr-FR","@id":"https:\/\/dekkal-quincaillerie.dz\/fr\/produit\/multimetre-digital-yato-yt-73082\/#primaryimage","url":"https:\/\/dekkal-quincaillerie.dz\/fr\/wp-content\/uploads\/2022\/03\/YT-73082.avif","contentUrl":"https:\/\/dekkal-quincaillerie.dz\/fr\/wp-content\/uploads\/2022\/03\/YT-73082.avif","width":425,"height":371},{"@type":"BreadcrumbList","@id":"https:\/\/dekkal-quincaillerie.dz\/fr\/produit\/multimetre-digital-yato-yt-73082\/#breadcrumb","itemListElement":[{"@type":"ListItem","position":1,"name":"Accueil","item":"https:\/\/dekkal-quincaillerie.dz\/fr\/"},{"@type":"ListItem","position":2,"name":"Boutique","item":"https:\/\/dekkal-quincaillerie.dz\/fr\/boutique\/"},{"@type":"ListItem","position":3,"name":"Multim\u00e8tre digital YT-73082 YATO"}]},{"@type":"WebSite","@id":"https:\/\/dekkal-quincaillerie.dz\/fr\/#website","url":"https:\/\/dekkal-quincaillerie.dz\/fr\/","name":"DEKKAL","description":"","publisher":{"@id":"https:\/\/dekkal-quincaillerie.dz\/fr\/#organization"},"potentialAction":[{"@type":"SearchAction","target":{"@type":"EntryPoint","urlTemplate":"https:\/\/dekkal-quincaillerie.dz\/fr\/?s={search_term_string}"},"query-input":{"@type":"PropertyValueSpecification","valueRequired":true,"valueName":"search_term_string"}}],"inLanguage":"fr-FR"},{"@type":"Organization","@id":"https:\/\/dekkal-quincaillerie.dz\/fr\/#organization","name":"DEKKAL QUINCAILLERIE","url":"https:\/\/dekkal-quincaillerie.dz\/fr\/","logo":{"@type":"ImageObject","inLanguage":"fr-FR","@id":"https:\/\/dekkal-quincaillerie.dz\/fr\/#\/schema\/logo\/image\/","url":"https:\/\/dekkal-quincaillerie.dz\/fr\/wp-content\/uploads\/2022\/03\/image_2022-03-19_172411.png","contentUrl":"https:\/\/dekkal-quincaillerie.dz\/fr\/wp-content\/uploads\/2022\/03\/image_2022-03-19_172411.png","width":851,"height":315,"caption":"DEKKAL QUINCAILLERIE"},"image":{"@id":"https:\/\/dekkal-quincaillerie.dz\/fr\/#\/schema\/logo\/image\/"},"sameAs":["https:\/\/www.facebook.com\/ets.dekkal.1","https:\/\/www.instagram.com\/ets.dekkal\/"]}]}},"jetpack_publicize_connections":[],"jetpack-related-posts":[{"id":5192,"url":"https:\/\/dekkal-quincaillerie.dz\/fr\/produit\/multimetre-digital-yato-yt-73091\/","url_meta":{"origin":5201,"position":0},"title":"Multim\u00e8tre digital YT-73091 YATO","author":"admin","date":"mars 19, 2022","format":false,"excerpt":"Multim\u00e8tre digital YT-73091 YATO Description : Le multim\u00e8tre digital YATO YT-73091 est un outil multit\u00e2che, mesure: des courants \u00e9lev\u00e9s jusqu'\u00e0 600A, le courant alternatif dans un fil avec la technologie d'induction, la tension continue et alternative, la r\u00e9sistance, la temp\u00e9rature jusqu'\u00e0 +1000\u00b0C et -20\u00b0C, et v\u00e9rifie le fonctionnement des lumi\u00e8res\u2026","rel":"","context":"Article similaire","block_context":{"text":"Article similaire","link":""},"img":{"alt_text":"","src":"https:\/\/dekkal-quincaillerie.dz\/fr\/wp-content\/uploads\/2022\/03\/YT-73091-2.avif","width":350,"height":200},"classes":[]},{"id":5208,"url":"https:\/\/dekkal-quincaillerie.dz\/fr\/produit\/multimetre-analogique-3030-10-hioki\/","url_meta":{"origin":5201,"position":1},"title":"Multim\u00e8tre analogique 3030-10 HIOKI","author":"admin","date":"mars 19, 2022","format":false,"excerpt":"Le Hioki 3030-10 est un multim\u00e8tre analogique qui mesure la tension, le courant et la r\u00e9sistance, avec une construction robuste qui r\u00e9siste \u00e0 une chute de 1 m\u00e8tre sur un sol en b\u00e9ton.","rel":"","context":"Article similaire","block_context":{"text":"Article similaire","link":""},"img":{"alt_text":"","src":"https:\/\/dekkal-quincaillerie.dz\/fr\/wp-content\/uploads\/2022\/03\/hioki-3030-10-hitester.avif","width":350,"height":200},"classes":[]},{"id":6399,"url":"https:\/\/dekkal-quincaillerie.dz\/fr\/produit\/pince-multimetre-numerique-tmt46003-total\/","url_meta":{"origin":5201,"position":2},"title":"PINCE MULTIMETRE NUMERIQUE TMT46003 TOTAL","author":"webmaster","date":"juillet 20, 2022","format":false,"excerpt":"PINCE MULTIM\u00c8TRE NUM\u00c9RIQUE TMT46003 TOTAL Moderne et\u00a0facile \u00e0 utiliser mesure le courant alternatif jusqu'\u00e0 600 A Affichage LCD R\u00e9tro-\u00e9clairage Tension : 1 mV - 600 V Courant : 0.1 mA - 600 A R\u00e9sistance : 0 - 40 M\u03a9","rel":"","context":"Article similaire","block_context":{"text":"Article similaire","link":""},"img":{"alt_text":"","src":"https:\/\/dekkal-quincaillerie.dz\/fr\/wp-content\/uploads\/2022\/07\/292900428_363120219129608_498972240679558438_n.avif","width":350,"height":200},"classes":[]},{"id":6409,"url":"https:\/\/dekkal-quincaillerie.dz\/fr\/produit\/pince-multimetre-numerique-tmt42002-total\/","url_meta":{"origin":5201,"position":3},"title":"PINCE MULTIMETRE NUMERIQUE TMT42002 TOTAL","author":"webmaster","date":"juillet 26, 2022","format":false,"excerpt":"- adapt\u00e9 aux travaux g\u00e9n\u00e9raux V\u00e9rifier et r\u00e9parer les appareils \u00e9lectroniques - convient aux techniciens professionnels et aux techniciens g\u00e9n\u00e9raux (qui ne peuvent pas lire la valeur) - Poss\u00e8de des fonctions \u00e9lectriques compl\u00e8tes - Grande bouche de serrage. D\u00e9tectera le champ magn\u00e9tique qui se produit autour du fil","rel":"","context":"Article similaire","block_context":{"text":"Article similaire","link":""},"img":{"alt_text":"","src":"https:\/\/dekkal-quincaillerie.dz\/fr\/wp-content\/uploads\/2022\/07\/TMT42002.avif","width":350,"height":200,"srcset":"https:\/\/dekkal-quincaillerie.dz\/fr\/wp-content\/uploads\/2022\/07\/TMT42002.avif 1x, https:\/\/dekkal-quincaillerie.dz\/fr\/wp-content\/uploads\/2022\/07\/TMT42002.avif 1.5x, https:\/\/dekkal-quincaillerie.dz\/fr\/wp-content\/uploads\/2022\/07\/TMT42002.avif 2x"},"classes":[]},{"id":4683,"url":"https:\/\/dekkal-quincaillerie.dz\/fr\/produit\/niveau-de-macon-1000mm-yt-3004-yato\/","url_meta":{"origin":5201,"position":4},"title":"Niveau de ma\u00e7on 1000 MM YT-3004 YATO","author":"admin","date":"mars 19, 2022","format":false,"excerpt":"Niveau de ma\u00e7on 1000 MM YT-3004 YATO Caract\u00e9ristiques\u00a0:\u00a0 Niveau \u00e0 bulle avec une longueur de 1000 MM Pour des mesures pr\u00e9cises pendant les travaux de construction et de finition. Niveau haut de gamme en profil\u00e9 aluminium Profil\u00e9 rigide en aluminium r\u00e9sistant aux chutes Profil nervur\u00e9, \u00e9paisseur de paroi 1,5 MM\u2026","rel":"","context":"Article similaire","block_context":{"text":"Article similaire","link":""},"img":{"alt_text":"","src":"https:\/\/dekkal-quincaillerie.dz\/fr\/wp-content\/uploads\/2022\/03\/CT36059-1.avif","width":350,"height":200,"srcset":"https:\/\/dekkal-quincaillerie.dz\/fr\/wp-content\/uploads\/2022\/03\/CT36059-1.avif 1x, https:\/\/dekkal-quincaillerie.dz\/fr\/wp-content\/uploads\/2022\/03\/CT36059-1.avif 1.5x, https:\/\/dekkal-quincaillerie.dz\/fr\/wp-content\/uploads\/2022\/03\/CT36059-1.avif 2x"},"classes":[]},{"id":5175,"url":"https:\/\/dekkal-quincaillerie.dz\/fr\/produit\/telemetre-numerique-laser-yato-yt-73125\/","url_meta":{"origin":5201,"position":5},"title":"T\u00e9l\u00e9m\u00e8tre num\u00e9rique laser YT-73125 YATO","author":"admin","date":"mars 19, 2022","format":false,"excerpt":"T\u00e9l\u00e9m\u00e8tre num\u00e9rique laser YT-73125 YATO Caract\u00e9ristiques techniques: Calculs de la surface, volume d'int\u00e9rieur, Gamme de mesure 0,05\u201340 M, Pr\u00e9cision 2 MM, Faible valeur affich\u00e9e 1 MM, Unit\u00e9s de mesure\u202f: m, pieds, pouces, Longueur d'onde 635 NM, Temp\u00e9rature de fonctionnement\u202f: 0\u201350 degr\u00e9s de \u00b0 C, Temp\u00e9rature de stockage -10 \u00e0 50\u2026","rel":"","context":"Article similaire","block_context":{"text":"Article similaire","link":""},"img":{"alt_text":"","src":"https:\/\/dekkal-quincaillerie.dz\/fr\/wp-content\/uploads\/2022\/03\/YT-73125.avif","width":350,"height":200,"srcset":"https:\/\/dekkal-quincaillerie.dz\/fr\/wp-content\/uploads\/2022\/03\/YT-73125.avif 1x, https:\/\/dekkal-quincaillerie.dz\/fr\/wp-content\/uploads\/2022\/03\/YT-73125.avif 1.5x, https:\/\/dekkal-quincaillerie.dz\/fr\/wp-content\/uploads\/2022\/03\/YT-73125.avif 2x"},"classes":[]}],"jetpack_likes_enabled":true,"jetpack_sharing_enabled":true,"_links":{"self":[{"href":"https:\/\/dekkal-quincaillerie.dz\/fr\/wp-json\/wp\/v2\/product\/5201","targetHints":{"allow":["GET"]}}],"collection":[{"href":"https:\/\/dekkal-quincaillerie.dz\/fr\/wp-json\/wp\/v2\/product"}],"about":[{"href":"https:\/\/dekkal-quincaillerie.dz\/fr\/wp-json\/wp\/v2\/types\/product"}],"wp:featuredmedia":[{"embeddable":true,"href":"https:\/\/dekkal-quincaillerie.dz\/fr\/wp-json\/wp\/v2\/media\/5202"}],"wp:attachment":[{"href":"https:\/\/dekkal-quincaillerie.dz\/fr\/wp-json\/wp\/v2\/media?parent=5201"}],"wp:term":[{"taxonomy":"product_brand","embeddable":true,"href":"https:\/\/dekkal-quincaillerie.dz\/fr\/wp-json\/wp\/v2\/product_brand?post=5201"},{"taxonomy":"product_cat","embeddable":true,"href":"https:\/\/dekkal-quincaillerie.dz\/fr\/wp-json\/wp\/v2\/product_cat?post=5201"},{"taxonomy":"product_tag","embeddable":true,"href":"https:\/\/dekkal-quincaillerie.dz\/fr\/wp-json\/wp\/v2\/product_tag?post=5201"}],"curies":[{"name":"wp","href":"https:\/\/api.w.org\/{rel}","templated":true}]}}