{"id":5183,"date":"2022-03-19T19:13:52","date_gmt":"2022-03-19T19:13:52","guid":{"rendered":"https:\/\/dekkal-quincaillerie.dz\/fr\/index.php\/produit\/niveau-laser-crown-ct44024-bmc\/"},"modified":"2025-03-22T07:16:44","modified_gmt":"2025-03-22T07:16:44","slug":"niveau-laser-crown-ct44024-bmc","status":"publish","type":"product","link":"https:\/\/dekkal-quincaillerie.dz\/fr\/produit\/niveau-laser-crown-ct44024-bmc\/","title":{"rendered":"Niveau laser CT44024 BMC avec tr\u00e9piedCA-P107-S135 SEA CROWN"},"content":{"rendered":"<h3>Niveau laser 5 lignes CT44024 BMC CROWN, avec tr\u00e9pied 02330 CA-P107-S135 SEA<\/h3>\n<h4 class=\"product-specs-list\">Accessoires inclus:<\/h4>\n<ul>\n<li>Niveau laser,<\/li>\n<li>Chargeur,<\/li>\n<li>Batterie,<\/li>\n<li>Manuel d&rsquo;utilisation,<\/li>\n<li>Lunettes de protection,<\/li>\n<li>Ceinture de transport,<\/li>\n<li>Tr\u00e9pied.<\/li>\n<\/ul>\n<h4>Caract\u00e9ristiques techniques:<\/h4>\n<table class=\"data-table\">\n<colgroup>\n<col width=\"25%\" \/>\n<col \/><\/colgroup>\n<tbody>\n<tr class=\"odd\">\n<td class=\"a-left specname\" data-option-id=\"1436\">Poutres projet\u00e9es<\/td>\n<td class=\"a-right specvalue\">4V 1H 1D<\/td>\n<\/tr>\n<tr class=\"even\">\n<td class=\"a-left specname\" data-option-id=\"1274\">Plage de travail<\/td>\n<td class=\"a-right specvalue\">30 M<\/td>\n<\/tr>\n<tr class=\"odd\">\n<td class=\"a-left specname\" data-option-id=\"1438\">Pr\u00e9cision de nivellement &#8211; poutre horizontale<\/td>\n<td class=\"a-right specvalue\">\u00b11 MM \u00e0 7 M<\/td>\n<\/tr>\n<tr class=\"even\">\n<td class=\"a-left specname\" data-option-id=\"1439\">Pr\u00e9cision de nivellement &#8211; faisceau vertical<\/td>\n<td class=\"a-right specvalue\">\u00b11 MM \u00e0 7 M<\/td>\n<\/tr>\n<tr class=\"odd\">\n<td class=\"a-left specname\" data-option-id=\"1444\">Temps d&rsquo;auto-nivellement<\/td>\n<td class=\"a-right specvalue\">\u22645 S<\/td>\n<\/tr>\n<tr class=\"even\">\n<td class=\"a-left specname\" data-option-id=\"1445\">Plage d&rsquo;auto-nivellement<\/td>\n<td class=\"a-right specvalue\">\u00b13\u00b0<\/td>\n<\/tr>\n<tr class=\"odd\">\n<td class=\"a-left specname\" data-option-id=\"1287\">Classe laser<\/td>\n<td class=\"a-right specvalue\">II<\/td>\n<\/tr>\n<tr class=\"even\">\n<td class=\"a-left specname\" data-option-id=\"1286\">Type de laser<\/td>\n<td class=\"a-right specvalue\">525 NM<\/td>\n<\/tr>\n<tr class=\"odd\">\n<td class=\"a-left specname\" data-option-id=\"14\">Type de batterie<\/td>\n<td class=\"a-right specvalue\">3,7 V ; LI-ION<\/td>\n<\/tr>\n<tr class=\"even\">\n<td class=\"a-left specname\" data-option-id=\"7\">Temps de charge de la batterie<\/td>\n<td class=\"a-right specvalue\">180-240 MIN<\/td>\n<\/tr>\n<tr class=\"odd\">\n<td class=\"a-left specname\" data-option-id=\"1276\">Fil pour tr\u00e9pied<\/td>\n<td class=\"a-right specvalue\">5\/8&Prime;<\/td>\n<\/tr>\n<tr class=\"even\">\n<td class=\"a-left specname\" data-option-id=\"1289\">Plage de temp\u00e9rature de fonctionnement<\/td>\n<td class=\"a-right specvalue\">-10 &#8230; +40 \u00b0C<\/td>\n<\/tr>\n<tr class=\"odd\">\n<td class=\"a-left specname\" data-option-id=\"1290\">Plage de temp\u00e9rature de stockage<\/td>\n<td class=\"a-right specvalue\">-20 &#8230; +55 \u00b0C<\/td>\n<\/tr>\n<tr class=\"even\">\n<td class=\"a-left specname\" data-option-id=\"13\">Poids<\/td>\n<td class=\"a-right specvalue\">1,04 KG<\/td>\n<\/tr>\n<\/tbody>\n<\/table>\n","protected":false},"excerpt":{"rendered":"<p>Niveau laser 5 lignes CT44024 BMC CROWN, avec tr\u00e9pied 02330 CA-P107-S135 SEA Accessoires inclus: Niveau laser, Chargeur, Batterie, Manuel d&rsquo;utilisation, Lunettes de protection, Ceinture de transport, Tr\u00e9pied. Caract\u00e9ristiques techniques: Poutres projet\u00e9es 4V 1H 1D Plage de travail 30 M Pr\u00e9cision de nivellement &#8211; poutre horizontale \u00b11 MM \u00e0 7 M Pr\u00e9cision de nivellement &#8211; faisceau [&hellip;]<\/p>\n","protected":false},"featured_media":5184,"template":"","meta":{"jetpack_post_was_ever_published":false,"jetpack_publicize_message":"","jetpack_publicize_feature_enabled":true,"jetpack_social_post_already_shared":false,"jetpack_social_options":{"image_generator_settings":{"template":"highway","default_image_id":0,"font":"","enabled":false},"version":2}},"product_brand":[1113],"product_cat":[205],"product_tag":[210,815,274],"class_list":{"0":"post-5183","1":"product","2":"type-product","3":"status-publish","4":"has-post-thumbnail","6":"product_brand-crown","7":"product_cat-electoportatif","8":"product_tag-crown","9":"product_tag-laser","10":"product_tag-niveau","12":"first","13":"outofstock","14":"purchasable","15":"product-type-simple"},"yoast_head":"<!-- This site is optimized with the Yoast SEO Premium plugin v20.0 (Yoast SEO v27.3) - https:\/\/yoast.com\/product\/yoast-seo-premium-wordpress\/ -->\n<title>Niveau laser CT44024 BMC avec tr\u00e9piedCA-P107-S135 SEA CROWN - DEKKAL<\/title>\n<meta name=\"robots\" content=\"index, follow, max-snippet:-1, max-image-preview:large, max-video-preview:-1\" \/>\n<link rel=\"canonical\" href=\"https:\/\/dekkal-quincaillerie.dz\/fr\/produit\/niveau-laser-crown-ct44024-bmc\/\" \/>\n<script type=\"application\/ld+json\" class=\"yoast-schema-graph\">{\"@context\":\"https:\\\/\\\/schema.org\",\"@graph\":[{\"@type\":\"WebPage\",\"@id\":\"https:\\\/\\\/dekkal-quincaillerie.dz\\\/fr\\\/produit\\\/niveau-laser-crown-ct44024-bmc\\\/\",\"url\":\"https:\\\/\\\/dekkal-quincaillerie.dz\\\/fr\\\/produit\\\/niveau-laser-crown-ct44024-bmc\\\/\",\"name\":\"Niveau laser CT44024 BMC avec tr\u00e9piedCA-P107-S135 SEA CROWN - DEKKAL\",\"isPartOf\":{\"@id\":\"https:\\\/\\\/dekkal-quincaillerie.dz\\\/fr\\\/#website\"},\"primaryImageOfPage\":{\"@id\":\"https:\\\/\\\/dekkal-quincaillerie.dz\\\/fr\\\/produit\\\/niveau-laser-crown-ct44024-bmc\\\/#primaryimage\"},\"image\":{\"@id\":\"https:\\\/\\\/dekkal-quincaillerie.dz\\\/fr\\\/produit\\\/niveau-laser-crown-ct44024-bmc\\\/#primaryimage\"},\"thumbnailUrl\":\"https:\\\/\\\/dekkal-quincaillerie.dz\\\/fr\\\/wp-content\\\/uploads\\\/2022\\\/03\\\/CT44024.avif\",\"datePublished\":\"2022-03-19T19:13:52+00:00\",\"dateModified\":\"2025-03-22T07:16:44+00:00\",\"breadcrumb\":{\"@id\":\"https:\\\/\\\/dekkal-quincaillerie.dz\\\/fr\\\/produit\\\/niveau-laser-crown-ct44024-bmc\\\/#breadcrumb\"},\"inLanguage\":\"fr-FR\",\"potentialAction\":[{\"@type\":\"ReadAction\",\"target\":[\"https:\\\/\\\/dekkal-quincaillerie.dz\\\/fr\\\/produit\\\/niveau-laser-crown-ct44024-bmc\\\/\"]}]},{\"@type\":\"ImageObject\",\"inLanguage\":\"fr-FR\",\"@id\":\"https:\\\/\\\/dekkal-quincaillerie.dz\\\/fr\\\/produit\\\/niveau-laser-crown-ct44024-bmc\\\/#primaryimage\",\"url\":\"https:\\\/\\\/dekkal-quincaillerie.dz\\\/fr\\\/wp-content\\\/uploads\\\/2022\\\/03\\\/CT44024.avif\",\"contentUrl\":\"https:\\\/\\\/dekkal-quincaillerie.dz\\\/fr\\\/wp-content\\\/uploads\\\/2022\\\/03\\\/CT44024.avif\",\"width\":657,\"height\":491},{\"@type\":\"BreadcrumbList\",\"@id\":\"https:\\\/\\\/dekkal-quincaillerie.dz\\\/fr\\\/produit\\\/niveau-laser-crown-ct44024-bmc\\\/#breadcrumb\",\"itemListElement\":[{\"@type\":\"ListItem\",\"position\":1,\"name\":\"Accueil\",\"item\":\"https:\\\/\\\/dekkal-quincaillerie.dz\\\/fr\\\/\"},{\"@type\":\"ListItem\",\"position\":2,\"name\":\"Boutique\",\"item\":\"https:\\\/\\\/dekkal-quincaillerie.dz\\\/fr\\\/boutique\\\/\"},{\"@type\":\"ListItem\",\"position\":3,\"name\":\"Niveau laser CT44024 BMC avec tr\u00e9piedCA-P107-S135 SEA CROWN\"}]},{\"@type\":\"WebSite\",\"@id\":\"https:\\\/\\\/dekkal-quincaillerie.dz\\\/fr\\\/#website\",\"url\":\"https:\\\/\\\/dekkal-quincaillerie.dz\\\/fr\\\/\",\"name\":\"DEKKAL\",\"description\":\"\",\"publisher\":{\"@id\":\"https:\\\/\\\/dekkal-quincaillerie.dz\\\/fr\\\/#organization\"},\"potentialAction\":[{\"@type\":\"SearchAction\",\"target\":{\"@type\":\"EntryPoint\",\"urlTemplate\":\"https:\\\/\\\/dekkal-quincaillerie.dz\\\/fr\\\/?s={search_term_string}\"},\"query-input\":{\"@type\":\"PropertyValueSpecification\",\"valueRequired\":true,\"valueName\":\"search_term_string\"}}],\"inLanguage\":\"fr-FR\"},{\"@type\":\"Organization\",\"@id\":\"https:\\\/\\\/dekkal-quincaillerie.dz\\\/fr\\\/#organization\",\"name\":\"DEKKAL QUINCAILLERIE\",\"url\":\"https:\\\/\\\/dekkal-quincaillerie.dz\\\/fr\\\/\",\"logo\":{\"@type\":\"ImageObject\",\"inLanguage\":\"fr-FR\",\"@id\":\"https:\\\/\\\/dekkal-quincaillerie.dz\\\/fr\\\/#\\\/schema\\\/logo\\\/image\\\/\",\"url\":\"https:\\\/\\\/dekkal-quincaillerie.dz\\\/fr\\\/wp-content\\\/uploads\\\/2022\\\/03\\\/image_2022-03-19_172411.png\",\"contentUrl\":\"https:\\\/\\\/dekkal-quincaillerie.dz\\\/fr\\\/wp-content\\\/uploads\\\/2022\\\/03\\\/image_2022-03-19_172411.png\",\"width\":851,\"height\":315,\"caption\":\"DEKKAL QUINCAILLERIE\"},\"image\":{\"@id\":\"https:\\\/\\\/dekkal-quincaillerie.dz\\\/fr\\\/#\\\/schema\\\/logo\\\/image\\\/\"},\"sameAs\":[\"https:\\\/\\\/www.facebook.com\\\/ets.dekkal.1\",\"https:\\\/\\\/www.instagram.com\\\/ets.dekkal\\\/\"]}]}<\/script>\n<!-- \/ Yoast SEO Premium plugin. -->","yoast_head_json":{"title":"Niveau laser CT44024 BMC avec tr\u00e9piedCA-P107-S135 SEA CROWN - DEKKAL","robots":{"index":"index","follow":"follow","max-snippet":"max-snippet:-1","max-image-preview":"max-image-preview:large","max-video-preview":"max-video-preview:-1"},"canonical":"https:\/\/dekkal-quincaillerie.dz\/fr\/produit\/niveau-laser-crown-ct44024-bmc\/","schema":{"@context":"https:\/\/schema.org","@graph":[{"@type":"WebPage","@id":"https:\/\/dekkal-quincaillerie.dz\/fr\/produit\/niveau-laser-crown-ct44024-bmc\/","url":"https:\/\/dekkal-quincaillerie.dz\/fr\/produit\/niveau-laser-crown-ct44024-bmc\/","name":"Niveau laser CT44024 BMC avec tr\u00e9piedCA-P107-S135 SEA CROWN - DEKKAL","isPartOf":{"@id":"https:\/\/dekkal-quincaillerie.dz\/fr\/#website"},"primaryImageOfPage":{"@id":"https:\/\/dekkal-quincaillerie.dz\/fr\/produit\/niveau-laser-crown-ct44024-bmc\/#primaryimage"},"image":{"@id":"https:\/\/dekkal-quincaillerie.dz\/fr\/produit\/niveau-laser-crown-ct44024-bmc\/#primaryimage"},"thumbnailUrl":"https:\/\/dekkal-quincaillerie.dz\/fr\/wp-content\/uploads\/2022\/03\/CT44024.avif","datePublished":"2022-03-19T19:13:52+00:00","dateModified":"2025-03-22T07:16:44+00:00","breadcrumb":{"@id":"https:\/\/dekkal-quincaillerie.dz\/fr\/produit\/niveau-laser-crown-ct44024-bmc\/#breadcrumb"},"inLanguage":"fr-FR","potentialAction":[{"@type":"ReadAction","target":["https:\/\/dekkal-quincaillerie.dz\/fr\/produit\/niveau-laser-crown-ct44024-bmc\/"]}]},{"@type":"ImageObject","inLanguage":"fr-FR","@id":"https:\/\/dekkal-quincaillerie.dz\/fr\/produit\/niveau-laser-crown-ct44024-bmc\/#primaryimage","url":"https:\/\/dekkal-quincaillerie.dz\/fr\/wp-content\/uploads\/2022\/03\/CT44024.avif","contentUrl":"https:\/\/dekkal-quincaillerie.dz\/fr\/wp-content\/uploads\/2022\/03\/CT44024.avif","width":657,"height":491},{"@type":"BreadcrumbList","@id":"https:\/\/dekkal-quincaillerie.dz\/fr\/produit\/niveau-laser-crown-ct44024-bmc\/#breadcrumb","itemListElement":[{"@type":"ListItem","position":1,"name":"Accueil","item":"https:\/\/dekkal-quincaillerie.dz\/fr\/"},{"@type":"ListItem","position":2,"name":"Boutique","item":"https:\/\/dekkal-quincaillerie.dz\/fr\/boutique\/"},{"@type":"ListItem","position":3,"name":"Niveau laser CT44024 BMC avec tr\u00e9piedCA-P107-S135 SEA CROWN"}]},{"@type":"WebSite","@id":"https:\/\/dekkal-quincaillerie.dz\/fr\/#website","url":"https:\/\/dekkal-quincaillerie.dz\/fr\/","name":"DEKKAL","description":"","publisher":{"@id":"https:\/\/dekkal-quincaillerie.dz\/fr\/#organization"},"potentialAction":[{"@type":"SearchAction","target":{"@type":"EntryPoint","urlTemplate":"https:\/\/dekkal-quincaillerie.dz\/fr\/?s={search_term_string}"},"query-input":{"@type":"PropertyValueSpecification","valueRequired":true,"valueName":"search_term_string"}}],"inLanguage":"fr-FR"},{"@type":"Organization","@id":"https:\/\/dekkal-quincaillerie.dz\/fr\/#organization","name":"DEKKAL QUINCAILLERIE","url":"https:\/\/dekkal-quincaillerie.dz\/fr\/","logo":{"@type":"ImageObject","inLanguage":"fr-FR","@id":"https:\/\/dekkal-quincaillerie.dz\/fr\/#\/schema\/logo\/image\/","url":"https:\/\/dekkal-quincaillerie.dz\/fr\/wp-content\/uploads\/2022\/03\/image_2022-03-19_172411.png","contentUrl":"https:\/\/dekkal-quincaillerie.dz\/fr\/wp-content\/uploads\/2022\/03\/image_2022-03-19_172411.png","width":851,"height":315,"caption":"DEKKAL QUINCAILLERIE"},"image":{"@id":"https:\/\/dekkal-quincaillerie.dz\/fr\/#\/schema\/logo\/image\/"},"sameAs":["https:\/\/www.facebook.com\/ets.dekkal.1","https:\/\/www.instagram.com\/ets.dekkal\/"]}]}},"jetpack_publicize_connections":[],"jetpack-related-posts":[{"id":5189,"url":"https:\/\/dekkal-quincaillerie.dz\/fr\/produit\/niveau-laser-crown-ct44022-bmc\/","url_meta":{"origin":5183,"position":0},"title":"Niveau laser CT44022 BMC avec tr\u00e9pied CA-P107-S135 SEA CROWN","author":"admin","date":"mars 19, 2022","format":false,"excerpt":"","rel":"","context":"Article similaire","block_context":{"text":"Article similaire","link":""},"img":{"alt_text":"","src":"https:\/\/dekkal-quincaillerie.dz\/fr\/wp-content\/uploads\/2022\/03\/CT44022-1.avif","width":350,"height":200,"srcset":"https:\/\/dekkal-quincaillerie.dz\/fr\/wp-content\/uploads\/2022\/03\/CT44022-1.avif 1x, https:\/\/dekkal-quincaillerie.dz\/fr\/wp-content\/uploads\/2022\/03\/CT44022-1.avif 1.5x"},"classes":[]},{"id":5178,"url":"https:\/\/dekkal-quincaillerie.dz\/fr\/produit\/niveau-laser-crown-ct44023-bmc\/","url_meta":{"origin":5183,"position":1},"title":"Niveau laser CT44023 BMC avec tr\u00e9pied CA-P107-S135 SEA CROWN","author":"admin","date":"mars 19, 2022","format":false,"excerpt":"Niveau laser CT44023 BMC avec tr\u00e9pied CA-P107-S135 SEA CROWN Accessoires inclus: Niveau laser, Chargeur, Batterie, Manuel d'utilisation, Lunettes de protection, Ceinture de transport, Tr\u00e9pied. Sp\u00e9cifications techniques: Poutres projet\u00e9es 2V 1H 1D Plage de travail 30 M Pr\u00e9cision de nivellement \u2013 faisceau horizontal \u00b1 1 MM \u00e0 7 M Pr\u00e9cision de\u2026","rel":"","context":"Article similaire","block_context":{"text":"Article similaire","link":""},"img":{"alt_text":"","src":"https:\/\/dekkal-quincaillerie.dz\/fr\/wp-content\/uploads\/2022\/03\/CT22023-1.avif","width":350,"height":200,"srcset":"https:\/\/dekkal-quincaillerie.dz\/fr\/wp-content\/uploads\/2022\/03\/CT22023-1.avif 1x, https:\/\/dekkal-quincaillerie.dz\/fr\/wp-content\/uploads\/2022\/03\/CT22023-1.avif 1.5x, https:\/\/dekkal-quincaillerie.dz\/fr\/wp-content\/uploads\/2022\/03\/CT22023-1.avif 2x"},"classes":[]},{"id":4623,"url":"https:\/\/dekkal-quincaillerie.dz\/fr\/produit\/niveau-laser-ct-44022-bmc\/","url_meta":{"origin":5183,"position":2},"title":"Niveau laser avec tr\u00e9pied CT44022 BMC CROWN","author":"admin","date":"mars 19, 2022","format":false,"excerpt":"Niveau laser avec tr\u00e9pied CT44022 BMC CROWN Caract\u00e9ristiques : Poutres projet\u00e9es 1 V 1 H 1 D Port\u00e9e de travail 30 M Pr\u00e9cision de nivellement - faisceau horizontal \u00b1 1 MM \u00e0 7 M Pr\u00e9cision de nivellement - faisceau vertical \u00b1 1 MM \u00e0 7 M Temps d'autoclavage \u22645 s\u2026","rel":"","context":"Article similaire","block_context":{"text":"Article similaire","link":""},"img":{"alt_text":"","src":"","width":0,"height":0},"classes":[]},{"id":7543,"url":"https:\/\/dekkal-quincaillerie.dz\/fr\/produit\/niveau-laser-3-7v-30m-3-x-360-ct44048-r-mc-crown\/","url_meta":{"origin":5183,"position":3},"title":"NIVEAU LASER 3.7V 30M 3 X 360\u00b0 CT44048-R MC CROWN","author":"webmaster","date":"ao\u00fbt 12, 2023","format":false,"excerpt":"NIVEAU LASER 3.7V 30M 3 X 360\u00b0 CT44048-R MC CROWN \u00a0 Niveau laser CT44048-R MC CROWN poss\u00e8de 3 lignes de projection sur 360\u00b0; 2 verticales et 1 horizontale et a une port\u00e9e de 30m. Il est muni d'une batterie Li-Ion 3.7V, et d'une t\u00e9l\u00e9commande. Caract\u00e9ristiques: Lignes de projection : 2V\u2026","rel":"","context":"Article similaire","block_context":{"text":"Article similaire","link":""},"img":{"alt_text":"NIVEAU LASER 3.7V 30M 3 X 360\u00b0 CT44048-R MC","src":"https:\/\/dekkal-quincaillerie.dz\/fr\/wp-content\/uploads\/2023\/08\/ct44048.avif","width":350,"height":200,"srcset":"https:\/\/dekkal-quincaillerie.dz\/fr\/wp-content\/uploads\/2023\/08\/ct44048.avif 1x, https:\/\/dekkal-quincaillerie.dz\/fr\/wp-content\/uploads\/2023\/08\/ct44048.avif 1.5x"},"classes":[]},{"id":7723,"url":"https:\/\/dekkal-quincaillerie.dz\/fr\/produit\/niveau-laser-ct44047-crown\/","url_meta":{"origin":5183,"position":4},"title":"NIVEAU LASER CT44047 CROWN","author":"dekkal","date":"septembre 21, 2023","format":false,"excerpt":"NIVEAU LASER CT44047 CROWN \u00a0 Le NIVEAU LASER CT44047 CROWN fonctionne aves des pilles, et se caract\u00e9rise par: Faisceaux projet\u00e9s : 1V 1H Plage de travail : 30 m\u00e8tres Pr\u00e9cision de nivellement - faisceau horizontal : \u00b13mm \u00e0 10m Pr\u00e9cision de nivellement - faisceau vertical : \u00b13mm \u00e0 10m Temps\u2026","rel":"","context":"Article similaire","block_context":{"text":"Article similaire","link":""},"img":{"alt_text":"NIVEAU LASER CT44047 CROWN","src":"https:\/\/dekkal-quincaillerie.dz\/fr\/wp-content\/uploads\/2023\/09\/CT44047.avif","width":350,"height":200},"classes":[]},{"id":5623,"url":"https:\/\/dekkal-quincaillerie.dz\/fr\/produit\/niveau-laser-3-lignes-a-360-gll-3-80-bosch\/","url_meta":{"origin":5183,"position":5},"title":"Niveau laser 3 lignes \u00e0 360\u00b0 GLL3-80C BOSCH","author":"admin","date":"mars 19, 2022","format":false,"excerpt":"Niveau laser 3 lignes \u00e0 360\u00b0 GLL 3-80 BOCSH Caract\u00e9ristiques : Port\u00e9e avec cellule de r\u00e9ception, valeur 120 M Pr\u00e9cision \u00b1 0,3 MM\/M*\/** (* pour les 4 points d\u2019intersection horizontaux ; ** plus \u00e9cart li\u00e9 \u00e0 l\u2019utilisation) Projection 3 lignes \u00e0 360\u00b0 Diode laser Lignes : 630 - 650 NM,\u2026","rel":"","context":"Article similaire","block_context":{"text":"Article similaire","link":""},"img":{"alt_text":"","src":"https:\/\/dekkal-quincaillerie.dz\/fr\/wp-content\/uploads\/2022\/03\/IMG_20220212_095025.avif","width":350,"height":200,"srcset":"https:\/\/dekkal-quincaillerie.dz\/fr\/wp-content\/uploads\/2022\/03\/IMG_20220212_095025.avif 1x, https:\/\/dekkal-quincaillerie.dz\/fr\/wp-content\/uploads\/2022\/03\/IMG_20220212_095025.avif 1.5x, https:\/\/dekkal-quincaillerie.dz\/fr\/wp-content\/uploads\/2022\/03\/IMG_20220212_095025.avif 2x, https:\/\/dekkal-quincaillerie.dz\/fr\/wp-content\/uploads\/2022\/03\/IMG_20220212_095025.avif 3x, https:\/\/dekkal-quincaillerie.dz\/fr\/wp-content\/uploads\/2022\/03\/IMG_20220212_095025.avif 4x"},"classes":[]}],"jetpack_likes_enabled":true,"jetpack_sharing_enabled":true,"_links":{"self":[{"href":"https:\/\/dekkal-quincaillerie.dz\/fr\/wp-json\/wp\/v2\/product\/5183","targetHints":{"allow":["GET"]}}],"collection":[{"href":"https:\/\/dekkal-quincaillerie.dz\/fr\/wp-json\/wp\/v2\/product"}],"about":[{"href":"https:\/\/dekkal-quincaillerie.dz\/fr\/wp-json\/wp\/v2\/types\/product"}],"wp:featuredmedia":[{"embeddable":true,"href":"https:\/\/dekkal-quincaillerie.dz\/fr\/wp-json\/wp\/v2\/media\/5184"}],"wp:attachment":[{"href":"https:\/\/dekkal-quincaillerie.dz\/fr\/wp-json\/wp\/v2\/media?parent=5183"}],"wp:term":[{"taxonomy":"product_brand","embeddable":true,"href":"https:\/\/dekkal-quincaillerie.dz\/fr\/wp-json\/wp\/v2\/product_brand?post=5183"},{"taxonomy":"product_cat","embeddable":true,"href":"https:\/\/dekkal-quincaillerie.dz\/fr\/wp-json\/wp\/v2\/product_cat?post=5183"},{"taxonomy":"product_tag","embeddable":true,"href":"https:\/\/dekkal-quincaillerie.dz\/fr\/wp-json\/wp\/v2\/product_tag?post=5183"}],"curies":[{"name":"wp","href":"https:\/\/api.w.org\/{rel}","templated":true}]}}