{"id":5172,"date":"2022-03-19T19:13:49","date_gmt":"2022-03-19T19:13:49","guid":{"rendered":"https:\/\/dekkal-quincaillerie.dz\/fr\/index.php\/produit\/savon-pate-vacker-2\/"},"modified":"2025-03-22T07:16:44","modified_gmt":"2025-03-22T07:16:44","slug":"savon-pate-vacker-2","status":"publish","type":"product","link":"https:\/\/dekkal-quincaillerie.dz\/fr\/produit\/savon-pate-vacker-2\/","title":{"rendered":"Savon p\u00e2te fra\u00eecheur citron 6 KG VACKER"},"content":{"rendered":"<h3>Savon p\u00e2te fra\u00eecheur citron 6 KG VACKER<\/h3>\n<p>Efficace contre les salissures fortes et adh\u00e9rentes (graisse, rouille, encre,&#8230;).<\/p>\n","protected":false},"excerpt":{"rendered":"<p>Savon p\u00e2te pour les mains, id\u00e9al pour les personnes travaillant dans la m\u00e9canique et dans diff\u00e9rents ateliers. Gr\u00e2ce \u00e0 sa composition chimique, il \u00e9limine toutes les salet\u00e9s et la graisse. rapide et efficace.<\/p>\n<p>&nbsp;<\/p>\n","protected":false},"featured_media":5170,"template":"","meta":[],"product_brand":[],"product_cat":[639],"product_tag":[810,809,813],"class_list":{"0":"post-5172","1":"product","2":"type-product","3":"status-publish","4":"has-post-thumbnail","6":"product_cat-divers","7":"product_tag-pate","8":"product_tag-savon","9":"product_tag-vacker","11":"first","12":"outofstock","13":"purchasable","14":"product-type-simple"},"yoast_head":"<!-- This site is optimized with the Yoast SEO Premium plugin v20.0 (Yoast SEO v27.4) - https:\/\/yoast.com\/product\/yoast-seo-premium-wordpress\/ -->\n<title>Savon p\u00e2te fra\u00eecheur citron 6 KG VACKER - DEKKAL<\/title>\n<meta name=\"robots\" content=\"index, follow, max-snippet:-1, max-image-preview:large, max-video-preview:-1\" \/>\n<link rel=\"canonical\" href=\"https:\/\/dekkal-quincaillerie.dz\/fr\/produit\/savon-pate-vacker-2\/\" \/>\n<script type=\"application\/ld+json\" class=\"yoast-schema-graph\">{\"@context\":\"https:\\\/\\\/schema.org\",\"@graph\":[{\"@type\":\"WebPage\",\"@id\":\"https:\\\/\\\/dekkal-quincaillerie.dz\\\/fr\\\/produit\\\/savon-pate-vacker-2\\\/\",\"url\":\"https:\\\/\\\/dekkal-quincaillerie.dz\\\/fr\\\/produit\\\/savon-pate-vacker-2\\\/\",\"name\":\"Savon p\u00e2te fra\u00eecheur citron 6 KG VACKER - DEKKAL\",\"isPartOf\":{\"@id\":\"https:\\\/\\\/dekkal-quincaillerie.dz\\\/fr\\\/#website\"},\"primaryImageOfPage\":{\"@id\":\"https:\\\/\\\/dekkal-quincaillerie.dz\\\/fr\\\/produit\\\/savon-pate-vacker-2\\\/#primaryimage\"},\"image\":{\"@id\":\"https:\\\/\\\/dekkal-quincaillerie.dz\\\/fr\\\/produit\\\/savon-pate-vacker-2\\\/#primaryimage\"},\"thumbnailUrl\":\"https:\\\/\\\/dekkal-quincaillerie.dz\\\/fr\\\/wp-content\\\/uploads\\\/2022\\\/03\\\/IMG_20210608_1017131.avif\",\"datePublished\":\"2022-03-19T19:13:49+00:00\",\"dateModified\":\"2025-03-22T07:16:44+00:00\",\"breadcrumb\":{\"@id\":\"https:\\\/\\\/dekkal-quincaillerie.dz\\\/fr\\\/produit\\\/savon-pate-vacker-2\\\/#breadcrumb\"},\"inLanguage\":\"fr-FR\",\"potentialAction\":[{\"@type\":\"ReadAction\",\"target\":[\"https:\\\/\\\/dekkal-quincaillerie.dz\\\/fr\\\/produit\\\/savon-pate-vacker-2\\\/\"]}]},{\"@type\":\"ImageObject\",\"inLanguage\":\"fr-FR\",\"@id\":\"https:\\\/\\\/dekkal-quincaillerie.dz\\\/fr\\\/produit\\\/savon-pate-vacker-2\\\/#primaryimage\",\"url\":\"https:\\\/\\\/dekkal-quincaillerie.dz\\\/fr\\\/wp-content\\\/uploads\\\/2022\\\/03\\\/IMG_20210608_1017131.avif\",\"contentUrl\":\"https:\\\/\\\/dekkal-quincaillerie.dz\\\/fr\\\/wp-content\\\/uploads\\\/2022\\\/03\\\/IMG_20210608_1017131.avif\",\"width\":1967,\"height\":1829},{\"@type\":\"BreadcrumbList\",\"@id\":\"https:\\\/\\\/dekkal-quincaillerie.dz\\\/fr\\\/produit\\\/savon-pate-vacker-2\\\/#breadcrumb\",\"itemListElement\":[{\"@type\":\"ListItem\",\"position\":1,\"name\":\"Accueil\",\"item\":\"https:\\\/\\\/dekkal-quincaillerie.dz\\\/fr\\\/\"},{\"@type\":\"ListItem\",\"position\":2,\"name\":\"Boutique\",\"item\":\"https:\\\/\\\/dekkal-quincaillerie.dz\\\/fr\\\/boutique\\\/\"},{\"@type\":\"ListItem\",\"position\":3,\"name\":\"Savon p\u00e2te fra\u00eecheur citron 6 KG VACKER\"}]},{\"@type\":\"WebSite\",\"@id\":\"https:\\\/\\\/dekkal-quincaillerie.dz\\\/fr\\\/#website\",\"url\":\"https:\\\/\\\/dekkal-quincaillerie.dz\\\/fr\\\/\",\"name\":\"DEKKAL\",\"description\":\"\",\"publisher\":{\"@id\":\"https:\\\/\\\/dekkal-quincaillerie.dz\\\/fr\\\/#organization\"},\"potentialAction\":[{\"@type\":\"SearchAction\",\"target\":{\"@type\":\"EntryPoint\",\"urlTemplate\":\"https:\\\/\\\/dekkal-quincaillerie.dz\\\/fr\\\/?s={search_term_string}\"},\"query-input\":{\"@type\":\"PropertyValueSpecification\",\"valueRequired\":true,\"valueName\":\"search_term_string\"}}],\"inLanguage\":\"fr-FR\"},{\"@type\":\"Organization\",\"@id\":\"https:\\\/\\\/dekkal-quincaillerie.dz\\\/fr\\\/#organization\",\"name\":\"DEKKAL QUINCAILLERIE\",\"url\":\"https:\\\/\\\/dekkal-quincaillerie.dz\\\/fr\\\/\",\"logo\":{\"@type\":\"ImageObject\",\"inLanguage\":\"fr-FR\",\"@id\":\"https:\\\/\\\/dekkal-quincaillerie.dz\\\/fr\\\/#\\\/schema\\\/logo\\\/image\\\/\",\"url\":\"https:\\\/\\\/dekkal-quincaillerie.dz\\\/fr\\\/wp-content\\\/uploads\\\/2022\\\/03\\\/image_2022-03-19_172411.png\",\"contentUrl\":\"https:\\\/\\\/dekkal-quincaillerie.dz\\\/fr\\\/wp-content\\\/uploads\\\/2022\\\/03\\\/image_2022-03-19_172411.png\",\"width\":851,\"height\":315,\"caption\":\"DEKKAL QUINCAILLERIE\"},\"image\":{\"@id\":\"https:\\\/\\\/dekkal-quincaillerie.dz\\\/fr\\\/#\\\/schema\\\/logo\\\/image\\\/\"},\"sameAs\":[\"https:\\\/\\\/www.facebook.com\\\/ets.dekkal.1\",\"https:\\\/\\\/www.instagram.com\\\/ets.dekkal\\\/\"]}]}<\/script>\n<!-- \/ Yoast SEO Premium plugin. -->","yoast_head_json":{"title":"Savon p\u00e2te fra\u00eecheur citron 6 KG VACKER - DEKKAL","robots":{"index":"index","follow":"follow","max-snippet":"max-snippet:-1","max-image-preview":"max-image-preview:large","max-video-preview":"max-video-preview:-1"},"canonical":"https:\/\/dekkal-quincaillerie.dz\/fr\/produit\/savon-pate-vacker-2\/","schema":{"@context":"https:\/\/schema.org","@graph":[{"@type":"WebPage","@id":"https:\/\/dekkal-quincaillerie.dz\/fr\/produit\/savon-pate-vacker-2\/","url":"https:\/\/dekkal-quincaillerie.dz\/fr\/produit\/savon-pate-vacker-2\/","name":"Savon p\u00e2te fra\u00eecheur citron 6 KG VACKER - DEKKAL","isPartOf":{"@id":"https:\/\/dekkal-quincaillerie.dz\/fr\/#website"},"primaryImageOfPage":{"@id":"https:\/\/dekkal-quincaillerie.dz\/fr\/produit\/savon-pate-vacker-2\/#primaryimage"},"image":{"@id":"https:\/\/dekkal-quincaillerie.dz\/fr\/produit\/savon-pate-vacker-2\/#primaryimage"},"thumbnailUrl":"https:\/\/dekkal-quincaillerie.dz\/fr\/wp-content\/uploads\/2022\/03\/IMG_20210608_1017131.avif","datePublished":"2022-03-19T19:13:49+00:00","dateModified":"2025-03-22T07:16:44+00:00","breadcrumb":{"@id":"https:\/\/dekkal-quincaillerie.dz\/fr\/produit\/savon-pate-vacker-2\/#breadcrumb"},"inLanguage":"fr-FR","potentialAction":[{"@type":"ReadAction","target":["https:\/\/dekkal-quincaillerie.dz\/fr\/produit\/savon-pate-vacker-2\/"]}]},{"@type":"ImageObject","inLanguage":"fr-FR","@id":"https:\/\/dekkal-quincaillerie.dz\/fr\/produit\/savon-pate-vacker-2\/#primaryimage","url":"https:\/\/dekkal-quincaillerie.dz\/fr\/wp-content\/uploads\/2022\/03\/IMG_20210608_1017131.avif","contentUrl":"https:\/\/dekkal-quincaillerie.dz\/fr\/wp-content\/uploads\/2022\/03\/IMG_20210608_1017131.avif","width":1967,"height":1829},{"@type":"BreadcrumbList","@id":"https:\/\/dekkal-quincaillerie.dz\/fr\/produit\/savon-pate-vacker-2\/#breadcrumb","itemListElement":[{"@type":"ListItem","position":1,"name":"Accueil","item":"https:\/\/dekkal-quincaillerie.dz\/fr\/"},{"@type":"ListItem","position":2,"name":"Boutique","item":"https:\/\/dekkal-quincaillerie.dz\/fr\/boutique\/"},{"@type":"ListItem","position":3,"name":"Savon p\u00e2te fra\u00eecheur citron 6 KG VACKER"}]},{"@type":"WebSite","@id":"https:\/\/dekkal-quincaillerie.dz\/fr\/#website","url":"https:\/\/dekkal-quincaillerie.dz\/fr\/","name":"DEKKAL","description":"","publisher":{"@id":"https:\/\/dekkal-quincaillerie.dz\/fr\/#organization"},"potentialAction":[{"@type":"SearchAction","target":{"@type":"EntryPoint","urlTemplate":"https:\/\/dekkal-quincaillerie.dz\/fr\/?s={search_term_string}"},"query-input":{"@type":"PropertyValueSpecification","valueRequired":true,"valueName":"search_term_string"}}],"inLanguage":"fr-FR"},{"@type":"Organization","@id":"https:\/\/dekkal-quincaillerie.dz\/fr\/#organization","name":"DEKKAL QUINCAILLERIE","url":"https:\/\/dekkal-quincaillerie.dz\/fr\/","logo":{"@type":"ImageObject","inLanguage":"fr-FR","@id":"https:\/\/dekkal-quincaillerie.dz\/fr\/#\/schema\/logo\/image\/","url":"https:\/\/dekkal-quincaillerie.dz\/fr\/wp-content\/uploads\/2022\/03\/image_2022-03-19_172411.png","contentUrl":"https:\/\/dekkal-quincaillerie.dz\/fr\/wp-content\/uploads\/2022\/03\/image_2022-03-19_172411.png","width":851,"height":315,"caption":"DEKKAL QUINCAILLERIE"},"image":{"@id":"https:\/\/dekkal-quincaillerie.dz\/fr\/#\/schema\/logo\/image\/"},"sameAs":["https:\/\/www.facebook.com\/ets.dekkal.1","https:\/\/www.instagram.com\/ets.dekkal\/"]}]}},"_links":{"self":[{"href":"https:\/\/dekkal-quincaillerie.dz\/fr\/wp-json\/wp\/v2\/product\/5172","targetHints":{"allow":["GET"]}}],"collection":[{"href":"https:\/\/dekkal-quincaillerie.dz\/fr\/wp-json\/wp\/v2\/product"}],"about":[{"href":"https:\/\/dekkal-quincaillerie.dz\/fr\/wp-json\/wp\/v2\/types\/product"}],"wp:featuredmedia":[{"embeddable":true,"href":"https:\/\/dekkal-quincaillerie.dz\/fr\/wp-json\/wp\/v2\/media\/5170"}],"wp:attachment":[{"href":"https:\/\/dekkal-quincaillerie.dz\/fr\/wp-json\/wp\/v2\/media?parent=5172"}],"wp:term":[{"taxonomy":"product_brand","embeddable":true,"href":"https:\/\/dekkal-quincaillerie.dz\/fr\/wp-json\/wp\/v2\/product_brand?post=5172"},{"taxonomy":"product_cat","embeddable":true,"href":"https:\/\/dekkal-quincaillerie.dz\/fr\/wp-json\/wp\/v2\/product_cat?post=5172"},{"taxonomy":"product_tag","embeddable":true,"href":"https:\/\/dekkal-quincaillerie.dz\/fr\/wp-json\/wp\/v2\/product_tag?post=5172"}],"curies":[{"name":"wp","href":"https:\/\/api.w.org\/{rel}","templated":true}]}}