{"id":5083,"date":"2022-03-19T19:02:57","date_gmt":"2022-03-19T19:02:57","guid":{"rendered":"https:\/\/dekkal-quincaillerie.dz\/fr\/index.php\/produit\/mastic-silicone-abro-1200\/"},"modified":"2025-03-22T07:16:44","modified_gmt":"2025-03-22T07:16:44","slug":"mastic-silicone-abro-1200","status":"publish","type":"product","link":"https:\/\/dekkal-quincaillerie.dz\/fr\/produit\/mastic-silicone-abro-1200\/","title":{"rendered":"Mastic silicone blanc 280 ML  GP-1200-CLR ABRO 1200"},"content":{"rendered":"<h3>Mastic silicone blanc 280 ML GP-1200-CLR ABRO 1200<\/h3>\n<ul>\n<li>Utilisable pour diff\u00e9rents travaux d&rsquo;\u00e9tanch\u00e9it\u00e9.<\/li>\n<li>Usage multi-surface: bois, m\u00e9tal, verre, c\u00e9ramique, caoutchouc, sur les surfaces peintes.<\/li>\n<\/ul>\n","protected":false},"excerpt":{"rendered":"<p>Mastic silicone blanc 280 ML GP-1200-CLR ABRO 1200 Utilisable pour diff\u00e9rents travaux d&rsquo;\u00e9tanch\u00e9it\u00e9. Usage multi-surface: bois, m\u00e9tal, verre, c\u00e9ramique, caoutchouc, sur les surfaces peintes.<\/p>\n","protected":false},"featured_media":5084,"template":"","meta":{"jetpack_post_was_ever_published":false,"jetpack_publicize_message":"","jetpack_publicize_feature_enabled":true,"jetpack_social_post_already_shared":false,"jetpack_social_options":{"image_generator_settings":{"template":"highway","default_image_id":0,"font":"","enabled":false},"version":2}},"product_brand":[],"product_cat":[477],"product_tag":[772,768],"class_list":{"0":"post-5083","1":"product","2":"type-product","3":"status-publish","4":"has-post-thumbnail","6":"product_cat-etancheite","7":"product_tag-mastic","8":"product_tag-silicone","10":"first","11":"instock","12":"purchasable","13":"product-type-simple"},"yoast_head":"<!-- This site is optimized with the Yoast SEO Premium plugin v20.0 (Yoast SEO v27.3) - https:\/\/yoast.com\/product\/yoast-seo-premium-wordpress\/ -->\n<title>Mastic silicone blanc 280 ML GP-1200-CLR ABRO 1200 - DEKKAL<\/title>\n<meta name=\"robots\" content=\"index, follow, max-snippet:-1, max-image-preview:large, max-video-preview:-1\" \/>\n<link rel=\"canonical\" href=\"https:\/\/dekkal-quincaillerie.dz\/fr\/produit\/mastic-silicone-abro-1200\/\" \/>\n<script type=\"application\/ld+json\" class=\"yoast-schema-graph\">{\"@context\":\"https:\\\/\\\/schema.org\",\"@graph\":[{\"@type\":\"WebPage\",\"@id\":\"https:\\\/\\\/dekkal-quincaillerie.dz\\\/fr\\\/produit\\\/mastic-silicone-abro-1200\\\/\",\"url\":\"https:\\\/\\\/dekkal-quincaillerie.dz\\\/fr\\\/produit\\\/mastic-silicone-abro-1200\\\/\",\"name\":\"Mastic silicone blanc 280 ML GP-1200-CLR ABRO 1200 - DEKKAL\",\"isPartOf\":{\"@id\":\"https:\\\/\\\/dekkal-quincaillerie.dz\\\/fr\\\/#website\"},\"primaryImageOfPage\":{\"@id\":\"https:\\\/\\\/dekkal-quincaillerie.dz\\\/fr\\\/produit\\\/mastic-silicone-abro-1200\\\/#primaryimage\"},\"image\":{\"@id\":\"https:\\\/\\\/dekkal-quincaillerie.dz\\\/fr\\\/produit\\\/mastic-silicone-abro-1200\\\/#primaryimage\"},\"thumbnailUrl\":\"https:\\\/\\\/dekkal-quincaillerie.dz\\\/fr\\\/wp-content\\\/uploads\\\/2022\\\/03\\\/ABRO.avif\",\"datePublished\":\"2022-03-19T19:02:57+00:00\",\"dateModified\":\"2025-03-22T07:16:44+00:00\",\"breadcrumb\":{\"@id\":\"https:\\\/\\\/dekkal-quincaillerie.dz\\\/fr\\\/produit\\\/mastic-silicone-abro-1200\\\/#breadcrumb\"},\"inLanguage\":\"fr-FR\",\"potentialAction\":[{\"@type\":\"ReadAction\",\"target\":[\"https:\\\/\\\/dekkal-quincaillerie.dz\\\/fr\\\/produit\\\/mastic-silicone-abro-1200\\\/\"]}]},{\"@type\":\"ImageObject\",\"inLanguage\":\"fr-FR\",\"@id\":\"https:\\\/\\\/dekkal-quincaillerie.dz\\\/fr\\\/produit\\\/mastic-silicone-abro-1200\\\/#primaryimage\",\"url\":\"https:\\\/\\\/dekkal-quincaillerie.dz\\\/fr\\\/wp-content\\\/uploads\\\/2022\\\/03\\\/ABRO.avif\",\"contentUrl\":\"https:\\\/\\\/dekkal-quincaillerie.dz\\\/fr\\\/wp-content\\\/uploads\\\/2022\\\/03\\\/ABRO.avif\",\"width\":1401,\"height\":1867},{\"@type\":\"BreadcrumbList\",\"@id\":\"https:\\\/\\\/dekkal-quincaillerie.dz\\\/fr\\\/produit\\\/mastic-silicone-abro-1200\\\/#breadcrumb\",\"itemListElement\":[{\"@type\":\"ListItem\",\"position\":1,\"name\":\"Accueil\",\"item\":\"https:\\\/\\\/dekkal-quincaillerie.dz\\\/fr\\\/\"},{\"@type\":\"ListItem\",\"position\":2,\"name\":\"Boutique\",\"item\":\"https:\\\/\\\/dekkal-quincaillerie.dz\\\/fr\\\/boutique\\\/\"},{\"@type\":\"ListItem\",\"position\":3,\"name\":\"Mastic silicone blanc 280 ML GP-1200-CLR ABRO 1200\"}]},{\"@type\":\"WebSite\",\"@id\":\"https:\\\/\\\/dekkal-quincaillerie.dz\\\/fr\\\/#website\",\"url\":\"https:\\\/\\\/dekkal-quincaillerie.dz\\\/fr\\\/\",\"name\":\"DEKKAL\",\"description\":\"\",\"publisher\":{\"@id\":\"https:\\\/\\\/dekkal-quincaillerie.dz\\\/fr\\\/#organization\"},\"potentialAction\":[{\"@type\":\"SearchAction\",\"target\":{\"@type\":\"EntryPoint\",\"urlTemplate\":\"https:\\\/\\\/dekkal-quincaillerie.dz\\\/fr\\\/?s={search_term_string}\"},\"query-input\":{\"@type\":\"PropertyValueSpecification\",\"valueRequired\":true,\"valueName\":\"search_term_string\"}}],\"inLanguage\":\"fr-FR\"},{\"@type\":\"Organization\",\"@id\":\"https:\\\/\\\/dekkal-quincaillerie.dz\\\/fr\\\/#organization\",\"name\":\"DEKKAL QUINCAILLERIE\",\"url\":\"https:\\\/\\\/dekkal-quincaillerie.dz\\\/fr\\\/\",\"logo\":{\"@type\":\"ImageObject\",\"inLanguage\":\"fr-FR\",\"@id\":\"https:\\\/\\\/dekkal-quincaillerie.dz\\\/fr\\\/#\\\/schema\\\/logo\\\/image\\\/\",\"url\":\"https:\\\/\\\/dekkal-quincaillerie.dz\\\/fr\\\/wp-content\\\/uploads\\\/2022\\\/03\\\/image_2022-03-19_172411.png\",\"contentUrl\":\"https:\\\/\\\/dekkal-quincaillerie.dz\\\/fr\\\/wp-content\\\/uploads\\\/2022\\\/03\\\/image_2022-03-19_172411.png\",\"width\":851,\"height\":315,\"caption\":\"DEKKAL QUINCAILLERIE\"},\"image\":{\"@id\":\"https:\\\/\\\/dekkal-quincaillerie.dz\\\/fr\\\/#\\\/schema\\\/logo\\\/image\\\/\"},\"sameAs\":[\"https:\\\/\\\/www.facebook.com\\\/ets.dekkal.1\",\"https:\\\/\\\/www.instagram.com\\\/ets.dekkal\\\/\"]}]}<\/script>\n<!-- \/ Yoast SEO Premium plugin. -->","yoast_head_json":{"title":"Mastic silicone blanc 280 ML GP-1200-CLR ABRO 1200 - DEKKAL","robots":{"index":"index","follow":"follow","max-snippet":"max-snippet:-1","max-image-preview":"max-image-preview:large","max-video-preview":"max-video-preview:-1"},"canonical":"https:\/\/dekkal-quincaillerie.dz\/fr\/produit\/mastic-silicone-abro-1200\/","schema":{"@context":"https:\/\/schema.org","@graph":[{"@type":"WebPage","@id":"https:\/\/dekkal-quincaillerie.dz\/fr\/produit\/mastic-silicone-abro-1200\/","url":"https:\/\/dekkal-quincaillerie.dz\/fr\/produit\/mastic-silicone-abro-1200\/","name":"Mastic silicone blanc 280 ML GP-1200-CLR ABRO 1200 - DEKKAL","isPartOf":{"@id":"https:\/\/dekkal-quincaillerie.dz\/fr\/#website"},"primaryImageOfPage":{"@id":"https:\/\/dekkal-quincaillerie.dz\/fr\/produit\/mastic-silicone-abro-1200\/#primaryimage"},"image":{"@id":"https:\/\/dekkal-quincaillerie.dz\/fr\/produit\/mastic-silicone-abro-1200\/#primaryimage"},"thumbnailUrl":"https:\/\/dekkal-quincaillerie.dz\/fr\/wp-content\/uploads\/2022\/03\/ABRO.avif","datePublished":"2022-03-19T19:02:57+00:00","dateModified":"2025-03-22T07:16:44+00:00","breadcrumb":{"@id":"https:\/\/dekkal-quincaillerie.dz\/fr\/produit\/mastic-silicone-abro-1200\/#breadcrumb"},"inLanguage":"fr-FR","potentialAction":[{"@type":"ReadAction","target":["https:\/\/dekkal-quincaillerie.dz\/fr\/produit\/mastic-silicone-abro-1200\/"]}]},{"@type":"ImageObject","inLanguage":"fr-FR","@id":"https:\/\/dekkal-quincaillerie.dz\/fr\/produit\/mastic-silicone-abro-1200\/#primaryimage","url":"https:\/\/dekkal-quincaillerie.dz\/fr\/wp-content\/uploads\/2022\/03\/ABRO.avif","contentUrl":"https:\/\/dekkal-quincaillerie.dz\/fr\/wp-content\/uploads\/2022\/03\/ABRO.avif","width":1401,"height":1867},{"@type":"BreadcrumbList","@id":"https:\/\/dekkal-quincaillerie.dz\/fr\/produit\/mastic-silicone-abro-1200\/#breadcrumb","itemListElement":[{"@type":"ListItem","position":1,"name":"Accueil","item":"https:\/\/dekkal-quincaillerie.dz\/fr\/"},{"@type":"ListItem","position":2,"name":"Boutique","item":"https:\/\/dekkal-quincaillerie.dz\/fr\/boutique\/"},{"@type":"ListItem","position":3,"name":"Mastic silicone blanc 280 ML GP-1200-CLR ABRO 1200"}]},{"@type":"WebSite","@id":"https:\/\/dekkal-quincaillerie.dz\/fr\/#website","url":"https:\/\/dekkal-quincaillerie.dz\/fr\/","name":"DEKKAL","description":"","publisher":{"@id":"https:\/\/dekkal-quincaillerie.dz\/fr\/#organization"},"potentialAction":[{"@type":"SearchAction","target":{"@type":"EntryPoint","urlTemplate":"https:\/\/dekkal-quincaillerie.dz\/fr\/?s={search_term_string}"},"query-input":{"@type":"PropertyValueSpecification","valueRequired":true,"valueName":"search_term_string"}}],"inLanguage":"fr-FR"},{"@type":"Organization","@id":"https:\/\/dekkal-quincaillerie.dz\/fr\/#organization","name":"DEKKAL QUINCAILLERIE","url":"https:\/\/dekkal-quincaillerie.dz\/fr\/","logo":{"@type":"ImageObject","inLanguage":"fr-FR","@id":"https:\/\/dekkal-quincaillerie.dz\/fr\/#\/schema\/logo\/image\/","url":"https:\/\/dekkal-quincaillerie.dz\/fr\/wp-content\/uploads\/2022\/03\/image_2022-03-19_172411.png","contentUrl":"https:\/\/dekkal-quincaillerie.dz\/fr\/wp-content\/uploads\/2022\/03\/image_2022-03-19_172411.png","width":851,"height":315,"caption":"DEKKAL QUINCAILLERIE"},"image":{"@id":"https:\/\/dekkal-quincaillerie.dz\/fr\/#\/schema\/logo\/image\/"},"sameAs":["https:\/\/www.facebook.com\/ets.dekkal.1","https:\/\/www.instagram.com\/ets.dekkal\/"]}]}},"jetpack_publicize_connections":[],"jetpack-related-posts":[{"id":5080,"url":"https:\/\/dekkal-quincaillerie.dz\/fr\/produit\/silicone-multi-usage-pattex\/","url_meta":{"origin":5083,"position":0},"title":"Silicone multi-usage 280 ML PATTEX","author":"admin","date":"mars 19, 2022","format":false,"excerpt":"Silicone multi-usage 280 ML PATTEX Description : Utilisable en int\u00e9rieur et en ext\u00e9rieur, Utilisation multi-surface, R\u00e9siste au UV et aux intemp\u00e9ries. \u00a0","rel":"","context":"Article similaire","block_context":{"text":"Article similaire","link":""},"img":{"alt_text":"","src":"https:\/\/dekkal-quincaillerie.dz\/fr\/wp-content\/uploads\/2022\/03\/PATTEX.avif","width":350,"height":200,"srcset":"https:\/\/dekkal-quincaillerie.dz\/fr\/wp-content\/uploads\/2022\/03\/PATTEX.avif 1x, https:\/\/dekkal-quincaillerie.dz\/fr\/wp-content\/uploads\/2022\/03\/PATTEX.avif 1.5x, https:\/\/dekkal-quincaillerie.dz\/fr\/wp-content\/uploads\/2022\/03\/PATTEX.avif 2x, https:\/\/dekkal-quincaillerie.dz\/fr\/wp-content\/uploads\/2022\/03\/PATTEX.avif 3x, https:\/\/dekkal-quincaillerie.dz\/fr\/wp-content\/uploads\/2022\/03\/PATTEX.avif 4x"},"classes":[]},{"id":4995,"url":"https:\/\/dekkal-quincaillerie.dz\/fr\/produit\/debroussailleuse-worcraft-gt43-420\/","url_meta":{"origin":5083,"position":1},"title":"D\u00e9broussailleuse \u00e0 essence 1200 W GT43-420 WORCRAFT","author":"admin","date":"mars 19, 2022","format":false,"excerpt":"D\u00e9broussailleuse \u00e0 essence 1200 W GT43-420 WORCRAFT Caract\u00e9ristiques: puissance du moteur 1200 W Moteur 42,7 CC r\u00e9gime \u00e0 vide 9000 TR\/MIN Volume du r\u00e9servoir 1200 ML du m\u00e9lange de carburant essence sans plomb et d\u2019 huile dans un rapport de 40: 1 Diam\u00e8tre de coupe 430 MM Diam\u00e8tre de lame\u2026","rel":"","context":"Article similaire","block_context":{"text":"Article similaire","link":""},"img":{"alt_text":"","src":"https:\/\/dekkal-quincaillerie.dz\/fr\/wp-content\/uploads\/2022\/03\/worcraft.avif","width":350,"height":200,"srcset":"https:\/\/dekkal-quincaillerie.dz\/fr\/wp-content\/uploads\/2022\/03\/worcraft.avif 1x, https:\/\/dekkal-quincaillerie.dz\/fr\/wp-content\/uploads\/2022\/03\/worcraft.avif 1.5x"},"classes":[]},{"id":14394,"url":"https:\/\/dekkal-quincaillerie.dz\/fr\/produit\/resistance-electrique-1200w-lx-2820-pacific\/","url_meta":{"origin":5083,"position":2},"title":"RESISTANCE ELECTRIQUE 1200W LX-2820 PACIFIC","author":"webmaster","date":"novembre 23, 2025","format":false,"excerpt":"\u00a0R\u00e9sistance \u00c9lectrique 1200 W LX-2820 PACIFIC \u00a0 La R\u00c9SISTANCE ELECTRIQUE 1200W LX-2820\u00a0est un composant essentiel pour vos installations \u00e9lectriques n\u00e9cessitant une performance de chauffage optimale. Con\u00e7ue pour \u00eatre robuste et durable, cette r\u00e9sistance blind\u00e9e de 1200 W assure un chauffage rapide et homog\u00e8ne. Elle est id\u00e9ale pour une utilisation dans\u2026","rel":"","context":"Article similaire","block_context":{"text":"Article similaire","link":""},"img":{"alt_text":"Radiateur \u00e9lectrique avec \u00e9l\u00e9ments chauffants \u00e0 r\u00e9sistance en fonctionnement.","src":"https:\/\/dekkal-quincaillerie.dz\/fr\/wp-content\/uploads\/2025\/11\/Resistance-1200-W-LX-2820.avif","width":350,"height":200,"srcset":"https:\/\/dekkal-quincaillerie.dz\/fr\/wp-content\/uploads\/2025\/11\/Resistance-1200-W-LX-2820.avif 1x, https:\/\/dekkal-quincaillerie.dz\/fr\/wp-content\/uploads\/2025\/11\/Resistance-1200-W-LX-2820.avif 1.5x, https:\/\/dekkal-quincaillerie.dz\/fr\/wp-content\/uploads\/2025\/11\/Resistance-1200-W-LX-2820.avif 2x, https:\/\/dekkal-quincaillerie.dz\/fr\/wp-content\/uploads\/2025\/11\/Resistance-1200-W-LX-2820.avif 3x"},"classes":[]},{"id":6538,"url":"https:\/\/dekkal-quincaillerie.dz\/fr\/produit\/mastic-vitrier-blanc-700g-saada\/","url_meta":{"origin":5083,"position":3},"title":"MASTIC VITRIER BLANC 700G SAADA","author":"webmaster","date":"septembre 12, 2022","format":false,"excerpt":"MASTIC VITRIER BLANC 700G SAADA C'est une pate \u00e9paisse \u00e9tanche, utilis\u00e9 pour \u00e9tanch\u00e9ifier les contours des fen\u00eatres simple vitrage CARACTERISTIQUE: Pr\u00eat \u00e0 l\u2019emploi. Pas de morcellement ou de fissures apr\u00e8s durcissement. Lissage facile. N\u2019entra\u00eene pas la formation de taches sur les supports poreux (migration des plastifiants).","rel":"","context":"Article similaire","block_context":{"text":"Article similaire","link":""},"img":{"alt_text":"","src":"https:\/\/dekkal-quincaillerie.dz\/fr\/wp-content\/uploads\/2022\/08\/301509772_1023954404911931_3239342066200169877_n.avif","width":350,"height":200,"srcset":"https:\/\/dekkal-quincaillerie.dz\/fr\/wp-content\/uploads\/2022\/08\/301509772_1023954404911931_3239342066200169877_n.avif 1x, https:\/\/dekkal-quincaillerie.dz\/fr\/wp-content\/uploads\/2022\/08\/301509772_1023954404911931_3239342066200169877_n.avif 1.5x, https:\/\/dekkal-quincaillerie.dz\/fr\/wp-content\/uploads\/2022\/08\/301509772_1023954404911931_3239342066200169877_n.avif 2x, https:\/\/dekkal-quincaillerie.dz\/fr\/wp-content\/uploads\/2022\/08\/301509772_1023954404911931_3239342066200169877_n.avif 3x"},"classes":[]},{"id":4824,"url":"https:\/\/dekkal-quincaillerie.dz\/fr\/produit\/scie-sabre-o-230mm-1200w-gsa120\/","url_meta":{"origin":5083,"position":4},"title":"Scie sabre \u00d8 230 MM 1200 W GSA120 BOSCH","author":"admin","date":"mars 19, 2022","format":false,"excerpt":"Plus grande capacit\u00e9 de coupe gr\u00e2ce au nouveau syst\u00e8me de transmission de la scie sabre extr\u00eamement endurante.","rel":"","context":"Article similaire","block_context":{"text":"Article similaire","link":""},"img":{"alt_text":"","src":"https:\/\/dekkal-quincaillerie.dz\/fr\/wp-content\/uploads\/2022\/03\/scie-sabre-gsa-120-professional.avif","width":350,"height":200,"srcset":"https:\/\/dekkal-quincaillerie.dz\/fr\/wp-content\/uploads\/2022\/03\/scie-sabre-gsa-120-professional.avif 1x, https:\/\/dekkal-quincaillerie.dz\/fr\/wp-content\/uploads\/2022\/03\/scie-sabre-gsa-120-professional.avif 1.5x, https:\/\/dekkal-quincaillerie.dz\/fr\/wp-content\/uploads\/2022\/03\/scie-sabre-gsa-120-professional.avif 2x"},"classes":[]},{"id":4603,"url":"https:\/\/dekkal-quincaillerie.dz\/fr\/produit\/pistolet-de-peinture-electrique\/","url_meta":{"origin":5083,"position":5},"title":"Pistolet \u00e0 peinture \u00e9lectrique 700 W 800 ML CT31010 CROWN","author":"admin","date":"mars 19, 2022","format":false,"excerpt":"Pistolet \u00e0 peinture \u00e9lectrique 700 W 800 ML CT31010 CROWN Caract\u00e9ristiques : Puissance nominale: 700 W Capacit\u00e9 du r\u00e9servoir: 800 ML Max. pression de pulv\u00e9risation: 0.1-0.3 BAR Max. Viscosit\u00e9: 50 DIN-S Diam\u00e8tre \u00d8 de la buse:: 2.5 MM D\u00e9bit peinture maxi: 1200 ML\/MIN","rel":"","context":"Article similaire","block_context":{"text":"Article similaire","link":""},"img":{"alt_text":"","src":"https:\/\/dekkal-quincaillerie.dz\/fr\/wp-content\/uploads\/2022\/03\/CT31014.avif","width":350,"height":200},"classes":[]}],"jetpack_likes_enabled":true,"jetpack_sharing_enabled":true,"_links":{"self":[{"href":"https:\/\/dekkal-quincaillerie.dz\/fr\/wp-json\/wp\/v2\/product\/5083","targetHints":{"allow":["GET"]}}],"collection":[{"href":"https:\/\/dekkal-quincaillerie.dz\/fr\/wp-json\/wp\/v2\/product"}],"about":[{"href":"https:\/\/dekkal-quincaillerie.dz\/fr\/wp-json\/wp\/v2\/types\/product"}],"wp:featuredmedia":[{"embeddable":true,"href":"https:\/\/dekkal-quincaillerie.dz\/fr\/wp-json\/wp\/v2\/media\/5084"}],"wp:attachment":[{"href":"https:\/\/dekkal-quincaillerie.dz\/fr\/wp-json\/wp\/v2\/media?parent=5083"}],"wp:term":[{"taxonomy":"product_brand","embeddable":true,"href":"https:\/\/dekkal-quincaillerie.dz\/fr\/wp-json\/wp\/v2\/product_brand?post=5083"},{"taxonomy":"product_cat","embeddable":true,"href":"https:\/\/dekkal-quincaillerie.dz\/fr\/wp-json\/wp\/v2\/product_cat?post=5083"},{"taxonomy":"product_tag","embeddable":true,"href":"https:\/\/dekkal-quincaillerie.dz\/fr\/wp-json\/wp\/v2\/product_tag?post=5083"}],"curies":[{"name":"wp","href":"https:\/\/api.w.org\/{rel}","templated":true}]}}