{"id":5008,"date":"2022-03-19T18:59:48","date_gmt":"2022-03-19T18:59:48","guid":{"rendered":"https:\/\/dekkal-quincaillerie.dz\/fr\/index.php\/produit\/rabot-electrique-einhell-rt-pl82\/"},"modified":"2025-03-22T07:16:43","modified_gmt":"2025-03-22T07:16:43","slug":"rabot-electrique-einhell-rt-pl82","status":"publish","type":"product","link":"https:\/\/dekkal-quincaillerie.dz\/fr\/produit\/rabot-electrique-einhell-rt-pl82\/","title":{"rendered":"Rabot \u00e9lectrique 850 W RT-PL82 EINHELL"},"content":{"rendered":"<div class=\"m-item-description\">\n<div>\n<h3>Rabot \u00e9lectrique 850 W RT-PL82 EINHELL<\/h3>\n<\/div>\n<\/div>\n<div class=\"m-item-description\">\n<h4 class=\"m-item-description-title\">Caract\u00e9ristiques :<\/h4>\n<ul class=\"m-list m-list-vertical\" data-v-3b78393b=\"\">\n<li class=\"m-list-item\" data-v-3b78393b=\"\">\n<div data-v-3b78393b=\"\"><span class=\"a-color-gray\">Coloris &#8211;\u00a0<\/span>Rouge.<\/div>\n<\/li>\n<li class=\"m-list-item\" data-v-3b78393b=\"\">\n<div data-v-3b78393b=\"\"><span class=\"a-color-gray\">Epaisseur de feuillure &#8211;\u00a0<\/span>18.00 MM<\/div>\n<\/li>\n<li class=\"m-list-item\" data-v-3b78393b=\"\">\n<div data-v-3b78393b=\"\"><span class=\"a-color-gray\">Fr\u00e9quence d utilisation &#8211;\u00a0<\/span>R\u00e9gulier<\/div>\n<\/li>\n<li class=\"m-list-item\" data-v-3b78393b=\"\">\n<div data-v-3b78393b=\"\"><span class=\"a-color-gray\">Largeur de semelle &#8211;\u00a0<\/span>82 MM<\/div>\n<\/li>\n<li class=\"m-list-item\" data-v-3b78393b=\"\">\n<div data-v-3b78393b=\"\"><span class=\"a-color-gray\">Nombre de fer (s) &#8211;\u00a0<\/span>2<\/div>\n<\/li>\n<li class=\"m-list-item\" data-v-3b78393b=\"\">\n<div data-v-3b78393b=\"\"><span class=\"a-color-gray\">Profondeur maxi de rabotage &#8211;\u00a0<\/span>3.0 MM<\/div>\n<\/li>\n<li class=\"m-list-item\" data-v-3b78393b=\"\">\n<div data-v-3b78393b=\"\"><span class=\"a-color-gray\">Puissance &#8211;\u00a0<\/span>850 W<\/div>\n<\/li>\n<li class=\"m-list-item\" data-v-3b78393b=\"\">\n<div data-v-3b78393b=\"\"><span class=\"a-color-gray\">R\u00e9cup\u00e9ration des poussi\u00e8res &#8211;\u00a0<\/span>Oui par sac<\/div>\n<\/li>\n<li class=\"m-list-item\" data-v-3b78393b=\"\">\n<div data-v-3b78393b=\"\"><span class=\"a-color-gray\">Tours par minute &#8211;\u00a0<\/span>15000 TRS\/MIN<\/div>\n<\/li>\n<\/ul>\n<\/div>\n","protected":false},"excerpt":{"rendered":"<p><img loading=\"lazy\" decoding=\"async\" class=\"alignnone size-medium wp-image-3114\" src=\"https:\/\/dekkal-quincaillerie.com\/dekkal\/wp-content\/uploads\/2021\/05\/b84d3c65a3b882314e921acc166b78d4-300x300.jpeg\" alt=\"\" width=\"300\" height=\"300\" \/> <img loading=\"lazy\" decoding=\"async\" class=\"alignnone size-medium wp-image-3115\" src=\"https:\/\/dekkal-quincaillerie.com\/dekkal\/wp-content\/uploads\/2021\/05\/Einhell-LOGO-1-300x79.jpg\" alt=\"\" width=\"300\" height=\"79\" \/><\/p>\n","protected":false},"featured_media":5009,"template":"","meta":[],"product_brand":[1094],"product_cat":[207],"product_tag":[730,228,732,729],"class_list":{"0":"post-5008","1":"product","2":"type-product","3":"status-publish","4":"has-post-thumbnail","6":"product_brand-einhell","7":"product_cat-menuiserie","8":"product_tag-einhell","9":"product_tag-electrique","10":"product_tag-pl82","11":"product_tag-rabot","13":"first","14":"outofstock","15":"purchasable","16":"product-type-simple"},"yoast_head":"<!-- This site is optimized with the Yoast SEO Premium plugin v20.0 (Yoast SEO v27.5) - https:\/\/yoast.com\/product\/yoast-seo-premium-wordpress\/ -->\n<title>Rabot \u00e9lectrique 850 W RT-PL82 EINHELL - DEKKAL<\/title>\n<meta name=\"robots\" content=\"index, follow, max-snippet:-1, max-image-preview:large, max-video-preview:-1\" \/>\n<link rel=\"canonical\" href=\"https:\/\/dekkal-quincaillerie.dz\/fr\/produit\/rabot-electrique-einhell-rt-pl82\/\" \/>\n<script type=\"application\/ld+json\" class=\"yoast-schema-graph\">{\"@context\":\"https:\\\/\\\/schema.org\",\"@graph\":[{\"@type\":\"WebPage\",\"@id\":\"https:\\\/\\\/dekkal-quincaillerie.dz\\\/fr\\\/produit\\\/rabot-electrique-einhell-rt-pl82\\\/\",\"url\":\"https:\\\/\\\/dekkal-quincaillerie.dz\\\/fr\\\/produit\\\/rabot-electrique-einhell-rt-pl82\\\/\",\"name\":\"Rabot \u00e9lectrique 850 W RT-PL82 EINHELL - DEKKAL\",\"isPartOf\":{\"@id\":\"https:\\\/\\\/dekkal-quincaillerie.dz\\\/fr\\\/#website\"},\"primaryImageOfPage\":{\"@id\":\"https:\\\/\\\/dekkal-quincaillerie.dz\\\/fr\\\/produit\\\/rabot-electrique-einhell-rt-pl82\\\/#primaryimage\"},\"image\":{\"@id\":\"https:\\\/\\\/dekkal-quincaillerie.dz\\\/fr\\\/produit\\\/rabot-electrique-einhell-rt-pl82\\\/#primaryimage\"},\"thumbnailUrl\":\"https:\\\/\\\/dekkal-quincaillerie.dz\\\/fr\\\/wp-content\\\/uploads\\\/2022\\\/03\\\/Einhell-RT-PL-82.avif\",\"datePublished\":\"2022-03-19T18:59:48+00:00\",\"dateModified\":\"2025-03-22T07:16:43+00:00\",\"breadcrumb\":{\"@id\":\"https:\\\/\\\/dekkal-quincaillerie.dz\\\/fr\\\/produit\\\/rabot-electrique-einhell-rt-pl82\\\/#breadcrumb\"},\"inLanguage\":\"fr-FR\",\"potentialAction\":[{\"@type\":\"ReadAction\",\"target\":[\"https:\\\/\\\/dekkal-quincaillerie.dz\\\/fr\\\/produit\\\/rabot-electrique-einhell-rt-pl82\\\/\"]}]},{\"@type\":\"ImageObject\",\"inLanguage\":\"fr-FR\",\"@id\":\"https:\\\/\\\/dekkal-quincaillerie.dz\\\/fr\\\/produit\\\/rabot-electrique-einhell-rt-pl82\\\/#primaryimage\",\"url\":\"https:\\\/\\\/dekkal-quincaillerie.dz\\\/fr\\\/wp-content\\\/uploads\\\/2022\\\/03\\\/Einhell-RT-PL-82.avif\",\"contentUrl\":\"https:\\\/\\\/dekkal-quincaillerie.dz\\\/fr\\\/wp-content\\\/uploads\\\/2022\\\/03\\\/Einhell-RT-PL-82.avif\",\"width\":749,\"height\":527},{\"@type\":\"BreadcrumbList\",\"@id\":\"https:\\\/\\\/dekkal-quincaillerie.dz\\\/fr\\\/produit\\\/rabot-electrique-einhell-rt-pl82\\\/#breadcrumb\",\"itemListElement\":[{\"@type\":\"ListItem\",\"position\":1,\"name\":\"Accueil\",\"item\":\"https:\\\/\\\/dekkal-quincaillerie.dz\\\/fr\\\/\"},{\"@type\":\"ListItem\",\"position\":2,\"name\":\"Boutique\",\"item\":\"https:\\\/\\\/dekkal-quincaillerie.dz\\\/fr\\\/boutique\\\/\"},{\"@type\":\"ListItem\",\"position\":3,\"name\":\"Rabot \u00e9lectrique 850 W RT-PL82 EINHELL\"}]},{\"@type\":\"WebSite\",\"@id\":\"https:\\\/\\\/dekkal-quincaillerie.dz\\\/fr\\\/#website\",\"url\":\"https:\\\/\\\/dekkal-quincaillerie.dz\\\/fr\\\/\",\"name\":\"DEKKAL\",\"description\":\"\",\"publisher\":{\"@id\":\"https:\\\/\\\/dekkal-quincaillerie.dz\\\/fr\\\/#organization\"},\"potentialAction\":[{\"@type\":\"SearchAction\",\"target\":{\"@type\":\"EntryPoint\",\"urlTemplate\":\"https:\\\/\\\/dekkal-quincaillerie.dz\\\/fr\\\/?s={search_term_string}\"},\"query-input\":{\"@type\":\"PropertyValueSpecification\",\"valueRequired\":true,\"valueName\":\"search_term_string\"}}],\"inLanguage\":\"fr-FR\"},{\"@type\":\"Organization\",\"@id\":\"https:\\\/\\\/dekkal-quincaillerie.dz\\\/fr\\\/#organization\",\"name\":\"DEKKAL QUINCAILLERIE\",\"url\":\"https:\\\/\\\/dekkal-quincaillerie.dz\\\/fr\\\/\",\"logo\":{\"@type\":\"ImageObject\",\"inLanguage\":\"fr-FR\",\"@id\":\"https:\\\/\\\/dekkal-quincaillerie.dz\\\/fr\\\/#\\\/schema\\\/logo\\\/image\\\/\",\"url\":\"https:\\\/\\\/dekkal-quincaillerie.dz\\\/fr\\\/wp-content\\\/uploads\\\/2022\\\/03\\\/image_2022-03-19_172411.png\",\"contentUrl\":\"https:\\\/\\\/dekkal-quincaillerie.dz\\\/fr\\\/wp-content\\\/uploads\\\/2022\\\/03\\\/image_2022-03-19_172411.png\",\"width\":851,\"height\":315,\"caption\":\"DEKKAL QUINCAILLERIE\"},\"image\":{\"@id\":\"https:\\\/\\\/dekkal-quincaillerie.dz\\\/fr\\\/#\\\/schema\\\/logo\\\/image\\\/\"},\"sameAs\":[\"https:\\\/\\\/www.facebook.com\\\/ets.dekkal.1\",\"https:\\\/\\\/www.instagram.com\\\/ets.dekkal\\\/\"]}]}<\/script>\n<!-- \/ Yoast SEO Premium plugin. -->","yoast_head_json":{"title":"Rabot \u00e9lectrique 850 W RT-PL82 EINHELL - DEKKAL","robots":{"index":"index","follow":"follow","max-snippet":"max-snippet:-1","max-image-preview":"max-image-preview:large","max-video-preview":"max-video-preview:-1"},"canonical":"https:\/\/dekkal-quincaillerie.dz\/fr\/produit\/rabot-electrique-einhell-rt-pl82\/","schema":{"@context":"https:\/\/schema.org","@graph":[{"@type":"WebPage","@id":"https:\/\/dekkal-quincaillerie.dz\/fr\/produit\/rabot-electrique-einhell-rt-pl82\/","url":"https:\/\/dekkal-quincaillerie.dz\/fr\/produit\/rabot-electrique-einhell-rt-pl82\/","name":"Rabot \u00e9lectrique 850 W RT-PL82 EINHELL - DEKKAL","isPartOf":{"@id":"https:\/\/dekkal-quincaillerie.dz\/fr\/#website"},"primaryImageOfPage":{"@id":"https:\/\/dekkal-quincaillerie.dz\/fr\/produit\/rabot-electrique-einhell-rt-pl82\/#primaryimage"},"image":{"@id":"https:\/\/dekkal-quincaillerie.dz\/fr\/produit\/rabot-electrique-einhell-rt-pl82\/#primaryimage"},"thumbnailUrl":"https:\/\/dekkal-quincaillerie.dz\/fr\/wp-content\/uploads\/2022\/03\/Einhell-RT-PL-82.avif","datePublished":"2022-03-19T18:59:48+00:00","dateModified":"2025-03-22T07:16:43+00:00","breadcrumb":{"@id":"https:\/\/dekkal-quincaillerie.dz\/fr\/produit\/rabot-electrique-einhell-rt-pl82\/#breadcrumb"},"inLanguage":"fr-FR","potentialAction":[{"@type":"ReadAction","target":["https:\/\/dekkal-quincaillerie.dz\/fr\/produit\/rabot-electrique-einhell-rt-pl82\/"]}]},{"@type":"ImageObject","inLanguage":"fr-FR","@id":"https:\/\/dekkal-quincaillerie.dz\/fr\/produit\/rabot-electrique-einhell-rt-pl82\/#primaryimage","url":"https:\/\/dekkal-quincaillerie.dz\/fr\/wp-content\/uploads\/2022\/03\/Einhell-RT-PL-82.avif","contentUrl":"https:\/\/dekkal-quincaillerie.dz\/fr\/wp-content\/uploads\/2022\/03\/Einhell-RT-PL-82.avif","width":749,"height":527},{"@type":"BreadcrumbList","@id":"https:\/\/dekkal-quincaillerie.dz\/fr\/produit\/rabot-electrique-einhell-rt-pl82\/#breadcrumb","itemListElement":[{"@type":"ListItem","position":1,"name":"Accueil","item":"https:\/\/dekkal-quincaillerie.dz\/fr\/"},{"@type":"ListItem","position":2,"name":"Boutique","item":"https:\/\/dekkal-quincaillerie.dz\/fr\/boutique\/"},{"@type":"ListItem","position":3,"name":"Rabot \u00e9lectrique 850 W RT-PL82 EINHELL"}]},{"@type":"WebSite","@id":"https:\/\/dekkal-quincaillerie.dz\/fr\/#website","url":"https:\/\/dekkal-quincaillerie.dz\/fr\/","name":"DEKKAL","description":"","publisher":{"@id":"https:\/\/dekkal-quincaillerie.dz\/fr\/#organization"},"potentialAction":[{"@type":"SearchAction","target":{"@type":"EntryPoint","urlTemplate":"https:\/\/dekkal-quincaillerie.dz\/fr\/?s={search_term_string}"},"query-input":{"@type":"PropertyValueSpecification","valueRequired":true,"valueName":"search_term_string"}}],"inLanguage":"fr-FR"},{"@type":"Organization","@id":"https:\/\/dekkal-quincaillerie.dz\/fr\/#organization","name":"DEKKAL QUINCAILLERIE","url":"https:\/\/dekkal-quincaillerie.dz\/fr\/","logo":{"@type":"ImageObject","inLanguage":"fr-FR","@id":"https:\/\/dekkal-quincaillerie.dz\/fr\/#\/schema\/logo\/image\/","url":"https:\/\/dekkal-quincaillerie.dz\/fr\/wp-content\/uploads\/2022\/03\/image_2022-03-19_172411.png","contentUrl":"https:\/\/dekkal-quincaillerie.dz\/fr\/wp-content\/uploads\/2022\/03\/image_2022-03-19_172411.png","width":851,"height":315,"caption":"DEKKAL QUINCAILLERIE"},"image":{"@id":"https:\/\/dekkal-quincaillerie.dz\/fr\/#\/schema\/logo\/image\/"},"sameAs":["https:\/\/www.facebook.com\/ets.dekkal.1","https:\/\/www.instagram.com\/ets.dekkal\/"]}]}},"_links":{"self":[{"href":"https:\/\/dekkal-quincaillerie.dz\/fr\/wp-json\/wp\/v2\/product\/5008","targetHints":{"allow":["GET"]}}],"collection":[{"href":"https:\/\/dekkal-quincaillerie.dz\/fr\/wp-json\/wp\/v2\/product"}],"about":[{"href":"https:\/\/dekkal-quincaillerie.dz\/fr\/wp-json\/wp\/v2\/types\/product"}],"wp:featuredmedia":[{"embeddable":true,"href":"https:\/\/dekkal-quincaillerie.dz\/fr\/wp-json\/wp\/v2\/media\/5009"}],"wp:attachment":[{"href":"https:\/\/dekkal-quincaillerie.dz\/fr\/wp-json\/wp\/v2\/media?parent=5008"}],"wp:term":[{"taxonomy":"product_brand","embeddable":true,"href":"https:\/\/dekkal-quincaillerie.dz\/fr\/wp-json\/wp\/v2\/product_brand?post=5008"},{"taxonomy":"product_cat","embeddable":true,"href":"https:\/\/dekkal-quincaillerie.dz\/fr\/wp-json\/wp\/v2\/product_cat?post=5008"},{"taxonomy":"product_tag","embeddable":true,"href":"https:\/\/dekkal-quincaillerie.dz\/fr\/wp-json\/wp\/v2\/product_tag?post=5008"}],"curies":[{"name":"wp","href":"https:\/\/api.w.org\/{rel}","templated":true}]}}