{"id":4985,"date":"2022-03-19T18:59:17","date_gmt":"2022-03-19T18:59:17","guid":{"rendered":"https:\/\/dekkal-quincaillerie.dz\/fr\/index.php\/produit\/debroussailleuse-a-essence-1250-w-crown-ct20050\/"},"modified":"2025-06-16T08:12:26","modified_gmt":"2025-06-16T08:12:26","slug":"debroussailleuse-a-essence-1250-w-crown-ct20050","status":"publish","type":"product","link":"https:\/\/dekkal-quincaillerie.dz\/fr\/produit\/debroussailleuse-a-essence-1250-w-crown-ct20050\/","title":{"rendered":"DEBROUSSAILLEUSE ESSENCE 1250W CT20050 CROWN"},"content":{"rendered":"<h3>D\u00e9broussailleuse \u00e0 essence 1250W CT20050 CROWN<\/h3>\n<p>D\u00e9broussailleuse \u00e0 d\u00e9marrage facile, avec poign\u00e9e en U et est dot\u00e9e d&rsquo;une plaque de protection en m\u00e9tal qui prot\u00e8ge le r\u00e9servoir de carburant. La d\u00e9broussailleuse contient une pompe d&rsquo;amor\u00e7age, et une bobine en nylon avec une lame en 3T.<\/p>\n<h4>Caract\u00e9ristiques:<\/h4>\n<ul>\n<li>Moteur: 1 cylindre, 2 temps, 42.7 CM3, refroidissement \u00e0 l&rsquo;air,<\/li>\n<li>Largeur de coupe de la lame: 255 MM,<\/li>\n<li>Largeur de coupe de ligne en nylon: 430 MM,<\/li>\n<li>Capacit\u00e9 du r\u00e9servoir de carburant: 1.1 L,<\/li>\n<li>Poids: 7.8 KG.<\/li>\n<\/ul>\n","protected":false},"excerpt":{"rendered":"<p>D\u00e9broussailleuse \u00e0 essence 1250W CT20050 CROWN D\u00e9broussailleuse \u00e0 d\u00e9marrage facile, avec poign\u00e9e en U et est dot\u00e9e d&rsquo;une plaque de protection en m\u00e9tal qui prot\u00e8ge le r\u00e9servoir de carburant. La d\u00e9broussailleuse contient une pompe d&rsquo;amor\u00e7age, et une bobine en nylon avec une lame en 3T. Caract\u00e9ristiques: Moteur: 1 cylindre, 2 temps, 42.7 CM3, refroidissement \u00e0 [&hellip;]<\/p>\n","protected":false},"featured_media":4986,"template":"","meta":[],"product_brand":[1113],"product_cat":[347],"product_tag":[210,518,714],"class_list":{"0":"post-4985","1":"product","2":"type-product","3":"status-publish","4":"has-post-thumbnail","6":"product_brand-crown","7":"product_cat-jardinage","8":"product_tag-crown","9":"product_tag-debroussailleuse","10":"product_tag-essence","12":"first","13":"instock","14":"purchasable","15":"product-type-simple"},"yoast_head":"<!-- This site is optimized with the Yoast SEO Premium plugin v20.0 (Yoast SEO v27.4) - https:\/\/yoast.com\/product\/yoast-seo-premium-wordpress\/ -->\n<title>DEBROUSSAILLEUSE ESSENCE 1250W CT20050 CROWN - DEKKAL<\/title>\n<meta name=\"description\" content=\"DEBROUSSAILLEUSE ESSENCE 1250W CT20050 CROWN - moteur 1 cylindre, 2 temps, 42.7 cm3. Outillage de jardinage et d\u00e9sherbage. 0561.79.28.59\" \/>\n<meta name=\"robots\" content=\"index, follow, max-snippet:-1, max-image-preview:large, max-video-preview:-1\" \/>\n<link rel=\"canonical\" href=\"https:\/\/dekkal-quincaillerie.dz\/fr\/produit\/debroussailleuse-a-essence-1250-w-crown-ct20050\/\" \/>\n<script type=\"application\/ld+json\" class=\"yoast-schema-graph\">{\"@context\":\"https:\\\/\\\/schema.org\",\"@graph\":[{\"@type\":\"WebPage\",\"@id\":\"https:\\\/\\\/dekkal-quincaillerie.dz\\\/fr\\\/produit\\\/debroussailleuse-a-essence-1250-w-crown-ct20050\\\/\",\"url\":\"https:\\\/\\\/dekkal-quincaillerie.dz\\\/fr\\\/produit\\\/debroussailleuse-a-essence-1250-w-crown-ct20050\\\/\",\"name\":\"DEBROUSSAILLEUSE ESSENCE 1250W CT20050 CROWN - DEKKAL\",\"isPartOf\":{\"@id\":\"https:\\\/\\\/dekkal-quincaillerie.dz\\\/fr\\\/#website\"},\"primaryImageOfPage\":{\"@id\":\"https:\\\/\\\/dekkal-quincaillerie.dz\\\/fr\\\/produit\\\/debroussailleuse-a-essence-1250-w-crown-ct20050\\\/#primaryimage\"},\"image\":{\"@id\":\"https:\\\/\\\/dekkal-quincaillerie.dz\\\/fr\\\/produit\\\/debroussailleuse-a-essence-1250-w-crown-ct20050\\\/#primaryimage\"},\"thumbnailUrl\":\"https:\\\/\\\/dekkal-quincaillerie.dz\\\/fr\\\/wp-content\\\/uploads\\\/2022\\\/03\\\/Capture.avif\",\"datePublished\":\"2022-03-19T18:59:17+00:00\",\"dateModified\":\"2025-06-16T08:12:26+00:00\",\"description\":\"DEBROUSSAILLEUSE ESSENCE 1250W CT20050 CROWN - moteur 1 cylindre, 2 temps, 42.7 cm3. Outillage de jardinage et d\u00e9sherbage. 0561.79.28.59\",\"breadcrumb\":{\"@id\":\"https:\\\/\\\/dekkal-quincaillerie.dz\\\/fr\\\/produit\\\/debroussailleuse-a-essence-1250-w-crown-ct20050\\\/#breadcrumb\"},\"inLanguage\":\"fr-FR\",\"potentialAction\":[{\"@type\":\"ReadAction\",\"target\":[\"https:\\\/\\\/dekkal-quincaillerie.dz\\\/fr\\\/produit\\\/debroussailleuse-a-essence-1250-w-crown-ct20050\\\/\"]}]},{\"@type\":\"ImageObject\",\"inLanguage\":\"fr-FR\",\"@id\":\"https:\\\/\\\/dekkal-quincaillerie.dz\\\/fr\\\/produit\\\/debroussailleuse-a-essence-1250-w-crown-ct20050\\\/#primaryimage\",\"url\":\"https:\\\/\\\/dekkal-quincaillerie.dz\\\/fr\\\/wp-content\\\/uploads\\\/2022\\\/03\\\/Capture.avif\",\"contentUrl\":\"https:\\\/\\\/dekkal-quincaillerie.dz\\\/fr\\\/wp-content\\\/uploads\\\/2022\\\/03\\\/Capture.avif\",\"width\":602,\"height\":465,\"caption\":\"DEBROUSSAILLEUSE ESSENCE 1400W CT20051 CROWN\"},{\"@type\":\"BreadcrumbList\",\"@id\":\"https:\\\/\\\/dekkal-quincaillerie.dz\\\/fr\\\/produit\\\/debroussailleuse-a-essence-1250-w-crown-ct20050\\\/#breadcrumb\",\"itemListElement\":[{\"@type\":\"ListItem\",\"position\":1,\"name\":\"Accueil\",\"item\":\"https:\\\/\\\/dekkal-quincaillerie.dz\\\/fr\\\/\"},{\"@type\":\"ListItem\",\"position\":2,\"name\":\"Boutique\",\"item\":\"https:\\\/\\\/dekkal-quincaillerie.dz\\\/fr\\\/boutique\\\/\"},{\"@type\":\"ListItem\",\"position\":3,\"name\":\"DEBROUSSAILLEUSE ESSENCE 1250W CT20050 CROWN\"}]},{\"@type\":\"WebSite\",\"@id\":\"https:\\\/\\\/dekkal-quincaillerie.dz\\\/fr\\\/#website\",\"url\":\"https:\\\/\\\/dekkal-quincaillerie.dz\\\/fr\\\/\",\"name\":\"DEKKAL\",\"description\":\"\",\"publisher\":{\"@id\":\"https:\\\/\\\/dekkal-quincaillerie.dz\\\/fr\\\/#organization\"},\"potentialAction\":[{\"@type\":\"SearchAction\",\"target\":{\"@type\":\"EntryPoint\",\"urlTemplate\":\"https:\\\/\\\/dekkal-quincaillerie.dz\\\/fr\\\/?s={search_term_string}\"},\"query-input\":{\"@type\":\"PropertyValueSpecification\",\"valueRequired\":true,\"valueName\":\"search_term_string\"}}],\"inLanguage\":\"fr-FR\"},{\"@type\":\"Organization\",\"@id\":\"https:\\\/\\\/dekkal-quincaillerie.dz\\\/fr\\\/#organization\",\"name\":\"DEKKAL QUINCAILLERIE\",\"url\":\"https:\\\/\\\/dekkal-quincaillerie.dz\\\/fr\\\/\",\"logo\":{\"@type\":\"ImageObject\",\"inLanguage\":\"fr-FR\",\"@id\":\"https:\\\/\\\/dekkal-quincaillerie.dz\\\/fr\\\/#\\\/schema\\\/logo\\\/image\\\/\",\"url\":\"https:\\\/\\\/dekkal-quincaillerie.dz\\\/fr\\\/wp-content\\\/uploads\\\/2022\\\/03\\\/image_2022-03-19_172411.png\",\"contentUrl\":\"https:\\\/\\\/dekkal-quincaillerie.dz\\\/fr\\\/wp-content\\\/uploads\\\/2022\\\/03\\\/image_2022-03-19_172411.png\",\"width\":851,\"height\":315,\"caption\":\"DEKKAL QUINCAILLERIE\"},\"image\":{\"@id\":\"https:\\\/\\\/dekkal-quincaillerie.dz\\\/fr\\\/#\\\/schema\\\/logo\\\/image\\\/\"},\"sameAs\":[\"https:\\\/\\\/www.facebook.com\\\/ets.dekkal.1\",\"https:\\\/\\\/www.instagram.com\\\/ets.dekkal\\\/\"]}]}<\/script>\n<!-- \/ Yoast SEO Premium plugin. -->","yoast_head_json":{"title":"DEBROUSSAILLEUSE ESSENCE 1250W CT20050 CROWN - DEKKAL","description":"DEBROUSSAILLEUSE ESSENCE 1250W CT20050 CROWN - moteur 1 cylindre, 2 temps, 42.7 cm3. Outillage de jardinage et d\u00e9sherbage. 0561.79.28.59","robots":{"index":"index","follow":"follow","max-snippet":"max-snippet:-1","max-image-preview":"max-image-preview:large","max-video-preview":"max-video-preview:-1"},"canonical":"https:\/\/dekkal-quincaillerie.dz\/fr\/produit\/debroussailleuse-a-essence-1250-w-crown-ct20050\/","schema":{"@context":"https:\/\/schema.org","@graph":[{"@type":"WebPage","@id":"https:\/\/dekkal-quincaillerie.dz\/fr\/produit\/debroussailleuse-a-essence-1250-w-crown-ct20050\/","url":"https:\/\/dekkal-quincaillerie.dz\/fr\/produit\/debroussailleuse-a-essence-1250-w-crown-ct20050\/","name":"DEBROUSSAILLEUSE ESSENCE 1250W CT20050 CROWN - DEKKAL","isPartOf":{"@id":"https:\/\/dekkal-quincaillerie.dz\/fr\/#website"},"primaryImageOfPage":{"@id":"https:\/\/dekkal-quincaillerie.dz\/fr\/produit\/debroussailleuse-a-essence-1250-w-crown-ct20050\/#primaryimage"},"image":{"@id":"https:\/\/dekkal-quincaillerie.dz\/fr\/produit\/debroussailleuse-a-essence-1250-w-crown-ct20050\/#primaryimage"},"thumbnailUrl":"https:\/\/dekkal-quincaillerie.dz\/fr\/wp-content\/uploads\/2022\/03\/Capture.avif","datePublished":"2022-03-19T18:59:17+00:00","dateModified":"2025-06-16T08:12:26+00:00","description":"DEBROUSSAILLEUSE ESSENCE 1250W CT20050 CROWN - moteur 1 cylindre, 2 temps, 42.7 cm3. Outillage de jardinage et d\u00e9sherbage. 0561.79.28.59","breadcrumb":{"@id":"https:\/\/dekkal-quincaillerie.dz\/fr\/produit\/debroussailleuse-a-essence-1250-w-crown-ct20050\/#breadcrumb"},"inLanguage":"fr-FR","potentialAction":[{"@type":"ReadAction","target":["https:\/\/dekkal-quincaillerie.dz\/fr\/produit\/debroussailleuse-a-essence-1250-w-crown-ct20050\/"]}]},{"@type":"ImageObject","inLanguage":"fr-FR","@id":"https:\/\/dekkal-quincaillerie.dz\/fr\/produit\/debroussailleuse-a-essence-1250-w-crown-ct20050\/#primaryimage","url":"https:\/\/dekkal-quincaillerie.dz\/fr\/wp-content\/uploads\/2022\/03\/Capture.avif","contentUrl":"https:\/\/dekkal-quincaillerie.dz\/fr\/wp-content\/uploads\/2022\/03\/Capture.avif","width":602,"height":465,"caption":"DEBROUSSAILLEUSE ESSENCE 1400W CT20051 CROWN"},{"@type":"BreadcrumbList","@id":"https:\/\/dekkal-quincaillerie.dz\/fr\/produit\/debroussailleuse-a-essence-1250-w-crown-ct20050\/#breadcrumb","itemListElement":[{"@type":"ListItem","position":1,"name":"Accueil","item":"https:\/\/dekkal-quincaillerie.dz\/fr\/"},{"@type":"ListItem","position":2,"name":"Boutique","item":"https:\/\/dekkal-quincaillerie.dz\/fr\/boutique\/"},{"@type":"ListItem","position":3,"name":"DEBROUSSAILLEUSE ESSENCE 1250W CT20050 CROWN"}]},{"@type":"WebSite","@id":"https:\/\/dekkal-quincaillerie.dz\/fr\/#website","url":"https:\/\/dekkal-quincaillerie.dz\/fr\/","name":"DEKKAL","description":"","publisher":{"@id":"https:\/\/dekkal-quincaillerie.dz\/fr\/#organization"},"potentialAction":[{"@type":"SearchAction","target":{"@type":"EntryPoint","urlTemplate":"https:\/\/dekkal-quincaillerie.dz\/fr\/?s={search_term_string}"},"query-input":{"@type":"PropertyValueSpecification","valueRequired":true,"valueName":"search_term_string"}}],"inLanguage":"fr-FR"},{"@type":"Organization","@id":"https:\/\/dekkal-quincaillerie.dz\/fr\/#organization","name":"DEKKAL QUINCAILLERIE","url":"https:\/\/dekkal-quincaillerie.dz\/fr\/","logo":{"@type":"ImageObject","inLanguage":"fr-FR","@id":"https:\/\/dekkal-quincaillerie.dz\/fr\/#\/schema\/logo\/image\/","url":"https:\/\/dekkal-quincaillerie.dz\/fr\/wp-content\/uploads\/2022\/03\/image_2022-03-19_172411.png","contentUrl":"https:\/\/dekkal-quincaillerie.dz\/fr\/wp-content\/uploads\/2022\/03\/image_2022-03-19_172411.png","width":851,"height":315,"caption":"DEKKAL QUINCAILLERIE"},"image":{"@id":"https:\/\/dekkal-quincaillerie.dz\/fr\/#\/schema\/logo\/image\/"},"sameAs":["https:\/\/www.facebook.com\/ets.dekkal.1","https:\/\/www.instagram.com\/ets.dekkal\/"]}]}},"_links":{"self":[{"href":"https:\/\/dekkal-quincaillerie.dz\/fr\/wp-json\/wp\/v2\/product\/4985","targetHints":{"allow":["GET"]}}],"collection":[{"href":"https:\/\/dekkal-quincaillerie.dz\/fr\/wp-json\/wp\/v2\/product"}],"about":[{"href":"https:\/\/dekkal-quincaillerie.dz\/fr\/wp-json\/wp\/v2\/types\/product"}],"wp:featuredmedia":[{"embeddable":true,"href":"https:\/\/dekkal-quincaillerie.dz\/fr\/wp-json\/wp\/v2\/media\/4986"}],"wp:attachment":[{"href":"https:\/\/dekkal-quincaillerie.dz\/fr\/wp-json\/wp\/v2\/media?parent=4985"}],"wp:term":[{"taxonomy":"product_brand","embeddable":true,"href":"https:\/\/dekkal-quincaillerie.dz\/fr\/wp-json\/wp\/v2\/product_brand?post=4985"},{"taxonomy":"product_cat","embeddable":true,"href":"https:\/\/dekkal-quincaillerie.dz\/fr\/wp-json\/wp\/v2\/product_cat?post=4985"},{"taxonomy":"product_tag","embeddable":true,"href":"https:\/\/dekkal-quincaillerie.dz\/fr\/wp-json\/wp\/v2\/product_tag?post=4985"}],"curies":[{"name":"wp","href":"https:\/\/api.w.org\/{rel}","templated":true}]}}